{"id":14905,"date":"2024-05-17T14:35:49","date_gmt":"2024-05-17T06:35:49","guid":{"rendered":"https:\/\/insurepart.com\/?post_type=product&#038;p=14905"},"modified":"2026-01-06T10:12:42","modified_gmt":"2026-01-06T02:12:42","slug":"emi-airking-pro-true-noise-canceling-touch-screen-bluetooth-headphones","status":"publish","type":"product","link":"https:\/\/www.dt-smart.com\/de\/produkt\/emi-airking-pro-true-noise-canceling-touch-screen-bluetooth-headphones\/","title":{"rendered":"AirKing Pro True Wireless Kopfh\u00f6rer \u2013 ANC mit Touch-Steuerung, Hi-Res-Audio-zertifiziert, 40 Stunden Wiedergabezeit. Schneller Versand."},"content":{"rendered":"<p style=\"text-align: center;\"><img fetchpriority=\"high\" decoding=\"async\" class=\"alignnone wp-image-14907\" src=\"https:\/\/insurepart.com\/wp-content\/uploads\/2024\/05\/1-1.jpg\" alt=\"\" width=\"789\" height=\"1033\" srcset=\"https:\/\/www.dt-smart.com\/wp-content\/uploads\/2024\/05\/1-1.jpg 1080w, https:\/\/www.dt-smart.com\/wp-content\/uploads\/2024\/05\/1-1-300x393.jpg 300w, https:\/\/www.dt-smart.com\/wp-content\/uploads\/2024\/05\/1-1-150x196.jpg 150w, https:\/\/www.dt-smart.com\/wp-content\/uploads\/2024\/05\/1-1-800x1047.jpg 800w, https:\/\/www.dt-smart.com\/wp-content\/uploads\/2024\/05\/1-1-229x300.jpg 229w, https:\/\/www.dt-smart.com\/wp-content\/uploads\/2024\/05\/1-1-782x1024.jpg 782w, https:\/\/www.dt-smart.com\/wp-content\/uploads\/2024\/05\/1-1-768x1006.jpg 768w, https:\/\/www.dt-smart.com\/wp-content\/uploads\/2024\/05\/1-1-9x12.jpg 9w\" sizes=\"(max-width: 789px) 100vw, 789px\" \/> <img decoding=\"async\" class=\"alignnone wp-image-14908\" src=\"https:\/\/insurepart.com\/wp-content\/uploads\/2024\/05\/2-1.png\" alt=\"\" width=\"789\" height=\"1422\" srcset=\"https:\/\/www.dt-smart.com\/wp-content\/uploads\/2024\/05\/2-1.png 832w, https:\/\/www.dt-smart.com\/wp-content\/uploads\/2024\/05\/2-1-300x541.png 300w, https:\/\/www.dt-smart.com\/wp-content\/uploads\/2024\/05\/2-1-150x270.png 150w, https:\/\/www.dt-smart.com\/wp-content\/uploads\/2024\/05\/2-1-800x1442.png 800w, https:\/\/www.dt-smart.com\/wp-content\/uploads\/2024\/05\/2-1-166x300.png 166w, https:\/\/www.dt-smart.com\/wp-content\/uploads\/2024\/05\/2-1-568x1024.png 568w, https:\/\/www.dt-smart.com\/wp-content\/uploads\/2024\/05\/2-1-768x1385.png 768w, https:\/\/www.dt-smart.com\/wp-content\/uploads\/2024\/05\/2-1-7x12.png 7w\" sizes=\"(max-width: 789px) 100vw, 789px\" \/> <img decoding=\"async\" class=\"alignnone wp-image-14909\" src=\"https:\/\/insurepart.com\/wp-content\/uploads\/2024\/05\/3-1.png\" alt=\"\" width=\"789\" height=\"1143\" srcset=\"https:\/\/www.dt-smart.com\/wp-content\/uploads\/2024\/05\/3-1.png 1035w, https:\/\/www.dt-smart.com\/wp-content\/uploads\/2024\/05\/3-1-300x435.png 300w, https:\/\/www.dt-smart.com\/wp-content\/uploads\/2024\/05\/3-1-150x217.png 150w, https:\/\/www.dt-smart.com\/wp-content\/uploads\/2024\/05\/3-1-800x1159.png 800w, https:\/\/www.dt-smart.com\/wp-content\/uploads\/2024\/05\/3-1-207x300.png 207w, https:\/\/www.dt-smart.com\/wp-content\/uploads\/2024\/05\/3-1-707x1024.png 707w, https:\/\/www.dt-smart.com\/wp-content\/uploads\/2024\/05\/3-1-768x1113.png 768w, https:\/\/www.dt-smart.com\/wp-content\/uploads\/2024\/05\/3-1-8x12.png 8w\" sizes=\"(max-width: 789px) 100vw, 789px\" \/> <img loading=\"lazy\" decoding=\"async\" class=\"alignnone wp-image-14910\" src=\"https:\/\/insurepart.com\/wp-content\/uploads\/2024\/05\/4-1.png\" alt=\"\" width=\"789\" height=\"1226\" srcset=\"https:\/\/www.dt-smart.com\/wp-content\/uploads\/2024\/05\/4-1.png 965w, https:\/\/www.dt-smart.com\/wp-content\/uploads\/2024\/05\/4-1-300x466.png 300w, https:\/\/www.dt-smart.com\/wp-content\/uploads\/2024\/05\/4-1-150x233.png 150w, https:\/\/www.dt-smart.com\/wp-content\/uploads\/2024\/05\/4-1-800x1243.png 800w, https:\/\/www.dt-smart.com\/wp-content\/uploads\/2024\/05\/4-1-193x300.png 193w, https:\/\/www.dt-smart.com\/wp-content\/uploads\/2024\/05\/4-1-659x1024.png 659w, https:\/\/www.dt-smart.com\/wp-content\/uploads\/2024\/05\/4-1-768x1193.png 768w, https:\/\/www.dt-smart.com\/wp-content\/uploads\/2024\/05\/4-1-8x12.png 8w\" sizes=\"(max-width: 789px) 100vw, 789px\" \/> <img loading=\"lazy\" decoding=\"async\" class=\"alignnone wp-image-14912\" src=\"https:\/\/insurepart.com\/wp-content\/uploads\/2024\/05\/5-1.png\" alt=\"\" width=\"789\" height=\"1208\" srcset=\"https:\/\/www.dt-smart.com\/wp-content\/uploads\/2024\/05\/5-1.png 980w, https:\/\/www.dt-smart.com\/wp-content\/uploads\/2024\/05\/5-1-300x459.png 300w, https:\/\/www.dt-smart.com\/wp-content\/uploads\/2024\/05\/5-1-150x230.png 150w, https:\/\/www.dt-smart.com\/wp-content\/uploads\/2024\/05\/5-1-800x1224.png 800w, https:\/\/www.dt-smart.com\/wp-content\/uploads\/2024\/05\/5-1-196x300.png 196w, https:\/\/www.dt-smart.com\/wp-content\/uploads\/2024\/05\/5-1-669x1024.png 669w, https:\/\/www.dt-smart.com\/wp-content\/uploads\/2024\/05\/5-1-768x1176.png 768w, https:\/\/www.dt-smart.com\/wp-content\/uploads\/2024\/05\/5-1-8x12.png 8w\" sizes=\"(max-width: 789px) 100vw, 789px\" \/> <img loading=\"lazy\" decoding=\"async\" class=\"alignnone wp-image-14913\" src=\"https:\/\/insurepart.com\/wp-content\/uploads\/2024\/05\/6-1.png\" alt=\"\" width=\"789\" height=\"1120\" srcset=\"https:\/\/www.dt-smart.com\/wp-content\/uploads\/2024\/05\/6-1.png 1056w, https:\/\/www.dt-smart.com\/wp-content\/uploads\/2024\/05\/6-1-300x426.png 300w, https:\/\/www.dt-smart.com\/wp-content\/uploads\/2024\/05\/6-1-150x213.png 150w, https:\/\/www.dt-smart.com\/wp-content\/uploads\/2024\/05\/6-1-800x1136.png 800w, https:\/\/www.dt-smart.com\/wp-content\/uploads\/2024\/05\/6-1-211x300.png 211w, https:\/\/www.dt-smart.com\/wp-content\/uploads\/2024\/05\/6-1-721x1024.png 721w, https:\/\/www.dt-smart.com\/wp-content\/uploads\/2024\/05\/6-1-768x1090.png 768w, https:\/\/www.dt-smart.com\/wp-content\/uploads\/2024\/05\/6-1-8x12.png 8w\" sizes=\"(max-width: 789px) 100vw, 789px\" \/> <img loading=\"lazy\" decoding=\"async\" class=\"alignnone wp-image-14914\" src=\"https:\/\/insurepart.com\/wp-content\/uploads\/2024\/05\/7-1.png\" alt=\"\" width=\"789\" height=\"1259\" srcset=\"https:\/\/www.dt-smart.com\/wp-content\/uploads\/2024\/05\/7-1.png 940w, https:\/\/www.dt-smart.com\/wp-content\/uploads\/2024\/05\/7-1-300x479.png 300w, https:\/\/www.dt-smart.com\/wp-content\/uploads\/2024\/05\/7-1-150x239.png 150w, https:\/\/www.dt-smart.com\/wp-content\/uploads\/2024\/05\/7-1-800x1277.png 800w, https:\/\/www.dt-smart.com\/wp-content\/uploads\/2024\/05\/7-1-188x300.png 188w, https:\/\/www.dt-smart.com\/wp-content\/uploads\/2024\/05\/7-1-642x1024.png 642w, https:\/\/www.dt-smart.com\/wp-content\/uploads\/2024\/05\/7-1-768x1226.png 768w, https:\/\/www.dt-smart.com\/wp-content\/uploads\/2024\/05\/7-1-8x12.png 8w\" sizes=\"(max-width: 789px) 100vw, 789px\" \/> <img loading=\"lazy\" decoding=\"async\" class=\"alignnone wp-image-14915\" src=\"https:\/\/insurepart.com\/wp-content\/uploads\/2024\/05\/8-1.jpg\" alt=\"\" width=\"789\" height=\"1269\" srcset=\"https:\/\/www.dt-smart.com\/wp-content\/uploads\/2024\/05\/8-1.jpg 932w, https:\/\/www.dt-smart.com\/wp-content\/uploads\/2024\/05\/8-1-300x483.jpg 300w, https:\/\/www.dt-smart.com\/wp-content\/uploads\/2024\/05\/8-1-150x241.jpg 150w, https:\/\/www.dt-smart.com\/wp-content\/uploads\/2024\/05\/8-1-800x1287.jpg 800w, https:\/\/www.dt-smart.com\/wp-content\/uploads\/2024\/05\/8-1-187x300.jpg 187w, https:\/\/www.dt-smart.com\/wp-content\/uploads\/2024\/05\/8-1-637x1024.jpg 637w, https:\/\/www.dt-smart.com\/wp-content\/uploads\/2024\/05\/8-1-768x1235.jpg 768w, https:\/\/www.dt-smart.com\/wp-content\/uploads\/2024\/05\/8-1-7x12.jpg 7w\" sizes=\"(max-width: 789px) 100vw, 789px\" \/> <img loading=\"lazy\" decoding=\"async\" class=\"alignnone size-full wp-image-14916\" src=\"https:\/\/insurepart.com\/wp-content\/uploads\/2024\/05\/9-1.png\" alt=\"\" width=\"789\" height=\"1500\" srcset=\"https:\/\/www.dt-smart.com\/wp-content\/uploads\/2024\/05\/9-1.png 789w, https:\/\/www.dt-smart.com\/wp-content\/uploads\/2024\/05\/9-1-300x570.png 300w, https:\/\/www.dt-smart.com\/wp-content\/uploads\/2024\/05\/9-1-150x285.png 150w, https:\/\/www.dt-smart.com\/wp-content\/uploads\/2024\/05\/9-1-600x1141.png 600w, https:\/\/www.dt-smart.com\/wp-content\/uploads\/2024\/05\/9-1-158x300.png 158w, https:\/\/www.dt-smart.com\/wp-content\/uploads\/2024\/05\/9-1-539x1024.png 539w, https:\/\/www.dt-smart.com\/wp-content\/uploads\/2024\/05\/9-1-768x1460.png 768w, https:\/\/www.dt-smart.com\/wp-content\/uploads\/2024\/05\/9-1-6x12.png 6w\" sizes=\"(max-width: 789px) 100vw, 789px\" \/> <img loading=\"lazy\" decoding=\"async\" class=\"alignnone wp-image-14917\" src=\"https:\/\/insurepart.com\/wp-content\/uploads\/2024\/05\/10-1.png\" alt=\"\" width=\"789\" height=\"1485\" srcset=\"https:\/\/www.dt-smart.com\/wp-content\/uploads\/2024\/05\/10-1.png 796w, https:\/\/www.dt-smart.com\/wp-content\/uploads\/2024\/05\/10-1-300x565.png 300w, https:\/\/www.dt-smart.com\/wp-content\/uploads\/2024\/05\/10-1-150x282.png 150w, https:\/\/www.dt-smart.com\/wp-content\/uploads\/2024\/05\/10-1-600x1129.png 600w, https:\/\/www.dt-smart.com\/wp-content\/uploads\/2024\/05\/10-1-159x300.png 159w, https:\/\/www.dt-smart.com\/wp-content\/uploads\/2024\/05\/10-1-544x1024.png 544w, https:\/\/www.dt-smart.com\/wp-content\/uploads\/2024\/05\/10-1-768x1445.png 768w, https:\/\/www.dt-smart.com\/wp-content\/uploads\/2024\/05\/10-1-6x12.png 6w\" sizes=\"(max-width: 789px) 100vw, 789px\" \/> <img loading=\"lazy\" decoding=\"async\" class=\"alignnone wp-image-14918\" src=\"https:\/\/insurepart.com\/wp-content\/uploads\/2024\/05\/11-1.png\" alt=\"\" width=\"789\" height=\"1440\" srcset=\"https:\/\/www.dt-smart.com\/wp-content\/uploads\/2024\/05\/11-1.png 821w, https:\/\/www.dt-smart.com\/wp-content\/uploads\/2024\/05\/11-1-300x547.png 300w, https:\/\/www.dt-smart.com\/wp-content\/uploads\/2024\/05\/11-1-150x274.png 150w, https:\/\/www.dt-smart.com\/wp-content\/uploads\/2024\/05\/11-1-800x1460.png 800w, https:\/\/www.dt-smart.com\/wp-content\/uploads\/2024\/05\/11-1-164x300.png 164w, https:\/\/www.dt-smart.com\/wp-content\/uploads\/2024\/05\/11-1-561x1024.png 561w, https:\/\/www.dt-smart.com\/wp-content\/uploads\/2024\/05\/11-1-768x1401.png 768w, https:\/\/www.dt-smart.com\/wp-content\/uploads\/2024\/05\/11-1-7x12.png 7w\" sizes=\"(max-width: 789px) 100vw, 789px\" \/><img loading=\"lazy\" decoding=\"async\" class=\"alignnone wp-image-14919\" src=\"https:\/\/insurepart.com\/wp-content\/uploads\/2024\/05\/12-1.png\" alt=\"\" width=\"789\" height=\"1313\" srcset=\"https:\/\/www.dt-smart.com\/wp-content\/uploads\/2024\/05\/12-1.png 901w, https:\/\/www.dt-smart.com\/wp-content\/uploads\/2024\/05\/12-1-300x499.png 300w, https:\/\/www.dt-smart.com\/wp-content\/uploads\/2024\/05\/12-1-150x250.png 150w, https:\/\/www.dt-smart.com\/wp-content\/uploads\/2024\/05\/12-1-800x1331.png 800w, https:\/\/www.dt-smart.com\/wp-content\/uploads\/2024\/05\/12-1-180x300.png 180w, https:\/\/www.dt-smart.com\/wp-content\/uploads\/2024\/05\/12-1-615x1024.png 615w, https:\/\/www.dt-smart.com\/wp-content\/uploads\/2024\/05\/12-1-768x1278.png 768w, https:\/\/www.dt-smart.com\/wp-content\/uploads\/2024\/05\/12-1-7x12.png 7w\" sizes=\"(max-width: 789px) 100vw, 789px\" \/><\/p>\n<p style=\"text-align: center;\"><img loading=\"lazy\" decoding=\"async\" class=\"alignnone size-full wp-image-14927\" src=\"https:\/\/insurepart.com\/wp-content\/uploads\/2024\/05\/15-1-1.jpg\" alt=\"\" width=\"789\" height=\"1220\" srcset=\"https:\/\/www.dt-smart.com\/wp-content\/uploads\/2024\/05\/15-1-1.jpg 789w, https:\/\/www.dt-smart.com\/wp-content\/uploads\/2024\/05\/15-1-1-300x464.jpg 300w, https:\/\/www.dt-smart.com\/wp-content\/uploads\/2024\/05\/15-1-1-150x232.jpg 150w, https:\/\/www.dt-smart.com\/wp-content\/uploads\/2024\/05\/15-1-1-600x928.jpg 600w, https:\/\/www.dt-smart.com\/wp-content\/uploads\/2024\/05\/15-1-1-194x300.jpg 194w, https:\/\/www.dt-smart.com\/wp-content\/uploads\/2024\/05\/15-1-1-662x1024.jpg 662w, https:\/\/www.dt-smart.com\/wp-content\/uploads\/2024\/05\/15-1-1-768x1188.jpg 768w, https:\/\/www.dt-smart.com\/wp-content\/uploads\/2024\/05\/15-1-1-8x12.jpg 8w\" sizes=\"(max-width: 789px) 100vw, 789px\" \/><\/p>","protected":false},"excerpt":{"rendered":"<p><span style=\"font-family: arial, helvetica, sans-serif; font-size: 8pt;\">Neue Produkteinf\u00fchrungen im Jahr 2024 | Bahnbrechende Upgrades, die neue Stimmen formen.<\/span><br \/>\n<span style=\"font-family: arial, helvetica, sans-serif; font-size: 8pt;\">LCD-Vollfarb-Touchscreen.<\/span><br \/>\n<span style=\"font-family: arial, helvetica, sans-serif; font-size: 8pt;\">Dolby Original | EQ-Soundeffektanpassung.<\/span><br \/>\n<span style=\"font-family: arial, helvetica, sans-serif; font-size: 8pt;\">Fernbedienung | Standort finden.<\/span><br \/>\n<span style=\"font-family: arial, helvetica, sans-serif; font-size: 8pt;\">Aktive Ger\u00e4uschunterdr\u00fcckung (ANC+ENC) | Wasserdicht nach Sportstandard.<\/span><br \/>\n<span style=\"font-family: arial, helvetica, sans-serif; font-size: 8pt;\">EMI AirKing Pro Bluetooth-Kopfh\u00f6rer mit echter Ger\u00e4uschunterdr\u00fcckung und Touchscreen.<\/span><br \/>\n<span style=\"font-family: arial, helvetica, sans-serif; font-size: 8pt;\">Hervorragender Klang und ansprechendes Design, eine leichte und luxuri\u00f6se Wahl. Kopfh\u00f6rer mit echter Ger\u00e4uschunterdr\u00fcckung und vollfarbigem Touchscreen.<\/span><br \/>\n<span style=\"font-family: arial, helvetica, sans-serif; font-size: 8pt;\">Die aktive Ger\u00e4uschunterdr\u00fcckung (ANC) in Kombination mit der Umgebungsger\u00e4uschunterdr\u00fcckung (ENC) er\u00f6ffnet eine neue Dimension bei kabellosen Kopfh\u00f6rern.<\/span><\/p>","protected":false},"featured_media":15266,"comment_status":"open","ping_status":"closed","template":"","meta":[],"product_brand":[],"product_cat":[1194],"product_tag":[],"class_list":{"0":"post-14905","1":"product","2":"type-product","3":"status-publish","4":"has-post-thumbnail","6":"product_cat-electrical","8":"first","9":"instock","10":"featured","11":"taxable","12":"shipping-taxable","13":"purchasable","14":"product-type-simple"},"yoast_head":"<!-- This site is optimized with the Yoast SEO plugin v27.4 - https:\/\/yoast.com\/product\/yoast-seo-wordpress\/ -->\n<title>AirKing Pro True Wireless Headphones - ANC with Touch Control, Hi-Res Audio Certified, 40H Playback. Fast Shipping - InsurePart<\/title>\n<meta name=\"robots\" content=\"index, follow, max-snippet:-1, max-image-preview:large, max-video-preview:-1\" \/>\n<link rel=\"canonical\" href=\"https:\/\/www.dt-smart.com\/de\/produkt\/emi-airking-pro-true-noise-canceling-touch-screen-bluetooth-headphones\/\" \/>\n<meta property=\"og:locale\" content=\"de_DE\" \/>\n<meta property=\"og:type\" content=\"article\" \/>\n<meta property=\"og:title\" content=\"AirKing Pro True Wireless Headphones - ANC with Touch Control, Hi-Res Audio Certified, 40H Playback. Fast Shipping - InsurePart\" \/>\n<meta property=\"og:description\" content=\"New products launched in 2024 | Subversive upgrades, reshaping new voices. LCD full color smart touch screen. Dolby Original | EQ sound effect adjustment. Remote control|Find location. ANC+ENC active noise reduction | sports-grade waterproof. EMI AirKing Pro true noise-canceling touch screen Bluetooth headphones. Excellent sound and look, a light and luxurious choice. True noise-canceling, full-color touch screen headphones. ANC active noise reduction + ENC environmental noise reduction opens up a new realm of wireless headphones.\" \/>\n<meta property=\"og:url\" content=\"https:\/\/www.dt-smart.com\/de\/produkt\/emi-airking-pro-true-noise-canceling-touch-screen-bluetooth-headphones\/\" \/>\n<meta property=\"og:site_name\" content=\"InsurePart\" \/>\n<meta property=\"article:publisher\" content=\"https:\/\/www.facebook.com\/anjinleeEva\" \/>\n<meta property=\"article:modified_time\" content=\"2026-01-06T02:12:42+00:00\" \/>\n<meta property=\"og:image\" content=\"https:\/\/www.dt-smart.com\/wp-content\/uploads\/2024\/06\/777-1024x819.png\" \/>\n\t<meta property=\"og:image:width\" content=\"1024\" \/>\n\t<meta property=\"og:image:height\" content=\"819\" \/>\n\t<meta property=\"og:image:type\" content=\"image\/png\" \/>\n<meta name=\"twitter:card\" content=\"summary_large_image\" \/>\n<meta name=\"twitter:label1\" content=\"Gesch\u00e4tzte Lesezeit\" \/>\n\t<meta name=\"twitter:data1\" content=\"3\u00a0Minuten\" \/>\n<script type=\"application\/ld+json\" class=\"yoast-schema-graph\">{\"@context\":\"https:\\\/\\\/schema.org\",\"@graph\":[{\"@type\":\"WebPage\",\"@id\":\"https:\\\/\\\/www.dt-smart.com\\\/ru\\\/product\\\/emi-airking-pro-true-noise-canceling-touch-screen-bluetooth-headphones\\\/\",\"url\":\"https:\\\/\\\/www.dt-smart.com\\\/ru\\\/product\\\/emi-airking-pro-true-noise-canceling-touch-screen-bluetooth-headphones\\\/\",\"name\":\"AirKing Pro True Wireless Headphones - ANC with Touch Control, Hi-Res Audio Certified, 40H Playback. Fast Shipping - InsurePart\",\"isPartOf\":{\"@id\":\"https:\\\/\\\/www.dt-smart.com\\\/#website\"},\"primaryImageOfPage\":{\"@id\":\"https:\\\/\\\/www.dt-smart.com\\\/ru\\\/product\\\/emi-airking-pro-true-noise-canceling-touch-screen-bluetooth-headphones\\\/#primaryimage\"},\"image\":{\"@id\":\"https:\\\/\\\/www.dt-smart.com\\\/ru\\\/product\\\/emi-airking-pro-true-noise-canceling-touch-screen-bluetooth-headphones\\\/#primaryimage\"},\"thumbnailUrl\":\"https:\\\/\\\/www.dt-smart.com\\\/wp-content\\\/uploads\\\/2024\\\/06\\\/777.png\",\"datePublished\":\"2024-05-17T06:35:49+00:00\",\"dateModified\":\"2026-01-06T02:12:42+00:00\",\"breadcrumb\":{\"@id\":\"https:\\\/\\\/www.dt-smart.com\\\/ru\\\/product\\\/emi-airking-pro-true-noise-canceling-touch-screen-bluetooth-headphones\\\/#breadcrumb\"},\"inLanguage\":\"de\",\"potentialAction\":[{\"@type\":\"ReadAction\",\"target\":[\"https:\\\/\\\/www.dt-smart.com\\\/ru\\\/product\\\/emi-airking-pro-true-noise-canceling-touch-screen-bluetooth-headphones\\\/\"]}]},{\"@type\":\"ImageObject\",\"inLanguage\":\"de\",\"@id\":\"https:\\\/\\\/www.dt-smart.com\\\/ru\\\/product\\\/emi-airking-pro-true-noise-canceling-touch-screen-bluetooth-headphones\\\/#primaryimage\",\"url\":\"https:\\\/\\\/www.dt-smart.com\\\/wp-content\\\/uploads\\\/2024\\\/06\\\/777.png\",\"contentUrl\":\"https:\\\/\\\/www.dt-smart.com\\\/wp-content\\\/uploads\\\/2024\\\/06\\\/777.png\",\"width\":4999,\"height\":4000},{\"@type\":\"BreadcrumbList\",\"@id\":\"https:\\\/\\\/www.dt-smart.com\\\/ru\\\/product\\\/emi-airking-pro-true-noise-canceling-touch-screen-bluetooth-headphones\\\/#breadcrumb\",\"itemListElement\":[{\"@type\":\"ListItem\",\"position\":1,\"name\":\"Home\",\"item\":\"https:\\\/\\\/www.dt-smart.com\\\/\"},{\"@type\":\"ListItem\",\"position\":2,\"name\":\"Product\",\"item\":\"https:\\\/\\\/www.dt-smart.com\\\/ru\\\/product\\\/\"},{\"@type\":\"ListItem\",\"position\":3,\"name\":\"AirKing Pro True Wireless Headphones &#8211; ANC with Touch Control, Hi-Res Audio Certified, 40H Playback. Fast Shipping\"}]},{\"@type\":\"WebSite\",\"@id\":\"https:\\\/\\\/www.dt-smart.com\\\/#website\",\"url\":\"https:\\\/\\\/www.dt-smart.com\\\/\",\"name\":\"InsurePart\",\"description\":\"Cell Phone Repair Parts; iPhone Parts Wholesale;Samsung Parts Supplier\",\"potentialAction\":[{\"@type\":\"SearchAction\",\"target\":{\"@type\":\"EntryPoint\",\"urlTemplate\":\"https:\\\/\\\/www.dt-smart.com\\\/?s={search_term_string}\"},\"query-input\":{\"@type\":\"PropertyValueSpecification\",\"valueRequired\":true,\"valueName\":\"search_term_string\"}}],\"inLanguage\":\"de\"}]}<\/script>\n<!-- \/ Yoast SEO plugin. -->","yoast_head_json":{"title":"AirKing Pro True Wireless Headphones - ANC with Touch Control, Hi-Res Audio Certified, 40H Playback. Fast Shipping - InsurePart","robots":{"index":"index","follow":"follow","max-snippet":"max-snippet:-1","max-image-preview":"max-image-preview:large","max-video-preview":"max-video-preview:-1"},"canonical":"https:\/\/www.dt-smart.com\/de\/produkt\/emi-airking-pro-true-noise-canceling-touch-screen-bluetooth-headphones\/","og_locale":"de_DE","og_type":"article","og_title":"AirKing Pro True Wireless Headphones - ANC with Touch Control, Hi-Res Audio Certified, 40H Playback. Fast Shipping - InsurePart","og_description":"New products launched in 2024 | Subversive upgrades, reshaping new voices. LCD full color smart touch screen. Dolby Original | EQ sound effect adjustment. Remote control|Find location. ANC+ENC active noise reduction | sports-grade waterproof. EMI AirKing Pro true noise-canceling touch screen Bluetooth headphones. Excellent sound and look, a light and luxurious choice. True noise-canceling, full-color touch screen headphones. ANC active noise reduction + ENC environmental noise reduction opens up a new realm of wireless headphones.","og_url":"https:\/\/www.dt-smart.com\/de\/produkt\/emi-airking-pro-true-noise-canceling-touch-screen-bluetooth-headphones\/","og_site_name":"InsurePart","article_publisher":"https:\/\/www.facebook.com\/anjinleeEva","article_modified_time":"2026-01-06T02:12:42+00:00","og_image":[{"width":1024,"height":819,"url":"https:\/\/www.dt-smart.com\/wp-content\/uploads\/2024\/06\/777-1024x819.png","type":"image\/png"}],"twitter_card":"summary_large_image","twitter_misc":{"Gesch\u00e4tzte Lesezeit":"3\u00a0Minuten"},"schema":{"@context":"https:\/\/schema.org","@graph":[{"@type":"WebPage","@id":"https:\/\/www.dt-smart.com\/ru\/product\/emi-airking-pro-true-noise-canceling-touch-screen-bluetooth-headphones\/","url":"https:\/\/www.dt-smart.com\/ru\/product\/emi-airking-pro-true-noise-canceling-touch-screen-bluetooth-headphones\/","name":"AirKing Pro True Wireless Headphones - ANC with Touch Control, Hi-Res Audio Certified, 40H Playback. Fast Shipping - InsurePart","isPartOf":{"@id":"https:\/\/www.dt-smart.com\/#website"},"primaryImageOfPage":{"@id":"https:\/\/www.dt-smart.com\/ru\/product\/emi-airking-pro-true-noise-canceling-touch-screen-bluetooth-headphones\/#primaryimage"},"image":{"@id":"https:\/\/www.dt-smart.com\/ru\/product\/emi-airking-pro-true-noise-canceling-touch-screen-bluetooth-headphones\/#primaryimage"},"thumbnailUrl":"https:\/\/www.dt-smart.com\/wp-content\/uploads\/2024\/06\/777.png","datePublished":"2024-05-17T06:35:49+00:00","dateModified":"2026-01-06T02:12:42+00:00","breadcrumb":{"@id":"https:\/\/www.dt-smart.com\/ru\/product\/emi-airking-pro-true-noise-canceling-touch-screen-bluetooth-headphones\/#breadcrumb"},"inLanguage":"de","potentialAction":[{"@type":"ReadAction","target":["https:\/\/www.dt-smart.com\/ru\/product\/emi-airking-pro-true-noise-canceling-touch-screen-bluetooth-headphones\/"]}]},{"@type":"ImageObject","inLanguage":"de","@id":"https:\/\/www.dt-smart.com\/ru\/product\/emi-airking-pro-true-noise-canceling-touch-screen-bluetooth-headphones\/#primaryimage","url":"https:\/\/www.dt-smart.com\/wp-content\/uploads\/2024\/06\/777.png","contentUrl":"https:\/\/www.dt-smart.com\/wp-content\/uploads\/2024\/06\/777.png","width":4999,"height":4000},{"@type":"BreadcrumbList","@id":"https:\/\/www.dt-smart.com\/ru\/product\/emi-airking-pro-true-noise-canceling-touch-screen-bluetooth-headphones\/#breadcrumb","itemListElement":[{"@type":"ListItem","position":1,"name":"Home","item":"https:\/\/www.dt-smart.com\/"},{"@type":"ListItem","position":2,"name":"Product","item":"https:\/\/www.dt-smart.com\/ru\/product\/"},{"@type":"ListItem","position":3,"name":"AirKing Pro True Wireless Headphones &#8211; ANC with Touch Control, Hi-Res Audio Certified, 40H Playback. Fast Shipping"}]},{"@type":"WebSite","@id":"https:\/\/www.dt-smart.com\/#website","url":"https:\/\/www.dt-smart.com\/","name":"InsurePart","description":"Handy-Ersatzteile; iPhone-Ersatzteile im Gro\u00dfhandel; Samsung-Ersatzteillieferant","potentialAction":[{"@type":"SearchAction","target":{"@type":"EntryPoint","urlTemplate":"https:\/\/www.dt-smart.com\/?s={search_term_string}"},"query-input":{"@type":"PropertyValueSpecification","valueRequired":true,"valueName":"search_term_string"}}],"inLanguage":"de"}]}},"_links":{"self":[{"href":"https:\/\/www.dt-smart.com\/de\/wp-json\/wp\/v2\/product\/14905","targetHints":{"allow":["GET"]}}],"collection":[{"href":"https:\/\/www.dt-smart.com\/de\/wp-json\/wp\/v2\/product"}],"about":[{"href":"https:\/\/www.dt-smart.com\/de\/wp-json\/wp\/v2\/types\/product"}],"replies":[{"embeddable":true,"href":"https:\/\/www.dt-smart.com\/de\/wp-json\/wp\/v2\/comments?post=14905"}],"version-history":[{"count":5,"href":"https:\/\/www.dt-smart.com\/de\/wp-json\/wp\/v2\/product\/14905\/revisions"}],"predecessor-version":[{"id":24154,"href":"https:\/\/www.dt-smart.com\/de\/wp-json\/wp\/v2\/product\/14905\/revisions\/24154"}],"wp:featuredmedia":[{"embeddable":true,"href":"https:\/\/www.dt-smart.com\/de\/wp-json\/wp\/v2\/media\/15266"}],"wp:attachment":[{"href":"https:\/\/www.dt-smart.com\/de\/wp-json\/wp\/v2\/media?parent=14905"}],"wp:term":[{"taxonomy":"product_brand","embeddable":true,"href":"https:\/\/www.dt-smart.com\/de\/wp-json\/wp\/v2\/product_brand?post=14905"},{"taxonomy":"product_cat","embeddable":true,"href":"https:\/\/www.dt-smart.com\/de\/wp-json\/wp\/v2\/product_cat?post=14905"},{"taxonomy":"product_tag","embeddable":true,"href":"https:\/\/www.dt-smart.com\/de\/wp-json\/wp\/v2\/product_tag?post=14905"}],"curies":[{"name":"wp","href":"https:\/\/api.w.org\/{rel}","templated":true}]}}