{"id":15371,"date":"2024-07-11T10:59:48","date_gmt":"2024-07-11T02:59:48","guid":{"rendered":"https:\/\/insurepart.com\/?post_type=product&#038;p=15371"},"modified":"2026-01-09T10:53:14","modified_gmt":"2026-01-09T02:53:14","slug":"high-quality-tbk-808a-vacuum-oca-laminating-machine-lcd-screen-refurbish-built-in-bubble-remover","status":"publish","type":"product","link":"https:\/\/www.dt-smart.com\/de\/produkt\/high-quality-tbk-808a-vacuum-oca-laminating-machine-lcd-screen-refurbish-built-in-bubble-remover\/","title":{"rendered":"TBK 808A Vakuum-OCA-Laminierger\u00e4t \u2013 Integrierte blasenfreie Laminierung, industrielle LCD-\/OLED-Reparatur. Schneller Versand."},"content":{"rendered":"<p><img fetchpriority=\"high\" decoding=\"async\" class=\"alignnone wp-image-15384\" src=\"https:\/\/insurepart.com\/wp-content\/uploads\/2024\/07\/\u5fae\u4fe1\u56fe\u7247_20240711113330.png\" alt=\"\" width=\"900\" height=\"869\" srcset=\"https:\/\/www.dt-smart.com\/wp-content\/uploads\/2024\/07\/\u5fae\u4fe1\u56fe\u7247_20240711113330.png 886w, https:\/\/www.dt-smart.com\/wp-content\/uploads\/2024\/07\/\u5fae\u4fe1\u56fe\u7247_20240711113330-300x290.png 300w, https:\/\/www.dt-smart.com\/wp-content\/uploads\/2024\/07\/\u5fae\u4fe1\u56fe\u7247_20240711113330-150x145.png 150w, https:\/\/www.dt-smart.com\/wp-content\/uploads\/2024\/07\/\u5fae\u4fe1\u56fe\u7247_20240711113330-800x772.png 800w, https:\/\/www.dt-smart.com\/wp-content\/uploads\/2024\/07\/\u5fae\u4fe1\u56fe\u7247_20240711113330-768x741.png 768w, https:\/\/www.dt-smart.com\/wp-content\/uploads\/2024\/07\/\u5fae\u4fe1\u56fe\u7247_20240711113330-12x12.png 12w\" sizes=\"(max-width: 900px) 100vw, 900px\" \/> <img decoding=\"async\" class=\"alignnone wp-image-15383\" src=\"https:\/\/insurepart.com\/wp-content\/uploads\/2024\/07\/\u5fae\u4fe1\u56fe\u7247_20240711113435.png\" alt=\"\" width=\"900\" height=\"815\" srcset=\"https:\/\/www.dt-smart.com\/wp-content\/uploads\/2024\/07\/\u5fae\u4fe1\u56fe\u7247_20240711113435.png 920w, https:\/\/www.dt-smart.com\/wp-content\/uploads\/2024\/07\/\u5fae\u4fe1\u56fe\u7247_20240711113435-300x272.png 300w, https:\/\/www.dt-smart.com\/wp-content\/uploads\/2024\/07\/\u5fae\u4fe1\u56fe\u7247_20240711113435-150x136.png 150w, https:\/\/www.dt-smart.com\/wp-content\/uploads\/2024\/07\/\u5fae\u4fe1\u56fe\u7247_20240711113435-800x724.png 800w, https:\/\/www.dt-smart.com\/wp-content\/uploads\/2024\/07\/\u5fae\u4fe1\u56fe\u7247_20240711113435-768x695.png 768w, https:\/\/www.dt-smart.com\/wp-content\/uploads\/2024\/07\/\u5fae\u4fe1\u56fe\u7247_20240711113435-13x12.png 13w\" sizes=\"(max-width: 900px) 100vw, 900px\" \/> <img decoding=\"async\" class=\"alignnone wp-image-15385\" src=\"https:\/\/insurepart.com\/wp-content\/uploads\/2024\/07\/\u5fae\u4fe1\u56fe\u7247_20240711113401.png\" alt=\"\" width=\"900\" height=\"865\" srcset=\"https:\/\/www.dt-smart.com\/wp-content\/uploads\/2024\/07\/\u5fae\u4fe1\u56fe\u7247_20240711113401.png 940w, https:\/\/www.dt-smart.com\/wp-content\/uploads\/2024\/07\/\u5fae\u4fe1\u56fe\u7247_20240711113401-300x288.png 300w, https:\/\/www.dt-smart.com\/wp-content\/uploads\/2024\/07\/\u5fae\u4fe1\u56fe\u7247_20240711113401-150x144.png 150w, https:\/\/www.dt-smart.com\/wp-content\/uploads\/2024\/07\/\u5fae\u4fe1\u56fe\u7247_20240711113401-800x769.png 800w, https:\/\/www.dt-smart.com\/wp-content\/uploads\/2024\/07\/\u5fae\u4fe1\u56fe\u7247_20240711113401-768x738.png 768w, https:\/\/www.dt-smart.com\/wp-content\/uploads\/2024\/07\/\u5fae\u4fe1\u56fe\u7247_20240711113401-12x12.png 12w\" sizes=\"(max-width: 900px) 100vw, 900px\" \/> <img loading=\"lazy\" decoding=\"async\" class=\"alignnone wp-image-15386\" src=\"https:\/\/insurepart.com\/wp-content\/uploads\/2024\/07\/\u5fae\u4fe1\u56fe\u7247_20240711120851.png\" alt=\"\" width=\"935\" height=\"889\" srcset=\"https:\/\/www.dt-smart.com\/wp-content\/uploads\/2024\/07\/\u5fae\u4fe1\u56fe\u7247_20240711120851.png 853w, https:\/\/www.dt-smart.com\/wp-content\/uploads\/2024\/07\/\u5fae\u4fe1\u56fe\u7247_20240711120851-300x285.png 300w, https:\/\/www.dt-smart.com\/wp-content\/uploads\/2024\/07\/\u5fae\u4fe1\u56fe\u7247_20240711120851-150x143.png 150w, https:\/\/www.dt-smart.com\/wp-content\/uploads\/2024\/07\/\u5fae\u4fe1\u56fe\u7247_20240711120851-800x761.png 800w, https:\/\/www.dt-smart.com\/wp-content\/uploads\/2024\/07\/\u5fae\u4fe1\u56fe\u7247_20240711120851-768x730.png 768w, https:\/\/www.dt-smart.com\/wp-content\/uploads\/2024\/07\/\u5fae\u4fe1\u56fe\u7247_20240711120851-13x12.png 13w\" sizes=\"(max-width: 935px) 100vw, 935px\" \/><\/p>\n<p>&nbsp;<\/p>","protected":false},"excerpt":{"rendered":"<p style=\"text-align: left;\"><span style=\"font-size: 10pt;\">Modell: 808A<\/span><br \/>\n<span style=\"font-size: 10pt;\">Stromversorgung: 110 V\/220 V<\/span><br \/>\n<span style=\"font-size: 10pt;\">Leistung: 800 W<\/span><br \/>\n<span style=\"font-size: 10pt;\">Produktgr\u00f6\u00dfe: 350 x 270 x 300 mm<\/span><br \/>\n<span style=\"font-size: 10pt;\">Nettogewicht: 29,2 kg<\/span><br \/>\n<span style=\"font-size: 10pt;\">Entsch\u00e4umungspassung: 27,5 x 19 x 1,5 cm<\/span><br \/>\n<span style=\"font-size: 10pt;\">Anpassungsgr\u00f6\u00dfe: innerhalb von 13 Zoll<\/span><br \/>\n<span style=\"font-size: 10pt;\">Bruttogewicht des Pakets: 36,0 kg<\/span><br \/>\n<span style=\"font-size: 10pt;\">Verpackungsgr\u00f6\u00dfe: 49 x 46,5 x 43 cm<\/span><\/p>\n<p style=\"text-align: left;\"><span style=\"font-size: 10pt;\">Produktdetails<\/span><br \/>\n<span style=\"font-size: 10pt;\">HD-Display<\/span><br \/>\n<span style=\"font-size: 10pt;\">Touch-Tasten, gut lesbare Zahlen, Ein-Knopf-Verbindung und Entsch\u00e4umung<\/span><br \/>\n<span style=\"font-size: 10pt;\">Die 13-Zoll-Werkbank unterst\u00fctzt mehrere Mobiltelefone, die zusammenarbeiten, um die Effizienz zu steigern.<\/span><br \/>\n<span style=\"font-size: 10pt;\">R\u00fcckseitige Sicherung, Sicherheitsschutz zum Schutz des Ger\u00e4ts vor Besch\u00e4digungen.<\/span><br \/>\n<span style=\"font-size: 10pt;\">Gasschleuse komplett aus Aluminium, Luftschleuse komplett aus Aluminium (Klappdeckel)<\/span><br \/>\n<span style=\"font-size: 10pt;\">Luftdruckeinstellung, einfaches Drehen des Druckregelventils<\/span><br \/>\n<span style=\"font-size: 10pt;\">13-Zoll-Werkbank<\/span><\/p>\n<p style=\"text-align: left;\"><span style=\"font-size: 10pt;\">Hauptmerkmale:<\/span><br \/>\n<span style=\"font-size: 10pt;\">* Kein Umdrehen des Drahtes erforderlich<\/span><br \/>\n<span style=\"font-size: 10pt;\">* Automatische Temperaturregelung<\/span><br \/>\n<span style=\"font-size: 10pt;\">* Einfach zu bedienen<\/span><br \/>\n<span style=\"font-size: 10pt;\">* Die Temperatur wird mit einem einzigen Tastendruck konstant gehalten, eine manuelle Anpassung ist nicht erforderlich.<\/span><br \/>\n<span style=\"font-size: 10pt;\">* Auf einer 13-Zoll-Arbeitsfl\u00e4che k\u00f6nnen 3 Mobiltelefone oder ein Tablet mit einer Gr\u00f6\u00dfe von maximal 13 Zoll platziert werden.<\/span><br \/>\n<span style=\"font-size: 10pt;\">* Viele L\u00fcftungsschlitze<\/span><br \/>\n<span style=\"font-size: 10pt;\">* Kreatives Werkzeug und seine Konstruktion mit K\u00fchl\u00f6ffnungen an allen Seiten, die die Temperatur w\u00e4hrend des Betriebs senken, Sch\u00e4den an der Maschine verhindern und f\u00fcr den Langzeitgebrauch geeignet sind.<\/span><br \/>\n<span style=\"font-size: 10pt;\">* HD-Display (hohe Aufl\u00f6sung)<\/span><br \/>\n<span style=\"font-size: 10pt;\">* Die Touchscreen-Tasten sind gut sichtbar, ein Knopfdruck zum Laminieren und Entsch\u00e4umen.<\/span><br \/>\n<span style=\"font-size: 10pt;\">* Vollst\u00e4ndig aus Aluminium gefertigte Luftschleuse<\/span><br \/>\n<span style=\"font-size: 10pt;\">* Vollst\u00e4ndig aus Aluminium gefertigter Air Flip<\/span><br \/>\n<span style=\"font-size: 10pt;\">* Durch einfaches Drehen l\u00e4sst sich der Luftdruck einstellen.<\/span><br \/>\n<span style=\"font-size: 10pt;\">* Mit Sicherung auf der R\u00fcckseite ausgestattet<\/span><br \/>\n<span style=\"font-size: 10pt;\">* Der hervorragende Schutz verhindert Sch\u00e4den an der Maschine<\/span><\/p>","protected":false},"featured_media":15373,"comment_status":"open","ping_status":"closed","template":"","meta":[],"product_brand":[],"product_cat":[24],"product_tag":[],"class_list":{"0":"post-15371","1":"product","2":"type-product","3":"status-publish","4":"has-post-thumbnail","6":"product_cat-toolssupplies","8":"first","9":"instock","10":"taxable","11":"shipping-taxable","12":"purchasable","13":"product-type-simple"},"yoast_head":"<!-- This site is optimized with the Yoast SEO plugin v27.4 - https:\/\/yoast.com\/product\/yoast-seo-wordpress\/ -->\n<title>TBK 808A Vacuum OCA Laminating Machine - Built-in Bubble-Free Lamination, Industrial-Grade LCD\/OLED Repair. Fast Shipping - InsurePart<\/title>\n<meta name=\"description\" content=\"High Quality TBK 808A Vacuum OCA Laminating Machine - Built-in Bubble Remover for LCD Screen Refurbish - Professional Touch Screen Glass Lamination - Industrial Grade - Fast Shipping\" \/>\n<meta name=\"robots\" content=\"index, follow, max-snippet:-1, max-image-preview:large, max-video-preview:-1\" \/>\n<link rel=\"canonical\" href=\"https:\/\/www.dt-smart.com\/de\/producto\/high-quality-tbk-808a-vacuum-oca-laminating-machine-lcd-screen-refurbish-built-in-bubble-remover\/\" \/>\n<meta property=\"og:locale\" content=\"de_DE\" \/>\n<meta property=\"og:type\" content=\"article\" \/>\n<meta property=\"og:title\" content=\"TBK 808A Vacuum OCA Laminating Machine - Built-in Bubble-Free Lamination, Industrial-Grade LCD\/OLED Repair. Fast Shipping - InsurePart\" \/>\n<meta property=\"og:description\" content=\"High Quality TBK 808A Vacuum OCA Laminating Machine - Built-in Bubble Remover for LCD Screen Refurbish - Professional Touch Screen Glass Lamination - Industrial Grade - Fast Shipping\" \/>\n<meta property=\"og:url\" content=\"https:\/\/www.dt-smart.com\/de\/producto\/high-quality-tbk-808a-vacuum-oca-laminating-machine-lcd-screen-refurbish-built-in-bubble-remover\/\" \/>\n<meta property=\"og:site_name\" content=\"InsurePart\" \/>\n<meta property=\"article:publisher\" content=\"https:\/\/www.facebook.com\/anjinleeEva\" \/>\n<meta property=\"article:modified_time\" content=\"2026-01-09T02:53:14+00:00\" \/>\n<meta property=\"og:image\" content=\"https:\/\/www.dt-smart.com\/wp-content\/uploads\/2024\/07\/21368-tbk-808a-13inch-vaccum-laminator-bubble-remover-machine-4.jpg\" \/>\n\t<meta property=\"og:image:width\" content=\"570\" \/>\n\t<meta property=\"og:image:height\" content=\"400\" \/>\n\t<meta property=\"og:image:type\" content=\"image\/jpeg\" \/>\n<meta name=\"twitter:card\" content=\"summary_large_image\" \/>\n<meta name=\"twitter:label1\" content=\"Gesch\u00e4tzte Lesezeit\" \/>\n\t<meta name=\"twitter:data1\" content=\"1\u00a0Minute\" \/>\n<script type=\"application\/ld+json\" class=\"yoast-schema-graph\">{\"@context\":\"https:\\\/\\\/schema.org\",\"@graph\":[{\"@type\":\"WebPage\",\"@id\":\"https:\\\/\\\/www.dt-smart.com\\\/es\\\/producto\\\/high-quality-tbk-808a-vacuum-oca-laminating-machine-lcd-screen-refurbish-built-in-bubble-remover\\\/\",\"url\":\"https:\\\/\\\/www.dt-smart.com\\\/es\\\/producto\\\/high-quality-tbk-808a-vacuum-oca-laminating-machine-lcd-screen-refurbish-built-in-bubble-remover\\\/\",\"name\":\"TBK 808A Vacuum OCA Laminating Machine - Built-in Bubble-Free Lamination, Industrial-Grade LCD\\\/OLED Repair. Fast Shipping - InsurePart\",\"isPartOf\":{\"@id\":\"https:\\\/\\\/www.dt-smart.com\\\/#website\"},\"primaryImageOfPage\":{\"@id\":\"https:\\\/\\\/www.dt-smart.com\\\/es\\\/producto\\\/high-quality-tbk-808a-vacuum-oca-laminating-machine-lcd-screen-refurbish-built-in-bubble-remover\\\/#primaryimage\"},\"image\":{\"@id\":\"https:\\\/\\\/www.dt-smart.com\\\/es\\\/producto\\\/high-quality-tbk-808a-vacuum-oca-laminating-machine-lcd-screen-refurbish-built-in-bubble-remover\\\/#primaryimage\"},\"thumbnailUrl\":\"https:\\\/\\\/www.dt-smart.com\\\/wp-content\\\/uploads\\\/2024\\\/07\\\/21368-tbk-808a-13inch-vaccum-laminator-bubble-remover-machine-4.jpg\",\"datePublished\":\"2024-07-11T02:59:48+00:00\",\"dateModified\":\"2026-01-09T02:53:14+00:00\",\"description\":\"High Quality TBK 808A Vacuum OCA Laminating Machine - Built-in Bubble Remover for LCD Screen Refurbish - Professional Touch Screen Glass Lamination - Industrial Grade - Fast Shipping\",\"breadcrumb\":{\"@id\":\"https:\\\/\\\/www.dt-smart.com\\\/es\\\/producto\\\/high-quality-tbk-808a-vacuum-oca-laminating-machine-lcd-screen-refurbish-built-in-bubble-remover\\\/#breadcrumb\"},\"inLanguage\":\"de\",\"potentialAction\":[{\"@type\":\"ReadAction\",\"target\":[\"https:\\\/\\\/www.dt-smart.com\\\/es\\\/producto\\\/high-quality-tbk-808a-vacuum-oca-laminating-machine-lcd-screen-refurbish-built-in-bubble-remover\\\/\"]}]},{\"@type\":\"ImageObject\",\"inLanguage\":\"de\",\"@id\":\"https:\\\/\\\/www.dt-smart.com\\\/es\\\/producto\\\/high-quality-tbk-808a-vacuum-oca-laminating-machine-lcd-screen-refurbish-built-in-bubble-remover\\\/#primaryimage\",\"url\":\"https:\\\/\\\/www.dt-smart.com\\\/wp-content\\\/uploads\\\/2024\\\/07\\\/21368-tbk-808a-13inch-vaccum-laminator-bubble-remover-machine-4.jpg\",\"contentUrl\":\"https:\\\/\\\/www.dt-smart.com\\\/wp-content\\\/uploads\\\/2024\\\/07\\\/21368-tbk-808a-13inch-vaccum-laminator-bubble-remover-machine-4.jpg\",\"width\":570,\"height\":400},{\"@type\":\"BreadcrumbList\",\"@id\":\"https:\\\/\\\/www.dt-smart.com\\\/es\\\/producto\\\/high-quality-tbk-808a-vacuum-oca-laminating-machine-lcd-screen-refurbish-built-in-bubble-remover\\\/#breadcrumb\",\"itemListElement\":[{\"@type\":\"ListItem\",\"position\":1,\"name\":\"Home\",\"item\":\"https:\\\/\\\/www.dt-smart.com\\\/\"},{\"@type\":\"ListItem\",\"position\":2,\"name\":\"Product\",\"item\":\"https:\\\/\\\/www.dt-smart.com\\\/ru\\\/product\\\/\"},{\"@type\":\"ListItem\",\"position\":3,\"name\":\"TBK 808A Vacuum OCA Laminating Machine &#8211; Built-in Bubble-Free Lamination, Industrial-Grade LCD\\\/OLED Repair. Fast Shipping\"}]},{\"@type\":\"WebSite\",\"@id\":\"https:\\\/\\\/www.dt-smart.com\\\/#website\",\"url\":\"https:\\\/\\\/www.dt-smart.com\\\/\",\"name\":\"InsurePart\",\"description\":\"Cell Phone Repair Parts; iPhone Parts Wholesale;Samsung Parts Supplier\",\"potentialAction\":[{\"@type\":\"SearchAction\",\"target\":{\"@type\":\"EntryPoint\",\"urlTemplate\":\"https:\\\/\\\/www.dt-smart.com\\\/?s={search_term_string}\"},\"query-input\":{\"@type\":\"PropertyValueSpecification\",\"valueRequired\":true,\"valueName\":\"search_term_string\"}}],\"inLanguage\":\"de\"}]}<\/script>\n<!-- \/ Yoast SEO plugin. -->","yoast_head_json":{"title":"TBK 808A Vacuum OCA Laminating Machine - Built-in Bubble-Free Lamination, Industrial-Grade LCD\/OLED Repair. Fast Shipping - InsurePart","description":"High Quality TBK 808A Vacuum OCA Laminating Machine - Built-in Bubble Remover for LCD Screen Refurbish - Professional Touch Screen Glass Lamination - Industrial Grade - Fast Shipping","robots":{"index":"index","follow":"follow","max-snippet":"max-snippet:-1","max-image-preview":"max-image-preview:large","max-video-preview":"max-video-preview:-1"},"canonical":"https:\/\/www.dt-smart.com\/de\/producto\/high-quality-tbk-808a-vacuum-oca-laminating-machine-lcd-screen-refurbish-built-in-bubble-remover\/","og_locale":"de_DE","og_type":"article","og_title":"TBK 808A Vacuum OCA Laminating Machine - Built-in Bubble-Free Lamination, Industrial-Grade LCD\/OLED Repair. Fast Shipping - InsurePart","og_description":"High Quality TBK 808A Vacuum OCA Laminating Machine - Built-in Bubble Remover for LCD Screen Refurbish - Professional Touch Screen Glass Lamination - Industrial Grade - Fast Shipping","og_url":"https:\/\/www.dt-smart.com\/de\/producto\/high-quality-tbk-808a-vacuum-oca-laminating-machine-lcd-screen-refurbish-built-in-bubble-remover\/","og_site_name":"InsurePart","article_publisher":"https:\/\/www.facebook.com\/anjinleeEva","article_modified_time":"2026-01-09T02:53:14+00:00","og_image":[{"width":570,"height":400,"url":"https:\/\/www.dt-smart.com\/wp-content\/uploads\/2024\/07\/21368-tbk-808a-13inch-vaccum-laminator-bubble-remover-machine-4.jpg","type":"image\/jpeg"}],"twitter_card":"summary_large_image","twitter_misc":{"Gesch\u00e4tzte Lesezeit":"1\u00a0Minute"},"schema":{"@context":"https:\/\/schema.org","@graph":[{"@type":"WebPage","@id":"https:\/\/www.dt-smart.com\/es\/producto\/high-quality-tbk-808a-vacuum-oca-laminating-machine-lcd-screen-refurbish-built-in-bubble-remover\/","url":"https:\/\/www.dt-smart.com\/es\/producto\/high-quality-tbk-808a-vacuum-oca-laminating-machine-lcd-screen-refurbish-built-in-bubble-remover\/","name":"TBK 808A Vacuum OCA Laminating Machine - Built-in Bubble-Free Lamination, Industrial-Grade LCD\/OLED Repair. Fast Shipping - InsurePart","isPartOf":{"@id":"https:\/\/www.dt-smart.com\/#website"},"primaryImageOfPage":{"@id":"https:\/\/www.dt-smart.com\/es\/producto\/high-quality-tbk-808a-vacuum-oca-laminating-machine-lcd-screen-refurbish-built-in-bubble-remover\/#primaryimage"},"image":{"@id":"https:\/\/www.dt-smart.com\/es\/producto\/high-quality-tbk-808a-vacuum-oca-laminating-machine-lcd-screen-refurbish-built-in-bubble-remover\/#primaryimage"},"thumbnailUrl":"https:\/\/www.dt-smart.com\/wp-content\/uploads\/2024\/07\/21368-tbk-808a-13inch-vaccum-laminator-bubble-remover-machine-4.jpg","datePublished":"2024-07-11T02:59:48+00:00","dateModified":"2026-01-09T02:53:14+00:00","description":"High Quality TBK 808A Vacuum OCA Laminating Machine - Built-in Bubble Remover for LCD Screen Refurbish - Professional Touch Screen Glass Lamination - Industrial Grade - Fast Shipping","breadcrumb":{"@id":"https:\/\/www.dt-smart.com\/es\/producto\/high-quality-tbk-808a-vacuum-oca-laminating-machine-lcd-screen-refurbish-built-in-bubble-remover\/#breadcrumb"},"inLanguage":"de","potentialAction":[{"@type":"ReadAction","target":["https:\/\/www.dt-smart.com\/es\/producto\/high-quality-tbk-808a-vacuum-oca-laminating-machine-lcd-screen-refurbish-built-in-bubble-remover\/"]}]},{"@type":"ImageObject","inLanguage":"de","@id":"https:\/\/www.dt-smart.com\/es\/producto\/high-quality-tbk-808a-vacuum-oca-laminating-machine-lcd-screen-refurbish-built-in-bubble-remover\/#primaryimage","url":"https:\/\/www.dt-smart.com\/wp-content\/uploads\/2024\/07\/21368-tbk-808a-13inch-vaccum-laminator-bubble-remover-machine-4.jpg","contentUrl":"https:\/\/www.dt-smart.com\/wp-content\/uploads\/2024\/07\/21368-tbk-808a-13inch-vaccum-laminator-bubble-remover-machine-4.jpg","width":570,"height":400},{"@type":"BreadcrumbList","@id":"https:\/\/www.dt-smart.com\/es\/producto\/high-quality-tbk-808a-vacuum-oca-laminating-machine-lcd-screen-refurbish-built-in-bubble-remover\/#breadcrumb","itemListElement":[{"@type":"ListItem","position":1,"name":"Home","item":"https:\/\/www.dt-smart.com\/"},{"@type":"ListItem","position":2,"name":"Product","item":"https:\/\/www.dt-smart.com\/ru\/product\/"},{"@type":"ListItem","position":3,"name":"TBK 808A Vacuum OCA Laminating Machine &#8211; Built-in Bubble-Free Lamination, Industrial-Grade LCD\/OLED Repair. Fast Shipping"}]},{"@type":"WebSite","@id":"https:\/\/www.dt-smart.com\/#website","url":"https:\/\/www.dt-smart.com\/","name":"InsurePart","description":"Handy-Ersatzteile; iPhone-Ersatzteile im Gro\u00dfhandel; Samsung-Ersatzteillieferant","potentialAction":[{"@type":"SearchAction","target":{"@type":"EntryPoint","urlTemplate":"https:\/\/www.dt-smart.com\/?s={search_term_string}"},"query-input":{"@type":"PropertyValueSpecification","valueRequired":true,"valueName":"search_term_string"}}],"inLanguage":"de"}]}},"_links":{"self":[{"href":"https:\/\/www.dt-smart.com\/de\/wp-json\/wp\/v2\/product\/15371","targetHints":{"allow":["GET"]}}],"collection":[{"href":"https:\/\/www.dt-smart.com\/de\/wp-json\/wp\/v2\/product"}],"about":[{"href":"https:\/\/www.dt-smart.com\/de\/wp-json\/wp\/v2\/types\/product"}],"replies":[{"embeddable":true,"href":"https:\/\/www.dt-smart.com\/de\/wp-json\/wp\/v2\/comments?post=15371"}],"version-history":[{"count":8,"href":"https:\/\/www.dt-smart.com\/de\/wp-json\/wp\/v2\/product\/15371\/revisions"}],"predecessor-version":[{"id":24487,"href":"https:\/\/www.dt-smart.com\/de\/wp-json\/wp\/v2\/product\/15371\/revisions\/24487"}],"wp:featuredmedia":[{"embeddable":true,"href":"https:\/\/www.dt-smart.com\/de\/wp-json\/wp\/v2\/media\/15373"}],"wp:attachment":[{"href":"https:\/\/www.dt-smart.com\/de\/wp-json\/wp\/v2\/media?parent=15371"}],"wp:term":[{"taxonomy":"product_brand","embeddable":true,"href":"https:\/\/www.dt-smart.com\/de\/wp-json\/wp\/v2\/product_brand?post=15371"},{"taxonomy":"product_cat","embeddable":true,"href":"https:\/\/www.dt-smart.com\/de\/wp-json\/wp\/v2\/product_cat?post=15371"},{"taxonomy":"product_tag","embeddable":true,"href":"https:\/\/www.dt-smart.com\/de\/wp-json\/wp\/v2\/product_tag?post=15371"}],"curies":[{"name":"wp","href":"https:\/\/api.w.org\/{rel}","templated":true}]}}