{"id":15968,"date":"2024-09-29T10:29:21","date_gmt":"2024-09-29T02:29:21","guid":{"rendered":"https:\/\/insurepart.com\/?post_type=product&#038;p=15968"},"modified":"2026-01-12T16:27:21","modified_gmt":"2026-01-12T08:27:21","slug":"vivo-y97-lcd-vivid-vision-enhance-your-vivo-y97-screen-for-crystal-clear-viewingincludes-both-single-piece-and-framed-versions","status":"publish","type":"product","link":"https:\/\/www.dt-smart.com\/de\/produkt\/vivo-y97-lcd-vivid-vision-enhance-your-vivo-y97-screen-for-crystal-clear-viewingincludes-both-single-piece-and-framed-versions\/","title":{"rendered":"Vivo Y97 LCD-Display-Upgrade \u2013 Brillante Bilder f\u00fcr gestochen scharfe Darstellung \u2013 Inklusive einteiliger und gerahmter Versionen \u2013 Verbesserte Helligkeit und Sch\u00e4rfe \u2013 Qualit\u00e4tsgarantie \u2013 Schneller Versand"},"content":{"rendered":"<p style=\"text-align: center;\"><img fetchpriority=\"high\" decoding=\"async\" class=\"alignnone size-full wp-image-15567\" src=\"https:\/\/insurepart.com\/wp-content\/uploads\/2024\/08\/\u4e3a\u4ec0\u4e48\u9009\u62e9\u6211\u4eec22.webp\" alt=\"\" width=\"1000\" height=\"786\" srcset=\"https:\/\/www.dt-smart.com\/wp-content\/uploads\/2024\/08\/\u4e3a\u4ec0\u4e48\u9009\u62e9\u6211\u4eec22.webp 1000w, https:\/\/www.dt-smart.com\/wp-content\/uploads\/2024\/08\/\u4e3a\u4ec0\u4e48\u9009\u62e9\u6211\u4eec22-300x236.webp 300w, https:\/\/www.dt-smart.com\/wp-content\/uploads\/2024\/08\/\u4e3a\u4ec0\u4e48\u9009\u62e9\u6211\u4eec22-150x118.webp 150w, https:\/\/www.dt-smart.com\/wp-content\/uploads\/2024\/08\/\u4e3a\u4ec0\u4e48\u9009\u62e9\u6211\u4eec22-800x629.webp 800w, https:\/\/www.dt-smart.com\/wp-content\/uploads\/2024\/08\/\u4e3a\u4ec0\u4e48\u9009\u62e9\u6211\u4eec22-768x604.webp 768w, https:\/\/www.dt-smart.com\/wp-content\/uploads\/2024\/08\/\u4e3a\u4ec0\u4e48\u9009\u62e9\u6211\u4eec22-15x12.webp 15w\" sizes=\"(max-width: 1000px) 100vw, 1000px\" \/><\/p>","protected":false},"excerpt":{"rendered":"<div data-slate-node=\"element\"><span style=\"font-family: arial, helvetica, sans-serif; font-size: 10pt;\" data-slate-node=\"text\"><span class=\"null\" data-slate-leaf=\"true\" data-sent-id=\"BXOo1EZrqz\">Hochwertige LCD-Einheit ohne Rahmen als Ersatz f\u00fcr Vivo Y97.<\/span><\/span><\/div>\n<div data-slate-node=\"element\"><span style=\"font-family: arial, helvetica, sans-serif; font-size: 10pt;\" data-slate-node=\"text\"><span class=\"null\" data-slate-leaf=\"true\" data-sent-id=\"exxdl6QKWe\">Ersetzen Sie die besch\u00e4digte und gesprungene LCD-Einheit Ihres Vivo Y97 durch dieses Ersatzteil.<\/span><\/span><\/div>\n<div data-slate-node=\"element\"><span style=\"font-family: arial, helvetica, sans-serif; font-size: 10pt;\" data-slate-node=\"text\"><span class=\"null hover-sent\" data-slate-leaf=\"true\" data-sent-id=\"e3gROEj1Je\">Mit diesem LCD-Ersatzteil lassen sich nahezu alle Touchscreen- oder kosmetischen Probleme Ihres Vivo Y97 beheben.<\/span><\/span><\/div>\n<div data-slate-node=\"element\"><span style=\"font-family: arial, helvetica, sans-serif; font-size: 10pt;\" data-slate-node=\"text\"><span class=\"null\" data-slate-leaf=\"true\" data-sent-id=\"VOLxD7YGZz\">Das hochentwickelte Retina-Display sorgt daf\u00fcr, dass auf dem Bildschirm keine sichtbaren Partikel sichtbar sind, was zu atemberaubenden Bildern f\u00fchrt.<\/span><\/span><\/div>\n<div data-slate-node=\"element\"><span style=\"font-family: arial, helvetica, sans-serif; font-size: 10pt;\" data-slate-node=\"text\"><span class=\"null\" data-slate-leaf=\"true\" data-sent-id=\"eqvxomZPgV\">Dieser LCD-Bildschirm verf\u00fcgt \u00fcber eine kapazitive Multi-Touch-Funktion, die eine hohe Empfindlichkeit und eine reibungslose Bildschirmbedienung gew\u00e4hrleistet.<\/span><\/span><\/div>\n<div data-slate-node=\"element\"><span style=\"font-family: arial, helvetica, sans-serif; font-size: 10pt;\" data-slate-node=\"text\"><span class=\"null\" data-slate-leaf=\"true\" data-sent-id=\"Bwv4ZGPmWz\">Wir empfehlen die Installation durch einen Fachmann.<\/span><\/span><\/div>\n<div data-slate-node=\"element\" data-slate-fragment=\"JTVCJTdCJTIydHlwZSUyMiUzQSUyMnBhcmFncmFwaCUyMiUyQyUyMmNoaWxkcmVuJTIyJTNBJTVCJTdCJTIyaWQlMjIlM0ElMjJCWE9vMUVacnF6JTIyJTJDJTIycGFyYUlkeCUyMiUzQTAlMkMlMjJzcmMlMjIlM0ElMjJUb3AlMjBxdWFsaXR5JTJDJTIwTENEJTIwQXNzZW1ibHklMjB3aXRob3V0JTIwZnJhbWUlMjBSZXBsYWNlbWVudCUyMGZvciUyME9QUE8lMjBBOTElMjAlMkYlMjBGMTUlMjAlMkYlMjBGMTclMjAlMkYlMjBLNyUyMDVHJTIwJTJGJTIwUmVubyUyMDMlMjAoQWZ0ZXJtYXJrZXQlM0ElMjBJbmNlbGwpJTIwKEFsbCUyMENvbG9ycykuJTIyJTJDJTIyZHN0JTIyJTNBJTIyT1BQTyUyMEE5MSUyRkYxNSUyRkYxNyUyRks3JTIwNUclMkZSZW5vJTIwMyVFRiVCQyU4OCVFNSU5NCVBRSVFNSU5MCU4RSVFNSVCOCU4MiVFNSU5QyVCQSVFRiVCQyU5QUluY2VsbCVFRiVCQyU4OSVFRiVCQyU4OCVFNiU4OSU4MCVFNiU5QyU4OSVFOSVBMiU5QyVFOCU4OSVCMiVFRiVCQyU4OSVFNyU5QSU4NCVFOSVBQiU5OCVFNSU5MyU4MSVFOCVCNCVBOCVFNiU5NyVBMCVFOCVCRSVCOSVFNiVBMSU4NkxDRCVFNyVCQiU4NCVFNCVCQiVCNiVFMyU4MCU4MiUyMiUyQyUyMm1ldGFkYXRhJTIyJTNBJTIyJTIyJTJDJTIybWV0YURhdGElMjIlM0ElNUIlNUQlMkMlMjJ0ZXh0JTIyJTNBJTIyVG9wJTIwcXVhbGl0eSUyQyUyMExDRCUyMEFzc2VtYmx5JTIwd2l0aG91dCUyMGZyYW1lJTIwUmVwbGFjZW1lbnQlMjBmb3IlMjBPUFBPJTIwQTkxJTIwJTJGJTIwRjE1JTIwJTJGJTIwRjE3JTIwJTJGJTIwSzclMjA1RyUyMCUyRiUyMFJlbm8lMjAzJTIwKEFmdGVybWFya2V0JTNBJTIwSW5jZWxsKSUyMChBbGwlMjBDb2xvcnMpLiUyMiU3RCU1RCU3RCUyQyU3QiUyMnR5cGUlMjIlM0ElMjJwYXJhZ3JhcGglMjIlMkMlMjJjaGlsZHJlbiUyMiUzQSU1QiU3QiUyMmlkJTIyJTNBJTIyZXh4ZGw2UUtXZSUyMiUyQyUyMnBhcmFJZHglMjIlM0ExJTJDJTIyc3JjJTIyJTNBJTIyUmVwbGFjZSUyMGRhbWFnZWQlMjBhbmQlMjBDcmFja2VkJTIwTENEJTIwQXNzZW1ibHklMjBmb3IlMjBPUFBPJTIwQTkxJTIwJTJGJTIwRjE1JTIwJTJGJTIwRjE3JTIwJTJGJTIwSzclMjA1RyUyMCUyRiUyMFJlbm8lMjAzJTIwd2l0aCUyMHRoaXMlMjBQYXJ0cy4lMjIlMkMlMjJkc3QlMjIlM0ElMjIlRTclOTQlQTglRTYlQUQlQTQlRTklOUIlQjYlRTQlQkIlQjYlRTYlOUIlQjQlRTYlOEQlQTJPUFBPJTIwQTkxJTJGRjE1JTJGRjE3JTJGSzclMjA1RyUyRlJlbm8lMjAzJUU3JTlBJTg0JUU2JThEJTlGJUU1JTlEJThGJUU1JTkyJThDJUU3JUEwJUI0JUU4JUEzJTgyJUU3JTlBJTg0TENEJUU3JUJCJTg0JUU0JUJCJUI2JUUzJTgwJTgyJTIyJTJDJTIybWV0YWRhdGElMjIlM0ElMjIlMjIlMkMlMjJtZXRhRGF0YSUyMiUzQSU1QiU1RCUyQyUyMnRleHQlMjIlM0ElMjJSZXBsYWNlJTIwZGFtYWdlZCUyMGFuZCUyMENyYWNrZWQlMjBMQ0QlMjBBc3NlbWJseSUyMGZvciUyME9QUE8lMjBBOTElMjAlMkYlMjBGMTUlMjAlMkYlMjBGMTclMjAlMkYlMjBLNyUyMDVHJTIwJTJGJTIwUmVubyUyMDMlMjB3aXRoJTIwdGhpcyUyMFBhcnRzLiUyMiU3RCU1RCU3RCUyQyU3QiUyMnR5cGUlMjIlM0ElMjJwYXJhZ3JhcGglMjIlMkMlMjJjaGlsZHJlbiUyMiUzQSU1QiU3QiUyMmlkJTIyJTNBJTIyZTNnUk9FajFKZSUyMiUyQyUyMnBhcmFJZHglMjIlM0EyJTJDJTIyc3JjJTIyJTNBJTIyVXNlJTIwdGhpcyUyMExDRCUyMFJlcGxhY2VtZW50JTIwdG8lMjByZXNvbHZlJTIwbmVhcmx5JTIwYW55JTIwdG91Y2glMjBzY3JlZW4lMjBvciUyMGNvc21ldGljJTIwaXNzdWVzJTIweW91ciUyME9QUE8lMjBBOTElMjAlMkYlMjBGMTUlMjAlMkYlMjBGMTclMjAlMkYlMjBLNyUyMDVHJTIwJTJGJTIwUmVubyUyMDMlMjBtYXklMjBoYXZlLiUyMiUyQyUyMmRzdCUyMiUzQSUyMiVFNCVCRCVCRiVFNyU5NCVBOCVFNiVBRCVBNExDRCVFNiU5QiVCRiVFNCVCQiVBMyVFNSU5MyU4MSVFNSU4RiVBRiVFNCVCQiVBNSVFOCVBNyVBMyVFNSU4NiVCMyVFNiU4MiVBOCVFNyU5QSU4NE9QUE8lMjBBOTElMkZGMTUlMkZGMTclMkZLNyUyMDVHJTJGUmVubyUyMDMlRTUlOEYlQUYlRTglODMlQkQlRTklODElODclRTUlODglQjAlRTclOUElODQlRTUlODclQTAlRTQlQjklOEUlRTQlQkIlQkIlRTQlQkQlOTUlRTglQTclQTYlRTYlOTElQjglRTUlQjElOEYlRTYlODglOTYlRTUlQTQlOTYlRTglQTclODIlRTklOTclQUUlRTklQTIlOTglRTMlODAlODIlMjIlMkMlMjJtZXRhZGF0YSUyMiUzQSUyMiUyMiUyQyUyMm1ldGFEYXRhJTIyJTNBJTVCJTVEJTJDJTIydGV4dCUyMiUzQSUyMlVzZSUyMHRoaXMlMjBMQ0QlMjBSZXBsYWNlbWVudCUyMHRvJTIwcmVzb2x2ZSUyMG5lYXJseSUyMGFueSUyMHRvdWNoJTIwc2NyZWVuJTIwb3IlMjBjb3NtZXRpYyUyMGlzc3VlcyUyMHlvdXIlMjBPUFBPJTIwQTkxJTIwJTJGJTIwRjE1JTIwJTJGJTIwRjE3JTIwJTJGJTIwSzclMjA1RyUyMCUyRiUyMFJlbm8lMjAzJTIwbWF5JTIwaGF2ZS4lMjIlN0QlNUQlN0QlMkMlN0IlMjJ0eXBlJTIyJTNBJTIycGFyYWdyYXBoJTIyJTJDJTIyY2hpbGRyZW4lMjIlM0ElNUIlN0IlMjJpZCUyMiUzQSUyMlZPTHhEN1lHWnolMjIlMkMlMjJwYXJhSWR4JTIyJTNBMyUyQyUyMnNyYyUyMiUzQSUyMlRoZSUyMGhpZ2hseSUyMGFkdmFuY2VkJTIwUmV0aW5hJTIwRGlzcGxheSUyMG1lYW5zJTIwdGhhdCUyMHRoZSUyMHNjcmVlbiUyMGRvZXMlMjBub3QlMjBzaG93JTIwb2J2aW91cyUyMHBhcnRpY2xlJTJDJTIwcmVzdWx0aW5nJTIwaW4lMjBzdHVubmluZyUyMHBpY3R1cmVzJTIwaXQlMjBzaG93cy4lMjIlMkMlMjJkc3QlMjIlM0ElMjIlRTklQUIlOTglRTUlQkElQTYlRTUlODUlODglRTglQkYlOUIlRTclOUElODRSZXRpbmElRTYlOTglQkUlRTclQTQlQkElRTUlQjElOEYlRTYlODQlOEYlRTUlOTElQjMlRTclOUQlODAlRTUlQjElOEYlRTUlQjklOTUlRTQlQjglOEQlRTQlQkMlOUElRTYlOTglQkUlRTclQTQlQkElRTYlOTglOEUlRTYlOTglQkUlRTclOUElODQlRTklQTIlOTclRTclQjIlOTIlRUYlQkMlOEMlRTQlQkIlOEUlRTglODAlOEMlRTYlOTglQkUlRTclQTQlQkElRTUlODclQkElRTQlQkIlQTQlRTQlQkElQkElRTYlODMlOEElRTUlOEYlQjklRTclOUElODQlRTUlOUIlQkUlRTclODklODclRTMlODAlODIlMjIlMkMlMjJtZXRhZGF0YSUyMiUzQSUyMiUyMiUyQyUyMm1ldGFEYXRhJTIyJTNBJTVCJTVEJTJDJTIydGV4dCUyMiUzQSUyMlRoZSUyMGhpZ2hseSUyMGFkdmFuY2VkJTIwUmV0aW5hJTIwRGlzcGxheSUyMG1lYW5zJTIwdGhhdCUyMHRoZSUyMHNjcmVlbiUyMGRvZXMlMjBub3QlMjBzaG93JTIwb2J2aW91cyUyMHBhcnRpY2xlJTJDJTIwcmVzdWx0aW5nJTIwaW4lMjBzdHVubmluZyUyMHBpY3R1cmVzJTIwaXQlMjBzaG93cy4lMjIlN0QlNUQlN0QlMkMlN0IlMjJ0eXBlJTIyJTNBJTIycGFyYWdyYXBoJTIyJTJDJTIyY2hpbGRyZW4lMjIlM0ElNUIlN0IlMjJpZCUyMiUzQSUyMmVxdnhvbVpQZ1YlMjIlMkMlMjJwYXJhSWR4JTIyJTNBNCUyQyUyMnNyYyUyMiUzQSUyMlRoaXMlMjBMQ0QlMjBTY3JlZW4lMjBpcyUyMGNhcGFjaXRpdmUlMjBtdWx0aS10b3VjaCUyQyUyMGVuc3VyaW5nJTIwdGhlJTIwaGlnaCUyMHNlbnNpdGl2aXR5JTIwYW5kJTIwc21vb3RoJTIwc2NyZWVuJTIwb3BlcmF0aW9uLiUyMiUyQyUyMmRzdCUyMiUzQSUyMiVFOCVCRiU5OSVFNiVBQyVCRSVFNiVCNiVCMiVFNiU5OSVCNiVFNSVCMSU4RiVFNiU5OCVBRiVFNyU5NCVCNSVFNSVBRSVCOSVFNSVCQyU4RiVFNSVBNCU5QSVFNyU4MiVCOSVFOCVBNyVBNiVFNiU4RSVBNyVFRiVCQyU4QyVFNyVBMSVBRSVFNCVCRiU5RCVFNCVCQSU4NiVFOSVBQiU5OCVFNyU4MSVCNSVFNiU5NSU4RiVFNSVCQSVBNiVFNSU5MiU4QyVFNiVCNSU4MSVFNyU5NSU4NSVFNyU5QSU4NCVFNSVCMSU4RiVFNSVCOSU5NSVFNiU5MyU4RCVFNCVCRCU5QyVFMyU4MCU4MiUyMiUyQyUyMm1ldGFkYXRhJTIyJTNBJTIyJTIyJTJDJTIybWV0YURhdGElMjIlM0ElNUIlNUQlMkMlMjJ0ZXh0JTIyJTNBJTIyVGhpcyUyMExDRCUyMFNjcmVlbiUyMGlzJTIwY2FwYWNpdGl2ZSUyMG11bHRpLXRvdWNoJTJDJTIwZW5zdXJpbmclMjB0aGUlMjBoaWdoJTIwc2Vuc2l0aXZpdHklMjBhbmQlMjBzbW9vdGglMjBzY3JlZW4lMjBvcGVyYXRpb24uJTIyJTdEJTVEJTdEJTJDJTdCJTIydHlwZSUyMiUzQSUyMnBhcmFncmFwaCUyMiUyQyUyMmNoaWxkcmVuJTIyJTNBJTVCJTdCJTIyaWQlMjIlM0ElMjJCd3Y0WkdQbVd6JTIyJTJDJTIycGFyYUlkeCUyMiUzQTUlMkMlMjJzcmMlMjIlM0ElMjJXZSUyMHJlY29tbWVuZGVkJTIwZm9yJTIwcHJvZmVzc2lvbmFsJTIwaW5zdGFsbGF0aW9uLiUyMiUyQyUyMmRzdCUyMiUzQSUyMiVFNiU4OCU5MSVFNCVCQiVBQyVFNSVCQiVCQSVFOCVBRSVBRSVFNCVCOCU5MyVFNCVCOCU5QSVFNSVBRSU4OSVFOCVBMyU4NSVFMyU4MCU4MiUyMiUyQyUyMm1ldGFkYXRhJTIyJTNBJTIyJTIyJTJDJTIybWV0YURhdGElMjIlM0ElNUIlNUQlMkMlMjJ0ZXh0JTIyJTNBJTIyV2UlMjByZWNvbW1lbmRlZCUyMGZvciUyMHByb2Zlc3Npb25hbCUyMGluc3RhbGxhdGlvbi4lMjIlN0QlNUQlN0QlMkMlN0IlMjJ0eXBlJTIyJTNBJTIycGFyYWdyYXBoJTIyJTJDJTIyY2hpbGRyZW4lMjIlM0ElNUIlN0IlMjJpZCUyMiUzQSUyMno5M3ZPck1BT2UlMjIlMkMlMjJwYXJhSWR4JTIyJTNBNiUyQyUyMnNyYyUyMiUzQSUyMlF1YWxpdHklMjBtYXRlcmlhbCUyMGFuZCUyMHByZWNpc2lvbiUyMG1hY2hpbmluZy4lMjIlMkMlMjJkc3QlMjIlM0ElMjIlRTQlQkMlOTglRTglQjQlQTglRTYlOUQlOTAlRTYlOTYlOTklRTUlOTIlOEMlRTclQjIlQkUlRTUlQUYlODYlRTUlOEElQTAlRTUlQjclQTUlRTMlODAlODIlMjIlMkMlMjJtZXRhZGF0YSUyMiUzQSUyMiUyMiUyQyUyMm1ldGFEYXRhJTIyJTNBJTVCJTVEJTJDJTIydGV4dCUyMiUzQSUyMlF1YWxpdHklMjBtYXRlcmlhbCUyMGFuZCUyMHByZWNpc2lvbiUyMG1hY2hpbmluZy4lMjIlN0QlNUQlN0QlNUQ=\"><span style=\"font-family: arial, helvetica, sans-serif; font-size: 10pt;\" data-slate-node=\"text\"><span class=\"null\" data-slate-leaf=\"true\" data-sent-id=\"z93vOrMAOe\">Hochwertiges Material und pr\u00e4zise Verarbeitung.<\/span><\/span><\/div>","protected":false},"featured_media":16512,"comment_status":"open","ping_status":"closed","template":"","meta":[],"product_brand":[],"product_cat":[378,424],"product_tag":[],"class_list":{"0":"post-15968","1":"product","2":"type-product","3":"status-publish","4":"has-post-thumbnail","6":"product_cat-vivo","7":"product_cat-y-series","9":"first","10":"instock","11":"taxable","12":"shipping-taxable","13":"purchasable","14":"product-type-simple"},"yoast_head":"<!-- This site is optimized with the Yoast SEO plugin v27.4 - https:\/\/yoast.com\/product\/yoast-seo-wordpress\/ -->\n<title>Vivo Y97 LCD Display Upgrade - Vivid Vision for Crystal-Clear Viewing - Includes Single Piece &amp; Framed Versions - Enhanced Brightness &amp; Sharpness - Quality Guaranteed - Fast Shipping - InsurePart<\/title>\n<meta name=\"description\" content=\"Vivo Y97 LCD Display Upgrade - Vivid Vision for Crystal-Clear Viewing - Includes Single Piece &amp; Framed Versions - Enhanced Brightness &amp; Sharpness - Quality Guaranteed - Fast Shipping\" \/>\n<meta name=\"robots\" content=\"index, follow, max-snippet:-1, max-image-preview:large, max-video-preview:-1\" \/>\n<link rel=\"canonical\" href=\"https:\/\/www.dt-smart.com\/de\/produkt\/vivo-y97-lcd-vivid-vision-enhance-your-vivo-y97-screen-for-crystal-clear-viewingincludes-both-single-piece-and-framed-versions\/\" \/>\n<meta property=\"og:locale\" content=\"de_DE\" \/>\n<meta property=\"og:type\" content=\"article\" \/>\n<meta property=\"og:title\" content=\"Vivo Y97 LCD Display Upgrade - Vivid Vision for Crystal-Clear Viewing - Includes Single Piece &amp; Framed Versions - Enhanced Brightness &amp; Sharpness - Quality Guaranteed - Fast Shipping - InsurePart\" \/>\n<meta property=\"og:description\" content=\"Vivo Y97 LCD Display Upgrade - Vivid Vision for Crystal-Clear Viewing - Includes Single Piece &amp; Framed Versions - Enhanced Brightness &amp; Sharpness - Quality Guaranteed - Fast Shipping\" \/>\n<meta property=\"og:url\" content=\"https:\/\/www.dt-smart.com\/de\/produkt\/vivo-y97-lcd-vivid-vision-enhance-your-vivo-y97-screen-for-crystal-clear-viewingincludes-both-single-piece-and-framed-versions\/\" \/>\n<meta property=\"og:site_name\" content=\"InsurePart\" \/>\n<meta property=\"article:publisher\" content=\"https:\/\/www.facebook.com\/anjinleeEva\" \/>\n<meta property=\"article:modified_time\" content=\"2026-01-12T08:27:21+00:00\" \/>\n<meta property=\"og:image\" content=\"https:\/\/www.dt-smart.com\/wp-content\/uploads\/2024\/10\/Y97\u4e3b\u65b02.webp\" \/>\n\t<meta property=\"og:image:width\" content=\"1000\" \/>\n\t<meta property=\"og:image:height\" content=\"1000\" \/>\n\t<meta property=\"og:image:type\" content=\"image\/webp\" \/>\n<meta name=\"twitter:card\" content=\"summary_large_image\" \/>\n<meta name=\"twitter:label1\" content=\"Gesch\u00e4tzte Lesezeit\" \/>\n\t<meta name=\"twitter:data1\" content=\"1\u00a0Minute\" \/>\n<script type=\"application\/ld+json\" class=\"yoast-schema-graph\">{\"@context\":\"https:\\\/\\\/schema.org\",\"@graph\":[{\"@type\":\"WebPage\",\"@id\":\"https:\\\/\\\/www.dt-smart.com\\\/ja\\\/product\\\/vivo-y97-lcd-vivid-vision-enhance-your-vivo-y97-screen-for-crystal-clear-viewingincludes-both-single-piece-and-framed-versions\\\/\",\"url\":\"https:\\\/\\\/www.dt-smart.com\\\/ja\\\/product\\\/vivo-y97-lcd-vivid-vision-enhance-your-vivo-y97-screen-for-crystal-clear-viewingincludes-both-single-piece-and-framed-versions\\\/\",\"name\":\"Vivo Y97 LCD Display Upgrade - Vivid Vision for Crystal-Clear Viewing - Includes Single Piece & Framed Versions - Enhanced Brightness & Sharpness - Quality Guaranteed - Fast Shipping - InsurePart\",\"isPartOf\":{\"@id\":\"https:\\\/\\\/www.dt-smart.com\\\/#website\"},\"primaryImageOfPage\":{\"@id\":\"https:\\\/\\\/www.dt-smart.com\\\/ja\\\/product\\\/vivo-y97-lcd-vivid-vision-enhance-your-vivo-y97-screen-for-crystal-clear-viewingincludes-both-single-piece-and-framed-versions\\\/#primaryimage\"},\"image\":{\"@id\":\"https:\\\/\\\/www.dt-smart.com\\\/ja\\\/product\\\/vivo-y97-lcd-vivid-vision-enhance-your-vivo-y97-screen-for-crystal-clear-viewingincludes-both-single-piece-and-framed-versions\\\/#primaryimage\"},\"thumbnailUrl\":\"https:\\\/\\\/www.dt-smart.com\\\/wp-content\\\/uploads\\\/2024\\\/10\\\/Y97\u4e3b\u65b02.webp\",\"datePublished\":\"2024-09-29T02:29:21+00:00\",\"dateModified\":\"2026-01-12T08:27:21+00:00\",\"description\":\"Vivo Y97 LCD Display Upgrade - Vivid Vision for Crystal-Clear Viewing - Includes Single Piece & Framed Versions - Enhanced Brightness & Sharpness - Quality Guaranteed - Fast Shipping\",\"breadcrumb\":{\"@id\":\"https:\\\/\\\/www.dt-smart.com\\\/ja\\\/product\\\/vivo-y97-lcd-vivid-vision-enhance-your-vivo-y97-screen-for-crystal-clear-viewingincludes-both-single-piece-and-framed-versions\\\/#breadcrumb\"},\"inLanguage\":\"de\",\"potentialAction\":[{\"@type\":\"ReadAction\",\"target\":[\"https:\\\/\\\/www.dt-smart.com\\\/ja\\\/product\\\/vivo-y97-lcd-vivid-vision-enhance-your-vivo-y97-screen-for-crystal-clear-viewingincludes-both-single-piece-and-framed-versions\\\/\"]}]},{\"@type\":\"ImageObject\",\"inLanguage\":\"de\",\"@id\":\"https:\\\/\\\/www.dt-smart.com\\\/ja\\\/product\\\/vivo-y97-lcd-vivid-vision-enhance-your-vivo-y97-screen-for-crystal-clear-viewingincludes-both-single-piece-and-framed-versions\\\/#primaryimage\",\"url\":\"https:\\\/\\\/www.dt-smart.com\\\/wp-content\\\/uploads\\\/2024\\\/10\\\/Y97\u4e3b\u65b02.webp\",\"contentUrl\":\"https:\\\/\\\/www.dt-smart.com\\\/wp-content\\\/uploads\\\/2024\\\/10\\\/Y97\u4e3b\u65b02.webp\",\"width\":1000,\"height\":1000},{\"@type\":\"BreadcrumbList\",\"@id\":\"https:\\\/\\\/www.dt-smart.com\\\/ja\\\/product\\\/vivo-y97-lcd-vivid-vision-enhance-your-vivo-y97-screen-for-crystal-clear-viewingincludes-both-single-piece-and-framed-versions\\\/#breadcrumb\",\"itemListElement\":[{\"@type\":\"ListItem\",\"position\":1,\"name\":\"Home\",\"item\":\"https:\\\/\\\/www.dt-smart.com\\\/\"},{\"@type\":\"ListItem\",\"position\":2,\"name\":\"Product\",\"item\":\"https:\\\/\\\/www.dt-smart.com\\\/ru\\\/product\\\/\"},{\"@type\":\"ListItem\",\"position\":3,\"name\":\"Vivo Y97 LCD Display Upgrade &#8211; Vivid Vision for Crystal-Clear Viewing &#8211; Includes Single Piece &#038; Framed Versions &#8211; Enhanced Brightness &#038; Sharpness &#8211; Quality Guaranteed &#8211; Fast Shipping\"}]},{\"@type\":\"WebSite\",\"@id\":\"https:\\\/\\\/www.dt-smart.com\\\/#website\",\"url\":\"https:\\\/\\\/www.dt-smart.com\\\/\",\"name\":\"InsurePart\",\"description\":\"Cell Phone Repair Parts; iPhone Parts Wholesale;Samsung Parts Supplier\",\"potentialAction\":[{\"@type\":\"SearchAction\",\"target\":{\"@type\":\"EntryPoint\",\"urlTemplate\":\"https:\\\/\\\/www.dt-smart.com\\\/?s={search_term_string}\"},\"query-input\":{\"@type\":\"PropertyValueSpecification\",\"valueRequired\":true,\"valueName\":\"search_term_string\"}}],\"inLanguage\":\"de\"}]}<\/script>\n<!-- \/ Yoast SEO plugin. -->","yoast_head_json":{"title":"Vivo Y97 LCD Display Upgrade - Vivid Vision for Crystal-Clear Viewing - Includes Single Piece & Framed Versions - Enhanced Brightness & Sharpness - Quality Guaranteed - Fast Shipping - InsurePart","description":"Vivo Y97 LCD-Display-Upgrade \u2013 Brillante Bilder f\u00fcr gestochen scharfe Darstellung \u2013 Inklusive einteiliger und gerahmter Versionen \u2013 Verbesserte Helligkeit und Sch\u00e4rfe \u2013 Qualit\u00e4tsgarantie \u2013 Schneller Versand","robots":{"index":"index","follow":"follow","max-snippet":"max-snippet:-1","max-image-preview":"max-image-preview:large","max-video-preview":"max-video-preview:-1"},"canonical":"https:\/\/www.dt-smart.com\/de\/produkt\/vivo-y97-lcd-vivid-vision-enhance-your-vivo-y97-screen-for-crystal-clear-viewingincludes-both-single-piece-and-framed-versions\/","og_locale":"de_DE","og_type":"article","og_title":"Vivo Y97 LCD Display Upgrade - Vivid Vision for Crystal-Clear Viewing - Includes Single Piece & Framed Versions - Enhanced Brightness & Sharpness - Quality Guaranteed - Fast Shipping - InsurePart","og_description":"Vivo Y97 LCD Display Upgrade - Vivid Vision for Crystal-Clear Viewing - Includes Single Piece & Framed Versions - Enhanced Brightness & Sharpness - Quality Guaranteed - Fast Shipping","og_url":"https:\/\/www.dt-smart.com\/de\/produkt\/vivo-y97-lcd-vivid-vision-enhance-your-vivo-y97-screen-for-crystal-clear-viewingincludes-both-single-piece-and-framed-versions\/","og_site_name":"InsurePart","article_publisher":"https:\/\/www.facebook.com\/anjinleeEva","article_modified_time":"2026-01-12T08:27:21+00:00","og_image":[{"width":1000,"height":1000,"url":"https:\/\/www.dt-smart.com\/wp-content\/uploads\/2024\/10\/Y97\u4e3b\u65b02.webp","type":"image\/webp"}],"twitter_card":"summary_large_image","twitter_misc":{"Gesch\u00e4tzte Lesezeit":"1\u00a0Minute"},"schema":{"@context":"https:\/\/schema.org","@graph":[{"@type":"WebPage","@id":"https:\/\/www.dt-smart.com\/ja\/product\/vivo-y97-lcd-vivid-vision-enhance-your-vivo-y97-screen-for-crystal-clear-viewingincludes-both-single-piece-and-framed-versions\/","url":"https:\/\/www.dt-smart.com\/ja\/product\/vivo-y97-lcd-vivid-vision-enhance-your-vivo-y97-screen-for-crystal-clear-viewingincludes-both-single-piece-and-framed-versions\/","name":"Vivo Y97 LCD Display Upgrade - Vivid Vision for Crystal-Clear Viewing - Includes Single Piece & Framed Versions - Enhanced Brightness & Sharpness - Quality Guaranteed - Fast Shipping - InsurePart","isPartOf":{"@id":"https:\/\/www.dt-smart.com\/#website"},"primaryImageOfPage":{"@id":"https:\/\/www.dt-smart.com\/ja\/product\/vivo-y97-lcd-vivid-vision-enhance-your-vivo-y97-screen-for-crystal-clear-viewingincludes-both-single-piece-and-framed-versions\/#primaryimage"},"image":{"@id":"https:\/\/www.dt-smart.com\/ja\/product\/vivo-y97-lcd-vivid-vision-enhance-your-vivo-y97-screen-for-crystal-clear-viewingincludes-both-single-piece-and-framed-versions\/#primaryimage"},"thumbnailUrl":"https:\/\/www.dt-smart.com\/wp-content\/uploads\/2024\/10\/Y97\u4e3b\u65b02.webp","datePublished":"2024-09-29T02:29:21+00:00","dateModified":"2026-01-12T08:27:21+00:00","description":"Vivo Y97 LCD-Display-Upgrade \u2013 Brillante Bilder f\u00fcr gestochen scharfe Darstellung \u2013 Inklusive einteiliger und gerahmter Versionen \u2013 Verbesserte Helligkeit und Sch\u00e4rfe \u2013 Qualit\u00e4tsgarantie \u2013 Schneller Versand","breadcrumb":{"@id":"https:\/\/www.dt-smart.com\/ja\/product\/vivo-y97-lcd-vivid-vision-enhance-your-vivo-y97-screen-for-crystal-clear-viewingincludes-both-single-piece-and-framed-versions\/#breadcrumb"},"inLanguage":"de","potentialAction":[{"@type":"ReadAction","target":["https:\/\/www.dt-smart.com\/ja\/product\/vivo-y97-lcd-vivid-vision-enhance-your-vivo-y97-screen-for-crystal-clear-viewingincludes-both-single-piece-and-framed-versions\/"]}]},{"@type":"ImageObject","inLanguage":"de","@id":"https:\/\/www.dt-smart.com\/ja\/product\/vivo-y97-lcd-vivid-vision-enhance-your-vivo-y97-screen-for-crystal-clear-viewingincludes-both-single-piece-and-framed-versions\/#primaryimage","url":"https:\/\/www.dt-smart.com\/wp-content\/uploads\/2024\/10\/Y97\u4e3b\u65b02.webp","contentUrl":"https:\/\/www.dt-smart.com\/wp-content\/uploads\/2024\/10\/Y97\u4e3b\u65b02.webp","width":1000,"height":1000},{"@type":"BreadcrumbList","@id":"https:\/\/www.dt-smart.com\/ja\/product\/vivo-y97-lcd-vivid-vision-enhance-your-vivo-y97-screen-for-crystal-clear-viewingincludes-both-single-piece-and-framed-versions\/#breadcrumb","itemListElement":[{"@type":"ListItem","position":1,"name":"Home","item":"https:\/\/www.dt-smart.com\/"},{"@type":"ListItem","position":2,"name":"Product","item":"https:\/\/www.dt-smart.com\/ru\/product\/"},{"@type":"ListItem","position":3,"name":"Vivo Y97 LCD Display Upgrade &#8211; Vivid Vision for Crystal-Clear Viewing &#8211; Includes Single Piece &#038; Framed Versions &#8211; Enhanced Brightness &#038; Sharpness &#8211; Quality Guaranteed &#8211; Fast Shipping"}]},{"@type":"WebSite","@id":"https:\/\/www.dt-smart.com\/#website","url":"https:\/\/www.dt-smart.com\/","name":"InsurePart","description":"Handy-Ersatzteile; iPhone-Ersatzteile im Gro\u00dfhandel; Samsung-Ersatzteillieferant","potentialAction":[{"@type":"SearchAction","target":{"@type":"EntryPoint","urlTemplate":"https:\/\/www.dt-smart.com\/?s={search_term_string}"},"query-input":{"@type":"PropertyValueSpecification","valueRequired":true,"valueName":"search_term_string"}}],"inLanguage":"de"}]}},"_links":{"self":[{"href":"https:\/\/www.dt-smart.com\/de\/wp-json\/wp\/v2\/product\/15968","targetHints":{"allow":["GET"]}}],"collection":[{"href":"https:\/\/www.dt-smart.com\/de\/wp-json\/wp\/v2\/product"}],"about":[{"href":"https:\/\/www.dt-smart.com\/de\/wp-json\/wp\/v2\/types\/product"}],"replies":[{"embeddable":true,"href":"https:\/\/www.dt-smart.com\/de\/wp-json\/wp\/v2\/comments?post=15968"}],"version-history":[{"count":5,"href":"https:\/\/www.dt-smart.com\/de\/wp-json\/wp\/v2\/product\/15968\/revisions"}],"predecessor-version":[{"id":24577,"href":"https:\/\/www.dt-smart.com\/de\/wp-json\/wp\/v2\/product\/15968\/revisions\/24577"}],"wp:featuredmedia":[{"embeddable":true,"href":"https:\/\/www.dt-smart.com\/de\/wp-json\/wp\/v2\/media\/16512"}],"wp:attachment":[{"href":"https:\/\/www.dt-smart.com\/de\/wp-json\/wp\/v2\/media?parent=15968"}],"wp:term":[{"taxonomy":"product_brand","embeddable":true,"href":"https:\/\/www.dt-smart.com\/de\/wp-json\/wp\/v2\/product_brand?post=15968"},{"taxonomy":"product_cat","embeddable":true,"href":"https:\/\/www.dt-smart.com\/de\/wp-json\/wp\/v2\/product_cat?post=15968"},{"taxonomy":"product_tag","embeddable":true,"href":"https:\/\/www.dt-smart.com\/de\/wp-json\/wp\/v2\/product_tag?post=15968"}],"curies":[{"name":"wp","href":"https:\/\/api.w.org\/{rel}","templated":true}]}}