{"id":16130,"date":"2024-10-14T14:49:19","date_gmt":"2024-10-14T06:49:19","guid":{"rendered":"https:\/\/www.insurepart.com\/?post_type=product&#038;p=16130"},"modified":"2026-01-05T12:12:26","modified_gmt":"2026-01-05T04:12:26","slug":"redmi-12c-large-display-with-eye-comfort-technology","status":"publish","type":"product","link":"https:\/\/www.dt-smart.com\/de\/produkt\/redmi-12c-large-display-with-eye-comfort-technology\/","title":{"rendered":"Original Redmi 12C LCD-Bildschirm als Ersatz \u2013 Gro\u00dfes, augenschonendes Display, flimmerfrei und mit Blaulichtfilter. 1 Jahr Garantie, schneller Versand."},"content":{"rendered":"<p style=\"text-align: center;\"><img fetchpriority=\"high\" decoding=\"async\" class=\"alignnone size-full wp-image-15567\" src=\"https:\/\/insurepart.com\/wp-content\/uploads\/2024\/08\/\u4e3a\u4ec0\u4e48\u9009\u62e9\u6211\u4eec22.webp\" alt=\"\" width=\"1000\" height=\"786\" srcset=\"https:\/\/www.dt-smart.com\/wp-content\/uploads\/2024\/08\/\u4e3a\u4ec0\u4e48\u9009\u62e9\u6211\u4eec22.webp 1000w, https:\/\/www.dt-smart.com\/wp-content\/uploads\/2024\/08\/\u4e3a\u4ec0\u4e48\u9009\u62e9\u6211\u4eec22-300x236.webp 300w, https:\/\/www.dt-smart.com\/wp-content\/uploads\/2024\/08\/\u4e3a\u4ec0\u4e48\u9009\u62e9\u6211\u4eec22-150x118.webp 150w, https:\/\/www.dt-smart.com\/wp-content\/uploads\/2024\/08\/\u4e3a\u4ec0\u4e48\u9009\u62e9\u6211\u4eec22-800x629.webp 800w, https:\/\/www.dt-smart.com\/wp-content\/uploads\/2024\/08\/\u4e3a\u4ec0\u4e48\u9009\u62e9\u6211\u4eec22-768x604.webp 768w, https:\/\/www.dt-smart.com\/wp-content\/uploads\/2024\/08\/\u4e3a\u4ec0\u4e48\u9009\u62e9\u6211\u4eec22-15x12.webp 15w\" sizes=\"(max-width: 1000px) 100vw, 1000px\" \/><\/p>","protected":false},"excerpt":{"rendered":"<p><span style=\"font-family: georgia, palatino, serif; font-size: 10pt;\">Das Redmi 12C besticht durch ein gro\u00dfes Display, das Ihr Seherlebnis mit lebendigen und satten Farben bereichert.<\/span><br \/>\n<span style=\"font-family: georgia, palatino, serif; font-size: 10pt;\">Es wurde f\u00fcr den ganzt\u00e4gigen Einsatz konzipiert und verf\u00fcgt \u00fcber augenschonende Funktionen zur Reduzierung von blauem Licht, wodurch die Augenbelastung auch bei l\u00e4ngerer Bildschirmzeit minimiert wird.<\/span><br \/>\n<span style=\"font-family: georgia, palatino, serif; font-size: 10pt;\">Das Display ist hell und klar und eignet sich daher ideal f\u00fcr den Innen- und Au\u00dfenbereich. Das schlanke Bildschirmdesign unterstreicht das elegante Gesamtbild des Ger\u00e4ts.,<\/span><br \/>\n<span style=\"font-family: georgia, palatino, serif; font-size: 10pt;\">Es liegt angenehm in der Hand und bietet ein erstklassiges Seherlebnis ohne Pixelfehler. Genie\u00dfen Sie gestochen scharfe Bilder mit naturgetreuer Farbwiedergabe.<\/span><\/p>","protected":false},"featured_media":16070,"comment_status":"open","ping_status":"closed","template":"","meta":[],"product_brand":[],"product_cat":[868,869],"product_tag":[],"class_list":{"0":"post-16130","1":"product","2":"type-product","3":"status-publish","4":"has-post-thumbnail","6":"product_cat-redmi-12c","7":"product_cat-redmi-series","9":"first","10":"instock","11":"taxable","12":"shipping-taxable","13":"purchasable","14":"product-type-variable"},"yoast_head":"<!-- This site is optimized with the Yoast SEO plugin v27.4 - https:\/\/yoast.com\/product\/yoast-seo-wordpress\/ -->\n<title>Redmi 12C Original LCD Screen Replacement - Large Eye Comfort Display, Flicker-Free &amp; Blue Light Filter. 1-Year Warranty, Fast Shipping - InsurePart<\/title>\n<meta name=\"description\" content=\"Redmi 12C Original LCD Screen Replacement - Large Eye Comfort Display, Flicker-Free &amp; Blue Light Filter. 1-Year Warranty, Fast Shipping\" \/>\n<meta name=\"robots\" content=\"index, follow, max-snippet:-1, max-image-preview:large, max-video-preview:-1\" \/>\n<link rel=\"canonical\" href=\"https:\/\/www.dt-smart.com\/de\/produkt\/redmi-12c-large-display-with-eye-comfort-technology\/\" \/>\n<meta property=\"og:locale\" content=\"de_DE\" \/>\n<meta property=\"og:type\" content=\"article\" \/>\n<meta property=\"og:title\" content=\"Redmi 12C Original LCD Screen Replacement - Large Eye Comfort Display, Flicker-Free &amp; Blue Light Filter. 1-Year Warranty, Fast Shipping - InsurePart\" \/>\n<meta property=\"og:description\" content=\"Redmi 12C Original LCD Screen Replacement - Large Eye Comfort Display, Flicker-Free &amp; Blue Light Filter. 1-Year Warranty, Fast Shipping\" \/>\n<meta property=\"og:url\" content=\"https:\/\/www.dt-smart.com\/de\/produkt\/redmi-12c-large-display-with-eye-comfort-technology\/\" \/>\n<meta property=\"og:site_name\" content=\"InsurePart\" \/>\n<meta property=\"article:publisher\" content=\"https:\/\/www.facebook.com\/anjinleeEva\" \/>\n<meta property=\"article:modified_time\" content=\"2026-01-05T04:12:26+00:00\" \/>\n<meta property=\"og:image\" content=\"https:\/\/www.dt-smart.com\/wp-content\/uploads\/2024\/10\/12C\u4e3b.webp\" \/>\n\t<meta property=\"og:image:width\" content=\"800\" \/>\n\t<meta property=\"og:image:height\" content=\"1000\" \/>\n\t<meta property=\"og:image:type\" content=\"image\/webp\" \/>\n<meta name=\"twitter:card\" content=\"summary_large_image\" \/>\n<meta name=\"twitter:label1\" content=\"Gesch\u00e4tzte Lesezeit\" \/>\n\t<meta name=\"twitter:data1\" content=\"1\u00a0Minute\" \/>\n<script type=\"application\/ld+json\" class=\"yoast-schema-graph\">{\"@context\":\"https:\\\/\\\/schema.org\",\"@graph\":[{\"@type\":\"WebPage\",\"@id\":\"https:\\\/\\\/www.dt-smart.com\\\/product\\\/redmi-12c-large-display-with-eye-comfort-technology\\\/\",\"url\":\"https:\\\/\\\/www.dt-smart.com\\\/product\\\/redmi-12c-large-display-with-eye-comfort-technology\\\/\",\"name\":\"Redmi 12C Original LCD Screen Replacement - Large Eye Comfort Display, Flicker-Free & Blue Light Filter. 1-Year Warranty, Fast Shipping - InsurePart\",\"isPartOf\":{\"@id\":\"https:\\\/\\\/www.dt-smart.com\\\/#website\"},\"primaryImageOfPage\":{\"@id\":\"https:\\\/\\\/www.dt-smart.com\\\/product\\\/redmi-12c-large-display-with-eye-comfort-technology\\\/#primaryimage\"},\"image\":{\"@id\":\"https:\\\/\\\/www.dt-smart.com\\\/product\\\/redmi-12c-large-display-with-eye-comfort-technology\\\/#primaryimage\"},\"thumbnailUrl\":\"https:\\\/\\\/www.dt-smart.com\\\/wp-content\\\/uploads\\\/2024\\\/10\\\/12C\u4e3b.webp\",\"datePublished\":\"2024-10-14T06:49:19+00:00\",\"dateModified\":\"2026-01-05T04:12:26+00:00\",\"description\":\"Redmi 12C Original LCD Screen Replacement - Large Eye Comfort Display, Flicker-Free & Blue Light Filter. 1-Year Warranty, Fast Shipping\",\"breadcrumb\":{\"@id\":\"https:\\\/\\\/www.dt-smart.com\\\/product\\\/redmi-12c-large-display-with-eye-comfort-technology\\\/#breadcrumb\"},\"inLanguage\":\"de\",\"potentialAction\":[{\"@type\":\"ReadAction\",\"target\":[\"https:\\\/\\\/www.dt-smart.com\\\/product\\\/redmi-12c-large-display-with-eye-comfort-technology\\\/\"]}]},{\"@type\":\"ImageObject\",\"inLanguage\":\"de\",\"@id\":\"https:\\\/\\\/www.dt-smart.com\\\/product\\\/redmi-12c-large-display-with-eye-comfort-technology\\\/#primaryimage\",\"url\":\"https:\\\/\\\/www.dt-smart.com\\\/wp-content\\\/uploads\\\/2024\\\/10\\\/12C\u4e3b.webp\",\"contentUrl\":\"https:\\\/\\\/www.dt-smart.com\\\/wp-content\\\/uploads\\\/2024\\\/10\\\/12C\u4e3b.webp\",\"width\":800,\"height\":1000},{\"@type\":\"BreadcrumbList\",\"@id\":\"https:\\\/\\\/www.dt-smart.com\\\/product\\\/redmi-12c-large-display-with-eye-comfort-technology\\\/#breadcrumb\",\"itemListElement\":[{\"@type\":\"ListItem\",\"position\":1,\"name\":\"Home\",\"item\":\"https:\\\/\\\/www.dt-smart.com\\\/\"},{\"@type\":\"ListItem\",\"position\":2,\"name\":\"Product\",\"item\":\"https:\\\/\\\/www.dt-smart.com\\\/ru\\\/product\\\/\"},{\"@type\":\"ListItem\",\"position\":3,\"name\":\"Redmi 12C Original LCD Screen Replacement &#8211; Large Eye Comfort Display, Flicker-Free &#038; Blue Light Filter. 1-Year Warranty, Fast Shipping\"}]},{\"@type\":\"WebSite\",\"@id\":\"https:\\\/\\\/www.dt-smart.com\\\/#website\",\"url\":\"https:\\\/\\\/www.dt-smart.com\\\/\",\"name\":\"InsurePart\",\"description\":\"Cell Phone Repair Parts; iPhone Parts Wholesale;Samsung Parts Supplier\",\"potentialAction\":[{\"@type\":\"SearchAction\",\"target\":{\"@type\":\"EntryPoint\",\"urlTemplate\":\"https:\\\/\\\/www.dt-smart.com\\\/?s={search_term_string}\"},\"query-input\":{\"@type\":\"PropertyValueSpecification\",\"valueRequired\":true,\"valueName\":\"search_term_string\"}}],\"inLanguage\":\"de\"}]}<\/script>\n<!-- \/ Yoast SEO plugin. -->","yoast_head_json":{"title":"Redmi 12C Original LCD Screen Replacement - Large Eye Comfort Display, Flicker-Free & Blue Light Filter. 1-Year Warranty, Fast Shipping - InsurePart","description":"Original Redmi 12C LCD-Bildschirm als Ersatz \u2013 Gro\u00dfes, augenschonendes Display, flimmerfrei und mit Blaulichtfilter. 1 Jahr Garantie, schneller Versand.","robots":{"index":"index","follow":"follow","max-snippet":"max-snippet:-1","max-image-preview":"max-image-preview:large","max-video-preview":"max-video-preview:-1"},"canonical":"https:\/\/www.dt-smart.com\/de\/produkt\/redmi-12c-large-display-with-eye-comfort-technology\/","og_locale":"de_DE","og_type":"article","og_title":"Redmi 12C Original LCD Screen Replacement - Large Eye Comfort Display, Flicker-Free & Blue Light Filter. 1-Year Warranty, Fast Shipping - InsurePart","og_description":"Redmi 12C Original LCD Screen Replacement - Large Eye Comfort Display, Flicker-Free & Blue Light Filter. 1-Year Warranty, Fast Shipping","og_url":"https:\/\/www.dt-smart.com\/de\/produkt\/redmi-12c-large-display-with-eye-comfort-technology\/","og_site_name":"InsurePart","article_publisher":"https:\/\/www.facebook.com\/anjinleeEva","article_modified_time":"2026-01-05T04:12:26+00:00","og_image":[{"width":800,"height":1000,"url":"https:\/\/www.dt-smart.com\/wp-content\/uploads\/2024\/10\/12C\u4e3b.webp","type":"image\/webp"}],"twitter_card":"summary_large_image","twitter_misc":{"Gesch\u00e4tzte Lesezeit":"1\u00a0Minute"},"schema":{"@context":"https:\/\/schema.org","@graph":[{"@type":"WebPage","@id":"https:\/\/www.dt-smart.com\/product\/redmi-12c-large-display-with-eye-comfort-technology\/","url":"https:\/\/www.dt-smart.com\/product\/redmi-12c-large-display-with-eye-comfort-technology\/","name":"Redmi 12C Original LCD Screen Replacement - Large Eye Comfort Display, Flicker-Free & Blue Light Filter. 1-Year Warranty, Fast Shipping - InsurePart","isPartOf":{"@id":"https:\/\/www.dt-smart.com\/#website"},"primaryImageOfPage":{"@id":"https:\/\/www.dt-smart.com\/product\/redmi-12c-large-display-with-eye-comfort-technology\/#primaryimage"},"image":{"@id":"https:\/\/www.dt-smart.com\/product\/redmi-12c-large-display-with-eye-comfort-technology\/#primaryimage"},"thumbnailUrl":"https:\/\/www.dt-smart.com\/wp-content\/uploads\/2024\/10\/12C\u4e3b.webp","datePublished":"2024-10-14T06:49:19+00:00","dateModified":"2026-01-05T04:12:26+00:00","description":"Original Redmi 12C LCD-Bildschirm als Ersatz \u2013 Gro\u00dfes, augenschonendes Display, flimmerfrei und mit Blaulichtfilter. 1 Jahr Garantie, schneller Versand.","breadcrumb":{"@id":"https:\/\/www.dt-smart.com\/product\/redmi-12c-large-display-with-eye-comfort-technology\/#breadcrumb"},"inLanguage":"de","potentialAction":[{"@type":"ReadAction","target":["https:\/\/www.dt-smart.com\/product\/redmi-12c-large-display-with-eye-comfort-technology\/"]}]},{"@type":"ImageObject","inLanguage":"de","@id":"https:\/\/www.dt-smart.com\/product\/redmi-12c-large-display-with-eye-comfort-technology\/#primaryimage","url":"https:\/\/www.dt-smart.com\/wp-content\/uploads\/2024\/10\/12C\u4e3b.webp","contentUrl":"https:\/\/www.dt-smart.com\/wp-content\/uploads\/2024\/10\/12C\u4e3b.webp","width":800,"height":1000},{"@type":"BreadcrumbList","@id":"https:\/\/www.dt-smart.com\/product\/redmi-12c-large-display-with-eye-comfort-technology\/#breadcrumb","itemListElement":[{"@type":"ListItem","position":1,"name":"Home","item":"https:\/\/www.dt-smart.com\/"},{"@type":"ListItem","position":2,"name":"Product","item":"https:\/\/www.dt-smart.com\/ru\/product\/"},{"@type":"ListItem","position":3,"name":"Redmi 12C Original LCD Screen Replacement &#8211; Large Eye Comfort Display, Flicker-Free &#038; Blue Light Filter. 1-Year Warranty, Fast Shipping"}]},{"@type":"WebSite","@id":"https:\/\/www.dt-smart.com\/#website","url":"https:\/\/www.dt-smart.com\/","name":"InsurePart","description":"Handy-Ersatzteile; iPhone-Ersatzteile im Gro\u00dfhandel; Samsung-Ersatzteillieferant","potentialAction":[{"@type":"SearchAction","target":{"@type":"EntryPoint","urlTemplate":"https:\/\/www.dt-smart.com\/?s={search_term_string}"},"query-input":{"@type":"PropertyValueSpecification","valueRequired":true,"valueName":"search_term_string"}}],"inLanguage":"de"}]}},"_links":{"self":[{"href":"https:\/\/www.dt-smart.com\/de\/wp-json\/wp\/v2\/product\/16130","targetHints":{"allow":["GET"]}}],"collection":[{"href":"https:\/\/www.dt-smart.com\/de\/wp-json\/wp\/v2\/product"}],"about":[{"href":"https:\/\/www.dt-smart.com\/de\/wp-json\/wp\/v2\/types\/product"}],"replies":[{"embeddable":true,"href":"https:\/\/www.dt-smart.com\/de\/wp-json\/wp\/v2\/comments?post=16130"}],"version-history":[{"count":6,"href":"https:\/\/www.dt-smart.com\/de\/wp-json\/wp\/v2\/product\/16130\/revisions"}],"predecessor-version":[{"id":24079,"href":"https:\/\/www.dt-smart.com\/de\/wp-json\/wp\/v2\/product\/16130\/revisions\/24079"}],"wp:featuredmedia":[{"embeddable":true,"href":"https:\/\/www.dt-smart.com\/de\/wp-json\/wp\/v2\/media\/16070"}],"wp:attachment":[{"href":"https:\/\/www.dt-smart.com\/de\/wp-json\/wp\/v2\/media?parent=16130"}],"wp:term":[{"taxonomy":"product_brand","embeddable":true,"href":"https:\/\/www.dt-smart.com\/de\/wp-json\/wp\/v2\/product_brand?post=16130"},{"taxonomy":"product_cat","embeddable":true,"href":"https:\/\/www.dt-smart.com\/de\/wp-json\/wp\/v2\/product_cat?post=16130"},{"taxonomy":"product_tag","embeddable":true,"href":"https:\/\/www.dt-smart.com\/de\/wp-json\/wp\/v2\/product_tag?post=16130"}],"curies":[{"name":"wp","href":"https:\/\/api.w.org\/{rel}","templated":true}]}}