{"id":16158,"date":"2024-10-14T15:56:10","date_gmt":"2024-10-14T07:56:10","guid":{"rendered":"https:\/\/www.insurepart.com\/?post_type=product&#038;p=16158"},"modified":"2026-01-12T17:43:17","modified_gmt":"2026-01-12T09:43:17","slug":"redmi-9at-bright-display-for-essential-everyday-use","status":"publish","type":"product","link":"https:\/\/www.dt-smart.com\/de\/produkt\/redmi-9at-bright-display-for-essential-everyday-use\/","title":{"rendered":"Original Redmi 9AT Display-Ersatz \u2013 Helles und robustes Display f\u00fcr den t\u00e4glichen Gebrauch. 1 Jahr Garantie, schneller Versand."},"content":{"rendered":"<p style=\"text-align: center;\"><img fetchpriority=\"high\" decoding=\"async\" class=\"alignnone size-full wp-image-15567\" src=\"https:\/\/insurepart.com\/wp-content\/uploads\/2024\/08\/\u4e3a\u4ec0\u4e48\u9009\u62e9\u6211\u4eec22.webp\" alt=\"\" width=\"1000\" height=\"786\" srcset=\"https:\/\/www.dt-smart.com\/wp-content\/uploads\/2024\/08\/\u4e3a\u4ec0\u4e48\u9009\u62e9\u6211\u4eec22.webp 1000w, https:\/\/www.dt-smart.com\/wp-content\/uploads\/2024\/08\/\u4e3a\u4ec0\u4e48\u9009\u62e9\u6211\u4eec22-300x236.webp 300w, https:\/\/www.dt-smart.com\/wp-content\/uploads\/2024\/08\/\u4e3a\u4ec0\u4e48\u9009\u62e9\u6211\u4eec22-150x118.webp 150w, https:\/\/www.dt-smart.com\/wp-content\/uploads\/2024\/08\/\u4e3a\u4ec0\u4e48\u9009\u62e9\u6211\u4eec22-800x629.webp 800w, https:\/\/www.dt-smart.com\/wp-content\/uploads\/2024\/08\/\u4e3a\u4ec0\u4e48\u9009\u62e9\u6211\u4eec22-768x604.webp 768w, https:\/\/www.dt-smart.com\/wp-content\/uploads\/2024\/08\/\u4e3a\u4ec0\u4e48\u9009\u62e9\u6211\u4eec22-15x12.webp 15w\" sizes=\"(max-width: 1000px) 100vw, 1000px\" \/><\/p>","protected":false},"excerpt":{"rendered":"<p><span style=\"font-family: arial, helvetica, sans-serif; font-size: 10pt;\">Das Redmi 9AT bietet ein helles und klares Display, das f\u00fcr den allt\u00e4glichen Gebrauch konzipiert ist. Ob Surfen, Nachrichten schreiben, <\/span><br \/>\n<span style=\"font-family: arial, helvetica, sans-serif; font-size: 10pt;\">Ob beim Ansehen von Videos oder beim Betrachten von Videos \u2013 der Bildschirm bietet scharfe Bilder und pr\u00e4zise Farben und ist damit eine hervorragende Wahl f\u00fcr Benutzer, die eine zuverl\u00e4ssige Leistung ben\u00f6tigen. <\/span><br \/>\n<span style=\"font-family: arial, helvetica, sans-serif; font-size: 10pt;\">Die hohe Helligkeit gew\u00e4hrleistet gute Lesbarkeit auch in hellen Umgebungen, w\u00e4hrend das schlanke Displaydesign dem Ger\u00e4t eine moderne Note verleiht. <\/span><br \/>\n<span style=\"font-family: arial, helvetica, sans-serif; font-size: 10pt;\">Da der Bildschirm keine Pixelfehler aufweist, bietet er ein gleichbleibendes und zuverl\u00e4ssiges Nutzererlebnis bei allt\u00e4glichen Aufgaben und gew\u00e4hrleistet so eine reibungslose und unterbrechungsfreie Nutzung.<\/span><\/p>","protected":false},"featured_media":16105,"comment_status":"open","ping_status":"closed","template":"","meta":[],"product_brand":[],"product_cat":[857,869],"product_tag":[],"class_list":{"0":"post-16158","1":"product","2":"type-product","3":"status-publish","4":"has-post-thumbnail","6":"product_cat-redmi-9at","7":"product_cat-redmi-series","9":"first","10":"instock","11":"taxable","12":"shipping-taxable","13":"purchasable","14":"product-type-variable"},"yoast_head":"<!-- This site is optimized with the Yoast SEO plugin v27.4 - https:\/\/yoast.com\/product\/yoast-seo-wordpress\/ -->\n<title>Redmi 9AT Original Screen Replacement - Bright &amp; Durable Display for Everyday Use. 1-Year Warranty, Fast Shipping - InsurePart<\/title>\n<meta name=\"description\" content=\"Redmi 9AT Original Screen Replacement - Bright &amp; Durable Display for Everyday Use. 1-Year Warranty, Fast Shipping\" \/>\n<meta name=\"robots\" content=\"index, follow, max-snippet:-1, max-image-preview:large, max-video-preview:-1\" \/>\n<link rel=\"canonical\" href=\"https:\/\/www.dt-smart.com\/de\/produkt\/redmi-9at-bright-display-for-essential-everyday-use\/\" \/>\n<meta property=\"og:locale\" content=\"de_DE\" \/>\n<meta property=\"og:type\" content=\"article\" \/>\n<meta property=\"og:title\" content=\"Redmi 9AT Original Screen Replacement - Bright &amp; Durable Display for Everyday Use. 1-Year Warranty, Fast Shipping - InsurePart\" \/>\n<meta property=\"og:description\" content=\"Redmi 9AT Original Screen Replacement - Bright &amp; Durable Display for Everyday Use. 1-Year Warranty, Fast Shipping\" \/>\n<meta property=\"og:url\" content=\"https:\/\/www.dt-smart.com\/de\/produkt\/redmi-9at-bright-display-for-essential-everyday-use\/\" \/>\n<meta property=\"og:site_name\" content=\"InsurePart\" \/>\n<meta property=\"article:publisher\" content=\"https:\/\/www.facebook.com\/anjinleeEva\" \/>\n<meta property=\"article:modified_time\" content=\"2026-01-12T09:43:17+00:00\" \/>\n<meta property=\"og:image\" content=\"https:\/\/www.dt-smart.com\/wp-content\/uploads\/2024\/10\/9AT\u4e3b.webp\" \/>\n\t<meta property=\"og:image:width\" content=\"800\" \/>\n\t<meta property=\"og:image:height\" content=\"1000\" \/>\n\t<meta property=\"og:image:type\" content=\"image\/webp\" \/>\n<meta name=\"twitter:card\" content=\"summary_large_image\" \/>\n<meta name=\"twitter:label1\" content=\"Gesch\u00e4tzte Lesezeit\" \/>\n\t<meta name=\"twitter:data1\" content=\"1\u00a0Minute\" \/>\n<script type=\"application\/ld+json\" class=\"yoast-schema-graph\">{\"@context\":\"https:\\\/\\\/schema.org\",\"@graph\":[{\"@type\":\"WebPage\",\"@id\":\"https:\\\/\\\/www.dt-smart.com\\\/ru\\\/product\\\/redmi-9at-bright-display-for-essential-everyday-use\\\/\",\"url\":\"https:\\\/\\\/www.dt-smart.com\\\/ru\\\/product\\\/redmi-9at-bright-display-for-essential-everyday-use\\\/\",\"name\":\"Redmi 9AT Original Screen Replacement - Bright & Durable Display for Everyday Use. 1-Year Warranty, Fast Shipping - InsurePart\",\"isPartOf\":{\"@id\":\"https:\\\/\\\/www.dt-smart.com\\\/#website\"},\"primaryImageOfPage\":{\"@id\":\"https:\\\/\\\/www.dt-smart.com\\\/ru\\\/product\\\/redmi-9at-bright-display-for-essential-everyday-use\\\/#primaryimage\"},\"image\":{\"@id\":\"https:\\\/\\\/www.dt-smart.com\\\/ru\\\/product\\\/redmi-9at-bright-display-for-essential-everyday-use\\\/#primaryimage\"},\"thumbnailUrl\":\"https:\\\/\\\/www.dt-smart.com\\\/wp-content\\\/uploads\\\/2024\\\/10\\\/9AT\u4e3b.webp\",\"datePublished\":\"2024-10-14T07:56:10+00:00\",\"dateModified\":\"2026-01-12T09:43:17+00:00\",\"description\":\"Redmi 9AT Original Screen Replacement - Bright & Durable Display for Everyday Use. 1-Year Warranty, Fast Shipping\",\"breadcrumb\":{\"@id\":\"https:\\\/\\\/www.dt-smart.com\\\/ru\\\/product\\\/redmi-9at-bright-display-for-essential-everyday-use\\\/#breadcrumb\"},\"inLanguage\":\"de\",\"potentialAction\":[{\"@type\":\"ReadAction\",\"target\":[\"https:\\\/\\\/www.dt-smart.com\\\/ru\\\/product\\\/redmi-9at-bright-display-for-essential-everyday-use\\\/\"]}]},{\"@type\":\"ImageObject\",\"inLanguage\":\"de\",\"@id\":\"https:\\\/\\\/www.dt-smart.com\\\/ru\\\/product\\\/redmi-9at-bright-display-for-essential-everyday-use\\\/#primaryimage\",\"url\":\"https:\\\/\\\/www.dt-smart.com\\\/wp-content\\\/uploads\\\/2024\\\/10\\\/9AT\u4e3b.webp\",\"contentUrl\":\"https:\\\/\\\/www.dt-smart.com\\\/wp-content\\\/uploads\\\/2024\\\/10\\\/9AT\u4e3b.webp\",\"width\":800,\"height\":1000},{\"@type\":\"BreadcrumbList\",\"@id\":\"https:\\\/\\\/www.dt-smart.com\\\/ru\\\/product\\\/redmi-9at-bright-display-for-essential-everyday-use\\\/#breadcrumb\",\"itemListElement\":[{\"@type\":\"ListItem\",\"position\":1,\"name\":\"Home\",\"item\":\"https:\\\/\\\/www.dt-smart.com\\\/\"},{\"@type\":\"ListItem\",\"position\":2,\"name\":\"Product\",\"item\":\"https:\\\/\\\/www.dt-smart.com\\\/ru\\\/product\\\/\"},{\"@type\":\"ListItem\",\"position\":3,\"name\":\"Redmi 9AT Original Screen Replacement &#8211; Bright &#038; Durable Display for Everyday Use. 1-Year Warranty, Fast Shipping\"}]},{\"@type\":\"WebSite\",\"@id\":\"https:\\\/\\\/www.dt-smart.com\\\/#website\",\"url\":\"https:\\\/\\\/www.dt-smart.com\\\/\",\"name\":\"InsurePart\",\"description\":\"Cell Phone Repair Parts; iPhone Parts Wholesale;Samsung Parts Supplier\",\"potentialAction\":[{\"@type\":\"SearchAction\",\"target\":{\"@type\":\"EntryPoint\",\"urlTemplate\":\"https:\\\/\\\/www.dt-smart.com\\\/?s={search_term_string}\"},\"query-input\":{\"@type\":\"PropertyValueSpecification\",\"valueRequired\":true,\"valueName\":\"search_term_string\"}}],\"inLanguage\":\"de\"}]}<\/script>\n<!-- \/ Yoast SEO plugin. -->","yoast_head_json":{"title":"Redmi 9AT Original Screen Replacement - Bright & Durable Display for Everyday Use. 1-Year Warranty, Fast Shipping - InsurePart","description":"Redmi 9AT Original Screen Replacement - Bright & Durable Display for Everyday Use. 1-Year Warranty, Fast Shipping","robots":{"index":"index","follow":"follow","max-snippet":"max-snippet:-1","max-image-preview":"max-image-preview:large","max-video-preview":"max-video-preview:-1"},"canonical":"https:\/\/www.dt-smart.com\/de\/produkt\/redmi-9at-bright-display-for-essential-everyday-use\/","og_locale":"de_DE","og_type":"article","og_title":"Redmi 9AT Original Screen Replacement - Bright & Durable Display for Everyday Use. 1-Year Warranty, Fast Shipping - InsurePart","og_description":"Redmi 9AT Original Screen Replacement - Bright & Durable Display for Everyday Use. 1-Year Warranty, Fast Shipping","og_url":"https:\/\/www.dt-smart.com\/de\/produkt\/redmi-9at-bright-display-for-essential-everyday-use\/","og_site_name":"InsurePart","article_publisher":"https:\/\/www.facebook.com\/anjinleeEva","article_modified_time":"2026-01-12T09:43:17+00:00","og_image":[{"width":800,"height":1000,"url":"https:\/\/www.dt-smart.com\/wp-content\/uploads\/2024\/10\/9AT\u4e3b.webp","type":"image\/webp"}],"twitter_card":"summary_large_image","twitter_misc":{"Gesch\u00e4tzte Lesezeit":"1\u00a0Minute"},"schema":{"@context":"https:\/\/schema.org","@graph":[{"@type":"WebPage","@id":"https:\/\/www.dt-smart.com\/ru\/product\/redmi-9at-bright-display-for-essential-everyday-use\/","url":"https:\/\/www.dt-smart.com\/ru\/product\/redmi-9at-bright-display-for-essential-everyday-use\/","name":"Redmi 9AT Original Screen Replacement - Bright & Durable Display for Everyday Use. 1-Year Warranty, Fast Shipping - InsurePart","isPartOf":{"@id":"https:\/\/www.dt-smart.com\/#website"},"primaryImageOfPage":{"@id":"https:\/\/www.dt-smart.com\/ru\/product\/redmi-9at-bright-display-for-essential-everyday-use\/#primaryimage"},"image":{"@id":"https:\/\/www.dt-smart.com\/ru\/product\/redmi-9at-bright-display-for-essential-everyday-use\/#primaryimage"},"thumbnailUrl":"https:\/\/www.dt-smart.com\/wp-content\/uploads\/2024\/10\/9AT\u4e3b.webp","datePublished":"2024-10-14T07:56:10+00:00","dateModified":"2026-01-12T09:43:17+00:00","description":"Redmi 9AT Original Screen Replacement - Bright & Durable Display for Everyday Use. 1-Year Warranty, Fast Shipping","breadcrumb":{"@id":"https:\/\/www.dt-smart.com\/ru\/product\/redmi-9at-bright-display-for-essential-everyday-use\/#breadcrumb"},"inLanguage":"de","potentialAction":[{"@type":"ReadAction","target":["https:\/\/www.dt-smart.com\/ru\/product\/redmi-9at-bright-display-for-essential-everyday-use\/"]}]},{"@type":"ImageObject","inLanguage":"de","@id":"https:\/\/www.dt-smart.com\/ru\/product\/redmi-9at-bright-display-for-essential-everyday-use\/#primaryimage","url":"https:\/\/www.dt-smart.com\/wp-content\/uploads\/2024\/10\/9AT\u4e3b.webp","contentUrl":"https:\/\/www.dt-smart.com\/wp-content\/uploads\/2024\/10\/9AT\u4e3b.webp","width":800,"height":1000},{"@type":"BreadcrumbList","@id":"https:\/\/www.dt-smart.com\/ru\/product\/redmi-9at-bright-display-for-essential-everyday-use\/#breadcrumb","itemListElement":[{"@type":"ListItem","position":1,"name":"Home","item":"https:\/\/www.dt-smart.com\/"},{"@type":"ListItem","position":2,"name":"Product","item":"https:\/\/www.dt-smart.com\/ru\/product\/"},{"@type":"ListItem","position":3,"name":"Redmi 9AT Original Screen Replacement &#8211; Bright &#038; Durable Display for Everyday Use. 1-Year Warranty, Fast Shipping"}]},{"@type":"WebSite","@id":"https:\/\/www.dt-smart.com\/#website","url":"https:\/\/www.dt-smart.com\/","name":"InsurePart","description":"Handy-Ersatzteile; iPhone-Ersatzteile im Gro\u00dfhandel; Samsung-Ersatzteillieferant","potentialAction":[{"@type":"SearchAction","target":{"@type":"EntryPoint","urlTemplate":"https:\/\/www.dt-smart.com\/?s={search_term_string}"},"query-input":{"@type":"PropertyValueSpecification","valueRequired":true,"valueName":"search_term_string"}}],"inLanguage":"de"}]}},"_links":{"self":[{"href":"https:\/\/www.dt-smart.com\/de\/wp-json\/wp\/v2\/product\/16158","targetHints":{"allow":["GET"]}}],"collection":[{"href":"https:\/\/www.dt-smart.com\/de\/wp-json\/wp\/v2\/product"}],"about":[{"href":"https:\/\/www.dt-smart.com\/de\/wp-json\/wp\/v2\/types\/product"}],"replies":[{"embeddable":true,"href":"https:\/\/www.dt-smart.com\/de\/wp-json\/wp\/v2\/comments?post=16158"}],"version-history":[{"count":4,"href":"https:\/\/www.dt-smart.com\/de\/wp-json\/wp\/v2\/product\/16158\/revisions"}],"predecessor-version":[{"id":24582,"href":"https:\/\/www.dt-smart.com\/de\/wp-json\/wp\/v2\/product\/16158\/revisions\/24582"}],"wp:featuredmedia":[{"embeddable":true,"href":"https:\/\/www.dt-smart.com\/de\/wp-json\/wp\/v2\/media\/16105"}],"wp:attachment":[{"href":"https:\/\/www.dt-smart.com\/de\/wp-json\/wp\/v2\/media?parent=16158"}],"wp:term":[{"taxonomy":"product_brand","embeddable":true,"href":"https:\/\/www.dt-smart.com\/de\/wp-json\/wp\/v2\/product_brand?post=16158"},{"taxonomy":"product_cat","embeddable":true,"href":"https:\/\/www.dt-smart.com\/de\/wp-json\/wp\/v2\/product_cat?post=16158"},{"taxonomy":"product_tag","embeddable":true,"href":"https:\/\/www.dt-smart.com\/de\/wp-json\/wp\/v2\/product_tag?post=16158"}],"curies":[{"name":"wp","href":"https:\/\/api.w.org\/{rel}","templated":true}]}}