{"id":16268,"date":"2024-10-16T15:54:56","date_gmt":"2024-10-16T07:54:56","guid":{"rendered":"https:\/\/www.insurepart.com\/?post_type=product&#038;p=16268"},"modified":"2026-01-12T17:45:26","modified_gmt":"2026-01-12T09:45:26","slug":"screen-replacement-for-redmi-note-13-original-quality-frameless-or-framed-options-available","status":"publish","type":"product","link":"https:\/\/www.dt-smart.com\/de\/produkt\/screen-replacement-for-redmi-note-13-original-quality-frameless-or-framed-options-available\/","title":{"rendered":"Original-Displayersatz f\u00fcr Redmi Note 13 \u2013 mit oder ohne Rahmen. 1 Jahr Garantie, schneller Versand."},"content":{"rendered":"<p style=\"text-align: center;\"><img fetchpriority=\"high\" decoding=\"async\" class=\"alignnone size-full wp-image-15567\" src=\"https:\/\/insurepart.com\/wp-content\/uploads\/2024\/08\/\u4e3a\u4ec0\u4e48\u9009\u62e9\u6211\u4eec22.webp\" alt=\"\" width=\"1000\" height=\"786\" srcset=\"https:\/\/www.dt-smart.com\/wp-content\/uploads\/2024\/08\/\u4e3a\u4ec0\u4e48\u9009\u62e9\u6211\u4eec22.webp 1000w, https:\/\/www.dt-smart.com\/wp-content\/uploads\/2024\/08\/\u4e3a\u4ec0\u4e48\u9009\u62e9\u6211\u4eec22-300x236.webp 300w, https:\/\/www.dt-smart.com\/wp-content\/uploads\/2024\/08\/\u4e3a\u4ec0\u4e48\u9009\u62e9\u6211\u4eec22-150x118.webp 150w, https:\/\/www.dt-smart.com\/wp-content\/uploads\/2024\/08\/\u4e3a\u4ec0\u4e48\u9009\u62e9\u6211\u4eec22-800x629.webp 800w, https:\/\/www.dt-smart.com\/wp-content\/uploads\/2024\/08\/\u4e3a\u4ec0\u4e48\u9009\u62e9\u6211\u4eec22-768x604.webp 768w, https:\/\/www.dt-smart.com\/wp-content\/uploads\/2024\/08\/\u4e3a\u4ec0\u4e48\u9009\u62e9\u6211\u4eec22-15x12.webp 15w\" sizes=\"(max-width: 1000px) 100vw, 1000px\" \/><\/p>","protected":false},"excerpt":{"rendered":"<p><span style=\"font-size: 10pt;\">Dieser Bildschirmersatz wurde speziell f\u00fcr das Redmi Note 13 entwickelt und bietet Originalqualit\u00e4t und perfekte Passform.<\/span><br \/>\n<span style=\"font-size: 10pt;\">Es ist sowohl in gerahmter als auch in rahmenloser Ausf\u00fchrung erh\u00e4ltlich und erm\u00f6glicht eine einfache und reibungslose Installation.<\/span><br \/>\n<span style=\"font-size: 10pt;\">W\u00e4hlen Sie aus drei Qualit\u00e4tsoptionen die passende f\u00fcr Ihre Reparaturbed\u00fcrfnisse aus. Alle Optionen sind durch die Werksgarantie und eine 12-monatige Gew\u00e4hrleistung abgesichert.<\/span><\/p>","protected":false},"featured_media":16496,"comment_status":"open","ping_status":"closed","template":"","meta":[],"product_brand":[],"product_cat":[1205,830],"product_tag":[],"class_list":{"0":"post-16268","1":"product","2":"type-product","3":"status-publish","4":"has-post-thumbnail","6":"product_cat-1205","7":"product_cat-note-series-redmi-series","9":"first","10":"instock","11":"taxable","12":"shipping-taxable","13":"purchasable","14":"product-type-simple"},"yoast_head":"<!-- This site is optimized with the Yoast SEO plugin v27.4 - https:\/\/yoast.com\/product\/yoast-seo-wordpress\/ -->\n<title>Redmi Note 13 Original Screen Replacement - Choose Framed or Framed. 1-Year Warranty, Fast Shipping - InsurePart<\/title>\n<meta name=\"description\" content=\"Redmi Note 13 Original Screen Replacement - Choose Framed or Framed. 1-Year Warranty, Fast Shipping\" \/>\n<meta name=\"robots\" content=\"index, follow, max-snippet:-1, max-image-preview:large, max-video-preview:-1\" \/>\n<link rel=\"canonical\" href=\"https:\/\/www.dt-smart.com\/de\/producto\/screen-replacement-for-redmi-note-13-original-quality-frameless-or-framed-options-available\/\" \/>\n<meta property=\"og:locale\" content=\"de_DE\" \/>\n<meta property=\"og:type\" content=\"article\" \/>\n<meta property=\"og:title\" content=\"Redmi Note 13 Original Screen Replacement - Choose Framed or Framed. 1-Year Warranty, Fast Shipping - InsurePart\" \/>\n<meta property=\"og:description\" content=\"Redmi Note 13 Original Screen Replacement - Choose Framed or Framed. 1-Year Warranty, Fast Shipping\" \/>\n<meta property=\"og:url\" content=\"https:\/\/www.dt-smart.com\/de\/producto\/screen-replacement-for-redmi-note-13-original-quality-frameless-or-framed-options-available\/\" \/>\n<meta property=\"og:site_name\" content=\"InsurePart\" \/>\n<meta property=\"article:publisher\" content=\"https:\/\/www.facebook.com\/anjinleeEva\" \/>\n<meta property=\"article:modified_time\" content=\"2026-01-12T09:45:26+00:00\" \/>\n<meta property=\"og:image\" content=\"https:\/\/www.dt-smart.com\/wp-content\/uploads\/2024\/10\/13\u4e3b\u65b0.webp\" \/>\n\t<meta property=\"og:image:width\" content=\"1000\" \/>\n\t<meta property=\"og:image:height\" content=\"1000\" \/>\n\t<meta property=\"og:image:type\" content=\"image\/webp\" \/>\n<meta name=\"twitter:card\" content=\"summary_large_image\" \/>\n<meta name=\"twitter:label1\" content=\"Gesch\u00e4tzte Lesezeit\" \/>\n\t<meta name=\"twitter:data1\" content=\"1\u00a0Minute\" \/>\n<script type=\"application\/ld+json\" class=\"yoast-schema-graph\">{\"@context\":\"https:\\\/\\\/schema.org\",\"@graph\":[{\"@type\":\"WebPage\",\"@id\":\"https:\\\/\\\/www.dt-smart.com\\\/es\\\/producto\\\/screen-replacement-for-redmi-note-13-original-quality-frameless-or-framed-options-available\\\/\",\"url\":\"https:\\\/\\\/www.dt-smart.com\\\/es\\\/producto\\\/screen-replacement-for-redmi-note-13-original-quality-frameless-or-framed-options-available\\\/\",\"name\":\"Redmi Note 13 Original Screen Replacement - Choose Framed or Framed. 1-Year Warranty, Fast Shipping - InsurePart\",\"isPartOf\":{\"@id\":\"https:\\\/\\\/www.dt-smart.com\\\/#website\"},\"primaryImageOfPage\":{\"@id\":\"https:\\\/\\\/www.dt-smart.com\\\/es\\\/producto\\\/screen-replacement-for-redmi-note-13-original-quality-frameless-or-framed-options-available\\\/#primaryimage\"},\"image\":{\"@id\":\"https:\\\/\\\/www.dt-smart.com\\\/es\\\/producto\\\/screen-replacement-for-redmi-note-13-original-quality-frameless-or-framed-options-available\\\/#primaryimage\"},\"thumbnailUrl\":\"https:\\\/\\\/www.dt-smart.com\\\/wp-content\\\/uploads\\\/2024\\\/10\\\/13\u4e3b\u65b0.webp\",\"datePublished\":\"2024-10-16T07:54:56+00:00\",\"dateModified\":\"2026-01-12T09:45:26+00:00\",\"description\":\"Redmi Note 13 Original Screen Replacement - Choose Framed or Framed. 1-Year Warranty, Fast Shipping\",\"breadcrumb\":{\"@id\":\"https:\\\/\\\/www.dt-smart.com\\\/es\\\/producto\\\/screen-replacement-for-redmi-note-13-original-quality-frameless-or-framed-options-available\\\/#breadcrumb\"},\"inLanguage\":\"de\",\"potentialAction\":[{\"@type\":\"ReadAction\",\"target\":[\"https:\\\/\\\/www.dt-smart.com\\\/es\\\/producto\\\/screen-replacement-for-redmi-note-13-original-quality-frameless-or-framed-options-available\\\/\"]}]},{\"@type\":\"ImageObject\",\"inLanguage\":\"de\",\"@id\":\"https:\\\/\\\/www.dt-smart.com\\\/es\\\/producto\\\/screen-replacement-for-redmi-note-13-original-quality-frameless-or-framed-options-available\\\/#primaryimage\",\"url\":\"https:\\\/\\\/www.dt-smart.com\\\/wp-content\\\/uploads\\\/2024\\\/10\\\/13\u4e3b\u65b0.webp\",\"contentUrl\":\"https:\\\/\\\/www.dt-smart.com\\\/wp-content\\\/uploads\\\/2024\\\/10\\\/13\u4e3b\u65b0.webp\",\"width\":1000,\"height\":1000},{\"@type\":\"BreadcrumbList\",\"@id\":\"https:\\\/\\\/www.dt-smart.com\\\/es\\\/producto\\\/screen-replacement-for-redmi-note-13-original-quality-frameless-or-framed-options-available\\\/#breadcrumb\",\"itemListElement\":[{\"@type\":\"ListItem\",\"position\":1,\"name\":\"Home\",\"item\":\"https:\\\/\\\/www.dt-smart.com\\\/\"},{\"@type\":\"ListItem\",\"position\":2,\"name\":\"Product\",\"item\":\"https:\\\/\\\/www.dt-smart.com\\\/ru\\\/product\\\/\"},{\"@type\":\"ListItem\",\"position\":3,\"name\":\"Redmi Note 13 Original Screen Replacement &#8211; Choose Framed or Framed. 1-Year Warranty, Fast Shipping\"}]},{\"@type\":\"WebSite\",\"@id\":\"https:\\\/\\\/www.dt-smart.com\\\/#website\",\"url\":\"https:\\\/\\\/www.dt-smart.com\\\/\",\"name\":\"InsurePart\",\"description\":\"Cell Phone Repair Parts; iPhone Parts Wholesale;Samsung Parts Supplier\",\"potentialAction\":[{\"@type\":\"SearchAction\",\"target\":{\"@type\":\"EntryPoint\",\"urlTemplate\":\"https:\\\/\\\/www.dt-smart.com\\\/?s={search_term_string}\"},\"query-input\":{\"@type\":\"PropertyValueSpecification\",\"valueRequired\":true,\"valueName\":\"search_term_string\"}}],\"inLanguage\":\"de\"}]}<\/script>\n<!-- \/ Yoast SEO plugin. -->","yoast_head_json":{"title":"Redmi Note 13 Original Screen Replacement - Choose Framed or Framed. 1-Year Warranty, Fast Shipping - InsurePart","description":"Original-Displayersatz f\u00fcr Redmi Note 13 \u2013 wahlweise mit oder ohne Rahmen. 1 Jahr Garantie, schneller Versand.","robots":{"index":"index","follow":"follow","max-snippet":"max-snippet:-1","max-image-preview":"max-image-preview:large","max-video-preview":"max-video-preview:-1"},"canonical":"https:\/\/www.dt-smart.com\/de\/producto\/screen-replacement-for-redmi-note-13-original-quality-frameless-or-framed-options-available\/","og_locale":"de_DE","og_type":"article","og_title":"Redmi Note 13 Original Screen Replacement - Choose Framed or Framed. 1-Year Warranty, Fast Shipping - InsurePart","og_description":"Redmi Note 13 Original Screen Replacement - Choose Framed or Framed. 1-Year Warranty, Fast Shipping","og_url":"https:\/\/www.dt-smart.com\/de\/producto\/screen-replacement-for-redmi-note-13-original-quality-frameless-or-framed-options-available\/","og_site_name":"InsurePart","article_publisher":"https:\/\/www.facebook.com\/anjinleeEva","article_modified_time":"2026-01-12T09:45:26+00:00","og_image":[{"width":1000,"height":1000,"url":"https:\/\/www.dt-smart.com\/wp-content\/uploads\/2024\/10\/13\u4e3b\u65b0.webp","type":"image\/webp"}],"twitter_card":"summary_large_image","twitter_misc":{"Gesch\u00e4tzte Lesezeit":"1\u00a0Minute"},"schema":{"@context":"https:\/\/schema.org","@graph":[{"@type":"WebPage","@id":"https:\/\/www.dt-smart.com\/es\/producto\/screen-replacement-for-redmi-note-13-original-quality-frameless-or-framed-options-available\/","url":"https:\/\/www.dt-smart.com\/es\/producto\/screen-replacement-for-redmi-note-13-original-quality-frameless-or-framed-options-available\/","name":"Redmi Note 13 Original Screen Replacement - Choose Framed or Framed. 1-Year Warranty, Fast Shipping - InsurePart","isPartOf":{"@id":"https:\/\/www.dt-smart.com\/#website"},"primaryImageOfPage":{"@id":"https:\/\/www.dt-smart.com\/es\/producto\/screen-replacement-for-redmi-note-13-original-quality-frameless-or-framed-options-available\/#primaryimage"},"image":{"@id":"https:\/\/www.dt-smart.com\/es\/producto\/screen-replacement-for-redmi-note-13-original-quality-frameless-or-framed-options-available\/#primaryimage"},"thumbnailUrl":"https:\/\/www.dt-smart.com\/wp-content\/uploads\/2024\/10\/13\u4e3b\u65b0.webp","datePublished":"2024-10-16T07:54:56+00:00","dateModified":"2026-01-12T09:45:26+00:00","description":"Original-Displayersatz f\u00fcr Redmi Note 13 \u2013 wahlweise mit oder ohne Rahmen. 1 Jahr Garantie, schneller Versand.","breadcrumb":{"@id":"https:\/\/www.dt-smart.com\/es\/producto\/screen-replacement-for-redmi-note-13-original-quality-frameless-or-framed-options-available\/#breadcrumb"},"inLanguage":"de","potentialAction":[{"@type":"ReadAction","target":["https:\/\/www.dt-smart.com\/es\/producto\/screen-replacement-for-redmi-note-13-original-quality-frameless-or-framed-options-available\/"]}]},{"@type":"ImageObject","inLanguage":"de","@id":"https:\/\/www.dt-smart.com\/es\/producto\/screen-replacement-for-redmi-note-13-original-quality-frameless-or-framed-options-available\/#primaryimage","url":"https:\/\/www.dt-smart.com\/wp-content\/uploads\/2024\/10\/13\u4e3b\u65b0.webp","contentUrl":"https:\/\/www.dt-smart.com\/wp-content\/uploads\/2024\/10\/13\u4e3b\u65b0.webp","width":1000,"height":1000},{"@type":"BreadcrumbList","@id":"https:\/\/www.dt-smart.com\/es\/producto\/screen-replacement-for-redmi-note-13-original-quality-frameless-or-framed-options-available\/#breadcrumb","itemListElement":[{"@type":"ListItem","position":1,"name":"Home","item":"https:\/\/www.dt-smart.com\/"},{"@type":"ListItem","position":2,"name":"Product","item":"https:\/\/www.dt-smart.com\/ru\/product\/"},{"@type":"ListItem","position":3,"name":"Redmi Note 13 Original Screen Replacement &#8211; Choose Framed or Framed. 1-Year Warranty, Fast Shipping"}]},{"@type":"WebSite","@id":"https:\/\/www.dt-smart.com\/#website","url":"https:\/\/www.dt-smart.com\/","name":"InsurePart","description":"Handy-Ersatzteile; iPhone-Ersatzteile im Gro\u00dfhandel; Samsung-Ersatzteillieferant","potentialAction":[{"@type":"SearchAction","target":{"@type":"EntryPoint","urlTemplate":"https:\/\/www.dt-smart.com\/?s={search_term_string}"},"query-input":{"@type":"PropertyValueSpecification","valueRequired":true,"valueName":"search_term_string"}}],"inLanguage":"de"}]}},"_links":{"self":[{"href":"https:\/\/www.dt-smart.com\/de\/wp-json\/wp\/v2\/product\/16268","targetHints":{"allow":["GET"]}}],"collection":[{"href":"https:\/\/www.dt-smart.com\/de\/wp-json\/wp\/v2\/product"}],"about":[{"href":"https:\/\/www.dt-smart.com\/de\/wp-json\/wp\/v2\/types\/product"}],"replies":[{"embeddable":true,"href":"https:\/\/www.dt-smart.com\/de\/wp-json\/wp\/v2\/comments?post=16268"}],"version-history":[{"count":4,"href":"https:\/\/www.dt-smart.com\/de\/wp-json\/wp\/v2\/product\/16268\/revisions"}],"predecessor-version":[{"id":24121,"href":"https:\/\/www.dt-smart.com\/de\/wp-json\/wp\/v2\/product\/16268\/revisions\/24121"}],"wp:featuredmedia":[{"embeddable":true,"href":"https:\/\/www.dt-smart.com\/de\/wp-json\/wp\/v2\/media\/16496"}],"wp:attachment":[{"href":"https:\/\/www.dt-smart.com\/de\/wp-json\/wp\/v2\/media?parent=16268"}],"wp:term":[{"taxonomy":"product_brand","embeddable":true,"href":"https:\/\/www.dt-smart.com\/de\/wp-json\/wp\/v2\/product_brand?post=16268"},{"taxonomy":"product_cat","embeddable":true,"href":"https:\/\/www.dt-smart.com\/de\/wp-json\/wp\/v2\/product_cat?post=16268"},{"taxonomy":"product_tag","embeddable":true,"href":"https:\/\/www.dt-smart.com\/de\/wp-json\/wp\/v2\/product_tag?post=16268"}],"curies":[{"name":"wp","href":"https:\/\/api.w.org\/{rel}","templated":true}]}}