{"id":16278,"date":"2024-10-16T17:19:24","date_gmt":"2024-10-16T09:19:24","guid":{"rendered":"https:\/\/www.insurepart.com\/?post_type=product&#038;p=16278"},"modified":"2026-01-05T14:30:54","modified_gmt":"2026-01-05T06:30:54","slug":"screen-replacement-for-redmi-note-11s-frameless-or-framed-high-brightness-display","status":"publish","type":"product","link":"https:\/\/www.dt-smart.com\/de\/produkt\/screen-replacement-for-redmi-note-11s-frameless-or-framed-high-brightness-display\/","title":{"rendered":"Redmi Note 11S Displaytausch \u2013 W\u00e4hlen Sie zwischen einem Display mit Rahmen oder einem Display mit Rahmen und hoher Helligkeit. 1 Jahr Garantie, schneller Versand."},"content":{"rendered":"<p style=\"text-align: center;\"><img fetchpriority=\"high\" decoding=\"async\" class=\"alignnone size-full wp-image-15567\" src=\"https:\/\/insurepart.com\/wp-content\/uploads\/2024\/08\/\u4e3a\u4ec0\u4e48\u9009\u62e9\u6211\u4eec22.webp\" alt=\"\" width=\"1000\" height=\"786\" srcset=\"https:\/\/www.dt-smart.com\/wp-content\/uploads\/2024\/08\/\u4e3a\u4ec0\u4e48\u9009\u62e9\u6211\u4eec22.webp 1000w, https:\/\/www.dt-smart.com\/wp-content\/uploads\/2024\/08\/\u4e3a\u4ec0\u4e48\u9009\u62e9\u6211\u4eec22-300x236.webp 300w, https:\/\/www.dt-smart.com\/wp-content\/uploads\/2024\/08\/\u4e3a\u4ec0\u4e48\u9009\u62e9\u6211\u4eec22-150x118.webp 150w, https:\/\/www.dt-smart.com\/wp-content\/uploads\/2024\/08\/\u4e3a\u4ec0\u4e48\u9009\u62e9\u6211\u4eec22-800x629.webp 800w, https:\/\/www.dt-smart.com\/wp-content\/uploads\/2024\/08\/\u4e3a\u4ec0\u4e48\u9009\u62e9\u6211\u4eec22-768x604.webp 768w, https:\/\/www.dt-smart.com\/wp-content\/uploads\/2024\/08\/\u4e3a\u4ec0\u4e48\u9009\u62e9\u6211\u4eec22-15x12.webp 15w\" sizes=\"(max-width: 1000px) 100vw, 1000px\" \/><\/p>","protected":false},"excerpt":{"rendered":"<p><span style=\"font-size: 10pt;\">Ersetzen Sie den besch\u00e4digten Bildschirm Ihres Redmi Note 11s durch diese Displayoption mit hoher Helligkeit.<\/span><br \/>\n<span style=\"font-size: 10pt;\">Erh\u00e4ltlich sowohl in gerahmten als auch in rahmenlosen Ausf\u00fchrungen, gew\u00e4hrleistet es eine einfache Installation und bietet drei<\/span><br \/>\n<span style=\"font-size: 10pt;\">H\u00f6chste Qualit\u00e4tsstandards. Werkseitig auf Zuverl\u00e4ssigkeit gepr\u00fcft, mit 12 Monaten Garantie f\u00fcr sorgenfreien Kundendienst.<\/span><\/p>","protected":false},"featured_media":16499,"comment_status":"open","ping_status":"closed","template":"","meta":[],"product_brand":[],"product_cat":[874,830],"product_tag":[],"class_list":{"0":"post-16278","1":"product","2":"type-product","3":"status-publish","4":"has-post-thumbnail","6":"product_cat-note-11s","7":"product_cat-note-series-redmi-series","9":"first","10":"instock","11":"taxable","12":"shipping-taxable","13":"purchasable","14":"product-type-variable"},"yoast_head":"<!-- This site is optimized with the Yoast SEO plugin v27.4 - https:\/\/yoast.com\/product\/yoast-seo-wordpress\/ -->\n<title>Redmi Note 11S Screen Replacement - Choose Framed or Framed High-Brightness Display. 1-Year Warranty, Fast Shipping - InsurePart<\/title>\n<meta name=\"description\" content=\"Redmi Note 11S Screen Replacement - Choose Framed or Framed High-Brightness Display. 1-Year Warranty, Fast Shipping\" \/>\n<meta name=\"robots\" content=\"index, follow, max-snippet:-1, max-image-preview:large, max-video-preview:-1\" \/>\n<link rel=\"canonical\" href=\"https:\/\/www.dt-smart.com\/de\/produkt\/screen-replacement-for-redmi-note-11s-frameless-or-framed-high-brightness-display\/\" \/>\n<meta property=\"og:locale\" content=\"de_DE\" \/>\n<meta property=\"og:type\" content=\"article\" \/>\n<meta property=\"og:title\" content=\"Redmi Note 11S Screen Replacement - Choose Framed or Framed High-Brightness Display. 1-Year Warranty, Fast Shipping - InsurePart\" \/>\n<meta property=\"og:description\" content=\"Redmi Note 11S Screen Replacement - Choose Framed or Framed High-Brightness Display. 1-Year Warranty, Fast Shipping\" \/>\n<meta property=\"og:url\" content=\"https:\/\/www.dt-smart.com\/de\/produkt\/screen-replacement-for-redmi-note-11s-frameless-or-framed-high-brightness-display\/\" \/>\n<meta property=\"og:site_name\" content=\"InsurePart\" \/>\n<meta property=\"article:publisher\" content=\"https:\/\/www.facebook.com\/anjinleeEva\" \/>\n<meta property=\"article:modified_time\" content=\"2026-01-05T06:30:54+00:00\" \/>\n<meta property=\"og:image\" content=\"https:\/\/www.dt-smart.com\/wp-content\/uploads\/2024\/10\/11T\u4e3b\u65b0.webp\" \/>\n\t<meta property=\"og:image:width\" content=\"1000\" \/>\n\t<meta property=\"og:image:height\" content=\"1000\" \/>\n\t<meta property=\"og:image:type\" content=\"image\/webp\" \/>\n<meta name=\"twitter:card\" content=\"summary_large_image\" \/>\n<meta name=\"twitter:label1\" content=\"Gesch\u00e4tzte Lesezeit\" \/>\n\t<meta name=\"twitter:data1\" content=\"1\u00a0Minute\" \/>\n<script type=\"application\/ld+json\" class=\"yoast-schema-graph\">{\"@context\":\"https:\\\/\\\/schema.org\",\"@graph\":[{\"@type\":\"WebPage\",\"@id\":\"https:\\\/\\\/www.dt-smart.com\\\/product\\\/screen-replacement-for-redmi-note-11s-frameless-or-framed-high-brightness-display\\\/\",\"url\":\"https:\\\/\\\/www.dt-smart.com\\\/product\\\/screen-replacement-for-redmi-note-11s-frameless-or-framed-high-brightness-display\\\/\",\"name\":\"Redmi Note 11S Screen Replacement - Choose Framed or Framed High-Brightness Display. 1-Year Warranty, Fast Shipping - InsurePart\",\"isPartOf\":{\"@id\":\"https:\\\/\\\/www.dt-smart.com\\\/#website\"},\"primaryImageOfPage\":{\"@id\":\"https:\\\/\\\/www.dt-smart.com\\\/product\\\/screen-replacement-for-redmi-note-11s-frameless-or-framed-high-brightness-display\\\/#primaryimage\"},\"image\":{\"@id\":\"https:\\\/\\\/www.dt-smart.com\\\/product\\\/screen-replacement-for-redmi-note-11s-frameless-or-framed-high-brightness-display\\\/#primaryimage\"},\"thumbnailUrl\":\"https:\\\/\\\/www.dt-smart.com\\\/wp-content\\\/uploads\\\/2024\\\/10\\\/11T\u4e3b\u65b0.webp\",\"datePublished\":\"2024-10-16T09:19:24+00:00\",\"dateModified\":\"2026-01-05T06:30:54+00:00\",\"description\":\"Redmi Note 11S Screen Replacement - Choose Framed or Framed High-Brightness Display. 1-Year Warranty, Fast Shipping\",\"breadcrumb\":{\"@id\":\"https:\\\/\\\/www.dt-smart.com\\\/product\\\/screen-replacement-for-redmi-note-11s-frameless-or-framed-high-brightness-display\\\/#breadcrumb\"},\"inLanguage\":\"de\",\"potentialAction\":[{\"@type\":\"ReadAction\",\"target\":[\"https:\\\/\\\/www.dt-smart.com\\\/product\\\/screen-replacement-for-redmi-note-11s-frameless-or-framed-high-brightness-display\\\/\"]}]},{\"@type\":\"ImageObject\",\"inLanguage\":\"de\",\"@id\":\"https:\\\/\\\/www.dt-smart.com\\\/product\\\/screen-replacement-for-redmi-note-11s-frameless-or-framed-high-brightness-display\\\/#primaryimage\",\"url\":\"https:\\\/\\\/www.dt-smart.com\\\/wp-content\\\/uploads\\\/2024\\\/10\\\/11T\u4e3b\u65b0.webp\",\"contentUrl\":\"https:\\\/\\\/www.dt-smart.com\\\/wp-content\\\/uploads\\\/2024\\\/10\\\/11T\u4e3b\u65b0.webp\",\"width\":1000,\"height\":1000},{\"@type\":\"BreadcrumbList\",\"@id\":\"https:\\\/\\\/www.dt-smart.com\\\/product\\\/screen-replacement-for-redmi-note-11s-frameless-or-framed-high-brightness-display\\\/#breadcrumb\",\"itemListElement\":[{\"@type\":\"ListItem\",\"position\":1,\"name\":\"Home\",\"item\":\"https:\\\/\\\/www.dt-smart.com\\\/\"},{\"@type\":\"ListItem\",\"position\":2,\"name\":\"Product\",\"item\":\"https:\\\/\\\/www.dt-smart.com\\\/ru\\\/product\\\/\"},{\"@type\":\"ListItem\",\"position\":3,\"name\":\"Redmi Note 11S Screen Replacement &#8211; Choose Framed or Framed High-Brightness Display. 1-Year Warranty, Fast Shipping\"}]},{\"@type\":\"WebSite\",\"@id\":\"https:\\\/\\\/www.dt-smart.com\\\/#website\",\"url\":\"https:\\\/\\\/www.dt-smart.com\\\/\",\"name\":\"InsurePart\",\"description\":\"Cell Phone Repair Parts; iPhone Parts Wholesale;Samsung Parts Supplier\",\"potentialAction\":[{\"@type\":\"SearchAction\",\"target\":{\"@type\":\"EntryPoint\",\"urlTemplate\":\"https:\\\/\\\/www.dt-smart.com\\\/?s={search_term_string}\"},\"query-input\":{\"@type\":\"PropertyValueSpecification\",\"valueRequired\":true,\"valueName\":\"search_term_string\"}}],\"inLanguage\":\"de\"}]}<\/script>\n<!-- \/ Yoast SEO plugin. -->","yoast_head_json":{"title":"Redmi Note 11S Screen Replacement - Choose Framed or Framed High-Brightness Display. 1-Year Warranty, Fast Shipping - InsurePart","description":"Redmi Note 11S Displaytausch \u2013 W\u00e4hlen Sie zwischen einem Display mit Rahmen oder einem Display mit Rahmen und hoher Helligkeit. 1 Jahr Garantie, schneller Versand.","robots":{"index":"index","follow":"follow","max-snippet":"max-snippet:-1","max-image-preview":"max-image-preview:large","max-video-preview":"max-video-preview:-1"},"canonical":"https:\/\/www.dt-smart.com\/de\/produkt\/screen-replacement-for-redmi-note-11s-frameless-or-framed-high-brightness-display\/","og_locale":"de_DE","og_type":"article","og_title":"Redmi Note 11S Screen Replacement - Choose Framed or Framed High-Brightness Display. 1-Year Warranty, Fast Shipping - InsurePart","og_description":"Redmi Note 11S Screen Replacement - Choose Framed or Framed High-Brightness Display. 1-Year Warranty, Fast Shipping","og_url":"https:\/\/www.dt-smart.com\/de\/produkt\/screen-replacement-for-redmi-note-11s-frameless-or-framed-high-brightness-display\/","og_site_name":"InsurePart","article_publisher":"https:\/\/www.facebook.com\/anjinleeEva","article_modified_time":"2026-01-05T06:30:54+00:00","og_image":[{"width":1000,"height":1000,"url":"https:\/\/www.dt-smart.com\/wp-content\/uploads\/2024\/10\/11T\u4e3b\u65b0.webp","type":"image\/webp"}],"twitter_card":"summary_large_image","twitter_misc":{"Gesch\u00e4tzte Lesezeit":"1\u00a0Minute"},"schema":{"@context":"https:\/\/schema.org","@graph":[{"@type":"WebPage","@id":"https:\/\/www.dt-smart.com\/product\/screen-replacement-for-redmi-note-11s-frameless-or-framed-high-brightness-display\/","url":"https:\/\/www.dt-smart.com\/product\/screen-replacement-for-redmi-note-11s-frameless-or-framed-high-brightness-display\/","name":"Redmi Note 11S Screen Replacement - Choose Framed or Framed High-Brightness Display. 1-Year Warranty, Fast Shipping - InsurePart","isPartOf":{"@id":"https:\/\/www.dt-smart.com\/#website"},"primaryImageOfPage":{"@id":"https:\/\/www.dt-smart.com\/product\/screen-replacement-for-redmi-note-11s-frameless-or-framed-high-brightness-display\/#primaryimage"},"image":{"@id":"https:\/\/www.dt-smart.com\/product\/screen-replacement-for-redmi-note-11s-frameless-or-framed-high-brightness-display\/#primaryimage"},"thumbnailUrl":"https:\/\/www.dt-smart.com\/wp-content\/uploads\/2024\/10\/11T\u4e3b\u65b0.webp","datePublished":"2024-10-16T09:19:24+00:00","dateModified":"2026-01-05T06:30:54+00:00","description":"Redmi Note 11S Displaytausch \u2013 W\u00e4hlen Sie zwischen einem Display mit Rahmen oder einem Display mit Rahmen und hoher Helligkeit. 1 Jahr Garantie, schneller Versand.","breadcrumb":{"@id":"https:\/\/www.dt-smart.com\/product\/screen-replacement-for-redmi-note-11s-frameless-or-framed-high-brightness-display\/#breadcrumb"},"inLanguage":"de","potentialAction":[{"@type":"ReadAction","target":["https:\/\/www.dt-smart.com\/product\/screen-replacement-for-redmi-note-11s-frameless-or-framed-high-brightness-display\/"]}]},{"@type":"ImageObject","inLanguage":"de","@id":"https:\/\/www.dt-smart.com\/product\/screen-replacement-for-redmi-note-11s-frameless-or-framed-high-brightness-display\/#primaryimage","url":"https:\/\/www.dt-smart.com\/wp-content\/uploads\/2024\/10\/11T\u4e3b\u65b0.webp","contentUrl":"https:\/\/www.dt-smart.com\/wp-content\/uploads\/2024\/10\/11T\u4e3b\u65b0.webp","width":1000,"height":1000},{"@type":"BreadcrumbList","@id":"https:\/\/www.dt-smart.com\/product\/screen-replacement-for-redmi-note-11s-frameless-or-framed-high-brightness-display\/#breadcrumb","itemListElement":[{"@type":"ListItem","position":1,"name":"Home","item":"https:\/\/www.dt-smart.com\/"},{"@type":"ListItem","position":2,"name":"Product","item":"https:\/\/www.dt-smart.com\/ru\/product\/"},{"@type":"ListItem","position":3,"name":"Redmi Note 11S Screen Replacement &#8211; Choose Framed or Framed High-Brightness Display. 1-Year Warranty, Fast Shipping"}]},{"@type":"WebSite","@id":"https:\/\/www.dt-smart.com\/#website","url":"https:\/\/www.dt-smart.com\/","name":"InsurePart","description":"Handy-Ersatzteile; iPhone-Ersatzteile im Gro\u00dfhandel; Samsung-Ersatzteillieferant","potentialAction":[{"@type":"SearchAction","target":{"@type":"EntryPoint","urlTemplate":"https:\/\/www.dt-smart.com\/?s={search_term_string}"},"query-input":{"@type":"PropertyValueSpecification","valueRequired":true,"valueName":"search_term_string"}}],"inLanguage":"de"}]}},"_links":{"self":[{"href":"https:\/\/www.dt-smart.com\/de\/wp-json\/wp\/v2\/product\/16278","targetHints":{"allow":["GET"]}}],"collection":[{"href":"https:\/\/www.dt-smart.com\/de\/wp-json\/wp\/v2\/product"}],"about":[{"href":"https:\/\/www.dt-smart.com\/de\/wp-json\/wp\/v2\/types\/product"}],"replies":[{"embeddable":true,"href":"https:\/\/www.dt-smart.com\/de\/wp-json\/wp\/v2\/comments?post=16278"}],"version-history":[{"count":5,"href":"https:\/\/www.dt-smart.com\/de\/wp-json\/wp\/v2\/product\/16278\/revisions"}],"predecessor-version":[{"id":24115,"href":"https:\/\/www.dt-smart.com\/de\/wp-json\/wp\/v2\/product\/16278\/revisions\/24115"}],"wp:featuredmedia":[{"embeddable":true,"href":"https:\/\/www.dt-smart.com\/de\/wp-json\/wp\/v2\/media\/16499"}],"wp:attachment":[{"href":"https:\/\/www.dt-smart.com\/de\/wp-json\/wp\/v2\/media?parent=16278"}],"wp:term":[{"taxonomy":"product_brand","embeddable":true,"href":"https:\/\/www.dt-smart.com\/de\/wp-json\/wp\/v2\/product_brand?post=16278"},{"taxonomy":"product_cat","embeddable":true,"href":"https:\/\/www.dt-smart.com\/de\/wp-json\/wp\/v2\/product_cat?post=16278"},{"taxonomy":"product_tag","embeddable":true,"href":"https:\/\/www.dt-smart.com\/de\/wp-json\/wp\/v2\/product_tag?post=16278"}],"curies":[{"name":"wp","href":"https:\/\/api.w.org\/{rel}","templated":true}]}}