{"id":16632,"date":"2024-10-23T17:09:40","date_gmt":"2024-10-23T09:09:40","guid":{"rendered":"https:\/\/insurepart.com\/?post_type=product&#038;p=16632"},"modified":"2026-01-19T16:52:03","modified_gmt":"2026-01-19T08:52:03","slug":"high-durability-ultra-bright-display-for-redmi-k20-pro-with-excellent-visual-clarity","status":"publish","type":"product","link":"https:\/\/www.dt-smart.com\/de\/produkt\/high-durability-ultra-bright-display-for-redmi-k20-pro-with-excellent-visual-clarity\/","title":{"rendered":"Redmi K20 Pro: Hochwertiges und extrem helles Ersatzdisplay \u2013 Hervorragende Bildsch\u00e4rfe und Ber\u00fchrungsempfindlichkeit \u2013 Hohe Kompatibilit\u00e4t \u2013 Erstausr\u00fcsterqualit\u00e4t \u2013 Qualit\u00e4tsgarantie \u2013 Schneller Versand"},"content":{"rendered":"<p style=\"text-align: center;\"><img fetchpriority=\"high\" decoding=\"async\" class=\"alignnone size-full wp-image-15567\" src=\"https:\/\/insurepart.com\/wp-content\/uploads\/2024\/08\/\u4e3a\u4ec0\u4e48\u9009\u62e9\u6211\u4eec22.webp\" alt=\"\" width=\"1000\" height=\"786\" srcset=\"https:\/\/www.dt-smart.com\/wp-content\/uploads\/2024\/08\/\u4e3a\u4ec0\u4e48\u9009\u62e9\u6211\u4eec22.webp 1000w, https:\/\/www.dt-smart.com\/wp-content\/uploads\/2024\/08\/\u4e3a\u4ec0\u4e48\u9009\u62e9\u6211\u4eec22-300x236.webp 300w, https:\/\/www.dt-smart.com\/wp-content\/uploads\/2024\/08\/\u4e3a\u4ec0\u4e48\u9009\u62e9\u6211\u4eec22-150x118.webp 150w, https:\/\/www.dt-smart.com\/wp-content\/uploads\/2024\/08\/\u4e3a\u4ec0\u4e48\u9009\u62e9\u6211\u4eec22-800x629.webp 800w, https:\/\/www.dt-smart.com\/wp-content\/uploads\/2024\/08\/\u4e3a\u4ec0\u4e48\u9009\u62e9\u6211\u4eec22-768x604.webp 768w, https:\/\/www.dt-smart.com\/wp-content\/uploads\/2024\/08\/\u4e3a\u4ec0\u4e48\u9009\u62e9\u6211\u4eec22-15x12.webp 15w\" sizes=\"(max-width: 1000px) 100vw, 1000px\" \/><\/p>","protected":false},"excerpt":{"rendered":"<p><span style=\"font-size: 10pt;\">Der Redmi K20 Pro Ersatzbildschirm bietet hohe Langlebigkeit und ein ultrahelles Display.<\/span><br \/>\n<span style=\"font-size: 10pt;\">Das verbessert die Bildsch\u00e4rfe. Dieser Bildschirm eignet sich perfekt sowohl f\u00fcr Medienkonsum als auch f\u00fcr Spiele.<\/span><br \/>\n<span style=\"font-size: 10pt;\">Die scharfe Optik und die lebendigen Farben werden durch das kratzfeste Design erg\u00e4nzt, was<\/span><br \/>\n<span style=\"font-size: 10pt;\">Es ist eine zuverl\u00e4ssige Wahl f\u00fcr den Langzeitgebrauch.<\/span><\/p>","protected":false},"featured_media":16584,"comment_status":"open","ping_status":"closed","template":"","meta":[],"product_brand":[],"product_cat":[829,832],"product_tag":[],"class_list":{"0":"post-16632","1":"product","2":"type-product","3":"status-publish","4":"has-post-thumbnail","6":"product_cat-k-series-redmi-series","7":"product_cat-redmi-k20-pro","9":"first","10":"instock","11":"taxable","12":"shipping-taxable","13":"purchasable","14":"product-type-variable"},"yoast_head":"<!-- This site is optimized with the Yoast SEO plugin v27.4 - https:\/\/yoast.com\/product\/yoast-seo-wordpress\/ -->\n<title>Redmi K20 Pro High-Durability Ultra-Bright Display Replacement - Excellent Visual Clarity &amp; Touch Sensitivity - High Compatibility - OEM Grade - Quality Guaranteed - Fast Shipping - InsurePart<\/title>\n<meta name=\"description\" content=\"Redmi K20 Pro High-Durability Ultra-Bright Display Replacement - Excellent Visual Clarity &amp; Touch Sensitivity - High Compatibility - OEM Grade - Quality Guaranteed - Fast Shipping\" \/>\n<meta name=\"robots\" content=\"index, follow, max-snippet:-1, max-image-preview:large, max-video-preview:-1\" \/>\n<link rel=\"canonical\" href=\"https:\/\/www.dt-smart.com\/de\/produkt\/high-durability-ultra-bright-display-for-redmi-k20-pro-with-excellent-visual-clarity\/\" \/>\n<meta property=\"og:locale\" content=\"de_DE\" \/>\n<meta property=\"og:type\" content=\"article\" \/>\n<meta property=\"og:title\" content=\"Redmi K20 Pro High-Durability Ultra-Bright Display Replacement - Excellent Visual Clarity &amp; Touch Sensitivity - High Compatibility - OEM Grade - Quality Guaranteed - Fast Shipping - InsurePart\" \/>\n<meta property=\"og:description\" content=\"Redmi K20 Pro High-Durability Ultra-Bright Display Replacement - Excellent Visual Clarity &amp; Touch Sensitivity - High Compatibility - OEM Grade - Quality Guaranteed - Fast Shipping\" \/>\n<meta property=\"og:url\" content=\"https:\/\/www.dt-smart.com\/de\/produkt\/high-durability-ultra-bright-display-for-redmi-k20-pro-with-excellent-visual-clarity\/\" \/>\n<meta property=\"og:site_name\" content=\"InsurePart\" \/>\n<meta property=\"article:publisher\" content=\"https:\/\/www.facebook.com\/anjinleeEva\" \/>\n<meta property=\"article:modified_time\" content=\"2026-01-19T08:52:03+00:00\" \/>\n<meta property=\"og:image\" content=\"https:\/\/www.dt-smart.com\/wp-content\/uploads\/2024\/10\/k20-k20Pro\u4e3b-1.webp\" \/>\n\t<meta property=\"og:image:width\" content=\"1000\" \/>\n\t<meta property=\"og:image:height\" content=\"1000\" \/>\n\t<meta property=\"og:image:type\" content=\"image\/webp\" \/>\n<meta name=\"twitter:card\" content=\"summary_large_image\" \/>\n<meta name=\"twitter:label1\" content=\"Gesch\u00e4tzte Lesezeit\" \/>\n\t<meta name=\"twitter:data1\" content=\"1\u00a0Minute\" \/>\n<script type=\"application\/ld+json\" class=\"yoast-schema-graph\">{\"@context\":\"https:\\\/\\\/schema.org\",\"@graph\":[{\"@type\":\"WebPage\",\"@id\":\"https:\\\/\\\/www.dt-smart.com\\\/product\\\/high-durability-ultra-bright-display-for-redmi-k20-pro-with-excellent-visual-clarity\\\/\",\"url\":\"https:\\\/\\\/www.dt-smart.com\\\/product\\\/high-durability-ultra-bright-display-for-redmi-k20-pro-with-excellent-visual-clarity\\\/\",\"name\":\"Redmi K20 Pro High-Durability Ultra-Bright Display Replacement - Excellent Visual Clarity & Touch Sensitivity - High Compatibility - OEM Grade - Quality Guaranteed - Fast Shipping - InsurePart\",\"isPartOf\":{\"@id\":\"https:\\\/\\\/www.dt-smart.com\\\/#website\"},\"primaryImageOfPage\":{\"@id\":\"https:\\\/\\\/www.dt-smart.com\\\/product\\\/high-durability-ultra-bright-display-for-redmi-k20-pro-with-excellent-visual-clarity\\\/#primaryimage\"},\"image\":{\"@id\":\"https:\\\/\\\/www.dt-smart.com\\\/product\\\/high-durability-ultra-bright-display-for-redmi-k20-pro-with-excellent-visual-clarity\\\/#primaryimage\"},\"thumbnailUrl\":\"https:\\\/\\\/www.dt-smart.com\\\/wp-content\\\/uploads\\\/2024\\\/10\\\/k20-k20Pro\u4e3b-1.webp\",\"datePublished\":\"2024-10-23T09:09:40+00:00\",\"dateModified\":\"2026-01-19T08:52:03+00:00\",\"description\":\"Redmi K20 Pro High-Durability Ultra-Bright Display Replacement - Excellent Visual Clarity & Touch Sensitivity - High Compatibility - OEM Grade - Quality Guaranteed - Fast Shipping\",\"breadcrumb\":{\"@id\":\"https:\\\/\\\/www.dt-smart.com\\\/product\\\/high-durability-ultra-bright-display-for-redmi-k20-pro-with-excellent-visual-clarity\\\/#breadcrumb\"},\"inLanguage\":\"de\",\"potentialAction\":[{\"@type\":\"ReadAction\",\"target\":[\"https:\\\/\\\/www.dt-smart.com\\\/product\\\/high-durability-ultra-bright-display-for-redmi-k20-pro-with-excellent-visual-clarity\\\/\"]}]},{\"@type\":\"ImageObject\",\"inLanguage\":\"de\",\"@id\":\"https:\\\/\\\/www.dt-smart.com\\\/product\\\/high-durability-ultra-bright-display-for-redmi-k20-pro-with-excellent-visual-clarity\\\/#primaryimage\",\"url\":\"https:\\\/\\\/www.dt-smart.com\\\/wp-content\\\/uploads\\\/2024\\\/10\\\/k20-k20Pro\u4e3b-1.webp\",\"contentUrl\":\"https:\\\/\\\/www.dt-smart.com\\\/wp-content\\\/uploads\\\/2024\\\/10\\\/k20-k20Pro\u4e3b-1.webp\",\"width\":1000,\"height\":1000},{\"@type\":\"BreadcrumbList\",\"@id\":\"https:\\\/\\\/www.dt-smart.com\\\/product\\\/high-durability-ultra-bright-display-for-redmi-k20-pro-with-excellent-visual-clarity\\\/#breadcrumb\",\"itemListElement\":[{\"@type\":\"ListItem\",\"position\":1,\"name\":\"Home\",\"item\":\"https:\\\/\\\/www.dt-smart.com\\\/\"},{\"@type\":\"ListItem\",\"position\":2,\"name\":\"Product\",\"item\":\"https:\\\/\\\/www.dt-smart.com\\\/ru\\\/product\\\/\"},{\"@type\":\"ListItem\",\"position\":3,\"name\":\"Redmi K20 Pro High-Durability Ultra-Bright Display Replacement &#8211; Excellent Visual Clarity &#038; Touch Sensitivity &#8211; High Compatibility &#8211; OEM Grade &#8211; Quality Guaranteed &#8211; Fast Shipping\"}]},{\"@type\":\"WebSite\",\"@id\":\"https:\\\/\\\/www.dt-smart.com\\\/#website\",\"url\":\"https:\\\/\\\/www.dt-smart.com\\\/\",\"name\":\"InsurePart\",\"description\":\"Cell Phone Repair Parts; iPhone Parts Wholesale;Samsung Parts Supplier\",\"potentialAction\":[{\"@type\":\"SearchAction\",\"target\":{\"@type\":\"EntryPoint\",\"urlTemplate\":\"https:\\\/\\\/www.dt-smart.com\\\/?s={search_term_string}\"},\"query-input\":{\"@type\":\"PropertyValueSpecification\",\"valueRequired\":true,\"valueName\":\"search_term_string\"}}],\"inLanguage\":\"de\"}]}<\/script>\n<!-- \/ Yoast SEO plugin. -->","yoast_head_json":{"title":"Redmi K20 Pro High-Durability Ultra-Bright Display Replacement - Excellent Visual Clarity & Touch Sensitivity - High Compatibility - OEM Grade - Quality Guaranteed - Fast Shipping - InsurePart","description":"Redmi K20 Pro High-Durability Ultra-Bright Display Replacement - Excellent Visual Clarity & Touch Sensitivity - High Compatibility - OEM Grade - Quality Guaranteed - Fast Shipping","robots":{"index":"index","follow":"follow","max-snippet":"max-snippet:-1","max-image-preview":"max-image-preview:large","max-video-preview":"max-video-preview:-1"},"canonical":"https:\/\/www.dt-smart.com\/de\/produkt\/high-durability-ultra-bright-display-for-redmi-k20-pro-with-excellent-visual-clarity\/","og_locale":"de_DE","og_type":"article","og_title":"Redmi K20 Pro High-Durability Ultra-Bright Display Replacement - Excellent Visual Clarity & Touch Sensitivity - High Compatibility - OEM Grade - Quality Guaranteed - Fast Shipping - InsurePart","og_description":"Redmi K20 Pro High-Durability Ultra-Bright Display Replacement - Excellent Visual Clarity & Touch Sensitivity - High Compatibility - OEM Grade - Quality Guaranteed - Fast Shipping","og_url":"https:\/\/www.dt-smart.com\/de\/produkt\/high-durability-ultra-bright-display-for-redmi-k20-pro-with-excellent-visual-clarity\/","og_site_name":"InsurePart","article_publisher":"https:\/\/www.facebook.com\/anjinleeEva","article_modified_time":"2026-01-19T08:52:03+00:00","og_image":[{"width":1000,"height":1000,"url":"https:\/\/www.dt-smart.com\/wp-content\/uploads\/2024\/10\/k20-k20Pro\u4e3b-1.webp","type":"image\/webp"}],"twitter_card":"summary_large_image","twitter_misc":{"Gesch\u00e4tzte Lesezeit":"1\u00a0Minute"},"schema":{"@context":"https:\/\/schema.org","@graph":[{"@type":"WebPage","@id":"https:\/\/www.dt-smart.com\/product\/high-durability-ultra-bright-display-for-redmi-k20-pro-with-excellent-visual-clarity\/","url":"https:\/\/www.dt-smart.com\/product\/high-durability-ultra-bright-display-for-redmi-k20-pro-with-excellent-visual-clarity\/","name":"Redmi K20 Pro High-Durability Ultra-Bright Display Replacement - Excellent Visual Clarity & Touch Sensitivity - High Compatibility - OEM Grade - Quality Guaranteed - Fast Shipping - InsurePart","isPartOf":{"@id":"https:\/\/www.dt-smart.com\/#website"},"primaryImageOfPage":{"@id":"https:\/\/www.dt-smart.com\/product\/high-durability-ultra-bright-display-for-redmi-k20-pro-with-excellent-visual-clarity\/#primaryimage"},"image":{"@id":"https:\/\/www.dt-smart.com\/product\/high-durability-ultra-bright-display-for-redmi-k20-pro-with-excellent-visual-clarity\/#primaryimage"},"thumbnailUrl":"https:\/\/www.dt-smart.com\/wp-content\/uploads\/2024\/10\/k20-k20Pro\u4e3b-1.webp","datePublished":"2024-10-23T09:09:40+00:00","dateModified":"2026-01-19T08:52:03+00:00","description":"Redmi K20 Pro High-Durability Ultra-Bright Display Replacement - Excellent Visual Clarity & Touch Sensitivity - High Compatibility - OEM Grade - Quality Guaranteed - Fast Shipping","breadcrumb":{"@id":"https:\/\/www.dt-smart.com\/product\/high-durability-ultra-bright-display-for-redmi-k20-pro-with-excellent-visual-clarity\/#breadcrumb"},"inLanguage":"de","potentialAction":[{"@type":"ReadAction","target":["https:\/\/www.dt-smart.com\/product\/high-durability-ultra-bright-display-for-redmi-k20-pro-with-excellent-visual-clarity\/"]}]},{"@type":"ImageObject","inLanguage":"de","@id":"https:\/\/www.dt-smart.com\/product\/high-durability-ultra-bright-display-for-redmi-k20-pro-with-excellent-visual-clarity\/#primaryimage","url":"https:\/\/www.dt-smart.com\/wp-content\/uploads\/2024\/10\/k20-k20Pro\u4e3b-1.webp","contentUrl":"https:\/\/www.dt-smart.com\/wp-content\/uploads\/2024\/10\/k20-k20Pro\u4e3b-1.webp","width":1000,"height":1000},{"@type":"BreadcrumbList","@id":"https:\/\/www.dt-smart.com\/product\/high-durability-ultra-bright-display-for-redmi-k20-pro-with-excellent-visual-clarity\/#breadcrumb","itemListElement":[{"@type":"ListItem","position":1,"name":"Home","item":"https:\/\/www.dt-smart.com\/"},{"@type":"ListItem","position":2,"name":"Product","item":"https:\/\/www.dt-smart.com\/ru\/product\/"},{"@type":"ListItem","position":3,"name":"Redmi K20 Pro High-Durability Ultra-Bright Display Replacement &#8211; Excellent Visual Clarity &#038; Touch Sensitivity &#8211; High Compatibility &#8211; OEM Grade &#8211; Quality Guaranteed &#8211; Fast Shipping"}]},{"@type":"WebSite","@id":"https:\/\/www.dt-smart.com\/#website","url":"https:\/\/www.dt-smart.com\/","name":"InsurePart","description":"Handy-Ersatzteile; iPhone-Ersatzteile im Gro\u00dfhandel; Samsung-Ersatzteillieferant","potentialAction":[{"@type":"SearchAction","target":{"@type":"EntryPoint","urlTemplate":"https:\/\/www.dt-smart.com\/?s={search_term_string}"},"query-input":{"@type":"PropertyValueSpecification","valueRequired":true,"valueName":"search_term_string"}}],"inLanguage":"de"}]}},"_links":{"self":[{"href":"https:\/\/www.dt-smart.com\/de\/wp-json\/wp\/v2\/product\/16632","targetHints":{"allow":["GET"]}}],"collection":[{"href":"https:\/\/www.dt-smart.com\/de\/wp-json\/wp\/v2\/product"}],"about":[{"href":"https:\/\/www.dt-smart.com\/de\/wp-json\/wp\/v2\/types\/product"}],"replies":[{"embeddable":true,"href":"https:\/\/www.dt-smart.com\/de\/wp-json\/wp\/v2\/comments?post=16632"}],"version-history":[{"count":4,"href":"https:\/\/www.dt-smart.com\/de\/wp-json\/wp\/v2\/product\/16632\/revisions"}],"predecessor-version":[{"id":24083,"href":"https:\/\/www.dt-smart.com\/de\/wp-json\/wp\/v2\/product\/16632\/revisions\/24083"}],"wp:featuredmedia":[{"embeddable":true,"href":"https:\/\/www.dt-smart.com\/de\/wp-json\/wp\/v2\/media\/16584"}],"wp:attachment":[{"href":"https:\/\/www.dt-smart.com\/de\/wp-json\/wp\/v2\/media?parent=16632"}],"wp:term":[{"taxonomy":"product_brand","embeddable":true,"href":"https:\/\/www.dt-smart.com\/de\/wp-json\/wp\/v2\/product_brand?post=16632"},{"taxonomy":"product_cat","embeddable":true,"href":"https:\/\/www.dt-smart.com\/de\/wp-json\/wp\/v2\/product_cat?post=16632"},{"taxonomy":"product_tag","embeddable":true,"href":"https:\/\/www.dt-smart.com\/de\/wp-json\/wp\/v2\/product_tag?post=16632"}],"curies":[{"name":"wp","href":"https:\/\/api.w.org\/{rel}","templated":true}]}}