{"id":17310,"date":"2024-11-28T10:21:35","date_gmt":"2024-11-28T02:21:35","guid":{"rendered":"https:\/\/insurepart.com\/?post_type=product&#038;p=17310"},"modified":"2026-01-08T15:54:32","modified_gmt":"2026-01-08T07:54:32","slug":"6-7-inch-amoled-display-for-realme-9-pro-premium-quality-screen-for-vivid-colors-and-smooth-performance","status":"publish","type":"product","link":"https:\/\/www.dt-smart.com\/de\/produkt\/6-7-inch-amoled-display-for-realme-9-pro-premium-quality-screen-for-vivid-colors-and-smooth-performance\/","title":{"rendered":"Realme 9 Pro 6,7-Zoll-AMOLED-Ersatzdisplay \u2013 120 Hz AdaptiveSync, lebendige HDR-Farben, fl\u00fcssige Touch-Reaktion. 1 Jahr Garantie, schneller Versand."},"content":{"rendered":"","protected":false},"excerpt":{"rendered":"<p>Der 6,7 Zoll gro\u00dfe AMOLED-Bildschirmersatz f\u00fcr das Realme 9 Pro Plus bietet eine \u00fcberragende Bildqualit\u00e4t mit lebendigen Farben.,<br \/>\nTiefe Schwarzt\u00f6ne und hervorragende Ber\u00fchrungsempfindlichkeit. Egal ob Ihr Bildschirm gesprungen, zerbrochen ist oder Pixelfehler aufweist,<br \/>\nDieses hochwertige Ersatzdisplay stellt die urspr\u00fcngliche Bildqualit\u00e4t Ihres Telefons wieder her. Es ist f\u00fcr eine einfache Installation konzipiert.<br \/>\nDieser Bildschirm ist auf Langlebigkeit ausgelegt und bietet eine scharfe Aufl\u00f6sung, ein immersives Seherlebnis und eine makellose Touch-Pr\u00e4zision. Er ersetzt<br \/>\nMit diesem hochwertigen AMOLED-Display erweckt dieses Display Ihren besch\u00e4digten Bildschirm, den Realme 9 Pro Plus, wieder zum Leben.<\/p>","protected":false},"featured_media":17257,"comment_status":"open","ping_status":"closed","template":"","meta":[],"product_brand":[],"product_cat":[379,1217,1226],"product_tag":[],"class_list":{"0":"post-17310","1":"product","2":"type-product","3":"status-publish","4":"has-post-thumbnail","6":"product_cat-oppo","7":"product_cat-1217","8":"product_cat-realme-10","10":"first","11":"instock","12":"taxable","13":"shipping-taxable","14":"purchasable","15":"product-type-simple"},"yoast_head":"<!-- This site is optimized with the Yoast SEO plugin v27.4 - https:\/\/yoast.com\/product\/yoast-seo-wordpress\/ -->\n<title>Realme 9 Pro 6.7-inch AMOLED Replacement - 120Hz AdaptiveSync, Vivid HDR Colors, Smooth Touch Response. 1-Year Warranty, Fast Shipping - InsurePart<\/title>\n<meta name=\"robots\" content=\"index, follow, max-snippet:-1, max-image-preview:large, max-video-preview:-1\" \/>\n<link rel=\"canonical\" href=\"https:\/\/www.dt-smart.com\/de\/producto\/6-7-inch-amoled-display-for-realme-9-pro-premium-quality-screen-for-vivid-colors-and-smooth-performance\/\" \/>\n<meta property=\"og:locale\" content=\"de_DE\" \/>\n<meta property=\"og:type\" content=\"article\" \/>\n<meta property=\"og:title\" content=\"Realme 9 Pro 6.7-inch AMOLED Replacement - 120Hz AdaptiveSync, Vivid HDR Colors, Smooth Touch Response. 1-Year Warranty, Fast Shipping - InsurePart\" \/>\n<meta property=\"og:description\" content=\"The 6.7-inch AMOLED screen replacement for Realme 9 Pro Plus offers superior display quality, featuring vibrant colors, deep blacks, and excellent touch responsiveness. Whether your screen is cracked, broken, or suffering from dead pixels, this premium replacement will restore your phone\u2019s visual performance to its original brilliance. Designed for ease of installation and built to last, this screen delivers sharp resolution, an immersive viewing experience, and flawless touch accuracy. Replacing your damaged screen with this high-quality AMOLED display will bring your Realme 9 Pro Plus back to life.\" \/>\n<meta property=\"og:url\" content=\"https:\/\/www.dt-smart.com\/de\/producto\/6-7-inch-amoled-display-for-realme-9-pro-premium-quality-screen-for-vivid-colors-and-smooth-performance\/\" \/>\n<meta property=\"og:site_name\" content=\"InsurePart\" \/>\n<meta property=\"article:publisher\" content=\"https:\/\/www.facebook.com\/anjinleeEva\" \/>\n<meta property=\"article:modified_time\" content=\"2026-01-08T07:54:32+00:00\" \/>\n<meta property=\"og:image\" content=\"https:\/\/www.dt-smart.com\/wp-content\/uploads\/2024\/11\/rl-9\u4e3b.webp\" \/>\n\t<meta property=\"og:image:width\" content=\"1000\" \/>\n\t<meta property=\"og:image:height\" content=\"1000\" \/>\n\t<meta property=\"og:image:type\" content=\"image\/webp\" \/>\n<meta name=\"twitter:card\" content=\"summary_large_image\" \/>\n<meta name=\"twitter:label1\" content=\"Gesch\u00e4tzte Lesezeit\" \/>\n\t<meta name=\"twitter:data1\" content=\"1\u00a0Minute\" \/>\n<script type=\"application\/ld+json\" class=\"yoast-schema-graph\">{\"@context\":\"https:\\\/\\\/schema.org\",\"@graph\":[{\"@type\":\"WebPage\",\"@id\":\"https:\\\/\\\/www.dt-smart.com\\\/es\\\/producto\\\/6-7-inch-amoled-display-for-realme-9-pro-premium-quality-screen-for-vivid-colors-and-smooth-performance\\\/\",\"url\":\"https:\\\/\\\/www.dt-smart.com\\\/es\\\/producto\\\/6-7-inch-amoled-display-for-realme-9-pro-premium-quality-screen-for-vivid-colors-and-smooth-performance\\\/\",\"name\":\"Realme 9 Pro 6.7-inch AMOLED Replacement - 120Hz AdaptiveSync, Vivid HDR Colors, Smooth Touch Response. 1-Year Warranty, Fast Shipping - InsurePart\",\"isPartOf\":{\"@id\":\"https:\\\/\\\/www.dt-smart.com\\\/#website\"},\"primaryImageOfPage\":{\"@id\":\"https:\\\/\\\/www.dt-smart.com\\\/es\\\/producto\\\/6-7-inch-amoled-display-for-realme-9-pro-premium-quality-screen-for-vivid-colors-and-smooth-performance\\\/#primaryimage\"},\"image\":{\"@id\":\"https:\\\/\\\/www.dt-smart.com\\\/es\\\/producto\\\/6-7-inch-amoled-display-for-realme-9-pro-premium-quality-screen-for-vivid-colors-and-smooth-performance\\\/#primaryimage\"},\"thumbnailUrl\":\"https:\\\/\\\/www.dt-smart.com\\\/wp-content\\\/uploads\\\/2024\\\/11\\\/rl-9\u4e3b.webp\",\"datePublished\":\"2024-11-28T02:21:35+00:00\",\"dateModified\":\"2026-01-08T07:54:32+00:00\",\"breadcrumb\":{\"@id\":\"https:\\\/\\\/www.dt-smart.com\\\/es\\\/producto\\\/6-7-inch-amoled-display-for-realme-9-pro-premium-quality-screen-for-vivid-colors-and-smooth-performance\\\/#breadcrumb\"},\"inLanguage\":\"de\",\"potentialAction\":[{\"@type\":\"ReadAction\",\"target\":[\"https:\\\/\\\/www.dt-smart.com\\\/es\\\/producto\\\/6-7-inch-amoled-display-for-realme-9-pro-premium-quality-screen-for-vivid-colors-and-smooth-performance\\\/\"]}]},{\"@type\":\"ImageObject\",\"inLanguage\":\"de\",\"@id\":\"https:\\\/\\\/www.dt-smart.com\\\/es\\\/producto\\\/6-7-inch-amoled-display-for-realme-9-pro-premium-quality-screen-for-vivid-colors-and-smooth-performance\\\/#primaryimage\",\"url\":\"https:\\\/\\\/www.dt-smart.com\\\/wp-content\\\/uploads\\\/2024\\\/11\\\/rl-9\u4e3b.webp\",\"contentUrl\":\"https:\\\/\\\/www.dt-smart.com\\\/wp-content\\\/uploads\\\/2024\\\/11\\\/rl-9\u4e3b.webp\",\"width\":1000,\"height\":1000},{\"@type\":\"BreadcrumbList\",\"@id\":\"https:\\\/\\\/www.dt-smart.com\\\/es\\\/producto\\\/6-7-inch-amoled-display-for-realme-9-pro-premium-quality-screen-for-vivid-colors-and-smooth-performance\\\/#breadcrumb\",\"itemListElement\":[{\"@type\":\"ListItem\",\"position\":1,\"name\":\"Home\",\"item\":\"https:\\\/\\\/www.dt-smart.com\\\/\"},{\"@type\":\"ListItem\",\"position\":2,\"name\":\"Product\",\"item\":\"https:\\\/\\\/www.dt-smart.com\\\/ru\\\/product\\\/\"},{\"@type\":\"ListItem\",\"position\":3,\"name\":\"Realme 9 Pro 6.7-inch AMOLED Replacement &#8211; 120Hz AdaptiveSync, Vivid HDR Colors, Smooth Touch Response. 1-Year Warranty, Fast Shipping\"}]},{\"@type\":\"WebSite\",\"@id\":\"https:\\\/\\\/www.dt-smart.com\\\/#website\",\"url\":\"https:\\\/\\\/www.dt-smart.com\\\/\",\"name\":\"InsurePart\",\"description\":\"Cell Phone Repair Parts; iPhone Parts Wholesale;Samsung Parts Supplier\",\"potentialAction\":[{\"@type\":\"SearchAction\",\"target\":{\"@type\":\"EntryPoint\",\"urlTemplate\":\"https:\\\/\\\/www.dt-smart.com\\\/?s={search_term_string}\"},\"query-input\":{\"@type\":\"PropertyValueSpecification\",\"valueRequired\":true,\"valueName\":\"search_term_string\"}}],\"inLanguage\":\"de\"}]}<\/script>\n<!-- \/ Yoast SEO plugin. -->","yoast_head_json":{"title":"Realme 9 Pro 6.7-inch AMOLED Replacement - 120Hz AdaptiveSync, Vivid HDR Colors, Smooth Touch Response. 1-Year Warranty, Fast Shipping - InsurePart","robots":{"index":"index","follow":"follow","max-snippet":"max-snippet:-1","max-image-preview":"max-image-preview:large","max-video-preview":"max-video-preview:-1"},"canonical":"https:\/\/www.dt-smart.com\/de\/producto\/6-7-inch-amoled-display-for-realme-9-pro-premium-quality-screen-for-vivid-colors-and-smooth-performance\/","og_locale":"de_DE","og_type":"article","og_title":"Realme 9 Pro 6.7-inch AMOLED Replacement - 120Hz AdaptiveSync, Vivid HDR Colors, Smooth Touch Response. 1-Year Warranty, Fast Shipping - InsurePart","og_description":"The 6.7-inch AMOLED screen replacement for Realme 9 Pro Plus offers superior display quality, featuring vibrant colors, deep blacks, and excellent touch responsiveness. Whether your screen is cracked, broken, or suffering from dead pixels, this premium replacement will restore your phone\u2019s visual performance to its original brilliance. Designed for ease of installation and built to last, this screen delivers sharp resolution, an immersive viewing experience, and flawless touch accuracy. Replacing your damaged screen with this high-quality AMOLED display will bring your Realme 9 Pro Plus back to life.","og_url":"https:\/\/www.dt-smart.com\/de\/producto\/6-7-inch-amoled-display-for-realme-9-pro-premium-quality-screen-for-vivid-colors-and-smooth-performance\/","og_site_name":"InsurePart","article_publisher":"https:\/\/www.facebook.com\/anjinleeEva","article_modified_time":"2026-01-08T07:54:32+00:00","og_image":[{"width":1000,"height":1000,"url":"https:\/\/www.dt-smart.com\/wp-content\/uploads\/2024\/11\/rl-9\u4e3b.webp","type":"image\/webp"}],"twitter_card":"summary_large_image","twitter_misc":{"Gesch\u00e4tzte Lesezeit":"1\u00a0Minute"},"schema":{"@context":"https:\/\/schema.org","@graph":[{"@type":"WebPage","@id":"https:\/\/www.dt-smart.com\/es\/producto\/6-7-inch-amoled-display-for-realme-9-pro-premium-quality-screen-for-vivid-colors-and-smooth-performance\/","url":"https:\/\/www.dt-smart.com\/es\/producto\/6-7-inch-amoled-display-for-realme-9-pro-premium-quality-screen-for-vivid-colors-and-smooth-performance\/","name":"Realme 9 Pro 6.7-inch AMOLED Replacement - 120Hz AdaptiveSync, Vivid HDR Colors, Smooth Touch Response. 1-Year Warranty, Fast Shipping - InsurePart","isPartOf":{"@id":"https:\/\/www.dt-smart.com\/#website"},"primaryImageOfPage":{"@id":"https:\/\/www.dt-smart.com\/es\/producto\/6-7-inch-amoled-display-for-realme-9-pro-premium-quality-screen-for-vivid-colors-and-smooth-performance\/#primaryimage"},"image":{"@id":"https:\/\/www.dt-smart.com\/es\/producto\/6-7-inch-amoled-display-for-realme-9-pro-premium-quality-screen-for-vivid-colors-and-smooth-performance\/#primaryimage"},"thumbnailUrl":"https:\/\/www.dt-smart.com\/wp-content\/uploads\/2024\/11\/rl-9\u4e3b.webp","datePublished":"2024-11-28T02:21:35+00:00","dateModified":"2026-01-08T07:54:32+00:00","breadcrumb":{"@id":"https:\/\/www.dt-smart.com\/es\/producto\/6-7-inch-amoled-display-for-realme-9-pro-premium-quality-screen-for-vivid-colors-and-smooth-performance\/#breadcrumb"},"inLanguage":"de","potentialAction":[{"@type":"ReadAction","target":["https:\/\/www.dt-smart.com\/es\/producto\/6-7-inch-amoled-display-for-realme-9-pro-premium-quality-screen-for-vivid-colors-and-smooth-performance\/"]}]},{"@type":"ImageObject","inLanguage":"de","@id":"https:\/\/www.dt-smart.com\/es\/producto\/6-7-inch-amoled-display-for-realme-9-pro-premium-quality-screen-for-vivid-colors-and-smooth-performance\/#primaryimage","url":"https:\/\/www.dt-smart.com\/wp-content\/uploads\/2024\/11\/rl-9\u4e3b.webp","contentUrl":"https:\/\/www.dt-smart.com\/wp-content\/uploads\/2024\/11\/rl-9\u4e3b.webp","width":1000,"height":1000},{"@type":"BreadcrumbList","@id":"https:\/\/www.dt-smart.com\/es\/producto\/6-7-inch-amoled-display-for-realme-9-pro-premium-quality-screen-for-vivid-colors-and-smooth-performance\/#breadcrumb","itemListElement":[{"@type":"ListItem","position":1,"name":"Home","item":"https:\/\/www.dt-smart.com\/"},{"@type":"ListItem","position":2,"name":"Product","item":"https:\/\/www.dt-smart.com\/ru\/product\/"},{"@type":"ListItem","position":3,"name":"Realme 9 Pro 6.7-inch AMOLED Replacement &#8211; 120Hz AdaptiveSync, Vivid HDR Colors, Smooth Touch Response. 1-Year Warranty, Fast Shipping"}]},{"@type":"WebSite","@id":"https:\/\/www.dt-smart.com\/#website","url":"https:\/\/www.dt-smart.com\/","name":"InsurePart","description":"Handy-Ersatzteile; iPhone-Ersatzteile im Gro\u00dfhandel; Samsung-Ersatzteillieferant","potentialAction":[{"@type":"SearchAction","target":{"@type":"EntryPoint","urlTemplate":"https:\/\/www.dt-smart.com\/?s={search_term_string}"},"query-input":{"@type":"PropertyValueSpecification","valueRequired":true,"valueName":"search_term_string"}}],"inLanguage":"de"}]}},"_links":{"self":[{"href":"https:\/\/www.dt-smart.com\/de\/wp-json\/wp\/v2\/product\/17310","targetHints":{"allow":["GET"]}}],"collection":[{"href":"https:\/\/www.dt-smart.com\/de\/wp-json\/wp\/v2\/product"}],"about":[{"href":"https:\/\/www.dt-smart.com\/de\/wp-json\/wp\/v2\/types\/product"}],"replies":[{"embeddable":true,"href":"https:\/\/www.dt-smart.com\/de\/wp-json\/wp\/v2\/comments?post=17310"}],"version-history":[{"count":2,"href":"https:\/\/www.dt-smart.com\/de\/wp-json\/wp\/v2\/product\/17310\/revisions"}],"predecessor-version":[{"id":24457,"href":"https:\/\/www.dt-smart.com\/de\/wp-json\/wp\/v2\/product\/17310\/revisions\/24457"}],"wp:featuredmedia":[{"embeddable":true,"href":"https:\/\/www.dt-smart.com\/de\/wp-json\/wp\/v2\/media\/17257"}],"wp:attachment":[{"href":"https:\/\/www.dt-smart.com\/de\/wp-json\/wp\/v2\/media?parent=17310"}],"wp:term":[{"taxonomy":"product_brand","embeddable":true,"href":"https:\/\/www.dt-smart.com\/de\/wp-json\/wp\/v2\/product_brand?post=17310"},{"taxonomy":"product_cat","embeddable":true,"href":"https:\/\/www.dt-smart.com\/de\/wp-json\/wp\/v2\/product_cat?post=17310"},{"taxonomy":"product_tag","embeddable":true,"href":"https:\/\/www.dt-smart.com\/de\/wp-json\/wp\/v2\/product_tag?post=17310"}],"curies":[{"name":"wp","href":"https:\/\/api.w.org\/{rel}","templated":true}]}}