{"id":17489,"date":"2024-12-05T10:38:15","date_gmt":"2024-12-05T02:38:15","guid":{"rendered":"https:\/\/insurepart.com\/?post_type=product&#038;p=17489"},"modified":"2026-01-14T10:22:00","modified_gmt":"2026-01-14T02:22:00","slug":"replacement-screen-assembly-for-google-pixel-9-pro-ultra-high-brightness-vivid-colors-crisp-resolution","status":"publish","type":"product","link":"https:\/\/www.dt-smart.com\/de\/produkt\/replacement-screen-assembly-for-google-pixel-9-pro-ultra-high-brightness-vivid-colors-crisp-resolution\/","title":{"rendered":"Google Pixel 9 Pro Ersatzbildschirm \u2013 Display mit extrem hoher Helligkeit, lebendigen Farben und gestochen scharfer Aufl\u00f6sung \u2013 Erstausr\u00fcsterqualit\u00e4t \u2013 Qualit\u00e4tsgarantie \u2013 Schneller Versand"},"content":{"rendered":"<p><img fetchpriority=\"high\" decoding=\"async\" class=\"alignnone size-full wp-image-15567 aligncenter\" src=\"https:\/\/insurepart.com\/wp-content\/uploads\/2024\/08\/\u4e3a\u4ec0\u4e48\u9009\u62e9\u6211\u4eec22.webp\" alt=\"\" width=\"1000\" height=\"786\" srcset=\"https:\/\/www.dt-smart.com\/wp-content\/uploads\/2024\/08\/\u4e3a\u4ec0\u4e48\u9009\u62e9\u6211\u4eec22.webp 1000w, https:\/\/www.dt-smart.com\/wp-content\/uploads\/2024\/08\/\u4e3a\u4ec0\u4e48\u9009\u62e9\u6211\u4eec22-300x236.webp 300w, https:\/\/www.dt-smart.com\/wp-content\/uploads\/2024\/08\/\u4e3a\u4ec0\u4e48\u9009\u62e9\u6211\u4eec22-150x118.webp 150w, https:\/\/www.dt-smart.com\/wp-content\/uploads\/2024\/08\/\u4e3a\u4ec0\u4e48\u9009\u62e9\u6211\u4eec22-800x629.webp 800w, https:\/\/www.dt-smart.com\/wp-content\/uploads\/2024\/08\/\u4e3a\u4ec0\u4e48\u9009\u62e9\u6211\u4eec22-768x604.webp 768w, https:\/\/www.dt-smart.com\/wp-content\/uploads\/2024\/08\/\u4e3a\u4ec0\u4e48\u9009\u62e9\u6211\u4eec22-15x12.webp 15w\" sizes=\"(max-width: 1000px) 100vw, 1000px\" \/><\/p>","protected":false},"excerpt":{"rendered":"<p><span style=\"font-size: 10pt;\">Wenn Sie sich f\u00fcr das Google Pixel 9 Pro entschieden haben, m\u00fcssen Sie sich keine Sorgen mehr machen, Sie m\u00fcssen nur noch einen Klick auf die Seite schreiben, die Sie brauchen, und Sie werden sicher sein, dass Sie nichts dagegen haben.<\/span><br \/>\n<span style=\"font-size: 10pt;\">Wenn Sie darauf achten, dass dies nicht der Fall ist, m\u00fcssen Sie feststellen, dass dies nicht der Fall ist, da dies nicht der Fall ist. Entschlie\u00dfen Sie sich, den Inhalt zu \u00e4ndern und zu speichern<\/span><br \/>\n<span style=\"font-size: 10pt;\">Fast alle Texte und Bilder haben uns dazu gebracht, sie zu lesen und zu lesen. Ich habe noch nie ein Foto gemacht, ich werde es nicht verpassen, aber ich werde es kaum erwarten<\/span><br \/>\n<span style=\"font-size: 10pt;\">Setiap Pengalaman visuell. Dies ist der Grund daf\u00fcr, dass die Kontrasnya-Sendung immer so ist, dass die Warnung, die Sie erhalten, angezeigt wird, und dass Sie eine gute Nachricht erhalten. Wenn Sie nicht wissen, was Sie tun m\u00fcssen, ist dies nicht der Fall<\/span><br \/>\n<span style=\"font-size: 10pt;\">Dies ist jedoch nicht der Fall, aber Sie m\u00fcssen die erforderlichen Schritte ausf\u00fchren, um das Pixel 9 Pro mit einer visuellen Anzeige zu versehen, die Ihnen gef\u00e4llt.<\/span><\/p>","protected":false},"featured_media":17471,"comment_status":"open","ping_status":"closed","template":"","meta":[],"product_brand":[],"product_cat":[1243,1244],"product_tag":[],"class_list":{"0":"post-17489","1":"product","2":"type-product","3":"status-publish","4":"has-post-thumbnail","6":"product_cat-google","7":"product_cat-pixel-9pro","9":"first","10":"instock","11":"taxable","12":"shipping-taxable","13":"purchasable","14":"product-type-simple"},"yoast_head":"<!-- This site is optimized with the Yoast SEO plugin v27.5 - https:\/\/yoast.com\/product\/yoast-seo-wordpress\/ -->\n<title>Google Pixel 9 Pro Replacement Screen Assembly - Ultra-High Brightness Display with Vivid Colors &amp; Crisp Resolution - OEM Grade - Quality Guaranteed - Fast Shipping - InsurePart<\/title>\n<meta name=\"description\" content=\"Google Pixel 9 Pro Replacement Screen Assembly - Ultra-High Brightness Display with Vivid Colors &amp; Crisp Resolution - OEM Grade - Quality Guaranteed - Fast Shipping\" \/>\n<meta name=\"robots\" content=\"index, follow, max-snippet:-1, max-image-preview:large, max-video-preview:-1\" \/>\n<link rel=\"canonical\" href=\"https:\/\/www.dt-smart.com\/de\/producto\/replacement-screen-assembly-for-google-pixel-9-pro-ultra-high-brightness-vivid-colors-crisp-resolution\/\" \/>\n<meta property=\"og:locale\" content=\"de_DE\" \/>\n<meta property=\"og:type\" content=\"article\" \/>\n<meta property=\"og:title\" content=\"Google Pixel 9 Pro Replacement Screen Assembly - Ultra-High Brightness Display with Vivid Colors &amp; Crisp Resolution - OEM Grade - Quality Guaranteed - Fast Shipping - InsurePart\" \/>\n<meta property=\"og:description\" content=\"Google Pixel 9 Pro Replacement Screen Assembly - Ultra-High Brightness Display with Vivid Colors &amp; Crisp Resolution - OEM Grade - Quality Guaranteed - Fast Shipping\" \/>\n<meta property=\"og:url\" content=\"https:\/\/www.dt-smart.com\/de\/producto\/replacement-screen-assembly-for-google-pixel-9-pro-ultra-high-brightness-vivid-colors-crisp-resolution\/\" \/>\n<meta property=\"og:site_name\" content=\"InsurePart\" \/>\n<meta property=\"article:publisher\" content=\"https:\/\/www.facebook.com\/anjinleeEva\" \/>\n<meta property=\"article:modified_time\" content=\"2026-01-14T02:22:00+00:00\" \/>\n<meta property=\"og:image\" content=\"https:\/\/www.dt-smart.com\/wp-content\/uploads\/2024\/12\/pix-9pro\u4e3b.webp\" \/>\n\t<meta property=\"og:image:width\" content=\"1000\" \/>\n\t<meta property=\"og:image:height\" content=\"1000\" \/>\n\t<meta property=\"og:image:type\" content=\"image\/webp\" \/>\n<meta name=\"twitter:card\" content=\"summary_large_image\" \/>\n<meta name=\"twitter:label1\" content=\"Gesch\u00e4tzte Lesezeit\" \/>\n\t<meta name=\"twitter:data1\" content=\"1\u00a0Minute\" \/>\n<script type=\"application\/ld+json\" class=\"yoast-schema-graph\">{\"@context\":\"https:\\\/\\\/schema.org\",\"@graph\":[{\"@type\":\"WebPage\",\"@id\":\"https:\\\/\\\/www.dt-smart.com\\\/es\\\/producto\\\/replacement-screen-assembly-for-google-pixel-9-pro-ultra-high-brightness-vivid-colors-crisp-resolution\\\/\",\"url\":\"https:\\\/\\\/www.dt-smart.com\\\/es\\\/producto\\\/replacement-screen-assembly-for-google-pixel-9-pro-ultra-high-brightness-vivid-colors-crisp-resolution\\\/\",\"name\":\"Google Pixel 9 Pro Replacement Screen Assembly - Ultra-High Brightness Display with Vivid Colors & Crisp Resolution - OEM Grade - Quality Guaranteed - Fast Shipping - InsurePart\",\"isPartOf\":{\"@id\":\"https:\\\/\\\/www.dt-smart.com\\\/#website\"},\"primaryImageOfPage\":{\"@id\":\"https:\\\/\\\/www.dt-smart.com\\\/es\\\/producto\\\/replacement-screen-assembly-for-google-pixel-9-pro-ultra-high-brightness-vivid-colors-crisp-resolution\\\/#primaryimage\"},\"image\":{\"@id\":\"https:\\\/\\\/www.dt-smart.com\\\/es\\\/producto\\\/replacement-screen-assembly-for-google-pixel-9-pro-ultra-high-brightness-vivid-colors-crisp-resolution\\\/#primaryimage\"},\"thumbnailUrl\":\"https:\\\/\\\/www.dt-smart.com\\\/wp-content\\\/uploads\\\/2024\\\/12\\\/pix-9pro\u4e3b.webp\",\"datePublished\":\"2024-12-05T02:38:15+00:00\",\"dateModified\":\"2026-01-14T02:22:00+00:00\",\"description\":\"Google Pixel 9 Pro Replacement Screen Assembly - Ultra-High Brightness Display with Vivid Colors & Crisp Resolution - OEM Grade - Quality Guaranteed - Fast Shipping\",\"breadcrumb\":{\"@id\":\"https:\\\/\\\/www.dt-smart.com\\\/es\\\/producto\\\/replacement-screen-assembly-for-google-pixel-9-pro-ultra-high-brightness-vivid-colors-crisp-resolution\\\/#breadcrumb\"},\"inLanguage\":\"de\",\"potentialAction\":[{\"@type\":\"ReadAction\",\"target\":[\"https:\\\/\\\/www.dt-smart.com\\\/es\\\/producto\\\/replacement-screen-assembly-for-google-pixel-9-pro-ultra-high-brightness-vivid-colors-crisp-resolution\\\/\"]}]},{\"@type\":\"ImageObject\",\"inLanguage\":\"de\",\"@id\":\"https:\\\/\\\/www.dt-smart.com\\\/es\\\/producto\\\/replacement-screen-assembly-for-google-pixel-9-pro-ultra-high-brightness-vivid-colors-crisp-resolution\\\/#primaryimage\",\"url\":\"https:\\\/\\\/www.dt-smart.com\\\/wp-content\\\/uploads\\\/2024\\\/12\\\/pix-9pro\u4e3b.webp\",\"contentUrl\":\"https:\\\/\\\/www.dt-smart.com\\\/wp-content\\\/uploads\\\/2024\\\/12\\\/pix-9pro\u4e3b.webp\",\"width\":1000,\"height\":1000},{\"@type\":\"BreadcrumbList\",\"@id\":\"https:\\\/\\\/www.dt-smart.com\\\/es\\\/producto\\\/replacement-screen-assembly-for-google-pixel-9-pro-ultra-high-brightness-vivid-colors-crisp-resolution\\\/#breadcrumb\",\"itemListElement\":[{\"@type\":\"ListItem\",\"position\":1,\"name\":\"Home\",\"item\":\"https:\\\/\\\/www.dt-smart.com\\\/\"},{\"@type\":\"ListItem\",\"position\":2,\"name\":\"Product\",\"item\":\"https:\\\/\\\/www.dt-smart.com\\\/ru\\\/product\\\/\"},{\"@type\":\"ListItem\",\"position\":3,\"name\":\"Google Pixel 9 Pro Replacement Screen Assembly &#8211; Ultra-High Brightness Display with Vivid Colors &#038; Crisp Resolution &#8211; OEM Grade &#8211; Quality Guaranteed &#8211; Fast Shipping\"}]},{\"@type\":\"WebSite\",\"@id\":\"https:\\\/\\\/www.dt-smart.com\\\/#website\",\"url\":\"https:\\\/\\\/www.dt-smart.com\\\/\",\"name\":\"InsurePart\",\"description\":\"Cell Phone Repair Parts; iPhone Parts Wholesale;Samsung Parts Supplier\",\"potentialAction\":[{\"@type\":\"SearchAction\",\"target\":{\"@type\":\"EntryPoint\",\"urlTemplate\":\"https:\\\/\\\/www.dt-smart.com\\\/?s={search_term_string}\"},\"query-input\":{\"@type\":\"PropertyValueSpecification\",\"valueRequired\":true,\"valueName\":\"search_term_string\"}}],\"inLanguage\":\"de\"}]}<\/script>\n<!-- \/ Yoast SEO plugin. -->","yoast_head_json":{"title":"Google Pixel 9 Pro Replacement Screen Assembly - Ultra-High Brightness Display with Vivid Colors & Crisp Resolution - OEM Grade - Quality Guaranteed - Fast Shipping - InsurePart","description":"Google Pixel 9 Pro Replacement Screen Assembly - Ultra-High Brightness Display with Vivid Colors & Crisp Resolution - OEM Grade - Quality Guaranteed - Fast Shipping","robots":{"index":"index","follow":"follow","max-snippet":"max-snippet:-1","max-image-preview":"max-image-preview:large","max-video-preview":"max-video-preview:-1"},"canonical":"https:\/\/www.dt-smart.com\/de\/producto\/replacement-screen-assembly-for-google-pixel-9-pro-ultra-high-brightness-vivid-colors-crisp-resolution\/","og_locale":"de_DE","og_type":"article","og_title":"Google Pixel 9 Pro Replacement Screen Assembly - Ultra-High Brightness Display with Vivid Colors & Crisp Resolution - OEM Grade - Quality Guaranteed - Fast Shipping - InsurePart","og_description":"Google Pixel 9 Pro Replacement Screen Assembly - Ultra-High Brightness Display with Vivid Colors & Crisp Resolution - OEM Grade - Quality Guaranteed - Fast Shipping","og_url":"https:\/\/www.dt-smart.com\/de\/producto\/replacement-screen-assembly-for-google-pixel-9-pro-ultra-high-brightness-vivid-colors-crisp-resolution\/","og_site_name":"InsurePart","article_publisher":"https:\/\/www.facebook.com\/anjinleeEva","article_modified_time":"2026-01-14T02:22:00+00:00","og_image":[{"width":1000,"height":1000,"url":"https:\/\/www.dt-smart.com\/wp-content\/uploads\/2024\/12\/pix-9pro\u4e3b.webp","type":"image\/webp"}],"twitter_card":"summary_large_image","twitter_misc":{"Gesch\u00e4tzte Lesezeit":"1\u00a0Minute"},"schema":{"@context":"https:\/\/schema.org","@graph":[{"@type":"WebPage","@id":"https:\/\/www.dt-smart.com\/es\/producto\/replacement-screen-assembly-for-google-pixel-9-pro-ultra-high-brightness-vivid-colors-crisp-resolution\/","url":"https:\/\/www.dt-smart.com\/es\/producto\/replacement-screen-assembly-for-google-pixel-9-pro-ultra-high-brightness-vivid-colors-crisp-resolution\/","name":"Google Pixel 9 Pro Replacement Screen Assembly - Ultra-High Brightness Display with Vivid Colors & Crisp Resolution - OEM Grade - Quality Guaranteed - Fast Shipping - InsurePart","isPartOf":{"@id":"https:\/\/www.dt-smart.com\/#website"},"primaryImageOfPage":{"@id":"https:\/\/www.dt-smart.com\/es\/producto\/replacement-screen-assembly-for-google-pixel-9-pro-ultra-high-brightness-vivid-colors-crisp-resolution\/#primaryimage"},"image":{"@id":"https:\/\/www.dt-smart.com\/es\/producto\/replacement-screen-assembly-for-google-pixel-9-pro-ultra-high-brightness-vivid-colors-crisp-resolution\/#primaryimage"},"thumbnailUrl":"https:\/\/www.dt-smart.com\/wp-content\/uploads\/2024\/12\/pix-9pro\u4e3b.webp","datePublished":"2024-12-05T02:38:15+00:00","dateModified":"2026-01-14T02:22:00+00:00","description":"Google Pixel 9 Pro Replacement Screen Assembly - Ultra-High Brightness Display with Vivid Colors & Crisp Resolution - OEM Grade - Quality Guaranteed - Fast Shipping","breadcrumb":{"@id":"https:\/\/www.dt-smart.com\/es\/producto\/replacement-screen-assembly-for-google-pixel-9-pro-ultra-high-brightness-vivid-colors-crisp-resolution\/#breadcrumb"},"inLanguage":"de","potentialAction":[{"@type":"ReadAction","target":["https:\/\/www.dt-smart.com\/es\/producto\/replacement-screen-assembly-for-google-pixel-9-pro-ultra-high-brightness-vivid-colors-crisp-resolution\/"]}]},{"@type":"ImageObject","inLanguage":"de","@id":"https:\/\/www.dt-smart.com\/es\/producto\/replacement-screen-assembly-for-google-pixel-9-pro-ultra-high-brightness-vivid-colors-crisp-resolution\/#primaryimage","url":"https:\/\/www.dt-smart.com\/wp-content\/uploads\/2024\/12\/pix-9pro\u4e3b.webp","contentUrl":"https:\/\/www.dt-smart.com\/wp-content\/uploads\/2024\/12\/pix-9pro\u4e3b.webp","width":1000,"height":1000},{"@type":"BreadcrumbList","@id":"https:\/\/www.dt-smart.com\/es\/producto\/replacement-screen-assembly-for-google-pixel-9-pro-ultra-high-brightness-vivid-colors-crisp-resolution\/#breadcrumb","itemListElement":[{"@type":"ListItem","position":1,"name":"Home","item":"https:\/\/www.dt-smart.com\/"},{"@type":"ListItem","position":2,"name":"Product","item":"https:\/\/www.dt-smart.com\/ru\/product\/"},{"@type":"ListItem","position":3,"name":"Google Pixel 9 Pro Replacement Screen Assembly &#8211; Ultra-High Brightness Display with Vivid Colors &#038; Crisp Resolution &#8211; OEM Grade &#8211; Quality Guaranteed &#8211; Fast Shipping"}]},{"@type":"WebSite","@id":"https:\/\/www.dt-smart.com\/#website","url":"https:\/\/www.dt-smart.com\/","name":"InsurePart","description":"Handy-Ersatzteile; iPhone-Ersatzteile im Gro\u00dfhandel; Samsung-Ersatzteillieferant","potentialAction":[{"@type":"SearchAction","target":{"@type":"EntryPoint","urlTemplate":"https:\/\/www.dt-smart.com\/?s={search_term_string}"},"query-input":{"@type":"PropertyValueSpecification","valueRequired":true,"valueName":"search_term_string"}}],"inLanguage":"de"}]}},"_links":{"self":[{"href":"https:\/\/www.dt-smart.com\/de\/wp-json\/wp\/v2\/product\/17489","targetHints":{"allow":["GET"]}}],"collection":[{"href":"https:\/\/www.dt-smart.com\/de\/wp-json\/wp\/v2\/product"}],"about":[{"href":"https:\/\/www.dt-smart.com\/de\/wp-json\/wp\/v2\/types\/product"}],"replies":[{"embeddable":true,"href":"https:\/\/www.dt-smart.com\/de\/wp-json\/wp\/v2\/comments?post=17489"}],"version-history":[{"count":3,"href":"https:\/\/www.dt-smart.com\/de\/wp-json\/wp\/v2\/product\/17489\/revisions"}],"predecessor-version":[{"id":24136,"href":"https:\/\/www.dt-smart.com\/de\/wp-json\/wp\/v2\/product\/17489\/revisions\/24136"}],"wp:featuredmedia":[{"embeddable":true,"href":"https:\/\/www.dt-smart.com\/de\/wp-json\/wp\/v2\/media\/17471"}],"wp:attachment":[{"href":"https:\/\/www.dt-smart.com\/de\/wp-json\/wp\/v2\/media?parent=17489"}],"wp:term":[{"taxonomy":"product_brand","embeddable":true,"href":"https:\/\/www.dt-smart.com\/de\/wp-json\/wp\/v2\/product_brand?post=17489"},{"taxonomy":"product_cat","embeddable":true,"href":"https:\/\/www.dt-smart.com\/de\/wp-json\/wp\/v2\/product_cat?post=17489"},{"taxonomy":"product_tag","embeddable":true,"href":"https:\/\/www.dt-smart.com\/de\/wp-json\/wp\/v2\/product_tag?post=17489"}],"curies":[{"name":"wp","href":"https:\/\/api.w.org\/{rel}","templated":true}]}}