{"id":17519,"date":"2024-12-05T14:36:23","date_gmt":"2024-12-05T06:36:23","guid":{"rendered":"https:\/\/insurepart.com\/?post_type=product&#038;p=17519"},"modified":"2026-01-05T15:07:21","modified_gmt":"2026-01-05T07:07:21","slug":"premium-replacement-screen-for-google-pixel-3-bright-vivid-display-with-accurate-colors","status":"publish","type":"product","link":"https:\/\/www.dt-smart.com\/de\/produkt\/premium-replacement-screen-for-google-pixel-3-bright-vivid-display-with-accurate-colors\/","title":{"rendered":"Google Pixel 3 Ersatzbildschirm \u2013 Premium-Display mit brillanter Helligkeit und lebendigen Farben \u2013 Extrem reaktionsschneller Touchscreen \u2013 Erstausr\u00fcsterqualit\u00e4t \u2013 Qualit\u00e4tsgarantie \u2013 Schneller Versand"},"content":{"rendered":"<p><img fetchpriority=\"high\" decoding=\"async\" class=\"size-full wp-image-15567 aligncenter\" src=\"https:\/\/insurepart.com\/wp-content\/uploads\/2024\/08\/\u4e3a\u4ec0\u4e48\u9009\u62e9\u6211\u4eec22.webp\" alt=\"\" width=\"1000\" height=\"786\" srcset=\"https:\/\/www.dt-smart.com\/wp-content\/uploads\/2024\/08\/\u4e3a\u4ec0\u4e48\u9009\u62e9\u6211\u4eec22.webp 1000w, https:\/\/www.dt-smart.com\/wp-content\/uploads\/2024\/08\/\u4e3a\u4ec0\u4e48\u9009\u62e9\u6211\u4eec22-300x236.webp 300w, https:\/\/www.dt-smart.com\/wp-content\/uploads\/2024\/08\/\u4e3a\u4ec0\u4e48\u9009\u62e9\u6211\u4eec22-150x118.webp 150w, https:\/\/www.dt-smart.com\/wp-content\/uploads\/2024\/08\/\u4e3a\u4ec0\u4e48\u9009\u62e9\u6211\u4eec22-800x629.webp 800w, https:\/\/www.dt-smart.com\/wp-content\/uploads\/2024\/08\/\u4e3a\u4ec0\u4e48\u9009\u62e9\u6211\u4eec22-768x604.webp 768w, https:\/\/www.dt-smart.com\/wp-content\/uploads\/2024\/08\/\u4e3a\u4ec0\u4e48\u9009\u62e9\u6211\u4eec22-15x12.webp 15w\" sizes=\"(max-width: 1000px) 100vw, 1000px\" \/><\/p>","protected":false},"excerpt":{"rendered":"<p><span style=\"font-size: 10pt;\">Dieses hochwertige Ersatzdisplay f\u00fcr das Google Pixel 3 bietet ein helles und lebendiges Bild mit au\u00dfergew\u00f6hnlicher Bildsch\u00e4rfe. Dank seiner optimierten Helligkeit ist das Display unter allen Lichtverh\u00e4ltnissen, selbst bei direkter Sonneneinstrahlung, gut ablesbar. Die Farbgenauigkeit ist un\u00fcbertroffen: Die Farben wirken naturgetreu, leuchtend und bleiben auch in schwierigen Umgebungen konsistent. Die hohe Aufl\u00f6sung sorgt f\u00fcr scharfe Bilder und klaren Text, sodass Ihre Inhalte gestochen scharf und detailreich dargestellt werden. Ob Videos ansehen, im Internet surfen oder soziale Medien nutzen \u2013 dieses Display bietet Ihnen ein erstklassiges Nutzererlebnis.<\/span><\/p>","protected":false},"featured_media":17446,"comment_status":"open","ping_status":"closed","template":"","meta":[],"product_brand":[],"product_cat":[1243,1249],"product_tag":[],"class_list":{"0":"post-17519","1":"product","2":"type-product","3":"status-publish","4":"has-post-thumbnail","6":"product_cat-google","7":"product_cat-pixel-3","9":"first","10":"instock","11":"taxable","12":"shipping-taxable","13":"purchasable","14":"product-type-simple"},"yoast_head":"<!-- This site is optimized with the Yoast SEO plugin v27.4 - https:\/\/yoast.com\/product\/yoast-seo-wordpress\/ -->\n<title>Google Pixel 3 Replacement Screen - Premium Bright &amp; Vivid Display with Accurate Colors - Ultra-Responsive Touch - OEM Grade - Quality Guaranteed - Fast Shipping - InsurePart<\/title>\n<meta name=\"description\" content=\"Google Pixel 3 Replacement Screen - Premium Bright &amp; Vivid Display with Accurate Colors - Ultra-Responsive Touch - OEM Grade - Quality Guaranteed - Fast Shipping\" \/>\n<meta name=\"robots\" content=\"index, follow, max-snippet:-1, max-image-preview:large, max-video-preview:-1\" \/>\n<link rel=\"canonical\" href=\"https:\/\/www.dt-smart.com\/de\/produkt\/premium-replacement-screen-for-google-pixel-3-bright-vivid-display-with-accurate-colors\/\" \/>\n<meta property=\"og:locale\" content=\"de_DE\" \/>\n<meta property=\"og:type\" content=\"article\" \/>\n<meta property=\"og:title\" content=\"Google Pixel 3 Replacement Screen - Premium Bright &amp; Vivid Display with Accurate Colors - Ultra-Responsive Touch - OEM Grade - Quality Guaranteed - Fast Shipping - InsurePart\" \/>\n<meta property=\"og:description\" content=\"Google Pixel 3 Replacement Screen - Premium Bright &amp; Vivid Display with Accurate Colors - Ultra-Responsive Touch - OEM Grade - Quality Guaranteed - Fast Shipping\" \/>\n<meta property=\"og:url\" content=\"https:\/\/www.dt-smart.com\/de\/produkt\/premium-replacement-screen-for-google-pixel-3-bright-vivid-display-with-accurate-colors\/\" \/>\n<meta property=\"og:site_name\" content=\"InsurePart\" \/>\n<meta property=\"article:publisher\" content=\"https:\/\/www.facebook.com\/anjinleeEva\" \/>\n<meta property=\"article:modified_time\" content=\"2026-01-05T07:07:21+00:00\" \/>\n<meta property=\"og:image\" content=\"https:\/\/www.dt-smart.com\/wp-content\/uploads\/2024\/12\/pix-3\u4e3b.webp\" \/>\n\t<meta property=\"og:image:width\" content=\"1000\" \/>\n\t<meta property=\"og:image:height\" content=\"1000\" \/>\n\t<meta property=\"og:image:type\" content=\"image\/webp\" \/>\n<meta name=\"twitter:card\" content=\"summary_large_image\" \/>\n<meta name=\"twitter:label1\" content=\"Gesch\u00e4tzte Lesezeit\" \/>\n\t<meta name=\"twitter:data1\" content=\"1\u00a0Minute\" \/>\n<script type=\"application\/ld+json\" class=\"yoast-schema-graph\">{\"@context\":\"https:\\\/\\\/schema.org\",\"@graph\":[{\"@type\":\"WebPage\",\"@id\":\"https:\\\/\\\/www.dt-smart.com\\\/product\\\/premium-replacement-screen-for-google-pixel-3-bright-vivid-display-with-accurate-colors\\\/\",\"url\":\"https:\\\/\\\/www.dt-smart.com\\\/product\\\/premium-replacement-screen-for-google-pixel-3-bright-vivid-display-with-accurate-colors\\\/\",\"name\":\"Google Pixel 3 Replacement Screen - Premium Bright & Vivid Display with Accurate Colors - Ultra-Responsive Touch - OEM Grade - Quality Guaranteed - Fast Shipping - InsurePart\",\"isPartOf\":{\"@id\":\"https:\\\/\\\/www.dt-smart.com\\\/#website\"},\"primaryImageOfPage\":{\"@id\":\"https:\\\/\\\/www.dt-smart.com\\\/product\\\/premium-replacement-screen-for-google-pixel-3-bright-vivid-display-with-accurate-colors\\\/#primaryimage\"},\"image\":{\"@id\":\"https:\\\/\\\/www.dt-smart.com\\\/product\\\/premium-replacement-screen-for-google-pixel-3-bright-vivid-display-with-accurate-colors\\\/#primaryimage\"},\"thumbnailUrl\":\"https:\\\/\\\/www.dt-smart.com\\\/wp-content\\\/uploads\\\/2024\\\/12\\\/pix-3\u4e3b.webp\",\"datePublished\":\"2024-12-05T06:36:23+00:00\",\"dateModified\":\"2026-01-05T07:07:21+00:00\",\"description\":\"Google Pixel 3 Replacement Screen - Premium Bright & Vivid Display with Accurate Colors - Ultra-Responsive Touch - OEM Grade - Quality Guaranteed - Fast Shipping\",\"breadcrumb\":{\"@id\":\"https:\\\/\\\/www.dt-smart.com\\\/product\\\/premium-replacement-screen-for-google-pixel-3-bright-vivid-display-with-accurate-colors\\\/#breadcrumb\"},\"inLanguage\":\"de\",\"potentialAction\":[{\"@type\":\"ReadAction\",\"target\":[\"https:\\\/\\\/www.dt-smart.com\\\/product\\\/premium-replacement-screen-for-google-pixel-3-bright-vivid-display-with-accurate-colors\\\/\"]}]},{\"@type\":\"ImageObject\",\"inLanguage\":\"de\",\"@id\":\"https:\\\/\\\/www.dt-smart.com\\\/product\\\/premium-replacement-screen-for-google-pixel-3-bright-vivid-display-with-accurate-colors\\\/#primaryimage\",\"url\":\"https:\\\/\\\/www.dt-smart.com\\\/wp-content\\\/uploads\\\/2024\\\/12\\\/pix-3\u4e3b.webp\",\"contentUrl\":\"https:\\\/\\\/www.dt-smart.com\\\/wp-content\\\/uploads\\\/2024\\\/12\\\/pix-3\u4e3b.webp\",\"width\":1000,\"height\":1000},{\"@type\":\"BreadcrumbList\",\"@id\":\"https:\\\/\\\/www.dt-smart.com\\\/product\\\/premium-replacement-screen-for-google-pixel-3-bright-vivid-display-with-accurate-colors\\\/#breadcrumb\",\"itemListElement\":[{\"@type\":\"ListItem\",\"position\":1,\"name\":\"Home\",\"item\":\"https:\\\/\\\/www.dt-smart.com\\\/\"},{\"@type\":\"ListItem\",\"position\":2,\"name\":\"Product\",\"item\":\"https:\\\/\\\/www.dt-smart.com\\\/ru\\\/product\\\/\"},{\"@type\":\"ListItem\",\"position\":3,\"name\":\"Google Pixel 3 Replacement Screen &#8211; Premium Bright &#038; Vivid Display with Accurate Colors &#8211; Ultra-Responsive Touch &#8211; OEM Grade &#8211; Quality Guaranteed &#8211; Fast Shipping\"}]},{\"@type\":\"WebSite\",\"@id\":\"https:\\\/\\\/www.dt-smart.com\\\/#website\",\"url\":\"https:\\\/\\\/www.dt-smart.com\\\/\",\"name\":\"InsurePart\",\"description\":\"Cell Phone Repair Parts; iPhone Parts Wholesale;Samsung Parts Supplier\",\"potentialAction\":[{\"@type\":\"SearchAction\",\"target\":{\"@type\":\"EntryPoint\",\"urlTemplate\":\"https:\\\/\\\/www.dt-smart.com\\\/?s={search_term_string}\"},\"query-input\":{\"@type\":\"PropertyValueSpecification\",\"valueRequired\":true,\"valueName\":\"search_term_string\"}}],\"inLanguage\":\"de\"}]}<\/script>\n<!-- \/ Yoast SEO plugin. -->","yoast_head_json":{"title":"Google Pixel 3 Replacement Screen - Premium Bright & Vivid Display with Accurate Colors - Ultra-Responsive Touch - OEM Grade - Quality Guaranteed - Fast Shipping - InsurePart","description":"Google Pixel 3 Replacement Screen - Premium Bright & Vivid Display with Accurate Colors - Ultra-Responsive Touch - OEM Grade - Quality Guaranteed - Fast Shipping","robots":{"index":"index","follow":"follow","max-snippet":"max-snippet:-1","max-image-preview":"max-image-preview:large","max-video-preview":"max-video-preview:-1"},"canonical":"https:\/\/www.dt-smart.com\/de\/produkt\/premium-replacement-screen-for-google-pixel-3-bright-vivid-display-with-accurate-colors\/","og_locale":"de_DE","og_type":"article","og_title":"Google Pixel 3 Replacement Screen - Premium Bright & Vivid Display with Accurate Colors - Ultra-Responsive Touch - OEM Grade - Quality Guaranteed - Fast Shipping - InsurePart","og_description":"Google Pixel 3 Replacement Screen - Premium Bright & Vivid Display with Accurate Colors - Ultra-Responsive Touch - OEM Grade - Quality Guaranteed - Fast Shipping","og_url":"https:\/\/www.dt-smart.com\/de\/produkt\/premium-replacement-screen-for-google-pixel-3-bright-vivid-display-with-accurate-colors\/","og_site_name":"InsurePart","article_publisher":"https:\/\/www.facebook.com\/anjinleeEva","article_modified_time":"2026-01-05T07:07:21+00:00","og_image":[{"width":1000,"height":1000,"url":"https:\/\/www.dt-smart.com\/wp-content\/uploads\/2024\/12\/pix-3\u4e3b.webp","type":"image\/webp"}],"twitter_card":"summary_large_image","twitter_misc":{"Gesch\u00e4tzte Lesezeit":"1\u00a0Minute"},"schema":{"@context":"https:\/\/schema.org","@graph":[{"@type":"WebPage","@id":"https:\/\/www.dt-smart.com\/product\/premium-replacement-screen-for-google-pixel-3-bright-vivid-display-with-accurate-colors\/","url":"https:\/\/www.dt-smart.com\/product\/premium-replacement-screen-for-google-pixel-3-bright-vivid-display-with-accurate-colors\/","name":"Google Pixel 3 Replacement Screen - Premium Bright & Vivid Display with Accurate Colors - Ultra-Responsive Touch - OEM Grade - Quality Guaranteed - Fast Shipping - InsurePart","isPartOf":{"@id":"https:\/\/www.dt-smart.com\/#website"},"primaryImageOfPage":{"@id":"https:\/\/www.dt-smart.com\/product\/premium-replacement-screen-for-google-pixel-3-bright-vivid-display-with-accurate-colors\/#primaryimage"},"image":{"@id":"https:\/\/www.dt-smart.com\/product\/premium-replacement-screen-for-google-pixel-3-bright-vivid-display-with-accurate-colors\/#primaryimage"},"thumbnailUrl":"https:\/\/www.dt-smart.com\/wp-content\/uploads\/2024\/12\/pix-3\u4e3b.webp","datePublished":"2024-12-05T06:36:23+00:00","dateModified":"2026-01-05T07:07:21+00:00","description":"Google Pixel 3 Replacement Screen - Premium Bright & Vivid Display with Accurate Colors - Ultra-Responsive Touch - OEM Grade - Quality Guaranteed - Fast Shipping","breadcrumb":{"@id":"https:\/\/www.dt-smart.com\/product\/premium-replacement-screen-for-google-pixel-3-bright-vivid-display-with-accurate-colors\/#breadcrumb"},"inLanguage":"de","potentialAction":[{"@type":"ReadAction","target":["https:\/\/www.dt-smart.com\/product\/premium-replacement-screen-for-google-pixel-3-bright-vivid-display-with-accurate-colors\/"]}]},{"@type":"ImageObject","inLanguage":"de","@id":"https:\/\/www.dt-smart.com\/product\/premium-replacement-screen-for-google-pixel-3-bright-vivid-display-with-accurate-colors\/#primaryimage","url":"https:\/\/www.dt-smart.com\/wp-content\/uploads\/2024\/12\/pix-3\u4e3b.webp","contentUrl":"https:\/\/www.dt-smart.com\/wp-content\/uploads\/2024\/12\/pix-3\u4e3b.webp","width":1000,"height":1000},{"@type":"BreadcrumbList","@id":"https:\/\/www.dt-smart.com\/product\/premium-replacement-screen-for-google-pixel-3-bright-vivid-display-with-accurate-colors\/#breadcrumb","itemListElement":[{"@type":"ListItem","position":1,"name":"Home","item":"https:\/\/www.dt-smart.com\/"},{"@type":"ListItem","position":2,"name":"Product","item":"https:\/\/www.dt-smart.com\/ru\/product\/"},{"@type":"ListItem","position":3,"name":"Google Pixel 3 Replacement Screen &#8211; Premium Bright &#038; Vivid Display with Accurate Colors &#8211; Ultra-Responsive Touch &#8211; OEM Grade &#8211; Quality Guaranteed &#8211; Fast Shipping"}]},{"@type":"WebSite","@id":"https:\/\/www.dt-smart.com\/#website","url":"https:\/\/www.dt-smart.com\/","name":"InsurePart","description":"Handy-Ersatzteile; iPhone-Ersatzteile im Gro\u00dfhandel; Samsung-Ersatzteillieferant","potentialAction":[{"@type":"SearchAction","target":{"@type":"EntryPoint","urlTemplate":"https:\/\/www.dt-smart.com\/?s={search_term_string}"},"query-input":{"@type":"PropertyValueSpecification","valueRequired":true,"valueName":"search_term_string"}}],"inLanguage":"de"}]}},"_links":{"self":[{"href":"https:\/\/www.dt-smart.com\/de\/wp-json\/wp\/v2\/product\/17519","targetHints":{"allow":["GET"]}}],"collection":[{"href":"https:\/\/www.dt-smart.com\/de\/wp-json\/wp\/v2\/product"}],"about":[{"href":"https:\/\/www.dt-smart.com\/de\/wp-json\/wp\/v2\/types\/product"}],"replies":[{"embeddable":true,"href":"https:\/\/www.dt-smart.com\/de\/wp-json\/wp\/v2\/comments?post=17519"}],"version-history":[{"count":3,"href":"https:\/\/www.dt-smart.com\/de\/wp-json\/wp\/v2\/product\/17519\/revisions"}],"predecessor-version":[{"id":24128,"href":"https:\/\/www.dt-smart.com\/de\/wp-json\/wp\/v2\/product\/17519\/revisions\/24128"}],"wp:featuredmedia":[{"embeddable":true,"href":"https:\/\/www.dt-smart.com\/de\/wp-json\/wp\/v2\/media\/17446"}],"wp:attachment":[{"href":"https:\/\/www.dt-smart.com\/de\/wp-json\/wp\/v2\/media?parent=17519"}],"wp:term":[{"taxonomy":"product_brand","embeddable":true,"href":"https:\/\/www.dt-smart.com\/de\/wp-json\/wp\/v2\/product_brand?post=17519"},{"taxonomy":"product_cat","embeddable":true,"href":"https:\/\/www.dt-smart.com\/de\/wp-json\/wp\/v2\/product_cat?post=17519"},{"taxonomy":"product_tag","embeddable":true,"href":"https:\/\/www.dt-smart.com\/de\/wp-json\/wp\/v2\/product_tag?post=17519"}],"curies":[{"name":"wp","href":"https:\/\/api.w.org\/{rel}","templated":true}]}}