{"id":17790,"date":"2024-12-17T10:11:58","date_gmt":"2024-12-17T02:11:58","guid":{"rendered":"https:\/\/www.insurepart.com\/?post_type=product&#038;p=17790"},"modified":"2026-01-26T12:09:15","modified_gmt":"2026-01-26T04:09:15","slug":"motorola-g84-6-4-inch-amoled-display-vivid-colors-high-resolution-and-super-responsive","status":"publish","type":"product","link":"https:\/\/www.dt-smart.com\/de\/produkt\/motorola-g84-6-4-inch-amoled-display-vivid-colors-high-resolution-and-super-responsive\/","title":{"rendered":"Motorola G84 6,4-Zoll-AMOLED-Display-Ersatz \u2013 Brillante Farben, hohe Aufl\u00f6sung &amp; superschnelle Reaktionszeiten \u2013 Erstausr\u00fcsterqualit\u00e4t \u2013 Qualit\u00e4tsgarantie \u2013 Schneller Versand"},"content":{"rendered":"<p><img fetchpriority=\"high\" decoding=\"async\" class=\"size-full wp-image-15567 aligncenter\" src=\"https:\/\/www.insurepart.com\/wp-content\/uploads\/2024\/08\/\u4e3a\u4ec0\u4e48\u9009\u62e9\u6211\u4eec22.webp\" alt=\"\" width=\"1000\" height=\"786\" srcset=\"https:\/\/www.dt-smart.com\/wp-content\/uploads\/2024\/08\/\u4e3a\u4ec0\u4e48\u9009\u62e9\u6211\u4eec22.webp 1000w, https:\/\/www.dt-smart.com\/wp-content\/uploads\/2024\/08\/\u4e3a\u4ec0\u4e48\u9009\u62e9\u6211\u4eec22-300x236.webp 300w, https:\/\/www.dt-smart.com\/wp-content\/uploads\/2024\/08\/\u4e3a\u4ec0\u4e48\u9009\u62e9\u6211\u4eec22-150x118.webp 150w, https:\/\/www.dt-smart.com\/wp-content\/uploads\/2024\/08\/\u4e3a\u4ec0\u4e48\u9009\u62e9\u6211\u4eec22-800x629.webp 800w, https:\/\/www.dt-smart.com\/wp-content\/uploads\/2024\/08\/\u4e3a\u4ec0\u4e48\u9009\u62e9\u6211\u4eec22-768x604.webp 768w, https:\/\/www.dt-smart.com\/wp-content\/uploads\/2024\/08\/\u4e3a\u4ec0\u4e48\u9009\u62e9\u6211\u4eec22-15x12.webp 15w\" sizes=\"(max-width: 1000px) 100vw, 1000px\" \/><\/p>","protected":false},"excerpt":{"rendered":"<p><span style=\"font-size: 10pt;\">Das Motorola G84 ist mit einem 6,4 Zoll gro\u00dfen AMOLED-Display ausgestattet, das f\u00fcr hervorragende Farbgenauigkeit und satte, tiefe Kontraste sorgt. Ob Filme oder Spiele \u2013 der Bildschirm liefert brillante Bilder in gestochen scharfer Klarheit. Dank hoher Aufl\u00f6sung werden Details gestochen scharf und Farben lebendig wiedergegeben. Die verbesserte Ber\u00fchrungsempfindlichkeit erm\u00f6glicht eine schnelle Reaktion auf alle Eingaben und sorgt so f\u00fcr ein optimales Nutzererlebnis. Die AMOLED-Technologie bietet zudem eine h\u00f6here Energieeffizienz und damit eine l\u00e4ngere Akkulaufzeit.<\/span><\/p>","protected":false},"featured_media":17746,"comment_status":"open","ping_status":"closed","template":"","meta":[],"product_brand":[],"product_cat":[1261,1259],"product_tag":[],"class_list":{"0":"post-17790","1":"product","2":"type-product","3":"status-publish","4":"has-post-thumbnail","6":"product_cat-g84","7":"product_cat-moto","9":"first","10":"instock","11":"taxable","12":"shipping-taxable","13":"purchasable","14":"product-type-simple"},"yoast_head":"<!-- This site is optimized with the Yoast SEO plugin v27.4 - https:\/\/yoast.com\/product\/yoast-seo-wordpress\/ -->\n<title>Motorola G84 6.4-inch AMOLED Display Replacement - Vivid Colors, High Resolution &amp; Super Responsive - OEM Grade - Quality Guaranteed - Fast Shipping - InsurePart<\/title>\n<meta name=\"description\" content=\"Motorola G84 6.4-inch AMOLED Display Replacement - Vivid Colors, High Resolution &amp; Super Responsive - OEM Grade - Quality Guaranteed - Fast Shipping\" \/>\n<meta name=\"robots\" content=\"index, follow, max-snippet:-1, max-image-preview:large, max-video-preview:-1\" \/>\n<link rel=\"canonical\" href=\"https:\/\/www.dt-smart.com\/de\/produkt\/motorola-g84-6-4-inch-amoled-display-vivid-colors-high-resolution-and-super-responsive\/\" \/>\n<meta property=\"og:locale\" content=\"de_DE\" \/>\n<meta property=\"og:type\" content=\"article\" \/>\n<meta property=\"og:title\" content=\"Motorola G84 6.4-inch AMOLED Display Replacement - Vivid Colors, High Resolution &amp; Super Responsive - OEM Grade - Quality Guaranteed - Fast Shipping - InsurePart\" \/>\n<meta property=\"og:description\" content=\"Motorola G84 6.4-inch AMOLED Display Replacement - Vivid Colors, High Resolution &amp; Super Responsive - OEM Grade - Quality Guaranteed - Fast Shipping\" \/>\n<meta property=\"og:url\" content=\"https:\/\/www.dt-smart.com\/de\/produkt\/motorola-g84-6-4-inch-amoled-display-vivid-colors-high-resolution-and-super-responsive\/\" \/>\n<meta property=\"og:site_name\" content=\"InsurePart\" \/>\n<meta property=\"article:publisher\" content=\"https:\/\/www.facebook.com\/anjinleeEva\" \/>\n<meta property=\"article:modified_time\" content=\"2026-01-26T04:09:15+00:00\" \/>\n<meta property=\"og:image\" content=\"https:\/\/www.dt-smart.com\/wp-content\/uploads\/2024\/12\/G84\u4e3b.webp\" \/>\n\t<meta property=\"og:image:width\" content=\"1000\" \/>\n\t<meta property=\"og:image:height\" content=\"1000\" \/>\n\t<meta property=\"og:image:type\" content=\"image\/webp\" \/>\n<meta name=\"twitter:card\" content=\"summary_large_image\" \/>\n<meta name=\"twitter:label1\" content=\"Gesch\u00e4tzte Lesezeit\" \/>\n\t<meta name=\"twitter:data1\" content=\"1\u00a0Minute\" \/>\n<script type=\"application\/ld+json\" class=\"yoast-schema-graph\">{\"@context\":\"https:\\\/\\\/schema.org\",\"@graph\":[{\"@type\":\"WebPage\",\"@id\":\"https:\\\/\\\/www.dt-smart.com\\\/de\\\/produkt\\\/motorola-g84-6-4-inch-amoled-display-vivid-colors-high-resolution-and-super-responsive\\\/\",\"url\":\"https:\\\/\\\/www.dt-smart.com\\\/de\\\/produkt\\\/motorola-g84-6-4-inch-amoled-display-vivid-colors-high-resolution-and-super-responsive\\\/\",\"name\":\"Motorola G84 6.4-inch AMOLED Display Replacement - Vivid Colors, High Resolution & Super Responsive - OEM Grade - Quality Guaranteed - Fast Shipping - InsurePart\",\"isPartOf\":{\"@id\":\"https:\\\/\\\/www.dt-smart.com\\\/#website\"},\"primaryImageOfPage\":{\"@id\":\"https:\\\/\\\/www.dt-smart.com\\\/de\\\/produkt\\\/motorola-g84-6-4-inch-amoled-display-vivid-colors-high-resolution-and-super-responsive\\\/#primaryimage\"},\"image\":{\"@id\":\"https:\\\/\\\/www.dt-smart.com\\\/de\\\/produkt\\\/motorola-g84-6-4-inch-amoled-display-vivid-colors-high-resolution-and-super-responsive\\\/#primaryimage\"},\"thumbnailUrl\":\"https:\\\/\\\/www.dt-smart.com\\\/wp-content\\\/uploads\\\/2024\\\/12\\\/G84\u4e3b.webp\",\"datePublished\":\"2024-12-17T02:11:58+00:00\",\"dateModified\":\"2026-01-26T04:09:15+00:00\",\"description\":\"Motorola G84 6.4-inch AMOLED Display Replacement - Vivid Colors, High Resolution & Super Responsive - OEM Grade - Quality Guaranteed - Fast Shipping\",\"breadcrumb\":{\"@id\":\"https:\\\/\\\/www.dt-smart.com\\\/de\\\/produkt\\\/motorola-g84-6-4-inch-amoled-display-vivid-colors-high-resolution-and-super-responsive\\\/#breadcrumb\"},\"inLanguage\":\"de\",\"potentialAction\":[{\"@type\":\"ReadAction\",\"target\":[\"https:\\\/\\\/www.dt-smart.com\\\/de\\\/produkt\\\/motorola-g84-6-4-inch-amoled-display-vivid-colors-high-resolution-and-super-responsive\\\/\"]}]},{\"@type\":\"ImageObject\",\"inLanguage\":\"de\",\"@id\":\"https:\\\/\\\/www.dt-smart.com\\\/de\\\/produkt\\\/motorola-g84-6-4-inch-amoled-display-vivid-colors-high-resolution-and-super-responsive\\\/#primaryimage\",\"url\":\"https:\\\/\\\/www.dt-smart.com\\\/wp-content\\\/uploads\\\/2024\\\/12\\\/G84\u4e3b.webp\",\"contentUrl\":\"https:\\\/\\\/www.dt-smart.com\\\/wp-content\\\/uploads\\\/2024\\\/12\\\/G84\u4e3b.webp\",\"width\":1000,\"height\":1000},{\"@type\":\"BreadcrumbList\",\"@id\":\"https:\\\/\\\/www.dt-smart.com\\\/de\\\/produkt\\\/motorola-g84-6-4-inch-amoled-display-vivid-colors-high-resolution-and-super-responsive\\\/#breadcrumb\",\"itemListElement\":[{\"@type\":\"ListItem\",\"position\":1,\"name\":\"Home\",\"item\":\"https:\\\/\\\/www.dt-smart.com\\\/\"},{\"@type\":\"ListItem\",\"position\":2,\"name\":\"Product\",\"item\":\"https:\\\/\\\/www.dt-smart.com\\\/ru\\\/product\\\/\"},{\"@type\":\"ListItem\",\"position\":3,\"name\":\"Motorola G84 6.4-inch AMOLED Display Replacement &#8211; Vivid Colors, High Resolution &#038; Super Responsive &#8211; OEM Grade &#8211; Quality Guaranteed &#8211; Fast Shipping\"}]},{\"@type\":\"WebSite\",\"@id\":\"https:\\\/\\\/www.dt-smart.com\\\/#website\",\"url\":\"https:\\\/\\\/www.dt-smart.com\\\/\",\"name\":\"InsurePart\",\"description\":\"Cell Phone Repair Parts; iPhone Parts Wholesale;Samsung Parts Supplier\",\"potentialAction\":[{\"@type\":\"SearchAction\",\"target\":{\"@type\":\"EntryPoint\",\"urlTemplate\":\"https:\\\/\\\/www.dt-smart.com\\\/?s={search_term_string}\"},\"query-input\":{\"@type\":\"PropertyValueSpecification\",\"valueRequired\":true,\"valueName\":\"search_term_string\"}}],\"inLanguage\":\"de\"}]}<\/script>\n<!-- \/ Yoast SEO plugin. -->","yoast_head_json":{"title":"Motorola G84 6.4-inch AMOLED Display Replacement - Vivid Colors, High Resolution & Super Responsive - OEM Grade - Quality Guaranteed - Fast Shipping - InsurePart","description":"Motorola G84 6.4-inch AMOLED Display Replacement - Vivid Colors, High Resolution & Super Responsive - OEM Grade - Quality Guaranteed - Fast Shipping","robots":{"index":"index","follow":"follow","max-snippet":"max-snippet:-1","max-image-preview":"max-image-preview:large","max-video-preview":"max-video-preview:-1"},"canonical":"https:\/\/www.dt-smart.com\/de\/produkt\/motorola-g84-6-4-inch-amoled-display-vivid-colors-high-resolution-and-super-responsive\/","og_locale":"de_DE","og_type":"article","og_title":"Motorola G84 6.4-inch AMOLED Display Replacement - Vivid Colors, High Resolution & Super Responsive - OEM Grade - Quality Guaranteed - Fast Shipping - InsurePart","og_description":"Motorola G84 6.4-inch AMOLED Display Replacement - Vivid Colors, High Resolution & Super Responsive - OEM Grade - Quality Guaranteed - Fast Shipping","og_url":"https:\/\/www.dt-smart.com\/de\/produkt\/motorola-g84-6-4-inch-amoled-display-vivid-colors-high-resolution-and-super-responsive\/","og_site_name":"InsurePart","article_publisher":"https:\/\/www.facebook.com\/anjinleeEva","article_modified_time":"2026-01-26T04:09:15+00:00","og_image":[{"width":1000,"height":1000,"url":"https:\/\/www.dt-smart.com\/wp-content\/uploads\/2024\/12\/G84\u4e3b.webp","type":"image\/webp"}],"twitter_card":"summary_large_image","twitter_misc":{"Gesch\u00e4tzte Lesezeit":"1\u00a0Minute"},"schema":{"@context":"https:\/\/schema.org","@graph":[{"@type":"WebPage","@id":"https:\/\/www.dt-smart.com\/de\/produkt\/motorola-g84-6-4-inch-amoled-display-vivid-colors-high-resolution-and-super-responsive\/","url":"https:\/\/www.dt-smart.com\/de\/produkt\/motorola-g84-6-4-inch-amoled-display-vivid-colors-high-resolution-and-super-responsive\/","name":"Motorola G84 6.4-inch AMOLED Display Replacement - Vivid Colors, High Resolution & Super Responsive - OEM Grade - Quality Guaranteed - Fast Shipping - InsurePart","isPartOf":{"@id":"https:\/\/www.dt-smart.com\/#website"},"primaryImageOfPage":{"@id":"https:\/\/www.dt-smart.com\/de\/produkt\/motorola-g84-6-4-inch-amoled-display-vivid-colors-high-resolution-and-super-responsive\/#primaryimage"},"image":{"@id":"https:\/\/www.dt-smart.com\/de\/produkt\/motorola-g84-6-4-inch-amoled-display-vivid-colors-high-resolution-and-super-responsive\/#primaryimage"},"thumbnailUrl":"https:\/\/www.dt-smart.com\/wp-content\/uploads\/2024\/12\/G84\u4e3b.webp","datePublished":"2024-12-17T02:11:58+00:00","dateModified":"2026-01-26T04:09:15+00:00","description":"Motorola G84 6.4-inch AMOLED Display Replacement - Vivid Colors, High Resolution & Super Responsive - OEM Grade - Quality Guaranteed - Fast Shipping","breadcrumb":{"@id":"https:\/\/www.dt-smart.com\/de\/produkt\/motorola-g84-6-4-inch-amoled-display-vivid-colors-high-resolution-and-super-responsive\/#breadcrumb"},"inLanguage":"de","potentialAction":[{"@type":"ReadAction","target":["https:\/\/www.dt-smart.com\/de\/produkt\/motorola-g84-6-4-inch-amoled-display-vivid-colors-high-resolution-and-super-responsive\/"]}]},{"@type":"ImageObject","inLanguage":"de","@id":"https:\/\/www.dt-smart.com\/de\/produkt\/motorola-g84-6-4-inch-amoled-display-vivid-colors-high-resolution-and-super-responsive\/#primaryimage","url":"https:\/\/www.dt-smart.com\/wp-content\/uploads\/2024\/12\/G84\u4e3b.webp","contentUrl":"https:\/\/www.dt-smart.com\/wp-content\/uploads\/2024\/12\/G84\u4e3b.webp","width":1000,"height":1000},{"@type":"BreadcrumbList","@id":"https:\/\/www.dt-smart.com\/de\/produkt\/motorola-g84-6-4-inch-amoled-display-vivid-colors-high-resolution-and-super-responsive\/#breadcrumb","itemListElement":[{"@type":"ListItem","position":1,"name":"Home","item":"https:\/\/www.dt-smart.com\/"},{"@type":"ListItem","position":2,"name":"Product","item":"https:\/\/www.dt-smart.com\/ru\/product\/"},{"@type":"ListItem","position":3,"name":"Motorola G84 6.4-inch AMOLED Display Replacement &#8211; Vivid Colors, High Resolution &#038; Super Responsive &#8211; OEM Grade &#8211; Quality Guaranteed &#8211; Fast Shipping"}]},{"@type":"WebSite","@id":"https:\/\/www.dt-smart.com\/#website","url":"https:\/\/www.dt-smart.com\/","name":"InsurePart","description":"Handy-Ersatzteile; iPhone-Ersatzteile im Gro\u00dfhandel; Samsung-Ersatzteillieferant","potentialAction":[{"@type":"SearchAction","target":{"@type":"EntryPoint","urlTemplate":"https:\/\/www.dt-smart.com\/?s={search_term_string}"},"query-input":{"@type":"PropertyValueSpecification","valueRequired":true,"valueName":"search_term_string"}}],"inLanguage":"de"}]}},"_links":{"self":[{"href":"https:\/\/www.dt-smart.com\/de\/wp-json\/wp\/v2\/product\/17790","targetHints":{"allow":["GET"]}}],"collection":[{"href":"https:\/\/www.dt-smart.com\/de\/wp-json\/wp\/v2\/product"}],"about":[{"href":"https:\/\/www.dt-smart.com\/de\/wp-json\/wp\/v2\/types\/product"}],"replies":[{"embeddable":true,"href":"https:\/\/www.dt-smart.com\/de\/wp-json\/wp\/v2\/comments?post=17790"}],"version-history":[{"count":3,"href":"https:\/\/www.dt-smart.com\/de\/wp-json\/wp\/v2\/product\/17790\/revisions"}],"predecessor-version":[{"id":25009,"href":"https:\/\/www.dt-smart.com\/de\/wp-json\/wp\/v2\/product\/17790\/revisions\/25009"}],"wp:featuredmedia":[{"embeddable":true,"href":"https:\/\/www.dt-smart.com\/de\/wp-json\/wp\/v2\/media\/17746"}],"wp:attachment":[{"href":"https:\/\/www.dt-smart.com\/de\/wp-json\/wp\/v2\/media?parent=17790"}],"wp:term":[{"taxonomy":"product_brand","embeddable":true,"href":"https:\/\/www.dt-smart.com\/de\/wp-json\/wp\/v2\/product_brand?post=17790"},{"taxonomy":"product_cat","embeddable":true,"href":"https:\/\/www.dt-smart.com\/de\/wp-json\/wp\/v2\/product_cat?post=17790"},{"taxonomy":"product_tag","embeddable":true,"href":"https:\/\/www.dt-smart.com\/de\/wp-json\/wp\/v2\/product_tag?post=17790"}],"curies":[{"name":"wp","href":"https:\/\/api.w.org\/{rel}","templated":true}]}}