{"id":17792,"date":"2024-12-17T14:23:23","date_gmt":"2024-12-17T06:23:23","guid":{"rendered":"https:\/\/www.insurepart.com\/?post_type=product&#038;p=17792"},"modified":"2025-12-26T11:05:11","modified_gmt":"2025-12-26T03:05:11","slug":"motorola-g34-6-5-inch-ips-lcd-display-assembly-enhanced-viewing-experience-with-high-brightness","status":"publish","type":"product","link":"https:\/\/www.dt-smart.com\/de\/produkt\/motorola-g34-6-5-inch-ips-lcd-display-assembly-enhanced-viewing-experience-with-high-brightness\/","title":{"rendered":"Motorola G34 6,5-Zoll IPS-LCD-Display-Einheit \u2013 Verbesserte Bildqualit\u00e4t dank hoher Helligkeit \u2013 Hohe Kompatibilit\u00e4t \u2013 Erstausr\u00fcsterqualit\u00e4t \u2013 Garantierte Qualit\u00e4t \u2013 Schneller Versand"},"content":{"rendered":"<p><img fetchpriority=\"high\" decoding=\"async\" class=\"size-full wp-image-15567 aligncenter\" src=\"https:\/\/www.insurepart.com\/wp-content\/uploads\/2024\/08\/\u4e3a\u4ec0\u4e48\u9009\u62e9\u6211\u4eec22.webp\" alt=\"\" width=\"1000\" height=\"786\" srcset=\"https:\/\/www.dt-smart.com\/wp-content\/uploads\/2024\/08\/\u4e3a\u4ec0\u4e48\u9009\u62e9\u6211\u4eec22.webp 1000w, https:\/\/www.dt-smart.com\/wp-content\/uploads\/2024\/08\/\u4e3a\u4ec0\u4e48\u9009\u62e9\u6211\u4eec22-300x236.webp 300w, https:\/\/www.dt-smart.com\/wp-content\/uploads\/2024\/08\/\u4e3a\u4ec0\u4e48\u9009\u62e9\u6211\u4eec22-150x118.webp 150w, https:\/\/www.dt-smart.com\/wp-content\/uploads\/2024\/08\/\u4e3a\u4ec0\u4e48\u9009\u62e9\u6211\u4eec22-800x629.webp 800w, https:\/\/www.dt-smart.com\/wp-content\/uploads\/2024\/08\/\u4e3a\u4ec0\u4e48\u9009\u62e9\u6211\u4eec22-768x604.webp 768w, https:\/\/www.dt-smart.com\/wp-content\/uploads\/2024\/08\/\u4e3a\u4ec0\u4e48\u9009\u62e9\u6211\u4eec22-15x12.webp 15w\" sizes=\"(max-width: 1000px) 100vw, 1000px\" \/><\/p>","protected":false},"excerpt":{"rendered":"<p>Das Motorola G34 verf\u00fcgt \u00fcber ein 6,5 Zoll gro\u00dfes IPS-LCD-Display, das mit lebendigen Farben und exzellenter Bildsch\u00e4rfe ein fantastisches Seherlebnis bietet. Dank verbesserter Helligkeit und Farbgenauigkeit ist das Display auch bei hellem Licht oder direkter Sonneneinstrahlung gut ablesbar. Die reaktionsschnelle Touch-Funktion erm\u00f6glicht ein fl\u00fcssiges Nutzungserlebnis beim Spielen, Scrollen und Navigieren in Apps. Der Bildschirm ist robust und langlebig und eignet sich daher perfekt f\u00fcr den t\u00e4glichen Gebrauch bei gleichbleibend hoher Bildqualit\u00e4t.<\/p>","protected":false},"featured_media":17740,"comment_status":"open","ping_status":"closed","template":"","meta":[],"product_brand":[],"product_cat":[1265,1259],"product_tag":[],"class_list":{"0":"post-17792","1":"product","2":"type-product","3":"status-publish","4":"has-post-thumbnail","6":"product_cat-g34","7":"product_cat-moto","9":"first","10":"instock","11":"taxable","12":"shipping-taxable","13":"purchasable","14":"product-type-simple"},"yoast_head":"<!-- This site is optimized with the Yoast SEO plugin v27.4 - https:\/\/yoast.com\/product\/yoast-seo-wordpress\/ -->\n<title>Motorola G34 6.5-inch IPS LCD Display Assembly Replacement - Enhanced Viewing Experience with High Brightness - High Compatibility - OEM Grade - Quality Guaranteed - Fast Shipping - InsurePart<\/title>\n<meta name=\"robots\" content=\"index, follow, max-snippet:-1, max-image-preview:large, max-video-preview:-1\" \/>\n<link rel=\"canonical\" href=\"https:\/\/www.dt-smart.com\/de\/produkt\/motorola-g34-6-5-inch-ips-lcd-display-assembly-enhanced-viewing-experience-with-high-brightness\/\" \/>\n<meta property=\"og:locale\" content=\"de_DE\" \/>\n<meta property=\"og:type\" content=\"article\" \/>\n<meta property=\"og:title\" content=\"Motorola G34 6.5-inch IPS LCD Display Assembly Replacement - Enhanced Viewing Experience with High Brightness - High Compatibility - OEM Grade - Quality Guaranteed - Fast Shipping - InsurePart\" \/>\n<meta property=\"og:description\" content=\"The Motorola G34 comes with a 6.5-inch IPS LCD display assembly that delivers a fantastic viewing experience with vibrant colors and excellent clarity. Offering enhanced brightness and color accuracy, the display ensures a clear view even under bright lighting or direct sunlight. With its ultra-responsive touch functionality, users can enjoy a smooth experience when gaming, scrolling, or navigating through apps. The screen is designed to be durable and long-lasting, making it perfect for daily use while maintaining impressive visual quality.\" \/>\n<meta property=\"og:url\" content=\"https:\/\/www.dt-smart.com\/de\/produkt\/motorola-g34-6-5-inch-ips-lcd-display-assembly-enhanced-viewing-experience-with-high-brightness\/\" \/>\n<meta property=\"og:site_name\" content=\"InsurePart\" \/>\n<meta property=\"article:publisher\" content=\"https:\/\/www.facebook.com\/anjinleeEva\" \/>\n<meta property=\"article:modified_time\" content=\"2025-12-26T03:05:11+00:00\" \/>\n<meta property=\"og:image\" content=\"https:\/\/www.dt-smart.com\/wp-content\/uploads\/2024\/12\/G34\u4e3b.webp\" \/>\n\t<meta property=\"og:image:width\" content=\"1000\" \/>\n\t<meta property=\"og:image:height\" content=\"1000\" \/>\n\t<meta property=\"og:image:type\" content=\"image\/webp\" \/>\n<meta name=\"twitter:card\" content=\"summary_large_image\" \/>\n<meta name=\"twitter:label1\" content=\"Gesch\u00e4tzte Lesezeit\" \/>\n\t<meta name=\"twitter:data1\" content=\"1\u00a0Minute\" \/>\n<script type=\"application\/ld+json\" class=\"yoast-schema-graph\">{\"@context\":\"https:\\\/\\\/schema.org\",\"@graph\":[{\"@type\":\"WebPage\",\"@id\":\"https:\\\/\\\/www.dt-smart.com\\\/ja\\\/product\\\/motorola-g34-6-5-inch-ips-lcd-display-assembly-enhanced-viewing-experience-with-high-brightness\\\/\",\"url\":\"https:\\\/\\\/www.dt-smart.com\\\/ja\\\/product\\\/motorola-g34-6-5-inch-ips-lcd-display-assembly-enhanced-viewing-experience-with-high-brightness\\\/\",\"name\":\"Motorola G34 6.5-inch IPS LCD Display Assembly Replacement - Enhanced Viewing Experience with High Brightness - High Compatibility - OEM Grade - Quality Guaranteed - Fast Shipping - InsurePart\",\"isPartOf\":{\"@id\":\"https:\\\/\\\/www.dt-smart.com\\\/#website\"},\"primaryImageOfPage\":{\"@id\":\"https:\\\/\\\/www.dt-smart.com\\\/ja\\\/product\\\/motorola-g34-6-5-inch-ips-lcd-display-assembly-enhanced-viewing-experience-with-high-brightness\\\/#primaryimage\"},\"image\":{\"@id\":\"https:\\\/\\\/www.dt-smart.com\\\/ja\\\/product\\\/motorola-g34-6-5-inch-ips-lcd-display-assembly-enhanced-viewing-experience-with-high-brightness\\\/#primaryimage\"},\"thumbnailUrl\":\"https:\\\/\\\/www.dt-smart.com\\\/wp-content\\\/uploads\\\/2024\\\/12\\\/G34\u4e3b.webp\",\"datePublished\":\"2024-12-17T06:23:23+00:00\",\"dateModified\":\"2025-12-26T03:05:11+00:00\",\"breadcrumb\":{\"@id\":\"https:\\\/\\\/www.dt-smart.com\\\/ja\\\/product\\\/motorola-g34-6-5-inch-ips-lcd-display-assembly-enhanced-viewing-experience-with-high-brightness\\\/#breadcrumb\"},\"inLanguage\":\"de\",\"potentialAction\":[{\"@type\":\"ReadAction\",\"target\":[\"https:\\\/\\\/www.dt-smart.com\\\/ja\\\/product\\\/motorola-g34-6-5-inch-ips-lcd-display-assembly-enhanced-viewing-experience-with-high-brightness\\\/\"]}]},{\"@type\":\"ImageObject\",\"inLanguage\":\"de\",\"@id\":\"https:\\\/\\\/www.dt-smart.com\\\/ja\\\/product\\\/motorola-g34-6-5-inch-ips-lcd-display-assembly-enhanced-viewing-experience-with-high-brightness\\\/#primaryimage\",\"url\":\"https:\\\/\\\/www.dt-smart.com\\\/wp-content\\\/uploads\\\/2024\\\/12\\\/G34\u4e3b.webp\",\"contentUrl\":\"https:\\\/\\\/www.dt-smart.com\\\/wp-content\\\/uploads\\\/2024\\\/12\\\/G34\u4e3b.webp\",\"width\":1000,\"height\":1000},{\"@type\":\"BreadcrumbList\",\"@id\":\"https:\\\/\\\/www.dt-smart.com\\\/ja\\\/product\\\/motorola-g34-6-5-inch-ips-lcd-display-assembly-enhanced-viewing-experience-with-high-brightness\\\/#breadcrumb\",\"itemListElement\":[{\"@type\":\"ListItem\",\"position\":1,\"name\":\"Home\",\"item\":\"https:\\\/\\\/www.dt-smart.com\\\/\"},{\"@type\":\"ListItem\",\"position\":2,\"name\":\"Product\",\"item\":\"https:\\\/\\\/www.dt-smart.com\\\/ru\\\/product\\\/\"},{\"@type\":\"ListItem\",\"position\":3,\"name\":\"Motorola G34 6.5-inch IPS LCD Display Assembly Replacement &#8211; Enhanced Viewing Experience with High Brightness &#8211; High Compatibility &#8211; OEM Grade &#8211; Quality Guaranteed &#8211; Fast Shipping\"}]},{\"@type\":\"WebSite\",\"@id\":\"https:\\\/\\\/www.dt-smart.com\\\/#website\",\"url\":\"https:\\\/\\\/www.dt-smart.com\\\/\",\"name\":\"InsurePart\",\"description\":\"Cell Phone Repair Parts; iPhone Parts Wholesale;Samsung Parts Supplier\",\"potentialAction\":[{\"@type\":\"SearchAction\",\"target\":{\"@type\":\"EntryPoint\",\"urlTemplate\":\"https:\\\/\\\/www.dt-smart.com\\\/?s={search_term_string}\"},\"query-input\":{\"@type\":\"PropertyValueSpecification\",\"valueRequired\":true,\"valueName\":\"search_term_string\"}}],\"inLanguage\":\"de\"}]}<\/script>\n<!-- \/ Yoast SEO plugin. -->","yoast_head_json":{"title":"Motorola G34 6.5-inch IPS LCD Display Assembly Replacement - Enhanced Viewing Experience with High Brightness - High Compatibility - OEM Grade - Quality Guaranteed - Fast Shipping - InsurePart","robots":{"index":"index","follow":"follow","max-snippet":"max-snippet:-1","max-image-preview":"max-image-preview:large","max-video-preview":"max-video-preview:-1"},"canonical":"https:\/\/www.dt-smart.com\/de\/produkt\/motorola-g34-6-5-inch-ips-lcd-display-assembly-enhanced-viewing-experience-with-high-brightness\/","og_locale":"de_DE","og_type":"article","og_title":"Motorola G34 6.5-inch IPS LCD Display Assembly Replacement - Enhanced Viewing Experience with High Brightness - High Compatibility - OEM Grade - Quality Guaranteed - Fast Shipping - InsurePart","og_description":"The Motorola G34 comes with a 6.5-inch IPS LCD display assembly that delivers a fantastic viewing experience with vibrant colors and excellent clarity. Offering enhanced brightness and color accuracy, the display ensures a clear view even under bright lighting or direct sunlight. With its ultra-responsive touch functionality, users can enjoy a smooth experience when gaming, scrolling, or navigating through apps. The screen is designed to be durable and long-lasting, making it perfect for daily use while maintaining impressive visual quality.","og_url":"https:\/\/www.dt-smart.com\/de\/produkt\/motorola-g34-6-5-inch-ips-lcd-display-assembly-enhanced-viewing-experience-with-high-brightness\/","og_site_name":"InsurePart","article_publisher":"https:\/\/www.facebook.com\/anjinleeEva","article_modified_time":"2025-12-26T03:05:11+00:00","og_image":[{"width":1000,"height":1000,"url":"https:\/\/www.dt-smart.com\/wp-content\/uploads\/2024\/12\/G34\u4e3b.webp","type":"image\/webp"}],"twitter_card":"summary_large_image","twitter_misc":{"Gesch\u00e4tzte Lesezeit":"1\u00a0Minute"},"schema":{"@context":"https:\/\/schema.org","@graph":[{"@type":"WebPage","@id":"https:\/\/www.dt-smart.com\/ja\/product\/motorola-g34-6-5-inch-ips-lcd-display-assembly-enhanced-viewing-experience-with-high-brightness\/","url":"https:\/\/www.dt-smart.com\/ja\/product\/motorola-g34-6-5-inch-ips-lcd-display-assembly-enhanced-viewing-experience-with-high-brightness\/","name":"Motorola G34 6.5-inch IPS LCD Display Assembly Replacement - Enhanced Viewing Experience with High Brightness - High Compatibility - OEM Grade - Quality Guaranteed - Fast Shipping - InsurePart","isPartOf":{"@id":"https:\/\/www.dt-smart.com\/#website"},"primaryImageOfPage":{"@id":"https:\/\/www.dt-smart.com\/ja\/product\/motorola-g34-6-5-inch-ips-lcd-display-assembly-enhanced-viewing-experience-with-high-brightness\/#primaryimage"},"image":{"@id":"https:\/\/www.dt-smart.com\/ja\/product\/motorola-g34-6-5-inch-ips-lcd-display-assembly-enhanced-viewing-experience-with-high-brightness\/#primaryimage"},"thumbnailUrl":"https:\/\/www.dt-smart.com\/wp-content\/uploads\/2024\/12\/G34\u4e3b.webp","datePublished":"2024-12-17T06:23:23+00:00","dateModified":"2025-12-26T03:05:11+00:00","breadcrumb":{"@id":"https:\/\/www.dt-smart.com\/ja\/product\/motorola-g34-6-5-inch-ips-lcd-display-assembly-enhanced-viewing-experience-with-high-brightness\/#breadcrumb"},"inLanguage":"de","potentialAction":[{"@type":"ReadAction","target":["https:\/\/www.dt-smart.com\/ja\/product\/motorola-g34-6-5-inch-ips-lcd-display-assembly-enhanced-viewing-experience-with-high-brightness\/"]}]},{"@type":"ImageObject","inLanguage":"de","@id":"https:\/\/www.dt-smart.com\/ja\/product\/motorola-g34-6-5-inch-ips-lcd-display-assembly-enhanced-viewing-experience-with-high-brightness\/#primaryimage","url":"https:\/\/www.dt-smart.com\/wp-content\/uploads\/2024\/12\/G34\u4e3b.webp","contentUrl":"https:\/\/www.dt-smart.com\/wp-content\/uploads\/2024\/12\/G34\u4e3b.webp","width":1000,"height":1000},{"@type":"BreadcrumbList","@id":"https:\/\/www.dt-smart.com\/ja\/product\/motorola-g34-6-5-inch-ips-lcd-display-assembly-enhanced-viewing-experience-with-high-brightness\/#breadcrumb","itemListElement":[{"@type":"ListItem","position":1,"name":"Home","item":"https:\/\/www.dt-smart.com\/"},{"@type":"ListItem","position":2,"name":"Product","item":"https:\/\/www.dt-smart.com\/ru\/product\/"},{"@type":"ListItem","position":3,"name":"Motorola G34 6.5-inch IPS LCD Display Assembly Replacement &#8211; Enhanced Viewing Experience with High Brightness &#8211; High Compatibility &#8211; OEM Grade &#8211; Quality Guaranteed &#8211; Fast Shipping"}]},{"@type":"WebSite","@id":"https:\/\/www.dt-smart.com\/#website","url":"https:\/\/www.dt-smart.com\/","name":"InsurePart","description":"Handy-Ersatzteile; iPhone-Ersatzteile im Gro\u00dfhandel; Samsung-Ersatzteillieferant","potentialAction":[{"@type":"SearchAction","target":{"@type":"EntryPoint","urlTemplate":"https:\/\/www.dt-smart.com\/?s={search_term_string}"},"query-input":{"@type":"PropertyValueSpecification","valueRequired":true,"valueName":"search_term_string"}}],"inLanguage":"de"}]}},"_links":{"self":[{"href":"https:\/\/www.dt-smart.com\/de\/wp-json\/wp\/v2\/product\/17792","targetHints":{"allow":["GET"]}}],"collection":[{"href":"https:\/\/www.dt-smart.com\/de\/wp-json\/wp\/v2\/product"}],"about":[{"href":"https:\/\/www.dt-smart.com\/de\/wp-json\/wp\/v2\/types\/product"}],"replies":[{"embeddable":true,"href":"https:\/\/www.dt-smart.com\/de\/wp-json\/wp\/v2\/comments?post=17792"}],"version-history":[{"count":2,"href":"https:\/\/www.dt-smart.com\/de\/wp-json\/wp\/v2\/product\/17792\/revisions"}],"predecessor-version":[{"id":23740,"href":"https:\/\/www.dt-smart.com\/de\/wp-json\/wp\/v2\/product\/17792\/revisions\/23740"}],"wp:featuredmedia":[{"embeddable":true,"href":"https:\/\/www.dt-smart.com\/de\/wp-json\/wp\/v2\/media\/17740"}],"wp:attachment":[{"href":"https:\/\/www.dt-smart.com\/de\/wp-json\/wp\/v2\/media?parent=17792"}],"wp:term":[{"taxonomy":"product_brand","embeddable":true,"href":"https:\/\/www.dt-smart.com\/de\/wp-json\/wp\/v2\/product_brand?post=17792"},{"taxonomy":"product_cat","embeddable":true,"href":"https:\/\/www.dt-smart.com\/de\/wp-json\/wp\/v2\/product_cat?post=17792"},{"taxonomy":"product_tag","embeddable":true,"href":"https:\/\/www.dt-smart.com\/de\/wp-json\/wp\/v2\/product_tag?post=17792"}],"curies":[{"name":"wp","href":"https:\/\/api.w.org\/{rel}","templated":true}]}}