{"id":17912,"date":"2024-12-27T14:17:06","date_gmt":"2024-12-27T06:17:06","guid":{"rendered":"https:\/\/www.insurepart.com\/?post_type=product&#038;p=17912"},"modified":"2026-01-09T15:04:40","modified_gmt":"2026-01-09T07:04:40","slug":"samsung-a9-display-stunning-super-amoled-screen-with-rich-colors-and-impressive-clarity","status":"publish","type":"product","link":"https:\/\/www.dt-smart.com\/de\/produkt\/samsung-a9-display-stunning-super-amoled-screen-with-rich-colors-and-impressive-clarity\/","title":{"rendered":"Samsung Galaxy A9 Display-Austausch \u2013 Brillantes Super-AMOLED-Display \u2013 Originalqualit\u00e4t &amp; Service-Pack-Qualit\u00e4t \u2013 Satte Farben &amp; beeindruckende Klarheit \u2013 Qualit\u00e4tsgarantie \u2013 Schneller Versand"},"content":{"rendered":"<p><img fetchpriority=\"high\" decoding=\"async\" class=\"size-full wp-image-6141 aligncenter\" src=\"https:\/\/www.insurepart.com\/wp-content\/uploads\/2023\/11\/\u4e3a\u4ec0\u4e48\u9009\u62e9\u6211\u4eec1-1.jpg\" alt=\"\" width=\"1000\" height=\"786\" srcset=\"https:\/\/www.dt-smart.com\/wp-content\/uploads\/2023\/11\/\u4e3a\u4ec0\u4e48\u9009\u62e9\u6211\u4eec1-1.jpg 1000w, https:\/\/www.dt-smart.com\/wp-content\/uploads\/2023\/11\/\u4e3a\u4ec0\u4e48\u9009\u62e9\u6211\u4eec1-1-300x236.jpg 300w, https:\/\/www.dt-smart.com\/wp-content\/uploads\/2023\/11\/\u4e3a\u4ec0\u4e48\u9009\u62e9\u6211\u4eec1-1-150x118.jpg 150w, https:\/\/www.dt-smart.com\/wp-content\/uploads\/2023\/11\/\u4e3a\u4ec0\u4e48\u9009\u62e9\u6211\u4eec1-1-800x629.jpg 800w, https:\/\/www.dt-smart.com\/wp-content\/uploads\/2023\/11\/\u4e3a\u4ec0\u4e48\u9009\u62e9\u6211\u4eec1-1-768x604.jpg 768w, https:\/\/www.dt-smart.com\/wp-content\/uploads\/2023\/11\/\u4e3a\u4ec0\u4e48\u9009\u62e9\u6211\u4eec1-1-15x12.jpg 15w\" sizes=\"(max-width: 1000px) 100vw, 1000px\" \/><\/p>","protected":false},"excerpt":{"rendered":"<p><span style=\"font-size: 10pt;\">Das Samsung A9 (2018) besticht durch sein 6,3 Zoll gro\u00dfes Full HD+ Super AMOLED-Display, das mit au\u00dfergew\u00f6hnlicher Bildsch\u00e4rfe und einem breiten Farbraum \u00fcberzeugt \u2013 ideal f\u00fcr all Ihre Multimedia-Erlebnisse. Ob Spiele, Videos streamen oder im Internet surfen: Das brillante Display erweckt alles mit lebendigen Details zum Leben. Dank des ultraschmalen Rahmens wird die Anzeigefl\u00e4che maximiert und ein immersives Erlebnis geschaffen. Hohe Helligkeit und Corning Gorilla Glass 5 sorgen zudem f\u00fcr Langlebigkeit und hervorragende Lesbarkeit im Freien.<\/span><\/p>","protected":false},"featured_media":17816,"comment_status":"open","ping_status":"closed","template":"","meta":[],"product_brand":[],"product_cat":[49,369,1020],"product_tag":[],"class_list":{"0":"post-17912","1":"product","2":"type-product","3":"status-publish","4":"has-post-thumbnail","6":"product_cat-a-series","7":"product_cat-a9-a920-2018","8":"product_cat-all-a-series-lcd","10":"first","11":"instock","12":"taxable","13":"shipping-taxable","14":"purchasable","15":"product-type-simple"},"yoast_head":"<!-- This site is optimized with the Yoast SEO plugin v27.4 - https:\/\/yoast.com\/product\/yoast-seo-wordpress\/ -->\n<title>Samsung Galaxy A9 Display Replacement - Stunning Super AMOLED Screen - Original &amp; Service Pack Quality - Rich Colors &amp; Impressive Clarity - Quality Guaranteed - Fast Shipping - InsurePart<\/title>\n<meta name=\"description\" content=\"Samsung Galaxy A9 Display Replacement - Stunning Super AMOLED Screen - Original &amp; Service Pack Quality - Rich Colors &amp; Impressive Clarity - Quality Guaranteed - Fast Shipping\" \/>\n<meta name=\"robots\" content=\"index, follow, max-snippet:-1, max-image-preview:large, max-video-preview:-1\" \/>\n<link rel=\"canonical\" href=\"https:\/\/www.dt-smart.com\/de\/producto\/samsung-a9-display-stunning-super-amoled-screen-with-rich-colors-and-impressive-clarity\/\" \/>\n<meta property=\"og:locale\" content=\"de_DE\" \/>\n<meta property=\"og:type\" content=\"article\" \/>\n<meta property=\"og:title\" content=\"Samsung Galaxy A9 Display Replacement - Stunning Super AMOLED Screen - Original &amp; Service Pack Quality - Rich Colors &amp; Impressive Clarity - Quality Guaranteed - Fast Shipping - InsurePart\" \/>\n<meta property=\"og:description\" content=\"Samsung Galaxy A9 Display Replacement - Stunning Super AMOLED Screen - Original &amp; Service Pack Quality - Rich Colors &amp; Impressive Clarity - Quality Guaranteed - Fast Shipping\" \/>\n<meta property=\"og:url\" content=\"https:\/\/www.dt-smart.com\/de\/producto\/samsung-a9-display-stunning-super-amoled-screen-with-rich-colors-and-impressive-clarity\/\" \/>\n<meta property=\"og:site_name\" content=\"InsurePart\" \/>\n<meta property=\"article:publisher\" content=\"https:\/\/www.facebook.com\/anjinleeEva\" \/>\n<meta property=\"article:modified_time\" content=\"2026-01-09T07:04:40+00:00\" \/>\n<meta property=\"og:image\" content=\"https:\/\/www.dt-smart.com\/wp-content\/uploads\/2024\/12\/A90.webp\" \/>\n\t<meta property=\"og:image:width\" content=\"800\" \/>\n\t<meta property=\"og:image:height\" content=\"800\" \/>\n\t<meta property=\"og:image:type\" content=\"image\/webp\" \/>\n<meta name=\"twitter:card\" content=\"summary_large_image\" \/>\n<meta name=\"twitter:label1\" content=\"Gesch\u00e4tzte Lesezeit\" \/>\n\t<meta name=\"twitter:data1\" content=\"1\u00a0Minute\" \/>\n<script type=\"application\/ld+json\" class=\"yoast-schema-graph\">{\"@context\":\"https:\\\/\\\/schema.org\",\"@graph\":[{\"@type\":\"WebPage\",\"@id\":\"https:\\\/\\\/www.dt-smart.com\\\/es\\\/producto\\\/samsung-a9-display-stunning-super-amoled-screen-with-rich-colors-and-impressive-clarity\\\/\",\"url\":\"https:\\\/\\\/www.dt-smart.com\\\/es\\\/producto\\\/samsung-a9-display-stunning-super-amoled-screen-with-rich-colors-and-impressive-clarity\\\/\",\"name\":\"Samsung Galaxy A9 Display Replacement - Stunning Super AMOLED Screen - Original & Service Pack Quality - Rich Colors & Impressive Clarity - Quality Guaranteed - Fast Shipping - InsurePart\",\"isPartOf\":{\"@id\":\"https:\\\/\\\/www.dt-smart.com\\\/#website\"},\"primaryImageOfPage\":{\"@id\":\"https:\\\/\\\/www.dt-smart.com\\\/es\\\/producto\\\/samsung-a9-display-stunning-super-amoled-screen-with-rich-colors-and-impressive-clarity\\\/#primaryimage\"},\"image\":{\"@id\":\"https:\\\/\\\/www.dt-smart.com\\\/es\\\/producto\\\/samsung-a9-display-stunning-super-amoled-screen-with-rich-colors-and-impressive-clarity\\\/#primaryimage\"},\"thumbnailUrl\":\"https:\\\/\\\/www.dt-smart.com\\\/wp-content\\\/uploads\\\/2024\\\/12\\\/A90.webp\",\"datePublished\":\"2024-12-27T06:17:06+00:00\",\"dateModified\":\"2026-01-09T07:04:40+00:00\",\"description\":\"Samsung Galaxy A9 Display Replacement - Stunning Super AMOLED Screen - Original & Service Pack Quality - Rich Colors & Impressive Clarity - Quality Guaranteed - Fast Shipping\",\"breadcrumb\":{\"@id\":\"https:\\\/\\\/www.dt-smart.com\\\/es\\\/producto\\\/samsung-a9-display-stunning-super-amoled-screen-with-rich-colors-and-impressive-clarity\\\/#breadcrumb\"},\"inLanguage\":\"de\",\"potentialAction\":[{\"@type\":\"ReadAction\",\"target\":[\"https:\\\/\\\/www.dt-smart.com\\\/es\\\/producto\\\/samsung-a9-display-stunning-super-amoled-screen-with-rich-colors-and-impressive-clarity\\\/\"]}]},{\"@type\":\"ImageObject\",\"inLanguage\":\"de\",\"@id\":\"https:\\\/\\\/www.dt-smart.com\\\/es\\\/producto\\\/samsung-a9-display-stunning-super-amoled-screen-with-rich-colors-and-impressive-clarity\\\/#primaryimage\",\"url\":\"https:\\\/\\\/www.dt-smart.com\\\/wp-content\\\/uploads\\\/2024\\\/12\\\/A90.webp\",\"contentUrl\":\"https:\\\/\\\/www.dt-smart.com\\\/wp-content\\\/uploads\\\/2024\\\/12\\\/A90.webp\",\"width\":800,\"height\":800},{\"@type\":\"BreadcrumbList\",\"@id\":\"https:\\\/\\\/www.dt-smart.com\\\/es\\\/producto\\\/samsung-a9-display-stunning-super-amoled-screen-with-rich-colors-and-impressive-clarity\\\/#breadcrumb\",\"itemListElement\":[{\"@type\":\"ListItem\",\"position\":1,\"name\":\"Home\",\"item\":\"https:\\\/\\\/www.dt-smart.com\\\/\"},{\"@type\":\"ListItem\",\"position\":2,\"name\":\"Product\",\"item\":\"https:\\\/\\\/www.dt-smart.com\\\/ru\\\/product\\\/\"},{\"@type\":\"ListItem\",\"position\":3,\"name\":\"Samsung Galaxy A9 Display Replacement &#8211; Stunning Super AMOLED Screen &#8211; Original &#038; Service Pack Quality &#8211; Rich Colors &#038; Impressive Clarity &#8211; Quality Guaranteed &#8211; Fast Shipping\"}]},{\"@type\":\"WebSite\",\"@id\":\"https:\\\/\\\/www.dt-smart.com\\\/#website\",\"url\":\"https:\\\/\\\/www.dt-smart.com\\\/\",\"name\":\"InsurePart\",\"description\":\"Cell Phone Repair Parts; iPhone Parts Wholesale;Samsung Parts Supplier\",\"potentialAction\":[{\"@type\":\"SearchAction\",\"target\":{\"@type\":\"EntryPoint\",\"urlTemplate\":\"https:\\\/\\\/www.dt-smart.com\\\/?s={search_term_string}\"},\"query-input\":{\"@type\":\"PropertyValueSpecification\",\"valueRequired\":true,\"valueName\":\"search_term_string\"}}],\"inLanguage\":\"de\"}]}<\/script>\n<!-- \/ Yoast SEO plugin. -->","yoast_head_json":{"title":"Samsung Galaxy A9 Display Replacement - Stunning Super AMOLED Screen - Original & Service Pack Quality - Rich Colors & Impressive Clarity - Quality Guaranteed - Fast Shipping - InsurePart","description":"Samsung Galaxy A9 Display Replacement - Stunning Super AMOLED Screen - Original & Service Pack Quality - Rich Colors & Impressive Clarity - Quality Guaranteed - Fast Shipping","robots":{"index":"index","follow":"follow","max-snippet":"max-snippet:-1","max-image-preview":"max-image-preview:large","max-video-preview":"max-video-preview:-1"},"canonical":"https:\/\/www.dt-smart.com\/de\/producto\/samsung-a9-display-stunning-super-amoled-screen-with-rich-colors-and-impressive-clarity\/","og_locale":"de_DE","og_type":"article","og_title":"Samsung Galaxy A9 Display Replacement - Stunning Super AMOLED Screen - Original & Service Pack Quality - Rich Colors & Impressive Clarity - Quality Guaranteed - Fast Shipping - InsurePart","og_description":"Samsung Galaxy A9 Display Replacement - Stunning Super AMOLED Screen - Original & Service Pack Quality - Rich Colors & Impressive Clarity - Quality Guaranteed - Fast Shipping","og_url":"https:\/\/www.dt-smart.com\/de\/producto\/samsung-a9-display-stunning-super-amoled-screen-with-rich-colors-and-impressive-clarity\/","og_site_name":"InsurePart","article_publisher":"https:\/\/www.facebook.com\/anjinleeEva","article_modified_time":"2026-01-09T07:04:40+00:00","og_image":[{"width":800,"height":800,"url":"https:\/\/www.dt-smart.com\/wp-content\/uploads\/2024\/12\/A90.webp","type":"image\/webp"}],"twitter_card":"summary_large_image","twitter_misc":{"Gesch\u00e4tzte Lesezeit":"1\u00a0Minute"},"schema":{"@context":"https:\/\/schema.org","@graph":[{"@type":"WebPage","@id":"https:\/\/www.dt-smart.com\/es\/producto\/samsung-a9-display-stunning-super-amoled-screen-with-rich-colors-and-impressive-clarity\/","url":"https:\/\/www.dt-smart.com\/es\/producto\/samsung-a9-display-stunning-super-amoled-screen-with-rich-colors-and-impressive-clarity\/","name":"Samsung Galaxy A9 Display Replacement - Stunning Super AMOLED Screen - Original & Service Pack Quality - Rich Colors & Impressive Clarity - Quality Guaranteed - Fast Shipping - InsurePart","isPartOf":{"@id":"https:\/\/www.dt-smart.com\/#website"},"primaryImageOfPage":{"@id":"https:\/\/www.dt-smart.com\/es\/producto\/samsung-a9-display-stunning-super-amoled-screen-with-rich-colors-and-impressive-clarity\/#primaryimage"},"image":{"@id":"https:\/\/www.dt-smart.com\/es\/producto\/samsung-a9-display-stunning-super-amoled-screen-with-rich-colors-and-impressive-clarity\/#primaryimage"},"thumbnailUrl":"https:\/\/www.dt-smart.com\/wp-content\/uploads\/2024\/12\/A90.webp","datePublished":"2024-12-27T06:17:06+00:00","dateModified":"2026-01-09T07:04:40+00:00","description":"Samsung Galaxy A9 Display Replacement - Stunning Super AMOLED Screen - Original & Service Pack Quality - Rich Colors & Impressive Clarity - Quality Guaranteed - Fast Shipping","breadcrumb":{"@id":"https:\/\/www.dt-smart.com\/es\/producto\/samsung-a9-display-stunning-super-amoled-screen-with-rich-colors-and-impressive-clarity\/#breadcrumb"},"inLanguage":"de","potentialAction":[{"@type":"ReadAction","target":["https:\/\/www.dt-smart.com\/es\/producto\/samsung-a9-display-stunning-super-amoled-screen-with-rich-colors-and-impressive-clarity\/"]}]},{"@type":"ImageObject","inLanguage":"de","@id":"https:\/\/www.dt-smart.com\/es\/producto\/samsung-a9-display-stunning-super-amoled-screen-with-rich-colors-and-impressive-clarity\/#primaryimage","url":"https:\/\/www.dt-smart.com\/wp-content\/uploads\/2024\/12\/A90.webp","contentUrl":"https:\/\/www.dt-smart.com\/wp-content\/uploads\/2024\/12\/A90.webp","width":800,"height":800},{"@type":"BreadcrumbList","@id":"https:\/\/www.dt-smart.com\/es\/producto\/samsung-a9-display-stunning-super-amoled-screen-with-rich-colors-and-impressive-clarity\/#breadcrumb","itemListElement":[{"@type":"ListItem","position":1,"name":"Home","item":"https:\/\/www.dt-smart.com\/"},{"@type":"ListItem","position":2,"name":"Product","item":"https:\/\/www.dt-smart.com\/ru\/product\/"},{"@type":"ListItem","position":3,"name":"Samsung Galaxy A9 Display Replacement &#8211; Stunning Super AMOLED Screen &#8211; Original &#038; Service Pack Quality &#8211; Rich Colors &#038; Impressive Clarity &#8211; Quality Guaranteed &#8211; Fast Shipping"}]},{"@type":"WebSite","@id":"https:\/\/www.dt-smart.com\/#website","url":"https:\/\/www.dt-smart.com\/","name":"InsurePart","description":"Handy-Ersatzteile; iPhone-Ersatzteile im Gro\u00dfhandel; Samsung-Ersatzteillieferant","potentialAction":[{"@type":"SearchAction","target":{"@type":"EntryPoint","urlTemplate":"https:\/\/www.dt-smart.com\/?s={search_term_string}"},"query-input":{"@type":"PropertyValueSpecification","valueRequired":true,"valueName":"search_term_string"}}],"inLanguage":"de"}]}},"_links":{"self":[{"href":"https:\/\/www.dt-smart.com\/de\/wp-json\/wp\/v2\/product\/17912","targetHints":{"allow":["GET"]}}],"collection":[{"href":"https:\/\/www.dt-smart.com\/de\/wp-json\/wp\/v2\/product"}],"about":[{"href":"https:\/\/www.dt-smart.com\/de\/wp-json\/wp\/v2\/types\/product"}],"replies":[{"embeddable":true,"href":"https:\/\/www.dt-smart.com\/de\/wp-json\/wp\/v2\/comments?post=17912"}],"version-history":[{"count":4,"href":"https:\/\/www.dt-smart.com\/de\/wp-json\/wp\/v2\/product\/17912\/revisions"}],"predecessor-version":[{"id":24517,"href":"https:\/\/www.dt-smart.com\/de\/wp-json\/wp\/v2\/product\/17912\/revisions\/24517"}],"wp:featuredmedia":[{"embeddable":true,"href":"https:\/\/www.dt-smart.com\/de\/wp-json\/wp\/v2\/media\/17816"}],"wp:attachment":[{"href":"https:\/\/www.dt-smart.com\/de\/wp-json\/wp\/v2\/media?parent=17912"}],"wp:term":[{"taxonomy":"product_brand","embeddable":true,"href":"https:\/\/www.dt-smart.com\/de\/wp-json\/wp\/v2\/product_brand?post=17912"},{"taxonomy":"product_cat","embeddable":true,"href":"https:\/\/www.dt-smart.com\/de\/wp-json\/wp\/v2\/product_cat?post=17912"},{"taxonomy":"product_tag","embeddable":true,"href":"https:\/\/www.dt-smart.com\/de\/wp-json\/wp\/v2\/product_tag?post=17912"}],"curies":[{"name":"wp","href":"https:\/\/api.w.org\/{rel}","templated":true}]}}