{"id":17917,"date":"2024-12-27T14:44:10","date_gmt":"2024-12-27T06:44:10","guid":{"rendered":"https:\/\/www.insurepart.com\/?post_type=product&#038;p=17917"},"modified":"2026-01-09T15:00:50","modified_gmt":"2026-01-09T07:00:50","slug":"samsung-a8-display-sleek-full-hd-super-amoled-screen-for-everyday-performance","status":"publish","type":"product","link":"https:\/\/www.dt-smart.com\/de\/produkt\/samsung-a8-display-sleek-full-hd-super-amoled-screen-for-everyday-performance\/","title":{"rendered":"Displaytausch f\u00fcr Samsung Galaxy A8 (2016) \u2013 Elegantes Full-HD-Super-AMOLED-Display \u2013 Originalqualit\u00e4t &amp; Servicepaket \u2013 Zuverl\u00e4ssige Leistung im Alltag \u2013 Qualit\u00e4tsgarantie \u2013 Schneller Versand"},"content":{"rendered":"<p style=\"text-align: center;\"><img fetchpriority=\"high\" decoding=\"async\" class=\"alignnone size-full wp-image-6141\" src=\"https:\/\/www.insurepart.com\/wp-content\/uploads\/2023\/11\/\u4e3a\u4ec0\u4e48\u9009\u62e9\u6211\u4eec1-1.jpg\" alt=\"\" width=\"1000\" height=\"786\" srcset=\"https:\/\/www.dt-smart.com\/wp-content\/uploads\/2023\/11\/\u4e3a\u4ec0\u4e48\u9009\u62e9\u6211\u4eec1-1.jpg 1000w, https:\/\/www.dt-smart.com\/wp-content\/uploads\/2023\/11\/\u4e3a\u4ec0\u4e48\u9009\u62e9\u6211\u4eec1-1-300x236.jpg 300w, https:\/\/www.dt-smart.com\/wp-content\/uploads\/2023\/11\/\u4e3a\u4ec0\u4e48\u9009\u62e9\u6211\u4eec1-1-150x118.jpg 150w, https:\/\/www.dt-smart.com\/wp-content\/uploads\/2023\/11\/\u4e3a\u4ec0\u4e48\u9009\u62e9\u6211\u4eec1-1-800x629.jpg 800w, https:\/\/www.dt-smart.com\/wp-content\/uploads\/2023\/11\/\u4e3a\u4ec0\u4e48\u9009\u62e9\u6211\u4eec1-1-768x604.jpg 768w, https:\/\/www.dt-smart.com\/wp-content\/uploads\/2023\/11\/\u4e3a\u4ec0\u4e48\u9009\u62e9\u6211\u4eec1-1-15x12.jpg 15w\" sizes=\"(max-width: 1000px) 100vw, 1000px\" \/><\/p>","protected":false},"excerpt":{"rendered":"<p><span style=\"font-size: 10pt;\">Das Samsung A8 verf\u00fcgt \u00fcber ein 5,7 Zoll gro\u00dfes Full-HD-Super-AMOLED-Display, das mit lebendigen Farben und scharfen Kontrasten f\u00fcr ein optimiertes Seherlebnis sorgt. Das schlanke und kompakte Design erm\u00f6glicht ein einfaches Mitnehmen und bietet dennoch ausreichend Platz f\u00fcr Inhalte. Die Super-AMOLED-Technologie garantiert brillante Farben und tiefe Schwarzt\u00f6ne \u2013 ideal zum Filme schauen, Spielen oder Surfen im Internet. Dank der hohen Pixeldichte und des Schutzes durch Corning Gorilla Glass bietet das Display Langlebigkeit und exzellente Bildqualit\u00e4t f\u00fcr den t\u00e4glichen Gebrauch.<\/span><\/p>","protected":false},"featured_media":17951,"comment_status":"open","ping_status":"closed","template":"","meta":[],"product_brand":[],"product_cat":[49,366,1020],"product_tag":[],"class_list":{"0":"post-17917","1":"product","2":"type-product","3":"status-publish","4":"has-post-thumbnail","6":"product_cat-a-series","7":"product_cat-a8-a810-2016","8":"product_cat-all-a-series-lcd","10":"first","11":"instock","12":"taxable","13":"shipping-taxable","14":"purchasable","15":"product-type-simple"},"yoast_head":"<!-- This site is optimized with the Yoast SEO plugin v27.4 - https:\/\/yoast.com\/product\/yoast-seo-wordpress\/ -->\n<title>Samsung Galaxy A8 (2016) Display Replacement - Sleek Full HD Super AMOLED Screen - Original &amp; Service Pack Quality - Reliable Everyday Performance - Quality Guaranteed - Fast Shipping - InsurePart<\/title>\n<meta name=\"description\" content=\"Samsung Galaxy A8 (2016) Display Replacement - Sleek Full HD Super AMOLED Screen - Original &amp; Service Pack Quality - Reliable Everyday Performance - Quality Guaranteed - Fast Shipping\" \/>\n<meta name=\"robots\" content=\"index, follow, max-snippet:-1, max-image-preview:large, max-video-preview:-1\" \/>\n<link rel=\"canonical\" href=\"https:\/\/www.dt-smart.com\/de\/producto\/samsung-a8-display-sleek-full-hd-super-amoled-screen-for-everyday-performance\/\" \/>\n<meta property=\"og:locale\" content=\"de_DE\" \/>\n<meta property=\"og:type\" content=\"article\" \/>\n<meta property=\"og:title\" content=\"Samsung Galaxy A8 (2016) Display Replacement - Sleek Full HD Super AMOLED Screen - Original &amp; Service Pack Quality - Reliable Everyday Performance - Quality Guaranteed - Fast Shipping - InsurePart\" \/>\n<meta property=\"og:description\" content=\"Samsung Galaxy A8 (2016) Display Replacement - Sleek Full HD Super AMOLED Screen - Original &amp; Service Pack Quality - Reliable Everyday Performance - Quality Guaranteed - Fast Shipping\" \/>\n<meta property=\"og:url\" content=\"https:\/\/www.dt-smart.com\/de\/producto\/samsung-a8-display-sleek-full-hd-super-amoled-screen-for-everyday-performance\/\" \/>\n<meta property=\"og:site_name\" content=\"InsurePart\" \/>\n<meta property=\"article:publisher\" content=\"https:\/\/www.facebook.com\/anjinleeEva\" \/>\n<meta property=\"article:modified_time\" content=\"2026-01-09T07:00:50+00:00\" \/>\n<meta property=\"og:image\" content=\"https:\/\/www.dt-smart.com\/wp-content\/uploads\/2024\/12\/A8\u4e3b1.webp\" \/>\n\t<meta property=\"og:image:width\" content=\"800\" \/>\n\t<meta property=\"og:image:height\" content=\"800\" \/>\n\t<meta property=\"og:image:type\" content=\"image\/webp\" \/>\n<meta name=\"twitter:card\" content=\"summary_large_image\" \/>\n<meta name=\"twitter:label1\" content=\"Gesch\u00e4tzte Lesezeit\" \/>\n\t<meta name=\"twitter:data1\" content=\"1\u00a0Minute\" \/>\n<script type=\"application\/ld+json\" class=\"yoast-schema-graph\">{\"@context\":\"https:\\\/\\\/schema.org\",\"@graph\":[{\"@type\":\"WebPage\",\"@id\":\"https:\\\/\\\/www.dt-smart.com\\\/es\\\/producto\\\/samsung-a8-display-sleek-full-hd-super-amoled-screen-for-everyday-performance\\\/\",\"url\":\"https:\\\/\\\/www.dt-smart.com\\\/es\\\/producto\\\/samsung-a8-display-sleek-full-hd-super-amoled-screen-for-everyday-performance\\\/\",\"name\":\"Samsung Galaxy A8 (2016) Display Replacement - Sleek Full HD Super AMOLED Screen - Original & Service Pack Quality - Reliable Everyday Performance - Quality Guaranteed - Fast Shipping - InsurePart\",\"isPartOf\":{\"@id\":\"https:\\\/\\\/www.dt-smart.com\\\/#website\"},\"primaryImageOfPage\":{\"@id\":\"https:\\\/\\\/www.dt-smart.com\\\/es\\\/producto\\\/samsung-a8-display-sleek-full-hd-super-amoled-screen-for-everyday-performance\\\/#primaryimage\"},\"image\":{\"@id\":\"https:\\\/\\\/www.dt-smart.com\\\/es\\\/producto\\\/samsung-a8-display-sleek-full-hd-super-amoled-screen-for-everyday-performance\\\/#primaryimage\"},\"thumbnailUrl\":\"https:\\\/\\\/www.dt-smart.com\\\/wp-content\\\/uploads\\\/2024\\\/12\\\/A8\u4e3b1.webp\",\"datePublished\":\"2024-12-27T06:44:10+00:00\",\"dateModified\":\"2026-01-09T07:00:50+00:00\",\"description\":\"Samsung Galaxy A8 (2016) Display Replacement - Sleek Full HD Super AMOLED Screen - Original & Service Pack Quality - Reliable Everyday Performance - Quality Guaranteed - Fast Shipping\",\"breadcrumb\":{\"@id\":\"https:\\\/\\\/www.dt-smart.com\\\/es\\\/producto\\\/samsung-a8-display-sleek-full-hd-super-amoled-screen-for-everyday-performance\\\/#breadcrumb\"},\"inLanguage\":\"de\",\"potentialAction\":[{\"@type\":\"ReadAction\",\"target\":[\"https:\\\/\\\/www.dt-smart.com\\\/es\\\/producto\\\/samsung-a8-display-sleek-full-hd-super-amoled-screen-for-everyday-performance\\\/\"]}]},{\"@type\":\"ImageObject\",\"inLanguage\":\"de\",\"@id\":\"https:\\\/\\\/www.dt-smart.com\\\/es\\\/producto\\\/samsung-a8-display-sleek-full-hd-super-amoled-screen-for-everyday-performance\\\/#primaryimage\",\"url\":\"https:\\\/\\\/www.dt-smart.com\\\/wp-content\\\/uploads\\\/2024\\\/12\\\/A8\u4e3b1.webp\",\"contentUrl\":\"https:\\\/\\\/www.dt-smart.com\\\/wp-content\\\/uploads\\\/2024\\\/12\\\/A8\u4e3b1.webp\",\"width\":800,\"height\":800},{\"@type\":\"BreadcrumbList\",\"@id\":\"https:\\\/\\\/www.dt-smart.com\\\/es\\\/producto\\\/samsung-a8-display-sleek-full-hd-super-amoled-screen-for-everyday-performance\\\/#breadcrumb\",\"itemListElement\":[{\"@type\":\"ListItem\",\"position\":1,\"name\":\"Home\",\"item\":\"https:\\\/\\\/www.dt-smart.com\\\/\"},{\"@type\":\"ListItem\",\"position\":2,\"name\":\"Product\",\"item\":\"https:\\\/\\\/www.dt-smart.com\\\/ru\\\/product\\\/\"},{\"@type\":\"ListItem\",\"position\":3,\"name\":\"Samsung Galaxy A8 (2016) Display Replacement &#8211; Sleek Full HD Super AMOLED Screen &#8211; Original &#038; Service Pack Quality &#8211; Reliable Everyday Performance &#8211; Quality Guaranteed &#8211; Fast Shipping\"}]},{\"@type\":\"WebSite\",\"@id\":\"https:\\\/\\\/www.dt-smart.com\\\/#website\",\"url\":\"https:\\\/\\\/www.dt-smart.com\\\/\",\"name\":\"InsurePart\",\"description\":\"Cell Phone Repair Parts; iPhone Parts Wholesale;Samsung Parts Supplier\",\"potentialAction\":[{\"@type\":\"SearchAction\",\"target\":{\"@type\":\"EntryPoint\",\"urlTemplate\":\"https:\\\/\\\/www.dt-smart.com\\\/?s={search_term_string}\"},\"query-input\":{\"@type\":\"PropertyValueSpecification\",\"valueRequired\":true,\"valueName\":\"search_term_string\"}}],\"inLanguage\":\"de\"}]}<\/script>\n<!-- \/ Yoast SEO plugin. -->","yoast_head_json":{"title":"Samsung Galaxy A8 (2016) Display Replacement - Sleek Full HD Super AMOLED Screen - Original & Service Pack Quality - Reliable Everyday Performance - Quality Guaranteed - Fast Shipping - InsurePart","description":"Samsung Galaxy A8 (2016) Display Replacement - Sleek Full HD Super AMOLED Screen - Original & Service Pack Quality - Reliable Everyday Performance - Quality Guaranteed - Fast Shipping","robots":{"index":"index","follow":"follow","max-snippet":"max-snippet:-1","max-image-preview":"max-image-preview:large","max-video-preview":"max-video-preview:-1"},"canonical":"https:\/\/www.dt-smart.com\/de\/producto\/samsung-a8-display-sleek-full-hd-super-amoled-screen-for-everyday-performance\/","og_locale":"de_DE","og_type":"article","og_title":"Samsung Galaxy A8 (2016) Display Replacement - Sleek Full HD Super AMOLED Screen - Original & Service Pack Quality - Reliable Everyday Performance - Quality Guaranteed - Fast Shipping - InsurePart","og_description":"Samsung Galaxy A8 (2016) Display Replacement - Sleek Full HD Super AMOLED Screen - Original & Service Pack Quality - Reliable Everyday Performance - Quality Guaranteed - Fast Shipping","og_url":"https:\/\/www.dt-smart.com\/de\/producto\/samsung-a8-display-sleek-full-hd-super-amoled-screen-for-everyday-performance\/","og_site_name":"InsurePart","article_publisher":"https:\/\/www.facebook.com\/anjinleeEva","article_modified_time":"2026-01-09T07:00:50+00:00","og_image":[{"width":800,"height":800,"url":"https:\/\/www.dt-smart.com\/wp-content\/uploads\/2024\/12\/A8\u4e3b1.webp","type":"image\/webp"}],"twitter_card":"summary_large_image","twitter_misc":{"Gesch\u00e4tzte Lesezeit":"1\u00a0Minute"},"schema":{"@context":"https:\/\/schema.org","@graph":[{"@type":"WebPage","@id":"https:\/\/www.dt-smart.com\/es\/producto\/samsung-a8-display-sleek-full-hd-super-amoled-screen-for-everyday-performance\/","url":"https:\/\/www.dt-smart.com\/es\/producto\/samsung-a8-display-sleek-full-hd-super-amoled-screen-for-everyday-performance\/","name":"Samsung Galaxy A8 (2016) Display Replacement - Sleek Full HD Super AMOLED Screen - Original & Service Pack Quality - Reliable Everyday Performance - Quality Guaranteed - Fast Shipping - InsurePart","isPartOf":{"@id":"https:\/\/www.dt-smart.com\/#website"},"primaryImageOfPage":{"@id":"https:\/\/www.dt-smart.com\/es\/producto\/samsung-a8-display-sleek-full-hd-super-amoled-screen-for-everyday-performance\/#primaryimage"},"image":{"@id":"https:\/\/www.dt-smart.com\/es\/producto\/samsung-a8-display-sleek-full-hd-super-amoled-screen-for-everyday-performance\/#primaryimage"},"thumbnailUrl":"https:\/\/www.dt-smart.com\/wp-content\/uploads\/2024\/12\/A8\u4e3b1.webp","datePublished":"2024-12-27T06:44:10+00:00","dateModified":"2026-01-09T07:00:50+00:00","description":"Samsung Galaxy A8 (2016) Display Replacement - Sleek Full HD Super AMOLED Screen - Original & Service Pack Quality - Reliable Everyday Performance - Quality Guaranteed - Fast Shipping","breadcrumb":{"@id":"https:\/\/www.dt-smart.com\/es\/producto\/samsung-a8-display-sleek-full-hd-super-amoled-screen-for-everyday-performance\/#breadcrumb"},"inLanguage":"de","potentialAction":[{"@type":"ReadAction","target":["https:\/\/www.dt-smart.com\/es\/producto\/samsung-a8-display-sleek-full-hd-super-amoled-screen-for-everyday-performance\/"]}]},{"@type":"ImageObject","inLanguage":"de","@id":"https:\/\/www.dt-smart.com\/es\/producto\/samsung-a8-display-sleek-full-hd-super-amoled-screen-for-everyday-performance\/#primaryimage","url":"https:\/\/www.dt-smart.com\/wp-content\/uploads\/2024\/12\/A8\u4e3b1.webp","contentUrl":"https:\/\/www.dt-smart.com\/wp-content\/uploads\/2024\/12\/A8\u4e3b1.webp","width":800,"height":800},{"@type":"BreadcrumbList","@id":"https:\/\/www.dt-smart.com\/es\/producto\/samsung-a8-display-sleek-full-hd-super-amoled-screen-for-everyday-performance\/#breadcrumb","itemListElement":[{"@type":"ListItem","position":1,"name":"Home","item":"https:\/\/www.dt-smart.com\/"},{"@type":"ListItem","position":2,"name":"Product","item":"https:\/\/www.dt-smart.com\/ru\/product\/"},{"@type":"ListItem","position":3,"name":"Samsung Galaxy A8 (2016) Display Replacement &#8211; Sleek Full HD Super AMOLED Screen &#8211; Original &#038; Service Pack Quality &#8211; Reliable Everyday Performance &#8211; Quality Guaranteed &#8211; Fast Shipping"}]},{"@type":"WebSite","@id":"https:\/\/www.dt-smart.com\/#website","url":"https:\/\/www.dt-smart.com\/","name":"InsurePart","description":"Handy-Ersatzteile; iPhone-Ersatzteile im Gro\u00dfhandel; Samsung-Ersatzteillieferant","potentialAction":[{"@type":"SearchAction","target":{"@type":"EntryPoint","urlTemplate":"https:\/\/www.dt-smart.com\/?s={search_term_string}"},"query-input":{"@type":"PropertyValueSpecification","valueRequired":true,"valueName":"search_term_string"}}],"inLanguage":"de"}]}},"_links":{"self":[{"href":"https:\/\/www.dt-smart.com\/de\/wp-json\/wp\/v2\/product\/17917","targetHints":{"allow":["GET"]}}],"collection":[{"href":"https:\/\/www.dt-smart.com\/de\/wp-json\/wp\/v2\/product"}],"about":[{"href":"https:\/\/www.dt-smart.com\/de\/wp-json\/wp\/v2\/types\/product"}],"replies":[{"embeddable":true,"href":"https:\/\/www.dt-smart.com\/de\/wp-json\/wp\/v2\/comments?post=17917"}],"version-history":[{"count":6,"href":"https:\/\/www.dt-smart.com\/de\/wp-json\/wp\/v2\/product\/17917\/revisions"}],"predecessor-version":[{"id":24513,"href":"https:\/\/www.dt-smart.com\/de\/wp-json\/wp\/v2\/product\/17917\/revisions\/24513"}],"wp:featuredmedia":[{"embeddable":true,"href":"https:\/\/www.dt-smart.com\/de\/wp-json\/wp\/v2\/media\/17951"}],"wp:attachment":[{"href":"https:\/\/www.dt-smart.com\/de\/wp-json\/wp\/v2\/media?parent=17917"}],"wp:term":[{"taxonomy":"product_brand","embeddable":true,"href":"https:\/\/www.dt-smart.com\/de\/wp-json\/wp\/v2\/product_brand?post=17917"},{"taxonomy":"product_cat","embeddable":true,"href":"https:\/\/www.dt-smart.com\/de\/wp-json\/wp\/v2\/product_cat?post=17917"},{"taxonomy":"product_tag","embeddable":true,"href":"https:\/\/www.dt-smart.com\/de\/wp-json\/wp\/v2\/product_tag?post=17917"}],"curies":[{"name":"wp","href":"https:\/\/api.w.org\/{rel}","templated":true}]}}