{"id":17963,"date":"2024-12-27T15:21:54","date_gmt":"2024-12-27T07:21:54","guid":{"rendered":"https:\/\/www.insurepart.com\/?post_type=product&#038;p=17963"},"modified":"2026-01-09T14:55:29","modified_gmt":"2026-01-09T06:55:29","slug":"samsung-a72a725-2021-display-bright-super-amoled-screen-with-high-refresh-rate-for-seamless-performance","status":"publish","type":"product","link":"https:\/\/www.dt-smart.com\/de\/produkt\/samsung-a72a725-2021-display-bright-super-amoled-screen-with-high-refresh-rate-for-seamless-performance\/","title":{"rendered":"Samsung Galaxy A72 (A725\/2021) Display-Austausch \u2013 Helles Super-AMOLED-Display mit hoher Bildwiederholfrequenz \u2013 Originalqualit\u00e4t &amp; Service-Pack \u2013 Reibungslose Funktion \u2013 Qualit\u00e4tsgarantie \u2013 Schneller Versand"},"content":{"rendered":"<p style=\"text-align: center;\"><img fetchpriority=\"high\" decoding=\"async\" class=\"alignnone size-full wp-image-6141\" src=\"https:\/\/www.insurepart.com\/wp-content\/uploads\/2023\/11\/\u4e3a\u4ec0\u4e48\u9009\u62e9\u6211\u4eec1-1.jpg\" alt=\"\" width=\"1000\" height=\"786\" srcset=\"https:\/\/www.dt-smart.com\/wp-content\/uploads\/2023\/11\/\u4e3a\u4ec0\u4e48\u9009\u62e9\u6211\u4eec1-1.jpg 1000w, https:\/\/www.dt-smart.com\/wp-content\/uploads\/2023\/11\/\u4e3a\u4ec0\u4e48\u9009\u62e9\u6211\u4eec1-1-300x236.jpg 300w, https:\/\/www.dt-smart.com\/wp-content\/uploads\/2023\/11\/\u4e3a\u4ec0\u4e48\u9009\u62e9\u6211\u4eec1-1-150x118.jpg 150w, https:\/\/www.dt-smart.com\/wp-content\/uploads\/2023\/11\/\u4e3a\u4ec0\u4e48\u9009\u62e9\u6211\u4eec1-1-800x629.jpg 800w, https:\/\/www.dt-smart.com\/wp-content\/uploads\/2023\/11\/\u4e3a\u4ec0\u4e48\u9009\u62e9\u6211\u4eec1-1-768x604.jpg 768w, https:\/\/www.dt-smart.com\/wp-content\/uploads\/2023\/11\/\u4e3a\u4ec0\u4e48\u9009\u62e9\u6211\u4eec1-1-15x12.jpg 15w\" sizes=\"(max-width: 1000px) 100vw, 1000px\" \/><\/p>","protected":false},"excerpt":{"rendered":"<p><span style=\"font-size: 10pt;\">Das Samsung A72 verf\u00fcgt \u00fcber ein 6,7 Zoll gro\u00dfes Super-AMOLED-Display, ideal zum Streamen, Spielen und Surfen. Mit Full-HD+-Aufl\u00f6sung und einer Bildwiederholfrequenz von 90 Hz bietet der Bildschirm ein fl\u00fcssiges und immersives Erlebnis und sorgt f\u00fcr dynamische und ruckelfreie Darstellungen. Die Spitzenhelligkeit von 800 Nits garantiert selbst bei direkter Sonneneinstrahlung hervorragende Lesbarkeit, w\u00e4hrend HDR10+ die Farbbrillanz und -tiefe verst\u00e4rkt. Corning Gorilla Glass 5 sch\u00fctzt das Display vor Kratzern und macht das A72 zum perfekten Begleiter f\u00fcr den t\u00e4glichen Gebrauch.<\/span><\/p>","protected":false},"featured_media":17959,"comment_status":"open","ping_status":"closed","template":"","meta":[],"product_brand":[],"product_cat":[49,362,1020],"product_tag":[],"class_list":{"0":"post-17963","1":"product","2":"type-product","3":"status-publish","4":"has-post-thumbnail","6":"product_cat-a-series","7":"product_cat-a72-a725-2021","8":"product_cat-all-a-series-lcd","10":"first","11":"instock","12":"taxable","13":"shipping-taxable","14":"purchasable","15":"product-type-simple"},"yoast_head":"<!-- This site is optimized with the Yoast SEO plugin v27.4 - https:\/\/yoast.com\/product\/yoast-seo-wordpress\/ -->\n<title>Samsung Galaxy A72 (A725\/2021) Display Replacement - Bright Super AMOLED High Refresh Rate Screen - Original &amp; Service Pack Quality - Seamless Performance - Quality Guaranteed - Fast Shipping - InsurePart<\/title>\n<meta name=\"description\" content=\"Samsung Galaxy A72 (A725\/2021) Display Replacement - Bright Super AMOLED High Refresh Rate Screen - Original &amp; Service Pack Quality - Seamless Performance - Quality Guaranteed - Fast Shipping\" \/>\n<meta name=\"robots\" content=\"index, follow, max-snippet:-1, max-image-preview:large, max-video-preview:-1\" \/>\n<link rel=\"canonical\" href=\"https:\/\/www.dt-smart.com\/de\/produkt\/samsung-a72a725-2021-display-bright-super-amoled-screen-with-high-refresh-rate-for-seamless-performance\/\" \/>\n<meta property=\"og:locale\" content=\"de_DE\" \/>\n<meta property=\"og:type\" content=\"article\" \/>\n<meta property=\"og:title\" content=\"Samsung Galaxy A72 (A725\/2021) Display Replacement - Bright Super AMOLED High Refresh Rate Screen - Original &amp; Service Pack Quality - Seamless Performance - Quality Guaranteed - Fast Shipping - InsurePart\" \/>\n<meta property=\"og:description\" content=\"Samsung Galaxy A72 (A725\/2021) Display Replacement - Bright Super AMOLED High Refresh Rate Screen - Original &amp; Service Pack Quality - Seamless Performance - Quality Guaranteed - Fast Shipping\" \/>\n<meta property=\"og:url\" content=\"https:\/\/www.dt-smart.com\/de\/produkt\/samsung-a72a725-2021-display-bright-super-amoled-screen-with-high-refresh-rate-for-seamless-performance\/\" \/>\n<meta property=\"og:site_name\" content=\"InsurePart\" \/>\n<meta property=\"article:publisher\" content=\"https:\/\/www.facebook.com\/anjinleeEva\" \/>\n<meta property=\"article:modified_time\" content=\"2026-01-09T06:55:29+00:00\" \/>\n<meta property=\"og:image\" content=\"https:\/\/www.dt-smart.com\/wp-content\/uploads\/2024\/12\/A72\u4e3b.webp\" \/>\n\t<meta property=\"og:image:width\" content=\"800\" \/>\n\t<meta property=\"og:image:height\" content=\"800\" \/>\n\t<meta property=\"og:image:type\" content=\"image\/webp\" \/>\n<meta name=\"twitter:card\" content=\"summary_large_image\" \/>\n<meta name=\"twitter:label1\" content=\"Gesch\u00e4tzte Lesezeit\" \/>\n\t<meta name=\"twitter:data1\" content=\"1\u00a0Minute\" \/>\n<script type=\"application\/ld+json\" class=\"yoast-schema-graph\">{\"@context\":\"https:\\\/\\\/schema.org\",\"@graph\":[{\"@type\":\"WebPage\",\"@id\":\"https:\\\/\\\/www.dt-smart.com\\\/product\\\/samsung-a72a725-2021-display-bright-super-amoled-screen-with-high-refresh-rate-for-seamless-performance\\\/\",\"url\":\"https:\\\/\\\/www.dt-smart.com\\\/product\\\/samsung-a72a725-2021-display-bright-super-amoled-screen-with-high-refresh-rate-for-seamless-performance\\\/\",\"name\":\"Samsung Galaxy A72 (A725\\\/2021) Display Replacement - Bright Super AMOLED High Refresh Rate Screen - Original & Service Pack Quality - Seamless Performance - Quality Guaranteed - Fast Shipping - InsurePart\",\"isPartOf\":{\"@id\":\"https:\\\/\\\/www.dt-smart.com\\\/#website\"},\"primaryImageOfPage\":{\"@id\":\"https:\\\/\\\/www.dt-smart.com\\\/product\\\/samsung-a72a725-2021-display-bright-super-amoled-screen-with-high-refresh-rate-for-seamless-performance\\\/#primaryimage\"},\"image\":{\"@id\":\"https:\\\/\\\/www.dt-smart.com\\\/product\\\/samsung-a72a725-2021-display-bright-super-amoled-screen-with-high-refresh-rate-for-seamless-performance\\\/#primaryimage\"},\"thumbnailUrl\":\"https:\\\/\\\/www.dt-smart.com\\\/wp-content\\\/uploads\\\/2024\\\/12\\\/A72\u4e3b.webp\",\"datePublished\":\"2024-12-27T07:21:54+00:00\",\"dateModified\":\"2026-01-09T06:55:29+00:00\",\"description\":\"Samsung Galaxy A72 (A725\\\/2021) Display Replacement - Bright Super AMOLED High Refresh Rate Screen - Original & Service Pack Quality - Seamless Performance - Quality Guaranteed - Fast Shipping\",\"breadcrumb\":{\"@id\":\"https:\\\/\\\/www.dt-smart.com\\\/product\\\/samsung-a72a725-2021-display-bright-super-amoled-screen-with-high-refresh-rate-for-seamless-performance\\\/#breadcrumb\"},\"inLanguage\":\"de\",\"potentialAction\":[{\"@type\":\"ReadAction\",\"target\":[\"https:\\\/\\\/www.dt-smart.com\\\/product\\\/samsung-a72a725-2021-display-bright-super-amoled-screen-with-high-refresh-rate-for-seamless-performance\\\/\"]}]},{\"@type\":\"ImageObject\",\"inLanguage\":\"de\",\"@id\":\"https:\\\/\\\/www.dt-smart.com\\\/product\\\/samsung-a72a725-2021-display-bright-super-amoled-screen-with-high-refresh-rate-for-seamless-performance\\\/#primaryimage\",\"url\":\"https:\\\/\\\/www.dt-smart.com\\\/wp-content\\\/uploads\\\/2024\\\/12\\\/A72\u4e3b.webp\",\"contentUrl\":\"https:\\\/\\\/www.dt-smart.com\\\/wp-content\\\/uploads\\\/2024\\\/12\\\/A72\u4e3b.webp\",\"width\":800,\"height\":800},{\"@type\":\"BreadcrumbList\",\"@id\":\"https:\\\/\\\/www.dt-smart.com\\\/product\\\/samsung-a72a725-2021-display-bright-super-amoled-screen-with-high-refresh-rate-for-seamless-performance\\\/#breadcrumb\",\"itemListElement\":[{\"@type\":\"ListItem\",\"position\":1,\"name\":\"Home\",\"item\":\"https:\\\/\\\/www.dt-smart.com\\\/\"},{\"@type\":\"ListItem\",\"position\":2,\"name\":\"Product\",\"item\":\"https:\\\/\\\/www.dt-smart.com\\\/ru\\\/product\\\/\"},{\"@type\":\"ListItem\",\"position\":3,\"name\":\"Samsung Galaxy A72 (A725\\\/2021) Display Replacement &#8211; Bright Super AMOLED High Refresh Rate Screen &#8211; Original &#038; Service Pack Quality &#8211; Seamless Performance &#8211; Quality Guaranteed &#8211; Fast Shipping\"}]},{\"@type\":\"WebSite\",\"@id\":\"https:\\\/\\\/www.dt-smart.com\\\/#website\",\"url\":\"https:\\\/\\\/www.dt-smart.com\\\/\",\"name\":\"InsurePart\",\"description\":\"Cell Phone Repair Parts; iPhone Parts Wholesale;Samsung Parts Supplier\",\"potentialAction\":[{\"@type\":\"SearchAction\",\"target\":{\"@type\":\"EntryPoint\",\"urlTemplate\":\"https:\\\/\\\/www.dt-smart.com\\\/?s={search_term_string}\"},\"query-input\":{\"@type\":\"PropertyValueSpecification\",\"valueRequired\":true,\"valueName\":\"search_term_string\"}}],\"inLanguage\":\"de\"}]}<\/script>\n<!-- \/ Yoast SEO plugin. -->","yoast_head_json":{"title":"Samsung Galaxy A72 (A725\/2021) Display Replacement - Bright Super AMOLED High Refresh Rate Screen - Original & Service Pack Quality - Seamless Performance - Quality Guaranteed - Fast Shipping - InsurePart","description":"Samsung Galaxy A72 (A725\/2021) Display-Austausch \u2013 Helles Super-AMOLED-Display mit hoher Bildwiederholfrequenz \u2013 Originalqualit\u00e4t &amp; Service-Pack \u2013 Reibungslose Funktion \u2013 Qualit\u00e4tsgarantie \u2013 Schneller Versand","robots":{"index":"index","follow":"follow","max-snippet":"max-snippet:-1","max-image-preview":"max-image-preview:large","max-video-preview":"max-video-preview:-1"},"canonical":"https:\/\/www.dt-smart.com\/de\/produkt\/samsung-a72a725-2021-display-bright-super-amoled-screen-with-high-refresh-rate-for-seamless-performance\/","og_locale":"de_DE","og_type":"article","og_title":"Samsung Galaxy A72 (A725\/2021) Display Replacement - Bright Super AMOLED High Refresh Rate Screen - Original & Service Pack Quality - Seamless Performance - Quality Guaranteed - Fast Shipping - InsurePart","og_description":"Samsung Galaxy A72 (A725\/2021) Display Replacement - Bright Super AMOLED High Refresh Rate Screen - Original & Service Pack Quality - Seamless Performance - Quality Guaranteed - Fast Shipping","og_url":"https:\/\/www.dt-smart.com\/de\/produkt\/samsung-a72a725-2021-display-bright-super-amoled-screen-with-high-refresh-rate-for-seamless-performance\/","og_site_name":"InsurePart","article_publisher":"https:\/\/www.facebook.com\/anjinleeEva","article_modified_time":"2026-01-09T06:55:29+00:00","og_image":[{"width":800,"height":800,"url":"https:\/\/www.dt-smart.com\/wp-content\/uploads\/2024\/12\/A72\u4e3b.webp","type":"image\/webp"}],"twitter_card":"summary_large_image","twitter_misc":{"Gesch\u00e4tzte Lesezeit":"1\u00a0Minute"},"schema":{"@context":"https:\/\/schema.org","@graph":[{"@type":"WebPage","@id":"https:\/\/www.dt-smart.com\/product\/samsung-a72a725-2021-display-bright-super-amoled-screen-with-high-refresh-rate-for-seamless-performance\/","url":"https:\/\/www.dt-smart.com\/product\/samsung-a72a725-2021-display-bright-super-amoled-screen-with-high-refresh-rate-for-seamless-performance\/","name":"Samsung Galaxy A72 (A725\/2021) Display Replacement - Bright Super AMOLED High Refresh Rate Screen - Original & Service Pack Quality - Seamless Performance - Quality Guaranteed - Fast Shipping - InsurePart","isPartOf":{"@id":"https:\/\/www.dt-smart.com\/#website"},"primaryImageOfPage":{"@id":"https:\/\/www.dt-smart.com\/product\/samsung-a72a725-2021-display-bright-super-amoled-screen-with-high-refresh-rate-for-seamless-performance\/#primaryimage"},"image":{"@id":"https:\/\/www.dt-smart.com\/product\/samsung-a72a725-2021-display-bright-super-amoled-screen-with-high-refresh-rate-for-seamless-performance\/#primaryimage"},"thumbnailUrl":"https:\/\/www.dt-smart.com\/wp-content\/uploads\/2024\/12\/A72\u4e3b.webp","datePublished":"2024-12-27T07:21:54+00:00","dateModified":"2026-01-09T06:55:29+00:00","description":"Samsung Galaxy A72 (A725\/2021) Display-Austausch \u2013 Helles Super-AMOLED-Display mit hoher Bildwiederholfrequenz \u2013 Originalqualit\u00e4t &amp; Service-Pack \u2013 Reibungslose Funktion \u2013 Qualit\u00e4tsgarantie \u2013 Schneller Versand","breadcrumb":{"@id":"https:\/\/www.dt-smart.com\/product\/samsung-a72a725-2021-display-bright-super-amoled-screen-with-high-refresh-rate-for-seamless-performance\/#breadcrumb"},"inLanguage":"de","potentialAction":[{"@type":"ReadAction","target":["https:\/\/www.dt-smart.com\/product\/samsung-a72a725-2021-display-bright-super-amoled-screen-with-high-refresh-rate-for-seamless-performance\/"]}]},{"@type":"ImageObject","inLanguage":"de","@id":"https:\/\/www.dt-smart.com\/product\/samsung-a72a725-2021-display-bright-super-amoled-screen-with-high-refresh-rate-for-seamless-performance\/#primaryimage","url":"https:\/\/www.dt-smart.com\/wp-content\/uploads\/2024\/12\/A72\u4e3b.webp","contentUrl":"https:\/\/www.dt-smart.com\/wp-content\/uploads\/2024\/12\/A72\u4e3b.webp","width":800,"height":800},{"@type":"BreadcrumbList","@id":"https:\/\/www.dt-smart.com\/product\/samsung-a72a725-2021-display-bright-super-amoled-screen-with-high-refresh-rate-for-seamless-performance\/#breadcrumb","itemListElement":[{"@type":"ListItem","position":1,"name":"Home","item":"https:\/\/www.dt-smart.com\/"},{"@type":"ListItem","position":2,"name":"Product","item":"https:\/\/www.dt-smart.com\/ru\/product\/"},{"@type":"ListItem","position":3,"name":"Samsung Galaxy A72 (A725\/2021) Display Replacement &#8211; Bright Super AMOLED High Refresh Rate Screen &#8211; Original &#038; Service Pack Quality &#8211; Seamless Performance &#8211; Quality Guaranteed &#8211; Fast Shipping"}]},{"@type":"WebSite","@id":"https:\/\/www.dt-smart.com\/#website","url":"https:\/\/www.dt-smart.com\/","name":"InsurePart","description":"Handy-Ersatzteile; iPhone-Ersatzteile im Gro\u00dfhandel; Samsung-Ersatzteillieferant","potentialAction":[{"@type":"SearchAction","target":{"@type":"EntryPoint","urlTemplate":"https:\/\/www.dt-smart.com\/?s={search_term_string}"},"query-input":{"@type":"PropertyValueSpecification","valueRequired":true,"valueName":"search_term_string"}}],"inLanguage":"de"}]}},"_links":{"self":[{"href":"https:\/\/www.dt-smart.com\/de\/wp-json\/wp\/v2\/product\/17963","targetHints":{"allow":["GET"]}}],"collection":[{"href":"https:\/\/www.dt-smart.com\/de\/wp-json\/wp\/v2\/product"}],"about":[{"href":"https:\/\/www.dt-smart.com\/de\/wp-json\/wp\/v2\/types\/product"}],"replies":[{"embeddable":true,"href":"https:\/\/www.dt-smart.com\/de\/wp-json\/wp\/v2\/comments?post=17963"}],"version-history":[{"count":4,"href":"https:\/\/www.dt-smart.com\/de\/wp-json\/wp\/v2\/product\/17963\/revisions"}],"predecessor-version":[{"id":24506,"href":"https:\/\/www.dt-smart.com\/de\/wp-json\/wp\/v2\/product\/17963\/revisions\/24506"}],"wp:featuredmedia":[{"embeddable":true,"href":"https:\/\/www.dt-smart.com\/de\/wp-json\/wp\/v2\/media\/17959"}],"wp:attachment":[{"href":"https:\/\/www.dt-smart.com\/de\/wp-json\/wp\/v2\/media?parent=17963"}],"wp:term":[{"taxonomy":"product_brand","embeddable":true,"href":"https:\/\/www.dt-smart.com\/de\/wp-json\/wp\/v2\/product_brand?post=17963"},{"taxonomy":"product_cat","embeddable":true,"href":"https:\/\/www.dt-smart.com\/de\/wp-json\/wp\/v2\/product_cat?post=17963"},{"taxonomy":"product_tag","embeddable":true,"href":"https:\/\/www.dt-smart.com\/de\/wp-json\/wp\/v2\/product_tag?post=17963"}],"curies":[{"name":"wp","href":"https:\/\/api.w.org\/{rel}","templated":true}]}}