{"id":17975,"date":"2024-12-27T16:08:06","date_gmt":"2024-12-27T08:08:06","guid":{"rendered":"https:\/\/www.insurepart.com\/?post_type=product&#038;p=17975"},"modified":"2025-12-18T14:36:37","modified_gmt":"2025-12-18T06:36:37","slug":"samsung-a60a606-2019-display-6-3-inch-super-amoled-screen-with-brilliant-clarity-and-brightness","status":"publish","type":"product","link":"https:\/\/www.dt-smart.com\/de\/produkt\/samsung-a60a606-2019-display-6-3-inch-super-amoled-screen-with-brilliant-clarity-and-brightness\/","title":{"rendered":"Samsung A60 (A606\/2019) Display-Austausch \u2013 6,3\u2033 Super AMOLED-Bildschirm \u2013 Originalqualit\u00e4t &amp; Service-Pack-Qualit\u00e4t \u2013 Brillante Klarheit und Helligkeit \u2013 Schneller Versand"},"content":{"rendered":"","protected":false},"excerpt":{"rendered":"<p>Das Samsung A60 verf\u00fcgt \u00fcber ein 6,3 Zoll gro\u00dfes Full HD+ Super AMOLED-Display, das mit brillanter Klarheit und lebendigen Farben f\u00fcr ein au\u00dfergew\u00f6hnliches Seherlebnis sorgt. Ob beim Spielen, Videoschauen oder Surfen im Internet \u2013 der Bildschirm liefert gestochen scharfe Details mit hohem Kontrastverh\u00e4ltnis. Dank seiner hohen Helligkeit ist das Display auch im Freien gut ablesbar, und die schmalen R\u00e4nder sowie das hohe Bildschirm-zu-Geh\u00e4use-Verh\u00e4ltnis bieten eine gro\u00dfz\u00fcgige Anzeigefl\u00e4che. Corning Gorilla Glass 3 sch\u00fctzt das Display zus\u00e4tzlich und gew\u00e4hrleistet Langlebigkeit gegen Kratzer und St\u00f6\u00dfe.<\/p>","protected":false},"featured_media":17876,"comment_status":"open","ping_status":"closed","template":"","meta":[],"product_brand":[],"product_cat":[49,356,1020],"product_tag":[],"class_list":{"0":"post-17975","1":"product","2":"type-product","3":"status-publish","4":"has-post-thumbnail","6":"product_cat-a-series","7":"product_cat-a60-a606-2019","8":"product_cat-all-a-series-lcd","10":"first","11":"instock","12":"taxable","13":"shipping-taxable","14":"purchasable","15":"product-type-simple"},"yoast_head":"<!-- This site is optimized with the Yoast SEO plugin v27.4 - https:\/\/yoast.com\/product\/yoast-seo-wordpress\/ -->\n<title>Samsung A60 (A606\/2019) Display Replacement - 6.3&quot; Super AMOLED Screen - Original &amp; Service Pack Quality - Brilliant Clarity &amp; Brightness - Fast Shipping - InsurePart<\/title>\n<meta name=\"robots\" content=\"index, follow, max-snippet:-1, max-image-preview:large, max-video-preview:-1\" \/>\n<link rel=\"canonical\" href=\"https:\/\/www.dt-smart.com\/de\/produkt\/samsung-a60a606-2019-display-6-3-inch-super-amoled-screen-with-brilliant-clarity-and-brightness\/\" \/>\n<meta property=\"og:locale\" content=\"de_DE\" \/>\n<meta property=\"og:type\" content=\"article\" \/>\n<meta property=\"og:title\" content=\"Samsung A60 (A606\/2019) Display Replacement - 6.3&quot; Super AMOLED Screen - Original &amp; Service Pack Quality - Brilliant Clarity &amp; Brightness - Fast Shipping - InsurePart\" \/>\n<meta property=\"og:description\" content=\"The Samsung A60 features a 6.3-inch Full HD+ Super AMOLED display, providing brilliant clarity and vibrant colors for an exceptional visual experience. Whether you&#039;re gaming, watching videos, or browsing the web, the screen delivers sharp, crisp details with a high contrast ratio. The display offers great brightness for outdoor visibility, and its slim bezels and high screen-to-body ratio provide an expansive viewing area. Corning Gorilla Glass 3 offers additional protection, ensuring durability against scratches and impacts.\" \/>\n<meta property=\"og:url\" content=\"https:\/\/www.dt-smart.com\/de\/produkt\/samsung-a60a606-2019-display-6-3-inch-super-amoled-screen-with-brilliant-clarity-and-brightness\/\" \/>\n<meta property=\"og:site_name\" content=\"InsurePart\" \/>\n<meta property=\"article:publisher\" content=\"https:\/\/www.facebook.com\/anjinleeEva\" \/>\n<meta property=\"article:modified_time\" content=\"2025-12-18T06:36:37+00:00\" \/>\n<meta property=\"og:image\" content=\"https:\/\/www.dt-smart.com\/wp-content\/uploads\/2024\/12\/A42\u4e3b-1.webp\" \/>\n\t<meta property=\"og:image:width\" content=\"800\" \/>\n\t<meta property=\"og:image:height\" content=\"800\" \/>\n\t<meta property=\"og:image:type\" content=\"image\/webp\" \/>\n<meta name=\"twitter:card\" content=\"summary_large_image\" \/>\n<meta name=\"twitter:label1\" content=\"Gesch\u00e4tzte Lesezeit\" \/>\n\t<meta name=\"twitter:data1\" content=\"1\u00a0Minute\" \/>\n<script type=\"application\/ld+json\" class=\"yoast-schema-graph\">{\"@context\":\"https:\\\/\\\/schema.org\",\"@graph\":[{\"@type\":\"WebPage\",\"@id\":\"https:\\\/\\\/www.dt-smart.com\\\/product\\\/samsung-a60a606-2019-display-6-3-inch-super-amoled-screen-with-brilliant-clarity-and-brightness\\\/\",\"url\":\"https:\\\/\\\/www.dt-smart.com\\\/product\\\/samsung-a60a606-2019-display-6-3-inch-super-amoled-screen-with-brilliant-clarity-and-brightness\\\/\",\"name\":\"Samsung A60 (A606\\\/2019) Display Replacement - 6.3\\\" Super AMOLED Screen - Original & Service Pack Quality - Brilliant Clarity & Brightness - Fast Shipping - InsurePart\",\"isPartOf\":{\"@id\":\"https:\\\/\\\/www.dt-smart.com\\\/#website\"},\"primaryImageOfPage\":{\"@id\":\"https:\\\/\\\/www.dt-smart.com\\\/product\\\/samsung-a60a606-2019-display-6-3-inch-super-amoled-screen-with-brilliant-clarity-and-brightness\\\/#primaryimage\"},\"image\":{\"@id\":\"https:\\\/\\\/www.dt-smart.com\\\/product\\\/samsung-a60a606-2019-display-6-3-inch-super-amoled-screen-with-brilliant-clarity-and-brightness\\\/#primaryimage\"},\"thumbnailUrl\":\"https:\\\/\\\/www.dt-smart.com\\\/wp-content\\\/uploads\\\/2024\\\/12\\\/A42\u4e3b-1.webp\",\"datePublished\":\"2024-12-27T08:08:06+00:00\",\"dateModified\":\"2025-12-18T06:36:37+00:00\",\"breadcrumb\":{\"@id\":\"https:\\\/\\\/www.dt-smart.com\\\/product\\\/samsung-a60a606-2019-display-6-3-inch-super-amoled-screen-with-brilliant-clarity-and-brightness\\\/#breadcrumb\"},\"inLanguage\":\"de\",\"potentialAction\":[{\"@type\":\"ReadAction\",\"target\":[\"https:\\\/\\\/www.dt-smart.com\\\/product\\\/samsung-a60a606-2019-display-6-3-inch-super-amoled-screen-with-brilliant-clarity-and-brightness\\\/\"]}]},{\"@type\":\"ImageObject\",\"inLanguage\":\"de\",\"@id\":\"https:\\\/\\\/www.dt-smart.com\\\/product\\\/samsung-a60a606-2019-display-6-3-inch-super-amoled-screen-with-brilliant-clarity-and-brightness\\\/#primaryimage\",\"url\":\"https:\\\/\\\/www.dt-smart.com\\\/wp-content\\\/uploads\\\/2024\\\/12\\\/A42\u4e3b-1.webp\",\"contentUrl\":\"https:\\\/\\\/www.dt-smart.com\\\/wp-content\\\/uploads\\\/2024\\\/12\\\/A42\u4e3b-1.webp\",\"width\":800,\"height\":800},{\"@type\":\"BreadcrumbList\",\"@id\":\"https:\\\/\\\/www.dt-smart.com\\\/product\\\/samsung-a60a606-2019-display-6-3-inch-super-amoled-screen-with-brilliant-clarity-and-brightness\\\/#breadcrumb\",\"itemListElement\":[{\"@type\":\"ListItem\",\"position\":1,\"name\":\"Home\",\"item\":\"https:\\\/\\\/www.dt-smart.com\\\/\"},{\"@type\":\"ListItem\",\"position\":2,\"name\":\"Product\",\"item\":\"https:\\\/\\\/www.dt-smart.com\\\/ru\\\/product\\\/\"},{\"@type\":\"ListItem\",\"position\":3,\"name\":\"Samsung A60 (A606\\\/2019) Display Replacement &#8211; 6.3&#8243; Super AMOLED Screen &#8211; Original &#038; Service Pack Quality &#8211; Brilliant Clarity &#038; Brightness &#8211; Fast Shipping\"}]},{\"@type\":\"WebSite\",\"@id\":\"https:\\\/\\\/www.dt-smart.com\\\/#website\",\"url\":\"https:\\\/\\\/www.dt-smart.com\\\/\",\"name\":\"InsurePart\",\"description\":\"Cell Phone Repair Parts; iPhone Parts Wholesale;Samsung Parts Supplier\",\"potentialAction\":[{\"@type\":\"SearchAction\",\"target\":{\"@type\":\"EntryPoint\",\"urlTemplate\":\"https:\\\/\\\/www.dt-smart.com\\\/?s={search_term_string}\"},\"query-input\":{\"@type\":\"PropertyValueSpecification\",\"valueRequired\":true,\"valueName\":\"search_term_string\"}}],\"inLanguage\":\"de\"}]}<\/script>\n<!-- \/ Yoast SEO plugin. -->","yoast_head_json":{"title":"Samsung A60 (A606\/2019) Display Replacement - 6.3\" Super AMOLED Screen - Original & Service Pack Quality - Brilliant Clarity & Brightness - Fast Shipping - InsurePart","robots":{"index":"index","follow":"follow","max-snippet":"max-snippet:-1","max-image-preview":"max-image-preview:large","max-video-preview":"max-video-preview:-1"},"canonical":"https:\/\/www.dt-smart.com\/de\/produkt\/samsung-a60a606-2019-display-6-3-inch-super-amoled-screen-with-brilliant-clarity-and-brightness\/","og_locale":"de_DE","og_type":"article","og_title":"Samsung A60 (A606\/2019) Display Replacement - 6.3\" Super AMOLED Screen - Original & Service Pack Quality - Brilliant Clarity & Brightness - Fast Shipping - InsurePart","og_description":"The Samsung A60 features a 6.3-inch Full HD+ Super AMOLED display, providing brilliant clarity and vibrant colors for an exceptional visual experience. Whether you're gaming, watching videos, or browsing the web, the screen delivers sharp, crisp details with a high contrast ratio. The display offers great brightness for outdoor visibility, and its slim bezels and high screen-to-body ratio provide an expansive viewing area. Corning Gorilla Glass 3 offers additional protection, ensuring durability against scratches and impacts.","og_url":"https:\/\/www.dt-smart.com\/de\/produkt\/samsung-a60a606-2019-display-6-3-inch-super-amoled-screen-with-brilliant-clarity-and-brightness\/","og_site_name":"InsurePart","article_publisher":"https:\/\/www.facebook.com\/anjinleeEva","article_modified_time":"2025-12-18T06:36:37+00:00","og_image":[{"width":800,"height":800,"url":"https:\/\/www.dt-smart.com\/wp-content\/uploads\/2024\/12\/A42\u4e3b-1.webp","type":"image\/webp"}],"twitter_card":"summary_large_image","twitter_misc":{"Gesch\u00e4tzte Lesezeit":"1\u00a0Minute"},"schema":{"@context":"https:\/\/schema.org","@graph":[{"@type":"WebPage","@id":"https:\/\/www.dt-smart.com\/product\/samsung-a60a606-2019-display-6-3-inch-super-amoled-screen-with-brilliant-clarity-and-brightness\/","url":"https:\/\/www.dt-smart.com\/product\/samsung-a60a606-2019-display-6-3-inch-super-amoled-screen-with-brilliant-clarity-and-brightness\/","name":"Samsung A60 (A606\/2019) Display Replacement - 6.3\" Super AMOLED Screen - Original & Service Pack Quality - Brilliant Clarity & Brightness - Fast Shipping - InsurePart","isPartOf":{"@id":"https:\/\/www.dt-smart.com\/#website"},"primaryImageOfPage":{"@id":"https:\/\/www.dt-smart.com\/product\/samsung-a60a606-2019-display-6-3-inch-super-amoled-screen-with-brilliant-clarity-and-brightness\/#primaryimage"},"image":{"@id":"https:\/\/www.dt-smart.com\/product\/samsung-a60a606-2019-display-6-3-inch-super-amoled-screen-with-brilliant-clarity-and-brightness\/#primaryimage"},"thumbnailUrl":"https:\/\/www.dt-smart.com\/wp-content\/uploads\/2024\/12\/A42\u4e3b-1.webp","datePublished":"2024-12-27T08:08:06+00:00","dateModified":"2025-12-18T06:36:37+00:00","breadcrumb":{"@id":"https:\/\/www.dt-smart.com\/product\/samsung-a60a606-2019-display-6-3-inch-super-amoled-screen-with-brilliant-clarity-and-brightness\/#breadcrumb"},"inLanguage":"de","potentialAction":[{"@type":"ReadAction","target":["https:\/\/www.dt-smart.com\/product\/samsung-a60a606-2019-display-6-3-inch-super-amoled-screen-with-brilliant-clarity-and-brightness\/"]}]},{"@type":"ImageObject","inLanguage":"de","@id":"https:\/\/www.dt-smart.com\/product\/samsung-a60a606-2019-display-6-3-inch-super-amoled-screen-with-brilliant-clarity-and-brightness\/#primaryimage","url":"https:\/\/www.dt-smart.com\/wp-content\/uploads\/2024\/12\/A42\u4e3b-1.webp","contentUrl":"https:\/\/www.dt-smart.com\/wp-content\/uploads\/2024\/12\/A42\u4e3b-1.webp","width":800,"height":800},{"@type":"BreadcrumbList","@id":"https:\/\/www.dt-smart.com\/product\/samsung-a60a606-2019-display-6-3-inch-super-amoled-screen-with-brilliant-clarity-and-brightness\/#breadcrumb","itemListElement":[{"@type":"ListItem","position":1,"name":"Home","item":"https:\/\/www.dt-smart.com\/"},{"@type":"ListItem","position":2,"name":"Product","item":"https:\/\/www.dt-smart.com\/ru\/product\/"},{"@type":"ListItem","position":3,"name":"Samsung A60 (A606\/2019) Display Replacement &#8211; 6.3&#8243; Super AMOLED Screen &#8211; Original &#038; Service Pack Quality &#8211; Brilliant Clarity &#038; Brightness &#8211; Fast Shipping"}]},{"@type":"WebSite","@id":"https:\/\/www.dt-smart.com\/#website","url":"https:\/\/www.dt-smart.com\/","name":"InsurePart","description":"Handy-Ersatzteile; iPhone-Ersatzteile im Gro\u00dfhandel; Samsung-Ersatzteillieferant","potentialAction":[{"@type":"SearchAction","target":{"@type":"EntryPoint","urlTemplate":"https:\/\/www.dt-smart.com\/?s={search_term_string}"},"query-input":{"@type":"PropertyValueSpecification","valueRequired":true,"valueName":"search_term_string"}}],"inLanguage":"de"}]}},"_links":{"self":[{"href":"https:\/\/www.dt-smart.com\/de\/wp-json\/wp\/v2\/product\/17975","targetHints":{"allow":["GET"]}}],"collection":[{"href":"https:\/\/www.dt-smart.com\/de\/wp-json\/wp\/v2\/product"}],"about":[{"href":"https:\/\/www.dt-smart.com\/de\/wp-json\/wp\/v2\/types\/product"}],"replies":[{"embeddable":true,"href":"https:\/\/www.dt-smart.com\/de\/wp-json\/wp\/v2\/comments?post=17975"}],"version-history":[{"count":3,"href":"https:\/\/www.dt-smart.com\/de\/wp-json\/wp\/v2\/product\/17975\/revisions"}],"predecessor-version":[{"id":23121,"href":"https:\/\/www.dt-smart.com\/de\/wp-json\/wp\/v2\/product\/17975\/revisions\/23121"}],"wp:featuredmedia":[{"embeddable":true,"href":"https:\/\/www.dt-smart.com\/de\/wp-json\/wp\/v2\/media\/17876"}],"wp:attachment":[{"href":"https:\/\/www.dt-smart.com\/de\/wp-json\/wp\/v2\/media?parent=17975"}],"wp:term":[{"taxonomy":"product_brand","embeddable":true,"href":"https:\/\/www.dt-smart.com\/de\/wp-json\/wp\/v2\/product_brand?post=17975"},{"taxonomy":"product_cat","embeddable":true,"href":"https:\/\/www.dt-smart.com\/de\/wp-json\/wp\/v2\/product_cat?post=17975"},{"taxonomy":"product_tag","embeddable":true,"href":"https:\/\/www.dt-smart.com\/de\/wp-json\/wp\/v2\/product_tag?post=17975"}],"curies":[{"name":"wp","href":"https:\/\/api.w.org\/{rel}","templated":true}]}}