{"id":18007,"date":"2024-12-30T10:12:57","date_gmt":"2024-12-30T02:12:57","guid":{"rendered":"https:\/\/www.insurepart.com\/?post_type=product&#038;p=18007"},"modified":"2026-01-19T16:55:06","modified_gmt":"2026-01-19T08:55:06","slug":"samsung-a52a525-2021-display-6-5-inch-super-amoled-screen-with-smooth-90hz-refresh-rate-for-perfect-visuals","status":"publish","type":"product","link":"https:\/\/www.dt-smart.com\/de\/produkt\/samsung-a52a525-2021-display-6-5-inch-super-amoled-screen-with-smooth-90hz-refresh-rate-for-perfect-visuals\/","title":{"rendered":"Samsung A52 (A525\/2021) Display-Austausch \u2013 6,5\u2033 Super AMOLED 90Hz-Display \u2013 Originalqualit\u00e4t &amp; Service Pack \u2013 Perfekte Bildqualit\u00e4t \u2013 Schneller Versand"},"content":{"rendered":"<p style=\"text-align: center;\"><img fetchpriority=\"high\" decoding=\"async\" class=\"alignnone size-full wp-image-6141\" src=\"https:\/\/www.insurepart.com\/wp-content\/uploads\/2023\/11\/\u4e3a\u4ec0\u4e48\u9009\u62e9\u6211\u4eec1-1.jpg\" alt=\"\" width=\"1000\" height=\"786\" srcset=\"https:\/\/www.dt-smart.com\/wp-content\/uploads\/2023\/11\/\u4e3a\u4ec0\u4e48\u9009\u62e9\u6211\u4eec1-1.jpg 1000w, https:\/\/www.dt-smart.com\/wp-content\/uploads\/2023\/11\/\u4e3a\u4ec0\u4e48\u9009\u62e9\u6211\u4eec1-1-300x236.jpg 300w, https:\/\/www.dt-smart.com\/wp-content\/uploads\/2023\/11\/\u4e3a\u4ec0\u4e48\u9009\u62e9\u6211\u4eec1-1-150x118.jpg 150w, https:\/\/www.dt-smart.com\/wp-content\/uploads\/2023\/11\/\u4e3a\u4ec0\u4e48\u9009\u62e9\u6211\u4eec1-1-800x629.jpg 800w, https:\/\/www.dt-smart.com\/wp-content\/uploads\/2023\/11\/\u4e3a\u4ec0\u4e48\u9009\u62e9\u6211\u4eec1-1-768x604.jpg 768w, https:\/\/www.dt-smart.com\/wp-content\/uploads\/2023\/11\/\u4e3a\u4ec0\u4e48\u9009\u62e9\u6211\u4eec1-1-15x12.jpg 15w\" sizes=\"(max-width: 1000px) 100vw, 1000px\" \/><\/p>","protected":false},"excerpt":{"rendered":"<p><span style=\"font-size: 10pt;\">Das Samsung A52 verf\u00fcgt \u00fcber ein 6,5 Zoll gro\u00dfes Full HD+ Super AMOLED-Display mit 90 Hz Bildwiederholfrequenz, das fl\u00fcssige Bilder f\u00fcr Spiele und Medienstreaming bietet. Der Bildschirm liefert lebendige Farben, tiefe Schwarzt\u00f6ne und einen au\u00dfergew\u00f6hnlichen Kontrast, wodurch Inhalte mit lebensechten Details dargestellt werden. Dank HDR10+-Unterst\u00fctzung wird der Dynamikumfang von Videos erweitert. Der gro\u00dfe Bildschirm und die schmalen R\u00e4nder sorgen f\u00fcr ein immersives Seherlebnis, w\u00e4hrend Corning Gorilla Glass 5 das Display vor Kratzern und St\u00fcrzen sch\u00fctzt.<\/span><\/p>","protected":false},"featured_media":17859,"comment_status":"open","ping_status":"closed","template":"","meta":[],"product_brand":[],"product_cat":[49,349,1020],"product_tag":[],"class_list":{"0":"post-18007","1":"product","2":"type-product","3":"status-publish","4":"has-post-thumbnail","6":"product_cat-a-series","7":"product_cat-a52-4g-a525-2021","8":"product_cat-all-a-series-lcd","10":"first","11":"instock","12":"taxable","13":"shipping-taxable","14":"purchasable","15":"product-type-variable"},"yoast_head":"<!-- This site is optimized with the Yoast SEO plugin v27.4 - https:\/\/yoast.com\/product\/yoast-seo-wordpress\/ -->\n<title>Samsung A52 (A525\/2021) Display Replacement - 6.5&quot; Super AMOLED 90Hz Smooth Screen - Original &amp; Service Pack Quality - Perfect Visuals - Fast Shipping - InsurePart<\/title>\n<meta name=\"description\" content=\"Samsung A52 (A525\/2021) Display Replacement - 6.5&quot; Super AMOLED 90Hz Smooth Screen - Original &amp; Service Pack Quality - Perfect Visuals - Fast Shipping\" \/>\n<meta name=\"robots\" content=\"index, follow, max-snippet:-1, max-image-preview:large, max-video-preview:-1\" \/>\n<link rel=\"canonical\" href=\"https:\/\/www.dt-smart.com\/de\/produkt\/samsung-a52a525-2021-display-6-5-inch-super-amoled-screen-with-smooth-90hz-refresh-rate-for-perfect-visuals\/\" \/>\n<meta property=\"og:locale\" content=\"de_DE\" \/>\n<meta property=\"og:type\" content=\"article\" \/>\n<meta property=\"og:title\" content=\"Samsung A52 (A525\/2021) Display Replacement - 6.5&quot; Super AMOLED 90Hz Smooth Screen - Original &amp; Service Pack Quality - Perfect Visuals - Fast Shipping - InsurePart\" \/>\n<meta property=\"og:description\" content=\"Samsung A52 (A525\/2021) Display Replacement - 6.5&quot; Super AMOLED 90Hz Smooth Screen - Original &amp; Service Pack Quality - Perfect Visuals - Fast Shipping\" \/>\n<meta property=\"og:url\" content=\"https:\/\/www.dt-smart.com\/de\/produkt\/samsung-a52a525-2021-display-6-5-inch-super-amoled-screen-with-smooth-90hz-refresh-rate-for-perfect-visuals\/\" \/>\n<meta property=\"og:site_name\" content=\"InsurePart\" \/>\n<meta property=\"article:publisher\" content=\"https:\/\/www.facebook.com\/anjinleeEva\" \/>\n<meta property=\"article:modified_time\" content=\"2026-01-19T08:55:06+00:00\" \/>\n<meta property=\"og:image\" content=\"https:\/\/www.dt-smart.com\/wp-content\/uploads\/2024\/12\/A52\u4e3b-1.webp\" \/>\n\t<meta property=\"og:image:width\" content=\"800\" \/>\n\t<meta property=\"og:image:height\" content=\"800\" \/>\n\t<meta property=\"og:image:type\" content=\"image\/webp\" \/>\n<meta name=\"twitter:card\" content=\"summary_large_image\" \/>\n<meta name=\"twitter:label1\" content=\"Gesch\u00e4tzte Lesezeit\" \/>\n\t<meta name=\"twitter:data1\" content=\"1\u00a0Minute\" \/>\n<script type=\"application\/ld+json\" class=\"yoast-schema-graph\">{\"@context\":\"https:\\\/\\\/schema.org\",\"@graph\":[{\"@type\":\"WebPage\",\"@id\":\"https:\\\/\\\/www.dt-smart.com\\\/product\\\/samsung-a52a525-2021-display-6-5-inch-super-amoled-screen-with-smooth-90hz-refresh-rate-for-perfect-visuals\\\/\",\"url\":\"https:\\\/\\\/www.dt-smart.com\\\/product\\\/samsung-a52a525-2021-display-6-5-inch-super-amoled-screen-with-smooth-90hz-refresh-rate-for-perfect-visuals\\\/\",\"name\":\"Samsung A52 (A525\\\/2021) Display Replacement - 6.5\\\" Super AMOLED 90Hz Smooth Screen - Original & Service Pack Quality - Perfect Visuals - Fast Shipping - InsurePart\",\"isPartOf\":{\"@id\":\"https:\\\/\\\/www.dt-smart.com\\\/#website\"},\"primaryImageOfPage\":{\"@id\":\"https:\\\/\\\/www.dt-smart.com\\\/product\\\/samsung-a52a525-2021-display-6-5-inch-super-amoled-screen-with-smooth-90hz-refresh-rate-for-perfect-visuals\\\/#primaryimage\"},\"image\":{\"@id\":\"https:\\\/\\\/www.dt-smart.com\\\/product\\\/samsung-a52a525-2021-display-6-5-inch-super-amoled-screen-with-smooth-90hz-refresh-rate-for-perfect-visuals\\\/#primaryimage\"},\"thumbnailUrl\":\"https:\\\/\\\/www.dt-smart.com\\\/wp-content\\\/uploads\\\/2024\\\/12\\\/A52\u4e3b-1.webp\",\"datePublished\":\"2024-12-30T02:12:57+00:00\",\"dateModified\":\"2026-01-19T08:55:06+00:00\",\"description\":\"Samsung A52 (A525\\\/2021) Display Replacement - 6.5\\\" Super AMOLED 90Hz Smooth Screen - Original & Service Pack Quality - Perfect Visuals - Fast Shipping\",\"breadcrumb\":{\"@id\":\"https:\\\/\\\/www.dt-smart.com\\\/product\\\/samsung-a52a525-2021-display-6-5-inch-super-amoled-screen-with-smooth-90hz-refresh-rate-for-perfect-visuals\\\/#breadcrumb\"},\"inLanguage\":\"de\",\"potentialAction\":[{\"@type\":\"ReadAction\",\"target\":[\"https:\\\/\\\/www.dt-smart.com\\\/product\\\/samsung-a52a525-2021-display-6-5-inch-super-amoled-screen-with-smooth-90hz-refresh-rate-for-perfect-visuals\\\/\"]}]},{\"@type\":\"ImageObject\",\"inLanguage\":\"de\",\"@id\":\"https:\\\/\\\/www.dt-smart.com\\\/product\\\/samsung-a52a525-2021-display-6-5-inch-super-amoled-screen-with-smooth-90hz-refresh-rate-for-perfect-visuals\\\/#primaryimage\",\"url\":\"https:\\\/\\\/www.dt-smart.com\\\/wp-content\\\/uploads\\\/2024\\\/12\\\/A52\u4e3b-1.webp\",\"contentUrl\":\"https:\\\/\\\/www.dt-smart.com\\\/wp-content\\\/uploads\\\/2024\\\/12\\\/A52\u4e3b-1.webp\",\"width\":800,\"height\":800},{\"@type\":\"BreadcrumbList\",\"@id\":\"https:\\\/\\\/www.dt-smart.com\\\/product\\\/samsung-a52a525-2021-display-6-5-inch-super-amoled-screen-with-smooth-90hz-refresh-rate-for-perfect-visuals\\\/#breadcrumb\",\"itemListElement\":[{\"@type\":\"ListItem\",\"position\":1,\"name\":\"Home\",\"item\":\"https:\\\/\\\/www.dt-smart.com\\\/\"},{\"@type\":\"ListItem\",\"position\":2,\"name\":\"Product\",\"item\":\"https:\\\/\\\/www.dt-smart.com\\\/ru\\\/product\\\/\"},{\"@type\":\"ListItem\",\"position\":3,\"name\":\"Samsung A52 (A525\\\/2021) Display Replacement &#8211; 6.5&#8243; Super AMOLED 90Hz Smooth Screen &#8211; Original &#038; Service Pack Quality &#8211; Perfect Visuals &#8211; Fast Shipping\"}]},{\"@type\":\"WebSite\",\"@id\":\"https:\\\/\\\/www.dt-smart.com\\\/#website\",\"url\":\"https:\\\/\\\/www.dt-smart.com\\\/\",\"name\":\"InsurePart\",\"description\":\"Cell Phone Repair Parts; iPhone Parts Wholesale;Samsung Parts Supplier\",\"potentialAction\":[{\"@type\":\"SearchAction\",\"target\":{\"@type\":\"EntryPoint\",\"urlTemplate\":\"https:\\\/\\\/www.dt-smart.com\\\/?s={search_term_string}\"},\"query-input\":{\"@type\":\"PropertyValueSpecification\",\"valueRequired\":true,\"valueName\":\"search_term_string\"}}],\"inLanguage\":\"de\"}]}<\/script>\n<!-- \/ Yoast SEO plugin. -->","yoast_head_json":{"title":"Samsung A52 (A525\/2021) Display Replacement - 6.5\" Super AMOLED 90Hz Smooth Screen - Original & Service Pack Quality - Perfect Visuals - Fast Shipping - InsurePart","description":"Samsung A52 (A525\/2021) Display Replacement - 6.5\" Super AMOLED 90Hz Smooth Screen - Original & Service Pack Quality - Perfect Visuals - Fast Shipping","robots":{"index":"index","follow":"follow","max-snippet":"max-snippet:-1","max-image-preview":"max-image-preview:large","max-video-preview":"max-video-preview:-1"},"canonical":"https:\/\/www.dt-smart.com\/de\/produkt\/samsung-a52a525-2021-display-6-5-inch-super-amoled-screen-with-smooth-90hz-refresh-rate-for-perfect-visuals\/","og_locale":"de_DE","og_type":"article","og_title":"Samsung A52 (A525\/2021) Display Replacement - 6.5\" Super AMOLED 90Hz Smooth Screen - Original & Service Pack Quality - Perfect Visuals - Fast Shipping - InsurePart","og_description":"Samsung A52 (A525\/2021) Display Replacement - 6.5\" Super AMOLED 90Hz Smooth Screen - Original & Service Pack Quality - Perfect Visuals - Fast Shipping","og_url":"https:\/\/www.dt-smart.com\/de\/produkt\/samsung-a52a525-2021-display-6-5-inch-super-amoled-screen-with-smooth-90hz-refresh-rate-for-perfect-visuals\/","og_site_name":"InsurePart","article_publisher":"https:\/\/www.facebook.com\/anjinleeEva","article_modified_time":"2026-01-19T08:55:06+00:00","og_image":[{"width":800,"height":800,"url":"https:\/\/www.dt-smart.com\/wp-content\/uploads\/2024\/12\/A52\u4e3b-1.webp","type":"image\/webp"}],"twitter_card":"summary_large_image","twitter_misc":{"Gesch\u00e4tzte Lesezeit":"1\u00a0Minute"},"schema":{"@context":"https:\/\/schema.org","@graph":[{"@type":"WebPage","@id":"https:\/\/www.dt-smart.com\/product\/samsung-a52a525-2021-display-6-5-inch-super-amoled-screen-with-smooth-90hz-refresh-rate-for-perfect-visuals\/","url":"https:\/\/www.dt-smart.com\/product\/samsung-a52a525-2021-display-6-5-inch-super-amoled-screen-with-smooth-90hz-refresh-rate-for-perfect-visuals\/","name":"Samsung A52 (A525\/2021) Display Replacement - 6.5\" Super AMOLED 90Hz Smooth Screen - Original & Service Pack Quality - Perfect Visuals - Fast Shipping - InsurePart","isPartOf":{"@id":"https:\/\/www.dt-smart.com\/#website"},"primaryImageOfPage":{"@id":"https:\/\/www.dt-smart.com\/product\/samsung-a52a525-2021-display-6-5-inch-super-amoled-screen-with-smooth-90hz-refresh-rate-for-perfect-visuals\/#primaryimage"},"image":{"@id":"https:\/\/www.dt-smart.com\/product\/samsung-a52a525-2021-display-6-5-inch-super-amoled-screen-with-smooth-90hz-refresh-rate-for-perfect-visuals\/#primaryimage"},"thumbnailUrl":"https:\/\/www.dt-smart.com\/wp-content\/uploads\/2024\/12\/A52\u4e3b-1.webp","datePublished":"2024-12-30T02:12:57+00:00","dateModified":"2026-01-19T08:55:06+00:00","description":"Samsung A52 (A525\/2021) Display Replacement - 6.5\" Super AMOLED 90Hz Smooth Screen - Original & Service Pack Quality - Perfect Visuals - Fast Shipping","breadcrumb":{"@id":"https:\/\/www.dt-smart.com\/product\/samsung-a52a525-2021-display-6-5-inch-super-amoled-screen-with-smooth-90hz-refresh-rate-for-perfect-visuals\/#breadcrumb"},"inLanguage":"de","potentialAction":[{"@type":"ReadAction","target":["https:\/\/www.dt-smart.com\/product\/samsung-a52a525-2021-display-6-5-inch-super-amoled-screen-with-smooth-90hz-refresh-rate-for-perfect-visuals\/"]}]},{"@type":"ImageObject","inLanguage":"de","@id":"https:\/\/www.dt-smart.com\/product\/samsung-a52a525-2021-display-6-5-inch-super-amoled-screen-with-smooth-90hz-refresh-rate-for-perfect-visuals\/#primaryimage","url":"https:\/\/www.dt-smart.com\/wp-content\/uploads\/2024\/12\/A52\u4e3b-1.webp","contentUrl":"https:\/\/www.dt-smart.com\/wp-content\/uploads\/2024\/12\/A52\u4e3b-1.webp","width":800,"height":800},{"@type":"BreadcrumbList","@id":"https:\/\/www.dt-smart.com\/product\/samsung-a52a525-2021-display-6-5-inch-super-amoled-screen-with-smooth-90hz-refresh-rate-for-perfect-visuals\/#breadcrumb","itemListElement":[{"@type":"ListItem","position":1,"name":"Home","item":"https:\/\/www.dt-smart.com\/"},{"@type":"ListItem","position":2,"name":"Product","item":"https:\/\/www.dt-smart.com\/ru\/product\/"},{"@type":"ListItem","position":3,"name":"Samsung A52 (A525\/2021) Display Replacement &#8211; 6.5&#8243; Super AMOLED 90Hz Smooth Screen &#8211; Original &#038; Service Pack Quality &#8211; Perfect Visuals &#8211; Fast Shipping"}]},{"@type":"WebSite","@id":"https:\/\/www.dt-smart.com\/#website","url":"https:\/\/www.dt-smart.com\/","name":"InsurePart","description":"Handy-Ersatzteile; iPhone-Ersatzteile im Gro\u00dfhandel; Samsung-Ersatzteillieferant","potentialAction":[{"@type":"SearchAction","target":{"@type":"EntryPoint","urlTemplate":"https:\/\/www.dt-smart.com\/?s={search_term_string}"},"query-input":{"@type":"PropertyValueSpecification","valueRequired":true,"valueName":"search_term_string"}}],"inLanguage":"de"}]}},"_links":{"self":[{"href":"https:\/\/www.dt-smart.com\/de\/wp-json\/wp\/v2\/product\/18007","targetHints":{"allow":["GET"]}}],"collection":[{"href":"https:\/\/www.dt-smart.com\/de\/wp-json\/wp\/v2\/product"}],"about":[{"href":"https:\/\/www.dt-smart.com\/de\/wp-json\/wp\/v2\/types\/product"}],"replies":[{"embeddable":true,"href":"https:\/\/www.dt-smart.com\/de\/wp-json\/wp\/v2\/comments?post=18007"}],"version-history":[{"count":5,"href":"https:\/\/www.dt-smart.com\/de\/wp-json\/wp\/v2\/product\/18007\/revisions"}],"predecessor-version":[{"id":24933,"href":"https:\/\/www.dt-smart.com\/de\/wp-json\/wp\/v2\/product\/18007\/revisions\/24933"}],"wp:featuredmedia":[{"embeddable":true,"href":"https:\/\/www.dt-smart.com\/de\/wp-json\/wp\/v2\/media\/17859"}],"wp:attachment":[{"href":"https:\/\/www.dt-smart.com\/de\/wp-json\/wp\/v2\/media?parent=18007"}],"wp:term":[{"taxonomy":"product_brand","embeddable":true,"href":"https:\/\/www.dt-smart.com\/de\/wp-json\/wp\/v2\/product_brand?post=18007"},{"taxonomy":"product_cat","embeddable":true,"href":"https:\/\/www.dt-smart.com\/de\/wp-json\/wp\/v2\/product_cat?post=18007"},{"taxonomy":"product_tag","embeddable":true,"href":"https:\/\/www.dt-smart.com\/de\/wp-json\/wp\/v2\/product_tag?post=18007"}],"curies":[{"name":"wp","href":"https:\/\/api.w.org\/{rel}","templated":true}]}}