{"id":18057,"date":"2024-12-30T12:05:51","date_gmt":"2024-12-30T04:05:51","guid":{"rendered":"https:\/\/www.insurepart.com\/?post_type=product&#038;p=18057"},"modified":"2026-01-09T14:47:30","modified_gmt":"2026-01-09T06:47:30","slug":"stunning-amoled-display-replacement-for-samsung-a42-5g-2020-exceptional-visuals-and-touch-precision","status":"publish","type":"product","link":"https:\/\/www.dt-smart.com\/de\/produkt\/stunning-amoled-display-replacement-for-samsung-a42-5g-2020-exceptional-visuals-and-touch-precision\/","title":{"rendered":"Samsung Galaxy A42 5G (2020) AMOLED-Display-Austausch \u2013 Hervorragende Bildqualit\u00e4t und pr\u00e4zise Touch-Bedienung \u2013 Originalqualit\u00e4t und Service-Pack-Qualit\u00e4t \u2013 Qualit\u00e4tsgarantie \u2013 Schneller Versand"},"content":{"rendered":"<p><img fetchpriority=\"high\" decoding=\"async\" class=\"size-full wp-image-6141 aligncenter\" src=\"https:\/\/www.insurepart.com\/wp-content\/uploads\/2023\/11\/\u4e3a\u4ec0\u4e48\u9009\u62e9\u6211\u4eec1-1.jpg\" alt=\"\" width=\"1000\" height=\"786\" srcset=\"https:\/\/www.dt-smart.com\/wp-content\/uploads\/2023\/11\/\u4e3a\u4ec0\u4e48\u9009\u62e9\u6211\u4eec1-1.jpg 1000w, https:\/\/www.dt-smart.com\/wp-content\/uploads\/2023\/11\/\u4e3a\u4ec0\u4e48\u9009\u62e9\u6211\u4eec1-1-300x236.jpg 300w, https:\/\/www.dt-smart.com\/wp-content\/uploads\/2023\/11\/\u4e3a\u4ec0\u4e48\u9009\u62e9\u6211\u4eec1-1-150x118.jpg 150w, https:\/\/www.dt-smart.com\/wp-content\/uploads\/2023\/11\/\u4e3a\u4ec0\u4e48\u9009\u62e9\u6211\u4eec1-1-800x629.jpg 800w, https:\/\/www.dt-smart.com\/wp-content\/uploads\/2023\/11\/\u4e3a\u4ec0\u4e48\u9009\u62e9\u6211\u4eec1-1-768x604.jpg 768w, https:\/\/www.dt-smart.com\/wp-content\/uploads\/2023\/11\/\u4e3a\u4ec0\u4e48\u9009\u62e9\u6211\u4eec1-1-15x12.jpg 15w\" sizes=\"(max-width: 1000px) 100vw, 1000px\" \/><\/p>","protected":false},"excerpt":{"rendered":"<p><span style=\"font-size: 10pt;\">Der Displaytausch f\u00fcr das Samsung A42 5G (A426\/2020) bietet ein hochwertiges AMOLED-Display, das Ihr Ger\u00e4t mit lebendigen Farben, au\u00dfergew\u00f6hnlichem Kontrast und gestochen scharfer Bildqualit\u00e4t aufwertet. Dieses leistungsstarke Display verbessert Video-, Spiele- und Surferlebnisse durch scharfe Details und pr\u00e4zise Farbwiedergabe. Der reaktionsschnelle Touchscreen erm\u00f6glicht fl\u00fcssige und pr\u00e4zise Gesten \u2013 egal ob beim Spielen oder Arbeiten. Das langlebige, kratzfeste Display ist robust genug f\u00fcr den t\u00e4glichen Gebrauch. Dank der einfachen Installation ist die Reparatur problemlos und Ihr Ger\u00e4t wieder in Topform.<\/span><\/p>","protected":false},"featured_media":17868,"comment_status":"open","ping_status":"closed","template":"","meta":[],"product_brand":[],"product_cat":[49,341,1020],"product_tag":[],"class_list":{"0":"post-18057","1":"product","2":"type-product","3":"status-publish","4":"has-post-thumbnail","6":"product_cat-a-series","7":"product_cat-a42-5g-a426-2020","8":"product_cat-all-a-series-lcd","10":"first","11":"instock","12":"taxable","13":"shipping-taxable","14":"purchasable","15":"product-type-variable"},"yoast_head":"<!-- This site is optimized with the Yoast SEO plugin v27.4 - https:\/\/yoast.com\/product\/yoast-seo-wordpress\/ -->\n<title>Samsung Galaxy A42 5G (2020) AMOLED Display Replacement - Exceptional Visuals &amp; Touch Precision - Original &amp; Service Pack Quality - Quality Guaranteed - Fast Shipping - InsurePart<\/title>\n<meta name=\"description\" content=\"Samsung Galaxy A42 5G (2020) AMOLED Display Replacement - Exceptional Visuals &amp; Touch Precision - Original &amp; Service Pack Quality - Quality Guaranteed - Fast Shipping\" \/>\n<meta name=\"robots\" content=\"index, follow, max-snippet:-1, max-image-preview:large, max-video-preview:-1\" \/>\n<link rel=\"canonical\" href=\"https:\/\/www.dt-smart.com\/de\/produkt\/stunning-amoled-display-replacement-for-samsung-a42-5g-2020-exceptional-visuals-and-touch-precision\/\" \/>\n<meta property=\"og:locale\" content=\"de_DE\" \/>\n<meta property=\"og:type\" content=\"article\" \/>\n<meta property=\"og:title\" content=\"Samsung Galaxy A42 5G (2020) AMOLED Display Replacement - Exceptional Visuals &amp; Touch Precision - Original &amp; Service Pack Quality - Quality Guaranteed - Fast Shipping - InsurePart\" \/>\n<meta property=\"og:description\" content=\"Samsung Galaxy A42 5G (2020) AMOLED Display Replacement - Exceptional Visuals &amp; Touch Precision - Original &amp; Service Pack Quality - Quality Guaranteed - Fast Shipping\" \/>\n<meta property=\"og:url\" content=\"https:\/\/www.dt-smart.com\/de\/produkt\/stunning-amoled-display-replacement-for-samsung-a42-5g-2020-exceptional-visuals-and-touch-precision\/\" \/>\n<meta property=\"og:site_name\" content=\"InsurePart\" \/>\n<meta property=\"article:publisher\" content=\"https:\/\/www.facebook.com\/anjinleeEva\" \/>\n<meta property=\"article:modified_time\" content=\"2026-01-09T06:47:30+00:00\" \/>\n<meta property=\"og:image\" content=\"https:\/\/www.dt-smart.com\/wp-content\/uploads\/2024\/12\/A42\u4e3b.webp\" \/>\n\t<meta property=\"og:image:width\" content=\"800\" \/>\n\t<meta property=\"og:image:height\" content=\"800\" \/>\n\t<meta property=\"og:image:type\" content=\"image\/webp\" \/>\n<meta name=\"twitter:card\" content=\"summary_large_image\" \/>\n<meta name=\"twitter:label1\" content=\"Gesch\u00e4tzte Lesezeit\" \/>\n\t<meta name=\"twitter:data1\" content=\"1\u00a0Minute\" \/>\n<script type=\"application\/ld+json\" class=\"yoast-schema-graph\">{\"@context\":\"https:\\\/\\\/schema.org\",\"@graph\":[{\"@type\":\"WebPage\",\"@id\":\"https:\\\/\\\/www.dt-smart.com\\\/de\\\/produkt\\\/stunning-amoled-display-replacement-for-samsung-a42-5g-2020-exceptional-visuals-and-touch-precision\\\/\",\"url\":\"https:\\\/\\\/www.dt-smart.com\\\/de\\\/produkt\\\/stunning-amoled-display-replacement-for-samsung-a42-5g-2020-exceptional-visuals-and-touch-precision\\\/\",\"name\":\"Samsung Galaxy A42 5G (2020) AMOLED Display Replacement - Exceptional Visuals & Touch Precision - Original & Service Pack Quality - Quality Guaranteed - Fast Shipping - InsurePart\",\"isPartOf\":{\"@id\":\"https:\\\/\\\/www.dt-smart.com\\\/#website\"},\"primaryImageOfPage\":{\"@id\":\"https:\\\/\\\/www.dt-smart.com\\\/de\\\/produkt\\\/stunning-amoled-display-replacement-for-samsung-a42-5g-2020-exceptional-visuals-and-touch-precision\\\/#primaryimage\"},\"image\":{\"@id\":\"https:\\\/\\\/www.dt-smart.com\\\/de\\\/produkt\\\/stunning-amoled-display-replacement-for-samsung-a42-5g-2020-exceptional-visuals-and-touch-precision\\\/#primaryimage\"},\"thumbnailUrl\":\"https:\\\/\\\/www.dt-smart.com\\\/wp-content\\\/uploads\\\/2024\\\/12\\\/A42\u4e3b.webp\",\"datePublished\":\"2024-12-30T04:05:51+00:00\",\"dateModified\":\"2026-01-09T06:47:30+00:00\",\"description\":\"Samsung Galaxy A42 5G (2020) AMOLED Display Replacement - Exceptional Visuals & Touch Precision - Original & Service Pack Quality - Quality Guaranteed - Fast Shipping\",\"breadcrumb\":{\"@id\":\"https:\\\/\\\/www.dt-smart.com\\\/de\\\/produkt\\\/stunning-amoled-display-replacement-for-samsung-a42-5g-2020-exceptional-visuals-and-touch-precision\\\/#breadcrumb\"},\"inLanguage\":\"de\",\"potentialAction\":[{\"@type\":\"ReadAction\",\"target\":[\"https:\\\/\\\/www.dt-smart.com\\\/de\\\/produkt\\\/stunning-amoled-display-replacement-for-samsung-a42-5g-2020-exceptional-visuals-and-touch-precision\\\/\"]}]},{\"@type\":\"ImageObject\",\"inLanguage\":\"de\",\"@id\":\"https:\\\/\\\/www.dt-smart.com\\\/de\\\/produkt\\\/stunning-amoled-display-replacement-for-samsung-a42-5g-2020-exceptional-visuals-and-touch-precision\\\/#primaryimage\",\"url\":\"https:\\\/\\\/www.dt-smart.com\\\/wp-content\\\/uploads\\\/2024\\\/12\\\/A42\u4e3b.webp\",\"contentUrl\":\"https:\\\/\\\/www.dt-smart.com\\\/wp-content\\\/uploads\\\/2024\\\/12\\\/A42\u4e3b.webp\",\"width\":800,\"height\":800},{\"@type\":\"BreadcrumbList\",\"@id\":\"https:\\\/\\\/www.dt-smart.com\\\/de\\\/produkt\\\/stunning-amoled-display-replacement-for-samsung-a42-5g-2020-exceptional-visuals-and-touch-precision\\\/#breadcrumb\",\"itemListElement\":[{\"@type\":\"ListItem\",\"position\":1,\"name\":\"Home\",\"item\":\"https:\\\/\\\/www.dt-smart.com\\\/\"},{\"@type\":\"ListItem\",\"position\":2,\"name\":\"Product\",\"item\":\"https:\\\/\\\/www.dt-smart.com\\\/ru\\\/product\\\/\"},{\"@type\":\"ListItem\",\"position\":3,\"name\":\"Samsung Galaxy A42 5G (2020) AMOLED Display Replacement &#8211; Exceptional Visuals &#038; Touch Precision &#8211; Original &#038; Service Pack Quality &#8211; Quality Guaranteed &#8211; Fast Shipping\"}]},{\"@type\":\"WebSite\",\"@id\":\"https:\\\/\\\/www.dt-smart.com\\\/#website\",\"url\":\"https:\\\/\\\/www.dt-smart.com\\\/\",\"name\":\"InsurePart\",\"description\":\"Cell Phone Repair Parts; iPhone Parts Wholesale;Samsung Parts Supplier\",\"potentialAction\":[{\"@type\":\"SearchAction\",\"target\":{\"@type\":\"EntryPoint\",\"urlTemplate\":\"https:\\\/\\\/www.dt-smart.com\\\/?s={search_term_string}\"},\"query-input\":{\"@type\":\"PropertyValueSpecification\",\"valueRequired\":true,\"valueName\":\"search_term_string\"}}],\"inLanguage\":\"de\"}]}<\/script>\n<!-- \/ Yoast SEO plugin. -->","yoast_head_json":{"title":"Samsung Galaxy A42 5G (2020) AMOLED Display Replacement - Exceptional Visuals & Touch Precision - Original & Service Pack Quality - Quality Guaranteed - Fast Shipping - InsurePart","description":"Samsung Galaxy A42 5G (2020) AMOLED-Display-Austausch \u2013 Hervorragende Bildqualit\u00e4t und pr\u00e4zise Touch-Bedienung \u2013 Originalqualit\u00e4t und Service-Pack-Qualit\u00e4t \u2013 Qualit\u00e4tsgarantie \u2013 Schneller Versand","robots":{"index":"index","follow":"follow","max-snippet":"max-snippet:-1","max-image-preview":"max-image-preview:large","max-video-preview":"max-video-preview:-1"},"canonical":"https:\/\/www.dt-smart.com\/de\/produkt\/stunning-amoled-display-replacement-for-samsung-a42-5g-2020-exceptional-visuals-and-touch-precision\/","og_locale":"de_DE","og_type":"article","og_title":"Samsung Galaxy A42 5G (2020) AMOLED Display Replacement - Exceptional Visuals & Touch Precision - Original & Service Pack Quality - Quality Guaranteed - Fast Shipping - InsurePart","og_description":"Samsung Galaxy A42 5G (2020) AMOLED Display Replacement - Exceptional Visuals & Touch Precision - Original & Service Pack Quality - Quality Guaranteed - Fast Shipping","og_url":"https:\/\/www.dt-smart.com\/de\/produkt\/stunning-amoled-display-replacement-for-samsung-a42-5g-2020-exceptional-visuals-and-touch-precision\/","og_site_name":"InsurePart","article_publisher":"https:\/\/www.facebook.com\/anjinleeEva","article_modified_time":"2026-01-09T06:47:30+00:00","og_image":[{"width":800,"height":800,"url":"https:\/\/www.dt-smart.com\/wp-content\/uploads\/2024\/12\/A42\u4e3b.webp","type":"image\/webp"}],"twitter_card":"summary_large_image","twitter_misc":{"Gesch\u00e4tzte Lesezeit":"1\u00a0Minute"},"schema":{"@context":"https:\/\/schema.org","@graph":[{"@type":"WebPage","@id":"https:\/\/www.dt-smart.com\/de\/produkt\/stunning-amoled-display-replacement-for-samsung-a42-5g-2020-exceptional-visuals-and-touch-precision\/","url":"https:\/\/www.dt-smart.com\/de\/produkt\/stunning-amoled-display-replacement-for-samsung-a42-5g-2020-exceptional-visuals-and-touch-precision\/","name":"Samsung Galaxy A42 5G (2020) AMOLED Display Replacement - Exceptional Visuals & Touch Precision - Original & Service Pack Quality - Quality Guaranteed - Fast Shipping - InsurePart","isPartOf":{"@id":"https:\/\/www.dt-smart.com\/#website"},"primaryImageOfPage":{"@id":"https:\/\/www.dt-smart.com\/de\/produkt\/stunning-amoled-display-replacement-for-samsung-a42-5g-2020-exceptional-visuals-and-touch-precision\/#primaryimage"},"image":{"@id":"https:\/\/www.dt-smart.com\/de\/produkt\/stunning-amoled-display-replacement-for-samsung-a42-5g-2020-exceptional-visuals-and-touch-precision\/#primaryimage"},"thumbnailUrl":"https:\/\/www.dt-smart.com\/wp-content\/uploads\/2024\/12\/A42\u4e3b.webp","datePublished":"2024-12-30T04:05:51+00:00","dateModified":"2026-01-09T06:47:30+00:00","description":"Samsung Galaxy A42 5G (2020) AMOLED-Display-Austausch \u2013 Hervorragende Bildqualit\u00e4t und pr\u00e4zise Touch-Bedienung \u2013 Originalqualit\u00e4t und Service-Pack-Qualit\u00e4t \u2013 Qualit\u00e4tsgarantie \u2013 Schneller Versand","breadcrumb":{"@id":"https:\/\/www.dt-smart.com\/de\/produkt\/stunning-amoled-display-replacement-for-samsung-a42-5g-2020-exceptional-visuals-and-touch-precision\/#breadcrumb"},"inLanguage":"de","potentialAction":[{"@type":"ReadAction","target":["https:\/\/www.dt-smart.com\/de\/produkt\/stunning-amoled-display-replacement-for-samsung-a42-5g-2020-exceptional-visuals-and-touch-precision\/"]}]},{"@type":"ImageObject","inLanguage":"de","@id":"https:\/\/www.dt-smart.com\/de\/produkt\/stunning-amoled-display-replacement-for-samsung-a42-5g-2020-exceptional-visuals-and-touch-precision\/#primaryimage","url":"https:\/\/www.dt-smart.com\/wp-content\/uploads\/2024\/12\/A42\u4e3b.webp","contentUrl":"https:\/\/www.dt-smart.com\/wp-content\/uploads\/2024\/12\/A42\u4e3b.webp","width":800,"height":800},{"@type":"BreadcrumbList","@id":"https:\/\/www.dt-smart.com\/de\/produkt\/stunning-amoled-display-replacement-for-samsung-a42-5g-2020-exceptional-visuals-and-touch-precision\/#breadcrumb","itemListElement":[{"@type":"ListItem","position":1,"name":"Home","item":"https:\/\/www.dt-smart.com\/"},{"@type":"ListItem","position":2,"name":"Product","item":"https:\/\/www.dt-smart.com\/ru\/product\/"},{"@type":"ListItem","position":3,"name":"Samsung Galaxy A42 5G (2020) AMOLED Display Replacement &#8211; Exceptional Visuals &#038; Touch Precision &#8211; Original &#038; Service Pack Quality &#8211; Quality Guaranteed &#8211; Fast Shipping"}]},{"@type":"WebSite","@id":"https:\/\/www.dt-smart.com\/#website","url":"https:\/\/www.dt-smart.com\/","name":"InsurePart","description":"Handy-Ersatzteile; iPhone-Ersatzteile im Gro\u00dfhandel; Samsung-Ersatzteillieferant","potentialAction":[{"@type":"SearchAction","target":{"@type":"EntryPoint","urlTemplate":"https:\/\/www.dt-smart.com\/?s={search_term_string}"},"query-input":{"@type":"PropertyValueSpecification","valueRequired":true,"valueName":"search_term_string"}}],"inLanguage":"de"}]}},"_links":{"self":[{"href":"https:\/\/www.dt-smart.com\/de\/wp-json\/wp\/v2\/product\/18057","targetHints":{"allow":["GET"]}}],"collection":[{"href":"https:\/\/www.dt-smart.com\/de\/wp-json\/wp\/v2\/product"}],"about":[{"href":"https:\/\/www.dt-smart.com\/de\/wp-json\/wp\/v2\/types\/product"}],"replies":[{"embeddable":true,"href":"https:\/\/www.dt-smart.com\/de\/wp-json\/wp\/v2\/comments?post=18057"}],"version-history":[{"count":5,"href":"https:\/\/www.dt-smart.com\/de\/wp-json\/wp\/v2\/product\/18057\/revisions"}],"predecessor-version":[{"id":24502,"href":"https:\/\/www.dt-smart.com\/de\/wp-json\/wp\/v2\/product\/18057\/revisions\/24502"}],"wp:featuredmedia":[{"embeddable":true,"href":"https:\/\/www.dt-smart.com\/de\/wp-json\/wp\/v2\/media\/17868"}],"wp:attachment":[{"href":"https:\/\/www.dt-smart.com\/de\/wp-json\/wp\/v2\/media?parent=18057"}],"wp:term":[{"taxonomy":"product_brand","embeddable":true,"href":"https:\/\/www.dt-smart.com\/de\/wp-json\/wp\/v2\/product_brand?post=18057"},{"taxonomy":"product_cat","embeddable":true,"href":"https:\/\/www.dt-smart.com\/de\/wp-json\/wp\/v2\/product_cat?post=18057"},{"taxonomy":"product_tag","embeddable":true,"href":"https:\/\/www.dt-smart.com\/de\/wp-json\/wp\/v2\/product_tag?post=18057"}],"curies":[{"name":"wp","href":"https:\/\/api.w.org\/{rel}","templated":true}]}}