{"id":18060,"date":"2024-12-30T12:12:51","date_gmt":"2024-12-30T04:12:51","guid":{"rendered":"https:\/\/www.insurepart.com\/?post_type=product&#038;p=18060"},"modified":"2026-01-09T14:45:47","modified_gmt":"2026-01-09T06:45:47","slug":"restore-full-screen-brilliance-with-high-quality-amoled-for-samsung-a40s-2019-vivid-color-superior-clarity","status":"publish","type":"product","link":"https:\/\/www.dt-smart.com\/de\/produkt\/restore-full-screen-brilliance-with-high-quality-amoled-for-samsung-a40s-2019-vivid-color-superior-clarity\/","title":{"rendered":"Samsung Galaxy A40S (2019) AMOLED-Bildschirmtausch \u2013 Volle Bildschirmbrillanz mit lebendigen Farben und gestochen scharfer Bildqualit\u00e4t \u2013 Originalqualit\u00e4t und Servicepaket \u2013 Qualit\u00e4tsgarantie \u2013 Schneller Versand"},"content":{"rendered":"<p style=\"text-align: center;\"><img fetchpriority=\"high\" decoding=\"async\" class=\"alignnone size-full wp-image-6141\" src=\"https:\/\/www.insurepart.com\/wp-content\/uploads\/2023\/11\/\u4e3a\u4ec0\u4e48\u9009\u62e9\u6211\u4eec1-1.jpg\" alt=\"\" width=\"1000\" height=\"786\" srcset=\"https:\/\/www.dt-smart.com\/wp-content\/uploads\/2023\/11\/\u4e3a\u4ec0\u4e48\u9009\u62e9\u6211\u4eec1-1.jpg 1000w, https:\/\/www.dt-smart.com\/wp-content\/uploads\/2023\/11\/\u4e3a\u4ec0\u4e48\u9009\u62e9\u6211\u4eec1-1-300x236.jpg 300w, https:\/\/www.dt-smart.com\/wp-content\/uploads\/2023\/11\/\u4e3a\u4ec0\u4e48\u9009\u62e9\u6211\u4eec1-1-150x118.jpg 150w, https:\/\/www.dt-smart.com\/wp-content\/uploads\/2023\/11\/\u4e3a\u4ec0\u4e48\u9009\u62e9\u6211\u4eec1-1-800x629.jpg 800w, https:\/\/www.dt-smart.com\/wp-content\/uploads\/2023\/11\/\u4e3a\u4ec0\u4e48\u9009\u62e9\u6211\u4eec1-1-768x604.jpg 768w, https:\/\/www.dt-smart.com\/wp-content\/uploads\/2023\/11\/\u4e3a\u4ec0\u4e48\u9009\u62e9\u6211\u4eec1-1-15x12.jpg 15w\" sizes=\"(max-width: 1000px) 100vw, 1000px\" \/><\/p>","protected":false},"excerpt":{"rendered":"<p><span style=\"font-size: 10pt;\">Der Bildschirmtausch f\u00fcr das Samsung A40S (A407\/2019) bietet ein AMOLED-Display, das Ihr Smartphone mit satten Farben, strahlendem Wei\u00df und tiefen Schwarzt\u00f6nen aufwertet. Die hohe Aufl\u00f6sung sorgt f\u00fcr gestochen scharfe Bilder, Videos und Apps, w\u00e4hrend die reaktionsschnelle Touch-Technologie eine fl\u00fcssige Bedienung erm\u00f6glicht. Der Bildschirm ist kratzfest und langlebig und somit eine zuverl\u00e4ssige Wahl f\u00fcr Ihr Ger\u00e4t. Dank der einfachen Installation mit verst\u00e4ndlicher Anleitung erstrahlt Ihr A40S wieder in neuem Glanz und Ihr Smartphone-Erlebnis wird deutlich verbessert. Ideal f\u00fcr alle, die Wert auf Qualit\u00e4t und Leistung legen.<\/span><\/p>","protected":false},"featured_media":18078,"comment_status":"open","ping_status":"closed","template":"","meta":[],"product_brand":[],"product_cat":[49,339,1020],"product_tag":[],"class_list":{"0":"post-18060","1":"product","2":"type-product","3":"status-publish","4":"has-post-thumbnail","6":"product_cat-a-series","7":"product_cat-a40s-a407-2019","8":"product_cat-all-a-series-lcd","10":"first","11":"instock","12":"taxable","13":"shipping-taxable","14":"purchasable","15":"product-type-variable"},"yoast_head":"<!-- This site is optimized with the Yoast SEO plugin v27.4 - https:\/\/yoast.com\/product\/yoast-seo-wordpress\/ -->\n<title>Samsung Galaxy A40S (2019) AMOLED Screen Replacement - Restore Full Screen Brilliance with Vivid Color &amp; Superior Clarity - Original &amp; Service Pack Quality - Quality Guaranteed - Fast Shipping - InsurePart<\/title>\n<meta name=\"description\" content=\"Samsung Galaxy A40S (2019) AMOLED Screen Replacement - Restore Full Screen Brilliance with Vivid Color &amp; Superior Clarity - Original &amp; Service Pack Quality - Quality Guaranteed - Fast Shipping\" \/>\n<meta name=\"robots\" content=\"index, follow, max-snippet:-1, max-image-preview:large, max-video-preview:-1\" \/>\n<link rel=\"canonical\" href=\"https:\/\/www.dt-smart.com\/de\/produkt\/restore-full-screen-brilliance-with-high-quality-amoled-for-samsung-a40s-2019-vivid-color-superior-clarity\/\" \/>\n<meta property=\"og:locale\" content=\"de_DE\" \/>\n<meta property=\"og:type\" content=\"article\" \/>\n<meta property=\"og:title\" content=\"Samsung Galaxy A40S (2019) AMOLED Screen Replacement - Restore Full Screen Brilliance with Vivid Color &amp; Superior Clarity - Original &amp; Service Pack Quality - Quality Guaranteed - Fast Shipping - InsurePart\" \/>\n<meta property=\"og:description\" content=\"Samsung Galaxy A40S (2019) AMOLED Screen Replacement - Restore Full Screen Brilliance with Vivid Color &amp; Superior Clarity - Original &amp; Service Pack Quality - Quality Guaranteed - Fast Shipping\" \/>\n<meta property=\"og:url\" content=\"https:\/\/www.dt-smart.com\/de\/produkt\/restore-full-screen-brilliance-with-high-quality-amoled-for-samsung-a40s-2019-vivid-color-superior-clarity\/\" \/>\n<meta property=\"og:site_name\" content=\"InsurePart\" \/>\n<meta property=\"article:publisher\" content=\"https:\/\/www.facebook.com\/anjinleeEva\" \/>\n<meta property=\"article:modified_time\" content=\"2026-01-09T06:45:47+00:00\" \/>\n<meta property=\"og:image\" content=\"https:\/\/www.dt-smart.com\/wp-content\/uploads\/2024\/12\/A40\u4e3b.webp\" \/>\n\t<meta property=\"og:image:width\" content=\"800\" \/>\n\t<meta property=\"og:image:height\" content=\"800\" \/>\n\t<meta property=\"og:image:type\" content=\"image\/webp\" \/>\n<meta name=\"twitter:card\" content=\"summary_large_image\" \/>\n<meta name=\"twitter:label1\" content=\"Gesch\u00e4tzte Lesezeit\" \/>\n\t<meta name=\"twitter:data1\" content=\"1\u00a0Minute\" \/>\n<script type=\"application\/ld+json\" class=\"yoast-schema-graph\">{\"@context\":\"https:\\\/\\\/schema.org\",\"@graph\":[{\"@type\":\"WebPage\",\"@id\":\"https:\\\/\\\/www.dt-smart.com\\\/de\\\/produkt\\\/restore-full-screen-brilliance-with-high-quality-amoled-for-samsung-a40s-2019-vivid-color-superior-clarity\\\/\",\"url\":\"https:\\\/\\\/www.dt-smart.com\\\/de\\\/produkt\\\/restore-full-screen-brilliance-with-high-quality-amoled-for-samsung-a40s-2019-vivid-color-superior-clarity\\\/\",\"name\":\"Samsung Galaxy A40S (2019) AMOLED Screen Replacement - Restore Full Screen Brilliance with Vivid Color & Superior Clarity - Original & Service Pack Quality - Quality Guaranteed - Fast Shipping - InsurePart\",\"isPartOf\":{\"@id\":\"https:\\\/\\\/www.dt-smart.com\\\/#website\"},\"primaryImageOfPage\":{\"@id\":\"https:\\\/\\\/www.dt-smart.com\\\/de\\\/produkt\\\/restore-full-screen-brilliance-with-high-quality-amoled-for-samsung-a40s-2019-vivid-color-superior-clarity\\\/#primaryimage\"},\"image\":{\"@id\":\"https:\\\/\\\/www.dt-smart.com\\\/de\\\/produkt\\\/restore-full-screen-brilliance-with-high-quality-amoled-for-samsung-a40s-2019-vivid-color-superior-clarity\\\/#primaryimage\"},\"thumbnailUrl\":\"https:\\\/\\\/www.dt-smart.com\\\/wp-content\\\/uploads\\\/2024\\\/12\\\/A40\u4e3b.webp\",\"datePublished\":\"2024-12-30T04:12:51+00:00\",\"dateModified\":\"2026-01-09T06:45:47+00:00\",\"description\":\"Samsung Galaxy A40S (2019) AMOLED Screen Replacement - Restore Full Screen Brilliance with Vivid Color & Superior Clarity - Original & Service Pack Quality - Quality Guaranteed - Fast Shipping\",\"breadcrumb\":{\"@id\":\"https:\\\/\\\/www.dt-smart.com\\\/de\\\/produkt\\\/restore-full-screen-brilliance-with-high-quality-amoled-for-samsung-a40s-2019-vivid-color-superior-clarity\\\/#breadcrumb\"},\"inLanguage\":\"de\",\"potentialAction\":[{\"@type\":\"ReadAction\",\"target\":[\"https:\\\/\\\/www.dt-smart.com\\\/de\\\/produkt\\\/restore-full-screen-brilliance-with-high-quality-amoled-for-samsung-a40s-2019-vivid-color-superior-clarity\\\/\"]}]},{\"@type\":\"ImageObject\",\"inLanguage\":\"de\",\"@id\":\"https:\\\/\\\/www.dt-smart.com\\\/de\\\/produkt\\\/restore-full-screen-brilliance-with-high-quality-amoled-for-samsung-a40s-2019-vivid-color-superior-clarity\\\/#primaryimage\",\"url\":\"https:\\\/\\\/www.dt-smart.com\\\/wp-content\\\/uploads\\\/2024\\\/12\\\/A40\u4e3b.webp\",\"contentUrl\":\"https:\\\/\\\/www.dt-smart.com\\\/wp-content\\\/uploads\\\/2024\\\/12\\\/A40\u4e3b.webp\",\"width\":800,\"height\":800},{\"@type\":\"BreadcrumbList\",\"@id\":\"https:\\\/\\\/www.dt-smart.com\\\/de\\\/produkt\\\/restore-full-screen-brilliance-with-high-quality-amoled-for-samsung-a40s-2019-vivid-color-superior-clarity\\\/#breadcrumb\",\"itemListElement\":[{\"@type\":\"ListItem\",\"position\":1,\"name\":\"Home\",\"item\":\"https:\\\/\\\/www.dt-smart.com\\\/\"},{\"@type\":\"ListItem\",\"position\":2,\"name\":\"Product\",\"item\":\"https:\\\/\\\/www.dt-smart.com\\\/ru\\\/product\\\/\"},{\"@type\":\"ListItem\",\"position\":3,\"name\":\"Samsung Galaxy A40S (2019) AMOLED Screen Replacement &#8211; Restore Full Screen Brilliance with Vivid Color &#038; Superior Clarity &#8211; Original &#038; Service Pack Quality &#8211; Quality Guaranteed &#8211; Fast Shipping\"}]},{\"@type\":\"WebSite\",\"@id\":\"https:\\\/\\\/www.dt-smart.com\\\/#website\",\"url\":\"https:\\\/\\\/www.dt-smart.com\\\/\",\"name\":\"InsurePart\",\"description\":\"Cell Phone Repair Parts; iPhone Parts Wholesale;Samsung Parts Supplier\",\"potentialAction\":[{\"@type\":\"SearchAction\",\"target\":{\"@type\":\"EntryPoint\",\"urlTemplate\":\"https:\\\/\\\/www.dt-smart.com\\\/?s={search_term_string}\"},\"query-input\":{\"@type\":\"PropertyValueSpecification\",\"valueRequired\":true,\"valueName\":\"search_term_string\"}}],\"inLanguage\":\"de\"}]}<\/script>\n<!-- \/ Yoast SEO plugin. -->","yoast_head_json":{"title":"Samsung Galaxy A40S (2019) AMOLED Screen Replacement - Restore Full Screen Brilliance with Vivid Color & Superior Clarity - Original & Service Pack Quality - Quality Guaranteed - Fast Shipping - InsurePart","description":"Samsung Galaxy A40S (2019) AMOLED-Bildschirmtausch \u2013 Volle Bildschirmbrillanz mit lebendigen Farben und \u00fcberragender Klarheit \u2013 Originalqualit\u00e4t und Servicepaket \u2013 Qualit\u00e4tsgarantie \u2013 Schneller Versand","robots":{"index":"index","follow":"follow","max-snippet":"max-snippet:-1","max-image-preview":"max-image-preview:large","max-video-preview":"max-video-preview:-1"},"canonical":"https:\/\/www.dt-smart.com\/de\/produkt\/restore-full-screen-brilliance-with-high-quality-amoled-for-samsung-a40s-2019-vivid-color-superior-clarity\/","og_locale":"de_DE","og_type":"article","og_title":"Samsung Galaxy A40S (2019) AMOLED Screen Replacement - Restore Full Screen Brilliance with Vivid Color & Superior Clarity - Original & Service Pack Quality - Quality Guaranteed - Fast Shipping - InsurePart","og_description":"Samsung Galaxy A40S (2019) AMOLED Screen Replacement - Restore Full Screen Brilliance with Vivid Color & Superior Clarity - Original & Service Pack Quality - Quality Guaranteed - Fast Shipping","og_url":"https:\/\/www.dt-smart.com\/de\/produkt\/restore-full-screen-brilliance-with-high-quality-amoled-for-samsung-a40s-2019-vivid-color-superior-clarity\/","og_site_name":"InsurePart","article_publisher":"https:\/\/www.facebook.com\/anjinleeEva","article_modified_time":"2026-01-09T06:45:47+00:00","og_image":[{"width":800,"height":800,"url":"https:\/\/www.dt-smart.com\/wp-content\/uploads\/2024\/12\/A40\u4e3b.webp","type":"image\/webp"}],"twitter_card":"summary_large_image","twitter_misc":{"Gesch\u00e4tzte Lesezeit":"1\u00a0Minute"},"schema":{"@context":"https:\/\/schema.org","@graph":[{"@type":"WebPage","@id":"https:\/\/www.dt-smart.com\/de\/produkt\/restore-full-screen-brilliance-with-high-quality-amoled-for-samsung-a40s-2019-vivid-color-superior-clarity\/","url":"https:\/\/www.dt-smart.com\/de\/produkt\/restore-full-screen-brilliance-with-high-quality-amoled-for-samsung-a40s-2019-vivid-color-superior-clarity\/","name":"Samsung Galaxy A40S (2019) AMOLED Screen Replacement - Restore Full Screen Brilliance with Vivid Color & Superior Clarity - Original & Service Pack Quality - Quality Guaranteed - Fast Shipping - InsurePart","isPartOf":{"@id":"https:\/\/www.dt-smart.com\/#website"},"primaryImageOfPage":{"@id":"https:\/\/www.dt-smart.com\/de\/produkt\/restore-full-screen-brilliance-with-high-quality-amoled-for-samsung-a40s-2019-vivid-color-superior-clarity\/#primaryimage"},"image":{"@id":"https:\/\/www.dt-smart.com\/de\/produkt\/restore-full-screen-brilliance-with-high-quality-amoled-for-samsung-a40s-2019-vivid-color-superior-clarity\/#primaryimage"},"thumbnailUrl":"https:\/\/www.dt-smart.com\/wp-content\/uploads\/2024\/12\/A40\u4e3b.webp","datePublished":"2024-12-30T04:12:51+00:00","dateModified":"2026-01-09T06:45:47+00:00","description":"Samsung Galaxy A40S (2019) AMOLED-Bildschirmtausch \u2013 Volle Bildschirmbrillanz mit lebendigen Farben und \u00fcberragender Klarheit \u2013 Originalqualit\u00e4t und Servicepaket \u2013 Qualit\u00e4tsgarantie \u2013 Schneller Versand","breadcrumb":{"@id":"https:\/\/www.dt-smart.com\/de\/produkt\/restore-full-screen-brilliance-with-high-quality-amoled-for-samsung-a40s-2019-vivid-color-superior-clarity\/#breadcrumb"},"inLanguage":"de","potentialAction":[{"@type":"ReadAction","target":["https:\/\/www.dt-smart.com\/de\/produkt\/restore-full-screen-brilliance-with-high-quality-amoled-for-samsung-a40s-2019-vivid-color-superior-clarity\/"]}]},{"@type":"ImageObject","inLanguage":"de","@id":"https:\/\/www.dt-smart.com\/de\/produkt\/restore-full-screen-brilliance-with-high-quality-amoled-for-samsung-a40s-2019-vivid-color-superior-clarity\/#primaryimage","url":"https:\/\/www.dt-smart.com\/wp-content\/uploads\/2024\/12\/A40\u4e3b.webp","contentUrl":"https:\/\/www.dt-smart.com\/wp-content\/uploads\/2024\/12\/A40\u4e3b.webp","width":800,"height":800},{"@type":"BreadcrumbList","@id":"https:\/\/www.dt-smart.com\/de\/produkt\/restore-full-screen-brilliance-with-high-quality-amoled-for-samsung-a40s-2019-vivid-color-superior-clarity\/#breadcrumb","itemListElement":[{"@type":"ListItem","position":1,"name":"Home","item":"https:\/\/www.dt-smart.com\/"},{"@type":"ListItem","position":2,"name":"Product","item":"https:\/\/www.dt-smart.com\/ru\/product\/"},{"@type":"ListItem","position":3,"name":"Samsung Galaxy A40S (2019) AMOLED Screen Replacement &#8211; Restore Full Screen Brilliance with Vivid Color &#038; Superior Clarity &#8211; Original &#038; Service Pack Quality &#8211; Quality Guaranteed &#8211; Fast Shipping"}]},{"@type":"WebSite","@id":"https:\/\/www.dt-smart.com\/#website","url":"https:\/\/www.dt-smart.com\/","name":"InsurePart","description":"Handy-Ersatzteile; iPhone-Ersatzteile im Gro\u00dfhandel; Samsung-Ersatzteillieferant","potentialAction":[{"@type":"SearchAction","target":{"@type":"EntryPoint","urlTemplate":"https:\/\/www.dt-smart.com\/?s={search_term_string}"},"query-input":{"@type":"PropertyValueSpecification","valueRequired":true,"valueName":"search_term_string"}}],"inLanguage":"de"}]}},"_links":{"self":[{"href":"https:\/\/www.dt-smart.com\/de\/wp-json\/wp\/v2\/product\/18060","targetHints":{"allow":["GET"]}}],"collection":[{"href":"https:\/\/www.dt-smart.com\/de\/wp-json\/wp\/v2\/product"}],"about":[{"href":"https:\/\/www.dt-smart.com\/de\/wp-json\/wp\/v2\/types\/product"}],"replies":[{"embeddable":true,"href":"https:\/\/www.dt-smart.com\/de\/wp-json\/wp\/v2\/comments?post=18060"}],"version-history":[{"count":5,"href":"https:\/\/www.dt-smart.com\/de\/wp-json\/wp\/v2\/product\/18060\/revisions"}],"predecessor-version":[{"id":24500,"href":"https:\/\/www.dt-smart.com\/de\/wp-json\/wp\/v2\/product\/18060\/revisions\/24500"}],"wp:featuredmedia":[{"embeddable":true,"href":"https:\/\/www.dt-smart.com\/de\/wp-json\/wp\/v2\/media\/18078"}],"wp:attachment":[{"href":"https:\/\/www.dt-smart.com\/de\/wp-json\/wp\/v2\/media?parent=18060"}],"wp:term":[{"taxonomy":"product_brand","embeddable":true,"href":"https:\/\/www.dt-smart.com\/de\/wp-json\/wp\/v2\/product_brand?post=18060"},{"taxonomy":"product_cat","embeddable":true,"href":"https:\/\/www.dt-smart.com\/de\/wp-json\/wp\/v2\/product_cat?post=18060"},{"taxonomy":"product_tag","embeddable":true,"href":"https:\/\/www.dt-smart.com\/de\/wp-json\/wp\/v2\/product_tag?post=18060"}],"curies":[{"name":"wp","href":"https:\/\/api.w.org\/{rel}","templated":true}]}}