{"id":18063,"date":"2024-12-30T15:53:53","date_gmt":"2024-12-30T07:53:53","guid":{"rendered":"https:\/\/www.insurepart.com\/?post_type=product&#038;p=18063"},"modified":"2026-01-09T14:44:38","modified_gmt":"2026-01-09T06:44:38","slug":"high-quality-amoled-screen-replacement-for-samsung-a5-2017-exceptional-clarity-and-durability","status":"publish","type":"product","link":"https:\/\/www.dt-smart.com\/de\/produkt\/high-quality-amoled-screen-replacement-for-samsung-a5-2017-exceptional-clarity-and-durability\/","title":{"rendered":"Samsung Galaxy A5 (2017) AMOLED-Bildschirm-Austausch \u2013 Hochwertige, au\u00dfergew\u00f6hnliche Klarheit und Langlebigkeit \u2013 Originalqualit\u00e4t und Service-Pack-Qualit\u00e4t \u2013 Qualit\u00e4tsgarantie \u2013 Schneller Versand"},"content":{"rendered":"<p style=\"text-align: center;\"><img fetchpriority=\"high\" decoding=\"async\" class=\"alignnone size-full wp-image-6141\" src=\"https:\/\/www.insurepart.com\/wp-content\/uploads\/2023\/11\/\u4e3a\u4ec0\u4e48\u9009\u62e9\u6211\u4eec1-1.jpg\" alt=\"\" width=\"1000\" height=\"786\" srcset=\"https:\/\/www.dt-smart.com\/wp-content\/uploads\/2023\/11\/\u4e3a\u4ec0\u4e48\u9009\u62e9\u6211\u4eec1-1.jpg 1000w, https:\/\/www.dt-smart.com\/wp-content\/uploads\/2023\/11\/\u4e3a\u4ec0\u4e48\u9009\u62e9\u6211\u4eec1-1-300x236.jpg 300w, https:\/\/www.dt-smart.com\/wp-content\/uploads\/2023\/11\/\u4e3a\u4ec0\u4e48\u9009\u62e9\u6211\u4eec1-1-150x118.jpg 150w, https:\/\/www.dt-smart.com\/wp-content\/uploads\/2023\/11\/\u4e3a\u4ec0\u4e48\u9009\u62e9\u6211\u4eec1-1-800x629.jpg 800w, https:\/\/www.dt-smart.com\/wp-content\/uploads\/2023\/11\/\u4e3a\u4ec0\u4e48\u9009\u62e9\u6211\u4eec1-1-768x604.jpg 768w, https:\/\/www.dt-smart.com\/wp-content\/uploads\/2023\/11\/\u4e3a\u4ec0\u4e48\u9009\u62e9\u6211\u4eec1-1-15x12.jpg 15w\" sizes=\"(max-width: 1000px) 100vw, 1000px\" \/><\/p>","protected":false},"excerpt":{"rendered":"<p><span style=\"font-size: 10pt;\">R\u00fcsten Sie Ihr Samsung A5 (A520\/2017) mit diesem hochwertigen AMOLED-Display auf, das au\u00dfergew\u00f6hnliche Helligkeit, lebendige Farben und gestochen scharfe Details bietet. Es entspricht den Originalspezifikationen und l\u00e4sst das Display Ihres Smartphones wieder in voller Brillanz erstrahlen. Dank pr\u00e4ziser Ber\u00fchrungsempfindlichkeit und hoher Kratzfestigkeit ist eine reibungslose Bedienung garantiert, und das Display ist gleichzeitig \u00e4u\u00dferst langlebig. Die hochaufl\u00f6sende Darstellung eignet sich perfekt, um Filme, Fotos und Spiele in unvergleichlicher Qualit\u00e4t zu genie\u00dfen. Mit diesem einfach zu installierenden Ersatzdisplay sieht Ihr Ger\u00e4t wieder aus wie neu. Erneuern Sie Ihr Smartphone m\u00fchelos!<\/span><\/p>","protected":false},"featured_media":17837,"comment_status":"open","ping_status":"closed","template":"","meta":[],"product_brand":[],"product_cat":[49,344,1020],"product_tag":[],"class_list":{"0":"post-18063","1":"product","2":"type-product","3":"status-publish","4":"has-post-thumbnail","6":"product_cat-a-series","7":"product_cat-a5-a520-2017","8":"product_cat-all-a-series-lcd","10":"first","11":"instock","12":"taxable","13":"shipping-taxable","14":"purchasable","15":"product-type-variable"},"yoast_head":"<!-- This site is optimized with the Yoast SEO plugin v27.4 - https:\/\/yoast.com\/product\/yoast-seo-wordpress\/ -->\n<title>Samsung Galaxy A5 (2017) AMOLED Screen Replacement - High Quality Exceptional Clarity &amp; Durability - Original &amp; Service Pack Quality - Quality Guaranteed - Fast Shipping - InsurePart<\/title>\n<meta name=\"description\" content=\"Samsung Galaxy A5 (2017) AMOLED Screen Replacement - High Quality Exceptional Clarity &amp; Durability - Original &amp; Service Pack Quality - Quality Guaranteed - Fast Shipping\" \/>\n<meta name=\"robots\" content=\"index, follow, max-snippet:-1, max-image-preview:large, max-video-preview:-1\" \/>\n<link rel=\"canonical\" href=\"https:\/\/www.dt-smart.com\/de\/produkt\/high-quality-amoled-screen-replacement-for-samsung-a5-2017-exceptional-clarity-and-durability\/\" \/>\n<meta property=\"og:locale\" content=\"de_DE\" \/>\n<meta property=\"og:type\" content=\"article\" \/>\n<meta property=\"og:title\" content=\"Samsung Galaxy A5 (2017) AMOLED Screen Replacement - High Quality Exceptional Clarity &amp; Durability - Original &amp; Service Pack Quality - Quality Guaranteed - Fast Shipping - InsurePart\" \/>\n<meta property=\"og:description\" content=\"Samsung Galaxy A5 (2017) AMOLED Screen Replacement - High Quality Exceptional Clarity &amp; Durability - Original &amp; Service Pack Quality - Quality Guaranteed - Fast Shipping\" \/>\n<meta property=\"og:url\" content=\"https:\/\/www.dt-smart.com\/de\/produkt\/high-quality-amoled-screen-replacement-for-samsung-a5-2017-exceptional-clarity-and-durability\/\" \/>\n<meta property=\"og:site_name\" content=\"InsurePart\" \/>\n<meta property=\"article:publisher\" content=\"https:\/\/www.facebook.com\/anjinleeEva\" \/>\n<meta property=\"article:modified_time\" content=\"2026-01-09T06:44:38+00:00\" \/>\n<meta property=\"og:image\" content=\"https:\/\/www.dt-smart.com\/wp-content\/uploads\/2024\/12\/A5-2017\u4e3b.webp\" \/>\n\t<meta property=\"og:image:width\" content=\"800\" \/>\n\t<meta property=\"og:image:height\" content=\"800\" \/>\n\t<meta property=\"og:image:type\" content=\"image\/webp\" \/>\n<meta name=\"twitter:card\" content=\"summary_large_image\" \/>\n<meta name=\"twitter:label1\" content=\"Gesch\u00e4tzte Lesezeit\" \/>\n\t<meta name=\"twitter:data1\" content=\"1\u00a0Minute\" \/>\n<script type=\"application\/ld+json\" class=\"yoast-schema-graph\">{\"@context\":\"https:\\\/\\\/schema.org\",\"@graph\":[{\"@type\":\"WebPage\",\"@id\":\"https:\\\/\\\/www.dt-smart.com\\\/product\\\/high-quality-amoled-screen-replacement-for-samsung-a5-2017-exceptional-clarity-and-durability\\\/\",\"url\":\"https:\\\/\\\/www.dt-smart.com\\\/product\\\/high-quality-amoled-screen-replacement-for-samsung-a5-2017-exceptional-clarity-and-durability\\\/\",\"name\":\"Samsung Galaxy A5 (2017) AMOLED Screen Replacement - High Quality Exceptional Clarity & Durability - Original & Service Pack Quality - Quality Guaranteed - Fast Shipping - InsurePart\",\"isPartOf\":{\"@id\":\"https:\\\/\\\/www.dt-smart.com\\\/#website\"},\"primaryImageOfPage\":{\"@id\":\"https:\\\/\\\/www.dt-smart.com\\\/product\\\/high-quality-amoled-screen-replacement-for-samsung-a5-2017-exceptional-clarity-and-durability\\\/#primaryimage\"},\"image\":{\"@id\":\"https:\\\/\\\/www.dt-smart.com\\\/product\\\/high-quality-amoled-screen-replacement-for-samsung-a5-2017-exceptional-clarity-and-durability\\\/#primaryimage\"},\"thumbnailUrl\":\"https:\\\/\\\/www.dt-smart.com\\\/wp-content\\\/uploads\\\/2024\\\/12\\\/A5-2017\u4e3b.webp\",\"datePublished\":\"2024-12-30T07:53:53+00:00\",\"dateModified\":\"2026-01-09T06:44:38+00:00\",\"description\":\"Samsung Galaxy A5 (2017) AMOLED Screen Replacement - High Quality Exceptional Clarity & Durability - Original & Service Pack Quality - Quality Guaranteed - Fast Shipping\",\"breadcrumb\":{\"@id\":\"https:\\\/\\\/www.dt-smart.com\\\/product\\\/high-quality-amoled-screen-replacement-for-samsung-a5-2017-exceptional-clarity-and-durability\\\/#breadcrumb\"},\"inLanguage\":\"de\",\"potentialAction\":[{\"@type\":\"ReadAction\",\"target\":[\"https:\\\/\\\/www.dt-smart.com\\\/product\\\/high-quality-amoled-screen-replacement-for-samsung-a5-2017-exceptional-clarity-and-durability\\\/\"]}]},{\"@type\":\"ImageObject\",\"inLanguage\":\"de\",\"@id\":\"https:\\\/\\\/www.dt-smart.com\\\/product\\\/high-quality-amoled-screen-replacement-for-samsung-a5-2017-exceptional-clarity-and-durability\\\/#primaryimage\",\"url\":\"https:\\\/\\\/www.dt-smart.com\\\/wp-content\\\/uploads\\\/2024\\\/12\\\/A5-2017\u4e3b.webp\",\"contentUrl\":\"https:\\\/\\\/www.dt-smart.com\\\/wp-content\\\/uploads\\\/2024\\\/12\\\/A5-2017\u4e3b.webp\",\"width\":800,\"height\":800},{\"@type\":\"BreadcrumbList\",\"@id\":\"https:\\\/\\\/www.dt-smart.com\\\/product\\\/high-quality-amoled-screen-replacement-for-samsung-a5-2017-exceptional-clarity-and-durability\\\/#breadcrumb\",\"itemListElement\":[{\"@type\":\"ListItem\",\"position\":1,\"name\":\"Home\",\"item\":\"https:\\\/\\\/www.dt-smart.com\\\/\"},{\"@type\":\"ListItem\",\"position\":2,\"name\":\"Product\",\"item\":\"https:\\\/\\\/www.dt-smart.com\\\/ru\\\/product\\\/\"},{\"@type\":\"ListItem\",\"position\":3,\"name\":\"Samsung Galaxy A5 (2017) AMOLED Screen Replacement &#8211; High Quality Exceptional Clarity &#038; Durability &#8211; Original &#038; Service Pack Quality &#8211; Quality Guaranteed &#8211; Fast Shipping\"}]},{\"@type\":\"WebSite\",\"@id\":\"https:\\\/\\\/www.dt-smart.com\\\/#website\",\"url\":\"https:\\\/\\\/www.dt-smart.com\\\/\",\"name\":\"InsurePart\",\"description\":\"Cell Phone Repair Parts; iPhone Parts Wholesale;Samsung Parts Supplier\",\"potentialAction\":[{\"@type\":\"SearchAction\",\"target\":{\"@type\":\"EntryPoint\",\"urlTemplate\":\"https:\\\/\\\/www.dt-smart.com\\\/?s={search_term_string}\"},\"query-input\":{\"@type\":\"PropertyValueSpecification\",\"valueRequired\":true,\"valueName\":\"search_term_string\"}}],\"inLanguage\":\"de\"}]}<\/script>\n<!-- \/ Yoast SEO plugin. -->","yoast_head_json":{"title":"Samsung Galaxy A5 (2017) AMOLED Screen Replacement - High Quality Exceptional Clarity & Durability - Original & Service Pack Quality - Quality Guaranteed - Fast Shipping - InsurePart","description":"Samsung Galaxy A5 (2017) AMOLED-Bildschirm-Ersatz \u2013 Hochwertige, au\u00dfergew\u00f6hnliche Klarheit und Langlebigkeit \u2013 Originalqualit\u00e4t und Service-Pack-Qualit\u00e4t \u2013 Qualit\u00e4tsgarantie \u2013 Schneller Versand","robots":{"index":"index","follow":"follow","max-snippet":"max-snippet:-1","max-image-preview":"max-image-preview:large","max-video-preview":"max-video-preview:-1"},"canonical":"https:\/\/www.dt-smart.com\/de\/produkt\/high-quality-amoled-screen-replacement-for-samsung-a5-2017-exceptional-clarity-and-durability\/","og_locale":"de_DE","og_type":"article","og_title":"Samsung Galaxy A5 (2017) AMOLED Screen Replacement - High Quality Exceptional Clarity & Durability - Original & Service Pack Quality - Quality Guaranteed - Fast Shipping - InsurePart","og_description":"Samsung Galaxy A5 (2017) AMOLED Screen Replacement - High Quality Exceptional Clarity & Durability - Original & Service Pack Quality - Quality Guaranteed - Fast Shipping","og_url":"https:\/\/www.dt-smart.com\/de\/produkt\/high-quality-amoled-screen-replacement-for-samsung-a5-2017-exceptional-clarity-and-durability\/","og_site_name":"InsurePart","article_publisher":"https:\/\/www.facebook.com\/anjinleeEva","article_modified_time":"2026-01-09T06:44:38+00:00","og_image":[{"width":800,"height":800,"url":"https:\/\/www.dt-smart.com\/wp-content\/uploads\/2024\/12\/A5-2017\u4e3b.webp","type":"image\/webp"}],"twitter_card":"summary_large_image","twitter_misc":{"Gesch\u00e4tzte Lesezeit":"1\u00a0Minute"},"schema":{"@context":"https:\/\/schema.org","@graph":[{"@type":"WebPage","@id":"https:\/\/www.dt-smart.com\/product\/high-quality-amoled-screen-replacement-for-samsung-a5-2017-exceptional-clarity-and-durability\/","url":"https:\/\/www.dt-smart.com\/product\/high-quality-amoled-screen-replacement-for-samsung-a5-2017-exceptional-clarity-and-durability\/","name":"Samsung Galaxy A5 (2017) AMOLED Screen Replacement - High Quality Exceptional Clarity & Durability - Original & Service Pack Quality - Quality Guaranteed - Fast Shipping - InsurePart","isPartOf":{"@id":"https:\/\/www.dt-smart.com\/#website"},"primaryImageOfPage":{"@id":"https:\/\/www.dt-smart.com\/product\/high-quality-amoled-screen-replacement-for-samsung-a5-2017-exceptional-clarity-and-durability\/#primaryimage"},"image":{"@id":"https:\/\/www.dt-smart.com\/product\/high-quality-amoled-screen-replacement-for-samsung-a5-2017-exceptional-clarity-and-durability\/#primaryimage"},"thumbnailUrl":"https:\/\/www.dt-smart.com\/wp-content\/uploads\/2024\/12\/A5-2017\u4e3b.webp","datePublished":"2024-12-30T07:53:53+00:00","dateModified":"2026-01-09T06:44:38+00:00","description":"Samsung Galaxy A5 (2017) AMOLED-Bildschirm-Ersatz \u2013 Hochwertige, au\u00dfergew\u00f6hnliche Klarheit und Langlebigkeit \u2013 Originalqualit\u00e4t und Service-Pack-Qualit\u00e4t \u2013 Qualit\u00e4tsgarantie \u2013 Schneller Versand","breadcrumb":{"@id":"https:\/\/www.dt-smart.com\/product\/high-quality-amoled-screen-replacement-for-samsung-a5-2017-exceptional-clarity-and-durability\/#breadcrumb"},"inLanguage":"de","potentialAction":[{"@type":"ReadAction","target":["https:\/\/www.dt-smart.com\/product\/high-quality-amoled-screen-replacement-for-samsung-a5-2017-exceptional-clarity-and-durability\/"]}]},{"@type":"ImageObject","inLanguage":"de","@id":"https:\/\/www.dt-smart.com\/product\/high-quality-amoled-screen-replacement-for-samsung-a5-2017-exceptional-clarity-and-durability\/#primaryimage","url":"https:\/\/www.dt-smart.com\/wp-content\/uploads\/2024\/12\/A5-2017\u4e3b.webp","contentUrl":"https:\/\/www.dt-smart.com\/wp-content\/uploads\/2024\/12\/A5-2017\u4e3b.webp","width":800,"height":800},{"@type":"BreadcrumbList","@id":"https:\/\/www.dt-smart.com\/product\/high-quality-amoled-screen-replacement-for-samsung-a5-2017-exceptional-clarity-and-durability\/#breadcrumb","itemListElement":[{"@type":"ListItem","position":1,"name":"Home","item":"https:\/\/www.dt-smart.com\/"},{"@type":"ListItem","position":2,"name":"Product","item":"https:\/\/www.dt-smart.com\/ru\/product\/"},{"@type":"ListItem","position":3,"name":"Samsung Galaxy A5 (2017) AMOLED Screen Replacement &#8211; High Quality Exceptional Clarity &#038; Durability &#8211; Original &#038; Service Pack Quality &#8211; Quality Guaranteed &#8211; Fast Shipping"}]},{"@type":"WebSite","@id":"https:\/\/www.dt-smart.com\/#website","url":"https:\/\/www.dt-smart.com\/","name":"InsurePart","description":"Handy-Ersatzteile; iPhone-Ersatzteile im Gro\u00dfhandel; Samsung-Ersatzteillieferant","potentialAction":[{"@type":"SearchAction","target":{"@type":"EntryPoint","urlTemplate":"https:\/\/www.dt-smart.com\/?s={search_term_string}"},"query-input":{"@type":"PropertyValueSpecification","valueRequired":true,"valueName":"search_term_string"}}],"inLanguage":"de"}]}},"_links":{"self":[{"href":"https:\/\/www.dt-smart.com\/de\/wp-json\/wp\/v2\/product\/18063","targetHints":{"allow":["GET"]}}],"collection":[{"href":"https:\/\/www.dt-smart.com\/de\/wp-json\/wp\/v2\/product"}],"about":[{"href":"https:\/\/www.dt-smart.com\/de\/wp-json\/wp\/v2\/types\/product"}],"replies":[{"embeddable":true,"href":"https:\/\/www.dt-smart.com\/de\/wp-json\/wp\/v2\/comments?post=18063"}],"version-history":[{"count":5,"href":"https:\/\/www.dt-smart.com\/de\/wp-json\/wp\/v2\/product\/18063\/revisions"}],"predecessor-version":[{"id":24498,"href":"https:\/\/www.dt-smart.com\/de\/wp-json\/wp\/v2\/product\/18063\/revisions\/24498"}],"wp:featuredmedia":[{"embeddable":true,"href":"https:\/\/www.dt-smart.com\/de\/wp-json\/wp\/v2\/media\/17837"}],"wp:attachment":[{"href":"https:\/\/www.dt-smart.com\/de\/wp-json\/wp\/v2\/media?parent=18063"}],"wp:term":[{"taxonomy":"product_brand","embeddable":true,"href":"https:\/\/www.dt-smart.com\/de\/wp-json\/wp\/v2\/product_brand?post=18063"},{"taxonomy":"product_cat","embeddable":true,"href":"https:\/\/www.dt-smart.com\/de\/wp-json\/wp\/v2\/product_cat?post=18063"},{"taxonomy":"product_tag","embeddable":true,"href":"https:\/\/www.dt-smart.com\/de\/wp-json\/wp\/v2\/product_tag?post=18063"}],"curies":[{"name":"wp","href":"https:\/\/api.w.org\/{rel}","templated":true}]}}