{"id":18142,"date":"2025-01-02T10:18:57","date_gmt":"2025-01-02T02:18:57","guid":{"rendered":"https:\/\/www.insurepart.com\/?post_type=product&#038;p=18142"},"modified":"2025-12-30T11:17:20","modified_gmt":"2025-12-30T03:17:20","slug":"exceptional-brilliance-for-oppo-find-x7-with-remarkable-sharpness-and-immersive-depth","status":"publish","type":"product","link":"https:\/\/www.dt-smart.com\/de\/produkt\/exceptional-brilliance-for-oppo-find-x7-with-remarkable-sharpness-and-immersive-depth\/","title":{"rendered":"OPPO Find X7 Display-Ersatz \u2013 Au\u00dfergew\u00f6hnliche Brillanz mit bemerkenswerter Sch\u00e4rfe und beeindruckender Tiefe \u2013 Ultra-fl\u00fcssige Bedienung \u2013 Erstausr\u00fcsterqualit\u00e4t \u2013 Qualit\u00e4tsgarantie \u2013 Schneller Versand"},"content":{"rendered":"<p style=\"text-align: center;\"><img fetchpriority=\"high\" decoding=\"async\" class=\"alignnone size-full wp-image-15567\" src=\"https:\/\/www.insurepart.com\/wp-content\/uploads\/2024\/08\/\u4e3a\u4ec0\u4e48\u9009\u62e9\u6211\u4eec22.webp\" alt=\"\" width=\"1000\" height=\"786\" srcset=\"https:\/\/www.dt-smart.com\/wp-content\/uploads\/2024\/08\/\u4e3a\u4ec0\u4e48\u9009\u62e9\u6211\u4eec22.webp 1000w, https:\/\/www.dt-smart.com\/wp-content\/uploads\/2024\/08\/\u4e3a\u4ec0\u4e48\u9009\u62e9\u6211\u4eec22-300x236.webp 300w, https:\/\/www.dt-smart.com\/wp-content\/uploads\/2024\/08\/\u4e3a\u4ec0\u4e48\u9009\u62e9\u6211\u4eec22-150x118.webp 150w, https:\/\/www.dt-smart.com\/wp-content\/uploads\/2024\/08\/\u4e3a\u4ec0\u4e48\u9009\u62e9\u6211\u4eec22-800x629.webp 800w, https:\/\/www.dt-smart.com\/wp-content\/uploads\/2024\/08\/\u4e3a\u4ec0\u4e48\u9009\u62e9\u6211\u4eec22-768x604.webp 768w, https:\/\/www.dt-smart.com\/wp-content\/uploads\/2024\/08\/\u4e3a\u4ec0\u4e48\u9009\u62e9\u6211\u4eec22-15x12.webp 15w\" sizes=\"(max-width: 1000px) 100vw, 1000px\" \/><\/p>","protected":false},"excerpt":{"rendered":"<p><span style=\"font-size: 10pt;\">Erleben Sie mit dem brillanten Display des OPPO Find X7 eine neue Dimension der Bildqualit\u00e4t. Es besticht durch bemerkenswerte Sch\u00e4rfe und eine beeindruckende Tiefensch\u00e4rfe. Jedes Bild erstrahlt in lebendigen Farben und fl\u00fcssigen Bewegungen und ist somit der ideale Begleiter f\u00fcr Unterhaltung und Produktivit\u00e4t. Dank pr\u00e4zise abgestimmter Helligkeit liefert es in jeder Lichtsituation hervorragende Ergebnisse.<\/span><\/p>","protected":false},"featured_media":18089,"comment_status":"open","ping_status":"closed","template":"","meta":[],"product_brand":[],"product_cat":[422,1269],"product_tag":[],"class_list":{"0":"post-18142","1":"product","2":"type-product","3":"status-publish","4":"has-post-thumbnail","6":"product_cat-find-series","7":"product_cat-find-x7","9":"first","10":"instock","11":"taxable","12":"shipping-taxable","13":"purchasable","14":"product-type-simple"},"yoast_head":"<!-- This site is optimized with the Yoast SEO plugin v27.4 - https:\/\/yoast.com\/product\/yoast-seo-wordpress\/ -->\n<title>OPPO Find X7 Display Replacement - Exceptional Brilliance with Remarkable Sharpness &amp; Immersive Depth - Ultra-Smooth Touch - OEM Grade - Quality Guaranteed - Fast Shipping - InsurePart<\/title>\n<meta name=\"description\" content=\"OPPO Find X7 Display Replacement - Exceptional Brilliance with Remarkable Sharpness &amp; Immersive Depth - Ultra-Smooth Touch - OEM Grade - Quality Guaranteed - Fast Shipping\" \/>\n<meta name=\"robots\" content=\"index, follow, max-snippet:-1, max-image-preview:large, max-video-preview:-1\" \/>\n<link rel=\"canonical\" href=\"https:\/\/www.dt-smart.com\/de\/producto\/exceptional-brilliance-for-oppo-find-x7-with-remarkable-sharpness-and-immersive-depth\/\" \/>\n<meta property=\"og:locale\" content=\"de_DE\" \/>\n<meta property=\"og:type\" content=\"article\" \/>\n<meta property=\"og:title\" content=\"OPPO Find X7 Display Replacement - Exceptional Brilliance with Remarkable Sharpness &amp; Immersive Depth - Ultra-Smooth Touch - OEM Grade - Quality Guaranteed - Fast Shipping - InsurePart\" \/>\n<meta property=\"og:description\" content=\"OPPO Find X7 Display Replacement - Exceptional Brilliance with Remarkable Sharpness &amp; Immersive Depth - Ultra-Smooth Touch - OEM Grade - Quality Guaranteed - Fast Shipping\" \/>\n<meta property=\"og:url\" content=\"https:\/\/www.dt-smart.com\/de\/producto\/exceptional-brilliance-for-oppo-find-x7-with-remarkable-sharpness-and-immersive-depth\/\" \/>\n<meta property=\"og:site_name\" content=\"InsurePart\" \/>\n<meta property=\"article:publisher\" content=\"https:\/\/www.facebook.com\/anjinleeEva\" \/>\n<meta property=\"article:modified_time\" content=\"2025-12-30T03:17:20+00:00\" \/>\n<meta property=\"og:image\" content=\"https:\/\/www.dt-smart.com\/wp-content\/uploads\/2025\/01\/FindX7\u4e3b.webp\" \/>\n\t<meta property=\"og:image:width\" content=\"800\" \/>\n\t<meta property=\"og:image:height\" content=\"800\" \/>\n\t<meta property=\"og:image:type\" content=\"image\/webp\" \/>\n<meta name=\"twitter:card\" content=\"summary_large_image\" \/>\n<meta name=\"twitter:label1\" content=\"Gesch\u00e4tzte Lesezeit\" \/>\n\t<meta name=\"twitter:data1\" content=\"1\u00a0Minute\" \/>\n<script type=\"application\/ld+json\" class=\"yoast-schema-graph\">{\"@context\":\"https:\\\/\\\/schema.org\",\"@graph\":[{\"@type\":\"WebPage\",\"@id\":\"https:\\\/\\\/www.dt-smart.com\\\/es\\\/producto\\\/exceptional-brilliance-for-oppo-find-x7-with-remarkable-sharpness-and-immersive-depth\\\/\",\"url\":\"https:\\\/\\\/www.dt-smart.com\\\/es\\\/producto\\\/exceptional-brilliance-for-oppo-find-x7-with-remarkable-sharpness-and-immersive-depth\\\/\",\"name\":\"OPPO Find X7 Display Replacement - Exceptional Brilliance with Remarkable Sharpness & Immersive Depth - Ultra-Smooth Touch - OEM Grade - Quality Guaranteed - Fast Shipping - InsurePart\",\"isPartOf\":{\"@id\":\"https:\\\/\\\/www.dt-smart.com\\\/#website\"},\"primaryImageOfPage\":{\"@id\":\"https:\\\/\\\/www.dt-smart.com\\\/es\\\/producto\\\/exceptional-brilliance-for-oppo-find-x7-with-remarkable-sharpness-and-immersive-depth\\\/#primaryimage\"},\"image\":{\"@id\":\"https:\\\/\\\/www.dt-smart.com\\\/es\\\/producto\\\/exceptional-brilliance-for-oppo-find-x7-with-remarkable-sharpness-and-immersive-depth\\\/#primaryimage\"},\"thumbnailUrl\":\"https:\\\/\\\/www.dt-smart.com\\\/wp-content\\\/uploads\\\/2025\\\/01\\\/FindX7\u4e3b.webp\",\"datePublished\":\"2025-01-02T02:18:57+00:00\",\"dateModified\":\"2025-12-30T03:17:20+00:00\",\"description\":\"OPPO Find X7 Display Replacement - Exceptional Brilliance with Remarkable Sharpness & Immersive Depth - Ultra-Smooth Touch - OEM Grade - Quality Guaranteed - Fast Shipping\",\"breadcrumb\":{\"@id\":\"https:\\\/\\\/www.dt-smart.com\\\/es\\\/producto\\\/exceptional-brilliance-for-oppo-find-x7-with-remarkable-sharpness-and-immersive-depth\\\/#breadcrumb\"},\"inLanguage\":\"de\",\"potentialAction\":[{\"@type\":\"ReadAction\",\"target\":[\"https:\\\/\\\/www.dt-smart.com\\\/es\\\/producto\\\/exceptional-brilliance-for-oppo-find-x7-with-remarkable-sharpness-and-immersive-depth\\\/\"]}]},{\"@type\":\"ImageObject\",\"inLanguage\":\"de\",\"@id\":\"https:\\\/\\\/www.dt-smart.com\\\/es\\\/producto\\\/exceptional-brilliance-for-oppo-find-x7-with-remarkable-sharpness-and-immersive-depth\\\/#primaryimage\",\"url\":\"https:\\\/\\\/www.dt-smart.com\\\/wp-content\\\/uploads\\\/2025\\\/01\\\/FindX7\u4e3b.webp\",\"contentUrl\":\"https:\\\/\\\/www.dt-smart.com\\\/wp-content\\\/uploads\\\/2025\\\/01\\\/FindX7\u4e3b.webp\",\"width\":800,\"height\":800},{\"@type\":\"BreadcrumbList\",\"@id\":\"https:\\\/\\\/www.dt-smart.com\\\/es\\\/producto\\\/exceptional-brilliance-for-oppo-find-x7-with-remarkable-sharpness-and-immersive-depth\\\/#breadcrumb\",\"itemListElement\":[{\"@type\":\"ListItem\",\"position\":1,\"name\":\"Home\",\"item\":\"https:\\\/\\\/www.dt-smart.com\\\/\"},{\"@type\":\"ListItem\",\"position\":2,\"name\":\"Product\",\"item\":\"https:\\\/\\\/www.dt-smart.com\\\/ru\\\/product\\\/\"},{\"@type\":\"ListItem\",\"position\":3,\"name\":\"OPPO Find X7 Display Replacement &#8211; Exceptional Brilliance with Remarkable Sharpness &#038; Immersive Depth &#8211; Ultra-Smooth Touch &#8211; OEM Grade &#8211; Quality Guaranteed &#8211; Fast Shipping\"}]},{\"@type\":\"WebSite\",\"@id\":\"https:\\\/\\\/www.dt-smart.com\\\/#website\",\"url\":\"https:\\\/\\\/www.dt-smart.com\\\/\",\"name\":\"InsurePart\",\"description\":\"Cell Phone Repair Parts; iPhone Parts Wholesale;Samsung Parts Supplier\",\"potentialAction\":[{\"@type\":\"SearchAction\",\"target\":{\"@type\":\"EntryPoint\",\"urlTemplate\":\"https:\\\/\\\/www.dt-smart.com\\\/?s={search_term_string}\"},\"query-input\":{\"@type\":\"PropertyValueSpecification\",\"valueRequired\":true,\"valueName\":\"search_term_string\"}}],\"inLanguage\":\"de\"}]}<\/script>\n<!-- \/ Yoast SEO plugin. -->","yoast_head_json":{"title":"OPPO Find X7 Display Replacement - Exceptional Brilliance with Remarkable Sharpness & Immersive Depth - Ultra-Smooth Touch - OEM Grade - Quality Guaranteed - Fast Shipping - InsurePart","description":"OPPO Find X7 Display Replacement - Exceptional Brilliance with Remarkable Sharpness & Immersive Depth - Ultra-Smooth Touch - OEM Grade - Quality Guaranteed - Fast Shipping","robots":{"index":"index","follow":"follow","max-snippet":"max-snippet:-1","max-image-preview":"max-image-preview:large","max-video-preview":"max-video-preview:-1"},"canonical":"https:\/\/www.dt-smart.com\/de\/producto\/exceptional-brilliance-for-oppo-find-x7-with-remarkable-sharpness-and-immersive-depth\/","og_locale":"de_DE","og_type":"article","og_title":"OPPO Find X7 Display Replacement - Exceptional Brilliance with Remarkable Sharpness & Immersive Depth - Ultra-Smooth Touch - OEM Grade - Quality Guaranteed - Fast Shipping - InsurePart","og_description":"OPPO Find X7 Display Replacement - Exceptional Brilliance with Remarkable Sharpness & Immersive Depth - Ultra-Smooth Touch - OEM Grade - Quality Guaranteed - Fast Shipping","og_url":"https:\/\/www.dt-smart.com\/de\/producto\/exceptional-brilliance-for-oppo-find-x7-with-remarkable-sharpness-and-immersive-depth\/","og_site_name":"InsurePart","article_publisher":"https:\/\/www.facebook.com\/anjinleeEva","article_modified_time":"2025-12-30T03:17:20+00:00","og_image":[{"width":800,"height":800,"url":"https:\/\/www.dt-smart.com\/wp-content\/uploads\/2025\/01\/FindX7\u4e3b.webp","type":"image\/webp"}],"twitter_card":"summary_large_image","twitter_misc":{"Gesch\u00e4tzte Lesezeit":"1\u00a0Minute"},"schema":{"@context":"https:\/\/schema.org","@graph":[{"@type":"WebPage","@id":"https:\/\/www.dt-smart.com\/es\/producto\/exceptional-brilliance-for-oppo-find-x7-with-remarkable-sharpness-and-immersive-depth\/","url":"https:\/\/www.dt-smart.com\/es\/producto\/exceptional-brilliance-for-oppo-find-x7-with-remarkable-sharpness-and-immersive-depth\/","name":"OPPO Find X7 Display Replacement - Exceptional Brilliance with Remarkable Sharpness & Immersive Depth - Ultra-Smooth Touch - OEM Grade - Quality Guaranteed - Fast Shipping - InsurePart","isPartOf":{"@id":"https:\/\/www.dt-smart.com\/#website"},"primaryImageOfPage":{"@id":"https:\/\/www.dt-smart.com\/es\/producto\/exceptional-brilliance-for-oppo-find-x7-with-remarkable-sharpness-and-immersive-depth\/#primaryimage"},"image":{"@id":"https:\/\/www.dt-smart.com\/es\/producto\/exceptional-brilliance-for-oppo-find-x7-with-remarkable-sharpness-and-immersive-depth\/#primaryimage"},"thumbnailUrl":"https:\/\/www.dt-smart.com\/wp-content\/uploads\/2025\/01\/FindX7\u4e3b.webp","datePublished":"2025-01-02T02:18:57+00:00","dateModified":"2025-12-30T03:17:20+00:00","description":"OPPO Find X7 Display Replacement - Exceptional Brilliance with Remarkable Sharpness & Immersive Depth - Ultra-Smooth Touch - OEM Grade - Quality Guaranteed - Fast Shipping","breadcrumb":{"@id":"https:\/\/www.dt-smart.com\/es\/producto\/exceptional-brilliance-for-oppo-find-x7-with-remarkable-sharpness-and-immersive-depth\/#breadcrumb"},"inLanguage":"de","potentialAction":[{"@type":"ReadAction","target":["https:\/\/www.dt-smart.com\/es\/producto\/exceptional-brilliance-for-oppo-find-x7-with-remarkable-sharpness-and-immersive-depth\/"]}]},{"@type":"ImageObject","inLanguage":"de","@id":"https:\/\/www.dt-smart.com\/es\/producto\/exceptional-brilliance-for-oppo-find-x7-with-remarkable-sharpness-and-immersive-depth\/#primaryimage","url":"https:\/\/www.dt-smart.com\/wp-content\/uploads\/2025\/01\/FindX7\u4e3b.webp","contentUrl":"https:\/\/www.dt-smart.com\/wp-content\/uploads\/2025\/01\/FindX7\u4e3b.webp","width":800,"height":800},{"@type":"BreadcrumbList","@id":"https:\/\/www.dt-smart.com\/es\/producto\/exceptional-brilliance-for-oppo-find-x7-with-remarkable-sharpness-and-immersive-depth\/#breadcrumb","itemListElement":[{"@type":"ListItem","position":1,"name":"Home","item":"https:\/\/www.dt-smart.com\/"},{"@type":"ListItem","position":2,"name":"Product","item":"https:\/\/www.dt-smart.com\/ru\/product\/"},{"@type":"ListItem","position":3,"name":"OPPO Find X7 Display Replacement &#8211; Exceptional Brilliance with Remarkable Sharpness &#038; Immersive Depth &#8211; Ultra-Smooth Touch &#8211; OEM Grade &#8211; Quality Guaranteed &#8211; Fast Shipping"}]},{"@type":"WebSite","@id":"https:\/\/www.dt-smart.com\/#website","url":"https:\/\/www.dt-smart.com\/","name":"InsurePart","description":"Handy-Ersatzteile; iPhone-Ersatzteile im Gro\u00dfhandel; Samsung-Ersatzteillieferant","potentialAction":[{"@type":"SearchAction","target":{"@type":"EntryPoint","urlTemplate":"https:\/\/www.dt-smart.com\/?s={search_term_string}"},"query-input":{"@type":"PropertyValueSpecification","valueRequired":true,"valueName":"search_term_string"}}],"inLanguage":"de"}]}},"_links":{"self":[{"href":"https:\/\/www.dt-smart.com\/de\/wp-json\/wp\/v2\/product\/18142","targetHints":{"allow":["GET"]}}],"collection":[{"href":"https:\/\/www.dt-smart.com\/de\/wp-json\/wp\/v2\/product"}],"about":[{"href":"https:\/\/www.dt-smart.com\/de\/wp-json\/wp\/v2\/types\/product"}],"replies":[{"embeddable":true,"href":"https:\/\/www.dt-smart.com\/de\/wp-json\/wp\/v2\/comments?post=18142"}],"version-history":[{"count":3,"href":"https:\/\/www.dt-smart.com\/de\/wp-json\/wp\/v2\/product\/18142\/revisions"}],"predecessor-version":[{"id":23939,"href":"https:\/\/www.dt-smart.com\/de\/wp-json\/wp\/v2\/product\/18142\/revisions\/23939"}],"wp:featuredmedia":[{"embeddable":true,"href":"https:\/\/www.dt-smart.com\/de\/wp-json\/wp\/v2\/media\/18089"}],"wp:attachment":[{"href":"https:\/\/www.dt-smart.com\/de\/wp-json\/wp\/v2\/media?parent=18142"}],"wp:term":[{"taxonomy":"product_brand","embeddable":true,"href":"https:\/\/www.dt-smart.com\/de\/wp-json\/wp\/v2\/product_brand?post=18142"},{"taxonomy":"product_cat","embeddable":true,"href":"https:\/\/www.dt-smart.com\/de\/wp-json\/wp\/v2\/product_cat?post=18142"},{"taxonomy":"product_tag","embeddable":true,"href":"https:\/\/www.dt-smart.com\/de\/wp-json\/wp\/v2\/product_tag?post=18142"}],"curies":[{"name":"wp","href":"https:\/\/api.w.org\/{rel}","templated":true}]}}