{"id":18263,"date":"2025-01-03T15:09:51","date_gmt":"2025-01-03T07:09:51","guid":{"rendered":"https:\/\/insurepart.com\/?post_type=product&#038;p=18263"},"modified":"2026-01-12T15:16:33","modified_gmt":"2026-01-12T07:16:33","slug":"immersive-display-for-oppo-reno-7z-with-deep-contrast-and-smooth-visual-transitions","status":"publish","type":"product","link":"https:\/\/www.dt-smart.com\/de\/produkt\/immersive-display-for-oppo-reno-7z-with-deep-contrast-and-smooth-visual-transitions\/","title":{"rendered":"OPPO Reno 7Z Display-Ersatz \u2013 Brillantes Display mit hohem Kontrast und fl\u00fcssigen \u00dcberg\u00e4ngen \u2013 Lebendige Farben und reaktionsschnelle Touch-Funktion \u2013 Erstausr\u00fcsterqualit\u00e4t \u2013 Qualit\u00e4tsgarantie \u2013 Schneller Versand"},"content":{"rendered":"<p><img fetchpriority=\"high\" decoding=\"async\" class=\"size-full wp-image-15567 aligncenter\" src=\"https:\/\/insurepart.com\/wp-content\/uploads\/2024\/08\/\u4e3a\u4ec0\u4e48\u9009\u62e9\u6211\u4eec22.webp\" alt=\"\" width=\"1000\" height=\"786\" srcset=\"https:\/\/www.dt-smart.com\/wp-content\/uploads\/2024\/08\/\u4e3a\u4ec0\u4e48\u9009\u62e9\u6211\u4eec22.webp 1000w, https:\/\/www.dt-smart.com\/wp-content\/uploads\/2024\/08\/\u4e3a\u4ec0\u4e48\u9009\u62e9\u6211\u4eec22-300x236.webp 300w, https:\/\/www.dt-smart.com\/wp-content\/uploads\/2024\/08\/\u4e3a\u4ec0\u4e48\u9009\u62e9\u6211\u4eec22-150x118.webp 150w, https:\/\/www.dt-smart.com\/wp-content\/uploads\/2024\/08\/\u4e3a\u4ec0\u4e48\u9009\u62e9\u6211\u4eec22-800x629.webp 800w, https:\/\/www.dt-smart.com\/wp-content\/uploads\/2024\/08\/\u4e3a\u4ec0\u4e48\u9009\u62e9\u6211\u4eec22-768x604.webp 768w, https:\/\/www.dt-smart.com\/wp-content\/uploads\/2024\/08\/\u4e3a\u4ec0\u4e48\u9009\u62e9\u6211\u4eec22-15x12.webp 15w\" sizes=\"(max-width: 1000px) 100vw, 1000px\" \/><\/p>","protected":false},"excerpt":{"rendered":"<p><span style=\"font-size: 10pt;\">Das beeindruckende Display des OPPO Reno 7Z besticht durch tiefen Kontrast und fl\u00fcssige \u00dcberg\u00e4nge und sorgt so f\u00fcr ein nahtloses Seherlebnis bei allen Inhalten. Dank seiner Sch\u00e4rfe und lebendigen Farben eignet es sich hervorragend f\u00fcr den t\u00e4glichen Gebrauch. Ob bei hellem Sonnenlicht oder in dunkler Umgebung \u2013 der Bildschirm passt sich stets an und bietet gleichbleibend hohe Qualit\u00e4t und optimalen Sehkomfort.<\/span><\/p>","protected":false},"featured_media":18223,"comment_status":"open","ping_status":"closed","template":"","meta":[],"product_brand":[],"product_cat":[1278,421],"product_tag":[],"class_list":{"0":"post-18263","1":"product","2":"type-product","3":"status-publish","4":"has-post-thumbnail","6":"product_cat-reno-7z","7":"product_cat-reno-series","9":"first","10":"instock","11":"taxable","12":"shipping-taxable","13":"purchasable","14":"product-type-simple"},"yoast_head":"<!-- This site is optimized with the Yoast SEO plugin v27.4 - https:\/\/yoast.com\/product\/yoast-seo-wordpress\/ -->\n<title>OPPO Reno 7Z Display Replacement - Immersive Display with Deep Contrast &amp; Smooth Visual Transitions - Vivid Colors &amp; Responsive Touch - OEM Grade - Quality Guaranteed - Fast Shipping - InsurePart<\/title>\n<meta name=\"description\" content=\"OPPO Reno 7Z Display Replacement - Immersive Display with Deep Contrast &amp; Smooth Visual Transitions - Vivid Colors &amp; Responsive Touch - OEM Grade - Quality Guaranteed - Fast Shipping\" \/>\n<meta name=\"robots\" content=\"index, follow, max-snippet:-1, max-image-preview:large, max-video-preview:-1\" \/>\n<link rel=\"canonical\" href=\"https:\/\/www.dt-smart.com\/de\/produkt\/immersive-display-for-oppo-reno-7z-with-deep-contrast-and-smooth-visual-transitions\/\" \/>\n<meta property=\"og:locale\" content=\"de_DE\" \/>\n<meta property=\"og:type\" content=\"article\" \/>\n<meta property=\"og:title\" content=\"OPPO Reno 7Z Display Replacement - Immersive Display with Deep Contrast &amp; Smooth Visual Transitions - Vivid Colors &amp; Responsive Touch - OEM Grade - Quality Guaranteed - Fast Shipping - InsurePart\" \/>\n<meta property=\"og:description\" content=\"OPPO Reno 7Z Display Replacement - Immersive Display with Deep Contrast &amp; Smooth Visual Transitions - Vivid Colors &amp; Responsive Touch - OEM Grade - Quality Guaranteed - Fast Shipping\" \/>\n<meta property=\"og:url\" content=\"https:\/\/www.dt-smart.com\/de\/produkt\/immersive-display-for-oppo-reno-7z-with-deep-contrast-and-smooth-visual-transitions\/\" \/>\n<meta property=\"og:site_name\" content=\"InsurePart\" \/>\n<meta property=\"article:publisher\" content=\"https:\/\/www.facebook.com\/anjinleeEva\" \/>\n<meta property=\"article:modified_time\" content=\"2026-01-12T07:16:33+00:00\" \/>\n<meta property=\"og:image\" content=\"https:\/\/www.dt-smart.com\/wp-content\/uploads\/2025\/01\/Reno7-7SE\u4e3b-1.webp\" \/>\n\t<meta property=\"og:image:width\" content=\"800\" \/>\n\t<meta property=\"og:image:height\" content=\"800\" \/>\n\t<meta property=\"og:image:type\" content=\"image\/webp\" \/>\n<meta name=\"twitter:card\" content=\"summary_large_image\" \/>\n<meta name=\"twitter:label1\" content=\"Gesch\u00e4tzte Lesezeit\" \/>\n\t<meta name=\"twitter:data1\" content=\"1\u00a0Minute\" \/>\n<script type=\"application\/ld+json\" class=\"yoast-schema-graph\">{\"@context\":\"https:\\\/\\\/schema.org\",\"@graph\":[{\"@type\":\"WebPage\",\"@id\":\"https:\\\/\\\/www.dt-smart.com\\\/de\\\/produkt\\\/immersive-display-for-oppo-reno-7z-with-deep-contrast-and-smooth-visual-transitions\\\/\",\"url\":\"https:\\\/\\\/www.dt-smart.com\\\/de\\\/produkt\\\/immersive-display-for-oppo-reno-7z-with-deep-contrast-and-smooth-visual-transitions\\\/\",\"name\":\"OPPO Reno 7Z Display Replacement - Immersive Display with Deep Contrast & Smooth Visual Transitions - Vivid Colors & Responsive Touch - OEM Grade - Quality Guaranteed - Fast Shipping - InsurePart\",\"isPartOf\":{\"@id\":\"https:\\\/\\\/www.dt-smart.com\\\/#website\"},\"primaryImageOfPage\":{\"@id\":\"https:\\\/\\\/www.dt-smart.com\\\/de\\\/produkt\\\/immersive-display-for-oppo-reno-7z-with-deep-contrast-and-smooth-visual-transitions\\\/#primaryimage\"},\"image\":{\"@id\":\"https:\\\/\\\/www.dt-smart.com\\\/de\\\/produkt\\\/immersive-display-for-oppo-reno-7z-with-deep-contrast-and-smooth-visual-transitions\\\/#primaryimage\"},\"thumbnailUrl\":\"https:\\\/\\\/www.dt-smart.com\\\/wp-content\\\/uploads\\\/2025\\\/01\\\/Reno7-7SE\u4e3b-1.webp\",\"datePublished\":\"2025-01-03T07:09:51+00:00\",\"dateModified\":\"2026-01-12T07:16:33+00:00\",\"description\":\"OPPO Reno 7Z Display Replacement - Immersive Display with Deep Contrast & Smooth Visual Transitions - Vivid Colors & Responsive Touch - OEM Grade - Quality Guaranteed - Fast Shipping\",\"breadcrumb\":{\"@id\":\"https:\\\/\\\/www.dt-smart.com\\\/de\\\/produkt\\\/immersive-display-for-oppo-reno-7z-with-deep-contrast-and-smooth-visual-transitions\\\/#breadcrumb\"},\"inLanguage\":\"de\",\"potentialAction\":[{\"@type\":\"ReadAction\",\"target\":[\"https:\\\/\\\/www.dt-smart.com\\\/de\\\/produkt\\\/immersive-display-for-oppo-reno-7z-with-deep-contrast-and-smooth-visual-transitions\\\/\"]}]},{\"@type\":\"ImageObject\",\"inLanguage\":\"de\",\"@id\":\"https:\\\/\\\/www.dt-smart.com\\\/de\\\/produkt\\\/immersive-display-for-oppo-reno-7z-with-deep-contrast-and-smooth-visual-transitions\\\/#primaryimage\",\"url\":\"https:\\\/\\\/www.dt-smart.com\\\/wp-content\\\/uploads\\\/2025\\\/01\\\/Reno7-7SE\u4e3b-1.webp\",\"contentUrl\":\"https:\\\/\\\/www.dt-smart.com\\\/wp-content\\\/uploads\\\/2025\\\/01\\\/Reno7-7SE\u4e3b-1.webp\",\"width\":800,\"height\":800},{\"@type\":\"BreadcrumbList\",\"@id\":\"https:\\\/\\\/www.dt-smart.com\\\/de\\\/produkt\\\/immersive-display-for-oppo-reno-7z-with-deep-contrast-and-smooth-visual-transitions\\\/#breadcrumb\",\"itemListElement\":[{\"@type\":\"ListItem\",\"position\":1,\"name\":\"Home\",\"item\":\"https:\\\/\\\/www.dt-smart.com\\\/\"},{\"@type\":\"ListItem\",\"position\":2,\"name\":\"Product\",\"item\":\"https:\\\/\\\/www.dt-smart.com\\\/ru\\\/product\\\/\"},{\"@type\":\"ListItem\",\"position\":3,\"name\":\"OPPO Reno 7Z Display Replacement &#8211; Immersive Display with Deep Contrast &#038; Smooth Visual Transitions &#8211; Vivid Colors &#038; Responsive Touch &#8211; OEM Grade &#8211; Quality Guaranteed &#8211; Fast Shipping\"}]},{\"@type\":\"WebSite\",\"@id\":\"https:\\\/\\\/www.dt-smart.com\\\/#website\",\"url\":\"https:\\\/\\\/www.dt-smart.com\\\/\",\"name\":\"InsurePart\",\"description\":\"Cell Phone Repair Parts; iPhone Parts Wholesale;Samsung Parts Supplier\",\"potentialAction\":[{\"@type\":\"SearchAction\",\"target\":{\"@type\":\"EntryPoint\",\"urlTemplate\":\"https:\\\/\\\/www.dt-smart.com\\\/?s={search_term_string}\"},\"query-input\":{\"@type\":\"PropertyValueSpecification\",\"valueRequired\":true,\"valueName\":\"search_term_string\"}}],\"inLanguage\":\"de\"}]}<\/script>\n<!-- \/ Yoast SEO plugin. -->","yoast_head_json":{"title":"OPPO Reno 7Z Display Replacement - Immersive Display with Deep Contrast & Smooth Visual Transitions - Vivid Colors & Responsive Touch - OEM Grade - Quality Guaranteed - Fast Shipping - InsurePart","description":"OPPO Reno 7Z Display Replacement - Immersive Display with Deep Contrast & Smooth Visual Transitions - Vivid Colors & Responsive Touch - OEM Grade - Quality Guaranteed - Fast Shipping","robots":{"index":"index","follow":"follow","max-snippet":"max-snippet:-1","max-image-preview":"max-image-preview:large","max-video-preview":"max-video-preview:-1"},"canonical":"https:\/\/www.dt-smart.com\/de\/produkt\/immersive-display-for-oppo-reno-7z-with-deep-contrast-and-smooth-visual-transitions\/","og_locale":"de_DE","og_type":"article","og_title":"OPPO Reno 7Z Display Replacement - Immersive Display with Deep Contrast & Smooth Visual Transitions - Vivid Colors & Responsive Touch - OEM Grade - Quality Guaranteed - Fast Shipping - InsurePart","og_description":"OPPO Reno 7Z Display Replacement - Immersive Display with Deep Contrast & Smooth Visual Transitions - Vivid Colors & Responsive Touch - OEM Grade - Quality Guaranteed - Fast Shipping","og_url":"https:\/\/www.dt-smart.com\/de\/produkt\/immersive-display-for-oppo-reno-7z-with-deep-contrast-and-smooth-visual-transitions\/","og_site_name":"InsurePart","article_publisher":"https:\/\/www.facebook.com\/anjinleeEva","article_modified_time":"2026-01-12T07:16:33+00:00","og_image":[{"width":800,"height":800,"url":"https:\/\/www.dt-smart.com\/wp-content\/uploads\/2025\/01\/Reno7-7SE\u4e3b-1.webp","type":"image\/webp"}],"twitter_card":"summary_large_image","twitter_misc":{"Gesch\u00e4tzte Lesezeit":"1\u00a0Minute"},"schema":{"@context":"https:\/\/schema.org","@graph":[{"@type":"WebPage","@id":"https:\/\/www.dt-smart.com\/de\/produkt\/immersive-display-for-oppo-reno-7z-with-deep-contrast-and-smooth-visual-transitions\/","url":"https:\/\/www.dt-smart.com\/de\/produkt\/immersive-display-for-oppo-reno-7z-with-deep-contrast-and-smooth-visual-transitions\/","name":"OPPO Reno 7Z Display Replacement - Immersive Display with Deep Contrast & Smooth Visual Transitions - Vivid Colors & Responsive Touch - OEM Grade - Quality Guaranteed - Fast Shipping - InsurePart","isPartOf":{"@id":"https:\/\/www.dt-smart.com\/#website"},"primaryImageOfPage":{"@id":"https:\/\/www.dt-smart.com\/de\/produkt\/immersive-display-for-oppo-reno-7z-with-deep-contrast-and-smooth-visual-transitions\/#primaryimage"},"image":{"@id":"https:\/\/www.dt-smart.com\/de\/produkt\/immersive-display-for-oppo-reno-7z-with-deep-contrast-and-smooth-visual-transitions\/#primaryimage"},"thumbnailUrl":"https:\/\/www.dt-smart.com\/wp-content\/uploads\/2025\/01\/Reno7-7SE\u4e3b-1.webp","datePublished":"2025-01-03T07:09:51+00:00","dateModified":"2026-01-12T07:16:33+00:00","description":"OPPO Reno 7Z Display Replacement - Immersive Display with Deep Contrast & Smooth Visual Transitions - Vivid Colors & Responsive Touch - OEM Grade - Quality Guaranteed - Fast Shipping","breadcrumb":{"@id":"https:\/\/www.dt-smart.com\/de\/produkt\/immersive-display-for-oppo-reno-7z-with-deep-contrast-and-smooth-visual-transitions\/#breadcrumb"},"inLanguage":"de","potentialAction":[{"@type":"ReadAction","target":["https:\/\/www.dt-smart.com\/de\/produkt\/immersive-display-for-oppo-reno-7z-with-deep-contrast-and-smooth-visual-transitions\/"]}]},{"@type":"ImageObject","inLanguage":"de","@id":"https:\/\/www.dt-smart.com\/de\/produkt\/immersive-display-for-oppo-reno-7z-with-deep-contrast-and-smooth-visual-transitions\/#primaryimage","url":"https:\/\/www.dt-smart.com\/wp-content\/uploads\/2025\/01\/Reno7-7SE\u4e3b-1.webp","contentUrl":"https:\/\/www.dt-smart.com\/wp-content\/uploads\/2025\/01\/Reno7-7SE\u4e3b-1.webp","width":800,"height":800},{"@type":"BreadcrumbList","@id":"https:\/\/www.dt-smart.com\/de\/produkt\/immersive-display-for-oppo-reno-7z-with-deep-contrast-and-smooth-visual-transitions\/#breadcrumb","itemListElement":[{"@type":"ListItem","position":1,"name":"Home","item":"https:\/\/www.dt-smart.com\/"},{"@type":"ListItem","position":2,"name":"Product","item":"https:\/\/www.dt-smart.com\/ru\/product\/"},{"@type":"ListItem","position":3,"name":"OPPO Reno 7Z Display Replacement &#8211; Immersive Display with Deep Contrast &#038; Smooth Visual Transitions &#8211; Vivid Colors &#038; Responsive Touch &#8211; OEM Grade &#8211; Quality Guaranteed &#8211; Fast Shipping"}]},{"@type":"WebSite","@id":"https:\/\/www.dt-smart.com\/#website","url":"https:\/\/www.dt-smart.com\/","name":"InsurePart","description":"Handy-Ersatzteile; iPhone-Ersatzteile im Gro\u00dfhandel; Samsung-Ersatzteillieferant","potentialAction":[{"@type":"SearchAction","target":{"@type":"EntryPoint","urlTemplate":"https:\/\/www.dt-smart.com\/?s={search_term_string}"},"query-input":{"@type":"PropertyValueSpecification","valueRequired":true,"valueName":"search_term_string"}}],"inLanguage":"de"}]}},"_links":{"self":[{"href":"https:\/\/www.dt-smart.com\/de\/wp-json\/wp\/v2\/product\/18263","targetHints":{"allow":["GET"]}}],"collection":[{"href":"https:\/\/www.dt-smart.com\/de\/wp-json\/wp\/v2\/product"}],"about":[{"href":"https:\/\/www.dt-smart.com\/de\/wp-json\/wp\/v2\/types\/product"}],"replies":[{"embeddable":true,"href":"https:\/\/www.dt-smart.com\/de\/wp-json\/wp\/v2\/comments?post=18263"}],"version-history":[{"count":4,"href":"https:\/\/www.dt-smart.com\/de\/wp-json\/wp\/v2\/product\/18263\/revisions"}],"predecessor-version":[{"id":24536,"href":"https:\/\/www.dt-smart.com\/de\/wp-json\/wp\/v2\/product\/18263\/revisions\/24536"}],"wp:featuredmedia":[{"embeddable":true,"href":"https:\/\/www.dt-smart.com\/de\/wp-json\/wp\/v2\/media\/18223"}],"wp:attachment":[{"href":"https:\/\/www.dt-smart.com\/de\/wp-json\/wp\/v2\/media?parent=18263"}],"wp:term":[{"taxonomy":"product_brand","embeddable":true,"href":"https:\/\/www.dt-smart.com\/de\/wp-json\/wp\/v2\/product_brand?post=18263"},{"taxonomy":"product_cat","embeddable":true,"href":"https:\/\/www.dt-smart.com\/de\/wp-json\/wp\/v2\/product_cat?post=18263"},{"taxonomy":"product_tag","embeddable":true,"href":"https:\/\/www.dt-smart.com\/de\/wp-json\/wp\/v2\/product_tag?post=18263"}],"curies":[{"name":"wp","href":"https:\/\/api.w.org\/{rel}","templated":true}]}}