{"id":18379,"date":"2025-01-08T14:50:27","date_gmt":"2025-01-08T06:50:27","guid":{"rendered":"https:\/\/insurepart.com\/?post_type=product&#038;p=18379"},"modified":"2025-01-08T14:50:28","modified_gmt":"2025-01-08T06:50:28","slug":"mi11-lite-6-55-inch-display-ultra-thin-bright-and-responsive","status":"publish","type":"product","link":"https:\/\/www.dt-smart.com\/de\/produkt\/mi11-lite-6-55-inch-display-ultra-thin-bright-and-responsive\/","title":{"rendered":"Mi11 Lite 6,55-Zoll-Display \u2013 Ultrad\u00fcnn, hell und reaktionsschnell"},"content":{"rendered":"<p style=\"text-align: center;\"><img fetchpriority=\"high\" decoding=\"async\" class=\"alignnone size-full wp-image-15567\" src=\"https:\/\/insurepart.com\/wp-content\/uploads\/2024\/08\/\u4e3a\u4ec0\u4e48\u9009\u62e9\u6211\u4eec22.webp\" alt=\"\" width=\"1000\" height=\"786\" srcset=\"https:\/\/www.dt-smart.com\/wp-content\/uploads\/2024\/08\/\u4e3a\u4ec0\u4e48\u9009\u62e9\u6211\u4eec22.webp 1000w, https:\/\/www.dt-smart.com\/wp-content\/uploads\/2024\/08\/\u4e3a\u4ec0\u4e48\u9009\u62e9\u6211\u4eec22-300x236.webp 300w, https:\/\/www.dt-smart.com\/wp-content\/uploads\/2024\/08\/\u4e3a\u4ec0\u4e48\u9009\u62e9\u6211\u4eec22-150x118.webp 150w, https:\/\/www.dt-smart.com\/wp-content\/uploads\/2024\/08\/\u4e3a\u4ec0\u4e48\u9009\u62e9\u6211\u4eec22-800x629.webp 800w, https:\/\/www.dt-smart.com\/wp-content\/uploads\/2024\/08\/\u4e3a\u4ec0\u4e48\u9009\u62e9\u6211\u4eec22-768x604.webp 768w, https:\/\/www.dt-smart.com\/wp-content\/uploads\/2024\/08\/\u4e3a\u4ec0\u4e48\u9009\u62e9\u6211\u4eec22-15x12.webp 15w\" sizes=\"(max-width: 1000px) 100vw, 1000px\" \/><\/p>","protected":false},"excerpt":{"rendered":"<p>Das Mi11 Lite verf\u00fcgt \u00fcber ein 6,55-Zoll-Display mit Full-HD+-Aufl\u00f6sung (2400 x 1080) und einer Bildwiederholfrequenz von 90 Hz f\u00fcr ein fl\u00fcssiges und reaktionsschnelles Nutzungserlebnis bei allt\u00e4glichen Aufgaben. HDR10-Unterst\u00fctzung optimiert Farbtiefe und Helligkeit und sorgt so f\u00fcr lebendige und realistische Inhalte. Ob Videos schauen, Spiele spielen oder im Internet surfen \u2013 der Bildschirm des Mi11 Lite bietet ein beeindruckendes Seherlebnis mit klaren Details und fl\u00fcssiger Performance.<\/p>","protected":false},"featured_media":18372,"comment_status":"open","ping_status":"closed","template":"","meta":[],"product_brand":[],"product_cat":[1295,418],"product_tag":[],"class_list":{"0":"post-18379","1":"product","2":"type-product","3":"status-publish","4":"has-post-thumbnail","6":"product_cat-mi11lite","7":"product_cat-mi-series","9":"first","10":"instock","11":"taxable","12":"shipping-taxable","13":"purchasable","14":"product-type-simple"},"yoast_head":"<!-- This site is optimized with the Yoast SEO plugin v27.4 - https:\/\/yoast.com\/product\/yoast-seo-wordpress\/ -->\n<title>Mi11 Lite 6.55-inch Display \u2013 Ultra-Thin, Bright, and Responsive - InsurePart<\/title>\n<meta name=\"robots\" content=\"index, follow, max-snippet:-1, max-image-preview:large, max-video-preview:-1\" \/>\n<link rel=\"canonical\" href=\"https:\/\/www.dt-smart.com\/de\/produkt\/mi11-lite-6-55-inch-display-ultra-thin-bright-and-responsive\/\" \/>\n<meta property=\"og:locale\" content=\"de_DE\" \/>\n<meta property=\"og:type\" content=\"article\" \/>\n<meta property=\"og:title\" content=\"Mi11 Lite 6.55-inch Display \u2013 Ultra-Thin, Bright, and Responsive - InsurePart\" \/>\n<meta property=\"og:description\" content=\"The Mi11 Lite features a 6.55-inch display with Full HD+ resolution (2400 x 1080) and a 90Hz refresh rate, providing a responsive and smooth experience for everyday tasks. HDR10 support enhances color depth and brightness, making your content vibrant and lifelike. Whether you&#039;re watching videos, gaming, or browsing, the Mi11 Lite\u2019s screen offers a stunning visual experience with clear details and smooth performance.\" \/>\n<meta property=\"og:url\" content=\"https:\/\/www.dt-smart.com\/de\/produkt\/mi11-lite-6-55-inch-display-ultra-thin-bright-and-responsive\/\" \/>\n<meta property=\"og:site_name\" content=\"InsurePart\" \/>\n<meta property=\"article:publisher\" content=\"https:\/\/www.facebook.com\/anjinleeEva\" \/>\n<meta property=\"article:modified_time\" content=\"2025-01-08T06:50:28+00:00\" \/>\n<meta property=\"og:image\" content=\"https:\/\/www.dt-smart.com\/wp-content\/uploads\/2025\/01\/Mi11Lite\u4e3b.webp\" \/>\n\t<meta property=\"og:image:width\" content=\"800\" \/>\n\t<meta property=\"og:image:height\" content=\"800\" \/>\n\t<meta property=\"og:image:type\" content=\"image\/webp\" \/>\n<meta name=\"twitter:card\" content=\"summary_large_image\" \/>\n<meta name=\"twitter:label1\" content=\"Gesch\u00e4tzte Lesezeit\" \/>\n\t<meta name=\"twitter:data1\" content=\"1\u00a0Minute\" \/>\n<script type=\"application\/ld+json\" class=\"yoast-schema-graph\">{\"@context\":\"https:\\\/\\\/schema.org\",\"@graph\":[{\"@type\":\"WebPage\",\"@id\":\"https:\\\/\\\/www.dt-smart.com\\\/product\\\/mi11-lite-6-55-inch-display-ultra-thin-bright-and-responsive\\\/\",\"url\":\"https:\\\/\\\/www.dt-smart.com\\\/product\\\/mi11-lite-6-55-inch-display-ultra-thin-bright-and-responsive\\\/\",\"name\":\"Mi11 Lite 6.55-inch Display \u2013 Ultra-Thin, Bright, and Responsive - InsurePart\",\"isPartOf\":{\"@id\":\"https:\\\/\\\/www.dt-smart.com\\\/#website\"},\"primaryImageOfPage\":{\"@id\":\"https:\\\/\\\/www.dt-smart.com\\\/product\\\/mi11-lite-6-55-inch-display-ultra-thin-bright-and-responsive\\\/#primaryimage\"},\"image\":{\"@id\":\"https:\\\/\\\/www.dt-smart.com\\\/product\\\/mi11-lite-6-55-inch-display-ultra-thin-bright-and-responsive\\\/#primaryimage\"},\"thumbnailUrl\":\"https:\\\/\\\/www.dt-smart.com\\\/wp-content\\\/uploads\\\/2025\\\/01\\\/Mi11Lite\u4e3b.webp\",\"datePublished\":\"2025-01-08T06:50:27+00:00\",\"dateModified\":\"2025-01-08T06:50:28+00:00\",\"breadcrumb\":{\"@id\":\"https:\\\/\\\/www.dt-smart.com\\\/product\\\/mi11-lite-6-55-inch-display-ultra-thin-bright-and-responsive\\\/#breadcrumb\"},\"inLanguage\":\"de\",\"potentialAction\":[{\"@type\":\"ReadAction\",\"target\":[\"https:\\\/\\\/www.dt-smart.com\\\/product\\\/mi11-lite-6-55-inch-display-ultra-thin-bright-and-responsive\\\/\"]}]},{\"@type\":\"ImageObject\",\"inLanguage\":\"de\",\"@id\":\"https:\\\/\\\/www.dt-smart.com\\\/product\\\/mi11-lite-6-55-inch-display-ultra-thin-bright-and-responsive\\\/#primaryimage\",\"url\":\"https:\\\/\\\/www.dt-smart.com\\\/wp-content\\\/uploads\\\/2025\\\/01\\\/Mi11Lite\u4e3b.webp\",\"contentUrl\":\"https:\\\/\\\/www.dt-smart.com\\\/wp-content\\\/uploads\\\/2025\\\/01\\\/Mi11Lite\u4e3b.webp\",\"width\":800,\"height\":800},{\"@type\":\"BreadcrumbList\",\"@id\":\"https:\\\/\\\/www.dt-smart.com\\\/product\\\/mi11-lite-6-55-inch-display-ultra-thin-bright-and-responsive\\\/#breadcrumb\",\"itemListElement\":[{\"@type\":\"ListItem\",\"position\":1,\"name\":\"Home\",\"item\":\"https:\\\/\\\/www.dt-smart.com\\\/\"},{\"@type\":\"ListItem\",\"position\":2,\"name\":\"Product\",\"item\":\"https:\\\/\\\/www.dt-smart.com\\\/ru\\\/product\\\/\"},{\"@type\":\"ListItem\",\"position\":3,\"name\":\"Mi11 Lite 6.55-inch Display \u2013 Ultra-Thin, Bright, and Responsive\"}]},{\"@type\":\"WebSite\",\"@id\":\"https:\\\/\\\/www.dt-smart.com\\\/#website\",\"url\":\"https:\\\/\\\/www.dt-smart.com\\\/\",\"name\":\"InsurePart\",\"description\":\"Cell Phone Repair Parts; iPhone Parts Wholesale;Samsung Parts Supplier\",\"potentialAction\":[{\"@type\":\"SearchAction\",\"target\":{\"@type\":\"EntryPoint\",\"urlTemplate\":\"https:\\\/\\\/www.dt-smart.com\\\/?s={search_term_string}\"},\"query-input\":{\"@type\":\"PropertyValueSpecification\",\"valueRequired\":true,\"valueName\":\"search_term_string\"}}],\"inLanguage\":\"de\"}]}<\/script>\n<!-- \/ Yoast SEO plugin. -->","yoast_head_json":{"title":"Mi11 Lite 6.55-inch Display \u2013 Ultra-Thin, Bright, and Responsive - InsurePart","robots":{"index":"index","follow":"follow","max-snippet":"max-snippet:-1","max-image-preview":"max-image-preview:large","max-video-preview":"max-video-preview:-1"},"canonical":"https:\/\/www.dt-smart.com\/de\/produkt\/mi11-lite-6-55-inch-display-ultra-thin-bright-and-responsive\/","og_locale":"de_DE","og_type":"article","og_title":"Mi11 Lite 6.55-inch Display \u2013 Ultra-Thin, Bright, and Responsive - InsurePart","og_description":"The Mi11 Lite features a 6.55-inch display with Full HD+ resolution (2400 x 1080) and a 90Hz refresh rate, providing a responsive and smooth experience for everyday tasks. HDR10 support enhances color depth and brightness, making your content vibrant and lifelike. Whether you're watching videos, gaming, or browsing, the Mi11 Lite\u2019s screen offers a stunning visual experience with clear details and smooth performance.","og_url":"https:\/\/www.dt-smart.com\/de\/produkt\/mi11-lite-6-55-inch-display-ultra-thin-bright-and-responsive\/","og_site_name":"InsurePart","article_publisher":"https:\/\/www.facebook.com\/anjinleeEva","article_modified_time":"2025-01-08T06:50:28+00:00","og_image":[{"width":800,"height":800,"url":"https:\/\/www.dt-smart.com\/wp-content\/uploads\/2025\/01\/Mi11Lite\u4e3b.webp","type":"image\/webp"}],"twitter_card":"summary_large_image","twitter_misc":{"Gesch\u00e4tzte Lesezeit":"1\u00a0Minute"},"schema":{"@context":"https:\/\/schema.org","@graph":[{"@type":"WebPage","@id":"https:\/\/www.dt-smart.com\/product\/mi11-lite-6-55-inch-display-ultra-thin-bright-and-responsive\/","url":"https:\/\/www.dt-smart.com\/product\/mi11-lite-6-55-inch-display-ultra-thin-bright-and-responsive\/","name":"Mi11 Lite 6.55-inch Display \u2013 Ultra-Thin, Bright, and Responsive - InsurePart","isPartOf":{"@id":"https:\/\/www.dt-smart.com\/#website"},"primaryImageOfPage":{"@id":"https:\/\/www.dt-smart.com\/product\/mi11-lite-6-55-inch-display-ultra-thin-bright-and-responsive\/#primaryimage"},"image":{"@id":"https:\/\/www.dt-smart.com\/product\/mi11-lite-6-55-inch-display-ultra-thin-bright-and-responsive\/#primaryimage"},"thumbnailUrl":"https:\/\/www.dt-smart.com\/wp-content\/uploads\/2025\/01\/Mi11Lite\u4e3b.webp","datePublished":"2025-01-08T06:50:27+00:00","dateModified":"2025-01-08T06:50:28+00:00","breadcrumb":{"@id":"https:\/\/www.dt-smart.com\/product\/mi11-lite-6-55-inch-display-ultra-thin-bright-and-responsive\/#breadcrumb"},"inLanguage":"de","potentialAction":[{"@type":"ReadAction","target":["https:\/\/www.dt-smart.com\/product\/mi11-lite-6-55-inch-display-ultra-thin-bright-and-responsive\/"]}]},{"@type":"ImageObject","inLanguage":"de","@id":"https:\/\/www.dt-smart.com\/product\/mi11-lite-6-55-inch-display-ultra-thin-bright-and-responsive\/#primaryimage","url":"https:\/\/www.dt-smart.com\/wp-content\/uploads\/2025\/01\/Mi11Lite\u4e3b.webp","contentUrl":"https:\/\/www.dt-smart.com\/wp-content\/uploads\/2025\/01\/Mi11Lite\u4e3b.webp","width":800,"height":800},{"@type":"BreadcrumbList","@id":"https:\/\/www.dt-smart.com\/product\/mi11-lite-6-55-inch-display-ultra-thin-bright-and-responsive\/#breadcrumb","itemListElement":[{"@type":"ListItem","position":1,"name":"Home","item":"https:\/\/www.dt-smart.com\/"},{"@type":"ListItem","position":2,"name":"Product","item":"https:\/\/www.dt-smart.com\/ru\/product\/"},{"@type":"ListItem","position":3,"name":"Mi11 Lite 6.55-inch Display \u2013 Ultra-Thin, Bright, and Responsive"}]},{"@type":"WebSite","@id":"https:\/\/www.dt-smart.com\/#website","url":"https:\/\/www.dt-smart.com\/","name":"InsurePart","description":"Handy-Ersatzteile; iPhone-Ersatzteile im Gro\u00dfhandel; Samsung-Ersatzteillieferant","potentialAction":[{"@type":"SearchAction","target":{"@type":"EntryPoint","urlTemplate":"https:\/\/www.dt-smart.com\/?s={search_term_string}"},"query-input":{"@type":"PropertyValueSpecification","valueRequired":true,"valueName":"search_term_string"}}],"inLanguage":"de"}]}},"_links":{"self":[{"href":"https:\/\/www.dt-smart.com\/de\/wp-json\/wp\/v2\/product\/18379","targetHints":{"allow":["GET"]}}],"collection":[{"href":"https:\/\/www.dt-smart.com\/de\/wp-json\/wp\/v2\/product"}],"about":[{"href":"https:\/\/www.dt-smart.com\/de\/wp-json\/wp\/v2\/types\/product"}],"replies":[{"embeddable":true,"href":"https:\/\/www.dt-smart.com\/de\/wp-json\/wp\/v2\/comments?post=18379"}],"version-history":[{"count":1,"href":"https:\/\/www.dt-smart.com\/de\/wp-json\/wp\/v2\/product\/18379\/revisions"}],"predecessor-version":[{"id":18395,"href":"https:\/\/www.dt-smart.com\/de\/wp-json\/wp\/v2\/product\/18379\/revisions\/18395"}],"wp:featuredmedia":[{"embeddable":true,"href":"https:\/\/www.dt-smart.com\/de\/wp-json\/wp\/v2\/media\/18372"}],"wp:attachment":[{"href":"https:\/\/www.dt-smart.com\/de\/wp-json\/wp\/v2\/media?parent=18379"}],"wp:term":[{"taxonomy":"product_brand","embeddable":true,"href":"https:\/\/www.dt-smart.com\/de\/wp-json\/wp\/v2\/product_brand?post=18379"},{"taxonomy":"product_cat","embeddable":true,"href":"https:\/\/www.dt-smart.com\/de\/wp-json\/wp\/v2\/product_cat?post=18379"},{"taxonomy":"product_tag","embeddable":true,"href":"https:\/\/www.dt-smart.com\/de\/wp-json\/wp\/v2\/product_tag?post=18379"}],"curies":[{"name":"wp","href":"https:\/\/api.w.org\/{rel}","templated":true}]}}