{"id":18403,"date":"2025-01-08T15:34:17","date_gmt":"2025-01-08T07:34:17","guid":{"rendered":"https:\/\/insurepart.com\/?post_type=product&#038;p=18403"},"modified":"2025-01-08T15:36:28","modified_gmt":"2025-01-08T07:36:28","slug":"mi10-lite-6-57-inch-display-clear-bright-and-vibrant-for-an-enhanced-mobile-experience","status":"publish","type":"product","link":"https:\/\/www.dt-smart.com\/de\/produkt\/mi10-lite-6-57-inch-display-clear-bright-and-vibrant-for-an-enhanced-mobile-experience\/","title":{"rendered":"Mi10 Lite 6,57-Zoll-Display \u2013 Klar, hell und brillant f\u00fcr ein verbessertes mobiles Erlebnis"},"content":{"rendered":"<p style=\"text-align: center;\"><img fetchpriority=\"high\" decoding=\"async\" class=\"alignnone size-full wp-image-15567\" src=\"https:\/\/insurepart.com\/wp-content\/uploads\/2024\/08\/\u4e3a\u4ec0\u4e48\u9009\u62e9\u6211\u4eec22.webp\" alt=\"\" width=\"1000\" height=\"786\" srcset=\"https:\/\/www.dt-smart.com\/wp-content\/uploads\/2024\/08\/\u4e3a\u4ec0\u4e48\u9009\u62e9\u6211\u4eec22.webp 1000w, https:\/\/www.dt-smart.com\/wp-content\/uploads\/2024\/08\/\u4e3a\u4ec0\u4e48\u9009\u62e9\u6211\u4eec22-300x236.webp 300w, https:\/\/www.dt-smart.com\/wp-content\/uploads\/2024\/08\/\u4e3a\u4ec0\u4e48\u9009\u62e9\u6211\u4eec22-150x118.webp 150w, https:\/\/www.dt-smart.com\/wp-content\/uploads\/2024\/08\/\u4e3a\u4ec0\u4e48\u9009\u62e9\u6211\u4eec22-800x629.webp 800w, https:\/\/www.dt-smart.com\/wp-content\/uploads\/2024\/08\/\u4e3a\u4ec0\u4e48\u9009\u62e9\u6211\u4eec22-768x604.webp 768w, https:\/\/www.dt-smart.com\/wp-content\/uploads\/2024\/08\/\u4e3a\u4ec0\u4e48\u9009\u62e9\u6211\u4eec22-15x12.webp 15w\" sizes=\"(max-width: 1000px) 100vw, 1000px\" \/><\/p>","protected":false},"excerpt":{"rendered":"<p>Das Mi10 Lite verf\u00fcgt \u00fcber ein 6,57 Zoll gro\u00dfes Full-HD+-Display (2400 x 1080 Pixel), das mit lebendigen Farben und gestochen scharfen Bildern \u00fcberzeugt. Dank 60 Hz Bildwiederholfrequenz und HDR10-Unterst\u00fctzung bietet der Bildschirm ein immersives Seherlebnis mit hellen, realistischen Bildern. Ob Videos schauen, Spiele spielen oder im Internet surfen \u2013 das Display des Mi10 Lite bietet ein visuell \u00fcberzeugendes Erlebnis zu einem erschwinglichen Preis.<\/p>","protected":false},"featured_media":18345,"comment_status":"open","ping_status":"closed","template":"","meta":[],"product_brand":[],"product_cat":[1290,418],"product_tag":[],"class_list":{"0":"post-18403","1":"product","2":"type-product","3":"status-publish","4":"has-post-thumbnail","6":"product_cat-mi10lite","7":"product_cat-mi-series","9":"first","10":"instock","11":"taxable","12":"shipping-taxable","13":"purchasable","14":"product-type-simple"},"yoast_head":"<!-- This site is optimized with the Yoast SEO plugin v27.4 - https:\/\/yoast.com\/product\/yoast-seo-wordpress\/ -->\n<title>Mi10 Lite 6.57-inch Display \u2013 Clear, Bright, and Vibrant for an Enhanced Mobile Experience - InsurePart<\/title>\n<meta name=\"robots\" content=\"index, follow, max-snippet:-1, max-image-preview:large, max-video-preview:-1\" \/>\n<link rel=\"canonical\" href=\"https:\/\/www.dt-smart.com\/de\/produkt\/mi10-lite-6-57-inch-display-clear-bright-and-vibrant-for-an-enhanced-mobile-experience\/\" \/>\n<meta property=\"og:locale\" content=\"de_DE\" \/>\n<meta property=\"og:type\" content=\"article\" \/>\n<meta property=\"og:title\" content=\"Mi10 Lite 6.57-inch Display \u2013 Clear, Bright, and Vibrant for an Enhanced Mobile Experience - InsurePart\" \/>\n<meta property=\"og:description\" content=\"The Mi10 Lite comes with a 6.57-inch Full HD+ display (2400 x 1080), offering vibrant colors and clarity. With a 60Hz refresh rate and HDR10 support, the screen ensures an immersive visual experience with bright, lifelike images. Whether you\u2019re watching videos, playing games, or browsing the web, the Mi10 Lite screen offers a visually satisfying experience at an affordable price point.\" \/>\n<meta property=\"og:url\" content=\"https:\/\/www.dt-smart.com\/de\/produkt\/mi10-lite-6-57-inch-display-clear-bright-and-vibrant-for-an-enhanced-mobile-experience\/\" \/>\n<meta property=\"og:site_name\" content=\"InsurePart\" \/>\n<meta property=\"article:publisher\" content=\"https:\/\/www.facebook.com\/anjinleeEva\" \/>\n<meta property=\"article:modified_time\" content=\"2025-01-08T07:36:28+00:00\" \/>\n<meta property=\"og:image\" content=\"https:\/\/www.dt-smart.com\/wp-content\/uploads\/2025\/01\/Mi10Lite\u4e3b-1.webp\" \/>\n\t<meta property=\"og:image:width\" content=\"800\" \/>\n\t<meta property=\"og:image:height\" content=\"800\" \/>\n\t<meta property=\"og:image:type\" content=\"image\/webp\" \/>\n<meta name=\"twitter:card\" content=\"summary_large_image\" \/>\n<meta name=\"twitter:label1\" content=\"Gesch\u00e4tzte Lesezeit\" \/>\n\t<meta name=\"twitter:data1\" content=\"1\u00a0Minute\" \/>\n<script type=\"application\/ld+json\" class=\"yoast-schema-graph\">{\"@context\":\"https:\\\/\\\/schema.org\",\"@graph\":[{\"@type\":\"WebPage\",\"@id\":\"https:\\\/\\\/www.dt-smart.com\\\/product\\\/mi10-lite-6-57-inch-display-clear-bright-and-vibrant-for-an-enhanced-mobile-experience\\\/\",\"url\":\"https:\\\/\\\/www.dt-smart.com\\\/product\\\/mi10-lite-6-57-inch-display-clear-bright-and-vibrant-for-an-enhanced-mobile-experience\\\/\",\"name\":\"Mi10 Lite 6.57-inch Display \u2013 Clear, Bright, and Vibrant for an Enhanced Mobile Experience - InsurePart\",\"isPartOf\":{\"@id\":\"https:\\\/\\\/www.dt-smart.com\\\/#website\"},\"primaryImageOfPage\":{\"@id\":\"https:\\\/\\\/www.dt-smart.com\\\/product\\\/mi10-lite-6-57-inch-display-clear-bright-and-vibrant-for-an-enhanced-mobile-experience\\\/#primaryimage\"},\"image\":{\"@id\":\"https:\\\/\\\/www.dt-smart.com\\\/product\\\/mi10-lite-6-57-inch-display-clear-bright-and-vibrant-for-an-enhanced-mobile-experience\\\/#primaryimage\"},\"thumbnailUrl\":\"https:\\\/\\\/www.dt-smart.com\\\/wp-content\\\/uploads\\\/2025\\\/01\\\/Mi10Lite\u4e3b-1.webp\",\"datePublished\":\"2025-01-08T07:34:17+00:00\",\"dateModified\":\"2025-01-08T07:36:28+00:00\",\"breadcrumb\":{\"@id\":\"https:\\\/\\\/www.dt-smart.com\\\/product\\\/mi10-lite-6-57-inch-display-clear-bright-and-vibrant-for-an-enhanced-mobile-experience\\\/#breadcrumb\"},\"inLanguage\":\"de\",\"potentialAction\":[{\"@type\":\"ReadAction\",\"target\":[\"https:\\\/\\\/www.dt-smart.com\\\/product\\\/mi10-lite-6-57-inch-display-clear-bright-and-vibrant-for-an-enhanced-mobile-experience\\\/\"]}]},{\"@type\":\"ImageObject\",\"inLanguage\":\"de\",\"@id\":\"https:\\\/\\\/www.dt-smart.com\\\/product\\\/mi10-lite-6-57-inch-display-clear-bright-and-vibrant-for-an-enhanced-mobile-experience\\\/#primaryimage\",\"url\":\"https:\\\/\\\/www.dt-smart.com\\\/wp-content\\\/uploads\\\/2025\\\/01\\\/Mi10Lite\u4e3b-1.webp\",\"contentUrl\":\"https:\\\/\\\/www.dt-smart.com\\\/wp-content\\\/uploads\\\/2025\\\/01\\\/Mi10Lite\u4e3b-1.webp\",\"width\":800,\"height\":800},{\"@type\":\"BreadcrumbList\",\"@id\":\"https:\\\/\\\/www.dt-smart.com\\\/product\\\/mi10-lite-6-57-inch-display-clear-bright-and-vibrant-for-an-enhanced-mobile-experience\\\/#breadcrumb\",\"itemListElement\":[{\"@type\":\"ListItem\",\"position\":1,\"name\":\"Home\",\"item\":\"https:\\\/\\\/www.dt-smart.com\\\/\"},{\"@type\":\"ListItem\",\"position\":2,\"name\":\"Product\",\"item\":\"https:\\\/\\\/www.dt-smart.com\\\/ru\\\/product\\\/\"},{\"@type\":\"ListItem\",\"position\":3,\"name\":\"Mi10 Lite 6.57-inch Display \u2013 Clear, Bright, and Vibrant for an Enhanced Mobile Experience\"}]},{\"@type\":\"WebSite\",\"@id\":\"https:\\\/\\\/www.dt-smart.com\\\/#website\",\"url\":\"https:\\\/\\\/www.dt-smart.com\\\/\",\"name\":\"InsurePart\",\"description\":\"Cell Phone Repair Parts; iPhone Parts Wholesale;Samsung Parts Supplier\",\"potentialAction\":[{\"@type\":\"SearchAction\",\"target\":{\"@type\":\"EntryPoint\",\"urlTemplate\":\"https:\\\/\\\/www.dt-smart.com\\\/?s={search_term_string}\"},\"query-input\":{\"@type\":\"PropertyValueSpecification\",\"valueRequired\":true,\"valueName\":\"search_term_string\"}}],\"inLanguage\":\"de\"}]}<\/script>\n<!-- \/ Yoast SEO plugin. -->","yoast_head_json":{"title":"Mi10 Lite 6.57-inch Display \u2013 Clear, Bright, and Vibrant for an Enhanced Mobile Experience - InsurePart","robots":{"index":"index","follow":"follow","max-snippet":"max-snippet:-1","max-image-preview":"max-image-preview:large","max-video-preview":"max-video-preview:-1"},"canonical":"https:\/\/www.dt-smart.com\/de\/produkt\/mi10-lite-6-57-inch-display-clear-bright-and-vibrant-for-an-enhanced-mobile-experience\/","og_locale":"de_DE","og_type":"article","og_title":"Mi10 Lite 6.57-inch Display \u2013 Clear, Bright, and Vibrant for an Enhanced Mobile Experience - InsurePart","og_description":"The Mi10 Lite comes with a 6.57-inch Full HD+ display (2400 x 1080), offering vibrant colors and clarity. With a 60Hz refresh rate and HDR10 support, the screen ensures an immersive visual experience with bright, lifelike images. Whether you\u2019re watching videos, playing games, or browsing the web, the Mi10 Lite screen offers a visually satisfying experience at an affordable price point.","og_url":"https:\/\/www.dt-smart.com\/de\/produkt\/mi10-lite-6-57-inch-display-clear-bright-and-vibrant-for-an-enhanced-mobile-experience\/","og_site_name":"InsurePart","article_publisher":"https:\/\/www.facebook.com\/anjinleeEva","article_modified_time":"2025-01-08T07:36:28+00:00","og_image":[{"width":800,"height":800,"url":"https:\/\/www.dt-smart.com\/wp-content\/uploads\/2025\/01\/Mi10Lite\u4e3b-1.webp","type":"image\/webp"}],"twitter_card":"summary_large_image","twitter_misc":{"Gesch\u00e4tzte Lesezeit":"1\u00a0Minute"},"schema":{"@context":"https:\/\/schema.org","@graph":[{"@type":"WebPage","@id":"https:\/\/www.dt-smart.com\/product\/mi10-lite-6-57-inch-display-clear-bright-and-vibrant-for-an-enhanced-mobile-experience\/","url":"https:\/\/www.dt-smart.com\/product\/mi10-lite-6-57-inch-display-clear-bright-and-vibrant-for-an-enhanced-mobile-experience\/","name":"Mi10 Lite 6.57-inch Display \u2013 Clear, Bright, and Vibrant for an Enhanced Mobile Experience - InsurePart","isPartOf":{"@id":"https:\/\/www.dt-smart.com\/#website"},"primaryImageOfPage":{"@id":"https:\/\/www.dt-smart.com\/product\/mi10-lite-6-57-inch-display-clear-bright-and-vibrant-for-an-enhanced-mobile-experience\/#primaryimage"},"image":{"@id":"https:\/\/www.dt-smart.com\/product\/mi10-lite-6-57-inch-display-clear-bright-and-vibrant-for-an-enhanced-mobile-experience\/#primaryimage"},"thumbnailUrl":"https:\/\/www.dt-smart.com\/wp-content\/uploads\/2025\/01\/Mi10Lite\u4e3b-1.webp","datePublished":"2025-01-08T07:34:17+00:00","dateModified":"2025-01-08T07:36:28+00:00","breadcrumb":{"@id":"https:\/\/www.dt-smart.com\/product\/mi10-lite-6-57-inch-display-clear-bright-and-vibrant-for-an-enhanced-mobile-experience\/#breadcrumb"},"inLanguage":"de","potentialAction":[{"@type":"ReadAction","target":["https:\/\/www.dt-smart.com\/product\/mi10-lite-6-57-inch-display-clear-bright-and-vibrant-for-an-enhanced-mobile-experience\/"]}]},{"@type":"ImageObject","inLanguage":"de","@id":"https:\/\/www.dt-smart.com\/product\/mi10-lite-6-57-inch-display-clear-bright-and-vibrant-for-an-enhanced-mobile-experience\/#primaryimage","url":"https:\/\/www.dt-smart.com\/wp-content\/uploads\/2025\/01\/Mi10Lite\u4e3b-1.webp","contentUrl":"https:\/\/www.dt-smart.com\/wp-content\/uploads\/2025\/01\/Mi10Lite\u4e3b-1.webp","width":800,"height":800},{"@type":"BreadcrumbList","@id":"https:\/\/www.dt-smart.com\/product\/mi10-lite-6-57-inch-display-clear-bright-and-vibrant-for-an-enhanced-mobile-experience\/#breadcrumb","itemListElement":[{"@type":"ListItem","position":1,"name":"Home","item":"https:\/\/www.dt-smart.com\/"},{"@type":"ListItem","position":2,"name":"Product","item":"https:\/\/www.dt-smart.com\/ru\/product\/"},{"@type":"ListItem","position":3,"name":"Mi10 Lite 6.57-inch Display \u2013 Clear, Bright, and Vibrant for an Enhanced Mobile Experience"}]},{"@type":"WebSite","@id":"https:\/\/www.dt-smart.com\/#website","url":"https:\/\/www.dt-smart.com\/","name":"InsurePart","description":"Handy-Ersatzteile; iPhone-Ersatzteile im Gro\u00dfhandel; Samsung-Ersatzteillieferant","potentialAction":[{"@type":"SearchAction","target":{"@type":"EntryPoint","urlTemplate":"https:\/\/www.dt-smart.com\/?s={search_term_string}"},"query-input":{"@type":"PropertyValueSpecification","valueRequired":true,"valueName":"search_term_string"}}],"inLanguage":"de"}]}},"_links":{"self":[{"href":"https:\/\/www.dt-smart.com\/de\/wp-json\/wp\/v2\/product\/18403","targetHints":{"allow":["GET"]}}],"collection":[{"href":"https:\/\/www.dt-smart.com\/de\/wp-json\/wp\/v2\/product"}],"about":[{"href":"https:\/\/www.dt-smart.com\/de\/wp-json\/wp\/v2\/types\/product"}],"replies":[{"embeddable":true,"href":"https:\/\/www.dt-smart.com\/de\/wp-json\/wp\/v2\/comments?post=18403"}],"version-history":[{"count":1,"href":"https:\/\/www.dt-smart.com\/de\/wp-json\/wp\/v2\/product\/18403\/revisions"}],"predecessor-version":[{"id":18405,"href":"https:\/\/www.dt-smart.com\/de\/wp-json\/wp\/v2\/product\/18403\/revisions\/18405"}],"wp:featuredmedia":[{"embeddable":true,"href":"https:\/\/www.dt-smart.com\/de\/wp-json\/wp\/v2\/media\/18345"}],"wp:attachment":[{"href":"https:\/\/www.dt-smart.com\/de\/wp-json\/wp\/v2\/media?parent=18403"}],"wp:term":[{"taxonomy":"product_brand","embeddable":true,"href":"https:\/\/www.dt-smart.com\/de\/wp-json\/wp\/v2\/product_brand?post=18403"},{"taxonomy":"product_cat","embeddable":true,"href":"https:\/\/www.dt-smart.com\/de\/wp-json\/wp\/v2\/product_cat?post=18403"},{"taxonomy":"product_tag","embeddable":true,"href":"https:\/\/www.dt-smart.com\/de\/wp-json\/wp\/v2\/product_tag?post=18403"}],"curies":[{"name":"wp","href":"https:\/\/api.w.org\/{rel}","templated":true}]}}