{"id":18410,"date":"2025-01-08T16:45:10","date_gmt":"2025-01-08T08:45:10","guid":{"rendered":"https:\/\/insurepart.com\/?post_type=product&#038;p=18410"},"modified":"2025-01-08T16:45:11","modified_gmt":"2025-01-08T08:45:11","slug":"mi9-pro-6-39-inch-display-high-brightness-deep-colors-vibrant-viewing-experience","status":"publish","type":"product","link":"https:\/\/www.dt-smart.com\/de\/produkt\/mi9-pro-6-39-inch-display-high-brightness-deep-colors-vibrant-viewing-experience\/","title":{"rendered":"Mi9 Pro 6,39-Zoll-Display \u2013 Hohe Helligkeit, satte Farben, lebendiges Seherlebnis"},"content":{"rendered":"<p style=\"text-align: center;\"><img fetchpriority=\"high\" decoding=\"async\" class=\"alignnone size-full wp-image-15567\" src=\"https:\/\/insurepart.com\/wp-content\/uploads\/2024\/08\/\u4e3a\u4ec0\u4e48\u9009\u62e9\u6211\u4eec22.webp\" alt=\"\" width=\"1000\" height=\"786\" srcset=\"https:\/\/www.dt-smart.com\/wp-content\/uploads\/2024\/08\/\u4e3a\u4ec0\u4e48\u9009\u62e9\u6211\u4eec22.webp 1000w, https:\/\/www.dt-smart.com\/wp-content\/uploads\/2024\/08\/\u4e3a\u4ec0\u4e48\u9009\u62e9\u6211\u4eec22-300x236.webp 300w, https:\/\/www.dt-smart.com\/wp-content\/uploads\/2024\/08\/\u4e3a\u4ec0\u4e48\u9009\u62e9\u6211\u4eec22-150x118.webp 150w, https:\/\/www.dt-smart.com\/wp-content\/uploads\/2024\/08\/\u4e3a\u4ec0\u4e48\u9009\u62e9\u6211\u4eec22-800x629.webp 800w, https:\/\/www.dt-smart.com\/wp-content\/uploads\/2024\/08\/\u4e3a\u4ec0\u4e48\u9009\u62e9\u6211\u4eec22-768x604.webp 768w, https:\/\/www.dt-smart.com\/wp-content\/uploads\/2024\/08\/\u4e3a\u4ec0\u4e48\u9009\u62e9\u6211\u4eec22-15x12.webp 15w\" sizes=\"(max-width: 1000px) 100vw, 1000px\" \/><\/p>","protected":false},"excerpt":{"rendered":"<p>Das Mi9 Pro verf\u00fcgt \u00fcber ein 6,39 Zoll gro\u00dfes Display mit Full-HD+-Aufl\u00f6sung (2340 x 1080 Pixel) und bietet exzellenten Kontrast und lebendige Farben f\u00fcr ein immersives Seherlebnis. Die Bildwiederholfrequenz von 60 Hz sorgt f\u00fcr fl\u00fcssige Performance im Alltag, w\u00e4hrend HDR die Farbs\u00e4ttigung und Helligkeit optimiert. Ob beim Spielen, Filme schauen oder Fotos betrachten \u2013 das Display des Mi9 Pro liefert gestochen scharfe Bilder und eine hohe Farbgenauigkeit.<\/p>","protected":false},"featured_media":18351,"comment_status":"open","ping_status":"closed","template":"","meta":[],"product_brand":[],"product_cat":[1285,418],"product_tag":[],"class_list":{"0":"post-18410","1":"product","2":"type-product","3":"status-publish","4":"has-post-thumbnail","6":"product_cat-mi9","7":"product_cat-mi-series","9":"first","10":"instock","11":"taxable","12":"shipping-taxable","13":"purchasable","14":"product-type-simple"},"yoast_head":"<!-- This site is optimized with the Yoast SEO plugin v27.4 - https:\/\/yoast.com\/product\/yoast-seo-wordpress\/ -->\n<title>Mi9 Pro 6.39-inch Display \u2013 High Brightness, Deep Colors, Vibrant Viewing Experience - InsurePart<\/title>\n<meta name=\"robots\" content=\"index, follow, max-snippet:-1, max-image-preview:large, max-video-preview:-1\" \/>\n<link rel=\"canonical\" href=\"https:\/\/www.dt-smart.com\/de\/producto\/mi9-pro-6-39-inch-display-high-brightness-deep-colors-vibrant-viewing-experience\/\" \/>\n<meta property=\"og:locale\" content=\"de_DE\" \/>\n<meta property=\"og:type\" content=\"article\" \/>\n<meta property=\"og:title\" content=\"Mi9 Pro 6.39-inch Display \u2013 High Brightness, Deep Colors, Vibrant Viewing Experience - InsurePart\" \/>\n<meta property=\"og:description\" content=\"The Mi9 Pro features a 6.39-inch display with Full HD+ resolution (2340 x 1080), offering excellent contrast and vibrant colors for an immersive viewing experience. The 60Hz refresh rate ensures smooth performance for daily use, while HDR support enhances color vibrancy and brightness. Whether you&#039;re gaming, watching movies, or browsing photos, the Mi9 Pro\u2019s display delivers sharp visuals and high-quality color accuracy.\" \/>\n<meta property=\"og:url\" content=\"https:\/\/www.dt-smart.com\/de\/producto\/mi9-pro-6-39-inch-display-high-brightness-deep-colors-vibrant-viewing-experience\/\" \/>\n<meta property=\"og:site_name\" content=\"InsurePart\" \/>\n<meta property=\"article:publisher\" content=\"https:\/\/www.facebook.com\/anjinleeEva\" \/>\n<meta property=\"article:modified_time\" content=\"2025-01-08T08:45:11+00:00\" \/>\n<meta property=\"og:image\" content=\"https:\/\/www.dt-smart.com\/wp-content\/uploads\/2025\/01\/Mi9Pro\u4e3b.webp\" \/>\n\t<meta property=\"og:image:width\" content=\"800\" \/>\n\t<meta property=\"og:image:height\" content=\"800\" \/>\n\t<meta property=\"og:image:type\" content=\"image\/webp\" \/>\n<meta name=\"twitter:card\" content=\"summary_large_image\" \/>\n<meta name=\"twitter:label1\" content=\"Gesch\u00e4tzte Lesezeit\" \/>\n\t<meta name=\"twitter:data1\" content=\"1\u00a0Minute\" \/>\n<script type=\"application\/ld+json\" class=\"yoast-schema-graph\">{\"@context\":\"https:\\\/\\\/schema.org\",\"@graph\":[{\"@type\":\"WebPage\",\"@id\":\"https:\\\/\\\/www.dt-smart.com\\\/es\\\/producto\\\/mi9-pro-6-39-inch-display-high-brightness-deep-colors-vibrant-viewing-experience\\\/\",\"url\":\"https:\\\/\\\/www.dt-smart.com\\\/es\\\/producto\\\/mi9-pro-6-39-inch-display-high-brightness-deep-colors-vibrant-viewing-experience\\\/\",\"name\":\"Mi9 Pro 6.39-inch Display \u2013 High Brightness, Deep Colors, Vibrant Viewing Experience - InsurePart\",\"isPartOf\":{\"@id\":\"https:\\\/\\\/www.dt-smart.com\\\/#website\"},\"primaryImageOfPage\":{\"@id\":\"https:\\\/\\\/www.dt-smart.com\\\/es\\\/producto\\\/mi9-pro-6-39-inch-display-high-brightness-deep-colors-vibrant-viewing-experience\\\/#primaryimage\"},\"image\":{\"@id\":\"https:\\\/\\\/www.dt-smart.com\\\/es\\\/producto\\\/mi9-pro-6-39-inch-display-high-brightness-deep-colors-vibrant-viewing-experience\\\/#primaryimage\"},\"thumbnailUrl\":\"https:\\\/\\\/www.dt-smart.com\\\/wp-content\\\/uploads\\\/2025\\\/01\\\/Mi9Pro\u4e3b.webp\",\"datePublished\":\"2025-01-08T08:45:10+00:00\",\"dateModified\":\"2025-01-08T08:45:11+00:00\",\"breadcrumb\":{\"@id\":\"https:\\\/\\\/www.dt-smart.com\\\/es\\\/producto\\\/mi9-pro-6-39-inch-display-high-brightness-deep-colors-vibrant-viewing-experience\\\/#breadcrumb\"},\"inLanguage\":\"de\",\"potentialAction\":[{\"@type\":\"ReadAction\",\"target\":[\"https:\\\/\\\/www.dt-smart.com\\\/es\\\/producto\\\/mi9-pro-6-39-inch-display-high-brightness-deep-colors-vibrant-viewing-experience\\\/\"]}]},{\"@type\":\"ImageObject\",\"inLanguage\":\"de\",\"@id\":\"https:\\\/\\\/www.dt-smart.com\\\/es\\\/producto\\\/mi9-pro-6-39-inch-display-high-brightness-deep-colors-vibrant-viewing-experience\\\/#primaryimage\",\"url\":\"https:\\\/\\\/www.dt-smart.com\\\/wp-content\\\/uploads\\\/2025\\\/01\\\/Mi9Pro\u4e3b.webp\",\"contentUrl\":\"https:\\\/\\\/www.dt-smart.com\\\/wp-content\\\/uploads\\\/2025\\\/01\\\/Mi9Pro\u4e3b.webp\",\"width\":800,\"height\":800},{\"@type\":\"BreadcrumbList\",\"@id\":\"https:\\\/\\\/www.dt-smart.com\\\/es\\\/producto\\\/mi9-pro-6-39-inch-display-high-brightness-deep-colors-vibrant-viewing-experience\\\/#breadcrumb\",\"itemListElement\":[{\"@type\":\"ListItem\",\"position\":1,\"name\":\"Home\",\"item\":\"https:\\\/\\\/www.dt-smart.com\\\/\"},{\"@type\":\"ListItem\",\"position\":2,\"name\":\"Product\",\"item\":\"https:\\\/\\\/www.dt-smart.com\\\/ru\\\/product\\\/\"},{\"@type\":\"ListItem\",\"position\":3,\"name\":\"Mi9 Pro 6.39-inch Display \u2013 High Brightness, Deep Colors, Vibrant Viewing Experience\"}]},{\"@type\":\"WebSite\",\"@id\":\"https:\\\/\\\/www.dt-smart.com\\\/#website\",\"url\":\"https:\\\/\\\/www.dt-smart.com\\\/\",\"name\":\"InsurePart\",\"description\":\"Cell Phone Repair Parts; iPhone Parts Wholesale;Samsung Parts Supplier\",\"potentialAction\":[{\"@type\":\"SearchAction\",\"target\":{\"@type\":\"EntryPoint\",\"urlTemplate\":\"https:\\\/\\\/www.dt-smart.com\\\/?s={search_term_string}\"},\"query-input\":{\"@type\":\"PropertyValueSpecification\",\"valueRequired\":true,\"valueName\":\"search_term_string\"}}],\"inLanguage\":\"de\"}]}<\/script>\n<!-- \/ Yoast SEO plugin. -->","yoast_head_json":{"title":"Mi9 Pro 6.39-inch Display \u2013 High Brightness, Deep Colors, Vibrant Viewing Experience - InsurePart","robots":{"index":"index","follow":"follow","max-snippet":"max-snippet:-1","max-image-preview":"max-image-preview:large","max-video-preview":"max-video-preview:-1"},"canonical":"https:\/\/www.dt-smart.com\/de\/producto\/mi9-pro-6-39-inch-display-high-brightness-deep-colors-vibrant-viewing-experience\/","og_locale":"de_DE","og_type":"article","og_title":"Mi9 Pro 6.39-inch Display \u2013 High Brightness, Deep Colors, Vibrant Viewing Experience - InsurePart","og_description":"The Mi9 Pro features a 6.39-inch display with Full HD+ resolution (2340 x 1080), offering excellent contrast and vibrant colors for an immersive viewing experience. The 60Hz refresh rate ensures smooth performance for daily use, while HDR support enhances color vibrancy and brightness. Whether you're gaming, watching movies, or browsing photos, the Mi9 Pro\u2019s display delivers sharp visuals and high-quality color accuracy.","og_url":"https:\/\/www.dt-smart.com\/de\/producto\/mi9-pro-6-39-inch-display-high-brightness-deep-colors-vibrant-viewing-experience\/","og_site_name":"InsurePart","article_publisher":"https:\/\/www.facebook.com\/anjinleeEva","article_modified_time":"2025-01-08T08:45:11+00:00","og_image":[{"width":800,"height":800,"url":"https:\/\/www.dt-smart.com\/wp-content\/uploads\/2025\/01\/Mi9Pro\u4e3b.webp","type":"image\/webp"}],"twitter_card":"summary_large_image","twitter_misc":{"Gesch\u00e4tzte Lesezeit":"1\u00a0Minute"},"schema":{"@context":"https:\/\/schema.org","@graph":[{"@type":"WebPage","@id":"https:\/\/www.dt-smart.com\/es\/producto\/mi9-pro-6-39-inch-display-high-brightness-deep-colors-vibrant-viewing-experience\/","url":"https:\/\/www.dt-smart.com\/es\/producto\/mi9-pro-6-39-inch-display-high-brightness-deep-colors-vibrant-viewing-experience\/","name":"Mi9 Pro 6.39-inch Display \u2013 High Brightness, Deep Colors, Vibrant Viewing Experience - InsurePart","isPartOf":{"@id":"https:\/\/www.dt-smart.com\/#website"},"primaryImageOfPage":{"@id":"https:\/\/www.dt-smart.com\/es\/producto\/mi9-pro-6-39-inch-display-high-brightness-deep-colors-vibrant-viewing-experience\/#primaryimage"},"image":{"@id":"https:\/\/www.dt-smart.com\/es\/producto\/mi9-pro-6-39-inch-display-high-brightness-deep-colors-vibrant-viewing-experience\/#primaryimage"},"thumbnailUrl":"https:\/\/www.dt-smart.com\/wp-content\/uploads\/2025\/01\/Mi9Pro\u4e3b.webp","datePublished":"2025-01-08T08:45:10+00:00","dateModified":"2025-01-08T08:45:11+00:00","breadcrumb":{"@id":"https:\/\/www.dt-smart.com\/es\/producto\/mi9-pro-6-39-inch-display-high-brightness-deep-colors-vibrant-viewing-experience\/#breadcrumb"},"inLanguage":"de","potentialAction":[{"@type":"ReadAction","target":["https:\/\/www.dt-smart.com\/es\/producto\/mi9-pro-6-39-inch-display-high-brightness-deep-colors-vibrant-viewing-experience\/"]}]},{"@type":"ImageObject","inLanguage":"de","@id":"https:\/\/www.dt-smart.com\/es\/producto\/mi9-pro-6-39-inch-display-high-brightness-deep-colors-vibrant-viewing-experience\/#primaryimage","url":"https:\/\/www.dt-smart.com\/wp-content\/uploads\/2025\/01\/Mi9Pro\u4e3b.webp","contentUrl":"https:\/\/www.dt-smart.com\/wp-content\/uploads\/2025\/01\/Mi9Pro\u4e3b.webp","width":800,"height":800},{"@type":"BreadcrumbList","@id":"https:\/\/www.dt-smart.com\/es\/producto\/mi9-pro-6-39-inch-display-high-brightness-deep-colors-vibrant-viewing-experience\/#breadcrumb","itemListElement":[{"@type":"ListItem","position":1,"name":"Home","item":"https:\/\/www.dt-smart.com\/"},{"@type":"ListItem","position":2,"name":"Product","item":"https:\/\/www.dt-smart.com\/ru\/product\/"},{"@type":"ListItem","position":3,"name":"Mi9 Pro 6.39-inch Display \u2013 High Brightness, Deep Colors, Vibrant Viewing Experience"}]},{"@type":"WebSite","@id":"https:\/\/www.dt-smart.com\/#website","url":"https:\/\/www.dt-smart.com\/","name":"InsurePart","description":"Handy-Ersatzteile; iPhone-Ersatzteile im Gro\u00dfhandel; Samsung-Ersatzteillieferant","potentialAction":[{"@type":"SearchAction","target":{"@type":"EntryPoint","urlTemplate":"https:\/\/www.dt-smart.com\/?s={search_term_string}"},"query-input":{"@type":"PropertyValueSpecification","valueRequired":true,"valueName":"search_term_string"}}],"inLanguage":"de"}]}},"_links":{"self":[{"href":"https:\/\/www.dt-smart.com\/de\/wp-json\/wp\/v2\/product\/18410","targetHints":{"allow":["GET"]}}],"collection":[{"href":"https:\/\/www.dt-smart.com\/de\/wp-json\/wp\/v2\/product"}],"about":[{"href":"https:\/\/www.dt-smart.com\/de\/wp-json\/wp\/v2\/types\/product"}],"replies":[{"embeddable":true,"href":"https:\/\/www.dt-smart.com\/de\/wp-json\/wp\/v2\/comments?post=18410"}],"version-history":[{"count":1,"href":"https:\/\/www.dt-smart.com\/de\/wp-json\/wp\/v2\/product\/18410\/revisions"}],"predecessor-version":[{"id":18434,"href":"https:\/\/www.dt-smart.com\/de\/wp-json\/wp\/v2\/product\/18410\/revisions\/18434"}],"wp:featuredmedia":[{"embeddable":true,"href":"https:\/\/www.dt-smart.com\/de\/wp-json\/wp\/v2\/media\/18351"}],"wp:attachment":[{"href":"https:\/\/www.dt-smart.com\/de\/wp-json\/wp\/v2\/media?parent=18410"}],"wp:term":[{"taxonomy":"product_brand","embeddable":true,"href":"https:\/\/www.dt-smart.com\/de\/wp-json\/wp\/v2\/product_brand?post=18410"},{"taxonomy":"product_cat","embeddable":true,"href":"https:\/\/www.dt-smart.com\/de\/wp-json\/wp\/v2\/product_cat?post=18410"},{"taxonomy":"product_tag","embeddable":true,"href":"https:\/\/www.dt-smart.com\/de\/wp-json\/wp\/v2\/product_tag?post=18410"}],"curies":[{"name":"wp","href":"https:\/\/api.w.org\/{rel}","templated":true}]}}