{"id":18508,"date":"2025-01-10T11:42:54","date_gmt":"2025-01-10T03:42:54","guid":{"rendered":"https:\/\/insurepart.com\/?post_type=product&#038;p=18508"},"modified":"2026-01-05T17:19:57","modified_gmt":"2026-01-05T09:19:57","slug":"tcl-20l-maximize-your-visual-experience-with-superior-full-hd-display-technology","status":"publish","type":"product","link":"https:\/\/www.dt-smart.com\/de\/produkt\/tcl-20l-maximize-your-visual-experience-with-superior-full-hd-display-technology\/","title":{"rendered":"TCL 20L Display-Ersatz \u2013 \u00dcberragende Full-HD+-Displaytechnologie f\u00fcr ein optimales Seherlebnis \u2013 Lebendige Farben und gestochen scharfe Details \u2013 Erstausr\u00fcsterqualit\u00e4t \u2013 Qualit\u00e4tsgarantie \u2013 Schneller Versand"},"content":{"rendered":"<p style=\"text-align: center;\"><img fetchpriority=\"high\" decoding=\"async\" class=\"alignnone size-full wp-image-15567\" src=\"https:\/\/insurepart.com\/wp-content\/uploads\/2024\/08\/\u4e3a\u4ec0\u4e48\u9009\u62e9\u6211\u4eec22.webp\" alt=\"\" width=\"1000\" height=\"786\" srcset=\"https:\/\/www.dt-smart.com\/wp-content\/uploads\/2024\/08\/\u4e3a\u4ec0\u4e48\u9009\u62e9\u6211\u4eec22.webp 1000w, https:\/\/www.dt-smart.com\/wp-content\/uploads\/2024\/08\/\u4e3a\u4ec0\u4e48\u9009\u62e9\u6211\u4eec22-300x236.webp 300w, https:\/\/www.dt-smart.com\/wp-content\/uploads\/2024\/08\/\u4e3a\u4ec0\u4e48\u9009\u62e9\u6211\u4eec22-150x118.webp 150w, https:\/\/www.dt-smart.com\/wp-content\/uploads\/2024\/08\/\u4e3a\u4ec0\u4e48\u9009\u62e9\u6211\u4eec22-800x629.webp 800w, https:\/\/www.dt-smart.com\/wp-content\/uploads\/2024\/08\/\u4e3a\u4ec0\u4e48\u9009\u62e9\u6211\u4eec22-768x604.webp 768w, https:\/\/www.dt-smart.com\/wp-content\/uploads\/2024\/08\/\u4e3a\u4ec0\u4e48\u9009\u62e9\u6211\u4eec22-15x12.webp 15w\" sizes=\"(max-width: 1000px) 100vw, 1000px\" \/><\/p>","protected":false},"excerpt":{"rendered":"<p><span style=\"font-size: 10pt;\">\u201cDas TCL 20L verf\u00fcgt \u00fcber ein 6,67 Zoll gro\u00dfes FHD+-Display, das f\u00fcr ein immersives und lebendiges Seherlebnis sorgt. Dank der NXTVISION-Technologie bietet der Bildschirm eine verbesserte Farbgenauigkeit und einen h\u00f6heren Kontrast, wodurch jedes Detail zum Leben erweckt wird. Der 5000-mAh-Akku erm\u00f6glicht Ihnen stundenlanges, unterbrechungsfreies Arbeiten. Der adaptive Augenkomfortmodus minimiert die Blaulichtbelastung, w\u00e4hrend die Antireflexbeschichtung die Lesbarkeit bei Sonneneinstrahlung verbessert. Die robuste Bauweise sorgt f\u00fcr Langlebigkeit im Alltag und bewahrt den makellosen Zustand des Bildschirms. Ob f\u00fcr Arbeit oder Freizeit \u2013 das Display des TCL 20L \u00fcberzeugt durch seine konstante Leistung.\u201d<\/span><\/p>","protected":false},"featured_media":18484,"comment_status":"open","ping_status":"closed","template":"","meta":[],"product_brand":[],"product_cat":[693,1298],"product_tag":[],"class_list":{"0":"post-18508","1":"product","2":"type-product","3":"status-publish","4":"has-post-thumbnail","6":"product_cat-tcl","7":"product_cat-tcl-20l","9":"first","10":"instock","11":"taxable","12":"shipping-taxable","13":"purchasable","14":"product-type-simple"},"yoast_head":"<!-- This site is optimized with the Yoast SEO plugin v27.4 - https:\/\/yoast.com\/product\/yoast-seo-wordpress\/ -->\n<title>TCL 20L Display Replacement - Superior Full HD+ Display Technology to Maximize Visual Experience - Vivid Colors &amp; Clear Detail - OEM Grade - Quality Guaranteed - Fast Shipping - InsurePart<\/title>\n<meta name=\"description\" content=\"TCL 20L Display Replacement - Superior Full HD+ Display Technology to Maximize Visual Experience - Vivid Colors &amp; Clear Detail - OEM Grade - Quality Guaranteed - Fast Shipping\" \/>\n<meta name=\"robots\" content=\"index, follow, max-snippet:-1, max-image-preview:large, max-video-preview:-1\" \/>\n<link rel=\"canonical\" href=\"https:\/\/www.dt-smart.com\/de\/produkt\/tcl-20l-maximize-your-visual-experience-with-superior-full-hd-display-technology\/\" \/>\n<meta property=\"og:locale\" content=\"de_DE\" \/>\n<meta property=\"og:type\" content=\"article\" \/>\n<meta property=\"og:title\" content=\"TCL 20L Display Replacement - Superior Full HD+ Display Technology to Maximize Visual Experience - Vivid Colors &amp; Clear Detail - OEM Grade - Quality Guaranteed - Fast Shipping - InsurePart\" \/>\n<meta property=\"og:description\" content=\"TCL 20L Display Replacement - Superior Full HD+ Display Technology to Maximize Visual Experience - Vivid Colors &amp; Clear Detail - OEM Grade - Quality Guaranteed - Fast Shipping\" \/>\n<meta property=\"og:url\" content=\"https:\/\/www.dt-smart.com\/de\/produkt\/tcl-20l-maximize-your-visual-experience-with-superior-full-hd-display-technology\/\" \/>\n<meta property=\"og:site_name\" content=\"InsurePart\" \/>\n<meta property=\"article:publisher\" content=\"https:\/\/www.facebook.com\/anjinleeEva\" \/>\n<meta property=\"article:modified_time\" content=\"2026-01-05T09:19:57+00:00\" \/>\n<meta property=\"og:image\" content=\"https:\/\/www.dt-smart.com\/wp-content\/uploads\/2025\/01\/TCL-20L-1.webp\" \/>\n\t<meta property=\"og:image:width\" content=\"800\" \/>\n\t<meta property=\"og:image:height\" content=\"800\" \/>\n\t<meta property=\"og:image:type\" content=\"image\/webp\" \/>\n<meta name=\"twitter:card\" content=\"summary_large_image\" \/>\n<meta name=\"twitter:label1\" content=\"Gesch\u00e4tzte Lesezeit\" \/>\n\t<meta name=\"twitter:data1\" content=\"1\u00a0Minute\" \/>\n<script type=\"application\/ld+json\" class=\"yoast-schema-graph\">{\"@context\":\"https:\\\/\\\/schema.org\",\"@graph\":[{\"@type\":\"WebPage\",\"@id\":\"https:\\\/\\\/www.dt-smart.com\\\/de\\\/produkt\\\/tcl-20l-maximize-your-visual-experience-with-superior-full-hd-display-technology\\\/\",\"url\":\"https:\\\/\\\/www.dt-smart.com\\\/de\\\/produkt\\\/tcl-20l-maximize-your-visual-experience-with-superior-full-hd-display-technology\\\/\",\"name\":\"TCL 20L Display Replacement - Superior Full HD+ Display Technology to Maximize Visual Experience - Vivid Colors & Clear Detail - OEM Grade - Quality Guaranteed - Fast Shipping - InsurePart\",\"isPartOf\":{\"@id\":\"https:\\\/\\\/www.dt-smart.com\\\/#website\"},\"primaryImageOfPage\":{\"@id\":\"https:\\\/\\\/www.dt-smart.com\\\/de\\\/produkt\\\/tcl-20l-maximize-your-visual-experience-with-superior-full-hd-display-technology\\\/#primaryimage\"},\"image\":{\"@id\":\"https:\\\/\\\/www.dt-smart.com\\\/de\\\/produkt\\\/tcl-20l-maximize-your-visual-experience-with-superior-full-hd-display-technology\\\/#primaryimage\"},\"thumbnailUrl\":\"https:\\\/\\\/www.dt-smart.com\\\/wp-content\\\/uploads\\\/2025\\\/01\\\/TCL-20L-1.webp\",\"datePublished\":\"2025-01-10T03:42:54+00:00\",\"dateModified\":\"2026-01-05T09:19:57+00:00\",\"description\":\"TCL 20L Display Replacement - Superior Full HD+ Display Technology to Maximize Visual Experience - Vivid Colors & Clear Detail - OEM Grade - Quality Guaranteed - Fast Shipping\",\"breadcrumb\":{\"@id\":\"https:\\\/\\\/www.dt-smart.com\\\/de\\\/produkt\\\/tcl-20l-maximize-your-visual-experience-with-superior-full-hd-display-technology\\\/#breadcrumb\"},\"inLanguage\":\"de\",\"potentialAction\":[{\"@type\":\"ReadAction\",\"target\":[\"https:\\\/\\\/www.dt-smart.com\\\/de\\\/produkt\\\/tcl-20l-maximize-your-visual-experience-with-superior-full-hd-display-technology\\\/\"]}]},{\"@type\":\"ImageObject\",\"inLanguage\":\"de\",\"@id\":\"https:\\\/\\\/www.dt-smart.com\\\/de\\\/produkt\\\/tcl-20l-maximize-your-visual-experience-with-superior-full-hd-display-technology\\\/#primaryimage\",\"url\":\"https:\\\/\\\/www.dt-smart.com\\\/wp-content\\\/uploads\\\/2025\\\/01\\\/TCL-20L-1.webp\",\"contentUrl\":\"https:\\\/\\\/www.dt-smart.com\\\/wp-content\\\/uploads\\\/2025\\\/01\\\/TCL-20L-1.webp\",\"width\":800,\"height\":800},{\"@type\":\"BreadcrumbList\",\"@id\":\"https:\\\/\\\/www.dt-smart.com\\\/de\\\/produkt\\\/tcl-20l-maximize-your-visual-experience-with-superior-full-hd-display-technology\\\/#breadcrumb\",\"itemListElement\":[{\"@type\":\"ListItem\",\"position\":1,\"name\":\"Home\",\"item\":\"https:\\\/\\\/www.dt-smart.com\\\/\"},{\"@type\":\"ListItem\",\"position\":2,\"name\":\"Product\",\"item\":\"https:\\\/\\\/www.dt-smart.com\\\/ru\\\/product\\\/\"},{\"@type\":\"ListItem\",\"position\":3,\"name\":\"TCL 20L Display Replacement &#8211; Superior Full HD+ Display Technology to Maximize Visual Experience &#8211; Vivid Colors &#038; Clear Detail &#8211; OEM Grade &#8211; Quality Guaranteed &#8211; Fast Shipping\"}]},{\"@type\":\"WebSite\",\"@id\":\"https:\\\/\\\/www.dt-smart.com\\\/#website\",\"url\":\"https:\\\/\\\/www.dt-smart.com\\\/\",\"name\":\"InsurePart\",\"description\":\"Cell Phone Repair Parts; iPhone Parts Wholesale;Samsung Parts Supplier\",\"potentialAction\":[{\"@type\":\"SearchAction\",\"target\":{\"@type\":\"EntryPoint\",\"urlTemplate\":\"https:\\\/\\\/www.dt-smart.com\\\/?s={search_term_string}\"},\"query-input\":{\"@type\":\"PropertyValueSpecification\",\"valueRequired\":true,\"valueName\":\"search_term_string\"}}],\"inLanguage\":\"de\"}]}<\/script>\n<!-- \/ Yoast SEO plugin. -->","yoast_head_json":{"title":"TCL 20L Display Replacement - Superior Full HD+ Display Technology to Maximize Visual Experience - Vivid Colors & Clear Detail - OEM Grade - Quality Guaranteed - Fast Shipping - InsurePart","description":"TCL 20L Display Replacement - Superior Full HD+ Display Technology to Maximize Visual Experience - Vivid Colors & Clear Detail - OEM Grade - Quality Guaranteed - Fast Shipping","robots":{"index":"index","follow":"follow","max-snippet":"max-snippet:-1","max-image-preview":"max-image-preview:large","max-video-preview":"max-video-preview:-1"},"canonical":"https:\/\/www.dt-smart.com\/de\/produkt\/tcl-20l-maximize-your-visual-experience-with-superior-full-hd-display-technology\/","og_locale":"de_DE","og_type":"article","og_title":"TCL 20L Display Replacement - Superior Full HD+ Display Technology to Maximize Visual Experience - Vivid Colors & Clear Detail - OEM Grade - Quality Guaranteed - Fast Shipping - InsurePart","og_description":"TCL 20L Display Replacement - Superior Full HD+ Display Technology to Maximize Visual Experience - Vivid Colors & Clear Detail - OEM Grade - Quality Guaranteed - Fast Shipping","og_url":"https:\/\/www.dt-smart.com\/de\/produkt\/tcl-20l-maximize-your-visual-experience-with-superior-full-hd-display-technology\/","og_site_name":"InsurePart","article_publisher":"https:\/\/www.facebook.com\/anjinleeEva","article_modified_time":"2026-01-05T09:19:57+00:00","og_image":[{"width":800,"height":800,"url":"https:\/\/www.dt-smart.com\/wp-content\/uploads\/2025\/01\/TCL-20L-1.webp","type":"image\/webp"}],"twitter_card":"summary_large_image","twitter_misc":{"Gesch\u00e4tzte Lesezeit":"1\u00a0Minute"},"schema":{"@context":"https:\/\/schema.org","@graph":[{"@type":"WebPage","@id":"https:\/\/www.dt-smart.com\/de\/produkt\/tcl-20l-maximize-your-visual-experience-with-superior-full-hd-display-technology\/","url":"https:\/\/www.dt-smart.com\/de\/produkt\/tcl-20l-maximize-your-visual-experience-with-superior-full-hd-display-technology\/","name":"TCL 20L Display Replacement - Superior Full HD+ Display Technology to Maximize Visual Experience - Vivid Colors & Clear Detail - OEM Grade - Quality Guaranteed - Fast Shipping - InsurePart","isPartOf":{"@id":"https:\/\/www.dt-smart.com\/#website"},"primaryImageOfPage":{"@id":"https:\/\/www.dt-smart.com\/de\/produkt\/tcl-20l-maximize-your-visual-experience-with-superior-full-hd-display-technology\/#primaryimage"},"image":{"@id":"https:\/\/www.dt-smart.com\/de\/produkt\/tcl-20l-maximize-your-visual-experience-with-superior-full-hd-display-technology\/#primaryimage"},"thumbnailUrl":"https:\/\/www.dt-smart.com\/wp-content\/uploads\/2025\/01\/TCL-20L-1.webp","datePublished":"2025-01-10T03:42:54+00:00","dateModified":"2026-01-05T09:19:57+00:00","description":"TCL 20L Display Replacement - Superior Full HD+ Display Technology to Maximize Visual Experience - Vivid Colors & Clear Detail - OEM Grade - Quality Guaranteed - Fast Shipping","breadcrumb":{"@id":"https:\/\/www.dt-smart.com\/de\/produkt\/tcl-20l-maximize-your-visual-experience-with-superior-full-hd-display-technology\/#breadcrumb"},"inLanguage":"de","potentialAction":[{"@type":"ReadAction","target":["https:\/\/www.dt-smart.com\/de\/produkt\/tcl-20l-maximize-your-visual-experience-with-superior-full-hd-display-technology\/"]}]},{"@type":"ImageObject","inLanguage":"de","@id":"https:\/\/www.dt-smart.com\/de\/produkt\/tcl-20l-maximize-your-visual-experience-with-superior-full-hd-display-technology\/#primaryimage","url":"https:\/\/www.dt-smart.com\/wp-content\/uploads\/2025\/01\/TCL-20L-1.webp","contentUrl":"https:\/\/www.dt-smart.com\/wp-content\/uploads\/2025\/01\/TCL-20L-1.webp","width":800,"height":800},{"@type":"BreadcrumbList","@id":"https:\/\/www.dt-smart.com\/de\/produkt\/tcl-20l-maximize-your-visual-experience-with-superior-full-hd-display-technology\/#breadcrumb","itemListElement":[{"@type":"ListItem","position":1,"name":"Home","item":"https:\/\/www.dt-smart.com\/"},{"@type":"ListItem","position":2,"name":"Product","item":"https:\/\/www.dt-smart.com\/ru\/product\/"},{"@type":"ListItem","position":3,"name":"TCL 20L Display Replacement &#8211; Superior Full HD+ Display Technology to Maximize Visual Experience &#8211; Vivid Colors &#038; Clear Detail &#8211; OEM Grade &#8211; Quality Guaranteed &#8211; Fast Shipping"}]},{"@type":"WebSite","@id":"https:\/\/www.dt-smart.com\/#website","url":"https:\/\/www.dt-smart.com\/","name":"InsurePart","description":"Handy-Ersatzteile; iPhone-Ersatzteile im Gro\u00dfhandel; Samsung-Ersatzteillieferant","potentialAction":[{"@type":"SearchAction","target":{"@type":"EntryPoint","urlTemplate":"https:\/\/www.dt-smart.com\/?s={search_term_string}"},"query-input":{"@type":"PropertyValueSpecification","valueRequired":true,"valueName":"search_term_string"}}],"inLanguage":"de"}]}},"_links":{"self":[{"href":"https:\/\/www.dt-smart.com\/de\/wp-json\/wp\/v2\/product\/18508","targetHints":{"allow":["GET"]}}],"collection":[{"href":"https:\/\/www.dt-smart.com\/de\/wp-json\/wp\/v2\/product"}],"about":[{"href":"https:\/\/www.dt-smart.com\/de\/wp-json\/wp\/v2\/types\/product"}],"replies":[{"embeddable":true,"href":"https:\/\/www.dt-smart.com\/de\/wp-json\/wp\/v2\/comments?post=18508"}],"version-history":[{"count":3,"href":"https:\/\/www.dt-smart.com\/de\/wp-json\/wp\/v2\/product\/18508\/revisions"}],"predecessor-version":[{"id":24139,"href":"https:\/\/www.dt-smart.com\/de\/wp-json\/wp\/v2\/product\/18508\/revisions\/24139"}],"wp:featuredmedia":[{"embeddable":true,"href":"https:\/\/www.dt-smart.com\/de\/wp-json\/wp\/v2\/media\/18484"}],"wp:attachment":[{"href":"https:\/\/www.dt-smart.com\/de\/wp-json\/wp\/v2\/media?parent=18508"}],"wp:term":[{"taxonomy":"product_brand","embeddable":true,"href":"https:\/\/www.dt-smart.com\/de\/wp-json\/wp\/v2\/product_brand?post=18508"},{"taxonomy":"product_cat","embeddable":true,"href":"https:\/\/www.dt-smart.com\/de\/wp-json\/wp\/v2\/product_cat?post=18508"},{"taxonomy":"product_tag","embeddable":true,"href":"https:\/\/www.dt-smart.com\/de\/wp-json\/wp\/v2\/product_tag?post=18508"}],"curies":[{"name":"wp","href":"https:\/\/api.w.org\/{rel}","templated":true}]}}