{"id":18606,"date":"2025-01-14T17:04:30","date_gmt":"2025-01-14T09:04:30","guid":{"rendered":"https:\/\/insurepart.com\/?post_type=product&#038;p=18606"},"modified":"2025-01-14T17:04:31","modified_gmt":"2025-01-14T09:04:31","slug":"zte-a5-compact-hd-display-with-reliable-durability-for-everyday-use","status":"publish","type":"product","link":"https:\/\/www.dt-smart.com\/de\/produkt\/zte-a5-compact-hd-display-with-reliable-durability-for-everyday-use\/","title":{"rendered":"\u201cZTE A5: Kompaktes HD+-Display mit zuverl\u00e4ssiger Langlebigkeit f\u00fcr den t\u00e4glichen Gebrauch\u201d"},"content":{"rendered":"<p style=\"text-align: center;\"><img fetchpriority=\"high\" decoding=\"async\" class=\"alignnone size-full wp-image-15567\" src=\"https:\/\/insurepart.com\/wp-content\/uploads\/2024\/08\/\u4e3a\u4ec0\u4e48\u9009\u62e9\u6211\u4eec22.webp\" alt=\"\" width=\"1000\" height=\"786\" srcset=\"https:\/\/www.dt-smart.com\/wp-content\/uploads\/2024\/08\/\u4e3a\u4ec0\u4e48\u9009\u62e9\u6211\u4eec22.webp 1000w, https:\/\/www.dt-smart.com\/wp-content\/uploads\/2024\/08\/\u4e3a\u4ec0\u4e48\u9009\u62e9\u6211\u4eec22-300x236.webp 300w, https:\/\/www.dt-smart.com\/wp-content\/uploads\/2024\/08\/\u4e3a\u4ec0\u4e48\u9009\u62e9\u6211\u4eec22-150x118.webp 150w, https:\/\/www.dt-smart.com\/wp-content\/uploads\/2024\/08\/\u4e3a\u4ec0\u4e48\u9009\u62e9\u6211\u4eec22-800x629.webp 800w, https:\/\/www.dt-smart.com\/wp-content\/uploads\/2024\/08\/\u4e3a\u4ec0\u4e48\u9009\u62e9\u6211\u4eec22-768x604.webp 768w, https:\/\/www.dt-smart.com\/wp-content\/uploads\/2024\/08\/\u4e3a\u4ec0\u4e48\u9009\u62e9\u6211\u4eec22-15x12.webp 15w\" sizes=\"(max-width: 1000px) 100vw, 1000px\" \/><\/p>","protected":false},"excerpt":{"rendered":"<table data-pm-slice=\"1 1 -3 [&quot;table&quot;,{&quot;start&quot;:0,&quot;end&quot;:6783},&quot;table_row&quot;,{&quot;start&quot;:436,&quot;end&quot;:1175}]\">\n<tbody>\n<tr>\n<td>\u201cDas ZTE A5 verf\u00fcgt \u00fcber ein 5,45 Zoll gro\u00dfes HD+-Display, das in einem kompakten Format brillante Farben und gestochen scharfe Bilder bietet. Der Bildschirm ist f\u00fcr die komfortable Einhandbedienung optimiert und bietet hervorragende Klarheit beim Surfen, Streamen und Lesen. Dank seiner kratzfesten Konstruktion ist er auch bei t\u00e4glichem Gebrauch langlebig. Die adaptive Helligkeit passt sich verschiedenen Umgebungen an und sorgt so f\u00fcr optimale Lesbarkeit im Innen- und Au\u00dfenbereich. Das ZTE A5 ist preiswert und zuverl\u00e4ssig und bietet mit seinem Bildschirm die perfekte Balance zwischen Funktionalit\u00e4t und Robustheit \u2013 die ideale Wahl f\u00fcr preisbewusste Nutzer, die Wert auf ein hochwertiges Seherlebnis legen.\u2019<\/td>\n<\/tr>\n<\/tbody>\n<\/table>","protected":false},"featured_media":18587,"comment_status":"open","ping_status":"closed","template":"","meta":[],"product_brand":[],"product_cat":[992,549],"product_tag":[],"class_list":{"0":"post-18606","1":"product","2":"type-product","3":"status-publish","4":"has-post-thumbnail","6":"product_cat-blade-a5-2020","7":"product_cat-blade-series-zte-battery","9":"first","10":"instock","11":"taxable","12":"shipping-taxable","13":"purchasable","14":"product-type-simple"},"yoast_head":"<!-- This site is optimized with the Yoast SEO plugin v27.4 - https:\/\/yoast.com\/product\/yoast-seo-wordpress\/ -->\n<title>&quot;ZTE A5: Compact HD+ Display with Reliable Durability for Everyday Use&quot; - InsurePart<\/title>\n<meta name=\"robots\" content=\"index, follow, max-snippet:-1, max-image-preview:large, max-video-preview:-1\" \/>\n<link rel=\"canonical\" href=\"https:\/\/www.dt-smart.com\/de\/produkt\/zte-a5-compact-hd-display-with-reliable-durability-for-everyday-use\/\" \/>\n<meta property=\"og:locale\" content=\"de_DE\" \/>\n<meta property=\"og:type\" content=\"article\" \/>\n<meta property=\"og:title\" content=\"&quot;ZTE A5: Compact HD+ Display with Reliable Durability for Everyday Use&quot; - InsurePart\" \/>\n<meta property=\"og:description\" content=\"&quot;The ZTE A5 features a 5.45-inch HD+ display that offers vibrant colors and sharp visuals in a compact form factor. Designed for convenient one-handed use, the screen maintains excellent clarity for browsing, streaming, and reading. Its scratch-resistant construction ensures longevity, even in daily use. The display\u2019s adaptive brightness adjusts to different environments, providing comfort indoors and outdoors. Affordable and reliable, the ZTE A5\u2019s screen strikes the perfect balance between functionality and durability, making it an ideal choice for budget-conscious users seeking a quality visual experience.&quot;\" \/>\n<meta property=\"og:url\" content=\"https:\/\/www.dt-smart.com\/de\/produkt\/zte-a5-compact-hd-display-with-reliable-durability-for-everyday-use\/\" \/>\n<meta property=\"og:site_name\" content=\"InsurePart\" \/>\n<meta property=\"article:publisher\" content=\"https:\/\/www.facebook.com\/anjinleeEva\" \/>\n<meta property=\"article:modified_time\" content=\"2025-01-14T09:04:31+00:00\" \/>\n<meta property=\"og:image\" content=\"https:\/\/www.dt-smart.com\/wp-content\/uploads\/2025\/01\/A5-A7\u4e3b.webp\" \/>\n\t<meta property=\"og:image:width\" content=\"800\" \/>\n\t<meta property=\"og:image:height\" content=\"800\" \/>\n\t<meta property=\"og:image:type\" content=\"image\/webp\" \/>\n<meta name=\"twitter:card\" content=\"summary_large_image\" \/>\n<meta name=\"twitter:label1\" content=\"Gesch\u00e4tzte Lesezeit\" \/>\n\t<meta name=\"twitter:data1\" content=\"1\u00a0Minute\" \/>\n<script type=\"application\/ld+json\" class=\"yoast-schema-graph\">{\"@context\":\"https:\\\/\\\/schema.org\",\"@graph\":[{\"@type\":\"WebPage\",\"@id\":\"https:\\\/\\\/www.dt-smart.com\\\/ja\\\/product\\\/zte-a5-compact-hd-display-with-reliable-durability-for-everyday-use\\\/\",\"url\":\"https:\\\/\\\/www.dt-smart.com\\\/ja\\\/product\\\/zte-a5-compact-hd-display-with-reliable-durability-for-everyday-use\\\/\",\"name\":\"\\\"ZTE A5: Compact HD+ Display with Reliable Durability for Everyday Use\\\" - InsurePart\",\"isPartOf\":{\"@id\":\"https:\\\/\\\/www.dt-smart.com\\\/#website\"},\"primaryImageOfPage\":{\"@id\":\"https:\\\/\\\/www.dt-smart.com\\\/ja\\\/product\\\/zte-a5-compact-hd-display-with-reliable-durability-for-everyday-use\\\/#primaryimage\"},\"image\":{\"@id\":\"https:\\\/\\\/www.dt-smart.com\\\/ja\\\/product\\\/zte-a5-compact-hd-display-with-reliable-durability-for-everyday-use\\\/#primaryimage\"},\"thumbnailUrl\":\"https:\\\/\\\/www.dt-smart.com\\\/wp-content\\\/uploads\\\/2025\\\/01\\\/A5-A7\u4e3b.webp\",\"datePublished\":\"2025-01-14T09:04:30+00:00\",\"dateModified\":\"2025-01-14T09:04:31+00:00\",\"breadcrumb\":{\"@id\":\"https:\\\/\\\/www.dt-smart.com\\\/ja\\\/product\\\/zte-a5-compact-hd-display-with-reliable-durability-for-everyday-use\\\/#breadcrumb\"},\"inLanguage\":\"de\",\"potentialAction\":[{\"@type\":\"ReadAction\",\"target\":[\"https:\\\/\\\/www.dt-smart.com\\\/ja\\\/product\\\/zte-a5-compact-hd-display-with-reliable-durability-for-everyday-use\\\/\"]}]},{\"@type\":\"ImageObject\",\"inLanguage\":\"de\",\"@id\":\"https:\\\/\\\/www.dt-smart.com\\\/ja\\\/product\\\/zte-a5-compact-hd-display-with-reliable-durability-for-everyday-use\\\/#primaryimage\",\"url\":\"https:\\\/\\\/www.dt-smart.com\\\/wp-content\\\/uploads\\\/2025\\\/01\\\/A5-A7\u4e3b.webp\",\"contentUrl\":\"https:\\\/\\\/www.dt-smart.com\\\/wp-content\\\/uploads\\\/2025\\\/01\\\/A5-A7\u4e3b.webp\",\"width\":800,\"height\":800},{\"@type\":\"BreadcrumbList\",\"@id\":\"https:\\\/\\\/www.dt-smart.com\\\/ja\\\/product\\\/zte-a5-compact-hd-display-with-reliable-durability-for-everyday-use\\\/#breadcrumb\",\"itemListElement\":[{\"@type\":\"ListItem\",\"position\":1,\"name\":\"Home\",\"item\":\"https:\\\/\\\/www.dt-smart.com\\\/\"},{\"@type\":\"ListItem\",\"position\":2,\"name\":\"Product\",\"item\":\"https:\\\/\\\/www.dt-smart.com\\\/ru\\\/product\\\/\"},{\"@type\":\"ListItem\",\"position\":3,\"name\":\"&#8220;ZTE A5: Compact HD+ Display with Reliable Durability for Everyday Use&#8221;\"}]},{\"@type\":\"WebSite\",\"@id\":\"https:\\\/\\\/www.dt-smart.com\\\/#website\",\"url\":\"https:\\\/\\\/www.dt-smart.com\\\/\",\"name\":\"InsurePart\",\"description\":\"Cell Phone Repair Parts; iPhone Parts Wholesale;Samsung Parts Supplier\",\"potentialAction\":[{\"@type\":\"SearchAction\",\"target\":{\"@type\":\"EntryPoint\",\"urlTemplate\":\"https:\\\/\\\/www.dt-smart.com\\\/?s={search_term_string}\"},\"query-input\":{\"@type\":\"PropertyValueSpecification\",\"valueRequired\":true,\"valueName\":\"search_term_string\"}}],\"inLanguage\":\"de\"}]}<\/script>\n<!-- \/ Yoast SEO plugin. -->","yoast_head_json":{"title":"\"ZTE A5: Compact HD+ Display with Reliable Durability for Everyday Use\" - InsurePart","robots":{"index":"index","follow":"follow","max-snippet":"max-snippet:-1","max-image-preview":"max-image-preview:large","max-video-preview":"max-video-preview:-1"},"canonical":"https:\/\/www.dt-smart.com\/de\/produkt\/zte-a5-compact-hd-display-with-reliable-durability-for-everyday-use\/","og_locale":"de_DE","og_type":"article","og_title":"\"ZTE A5: Compact HD+ Display with Reliable Durability for Everyday Use\" - InsurePart","og_description":"\"The ZTE A5 features a 5.45-inch HD+ display that offers vibrant colors and sharp visuals in a compact form factor. Designed for convenient one-handed use, the screen maintains excellent clarity for browsing, streaming, and reading. Its scratch-resistant construction ensures longevity, even in daily use. The display\u2019s adaptive brightness adjusts to different environments, providing comfort indoors and outdoors. Affordable and reliable, the ZTE A5\u2019s screen strikes the perfect balance between functionality and durability, making it an ideal choice for budget-conscious users seeking a quality visual experience.\"","og_url":"https:\/\/www.dt-smart.com\/de\/produkt\/zte-a5-compact-hd-display-with-reliable-durability-for-everyday-use\/","og_site_name":"InsurePart","article_publisher":"https:\/\/www.facebook.com\/anjinleeEva","article_modified_time":"2025-01-14T09:04:31+00:00","og_image":[{"width":800,"height":800,"url":"https:\/\/www.dt-smart.com\/wp-content\/uploads\/2025\/01\/A5-A7\u4e3b.webp","type":"image\/webp"}],"twitter_card":"summary_large_image","twitter_misc":{"Gesch\u00e4tzte Lesezeit":"1\u00a0Minute"},"schema":{"@context":"https:\/\/schema.org","@graph":[{"@type":"WebPage","@id":"https:\/\/www.dt-smart.com\/ja\/product\/zte-a5-compact-hd-display-with-reliable-durability-for-everyday-use\/","url":"https:\/\/www.dt-smart.com\/ja\/product\/zte-a5-compact-hd-display-with-reliable-durability-for-everyday-use\/","name":"\"ZTE A5: Compact HD+ Display with Reliable Durability for Everyday Use\" - InsurePart","isPartOf":{"@id":"https:\/\/www.dt-smart.com\/#website"},"primaryImageOfPage":{"@id":"https:\/\/www.dt-smart.com\/ja\/product\/zte-a5-compact-hd-display-with-reliable-durability-for-everyday-use\/#primaryimage"},"image":{"@id":"https:\/\/www.dt-smart.com\/ja\/product\/zte-a5-compact-hd-display-with-reliable-durability-for-everyday-use\/#primaryimage"},"thumbnailUrl":"https:\/\/www.dt-smart.com\/wp-content\/uploads\/2025\/01\/A5-A7\u4e3b.webp","datePublished":"2025-01-14T09:04:30+00:00","dateModified":"2025-01-14T09:04:31+00:00","breadcrumb":{"@id":"https:\/\/www.dt-smart.com\/ja\/product\/zte-a5-compact-hd-display-with-reliable-durability-for-everyday-use\/#breadcrumb"},"inLanguage":"de","potentialAction":[{"@type":"ReadAction","target":["https:\/\/www.dt-smart.com\/ja\/product\/zte-a5-compact-hd-display-with-reliable-durability-for-everyday-use\/"]}]},{"@type":"ImageObject","inLanguage":"de","@id":"https:\/\/www.dt-smart.com\/ja\/product\/zte-a5-compact-hd-display-with-reliable-durability-for-everyday-use\/#primaryimage","url":"https:\/\/www.dt-smart.com\/wp-content\/uploads\/2025\/01\/A5-A7\u4e3b.webp","contentUrl":"https:\/\/www.dt-smart.com\/wp-content\/uploads\/2025\/01\/A5-A7\u4e3b.webp","width":800,"height":800},{"@type":"BreadcrumbList","@id":"https:\/\/www.dt-smart.com\/ja\/product\/zte-a5-compact-hd-display-with-reliable-durability-for-everyday-use\/#breadcrumb","itemListElement":[{"@type":"ListItem","position":1,"name":"Home","item":"https:\/\/www.dt-smart.com\/"},{"@type":"ListItem","position":2,"name":"Product","item":"https:\/\/www.dt-smart.com\/ru\/product\/"},{"@type":"ListItem","position":3,"name":"&#8220;ZTE A5: Compact HD+ Display with Reliable Durability for Everyday Use&#8221;"}]},{"@type":"WebSite","@id":"https:\/\/www.dt-smart.com\/#website","url":"https:\/\/www.dt-smart.com\/","name":"InsurePart","description":"Handy-Ersatzteile; iPhone-Ersatzteile im Gro\u00dfhandel; Samsung-Ersatzteillieferant","potentialAction":[{"@type":"SearchAction","target":{"@type":"EntryPoint","urlTemplate":"https:\/\/www.dt-smart.com\/?s={search_term_string}"},"query-input":{"@type":"PropertyValueSpecification","valueRequired":true,"valueName":"search_term_string"}}],"inLanguage":"de"}]}},"_links":{"self":[{"href":"https:\/\/www.dt-smart.com\/de\/wp-json\/wp\/v2\/product\/18606","targetHints":{"allow":["GET"]}}],"collection":[{"href":"https:\/\/www.dt-smart.com\/de\/wp-json\/wp\/v2\/product"}],"about":[{"href":"https:\/\/www.dt-smart.com\/de\/wp-json\/wp\/v2\/types\/product"}],"replies":[{"embeddable":true,"href":"https:\/\/www.dt-smart.com\/de\/wp-json\/wp\/v2\/comments?post=18606"}],"version-history":[{"count":1,"href":"https:\/\/www.dt-smart.com\/de\/wp-json\/wp\/v2\/product\/18606\/revisions"}],"predecessor-version":[{"id":18620,"href":"https:\/\/www.dt-smart.com\/de\/wp-json\/wp\/v2\/product\/18606\/revisions\/18620"}],"wp:featuredmedia":[{"embeddable":true,"href":"https:\/\/www.dt-smart.com\/de\/wp-json\/wp\/v2\/media\/18587"}],"wp:attachment":[{"href":"https:\/\/www.dt-smart.com\/de\/wp-json\/wp\/v2\/media?parent=18606"}],"wp:term":[{"taxonomy":"product_brand","embeddable":true,"href":"https:\/\/www.dt-smart.com\/de\/wp-json\/wp\/v2\/product_brand?post=18606"},{"taxonomy":"product_cat","embeddable":true,"href":"https:\/\/www.dt-smart.com\/de\/wp-json\/wp\/v2\/product_cat?post=18606"},{"taxonomy":"product_tag","embeddable":true,"href":"https:\/\/www.dt-smart.com\/de\/wp-json\/wp\/v2\/product_tag?post=18606"}],"curies":[{"name":"wp","href":"https:\/\/api.w.org\/{rel}","templated":true}]}}