{"id":18661,"date":"2025-01-16T11:04:22","date_gmt":"2025-01-16T03:04:22","guid":{"rendered":"https:\/\/insurepart.com\/?post_type=product&#038;p=18661"},"modified":"2026-01-26T12:08:24","modified_gmt":"2026-01-26T04:08:24","slug":"high-resolution-display-for-zte-axon60-lite-smooth-and-crisp-visuals","status":"publish","type":"product","link":"https:\/\/www.dt-smart.com\/de\/produkt\/high-resolution-display-for-zte-axon60-lite-smooth-and-crisp-visuals\/","title":{"rendered":"ZTE Axon60 Lite Display-Ersatz mit hoher Aufl\u00f6sung \u2013 Fl\u00fcssige und gestochen scharfe Darstellung \u2013 Hohe Kompatibilit\u00e4t \u2013 Erstausr\u00fcsterqualit\u00e4t \u2013 Qualit\u00e4tsgarantie \u2013 Schneller Versand"},"content":{"rendered":"<p style=\"text-align: center;\"><img fetchpriority=\"high\" decoding=\"async\" class=\"alignnone size-full wp-image-15567\" src=\"https:\/\/insurepart.com\/wp-content\/uploads\/2024\/08\/\u4e3a\u4ec0\u4e48\u9009\u62e9\u6211\u4eec22.webp\" alt=\"\" width=\"1000\" height=\"786\" srcset=\"https:\/\/www.dt-smart.com\/wp-content\/uploads\/2024\/08\/\u4e3a\u4ec0\u4e48\u9009\u62e9\u6211\u4eec22.webp 1000w, https:\/\/www.dt-smart.com\/wp-content\/uploads\/2024\/08\/\u4e3a\u4ec0\u4e48\u9009\u62e9\u6211\u4eec22-300x236.webp 300w, https:\/\/www.dt-smart.com\/wp-content\/uploads\/2024\/08\/\u4e3a\u4ec0\u4e48\u9009\u62e9\u6211\u4eec22-150x118.webp 150w, https:\/\/www.dt-smart.com\/wp-content\/uploads\/2024\/08\/\u4e3a\u4ec0\u4e48\u9009\u62e9\u6211\u4eec22-800x629.webp 800w, https:\/\/www.dt-smart.com\/wp-content\/uploads\/2024\/08\/\u4e3a\u4ec0\u4e48\u9009\u62e9\u6211\u4eec22-768x604.webp 768w, https:\/\/www.dt-smart.com\/wp-content\/uploads\/2024\/08\/\u4e3a\u4ec0\u4e48\u9009\u62e9\u6211\u4eec22-15x12.webp 15w\" sizes=\"(max-width: 1000px) 100vw, 1000px\" \/><\/p>","protected":false},"excerpt":{"rendered":"<p><span style=\"font-size: 10pt;\">Erleben Sie mit dem Display des ZTE Axon60 Lite ein v\u00f6llig neues Seherlebnis. Es liefert gestochen scharfe, klare und fl\u00fcssige Bilder. Dank seiner hohen Aufl\u00f6sung wird jedes Detail gestochen scharf dargestellt, egal ob Sie im Internet surfen oder HD-Inhalte ansehen. Das Display verf\u00fcgt \u00fcber eine fortschrittliche Touch-Empfindlichkeit f\u00fcr pr\u00e4zise Eingaben in Spielen und Apps. Mit exzellenter Farbwiedergabe und einem weiten Betrachtungswinkel eignet sich dieser Bildschirm perfekt f\u00fcr den t\u00e4glichen Gebrauch und lange Nutzungszeiten. Dar\u00fcber hinaus sorgt die energieeffiziente Technologie f\u00fcr ein optimales Verh\u00e4ltnis von Leistung und Akkulaufzeit und macht das Smartphone zu einer zuverl\u00e4ssigen Wahl.<\/span><\/p>","protected":false},"featured_media":18649,"comment_status":"open","ping_status":"closed","template":"","meta":[],"product_brand":[],"product_cat":[549,1312],"product_tag":[],"class_list":{"0":"post-18661","1":"product","2":"type-product","3":"status-publish","4":"has-post-thumbnail","6":"product_cat-blade-series-zte-battery","7":"product_cat-zte-axon60-lite","9":"first","10":"instock","11":"taxable","12":"shipping-taxable","13":"purchasable","14":"product-type-simple"},"yoast_head":"<!-- This site is optimized with the Yoast SEO plugin v27.4 - https:\/\/yoast.com\/product\/yoast-seo-wordpress\/ -->\n<title>ZTE Axon60 Lite High-Resolution Display Replacement - Smooth &amp; Crisp Visuals - High Compatibility - OEM Grade - Quality Guaranteed - Fast Shipping - InsurePart<\/title>\n<meta name=\"description\" content=\"ZTE Axon60 Lite High-Resolution Display Replacement - Smooth &amp; Crisp Visuals - High Compatibility - OEM Grade - Quality Guaranteed - Fast Shipping\" \/>\n<meta name=\"robots\" content=\"index, follow, max-snippet:-1, max-image-preview:large, max-video-preview:-1\" \/>\n<link rel=\"canonical\" href=\"https:\/\/www.dt-smart.com\/de\/produkt\/high-resolution-display-for-zte-axon60-lite-smooth-and-crisp-visuals\/\" \/>\n<meta property=\"og:locale\" content=\"de_DE\" \/>\n<meta property=\"og:type\" content=\"article\" \/>\n<meta property=\"og:title\" content=\"ZTE Axon60 Lite High-Resolution Display Replacement - Smooth &amp; Crisp Visuals - High Compatibility - OEM Grade - Quality Guaranteed - Fast Shipping - InsurePart\" \/>\n<meta property=\"og:description\" content=\"ZTE Axon60 Lite High-Resolution Display Replacement - Smooth &amp; Crisp Visuals - High Compatibility - OEM Grade - Quality Guaranteed - Fast Shipping\" \/>\n<meta property=\"og:url\" content=\"https:\/\/www.dt-smart.com\/de\/produkt\/high-resolution-display-for-zte-axon60-lite-smooth-and-crisp-visuals\/\" \/>\n<meta property=\"og:site_name\" content=\"InsurePart\" \/>\n<meta property=\"article:publisher\" content=\"https:\/\/www.facebook.com\/anjinleeEva\" \/>\n<meta property=\"article:modified_time\" content=\"2026-01-26T04:08:24+00:00\" \/>\n<meta property=\"og:image\" content=\"https:\/\/www.dt-smart.com\/wp-content\/uploads\/2025\/01\/Axon-60-Lite\u4e3b.webp\" \/>\n\t<meta property=\"og:image:width\" content=\"2500\" \/>\n\t<meta property=\"og:image:height\" content=\"2500\" \/>\n\t<meta property=\"og:image:type\" content=\"image\/webp\" \/>\n<meta name=\"twitter:card\" content=\"summary_large_image\" \/>\n<meta name=\"twitter:label1\" content=\"Gesch\u00e4tzte Lesezeit\" \/>\n\t<meta name=\"twitter:data1\" content=\"1\u00a0Minute\" \/>\n<script type=\"application\/ld+json\" class=\"yoast-schema-graph\">{\"@context\":\"https:\\\/\\\/schema.org\",\"@graph\":[{\"@type\":\"WebPage\",\"@id\":\"https:\\\/\\\/www.dt-smart.com\\\/product\\\/high-resolution-display-for-zte-axon60-lite-smooth-and-crisp-visuals\\\/\",\"url\":\"https:\\\/\\\/www.dt-smart.com\\\/product\\\/high-resolution-display-for-zte-axon60-lite-smooth-and-crisp-visuals\\\/\",\"name\":\"ZTE Axon60 Lite High-Resolution Display Replacement - Smooth & Crisp Visuals - High Compatibility - OEM Grade - Quality Guaranteed - Fast Shipping - InsurePart\",\"isPartOf\":{\"@id\":\"https:\\\/\\\/www.dt-smart.com\\\/#website\"},\"primaryImageOfPage\":{\"@id\":\"https:\\\/\\\/www.dt-smart.com\\\/product\\\/high-resolution-display-for-zte-axon60-lite-smooth-and-crisp-visuals\\\/#primaryimage\"},\"image\":{\"@id\":\"https:\\\/\\\/www.dt-smart.com\\\/product\\\/high-resolution-display-for-zte-axon60-lite-smooth-and-crisp-visuals\\\/#primaryimage\"},\"thumbnailUrl\":\"https:\\\/\\\/www.dt-smart.com\\\/wp-content\\\/uploads\\\/2025\\\/01\\\/Axon-60-Lite\u4e3b.webp\",\"datePublished\":\"2025-01-16T03:04:22+00:00\",\"dateModified\":\"2026-01-26T04:08:24+00:00\",\"description\":\"ZTE Axon60 Lite High-Resolution Display Replacement - Smooth & Crisp Visuals - High Compatibility - OEM Grade - Quality Guaranteed - Fast Shipping\",\"breadcrumb\":{\"@id\":\"https:\\\/\\\/www.dt-smart.com\\\/product\\\/high-resolution-display-for-zte-axon60-lite-smooth-and-crisp-visuals\\\/#breadcrumb\"},\"inLanguage\":\"de\",\"potentialAction\":[{\"@type\":\"ReadAction\",\"target\":[\"https:\\\/\\\/www.dt-smart.com\\\/product\\\/high-resolution-display-for-zte-axon60-lite-smooth-and-crisp-visuals\\\/\"]}]},{\"@type\":\"ImageObject\",\"inLanguage\":\"de\",\"@id\":\"https:\\\/\\\/www.dt-smart.com\\\/product\\\/high-resolution-display-for-zte-axon60-lite-smooth-and-crisp-visuals\\\/#primaryimage\",\"url\":\"https:\\\/\\\/www.dt-smart.com\\\/wp-content\\\/uploads\\\/2025\\\/01\\\/Axon-60-Lite\u4e3b.webp\",\"contentUrl\":\"https:\\\/\\\/www.dt-smart.com\\\/wp-content\\\/uploads\\\/2025\\\/01\\\/Axon-60-Lite\u4e3b.webp\",\"width\":2500,\"height\":2500},{\"@type\":\"BreadcrumbList\",\"@id\":\"https:\\\/\\\/www.dt-smart.com\\\/product\\\/high-resolution-display-for-zte-axon60-lite-smooth-and-crisp-visuals\\\/#breadcrumb\",\"itemListElement\":[{\"@type\":\"ListItem\",\"position\":1,\"name\":\"Home\",\"item\":\"https:\\\/\\\/www.dt-smart.com\\\/\"},{\"@type\":\"ListItem\",\"position\":2,\"name\":\"Product\",\"item\":\"https:\\\/\\\/www.dt-smart.com\\\/ru\\\/product\\\/\"},{\"@type\":\"ListItem\",\"position\":3,\"name\":\"ZTE Axon60 Lite High-Resolution Display Replacement &#8211; Smooth &#038; Crisp Visuals &#8211; High Compatibility &#8211; OEM Grade &#8211; Quality Guaranteed &#8211; Fast Shipping\"}]},{\"@type\":\"WebSite\",\"@id\":\"https:\\\/\\\/www.dt-smart.com\\\/#website\",\"url\":\"https:\\\/\\\/www.dt-smart.com\\\/\",\"name\":\"InsurePart\",\"description\":\"Cell Phone Repair Parts; iPhone Parts Wholesale;Samsung Parts Supplier\",\"potentialAction\":[{\"@type\":\"SearchAction\",\"target\":{\"@type\":\"EntryPoint\",\"urlTemplate\":\"https:\\\/\\\/www.dt-smart.com\\\/?s={search_term_string}\"},\"query-input\":{\"@type\":\"PropertyValueSpecification\",\"valueRequired\":true,\"valueName\":\"search_term_string\"}}],\"inLanguage\":\"de\"}]}<\/script>\n<!-- \/ Yoast SEO plugin. -->","yoast_head_json":{"title":"ZTE Axon60 Lite High-Resolution Display Replacement - Smooth & Crisp Visuals - High Compatibility - OEM Grade - Quality Guaranteed - Fast Shipping - InsurePart","description":"ZTE Axon60 Lite High-Resolution Display Replacement - Smooth & Crisp Visuals - High Compatibility - OEM Grade - Quality Guaranteed - Fast Shipping","robots":{"index":"index","follow":"follow","max-snippet":"max-snippet:-1","max-image-preview":"max-image-preview:large","max-video-preview":"max-video-preview:-1"},"canonical":"https:\/\/www.dt-smart.com\/de\/produkt\/high-resolution-display-for-zte-axon60-lite-smooth-and-crisp-visuals\/","og_locale":"de_DE","og_type":"article","og_title":"ZTE Axon60 Lite High-Resolution Display Replacement - Smooth & Crisp Visuals - High Compatibility - OEM Grade - Quality Guaranteed - Fast Shipping - InsurePart","og_description":"ZTE Axon60 Lite High-Resolution Display Replacement - Smooth & Crisp Visuals - High Compatibility - OEM Grade - Quality Guaranteed - Fast Shipping","og_url":"https:\/\/www.dt-smart.com\/de\/produkt\/high-resolution-display-for-zte-axon60-lite-smooth-and-crisp-visuals\/","og_site_name":"InsurePart","article_publisher":"https:\/\/www.facebook.com\/anjinleeEva","article_modified_time":"2026-01-26T04:08:24+00:00","og_image":[{"width":2500,"height":2500,"url":"https:\/\/www.dt-smart.com\/wp-content\/uploads\/2025\/01\/Axon-60-Lite\u4e3b.webp","type":"image\/webp"}],"twitter_card":"summary_large_image","twitter_misc":{"Gesch\u00e4tzte Lesezeit":"1\u00a0Minute"},"schema":{"@context":"https:\/\/schema.org","@graph":[{"@type":"WebPage","@id":"https:\/\/www.dt-smart.com\/product\/high-resolution-display-for-zte-axon60-lite-smooth-and-crisp-visuals\/","url":"https:\/\/www.dt-smart.com\/product\/high-resolution-display-for-zte-axon60-lite-smooth-and-crisp-visuals\/","name":"ZTE Axon60 Lite High-Resolution Display Replacement - Smooth & Crisp Visuals - High Compatibility - OEM Grade - Quality Guaranteed - Fast Shipping - InsurePart","isPartOf":{"@id":"https:\/\/www.dt-smart.com\/#website"},"primaryImageOfPage":{"@id":"https:\/\/www.dt-smart.com\/product\/high-resolution-display-for-zte-axon60-lite-smooth-and-crisp-visuals\/#primaryimage"},"image":{"@id":"https:\/\/www.dt-smart.com\/product\/high-resolution-display-for-zte-axon60-lite-smooth-and-crisp-visuals\/#primaryimage"},"thumbnailUrl":"https:\/\/www.dt-smart.com\/wp-content\/uploads\/2025\/01\/Axon-60-Lite\u4e3b.webp","datePublished":"2025-01-16T03:04:22+00:00","dateModified":"2026-01-26T04:08:24+00:00","description":"ZTE Axon60 Lite High-Resolution Display Replacement - Smooth & Crisp Visuals - High Compatibility - OEM Grade - Quality Guaranteed - Fast Shipping","breadcrumb":{"@id":"https:\/\/www.dt-smart.com\/product\/high-resolution-display-for-zte-axon60-lite-smooth-and-crisp-visuals\/#breadcrumb"},"inLanguage":"de","potentialAction":[{"@type":"ReadAction","target":["https:\/\/www.dt-smart.com\/product\/high-resolution-display-for-zte-axon60-lite-smooth-and-crisp-visuals\/"]}]},{"@type":"ImageObject","inLanguage":"de","@id":"https:\/\/www.dt-smart.com\/product\/high-resolution-display-for-zte-axon60-lite-smooth-and-crisp-visuals\/#primaryimage","url":"https:\/\/www.dt-smart.com\/wp-content\/uploads\/2025\/01\/Axon-60-Lite\u4e3b.webp","contentUrl":"https:\/\/www.dt-smart.com\/wp-content\/uploads\/2025\/01\/Axon-60-Lite\u4e3b.webp","width":2500,"height":2500},{"@type":"BreadcrumbList","@id":"https:\/\/www.dt-smart.com\/product\/high-resolution-display-for-zte-axon60-lite-smooth-and-crisp-visuals\/#breadcrumb","itemListElement":[{"@type":"ListItem","position":1,"name":"Home","item":"https:\/\/www.dt-smart.com\/"},{"@type":"ListItem","position":2,"name":"Product","item":"https:\/\/www.dt-smart.com\/ru\/product\/"},{"@type":"ListItem","position":3,"name":"ZTE Axon60 Lite High-Resolution Display Replacement &#8211; Smooth &#038; Crisp Visuals &#8211; High Compatibility &#8211; OEM Grade &#8211; Quality Guaranteed &#8211; Fast Shipping"}]},{"@type":"WebSite","@id":"https:\/\/www.dt-smart.com\/#website","url":"https:\/\/www.dt-smart.com\/","name":"InsurePart","description":"Handy-Ersatzteile; iPhone-Ersatzteile im Gro\u00dfhandel; Samsung-Ersatzteillieferant","potentialAction":[{"@type":"SearchAction","target":{"@type":"EntryPoint","urlTemplate":"https:\/\/www.dt-smart.com\/?s={search_term_string}"},"query-input":{"@type":"PropertyValueSpecification","valueRequired":true,"valueName":"search_term_string"}}],"inLanguage":"de"}]}},"_links":{"self":[{"href":"https:\/\/www.dt-smart.com\/de\/wp-json\/wp\/v2\/product\/18661","targetHints":{"allow":["GET"]}}],"collection":[{"href":"https:\/\/www.dt-smart.com\/de\/wp-json\/wp\/v2\/product"}],"about":[{"href":"https:\/\/www.dt-smart.com\/de\/wp-json\/wp\/v2\/types\/product"}],"replies":[{"embeddable":true,"href":"https:\/\/www.dt-smart.com\/de\/wp-json\/wp\/v2\/comments?post=18661"}],"version-history":[{"count":3,"href":"https:\/\/www.dt-smart.com\/de\/wp-json\/wp\/v2\/product\/18661\/revisions"}],"predecessor-version":[{"id":25008,"href":"https:\/\/www.dt-smart.com\/de\/wp-json\/wp\/v2\/product\/18661\/revisions\/25008"}],"wp:featuredmedia":[{"embeddable":true,"href":"https:\/\/www.dt-smart.com\/de\/wp-json\/wp\/v2\/media\/18649"}],"wp:attachment":[{"href":"https:\/\/www.dt-smart.com\/de\/wp-json\/wp\/v2\/media?parent=18661"}],"wp:term":[{"taxonomy":"product_brand","embeddable":true,"href":"https:\/\/www.dt-smart.com\/de\/wp-json\/wp\/v2\/product_brand?post=18661"},{"taxonomy":"product_cat","embeddable":true,"href":"https:\/\/www.dt-smart.com\/de\/wp-json\/wp\/v2\/product_cat?post=18661"},{"taxonomy":"product_tag","embeddable":true,"href":"https:\/\/www.dt-smart.com\/de\/wp-json\/wp\/v2\/product_tag?post=18661"}],"curies":[{"name":"wp","href":"https:\/\/api.w.org\/{rel}","templated":true}]}}