{"id":18786,"date":"2025-02-11T16:15:13","date_gmt":"2025-02-11T08:15:13","guid":{"rendered":"https:\/\/www.insurepart.com\/?post_type=product&#038;p=18786"},"modified":"2025-02-11T16:15:13","modified_gmt":"2025-02-11T08:15:13","slug":"honor-100-display-stunning-high-resolution-ips-display-with-wide-color-gamut-excellent-brightness-and-impressive-detail-for-every-pixel","status":"publish","type":"product","link":"https:\/\/www.dt-smart.com\/de\/produkt\/honor-100-display-stunning-high-resolution-ips-display-with-wide-color-gamut-excellent-brightness-and-impressive-detail-for-every-pixel\/","title":{"rendered":"Honor 100 Display: Atemberaubendes hochaufl\u00f6sendes IPS-Display mit gro\u00dfem Farbraum, exzellenter Helligkeit und beeindruckender Detailgenauigkeit f\u00fcr jedes einzelne Pixel"},"content":{"rendered":"<p style=\"text-align: center;\"><img fetchpriority=\"high\" decoding=\"async\" class=\"alignnone size-full wp-image-15567\" src=\"https:\/\/www.insurepart.com\/wp-content\/uploads\/2024\/08\/\u4e3a\u4ec0\u4e48\u9009\u62e9\u6211\u4eec22.webp\" alt=\"\" width=\"1000\" height=\"786\" srcset=\"https:\/\/www.dt-smart.com\/wp-content\/uploads\/2024\/08\/\u4e3a\u4ec0\u4e48\u9009\u62e9\u6211\u4eec22.webp 1000w, https:\/\/www.dt-smart.com\/wp-content\/uploads\/2024\/08\/\u4e3a\u4ec0\u4e48\u9009\u62e9\u6211\u4eec22-300x236.webp 300w, https:\/\/www.dt-smart.com\/wp-content\/uploads\/2024\/08\/\u4e3a\u4ec0\u4e48\u9009\u62e9\u6211\u4eec22-150x118.webp 150w, https:\/\/www.dt-smart.com\/wp-content\/uploads\/2024\/08\/\u4e3a\u4ec0\u4e48\u9009\u62e9\u6211\u4eec22-800x629.webp 800w, https:\/\/www.dt-smart.com\/wp-content\/uploads\/2024\/08\/\u4e3a\u4ec0\u4e48\u9009\u62e9\u6211\u4eec22-768x604.webp 768w, https:\/\/www.dt-smart.com\/wp-content\/uploads\/2024\/08\/\u4e3a\u4ec0\u4e48\u9009\u62e9\u6211\u4eec22-15x12.webp 15w\" sizes=\"(max-width: 1000px) 100vw, 1000px\" \/><\/p>","protected":false},"excerpt":{"rendered":"<p>Das Honor 100 ist mit einem hochaufl\u00f6senden IPS-Display ausgestattet, das f\u00fcr gestochen scharfe Bilder und au\u00dfergew\u00f6hnliche Farbgenauigkeit sorgt. Dank des gro\u00dfen Farbraums werden Farben naturgetreu dargestellt \u2013 ideal f\u00fcr Medienkonsum, Spiele und Fotografie. Ob beim Surfen, Videoschauen oder Bearbeiten von Fotos: Jedes Pixel wird gestochen scharf wiedergegeben. Die optimierte Displayhelligkeit gew\u00e4hrleistet auch bei direkter Sonneneinstrahlung eine klare Lesbarkeit und somit ein erstklassiges Seherlebnis, egal wo Sie sich befinden. Die weiten Betrachtungswinkel des IPS-Panels garantieren, dass die Farben aus jedem Blickwinkel konsistent und lebendig bleiben. Der Touchscreen des Honor 100 reagiert zudem \u00e4u\u00dferst pr\u00e4zise und erm\u00f6glicht eine fl\u00fcssige und angenehme Bedienung. Die fortschrittliche Displaytechnologie reduziert au\u00dferdem die Augenbelastung und sorgt so f\u00fcr Komfort auch bei l\u00e4ngerer Nutzung. Insgesamt bietet das Display des Honor 100 eine ausgewogene Kombination aus Klarheit, Farbgenauigkeit und Helligkeit und ist damit die perfekte Wahl f\u00fcr alle, die Wert auf hochwertige Bilder legen.<\/p>","protected":false},"featured_media":18692,"comment_status":"open","ping_status":"closed","template":"","meta":[],"product_brand":[],"product_cat":[376,1339,432],"product_tag":[],"class_list":{"0":"post-18786","1":"product","2":"type-product","3":"status-publish","4":"has-post-thumbnail","6":"product_cat-honor","7":"product_cat-honor-100","8":"product_cat-honor-series","10":"first","11":"instock","12":"taxable","13":"shipping-taxable","14":"purchasable","15":"product-type-simple"},"yoast_head":"<!-- This site is optimized with the Yoast SEO plugin v27.4 - https:\/\/yoast.com\/product\/yoast-seo-wordpress\/ -->\n<title>Honor 100 Display: Stunning High-Resolution IPS Display with Wide Color Gamut, Excellent Brightness, and Impressive Detail for Every Pixel - InsurePart<\/title>\n<meta name=\"robots\" content=\"index, follow, max-snippet:-1, max-image-preview:large, max-video-preview:-1\" \/>\n<link rel=\"canonical\" href=\"https:\/\/www.dt-smart.com\/de\/produkt\/honor-100-display-stunning-high-resolution-ips-display-with-wide-color-gamut-excellent-brightness-and-impressive-detail-for-every-pixel\/\" \/>\n<meta property=\"og:locale\" content=\"de_DE\" \/>\n<meta property=\"og:type\" content=\"article\" \/>\n<meta property=\"og:title\" content=\"Honor 100 Display: Stunning High-Resolution IPS Display with Wide Color Gamut, Excellent Brightness, and Impressive Detail for Every Pixel - InsurePart\" \/>\n<meta property=\"og:description\" content=\"The Honor 100 is equipped with an ultra-high-resolution IPS display that ensures crystal-clear visuals and exceptional color accuracy. With a wide color gamut, this screen is capable of displaying true-to-life colors, making it an excellent choice for media consumption, gaming, and photography. Whether you&#039;re browsing, watching videos, or editing photos, every pixel is rendered with sharp detail. The display&#039;s brightness is optimized for clear visibility even under direct sunlight, ensuring that you can enjoy a premium viewing experience no matter where you are. The wide viewing angles of the IPS panel ensure that colors remain consistent and vibrant from different perspectives. Additionally, the Honor 100\u2019s touch screen is highly responsive, making interaction smooth and enjoyable. The advanced display technology also reduces eye strain, ensuring comfort during extended use. Overall, the Honor 100\u2019s display offers a balanced combination of clarity, color accuracy, and brightness, making it an excellent choice for users who demand high-quality visuals.\" \/>\n<meta property=\"og:url\" content=\"https:\/\/www.dt-smart.com\/de\/produkt\/honor-100-display-stunning-high-resolution-ips-display-with-wide-color-gamut-excellent-brightness-and-impressive-detail-for-every-pixel\/\" \/>\n<meta property=\"og:site_name\" content=\"InsurePart\" \/>\n<meta property=\"article:publisher\" content=\"https:\/\/www.facebook.com\/anjinleeEva\" \/>\n<meta property=\"og:image\" content=\"https:\/\/www.dt-smart.com\/wp-content\/uploads\/2025\/02\/100Pro\u4e3b.webp\" \/>\n\t<meta property=\"og:image:width\" content=\"800\" \/>\n\t<meta property=\"og:image:height\" content=\"800\" \/>\n\t<meta property=\"og:image:type\" content=\"image\/webp\" \/>\n<meta name=\"twitter:card\" content=\"summary_large_image\" \/>\n<meta name=\"twitter:label1\" content=\"Gesch\u00e4tzte Lesezeit\" \/>\n\t<meta name=\"twitter:data1\" content=\"1\u00a0Minute\" \/>\n<script type=\"application\/ld+json\" class=\"yoast-schema-graph\">{\"@context\":\"https:\\\/\\\/schema.org\",\"@graph\":[{\"@type\":\"WebPage\",\"@id\":\"https:\\\/\\\/www.dt-smart.com\\\/product\\\/honor-100-display-stunning-high-resolution-ips-display-with-wide-color-gamut-excellent-brightness-and-impressive-detail-for-every-pixel\\\/\",\"url\":\"https:\\\/\\\/www.dt-smart.com\\\/product\\\/honor-100-display-stunning-high-resolution-ips-display-with-wide-color-gamut-excellent-brightness-and-impressive-detail-for-every-pixel\\\/\",\"name\":\"Honor 100 Display: Stunning High-Resolution IPS Display with Wide Color Gamut, Excellent Brightness, and Impressive Detail for Every Pixel - InsurePart\",\"isPartOf\":{\"@id\":\"https:\\\/\\\/www.dt-smart.com\\\/#website\"},\"primaryImageOfPage\":{\"@id\":\"https:\\\/\\\/www.dt-smart.com\\\/product\\\/honor-100-display-stunning-high-resolution-ips-display-with-wide-color-gamut-excellent-brightness-and-impressive-detail-for-every-pixel\\\/#primaryimage\"},\"image\":{\"@id\":\"https:\\\/\\\/www.dt-smart.com\\\/product\\\/honor-100-display-stunning-high-resolution-ips-display-with-wide-color-gamut-excellent-brightness-and-impressive-detail-for-every-pixel\\\/#primaryimage\"},\"thumbnailUrl\":\"https:\\\/\\\/www.dt-smart.com\\\/wp-content\\\/uploads\\\/2025\\\/02\\\/100Pro\u4e3b.webp\",\"datePublished\":\"2025-02-11T08:15:13+00:00\",\"breadcrumb\":{\"@id\":\"https:\\\/\\\/www.dt-smart.com\\\/product\\\/honor-100-display-stunning-high-resolution-ips-display-with-wide-color-gamut-excellent-brightness-and-impressive-detail-for-every-pixel\\\/#breadcrumb\"},\"inLanguage\":\"de\",\"potentialAction\":[{\"@type\":\"ReadAction\",\"target\":[\"https:\\\/\\\/www.dt-smart.com\\\/product\\\/honor-100-display-stunning-high-resolution-ips-display-with-wide-color-gamut-excellent-brightness-and-impressive-detail-for-every-pixel\\\/\"]}]},{\"@type\":\"ImageObject\",\"inLanguage\":\"de\",\"@id\":\"https:\\\/\\\/www.dt-smart.com\\\/product\\\/honor-100-display-stunning-high-resolution-ips-display-with-wide-color-gamut-excellent-brightness-and-impressive-detail-for-every-pixel\\\/#primaryimage\",\"url\":\"https:\\\/\\\/www.dt-smart.com\\\/wp-content\\\/uploads\\\/2025\\\/02\\\/100Pro\u4e3b.webp\",\"contentUrl\":\"https:\\\/\\\/www.dt-smart.com\\\/wp-content\\\/uploads\\\/2025\\\/02\\\/100Pro\u4e3b.webp\",\"width\":800,\"height\":800},{\"@type\":\"BreadcrumbList\",\"@id\":\"https:\\\/\\\/www.dt-smart.com\\\/product\\\/honor-100-display-stunning-high-resolution-ips-display-with-wide-color-gamut-excellent-brightness-and-impressive-detail-for-every-pixel\\\/#breadcrumb\",\"itemListElement\":[{\"@type\":\"ListItem\",\"position\":1,\"name\":\"Home\",\"item\":\"https:\\\/\\\/www.dt-smart.com\\\/\"},{\"@type\":\"ListItem\",\"position\":2,\"name\":\"Product\",\"item\":\"https:\\\/\\\/www.dt-smart.com\\\/ru\\\/product\\\/\"},{\"@type\":\"ListItem\",\"position\":3,\"name\":\"Honor 100 Display: Stunning High-Resolution IPS Display with Wide Color Gamut, Excellent Brightness, and Impressive Detail for Every Pixel\"}]},{\"@type\":\"WebSite\",\"@id\":\"https:\\\/\\\/www.dt-smart.com\\\/#website\",\"url\":\"https:\\\/\\\/www.dt-smart.com\\\/\",\"name\":\"InsurePart\",\"description\":\"Cell Phone Repair Parts; iPhone Parts Wholesale;Samsung Parts Supplier\",\"potentialAction\":[{\"@type\":\"SearchAction\",\"target\":{\"@type\":\"EntryPoint\",\"urlTemplate\":\"https:\\\/\\\/www.dt-smart.com\\\/?s={search_term_string}\"},\"query-input\":{\"@type\":\"PropertyValueSpecification\",\"valueRequired\":true,\"valueName\":\"search_term_string\"}}],\"inLanguage\":\"de\"}]}<\/script>\n<!-- \/ Yoast SEO plugin. -->","yoast_head_json":{"title":"Honor 100 Display: Stunning High-Resolution IPS Display with Wide Color Gamut, Excellent Brightness, and Impressive Detail for Every Pixel - InsurePart","robots":{"index":"index","follow":"follow","max-snippet":"max-snippet:-1","max-image-preview":"max-image-preview:large","max-video-preview":"max-video-preview:-1"},"canonical":"https:\/\/www.dt-smart.com\/de\/produkt\/honor-100-display-stunning-high-resolution-ips-display-with-wide-color-gamut-excellent-brightness-and-impressive-detail-for-every-pixel\/","og_locale":"de_DE","og_type":"article","og_title":"Honor 100 Display: Stunning High-Resolution IPS Display with Wide Color Gamut, Excellent Brightness, and Impressive Detail for Every Pixel - InsurePart","og_description":"The Honor 100 is equipped with an ultra-high-resolution IPS display that ensures crystal-clear visuals and exceptional color accuracy. With a wide color gamut, this screen is capable of displaying true-to-life colors, making it an excellent choice for media consumption, gaming, and photography. Whether you're browsing, watching videos, or editing photos, every pixel is rendered with sharp detail. The display's brightness is optimized for clear visibility even under direct sunlight, ensuring that you can enjoy a premium viewing experience no matter where you are. The wide viewing angles of the IPS panel ensure that colors remain consistent and vibrant from different perspectives. Additionally, the Honor 100\u2019s touch screen is highly responsive, making interaction smooth and enjoyable. The advanced display technology also reduces eye strain, ensuring comfort during extended use. Overall, the Honor 100\u2019s display offers a balanced combination of clarity, color accuracy, and brightness, making it an excellent choice for users who demand high-quality visuals.","og_url":"https:\/\/www.dt-smart.com\/de\/produkt\/honor-100-display-stunning-high-resolution-ips-display-with-wide-color-gamut-excellent-brightness-and-impressive-detail-for-every-pixel\/","og_site_name":"InsurePart","article_publisher":"https:\/\/www.facebook.com\/anjinleeEva","og_image":[{"width":800,"height":800,"url":"https:\/\/www.dt-smart.com\/wp-content\/uploads\/2025\/02\/100Pro\u4e3b.webp","type":"image\/webp"}],"twitter_card":"summary_large_image","twitter_misc":{"Gesch\u00e4tzte Lesezeit":"1\u00a0Minute"},"schema":{"@context":"https:\/\/schema.org","@graph":[{"@type":"WebPage","@id":"https:\/\/www.dt-smart.com\/product\/honor-100-display-stunning-high-resolution-ips-display-with-wide-color-gamut-excellent-brightness-and-impressive-detail-for-every-pixel\/","url":"https:\/\/www.dt-smart.com\/product\/honor-100-display-stunning-high-resolution-ips-display-with-wide-color-gamut-excellent-brightness-and-impressive-detail-for-every-pixel\/","name":"Honor 100 Display: Stunning High-Resolution IPS Display with Wide Color Gamut, Excellent Brightness, and Impressive Detail for Every Pixel - InsurePart","isPartOf":{"@id":"https:\/\/www.dt-smart.com\/#website"},"primaryImageOfPage":{"@id":"https:\/\/www.dt-smart.com\/product\/honor-100-display-stunning-high-resolution-ips-display-with-wide-color-gamut-excellent-brightness-and-impressive-detail-for-every-pixel\/#primaryimage"},"image":{"@id":"https:\/\/www.dt-smart.com\/product\/honor-100-display-stunning-high-resolution-ips-display-with-wide-color-gamut-excellent-brightness-and-impressive-detail-for-every-pixel\/#primaryimage"},"thumbnailUrl":"https:\/\/www.dt-smart.com\/wp-content\/uploads\/2025\/02\/100Pro\u4e3b.webp","datePublished":"2025-02-11T08:15:13+00:00","breadcrumb":{"@id":"https:\/\/www.dt-smart.com\/product\/honor-100-display-stunning-high-resolution-ips-display-with-wide-color-gamut-excellent-brightness-and-impressive-detail-for-every-pixel\/#breadcrumb"},"inLanguage":"de","potentialAction":[{"@type":"ReadAction","target":["https:\/\/www.dt-smart.com\/product\/honor-100-display-stunning-high-resolution-ips-display-with-wide-color-gamut-excellent-brightness-and-impressive-detail-for-every-pixel\/"]}]},{"@type":"ImageObject","inLanguage":"de","@id":"https:\/\/www.dt-smart.com\/product\/honor-100-display-stunning-high-resolution-ips-display-with-wide-color-gamut-excellent-brightness-and-impressive-detail-for-every-pixel\/#primaryimage","url":"https:\/\/www.dt-smart.com\/wp-content\/uploads\/2025\/02\/100Pro\u4e3b.webp","contentUrl":"https:\/\/www.dt-smart.com\/wp-content\/uploads\/2025\/02\/100Pro\u4e3b.webp","width":800,"height":800},{"@type":"BreadcrumbList","@id":"https:\/\/www.dt-smart.com\/product\/honor-100-display-stunning-high-resolution-ips-display-with-wide-color-gamut-excellent-brightness-and-impressive-detail-for-every-pixel\/#breadcrumb","itemListElement":[{"@type":"ListItem","position":1,"name":"Home","item":"https:\/\/www.dt-smart.com\/"},{"@type":"ListItem","position":2,"name":"Product","item":"https:\/\/www.dt-smart.com\/ru\/product\/"},{"@type":"ListItem","position":3,"name":"Honor 100 Display: Stunning High-Resolution IPS Display with Wide Color Gamut, Excellent Brightness, and Impressive Detail for Every Pixel"}]},{"@type":"WebSite","@id":"https:\/\/www.dt-smart.com\/#website","url":"https:\/\/www.dt-smart.com\/","name":"InsurePart","description":"Handy-Ersatzteile; iPhone-Ersatzteile im Gro\u00dfhandel; Samsung-Ersatzteillieferant","potentialAction":[{"@type":"SearchAction","target":{"@type":"EntryPoint","urlTemplate":"https:\/\/www.dt-smart.com\/?s={search_term_string}"},"query-input":{"@type":"PropertyValueSpecification","valueRequired":true,"valueName":"search_term_string"}}],"inLanguage":"de"}]}},"_links":{"self":[{"href":"https:\/\/www.dt-smart.com\/de\/wp-json\/wp\/v2\/product\/18786","targetHints":{"allow":["GET"]}}],"collection":[{"href":"https:\/\/www.dt-smart.com\/de\/wp-json\/wp\/v2\/product"}],"about":[{"href":"https:\/\/www.dt-smart.com\/de\/wp-json\/wp\/v2\/types\/product"}],"replies":[{"embeddable":true,"href":"https:\/\/www.dt-smart.com\/de\/wp-json\/wp\/v2\/comments?post=18786"}],"version-history":[{"count":1,"href":"https:\/\/www.dt-smart.com\/de\/wp-json\/wp\/v2\/product\/18786\/revisions"}],"predecessor-version":[{"id":18816,"href":"https:\/\/www.dt-smart.com\/de\/wp-json\/wp\/v2\/product\/18786\/revisions\/18816"}],"wp:featuredmedia":[{"embeddable":true,"href":"https:\/\/www.dt-smart.com\/de\/wp-json\/wp\/v2\/media\/18692"}],"wp:attachment":[{"href":"https:\/\/www.dt-smart.com\/de\/wp-json\/wp\/v2\/media?parent=18786"}],"wp:term":[{"taxonomy":"product_brand","embeddable":true,"href":"https:\/\/www.dt-smart.com\/de\/wp-json\/wp\/v2\/product_brand?post=18786"},{"taxonomy":"product_cat","embeddable":true,"href":"https:\/\/www.dt-smart.com\/de\/wp-json\/wp\/v2\/product_cat?post=18786"},{"taxonomy":"product_tag","embeddable":true,"href":"https:\/\/www.dt-smart.com\/de\/wp-json\/wp\/v2\/product_tag?post=18786"}],"curies":[{"name":"wp","href":"https:\/\/api.w.org\/{rel}","templated":true}]}}