{"id":18825,"date":"2025-02-11T16:38:43","date_gmt":"2025-02-11T08:38:43","guid":{"rendered":"https:\/\/www.insurepart.com\/?post_type=product&#038;p=18825"},"modified":"2025-02-11T16:38:44","modified_gmt":"2025-02-11T08:38:44","slug":"honor-80pro-display-stunning-oled-screen-with-ultra-crisp-resolution-exceptional-brightness-and-rich-color-contrast-for-an-immersive-viewing-and-gaming-experience","status":"publish","type":"product","link":"https:\/\/www.dt-smart.com\/de\/produkt\/honor-80pro-display-stunning-oled-screen-with-ultra-crisp-resolution-exceptional-brightness-and-rich-color-contrast-for-an-immersive-viewing-and-gaming-experience\/","title":{"rendered":"Honor 80Pro Display: Atemberaubender OLED-Bildschirm mit gestochen scharfer Aufl\u00f6sung, au\u00dfergew\u00f6hnlicher Helligkeit und sattem Farbkontrast f\u00fcr ein immersives Seh- und Spielerlebnis"},"content":{"rendered":"<p style=\"text-align: center;\"><img fetchpriority=\"high\" decoding=\"async\" class=\"alignnone size-full wp-image-15567\" src=\"https:\/\/www.insurepart.com\/wp-content\/uploads\/2024\/08\/\u4e3a\u4ec0\u4e48\u9009\u62e9\u6211\u4eec22.webp\" alt=\"\" width=\"1000\" height=\"786\" srcset=\"https:\/\/www.dt-smart.com\/wp-content\/uploads\/2024\/08\/\u4e3a\u4ec0\u4e48\u9009\u62e9\u6211\u4eec22.webp 1000w, https:\/\/www.dt-smart.com\/wp-content\/uploads\/2024\/08\/\u4e3a\u4ec0\u4e48\u9009\u62e9\u6211\u4eec22-300x236.webp 300w, https:\/\/www.dt-smart.com\/wp-content\/uploads\/2024\/08\/\u4e3a\u4ec0\u4e48\u9009\u62e9\u6211\u4eec22-150x118.webp 150w, https:\/\/www.dt-smart.com\/wp-content\/uploads\/2024\/08\/\u4e3a\u4ec0\u4e48\u9009\u62e9\u6211\u4eec22-800x629.webp 800w, https:\/\/www.dt-smart.com\/wp-content\/uploads\/2024\/08\/\u4e3a\u4ec0\u4e48\u9009\u62e9\u6211\u4eec22-768x604.webp 768w, https:\/\/www.dt-smart.com\/wp-content\/uploads\/2024\/08\/\u4e3a\u4ec0\u4e48\u9009\u62e9\u6211\u4eec22-15x12.webp 15w\" sizes=\"(max-width: 1000px) 100vw, 1000px\" \/><\/p>","protected":false},"excerpt":{"rendered":"<p>Das Honor 80Pro ist mit einem hochwertigen OLED-Display ausgestattet, das Ihre Inhalte mit gestochen scharfer Aufl\u00f6sung, au\u00dfergew\u00f6hnlicher Helligkeit und lebendigen Farben zum Leben erweckt. Dank hohem Kontrast und tiefen Schwarzt\u00f6nen sorgt das OLED-Panel daf\u00fcr, dass jedes Bild und Video detailreich und beeindruckend realistisch dargestellt wird. Der gro\u00dfe Farbraum des Bildschirms bietet eine pr\u00e4zise Farbwiedergabe und eignet sich daher perfekt f\u00fcr die Fotobearbeitung und das Ansehen von HD-Inhalten. Die optimierte Helligkeit des Displays gew\u00e4hrleistet auch bei direkter Sonneneinstrahlung eine klare Lesbarkeit und macht es somit ideal f\u00fcr den Au\u00dfeneinsatz. Die gro\u00dfe Bildschirmdiagonale sorgt f\u00fcr ein immersives Seherlebnis \u2013 egal ob beim Spielen, Streamen von Filmen oder Surfen. Der reaktionsschnelle Touchscreen des Honor 80Pro verbessert die Benutzerfreundlichkeit und erm\u00f6glicht schnelle und fl\u00fcssige Interaktionen. Ob beim Spielen oder beim Medienkonsum \u2013 das Display des Honor 80Pro bietet au\u00dfergew\u00f6hnliche Bildqualit\u00e4t und Farbgenauigkeit und garantiert Ihnen so ein unvergleichlich klares Seherlebnis.<\/p>","protected":false},"featured_media":18703,"comment_status":"open","ping_status":"closed","template":"","meta":[],"product_brand":[],"product_cat":[376,1334,432],"product_tag":[],"class_list":{"0":"post-18825","1":"product","2":"type-product","3":"status-publish","4":"has-post-thumbnail","6":"product_cat-honor","7":"product_cat-honor-80pro","8":"product_cat-honor-series","10":"first","11":"instock","12":"taxable","13":"shipping-taxable","14":"purchasable","15":"product-type-simple"},"yoast_head":"<!-- This site is optimized with the Yoast SEO plugin v27.4 - https:\/\/yoast.com\/product\/yoast-seo-wordpress\/ -->\n<title>Honor 80Pro Display: Stunning OLED Screen with Ultra-Crisp Resolution, Exceptional Brightness, and Rich Color Contrast for an Immersive Viewing and Gaming Experience - InsurePart<\/title>\n<meta name=\"robots\" content=\"index, follow, max-snippet:-1, max-image-preview:large, max-video-preview:-1\" \/>\n<link rel=\"canonical\" href=\"https:\/\/www.dt-smart.com\/de\/produkt\/honor-80pro-display-stunning-oled-screen-with-ultra-crisp-resolution-exceptional-brightness-and-rich-color-contrast-for-an-immersive-viewing-and-gaming-experience\/\" \/>\n<meta property=\"og:locale\" content=\"de_DE\" \/>\n<meta property=\"og:type\" content=\"article\" \/>\n<meta property=\"og:title\" content=\"Honor 80Pro Display: Stunning OLED Screen with Ultra-Crisp Resolution, Exceptional Brightness, and Rich Color Contrast for an Immersive Viewing and Gaming Experience - InsurePart\" \/>\n<meta property=\"og:description\" content=\"The Honor 80Pro is equipped with a premium OLED display that brings your content to life with ultra-crisp resolution, exceptional brightness, and vivid colors. With high contrast and deep blacks, the OLED panel ensures that every image and video is displayed with rich detail and striking realism. The screen\u2019s wide color gamut offers accurate color reproduction, making it perfect for photo editing and watching high-definition content. The display\u2019s brightness has been optimized to ensure clear visibility even under direct sunlight, making it perfect for outdoor use. The large screen size provides an immersive viewing experience, whether you\u2019re gaming, streaming movies, or browsing. The Honor 80Pro&#039;s responsive touchscreen enhances the user experience, making interactions fast and fluid. Whether you&#039;re playing games or enjoying media, the Honor 80Pro\u2019s display provides exceptional image quality and color precision, ensuring you can enjoy content with unparalleled clarity.\" \/>\n<meta property=\"og:url\" content=\"https:\/\/www.dt-smart.com\/de\/produkt\/honor-80pro-display-stunning-oled-screen-with-ultra-crisp-resolution-exceptional-brightness-and-rich-color-contrast-for-an-immersive-viewing-and-gaming-experience\/\" \/>\n<meta property=\"og:site_name\" content=\"InsurePart\" \/>\n<meta property=\"article:publisher\" content=\"https:\/\/www.facebook.com\/anjinleeEva\" \/>\n<meta property=\"article:modified_time\" content=\"2025-02-11T08:38:44+00:00\" \/>\n<meta property=\"og:image\" content=\"https:\/\/www.dt-smart.com\/wp-content\/uploads\/2025\/02\/80Pro\u4e3b.webp\" \/>\n\t<meta property=\"og:image:width\" content=\"800\" \/>\n\t<meta property=\"og:image:height\" content=\"800\" \/>\n\t<meta property=\"og:image:type\" content=\"image\/webp\" \/>\n<meta name=\"twitter:card\" content=\"summary_large_image\" \/>\n<meta name=\"twitter:label1\" content=\"Gesch\u00e4tzte Lesezeit\" \/>\n\t<meta name=\"twitter:data1\" content=\"1\u00a0Minute\" \/>\n<script type=\"application\/ld+json\" class=\"yoast-schema-graph\">{\"@context\":\"https:\\\/\\\/schema.org\",\"@graph\":[{\"@type\":\"WebPage\",\"@id\":\"https:\\\/\\\/www.dt-smart.com\\\/ru\\\/product\\\/honor-80pro-display-stunning-oled-screen-with-ultra-crisp-resolution-exceptional-brightness-and-rich-color-contrast-for-an-immersive-viewing-and-gaming-experience\\\/\",\"url\":\"https:\\\/\\\/www.dt-smart.com\\\/ru\\\/product\\\/honor-80pro-display-stunning-oled-screen-with-ultra-crisp-resolution-exceptional-brightness-and-rich-color-contrast-for-an-immersive-viewing-and-gaming-experience\\\/\",\"name\":\"Honor 80Pro Display: Stunning OLED Screen with Ultra-Crisp Resolution, Exceptional Brightness, and Rich Color Contrast for an Immersive Viewing and Gaming Experience - InsurePart\",\"isPartOf\":{\"@id\":\"https:\\\/\\\/www.dt-smart.com\\\/#website\"},\"primaryImageOfPage\":{\"@id\":\"https:\\\/\\\/www.dt-smart.com\\\/ru\\\/product\\\/honor-80pro-display-stunning-oled-screen-with-ultra-crisp-resolution-exceptional-brightness-and-rich-color-contrast-for-an-immersive-viewing-and-gaming-experience\\\/#primaryimage\"},\"image\":{\"@id\":\"https:\\\/\\\/www.dt-smart.com\\\/ru\\\/product\\\/honor-80pro-display-stunning-oled-screen-with-ultra-crisp-resolution-exceptional-brightness-and-rich-color-contrast-for-an-immersive-viewing-and-gaming-experience\\\/#primaryimage\"},\"thumbnailUrl\":\"https:\\\/\\\/www.dt-smart.com\\\/wp-content\\\/uploads\\\/2025\\\/02\\\/80Pro\u4e3b.webp\",\"datePublished\":\"2025-02-11T08:38:43+00:00\",\"dateModified\":\"2025-02-11T08:38:44+00:00\",\"breadcrumb\":{\"@id\":\"https:\\\/\\\/www.dt-smart.com\\\/ru\\\/product\\\/honor-80pro-display-stunning-oled-screen-with-ultra-crisp-resolution-exceptional-brightness-and-rich-color-contrast-for-an-immersive-viewing-and-gaming-experience\\\/#breadcrumb\"},\"inLanguage\":\"de\",\"potentialAction\":[{\"@type\":\"ReadAction\",\"target\":[\"https:\\\/\\\/www.dt-smart.com\\\/ru\\\/product\\\/honor-80pro-display-stunning-oled-screen-with-ultra-crisp-resolution-exceptional-brightness-and-rich-color-contrast-for-an-immersive-viewing-and-gaming-experience\\\/\"]}]},{\"@type\":\"ImageObject\",\"inLanguage\":\"de\",\"@id\":\"https:\\\/\\\/www.dt-smart.com\\\/ru\\\/product\\\/honor-80pro-display-stunning-oled-screen-with-ultra-crisp-resolution-exceptional-brightness-and-rich-color-contrast-for-an-immersive-viewing-and-gaming-experience\\\/#primaryimage\",\"url\":\"https:\\\/\\\/www.dt-smart.com\\\/wp-content\\\/uploads\\\/2025\\\/02\\\/80Pro\u4e3b.webp\",\"contentUrl\":\"https:\\\/\\\/www.dt-smart.com\\\/wp-content\\\/uploads\\\/2025\\\/02\\\/80Pro\u4e3b.webp\",\"width\":800,\"height\":800},{\"@type\":\"BreadcrumbList\",\"@id\":\"https:\\\/\\\/www.dt-smart.com\\\/ru\\\/product\\\/honor-80pro-display-stunning-oled-screen-with-ultra-crisp-resolution-exceptional-brightness-and-rich-color-contrast-for-an-immersive-viewing-and-gaming-experience\\\/#breadcrumb\",\"itemListElement\":[{\"@type\":\"ListItem\",\"position\":1,\"name\":\"Home\",\"item\":\"https:\\\/\\\/www.dt-smart.com\\\/\"},{\"@type\":\"ListItem\",\"position\":2,\"name\":\"Product\",\"item\":\"https:\\\/\\\/www.dt-smart.com\\\/ru\\\/product\\\/\"},{\"@type\":\"ListItem\",\"position\":3,\"name\":\"Honor 80Pro Display: Stunning OLED Screen with Ultra-Crisp Resolution, Exceptional Brightness, and Rich Color Contrast for an Immersive Viewing and Gaming Experience\"}]},{\"@type\":\"WebSite\",\"@id\":\"https:\\\/\\\/www.dt-smart.com\\\/#website\",\"url\":\"https:\\\/\\\/www.dt-smart.com\\\/\",\"name\":\"InsurePart\",\"description\":\"Cell Phone Repair Parts; iPhone Parts Wholesale;Samsung Parts Supplier\",\"potentialAction\":[{\"@type\":\"SearchAction\",\"target\":{\"@type\":\"EntryPoint\",\"urlTemplate\":\"https:\\\/\\\/www.dt-smart.com\\\/?s={search_term_string}\"},\"query-input\":{\"@type\":\"PropertyValueSpecification\",\"valueRequired\":true,\"valueName\":\"search_term_string\"}}],\"inLanguage\":\"de\"}]}<\/script>\n<!-- \/ Yoast SEO plugin. -->","yoast_head_json":{"title":"Honor 80Pro Display: Stunning OLED Screen with Ultra-Crisp Resolution, Exceptional Brightness, and Rich Color Contrast for an Immersive Viewing and Gaming Experience - InsurePart","robots":{"index":"index","follow":"follow","max-snippet":"max-snippet:-1","max-image-preview":"max-image-preview:large","max-video-preview":"max-video-preview:-1"},"canonical":"https:\/\/www.dt-smart.com\/de\/produkt\/honor-80pro-display-stunning-oled-screen-with-ultra-crisp-resolution-exceptional-brightness-and-rich-color-contrast-for-an-immersive-viewing-and-gaming-experience\/","og_locale":"de_DE","og_type":"article","og_title":"Honor 80Pro Display: Stunning OLED Screen with Ultra-Crisp Resolution, Exceptional Brightness, and Rich Color Contrast for an Immersive Viewing and Gaming Experience - InsurePart","og_description":"The Honor 80Pro is equipped with a premium OLED display that brings your content to life with ultra-crisp resolution, exceptional brightness, and vivid colors. With high contrast and deep blacks, the OLED panel ensures that every image and video is displayed with rich detail and striking realism. The screen\u2019s wide color gamut offers accurate color reproduction, making it perfect for photo editing and watching high-definition content. The display\u2019s brightness has been optimized to ensure clear visibility even under direct sunlight, making it perfect for outdoor use. The large screen size provides an immersive viewing experience, whether you\u2019re gaming, streaming movies, or browsing. The Honor 80Pro's responsive touchscreen enhances the user experience, making interactions fast and fluid. Whether you're playing games or enjoying media, the Honor 80Pro\u2019s display provides exceptional image quality and color precision, ensuring you can enjoy content with unparalleled clarity.","og_url":"https:\/\/www.dt-smart.com\/de\/produkt\/honor-80pro-display-stunning-oled-screen-with-ultra-crisp-resolution-exceptional-brightness-and-rich-color-contrast-for-an-immersive-viewing-and-gaming-experience\/","og_site_name":"InsurePart","article_publisher":"https:\/\/www.facebook.com\/anjinleeEva","article_modified_time":"2025-02-11T08:38:44+00:00","og_image":[{"width":800,"height":800,"url":"https:\/\/www.dt-smart.com\/wp-content\/uploads\/2025\/02\/80Pro\u4e3b.webp","type":"image\/webp"}],"twitter_card":"summary_large_image","twitter_misc":{"Gesch\u00e4tzte Lesezeit":"1\u00a0Minute"},"schema":{"@context":"https:\/\/schema.org","@graph":[{"@type":"WebPage","@id":"https:\/\/www.dt-smart.com\/ru\/product\/honor-80pro-display-stunning-oled-screen-with-ultra-crisp-resolution-exceptional-brightness-and-rich-color-contrast-for-an-immersive-viewing-and-gaming-experience\/","url":"https:\/\/www.dt-smart.com\/ru\/product\/honor-80pro-display-stunning-oled-screen-with-ultra-crisp-resolution-exceptional-brightness-and-rich-color-contrast-for-an-immersive-viewing-and-gaming-experience\/","name":"Honor 80Pro Display: Stunning OLED Screen with Ultra-Crisp Resolution, Exceptional Brightness, and Rich Color Contrast for an Immersive Viewing and Gaming Experience - InsurePart","isPartOf":{"@id":"https:\/\/www.dt-smart.com\/#website"},"primaryImageOfPage":{"@id":"https:\/\/www.dt-smart.com\/ru\/product\/honor-80pro-display-stunning-oled-screen-with-ultra-crisp-resolution-exceptional-brightness-and-rich-color-contrast-for-an-immersive-viewing-and-gaming-experience\/#primaryimage"},"image":{"@id":"https:\/\/www.dt-smart.com\/ru\/product\/honor-80pro-display-stunning-oled-screen-with-ultra-crisp-resolution-exceptional-brightness-and-rich-color-contrast-for-an-immersive-viewing-and-gaming-experience\/#primaryimage"},"thumbnailUrl":"https:\/\/www.dt-smart.com\/wp-content\/uploads\/2025\/02\/80Pro\u4e3b.webp","datePublished":"2025-02-11T08:38:43+00:00","dateModified":"2025-02-11T08:38:44+00:00","breadcrumb":{"@id":"https:\/\/www.dt-smart.com\/ru\/product\/honor-80pro-display-stunning-oled-screen-with-ultra-crisp-resolution-exceptional-brightness-and-rich-color-contrast-for-an-immersive-viewing-and-gaming-experience\/#breadcrumb"},"inLanguage":"de","potentialAction":[{"@type":"ReadAction","target":["https:\/\/www.dt-smart.com\/ru\/product\/honor-80pro-display-stunning-oled-screen-with-ultra-crisp-resolution-exceptional-brightness-and-rich-color-contrast-for-an-immersive-viewing-and-gaming-experience\/"]}]},{"@type":"ImageObject","inLanguage":"de","@id":"https:\/\/www.dt-smart.com\/ru\/product\/honor-80pro-display-stunning-oled-screen-with-ultra-crisp-resolution-exceptional-brightness-and-rich-color-contrast-for-an-immersive-viewing-and-gaming-experience\/#primaryimage","url":"https:\/\/www.dt-smart.com\/wp-content\/uploads\/2025\/02\/80Pro\u4e3b.webp","contentUrl":"https:\/\/www.dt-smart.com\/wp-content\/uploads\/2025\/02\/80Pro\u4e3b.webp","width":800,"height":800},{"@type":"BreadcrumbList","@id":"https:\/\/www.dt-smart.com\/ru\/product\/honor-80pro-display-stunning-oled-screen-with-ultra-crisp-resolution-exceptional-brightness-and-rich-color-contrast-for-an-immersive-viewing-and-gaming-experience\/#breadcrumb","itemListElement":[{"@type":"ListItem","position":1,"name":"Home","item":"https:\/\/www.dt-smart.com\/"},{"@type":"ListItem","position":2,"name":"Product","item":"https:\/\/www.dt-smart.com\/ru\/product\/"},{"@type":"ListItem","position":3,"name":"Honor 80Pro Display: Stunning OLED Screen with Ultra-Crisp Resolution, Exceptional Brightness, and Rich Color Contrast for an Immersive Viewing and Gaming Experience"}]},{"@type":"WebSite","@id":"https:\/\/www.dt-smart.com\/#website","url":"https:\/\/www.dt-smart.com\/","name":"InsurePart","description":"Handy-Ersatzteile; iPhone-Ersatzteile im Gro\u00dfhandel; Samsung-Ersatzteillieferant","potentialAction":[{"@type":"SearchAction","target":{"@type":"EntryPoint","urlTemplate":"https:\/\/www.dt-smart.com\/?s={search_term_string}"},"query-input":{"@type":"PropertyValueSpecification","valueRequired":true,"valueName":"search_term_string"}}],"inLanguage":"de"}]}},"_links":{"self":[{"href":"https:\/\/www.dt-smart.com\/de\/wp-json\/wp\/v2\/product\/18825","targetHints":{"allow":["GET"]}}],"collection":[{"href":"https:\/\/www.dt-smart.com\/de\/wp-json\/wp\/v2\/product"}],"about":[{"href":"https:\/\/www.dt-smart.com\/de\/wp-json\/wp\/v2\/types\/product"}],"replies":[{"embeddable":true,"href":"https:\/\/www.dt-smart.com\/de\/wp-json\/wp\/v2\/comments?post=18825"}],"version-history":[{"count":1,"href":"https:\/\/www.dt-smart.com\/de\/wp-json\/wp\/v2\/product\/18825\/revisions"}],"predecessor-version":[{"id":18827,"href":"https:\/\/www.dt-smart.com\/de\/wp-json\/wp\/v2\/product\/18825\/revisions\/18827"}],"wp:featuredmedia":[{"embeddable":true,"href":"https:\/\/www.dt-smart.com\/de\/wp-json\/wp\/v2\/media\/18703"}],"wp:attachment":[{"href":"https:\/\/www.dt-smart.com\/de\/wp-json\/wp\/v2\/media?parent=18825"}],"wp:term":[{"taxonomy":"product_brand","embeddable":true,"href":"https:\/\/www.dt-smart.com\/de\/wp-json\/wp\/v2\/product_brand?post=18825"},{"taxonomy":"product_cat","embeddable":true,"href":"https:\/\/www.dt-smart.com\/de\/wp-json\/wp\/v2\/product_cat?post=18825"},{"taxonomy":"product_tag","embeddable":true,"href":"https:\/\/www.dt-smart.com\/de\/wp-json\/wp\/v2\/product_tag?post=18825"}],"curies":[{"name":"wp","href":"https:\/\/api.w.org\/{rel}","templated":true}]}}