{"id":18903,"date":"2025-02-12T17:50:36","date_gmt":"2025-02-12T09:50:36","guid":{"rendered":"https:\/\/www.insurepart.com\/?post_type=product&#038;p=18903"},"modified":"2025-02-12T17:50:37","modified_gmt":"2025-02-12T09:50:37","slug":"honor-20pro-display-stunning-oled-screen-with-deep-blacks-vivid-colors-and-high-resolution-for-a-premium-visual-experience-with-exceptional-performance","status":"publish","type":"product","link":"https:\/\/www.dt-smart.com\/de\/produkt\/honor-20pro-display-stunning-oled-screen-with-deep-blacks-vivid-colors-and-high-resolution-for-a-premium-visual-experience-with-exceptional-performance\/","title":{"rendered":"Honor 20 Pro Display: Atemberaubender OLED-Bildschirm mit tiefen Schwarzt\u00f6nen, lebendigen Farben und hoher Aufl\u00f6sung f\u00fcr ein erstklassiges visuelles Erlebnis mit au\u00dfergew\u00f6hnlicher Leistung"},"content":{"rendered":"<p style=\"text-align: center;\"><img fetchpriority=\"high\" decoding=\"async\" class=\"alignnone size-full wp-image-15567\" src=\"https:\/\/www.insurepart.com\/wp-content\/uploads\/2024\/08\/\u4e3a\u4ec0\u4e48\u9009\u62e9\u6211\u4eec22.webp\" alt=\"\" width=\"1000\" height=\"786\" srcset=\"https:\/\/www.dt-smart.com\/wp-content\/uploads\/2024\/08\/\u4e3a\u4ec0\u4e48\u9009\u62e9\u6211\u4eec22.webp 1000w, https:\/\/www.dt-smart.com\/wp-content\/uploads\/2024\/08\/\u4e3a\u4ec0\u4e48\u9009\u62e9\u6211\u4eec22-300x236.webp 300w, https:\/\/www.dt-smart.com\/wp-content\/uploads\/2024\/08\/\u4e3a\u4ec0\u4e48\u9009\u62e9\u6211\u4eec22-150x118.webp 150w, https:\/\/www.dt-smart.com\/wp-content\/uploads\/2024\/08\/\u4e3a\u4ec0\u4e48\u9009\u62e9\u6211\u4eec22-800x629.webp 800w, https:\/\/www.dt-smart.com\/wp-content\/uploads\/2024\/08\/\u4e3a\u4ec0\u4e48\u9009\u62e9\u6211\u4eec22-768x604.webp 768w, https:\/\/www.dt-smart.com\/wp-content\/uploads\/2024\/08\/\u4e3a\u4ec0\u4e48\u9009\u62e9\u6211\u4eec22-15x12.webp 15w\" sizes=\"(max-width: 1000px) 100vw, 1000px\" \/><\/p>","protected":false},"excerpt":{"rendered":"<p>Das Honor 20 Pro verf\u00fcgt \u00fcber ein hochwertiges OLED-Display, das tiefe Schwarzt\u00f6ne, lebendige Farben und eine au\u00dfergew\u00f6hnliche Aufl\u00f6sung f\u00fcr ein erstklassiges Seherlebnis bietet. Die OLED-Technologie sorgt f\u00fcr \u00fcberragenden Kontrast, wodurch Schwarzt\u00f6ne unglaublich tief und jede Farbe mit bemerkenswerter Klarheit dargestellt wird. Ob Sie hochaufl\u00f6sende Videos ansehen, Spiele spielen oder im Internet surfen \u2013 die hohe Aufl\u00f6sung garantiert, dass jedes Detail gestochen scharf und klar ist. Der gro\u00dfe Farbraum gew\u00e4hrleistet eine pr\u00e4zise und naturgetreue Farbwiedergabe und macht das Display somit perfekt f\u00fcr Medienkonsum und professionelle Anwendungen. Die Displayhelligkeit ist optimiert, um in hellen wie dunklen Umgebungen klare Bilder zu liefern. Mit seinem fl\u00fcssigen und reaktionsschnellen Touchscreen erm\u00f6glicht das Honor 20 Pro eine nahtlose Bedienung und ist damit ideal f\u00fcr Spiele, Medienkonsum und produktives Arbeiten.<\/p>","protected":false},"featured_media":18744,"comment_status":"open","ping_status":"closed","template":"","meta":[],"product_brand":[],"product_cat":[376,1317,432],"product_tag":[],"class_list":{"0":"post-18903","1":"product","2":"type-product","3":"status-publish","4":"has-post-thumbnail","6":"product_cat-honor","7":"product_cat-honor-20pro","8":"product_cat-honor-series","10":"first","11":"instock","12":"taxable","13":"shipping-taxable","14":"purchasable","15":"product-type-simple"},"yoast_head":"<!-- This site is optimized with the Yoast SEO plugin v27.4 - https:\/\/yoast.com\/product\/yoast-seo-wordpress\/ -->\n<title>Honor 20Pro Display: Stunning OLED Screen with Deep Blacks, Vivid Colors, and High Resolution for a Premium Visual Experience with Exceptional Performance - InsurePart<\/title>\n<meta name=\"robots\" content=\"index, follow, max-snippet:-1, max-image-preview:large, max-video-preview:-1\" \/>\n<link rel=\"canonical\" href=\"https:\/\/www.dt-smart.com\/de\/produkt\/honor-20pro-display-stunning-oled-screen-with-deep-blacks-vivid-colors-and-high-resolution-for-a-premium-visual-experience-with-exceptional-performance\/\" \/>\n<meta property=\"og:locale\" content=\"de_DE\" \/>\n<meta property=\"og:type\" content=\"article\" \/>\n<meta property=\"og:title\" content=\"Honor 20Pro Display: Stunning OLED Screen with Deep Blacks, Vivid Colors, and High Resolution for a Premium Visual Experience with Exceptional Performance - InsurePart\" \/>\n<meta property=\"og:description\" content=\"The Honor 20Pro features a high-end OLED display that delivers deep blacks, vivid colors, and exceptional resolution for a top-tier visual experience. The OLED technology provides superior contrast, ensuring that blacks are incredibly deep and every color is displayed with remarkable clarity. Whether you&#039;re watching high-definition videos, playing games, or browsing, the high resolution ensures every detail is sharp and clear. The wide color gamut ensures accurate and true-to-life color reproduction, making it perfect for media consumption and professional tasks. The display\u2019s brightness is optimized to provide clear visuals in both bright and dark environments. With its smooth and responsive touchscreen, the Honor 20Pro offers seamless interaction, making it ideal for gaming, media consumption, and productivity.\" \/>\n<meta property=\"og:url\" content=\"https:\/\/www.dt-smart.com\/de\/produkt\/honor-20pro-display-stunning-oled-screen-with-deep-blacks-vivid-colors-and-high-resolution-for-a-premium-visual-experience-with-exceptional-performance\/\" \/>\n<meta property=\"og:site_name\" content=\"InsurePart\" \/>\n<meta property=\"article:publisher\" content=\"https:\/\/www.facebook.com\/anjinleeEva\" \/>\n<meta property=\"article:modified_time\" content=\"2025-02-12T09:50:37+00:00\" \/>\n<meta property=\"og:image\" content=\"https:\/\/www.dt-smart.com\/wp-content\/uploads\/2025\/02\/20Pro\u4e3b.webp\" \/>\n\t<meta property=\"og:image:width\" content=\"800\" \/>\n\t<meta property=\"og:image:height\" content=\"800\" \/>\n\t<meta property=\"og:image:type\" content=\"image\/webp\" \/>\n<meta name=\"twitter:card\" content=\"summary_large_image\" \/>\n<meta name=\"twitter:label1\" content=\"Gesch\u00e4tzte Lesezeit\" \/>\n\t<meta name=\"twitter:data1\" content=\"1\u00a0Minute\" \/>\n<script type=\"application\/ld+json\" class=\"yoast-schema-graph\">{\"@context\":\"https:\\\/\\\/schema.org\",\"@graph\":[{\"@type\":\"WebPage\",\"@id\":\"https:\\\/\\\/www.dt-smart.com\\\/de\\\/produkt\\\/honor-20pro-display-stunning-oled-screen-with-deep-blacks-vivid-colors-and-high-resolution-for-a-premium-visual-experience-with-exceptional-performance\\\/\",\"url\":\"https:\\\/\\\/www.dt-smart.com\\\/de\\\/produkt\\\/honor-20pro-display-stunning-oled-screen-with-deep-blacks-vivid-colors-and-high-resolution-for-a-premium-visual-experience-with-exceptional-performance\\\/\",\"name\":\"Honor 20Pro Display: Stunning OLED Screen with Deep Blacks, Vivid Colors, and High Resolution for a Premium Visual Experience with Exceptional Performance - InsurePart\",\"isPartOf\":{\"@id\":\"https:\\\/\\\/www.dt-smart.com\\\/#website\"},\"primaryImageOfPage\":{\"@id\":\"https:\\\/\\\/www.dt-smart.com\\\/de\\\/produkt\\\/honor-20pro-display-stunning-oled-screen-with-deep-blacks-vivid-colors-and-high-resolution-for-a-premium-visual-experience-with-exceptional-performance\\\/#primaryimage\"},\"image\":{\"@id\":\"https:\\\/\\\/www.dt-smart.com\\\/de\\\/produkt\\\/honor-20pro-display-stunning-oled-screen-with-deep-blacks-vivid-colors-and-high-resolution-for-a-premium-visual-experience-with-exceptional-performance\\\/#primaryimage\"},\"thumbnailUrl\":\"https:\\\/\\\/www.dt-smart.com\\\/wp-content\\\/uploads\\\/2025\\\/02\\\/20Pro\u4e3b.webp\",\"datePublished\":\"2025-02-12T09:50:36+00:00\",\"dateModified\":\"2025-02-12T09:50:37+00:00\",\"breadcrumb\":{\"@id\":\"https:\\\/\\\/www.dt-smart.com\\\/de\\\/produkt\\\/honor-20pro-display-stunning-oled-screen-with-deep-blacks-vivid-colors-and-high-resolution-for-a-premium-visual-experience-with-exceptional-performance\\\/#breadcrumb\"},\"inLanguage\":\"de\",\"potentialAction\":[{\"@type\":\"ReadAction\",\"target\":[\"https:\\\/\\\/www.dt-smart.com\\\/de\\\/produkt\\\/honor-20pro-display-stunning-oled-screen-with-deep-blacks-vivid-colors-and-high-resolution-for-a-premium-visual-experience-with-exceptional-performance\\\/\"]}]},{\"@type\":\"ImageObject\",\"inLanguage\":\"de\",\"@id\":\"https:\\\/\\\/www.dt-smart.com\\\/de\\\/produkt\\\/honor-20pro-display-stunning-oled-screen-with-deep-blacks-vivid-colors-and-high-resolution-for-a-premium-visual-experience-with-exceptional-performance\\\/#primaryimage\",\"url\":\"https:\\\/\\\/www.dt-smart.com\\\/wp-content\\\/uploads\\\/2025\\\/02\\\/20Pro\u4e3b.webp\",\"contentUrl\":\"https:\\\/\\\/www.dt-smart.com\\\/wp-content\\\/uploads\\\/2025\\\/02\\\/20Pro\u4e3b.webp\",\"width\":800,\"height\":800},{\"@type\":\"BreadcrumbList\",\"@id\":\"https:\\\/\\\/www.dt-smart.com\\\/de\\\/produkt\\\/honor-20pro-display-stunning-oled-screen-with-deep-blacks-vivid-colors-and-high-resolution-for-a-premium-visual-experience-with-exceptional-performance\\\/#breadcrumb\",\"itemListElement\":[{\"@type\":\"ListItem\",\"position\":1,\"name\":\"Home\",\"item\":\"https:\\\/\\\/www.dt-smart.com\\\/\"},{\"@type\":\"ListItem\",\"position\":2,\"name\":\"Product\",\"item\":\"https:\\\/\\\/www.dt-smart.com\\\/ru\\\/product\\\/\"},{\"@type\":\"ListItem\",\"position\":3,\"name\":\"Honor 20Pro Display: Stunning OLED Screen with Deep Blacks, Vivid Colors, and High Resolution for a Premium Visual Experience with Exceptional Performance\"}]},{\"@type\":\"WebSite\",\"@id\":\"https:\\\/\\\/www.dt-smart.com\\\/#website\",\"url\":\"https:\\\/\\\/www.dt-smart.com\\\/\",\"name\":\"InsurePart\",\"description\":\"Cell Phone Repair Parts; iPhone Parts Wholesale;Samsung Parts Supplier\",\"potentialAction\":[{\"@type\":\"SearchAction\",\"target\":{\"@type\":\"EntryPoint\",\"urlTemplate\":\"https:\\\/\\\/www.dt-smart.com\\\/?s={search_term_string}\"},\"query-input\":{\"@type\":\"PropertyValueSpecification\",\"valueRequired\":true,\"valueName\":\"search_term_string\"}}],\"inLanguage\":\"de\"}]}<\/script>\n<!-- \/ Yoast SEO plugin. -->","yoast_head_json":{"title":"Honor 20Pro Display: Stunning OLED Screen with Deep Blacks, Vivid Colors, and High Resolution for a Premium Visual Experience with Exceptional Performance - InsurePart","robots":{"index":"index","follow":"follow","max-snippet":"max-snippet:-1","max-image-preview":"max-image-preview:large","max-video-preview":"max-video-preview:-1"},"canonical":"https:\/\/www.dt-smart.com\/de\/produkt\/honor-20pro-display-stunning-oled-screen-with-deep-blacks-vivid-colors-and-high-resolution-for-a-premium-visual-experience-with-exceptional-performance\/","og_locale":"de_DE","og_type":"article","og_title":"Honor 20Pro Display: Stunning OLED Screen with Deep Blacks, Vivid Colors, and High Resolution for a Premium Visual Experience with Exceptional Performance - InsurePart","og_description":"The Honor 20Pro features a high-end OLED display that delivers deep blacks, vivid colors, and exceptional resolution for a top-tier visual experience. The OLED technology provides superior contrast, ensuring that blacks are incredibly deep and every color is displayed with remarkable clarity. Whether you're watching high-definition videos, playing games, or browsing, the high resolution ensures every detail is sharp and clear. The wide color gamut ensures accurate and true-to-life color reproduction, making it perfect for media consumption and professional tasks. The display\u2019s brightness is optimized to provide clear visuals in both bright and dark environments. With its smooth and responsive touchscreen, the Honor 20Pro offers seamless interaction, making it ideal for gaming, media consumption, and productivity.","og_url":"https:\/\/www.dt-smart.com\/de\/produkt\/honor-20pro-display-stunning-oled-screen-with-deep-blacks-vivid-colors-and-high-resolution-for-a-premium-visual-experience-with-exceptional-performance\/","og_site_name":"InsurePart","article_publisher":"https:\/\/www.facebook.com\/anjinleeEva","article_modified_time":"2025-02-12T09:50:37+00:00","og_image":[{"width":800,"height":800,"url":"https:\/\/www.dt-smart.com\/wp-content\/uploads\/2025\/02\/20Pro\u4e3b.webp","type":"image\/webp"}],"twitter_card":"summary_large_image","twitter_misc":{"Gesch\u00e4tzte Lesezeit":"1\u00a0Minute"},"schema":{"@context":"https:\/\/schema.org","@graph":[{"@type":"WebPage","@id":"https:\/\/www.dt-smart.com\/de\/produkt\/honor-20pro-display-stunning-oled-screen-with-deep-blacks-vivid-colors-and-high-resolution-for-a-premium-visual-experience-with-exceptional-performance\/","url":"https:\/\/www.dt-smart.com\/de\/produkt\/honor-20pro-display-stunning-oled-screen-with-deep-blacks-vivid-colors-and-high-resolution-for-a-premium-visual-experience-with-exceptional-performance\/","name":"Honor 20Pro Display: Stunning OLED Screen with Deep Blacks, Vivid Colors, and High Resolution for a Premium Visual Experience with Exceptional Performance - InsurePart","isPartOf":{"@id":"https:\/\/www.dt-smart.com\/#website"},"primaryImageOfPage":{"@id":"https:\/\/www.dt-smart.com\/de\/produkt\/honor-20pro-display-stunning-oled-screen-with-deep-blacks-vivid-colors-and-high-resolution-for-a-premium-visual-experience-with-exceptional-performance\/#primaryimage"},"image":{"@id":"https:\/\/www.dt-smart.com\/de\/produkt\/honor-20pro-display-stunning-oled-screen-with-deep-blacks-vivid-colors-and-high-resolution-for-a-premium-visual-experience-with-exceptional-performance\/#primaryimage"},"thumbnailUrl":"https:\/\/www.dt-smart.com\/wp-content\/uploads\/2025\/02\/20Pro\u4e3b.webp","datePublished":"2025-02-12T09:50:36+00:00","dateModified":"2025-02-12T09:50:37+00:00","breadcrumb":{"@id":"https:\/\/www.dt-smart.com\/de\/produkt\/honor-20pro-display-stunning-oled-screen-with-deep-blacks-vivid-colors-and-high-resolution-for-a-premium-visual-experience-with-exceptional-performance\/#breadcrumb"},"inLanguage":"de","potentialAction":[{"@type":"ReadAction","target":["https:\/\/www.dt-smart.com\/de\/produkt\/honor-20pro-display-stunning-oled-screen-with-deep-blacks-vivid-colors-and-high-resolution-for-a-premium-visual-experience-with-exceptional-performance\/"]}]},{"@type":"ImageObject","inLanguage":"de","@id":"https:\/\/www.dt-smart.com\/de\/produkt\/honor-20pro-display-stunning-oled-screen-with-deep-blacks-vivid-colors-and-high-resolution-for-a-premium-visual-experience-with-exceptional-performance\/#primaryimage","url":"https:\/\/www.dt-smart.com\/wp-content\/uploads\/2025\/02\/20Pro\u4e3b.webp","contentUrl":"https:\/\/www.dt-smart.com\/wp-content\/uploads\/2025\/02\/20Pro\u4e3b.webp","width":800,"height":800},{"@type":"BreadcrumbList","@id":"https:\/\/www.dt-smart.com\/de\/produkt\/honor-20pro-display-stunning-oled-screen-with-deep-blacks-vivid-colors-and-high-resolution-for-a-premium-visual-experience-with-exceptional-performance\/#breadcrumb","itemListElement":[{"@type":"ListItem","position":1,"name":"Home","item":"https:\/\/www.dt-smart.com\/"},{"@type":"ListItem","position":2,"name":"Product","item":"https:\/\/www.dt-smart.com\/ru\/product\/"},{"@type":"ListItem","position":3,"name":"Honor 20Pro Display: Stunning OLED Screen with Deep Blacks, Vivid Colors, and High Resolution for a Premium Visual Experience with Exceptional Performance"}]},{"@type":"WebSite","@id":"https:\/\/www.dt-smart.com\/#website","url":"https:\/\/www.dt-smart.com\/","name":"InsurePart","description":"Handy-Ersatzteile; iPhone-Ersatzteile im Gro\u00dfhandel; Samsung-Ersatzteillieferant","potentialAction":[{"@type":"SearchAction","target":{"@type":"EntryPoint","urlTemplate":"https:\/\/www.dt-smart.com\/?s={search_term_string}"},"query-input":{"@type":"PropertyValueSpecification","valueRequired":true,"valueName":"search_term_string"}}],"inLanguage":"de"}]}},"_links":{"self":[{"href":"https:\/\/www.dt-smart.com\/de\/wp-json\/wp\/v2\/product\/18903","targetHints":{"allow":["GET"]}}],"collection":[{"href":"https:\/\/www.dt-smart.com\/de\/wp-json\/wp\/v2\/product"}],"about":[{"href":"https:\/\/www.dt-smart.com\/de\/wp-json\/wp\/v2\/types\/product"}],"replies":[{"embeddable":true,"href":"https:\/\/www.dt-smart.com\/de\/wp-json\/wp\/v2\/comments?post=18903"}],"version-history":[{"count":1,"href":"https:\/\/www.dt-smart.com\/de\/wp-json\/wp\/v2\/product\/18903\/revisions"}],"predecessor-version":[{"id":18905,"href":"https:\/\/www.dt-smart.com\/de\/wp-json\/wp\/v2\/product\/18903\/revisions\/18905"}],"wp:featuredmedia":[{"embeddable":true,"href":"https:\/\/www.dt-smart.com\/de\/wp-json\/wp\/v2\/media\/18744"}],"wp:attachment":[{"href":"https:\/\/www.dt-smart.com\/de\/wp-json\/wp\/v2\/media?parent=18903"}],"wp:term":[{"taxonomy":"product_brand","embeddable":true,"href":"https:\/\/www.dt-smart.com\/de\/wp-json\/wp\/v2\/product_brand?post=18903"},{"taxonomy":"product_cat","embeddable":true,"href":"https:\/\/www.dt-smart.com\/de\/wp-json\/wp\/v2\/product_cat?post=18903"},{"taxonomy":"product_tag","embeddable":true,"href":"https:\/\/www.dt-smart.com\/de\/wp-json\/wp\/v2\/product_tag?post=18903"}],"curies":[{"name":"wp","href":"https:\/\/api.w.org\/{rel}","templated":true}]}}