{"id":19230,"date":"2025-05-27T12:05:46","date_gmt":"2025-05-27T04:05:46","guid":{"rendered":"https:\/\/www.insurepart.com\/?post_type=product&#038;p=19230"},"modified":"2026-03-03T10:06:05","modified_gmt":"2026-03-03T02:06:05","slug":"fhd-amoled-display-with-smooth-touch-and-scratch-protection-for-galaxy-s25-plus","status":"publish","type":"product","link":"https:\/\/www.dt-smart.com\/de\/produkt\/fhd-amoled-display-with-smooth-touch-and-scratch-protection-for-galaxy-s25-plus\/","title":{"rendered":"Samsung Galaxy S25 Plus FHD+ AMOLED-Display \u2013 120 Hz ProMotion, fl\u00fcssige Touch-Funktion mit Ceramic Shield Glas. 1 Jahr Garantie, schneller Versand."},"content":{"rendered":"<p style=\"text-align: center;\"><img fetchpriority=\"high\" decoding=\"async\" class=\"alignnone size-full wp-image-15567\" src=\"https:\/\/www.insurepart.com\/wp-content\/uploads\/2024\/08\/\u4e3a\u4ec0\u4e48\u9009\u62e9\u6211\u4eec22.webp\" alt=\"\" width=\"1000\" height=\"786\" srcset=\"https:\/\/www.dt-smart.com\/wp-content\/uploads\/2024\/08\/\u4e3a\u4ec0\u4e48\u9009\u62e9\u6211\u4eec22.webp 1000w, https:\/\/www.dt-smart.com\/wp-content\/uploads\/2024\/08\/\u4e3a\u4ec0\u4e48\u9009\u62e9\u6211\u4eec22-300x236.webp 300w, https:\/\/www.dt-smart.com\/wp-content\/uploads\/2024\/08\/\u4e3a\u4ec0\u4e48\u9009\u62e9\u6211\u4eec22-150x118.webp 150w, https:\/\/www.dt-smart.com\/wp-content\/uploads\/2024\/08\/\u4e3a\u4ec0\u4e48\u9009\u62e9\u6211\u4eec22-800x629.webp 800w, https:\/\/www.dt-smart.com\/wp-content\/uploads\/2024\/08\/\u4e3a\u4ec0\u4e48\u9009\u62e9\u6211\u4eec22-768x604.webp 768w, https:\/\/www.dt-smart.com\/wp-content\/uploads\/2024\/08\/\u4e3a\u4ec0\u4e48\u9009\u62e9\u6211\u4eec22-15x12.webp 15w\" sizes=\"(max-width: 1000px) 100vw, 1000px\" \/><\/p>","protected":false},"excerpt":{"rendered":"<p><span style=\"font-family: arial, helvetica, sans-serif; font-size: 8pt;\">AMOLED-Panel mit einer typischen Helligkeit von rund 900 Nits und einer Spitzenhelligkeit von bis zu 1200 Nits unter HDR.<\/span><br \/>\n<span style=\"font-family: arial, helvetica, sans-serif; font-size: 8pt;\">Die Full HD+ Aufl\u00f6sung (~2340\u00d71080) sorgt f\u00fcr scharfe und klare Bilder.<\/span><br \/>\n<span style=\"font-family: arial, helvetica, sans-serif; font-size: 8pt;\">Die Bildwiederholfrequenz von 120 Hz unterst\u00fctzt fl\u00fcssige Bewegungen bei Animationen und beim Scrollen.<\/span><br \/>\n<span style=\"font-family: arial, helvetica, sans-serif; font-size: 8pt;\">Kratzfestes Glas (typischerweise Gorilla Glass Victus) verhindert kleinere Oberfl\u00e4chenbesch\u00e4digungen.<\/span><br \/>\n<span style=\"font-family: arial, helvetica, sans-serif; font-size: 8pt;\">Deckt ca. 100% sRGB und 98% DCI-P3 ab und sorgt so f\u00fcr eine satte Farbwiedergabe.<\/span><br \/>\n<span style=\"font-family: arial, helvetica, sans-serif; font-size: 8pt;\">Die Anti-Fingerprint-Beschichtung verbessert die Sauberkeit des Bildschirms.<\/span><br \/>\n<span style=\"font-family: arial, helvetica, sans-serif; font-size: 8pt;\">Der Ber\u00fchrungssensor ist f\u00fcr eine reibungslose und pr\u00e4zise Gestenerkennung kalibriert.<\/span><br \/>\n<span style=\"font-family: arial, helvetica, sans-serif; font-size: 8pt;\">Vorab getestet auf Gleichm\u00e4\u00dfigkeit der Darstellung und Genauigkeit des Digitalisierers.<\/span><\/p>","protected":false},"featured_media":19138,"comment_status":"open","ping_status":"closed","template":"","meta":[],"product_brand":[],"product_cat":[1021,1358,46,21],"product_tag":[],"class_list":{"0":"post-19230","1":"product","2":"type-product","3":"status-publish","4":"has-post-thumbnail","6":"product_cat-all-s-series-lcd","7":"product_cat-galaxy-25-plus","8":"product_cat-s-series","9":"product_cat-samsung","11":"first","12":"instock","13":"taxable","14":"shipping-taxable","15":"purchasable","16":"product-type-variable"},"yoast_head":"<!-- This site is optimized with the Yoast SEO plugin v27.4 - https:\/\/yoast.com\/product\/yoast-seo-wordpress\/ -->\n<title>Samsung Galaxy S25 Plus FHD+ AMOLED Display - 120Hz ProMotion, Smooth Touch with Ceramic Shield Glass. 1-Year Warranty, Fast Shipping - InsurePart<\/title>\n<meta name=\"description\" content=\"Galaxy S25 Plus FHD+ AMOLED Display - 120Hz ProMotion, Smooth Touch with Ceramic Shield Glass. 1-Year Warranty, Fast Shipping\" \/>\n<meta name=\"robots\" content=\"index, follow, max-snippet:-1, max-image-preview:large, max-video-preview:-1\" \/>\n<link rel=\"canonical\" href=\"https:\/\/www.dt-smart.com\/de\/producto\/fhd-amoled-display-with-smooth-touch-and-scratch-protection-for-galaxy-s25-plus\/\" \/>\n<meta property=\"og:locale\" content=\"de_DE\" \/>\n<meta property=\"og:type\" content=\"article\" \/>\n<meta property=\"og:title\" content=\"Samsung Galaxy S25 Plus FHD+ AMOLED Display - 120Hz ProMotion, Smooth Touch with Ceramic Shield Glass. 1-Year Warranty, Fast Shipping - InsurePart\" \/>\n<meta property=\"og:description\" content=\"Galaxy S25 Plus FHD+ AMOLED Display - 120Hz ProMotion, Smooth Touch with Ceramic Shield Glass. 1-Year Warranty, Fast Shipping\" \/>\n<meta property=\"og:url\" content=\"https:\/\/www.dt-smart.com\/de\/producto\/fhd-amoled-display-with-smooth-touch-and-scratch-protection-for-galaxy-s25-plus\/\" \/>\n<meta property=\"og:site_name\" content=\"InsurePart\" \/>\n<meta property=\"article:publisher\" content=\"https:\/\/www.facebook.com\/anjinleeEva\" \/>\n<meta property=\"article:modified_time\" content=\"2026-03-03T02:06:05+00:00\" \/>\n<meta property=\"og:image\" content=\"https:\/\/www.dt-smart.com\/wp-content\/uploads\/2025\/05\/S25\u4e3b-1.webp\" \/>\n\t<meta property=\"og:image:width\" content=\"800\" \/>\n\t<meta property=\"og:image:height\" content=\"800\" \/>\n\t<meta property=\"og:image:type\" content=\"image\/webp\" \/>\n<meta name=\"twitter:card\" content=\"summary_large_image\" \/>\n<meta name=\"twitter:label1\" content=\"Gesch\u00e4tzte Lesezeit\" \/>\n\t<meta name=\"twitter:data1\" content=\"1\u00a0Minute\" \/>\n<script type=\"application\/ld+json\" class=\"yoast-schema-graph\">{\"@context\":\"https:\\\/\\\/schema.org\",\"@graph\":[{\"@type\":\"WebPage\",\"@id\":\"https:\\\/\\\/www.dt-smart.com\\\/es\\\/producto\\\/fhd-amoled-display-with-smooth-touch-and-scratch-protection-for-galaxy-s25-plus\\\/\",\"url\":\"https:\\\/\\\/www.dt-smart.com\\\/es\\\/producto\\\/fhd-amoled-display-with-smooth-touch-and-scratch-protection-for-galaxy-s25-plus\\\/\",\"name\":\"Samsung Galaxy S25 Plus FHD+ AMOLED Display - 120Hz ProMotion, Smooth Touch with Ceramic Shield Glass. 1-Year Warranty, Fast Shipping - InsurePart\",\"isPartOf\":{\"@id\":\"https:\\\/\\\/www.dt-smart.com\\\/#website\"},\"primaryImageOfPage\":{\"@id\":\"https:\\\/\\\/www.dt-smart.com\\\/es\\\/producto\\\/fhd-amoled-display-with-smooth-touch-and-scratch-protection-for-galaxy-s25-plus\\\/#primaryimage\"},\"image\":{\"@id\":\"https:\\\/\\\/www.dt-smart.com\\\/es\\\/producto\\\/fhd-amoled-display-with-smooth-touch-and-scratch-protection-for-galaxy-s25-plus\\\/#primaryimage\"},\"thumbnailUrl\":\"https:\\\/\\\/www.dt-smart.com\\\/wp-content\\\/uploads\\\/2025\\\/05\\\/S25\u4e3b-1.webp\",\"datePublished\":\"2025-05-27T04:05:46+00:00\",\"dateModified\":\"2026-03-03T02:06:05+00:00\",\"description\":\"Galaxy S25 Plus FHD+ AMOLED Display - 120Hz ProMotion, Smooth Touch with Ceramic Shield Glass. 1-Year Warranty, Fast Shipping\",\"breadcrumb\":{\"@id\":\"https:\\\/\\\/www.dt-smart.com\\\/es\\\/producto\\\/fhd-amoled-display-with-smooth-touch-and-scratch-protection-for-galaxy-s25-plus\\\/#breadcrumb\"},\"inLanguage\":\"de\",\"potentialAction\":[{\"@type\":\"ReadAction\",\"target\":[\"https:\\\/\\\/www.dt-smart.com\\\/es\\\/producto\\\/fhd-amoled-display-with-smooth-touch-and-scratch-protection-for-galaxy-s25-plus\\\/\"]}]},{\"@type\":\"ImageObject\",\"inLanguage\":\"de\",\"@id\":\"https:\\\/\\\/www.dt-smart.com\\\/es\\\/producto\\\/fhd-amoled-display-with-smooth-touch-and-scratch-protection-for-galaxy-s25-plus\\\/#primaryimage\",\"url\":\"https:\\\/\\\/www.dt-smart.com\\\/wp-content\\\/uploads\\\/2025\\\/05\\\/S25\u4e3b-1.webp\",\"contentUrl\":\"https:\\\/\\\/www.dt-smart.com\\\/wp-content\\\/uploads\\\/2025\\\/05\\\/S25\u4e3b-1.webp\",\"width\":800,\"height\":800},{\"@type\":\"BreadcrumbList\",\"@id\":\"https:\\\/\\\/www.dt-smart.com\\\/es\\\/producto\\\/fhd-amoled-display-with-smooth-touch-and-scratch-protection-for-galaxy-s25-plus\\\/#breadcrumb\",\"itemListElement\":[{\"@type\":\"ListItem\",\"position\":1,\"name\":\"Home\",\"item\":\"https:\\\/\\\/www.dt-smart.com\\\/\"},{\"@type\":\"ListItem\",\"position\":2,\"name\":\"Product\",\"item\":\"https:\\\/\\\/www.dt-smart.com\\\/ru\\\/product\\\/\"},{\"@type\":\"ListItem\",\"position\":3,\"name\":\"Samsung Galaxy S25 Plus FHD+ AMOLED Display &#8211; 120Hz ProMotion, Smooth Touch with Ceramic Shield Glass. 1-Year Warranty, Fast Shipping\"}]},{\"@type\":\"WebSite\",\"@id\":\"https:\\\/\\\/www.dt-smart.com\\\/#website\",\"url\":\"https:\\\/\\\/www.dt-smart.com\\\/\",\"name\":\"InsurePart\",\"description\":\"Cell Phone Repair Parts; iPhone Parts Wholesale;Samsung Parts Supplier\",\"potentialAction\":[{\"@type\":\"SearchAction\",\"target\":{\"@type\":\"EntryPoint\",\"urlTemplate\":\"https:\\\/\\\/www.dt-smart.com\\\/?s={search_term_string}\"},\"query-input\":{\"@type\":\"PropertyValueSpecification\",\"valueRequired\":true,\"valueName\":\"search_term_string\"}}],\"inLanguage\":\"de\"}]}<\/script>\n<!-- \/ Yoast SEO plugin. -->","yoast_head_json":{"title":"Samsung Galaxy S25 Plus FHD+ AMOLED Display - 120Hz ProMotion, Smooth Touch with Ceramic Shield Glass. 1-Year Warranty, Fast Shipping - InsurePart","description":"Galaxy S25 Plus FHD+ AMOLED-Display \u2013 120 Hz ProMotion, fl\u00fcssige Touch-Funktion mit Ceramic Shield Glas. 1 Jahr Garantie, schneller Versand.","robots":{"index":"index","follow":"follow","max-snippet":"max-snippet:-1","max-image-preview":"max-image-preview:large","max-video-preview":"max-video-preview:-1"},"canonical":"https:\/\/www.dt-smart.com\/de\/producto\/fhd-amoled-display-with-smooth-touch-and-scratch-protection-for-galaxy-s25-plus\/","og_locale":"de_DE","og_type":"article","og_title":"Samsung Galaxy S25 Plus FHD+ AMOLED Display - 120Hz ProMotion, Smooth Touch with Ceramic Shield Glass. 1-Year Warranty, Fast Shipping - InsurePart","og_description":"Galaxy S25 Plus FHD+ AMOLED Display - 120Hz ProMotion, Smooth Touch with Ceramic Shield Glass. 1-Year Warranty, Fast Shipping","og_url":"https:\/\/www.dt-smart.com\/de\/producto\/fhd-amoled-display-with-smooth-touch-and-scratch-protection-for-galaxy-s25-plus\/","og_site_name":"InsurePart","article_publisher":"https:\/\/www.facebook.com\/anjinleeEva","article_modified_time":"2026-03-03T02:06:05+00:00","og_image":[{"width":800,"height":800,"url":"https:\/\/www.dt-smart.com\/wp-content\/uploads\/2025\/05\/S25\u4e3b-1.webp","type":"image\/webp"}],"twitter_card":"summary_large_image","twitter_misc":{"Gesch\u00e4tzte Lesezeit":"1\u00a0Minute"},"schema":{"@context":"https:\/\/schema.org","@graph":[{"@type":"WebPage","@id":"https:\/\/www.dt-smart.com\/es\/producto\/fhd-amoled-display-with-smooth-touch-and-scratch-protection-for-galaxy-s25-plus\/","url":"https:\/\/www.dt-smart.com\/es\/producto\/fhd-amoled-display-with-smooth-touch-and-scratch-protection-for-galaxy-s25-plus\/","name":"Samsung Galaxy S25 Plus FHD+ AMOLED Display - 120Hz ProMotion, Smooth Touch with Ceramic Shield Glass. 1-Year Warranty, Fast Shipping - InsurePart","isPartOf":{"@id":"https:\/\/www.dt-smart.com\/#website"},"primaryImageOfPage":{"@id":"https:\/\/www.dt-smart.com\/es\/producto\/fhd-amoled-display-with-smooth-touch-and-scratch-protection-for-galaxy-s25-plus\/#primaryimage"},"image":{"@id":"https:\/\/www.dt-smart.com\/es\/producto\/fhd-amoled-display-with-smooth-touch-and-scratch-protection-for-galaxy-s25-plus\/#primaryimage"},"thumbnailUrl":"https:\/\/www.dt-smart.com\/wp-content\/uploads\/2025\/05\/S25\u4e3b-1.webp","datePublished":"2025-05-27T04:05:46+00:00","dateModified":"2026-03-03T02:06:05+00:00","description":"Galaxy S25 Plus FHD+ AMOLED-Display \u2013 120 Hz ProMotion, fl\u00fcssige Touch-Funktion mit Ceramic Shield Glas. 1 Jahr Garantie, schneller Versand.","breadcrumb":{"@id":"https:\/\/www.dt-smart.com\/es\/producto\/fhd-amoled-display-with-smooth-touch-and-scratch-protection-for-galaxy-s25-plus\/#breadcrumb"},"inLanguage":"de","potentialAction":[{"@type":"ReadAction","target":["https:\/\/www.dt-smart.com\/es\/producto\/fhd-amoled-display-with-smooth-touch-and-scratch-protection-for-galaxy-s25-plus\/"]}]},{"@type":"ImageObject","inLanguage":"de","@id":"https:\/\/www.dt-smart.com\/es\/producto\/fhd-amoled-display-with-smooth-touch-and-scratch-protection-for-galaxy-s25-plus\/#primaryimage","url":"https:\/\/www.dt-smart.com\/wp-content\/uploads\/2025\/05\/S25\u4e3b-1.webp","contentUrl":"https:\/\/www.dt-smart.com\/wp-content\/uploads\/2025\/05\/S25\u4e3b-1.webp","width":800,"height":800},{"@type":"BreadcrumbList","@id":"https:\/\/www.dt-smart.com\/es\/producto\/fhd-amoled-display-with-smooth-touch-and-scratch-protection-for-galaxy-s25-plus\/#breadcrumb","itemListElement":[{"@type":"ListItem","position":1,"name":"Home","item":"https:\/\/www.dt-smart.com\/"},{"@type":"ListItem","position":2,"name":"Product","item":"https:\/\/www.dt-smart.com\/ru\/product\/"},{"@type":"ListItem","position":3,"name":"Samsung Galaxy S25 Plus FHD+ AMOLED Display &#8211; 120Hz ProMotion, Smooth Touch with Ceramic Shield Glass. 1-Year Warranty, Fast Shipping"}]},{"@type":"WebSite","@id":"https:\/\/www.dt-smart.com\/#website","url":"https:\/\/www.dt-smart.com\/","name":"InsurePart","description":"Handy-Ersatzteile; iPhone-Ersatzteile im Gro\u00dfhandel; Samsung-Ersatzteillieferant","potentialAction":[{"@type":"SearchAction","target":{"@type":"EntryPoint","urlTemplate":"https:\/\/www.dt-smart.com\/?s={search_term_string}"},"query-input":{"@type":"PropertyValueSpecification","valueRequired":true,"valueName":"search_term_string"}}],"inLanguage":"de"}]}},"_links":{"self":[{"href":"https:\/\/www.dt-smart.com\/de\/wp-json\/wp\/v2\/product\/19230","targetHints":{"allow":["GET"]}}],"collection":[{"href":"https:\/\/www.dt-smart.com\/de\/wp-json\/wp\/v2\/product"}],"about":[{"href":"https:\/\/www.dt-smart.com\/de\/wp-json\/wp\/v2\/types\/product"}],"replies":[{"embeddable":true,"href":"https:\/\/www.dt-smart.com\/de\/wp-json\/wp\/v2\/comments?post=19230"}],"version-history":[{"count":4,"href":"https:\/\/www.dt-smart.com\/de\/wp-json\/wp\/v2\/product\/19230\/revisions"}],"predecessor-version":[{"id":25123,"href":"https:\/\/www.dt-smart.com\/de\/wp-json\/wp\/v2\/product\/19230\/revisions\/25123"}],"wp:featuredmedia":[{"embeddable":true,"href":"https:\/\/www.dt-smart.com\/de\/wp-json\/wp\/v2\/media\/19138"}],"wp:attachment":[{"href":"https:\/\/www.dt-smart.com\/de\/wp-json\/wp\/v2\/media?parent=19230"}],"wp:term":[{"taxonomy":"product_brand","embeddable":true,"href":"https:\/\/www.dt-smart.com\/de\/wp-json\/wp\/v2\/product_brand?post=19230"},{"taxonomy":"product_cat","embeddable":true,"href":"https:\/\/www.dt-smart.com\/de\/wp-json\/wp\/v2\/product_cat?post=19230"},{"taxonomy":"product_tag","embeddable":true,"href":"https:\/\/www.dt-smart.com\/de\/wp-json\/wp\/v2\/product_tag?post=19230"}],"curies":[{"name":"wp","href":"https:\/\/api.w.org\/{rel}","templated":true}]}}