{"id":19347,"date":"2025-06-19T15:10:17","date_gmt":"2025-06-19T07:10:17","guid":{"rendered":"https:\/\/www.insurepart.com\/?post_type=product&#038;p=19347"},"modified":"2026-02-28T14:27:24","modified_gmt":"2026-02-28T06:27:24","slug":"battery-a1965-compatible-for-macbook-air-13-retina-a1932-late-2018-to-2019-a2179-early-2020","status":"publish","type":"product","link":"https:\/\/www.dt-smart.com\/de\/produkt\/battery-a1965-compatible-for-macbook-air-13-retina-a1932-late-2018-to-2019-a2179-early-2020\/","title":{"rendered":"Akku-Ersatz f\u00fcr MacBook Air 13\u2033 Retina (A1932 2018\u20132019 &amp; A2179 2020) \u2013 Kompatibel mit Akku A1965 \u2013 Langlebig &amp; Leicht \u2013 Qualit\u00e4tsgarantie \u2013 Schneller Versand"},"content":{"rendered":"<p style=\"text-align: center;\"><img fetchpriority=\"high\" decoding=\"async\" class=\"alignnone size-full wp-image-19342\" src=\"https:\/\/www.insurepart.com\/wp-content\/uploads\/2025\/06\/macbook-batteries-1360px-1-scaled.jpg\" alt=\"\" width=\"915\" height=\"2560\" srcset=\"https:\/\/www.dt-smart.com\/wp-content\/uploads\/2025\/06\/macbook-batteries-1360px-1-scaled.jpg 915w, https:\/\/www.dt-smart.com\/wp-content\/uploads\/2025\/06\/macbook-batteries-1360px-1-107x300.jpg 107w, https:\/\/www.dt-smart.com\/wp-content\/uploads\/2025\/06\/macbook-batteries-1360px-1-366x1024.jpg 366w, https:\/\/www.dt-smart.com\/wp-content\/uploads\/2025\/06\/macbook-batteries-1360px-1-768x2149.jpg 768w, https:\/\/www.dt-smart.com\/wp-content\/uploads\/2025\/06\/macbook-batteries-1360px-1-549x1536.jpg 549w, https:\/\/www.dt-smart.com\/wp-content\/uploads\/2025\/06\/macbook-batteries-1360px-1-732x2048.jpg 732w, https:\/\/www.dt-smart.com\/wp-content\/uploads\/2025\/06\/macbook-batteries-1360px-1-4x12.jpg 4w, https:\/\/www.dt-smart.com\/wp-content\/uploads\/2025\/06\/macbook-batteries-1360px-1-1320x3693.jpg 1320w, https:\/\/www.dt-smart.com\/wp-content\/uploads\/2025\/06\/macbook-batteries-1360px-1-300x839.jpg 300w, https:\/\/www.dt-smart.com\/wp-content\/uploads\/2025\/06\/macbook-batteries-1360px-1-800x2238.jpg 800w, https:\/\/www.dt-smart.com\/wp-content\/uploads\/2025\/06\/macbook-batteries-1360px-1-150x420.jpg 150w\" sizes=\"(max-width: 915px) 100vw, 915px\" \/> <img decoding=\"async\" class=\"alignnone wp-image-15567\" src=\"https:\/\/www.insurepart.com\/wp-content\/uploads\/2024\/08\/\u4e3a\u4ec0\u4e48\u9009\u62e9\u6211\u4eec22.webp\" alt=\"\" width=\"915\" height=\"720\" srcset=\"https:\/\/www.dt-smart.com\/wp-content\/uploads\/2024\/08\/\u4e3a\u4ec0\u4e48\u9009\u62e9\u6211\u4eec22.webp 1000w, https:\/\/www.dt-smart.com\/wp-content\/uploads\/2024\/08\/\u4e3a\u4ec0\u4e48\u9009\u62e9\u6211\u4eec22-300x236.webp 300w, https:\/\/www.dt-smart.com\/wp-content\/uploads\/2024\/08\/\u4e3a\u4ec0\u4e48\u9009\u62e9\u6211\u4eec22-150x118.webp 150w, https:\/\/www.dt-smart.com\/wp-content\/uploads\/2024\/08\/\u4e3a\u4ec0\u4e48\u9009\u62e9\u6211\u4eec22-800x629.webp 800w, https:\/\/www.dt-smart.com\/wp-content\/uploads\/2024\/08\/\u4e3a\u4ec0\u4e48\u9009\u62e9\u6211\u4eec22-768x604.webp 768w, https:\/\/www.dt-smart.com\/wp-content\/uploads\/2024\/08\/\u4e3a\u4ec0\u4e48\u9009\u62e9\u6211\u4eec22-15x12.webp 15w\" sizes=\"(max-width: 915px) 100vw, 915px\" \/><\/p>","protected":false},"excerpt":{"rendered":"<p><span style=\"font-size: 10pt;\">Dies ist ein Ersatzakku f\u00fcr das MacBook Air 13-Modell.<\/span><br \/>\n<span style=\"font-size: 10pt;\">Ersetzen Sie den besch\u00e4digten und nicht funktionierenden Akku Ihres MacBook Air 13 durch diesen neuen Akku.<\/span><br \/>\n<span style=\"font-size: 10pt;\">Die Batterie k\u00f6nnte an einigen Schraublaschen abgebrochen sein, wird aber dennoch von weniger als allen Schrauben sicher gehalten.<\/span><br \/>\n<span style=\"font-size: 10pt;\">Im Vergleich zu anderen Akkus l\u00e4dt dieser Lithium-Ionen-Akku schneller, h\u00e4lt l\u00e4nger und hat eine h\u00f6here Energiedichte f\u00fcr eine l\u00e4ngere Akkulaufzeit bei gleichzeitig geringerem Gewicht.<\/span><br \/>\n<span style=\"font-size: 10pt;\">Alle Teile wurden getestet und funktionieren genauso wie beim Kauf Ihres MacBooks.<\/span><\/p>","protected":false},"featured_media":19307,"comment_status":"open","ping_status":"closed","template":"","meta":[],"product_brand":[],"product_cat":[152],"product_tag":[],"class_list":{"0":"post-19347","1":"product","2":"type-product","3":"status-publish","4":"has-post-thumbnail","6":"product_cat-macbook","8":"first","9":"instock","10":"taxable","11":"shipping-taxable","12":"purchasable","13":"product-type-simple"},"yoast_head":"<!-- This site is optimized with the Yoast SEO plugin v27.4 - https:\/\/yoast.com\/product\/yoast-seo-wordpress\/ -->\n<title>MacBook Air 13\u2033 Retina (A1932 2018-2019 &amp; A2179 2020) Battery Replacement - Compatible with A1965 Battery - Long-Lasting &amp; Lightweight - Quality Guaranteed - Fast Shipping - InsurePart<\/title>\n<meta name=\"description\" content=\"MacBook Air 13\u2033 Retina (A1932 2018-2019 &amp; A2179 2020) Battery Replacement - Compatible with A1965 Battery - Long-Lasting &amp; Lightweight - Quality Guaranteed - Fast Shipping\" \/>\n<meta name=\"robots\" content=\"index, follow, max-snippet:-1, max-image-preview:large, max-video-preview:-1\" \/>\n<link rel=\"canonical\" href=\"https:\/\/www.dt-smart.com\/de\/produkt\/battery-a1965-compatible-for-macbook-air-13-retina-a1932-late-2018-to-2019-a2179-early-2020\/\" \/>\n<meta property=\"og:locale\" content=\"de_DE\" \/>\n<meta property=\"og:type\" content=\"article\" \/>\n<meta property=\"og:title\" content=\"MacBook Air 13\u2033 Retina (A1932 2018-2019 &amp; A2179 2020) Battery Replacement - Compatible with A1965 Battery - Long-Lasting &amp; Lightweight - Quality Guaranteed - Fast Shipping - InsurePart\" \/>\n<meta property=\"og:description\" content=\"MacBook Air 13\u2033 Retina (A1932 2018-2019 &amp; A2179 2020) Battery Replacement - Compatible with A1965 Battery - Long-Lasting &amp; Lightweight - Quality Guaranteed - Fast Shipping\" \/>\n<meta property=\"og:url\" content=\"https:\/\/www.dt-smart.com\/de\/produkt\/battery-a1965-compatible-for-macbook-air-13-retina-a1932-late-2018-to-2019-a2179-early-2020\/\" \/>\n<meta property=\"og:site_name\" content=\"InsurePart\" \/>\n<meta property=\"article:publisher\" content=\"https:\/\/www.facebook.com\/anjinleeEva\" \/>\n<meta property=\"article:modified_time\" content=\"2026-02-28T06:27:24+00:00\" \/>\n<meta property=\"og:image\" content=\"https:\/\/www.dt-smart.com\/wp-content\/uploads\/2025\/06\/A1965\u4e3b.webp\" \/>\n\t<meta property=\"og:image:width\" content=\"800\" \/>\n\t<meta property=\"og:image:height\" content=\"800\" \/>\n\t<meta property=\"og:image:type\" content=\"image\/webp\" \/>\n<meta name=\"twitter:card\" content=\"summary_large_image\" \/>\n<meta name=\"twitter:label1\" content=\"Gesch\u00e4tzte Lesezeit\" \/>\n\t<meta name=\"twitter:data1\" content=\"1\u00a0Minute\" \/>\n<script type=\"application\/ld+json\" class=\"yoast-schema-graph\">{\"@context\":\"https:\\\/\\\/schema.org\",\"@graph\":[{\"@type\":\"WebPage\",\"@id\":\"https:\\\/\\\/www.dt-smart.com\\\/product\\\/battery-a1965-compatible-for-macbook-air-13-retina-a1932-late-2018-to-2019-a2179-early-2020\\\/\",\"url\":\"https:\\\/\\\/www.dt-smart.com\\\/product\\\/battery-a1965-compatible-for-macbook-air-13-retina-a1932-late-2018-to-2019-a2179-early-2020\\\/\",\"name\":\"MacBook Air 13\u2033 Retina (A1932 2018-2019 & A2179 2020) Battery Replacement - Compatible with A1965 Battery - Long-Lasting & Lightweight - Quality Guaranteed - Fast Shipping - InsurePart\",\"isPartOf\":{\"@id\":\"https:\\\/\\\/www.dt-smart.com\\\/#website\"},\"primaryImageOfPage\":{\"@id\":\"https:\\\/\\\/www.dt-smart.com\\\/product\\\/battery-a1965-compatible-for-macbook-air-13-retina-a1932-late-2018-to-2019-a2179-early-2020\\\/#primaryimage\"},\"image\":{\"@id\":\"https:\\\/\\\/www.dt-smart.com\\\/product\\\/battery-a1965-compatible-for-macbook-air-13-retina-a1932-late-2018-to-2019-a2179-early-2020\\\/#primaryimage\"},\"thumbnailUrl\":\"https:\\\/\\\/www.dt-smart.com\\\/wp-content\\\/uploads\\\/2025\\\/06\\\/A1965\u4e3b.webp\",\"datePublished\":\"2025-06-19T07:10:17+00:00\",\"dateModified\":\"2026-02-28T06:27:24+00:00\",\"description\":\"MacBook Air 13\u2033 Retina (A1932 2018-2019 & A2179 2020) Battery Replacement - Compatible with A1965 Battery - Long-Lasting & Lightweight - Quality Guaranteed - Fast Shipping\",\"breadcrumb\":{\"@id\":\"https:\\\/\\\/www.dt-smart.com\\\/product\\\/battery-a1965-compatible-for-macbook-air-13-retina-a1932-late-2018-to-2019-a2179-early-2020\\\/#breadcrumb\"},\"inLanguage\":\"de\",\"potentialAction\":[{\"@type\":\"ReadAction\",\"target\":[\"https:\\\/\\\/www.dt-smart.com\\\/product\\\/battery-a1965-compatible-for-macbook-air-13-retina-a1932-late-2018-to-2019-a2179-early-2020\\\/\"]}]},{\"@type\":\"ImageObject\",\"inLanguage\":\"de\",\"@id\":\"https:\\\/\\\/www.dt-smart.com\\\/product\\\/battery-a1965-compatible-for-macbook-air-13-retina-a1932-late-2018-to-2019-a2179-early-2020\\\/#primaryimage\",\"url\":\"https:\\\/\\\/www.dt-smart.com\\\/wp-content\\\/uploads\\\/2025\\\/06\\\/A1965\u4e3b.webp\",\"contentUrl\":\"https:\\\/\\\/www.dt-smart.com\\\/wp-content\\\/uploads\\\/2025\\\/06\\\/A1965\u4e3b.webp\",\"width\":800,\"height\":800},{\"@type\":\"BreadcrumbList\",\"@id\":\"https:\\\/\\\/www.dt-smart.com\\\/product\\\/battery-a1965-compatible-for-macbook-air-13-retina-a1932-late-2018-to-2019-a2179-early-2020\\\/#breadcrumb\",\"itemListElement\":[{\"@type\":\"ListItem\",\"position\":1,\"name\":\"Home\",\"item\":\"https:\\\/\\\/www.dt-smart.com\\\/\"},{\"@type\":\"ListItem\",\"position\":2,\"name\":\"Product\",\"item\":\"https:\\\/\\\/www.dt-smart.com\\\/ru\\\/product\\\/\"},{\"@type\":\"ListItem\",\"position\":3,\"name\":\"MacBook Air 13\u2033 Retina (A1932 2018-2019 &#038; A2179 2020) Battery Replacement &#8211; Compatible with A1965 Battery &#8211; Long-Lasting &#038; Lightweight &#8211; Quality Guaranteed &#8211; Fast Shipping\"}]},{\"@type\":\"WebSite\",\"@id\":\"https:\\\/\\\/www.dt-smart.com\\\/#website\",\"url\":\"https:\\\/\\\/www.dt-smart.com\\\/\",\"name\":\"InsurePart\",\"description\":\"Cell Phone Repair Parts; iPhone Parts Wholesale;Samsung Parts Supplier\",\"potentialAction\":[{\"@type\":\"SearchAction\",\"target\":{\"@type\":\"EntryPoint\",\"urlTemplate\":\"https:\\\/\\\/www.dt-smart.com\\\/?s={search_term_string}\"},\"query-input\":{\"@type\":\"PropertyValueSpecification\",\"valueRequired\":true,\"valueName\":\"search_term_string\"}}],\"inLanguage\":\"de\"}]}<\/script>\n<!-- \/ Yoast SEO plugin. -->","yoast_head_json":{"title":"MacBook Air 13\u2033 Retina (A1932 2018-2019 & A2179 2020) Battery Replacement - Compatible with A1965 Battery - Long-Lasting & Lightweight - Quality Guaranteed - Fast Shipping - InsurePart","description":"Akku-Ersatz f\u00fcr MacBook Air 13\u2033 Retina (A1932 2018\u20132019 &amp; A2179 2020) \u2013 Kompatibel mit Akku A1965 \u2013 Langlebig &amp; Leicht \u2013 Qualit\u00e4tsgarantie \u2013 Schneller Versand","robots":{"index":"index","follow":"follow","max-snippet":"max-snippet:-1","max-image-preview":"max-image-preview:large","max-video-preview":"max-video-preview:-1"},"canonical":"https:\/\/www.dt-smart.com\/de\/produkt\/battery-a1965-compatible-for-macbook-air-13-retina-a1932-late-2018-to-2019-a2179-early-2020\/","og_locale":"de_DE","og_type":"article","og_title":"MacBook Air 13\u2033 Retina (A1932 2018-2019 & A2179 2020) Battery Replacement - Compatible with A1965 Battery - Long-Lasting & Lightweight - Quality Guaranteed - Fast Shipping - InsurePart","og_description":"MacBook Air 13\u2033 Retina (A1932 2018-2019 & A2179 2020) Battery Replacement - Compatible with A1965 Battery - Long-Lasting & Lightweight - Quality Guaranteed - Fast Shipping","og_url":"https:\/\/www.dt-smart.com\/de\/produkt\/battery-a1965-compatible-for-macbook-air-13-retina-a1932-late-2018-to-2019-a2179-early-2020\/","og_site_name":"InsurePart","article_publisher":"https:\/\/www.facebook.com\/anjinleeEva","article_modified_time":"2026-02-28T06:27:24+00:00","og_image":[{"width":800,"height":800,"url":"https:\/\/www.dt-smart.com\/wp-content\/uploads\/2025\/06\/A1965\u4e3b.webp","type":"image\/webp"}],"twitter_card":"summary_large_image","twitter_misc":{"Gesch\u00e4tzte Lesezeit":"1\u00a0Minute"},"schema":{"@context":"https:\/\/schema.org","@graph":[{"@type":"WebPage","@id":"https:\/\/www.dt-smart.com\/product\/battery-a1965-compatible-for-macbook-air-13-retina-a1932-late-2018-to-2019-a2179-early-2020\/","url":"https:\/\/www.dt-smart.com\/product\/battery-a1965-compatible-for-macbook-air-13-retina-a1932-late-2018-to-2019-a2179-early-2020\/","name":"MacBook Air 13\u2033 Retina (A1932 2018-2019 & A2179 2020) Battery Replacement - Compatible with A1965 Battery - Long-Lasting & Lightweight - Quality Guaranteed - Fast Shipping - InsurePart","isPartOf":{"@id":"https:\/\/www.dt-smart.com\/#website"},"primaryImageOfPage":{"@id":"https:\/\/www.dt-smart.com\/product\/battery-a1965-compatible-for-macbook-air-13-retina-a1932-late-2018-to-2019-a2179-early-2020\/#primaryimage"},"image":{"@id":"https:\/\/www.dt-smart.com\/product\/battery-a1965-compatible-for-macbook-air-13-retina-a1932-late-2018-to-2019-a2179-early-2020\/#primaryimage"},"thumbnailUrl":"https:\/\/www.dt-smart.com\/wp-content\/uploads\/2025\/06\/A1965\u4e3b.webp","datePublished":"2025-06-19T07:10:17+00:00","dateModified":"2026-02-28T06:27:24+00:00","description":"Akku-Ersatz f\u00fcr MacBook Air 13\u2033 Retina (A1932 2018\u20132019 &amp; A2179 2020) \u2013 Kompatibel mit Akku A1965 \u2013 Langlebig &amp; Leicht \u2013 Qualit\u00e4tsgarantie \u2013 Schneller Versand","breadcrumb":{"@id":"https:\/\/www.dt-smart.com\/product\/battery-a1965-compatible-for-macbook-air-13-retina-a1932-late-2018-to-2019-a2179-early-2020\/#breadcrumb"},"inLanguage":"de","potentialAction":[{"@type":"ReadAction","target":["https:\/\/www.dt-smart.com\/product\/battery-a1965-compatible-for-macbook-air-13-retina-a1932-late-2018-to-2019-a2179-early-2020\/"]}]},{"@type":"ImageObject","inLanguage":"de","@id":"https:\/\/www.dt-smart.com\/product\/battery-a1965-compatible-for-macbook-air-13-retina-a1932-late-2018-to-2019-a2179-early-2020\/#primaryimage","url":"https:\/\/www.dt-smart.com\/wp-content\/uploads\/2025\/06\/A1965\u4e3b.webp","contentUrl":"https:\/\/www.dt-smart.com\/wp-content\/uploads\/2025\/06\/A1965\u4e3b.webp","width":800,"height":800},{"@type":"BreadcrumbList","@id":"https:\/\/www.dt-smart.com\/product\/battery-a1965-compatible-for-macbook-air-13-retina-a1932-late-2018-to-2019-a2179-early-2020\/#breadcrumb","itemListElement":[{"@type":"ListItem","position":1,"name":"Home","item":"https:\/\/www.dt-smart.com\/"},{"@type":"ListItem","position":2,"name":"Product","item":"https:\/\/www.dt-smart.com\/ru\/product\/"},{"@type":"ListItem","position":3,"name":"MacBook Air 13\u2033 Retina (A1932 2018-2019 &#038; A2179 2020) Battery Replacement &#8211; Compatible with A1965 Battery &#8211; Long-Lasting &#038; Lightweight &#8211; Quality Guaranteed &#8211; Fast Shipping"}]},{"@type":"WebSite","@id":"https:\/\/www.dt-smart.com\/#website","url":"https:\/\/www.dt-smart.com\/","name":"InsurePart","description":"Handy-Ersatzteile; iPhone-Ersatzteile im Gro\u00dfhandel; Samsung-Ersatzteillieferant","potentialAction":[{"@type":"SearchAction","target":{"@type":"EntryPoint","urlTemplate":"https:\/\/www.dt-smart.com\/?s={search_term_string}"},"query-input":{"@type":"PropertyValueSpecification","valueRequired":true,"valueName":"search_term_string"}}],"inLanguage":"de"}]}},"_links":{"self":[{"href":"https:\/\/www.dt-smart.com\/de\/wp-json\/wp\/v2\/product\/19347","targetHints":{"allow":["GET"]}}],"collection":[{"href":"https:\/\/www.dt-smart.com\/de\/wp-json\/wp\/v2\/product"}],"about":[{"href":"https:\/\/www.dt-smart.com\/de\/wp-json\/wp\/v2\/types\/product"}],"replies":[{"embeddable":true,"href":"https:\/\/www.dt-smart.com\/de\/wp-json\/wp\/v2\/comments?post=19347"}],"version-history":[{"count":3,"href":"https:\/\/www.dt-smart.com\/de\/wp-json\/wp\/v2\/product\/19347\/revisions"}],"predecessor-version":[{"id":24350,"href":"https:\/\/www.dt-smart.com\/de\/wp-json\/wp\/v2\/product\/19347\/revisions\/24350"}],"wp:featuredmedia":[{"embeddable":true,"href":"https:\/\/www.dt-smart.com\/de\/wp-json\/wp\/v2\/media\/19307"}],"wp:attachment":[{"href":"https:\/\/www.dt-smart.com\/de\/wp-json\/wp\/v2\/media?parent=19347"}],"wp:term":[{"taxonomy":"product_brand","embeddable":true,"href":"https:\/\/www.dt-smart.com\/de\/wp-json\/wp\/v2\/product_brand?post=19347"},{"taxonomy":"product_cat","embeddable":true,"href":"https:\/\/www.dt-smart.com\/de\/wp-json\/wp\/v2\/product_cat?post=19347"},{"taxonomy":"product_tag","embeddable":true,"href":"https:\/\/www.dt-smart.com\/de\/wp-json\/wp\/v2\/product_tag?post=19347"}],"curies":[{"name":"wp","href":"https:\/\/api.w.org\/{rel}","templated":true}]}}