{"id":19402,"date":"2025-06-20T16:53:08","date_gmt":"2025-06-20T08:53:08","guid":{"rendered":"https:\/\/www.insurepart.com\/?post_type=product&#038;p=19402"},"modified":"2026-01-13T16:36:03","modified_gmt":"2026-01-13T08:36:03","slug":"replacement-earpiece-flex-cable-for-iphone-16-pro-max-with-sensor-and-front-microphone","status":"publish","type":"product","link":"https:\/\/www.dt-smart.com\/de\/produkt\/replacement-earpiece-flex-cable-for-iphone-16-pro-max-with-sensor-and-front-microphone\/","title":{"rendered":"iPhone 16 Pro Max Ohrh\u00f6rer-Flexkabel \u2013 TrueDepth-Sensor &amp; Mikrofoneinheit, nahtlose OEM-Integration. Schneller Versand."},"content":{"rendered":"<p style=\"text-align: center;\"><img fetchpriority=\"high\" decoding=\"async\" class=\"alignnone size-full wp-image-15567\" src=\"https:\/\/www.insurepart.com\/wp-content\/uploads\/2024\/08\/\u4e3a\u4ec0\u4e48\u9009\u62e9\u6211\u4eec22.webp\" alt=\"\" width=\"1000\" height=\"786\" srcset=\"https:\/\/www.dt-smart.com\/wp-content\/uploads\/2024\/08\/\u4e3a\u4ec0\u4e48\u9009\u62e9\u6211\u4eec22.webp 1000w, https:\/\/www.dt-smart.com\/wp-content\/uploads\/2024\/08\/\u4e3a\u4ec0\u4e48\u9009\u62e9\u6211\u4eec22-300x236.webp 300w, https:\/\/www.dt-smart.com\/wp-content\/uploads\/2024\/08\/\u4e3a\u4ec0\u4e48\u9009\u62e9\u6211\u4eec22-150x118.webp 150w, https:\/\/www.dt-smart.com\/wp-content\/uploads\/2024\/08\/\u4e3a\u4ec0\u4e48\u9009\u62e9\u6211\u4eec22-800x629.webp 800w, https:\/\/www.dt-smart.com\/wp-content\/uploads\/2024\/08\/\u4e3a\u4ec0\u4e48\u9009\u62e9\u6211\u4eec22-768x604.webp 768w, https:\/\/www.dt-smart.com\/wp-content\/uploads\/2024\/08\/\u4e3a\u4ec0\u4e48\u9009\u62e9\u6211\u4eec22-15x12.webp 15w\" sizes=\"(max-width: 1000px) 100vw, 1000px\" \/><\/p>","protected":false},"excerpt":{"rendered":"<p><span style=\"font-size: 10pt;\">Dieses Flexkabel f\u00fcr den Ohrh\u00f6rer wurde speziell f\u00fcr das iPhone 16 Pro Max entwickelt und enth\u00e4lt die internen Komponenten f\u00fcr die Audioausgabe bei Anrufen an der Oberseite des Ger\u00e4ts. Das Kabel integriert die Kontaktfl\u00e4chen f\u00fcr den Ohrh\u00f6rerlautsprecher, das vordere Mikrofon, den Umgebungslichtsensor und die Anschl\u00fcsse f\u00fcr den N\u00e4herungssensor. Die Face-ID-Komponenten sind nicht enthalten und m\u00fcssen sorgf\u00e4ltig vom Original-Flexkabel \u00fcbernommen werden. Dieses Ersatzteil ist unerl\u00e4sslich, um die Funktionalit\u00e4t wiederherzustellen, falls der Ohrh\u00f6rer w\u00e4hrend eines Anrufs ausf\u00e4llt, sich der Bildschirm in Ohrn\u00e4he nicht ausschaltet oder das vordere Mikrofon nicht funktioniert. Es wurde vor dem Versand umfassend getestet und entspricht den OEM-Standards. Es ist ausschlie\u00dflich f\u00fcr den professionellen Einsatz bestimmt. Geeignetes Werkzeug und Fachkenntnisse f\u00fcr die Demontage und Montage sind erforderlich.<\/span><\/p>","protected":false},"featured_media":19376,"comment_status":"open","ping_status":"closed","template":"","meta":[],"product_brand":[],"product_cat":[42,1352],"product_tag":[],"class_list":{"0":"post-19402","1":"product","2":"type-product","3":"status-publish","4":"has-post-thumbnail","6":"product_cat-iphone","7":"product_cat-iphone-16-pro-max","9":"first","10":"instock","11":"taxable","12":"shipping-taxable","13":"purchasable","14":"product-type-simple"},"yoast_head":"<!-- This site is optimized with the Yoast SEO plugin v27.4 - https:\/\/yoast.com\/product\/yoast-seo-wordpress\/ -->\n<title>iPhone 16 Pro Max Earpiece Flex Cable - TrueDepth Sensor &amp; Mic Assembly, Seamless OEM Integration. Fast Shipping - InsurePart<\/title>\n<meta name=\"description\" content=\"iPhone 16 Pro Max Earpiece Flex Cable - TrueDepth Sensor &amp; Mic Assembly, Seamless OEM Integration. Fast Shipping\" \/>\n<meta name=\"robots\" content=\"index, follow, max-snippet:-1, max-image-preview:large, max-video-preview:-1\" \/>\n<link rel=\"canonical\" href=\"https:\/\/www.dt-smart.com\/de\/produkt\/replacement-earpiece-flex-cable-for-iphone-16-pro-max-with-sensor-and-front-microphone\/\" \/>\n<meta property=\"og:locale\" content=\"de_DE\" \/>\n<meta property=\"og:type\" content=\"article\" \/>\n<meta property=\"og:title\" content=\"iPhone 16 Pro Max Earpiece Flex Cable - TrueDepth Sensor &amp; Mic Assembly, Seamless OEM Integration. Fast Shipping - InsurePart\" \/>\n<meta property=\"og:description\" content=\"iPhone 16 Pro Max Earpiece Flex Cable - TrueDepth Sensor &amp; Mic Assembly, Seamless OEM Integration. Fast Shipping\" \/>\n<meta property=\"og:url\" content=\"https:\/\/www.dt-smart.com\/de\/produkt\/replacement-earpiece-flex-cable-for-iphone-16-pro-max-with-sensor-and-front-microphone\/\" \/>\n<meta property=\"og:site_name\" content=\"InsurePart\" \/>\n<meta property=\"article:publisher\" content=\"https:\/\/www.facebook.com\/anjinleeEva\" \/>\n<meta property=\"article:modified_time\" content=\"2026-01-13T08:36:03+00:00\" \/>\n<meta property=\"og:image\" content=\"https:\/\/www.dt-smart.com\/wp-content\/uploads\/2025\/06\/16PM\u542c\u7b52\u6392\u7ebf.webp\" \/>\n\t<meta property=\"og:image:width\" content=\"800\" \/>\n\t<meta property=\"og:image:height\" content=\"800\" \/>\n\t<meta property=\"og:image:type\" content=\"image\/webp\" \/>\n<meta name=\"twitter:card\" content=\"summary_large_image\" \/>\n<meta name=\"twitter:label1\" content=\"Gesch\u00e4tzte Lesezeit\" \/>\n\t<meta name=\"twitter:data1\" content=\"1\u00a0Minute\" \/>\n<script type=\"application\/ld+json\" class=\"yoast-schema-graph\">{\"@context\":\"https:\\\/\\\/schema.org\",\"@graph\":[{\"@type\":\"WebPage\",\"@id\":\"https:\\\/\\\/www.dt-smart.com\\\/ja\\\/product\\\/replacement-earpiece-flex-cable-for-iphone-16-pro-max-with-sensor-and-front-microphone\\\/\",\"url\":\"https:\\\/\\\/www.dt-smart.com\\\/ja\\\/product\\\/replacement-earpiece-flex-cable-for-iphone-16-pro-max-with-sensor-and-front-microphone\\\/\",\"name\":\"iPhone 16 Pro Max Earpiece Flex Cable - TrueDepth Sensor & Mic Assembly, Seamless OEM Integration. Fast Shipping - InsurePart\",\"isPartOf\":{\"@id\":\"https:\\\/\\\/www.dt-smart.com\\\/#website\"},\"primaryImageOfPage\":{\"@id\":\"https:\\\/\\\/www.dt-smart.com\\\/ja\\\/product\\\/replacement-earpiece-flex-cable-for-iphone-16-pro-max-with-sensor-and-front-microphone\\\/#primaryimage\"},\"image\":{\"@id\":\"https:\\\/\\\/www.dt-smart.com\\\/ja\\\/product\\\/replacement-earpiece-flex-cable-for-iphone-16-pro-max-with-sensor-and-front-microphone\\\/#primaryimage\"},\"thumbnailUrl\":\"https:\\\/\\\/www.dt-smart.com\\\/wp-content\\\/uploads\\\/2025\\\/06\\\/16PM\u542c\u7b52\u6392\u7ebf.webp\",\"datePublished\":\"2025-06-20T08:53:08+00:00\",\"dateModified\":\"2026-01-13T08:36:03+00:00\",\"description\":\"iPhone 16 Pro Max Earpiece Flex Cable - TrueDepth Sensor & Mic Assembly, Seamless OEM Integration. Fast Shipping\",\"breadcrumb\":{\"@id\":\"https:\\\/\\\/www.dt-smart.com\\\/ja\\\/product\\\/replacement-earpiece-flex-cable-for-iphone-16-pro-max-with-sensor-and-front-microphone\\\/#breadcrumb\"},\"inLanguage\":\"de\",\"potentialAction\":[{\"@type\":\"ReadAction\",\"target\":[\"https:\\\/\\\/www.dt-smart.com\\\/ja\\\/product\\\/replacement-earpiece-flex-cable-for-iphone-16-pro-max-with-sensor-and-front-microphone\\\/\"]}]},{\"@type\":\"ImageObject\",\"inLanguage\":\"de\",\"@id\":\"https:\\\/\\\/www.dt-smart.com\\\/ja\\\/product\\\/replacement-earpiece-flex-cable-for-iphone-16-pro-max-with-sensor-and-front-microphone\\\/#primaryimage\",\"url\":\"https:\\\/\\\/www.dt-smart.com\\\/wp-content\\\/uploads\\\/2025\\\/06\\\/16PM\u542c\u7b52\u6392\u7ebf.webp\",\"contentUrl\":\"https:\\\/\\\/www.dt-smart.com\\\/wp-content\\\/uploads\\\/2025\\\/06\\\/16PM\u542c\u7b52\u6392\u7ebf.webp\",\"width\":800,\"height\":800},{\"@type\":\"BreadcrumbList\",\"@id\":\"https:\\\/\\\/www.dt-smart.com\\\/ja\\\/product\\\/replacement-earpiece-flex-cable-for-iphone-16-pro-max-with-sensor-and-front-microphone\\\/#breadcrumb\",\"itemListElement\":[{\"@type\":\"ListItem\",\"position\":1,\"name\":\"Home\",\"item\":\"https:\\\/\\\/www.dt-smart.com\\\/\"},{\"@type\":\"ListItem\",\"position\":2,\"name\":\"Product\",\"item\":\"https:\\\/\\\/www.dt-smart.com\\\/ru\\\/product\\\/\"},{\"@type\":\"ListItem\",\"position\":3,\"name\":\"iPhone 16 Pro Max Earpiece Flex Cable &#8211; TrueDepth Sensor &#038; Mic Assembly, Seamless OEM Integration. Fast Shipping\"}]},{\"@type\":\"WebSite\",\"@id\":\"https:\\\/\\\/www.dt-smart.com\\\/#website\",\"url\":\"https:\\\/\\\/www.dt-smart.com\\\/\",\"name\":\"InsurePart\",\"description\":\"Cell Phone Repair Parts; iPhone Parts Wholesale;Samsung Parts Supplier\",\"potentialAction\":[{\"@type\":\"SearchAction\",\"target\":{\"@type\":\"EntryPoint\",\"urlTemplate\":\"https:\\\/\\\/www.dt-smart.com\\\/?s={search_term_string}\"},\"query-input\":{\"@type\":\"PropertyValueSpecification\",\"valueRequired\":true,\"valueName\":\"search_term_string\"}}],\"inLanguage\":\"de\"}]}<\/script>\n<!-- \/ Yoast SEO plugin. -->","yoast_head_json":{"title":"iPhone 16 Pro Max Earpiece Flex Cable - TrueDepth Sensor & Mic Assembly, Seamless OEM Integration. Fast Shipping - InsurePart","description":"iPhone 16 Pro Max Ohrh\u00f6rer-Flexkabel \u2013 TrueDepth-Sensor und Mikrofoneinheit, nahtlose OEM-Integration. Schneller Versand.","robots":{"index":"index","follow":"follow","max-snippet":"max-snippet:-1","max-image-preview":"max-image-preview:large","max-video-preview":"max-video-preview:-1"},"canonical":"https:\/\/www.dt-smart.com\/de\/produkt\/replacement-earpiece-flex-cable-for-iphone-16-pro-max-with-sensor-and-front-microphone\/","og_locale":"de_DE","og_type":"article","og_title":"iPhone 16 Pro Max Earpiece Flex Cable - TrueDepth Sensor & Mic Assembly, Seamless OEM Integration. Fast Shipping - InsurePart","og_description":"iPhone 16 Pro Max Earpiece Flex Cable - TrueDepth Sensor & Mic Assembly, Seamless OEM Integration. Fast Shipping","og_url":"https:\/\/www.dt-smart.com\/de\/produkt\/replacement-earpiece-flex-cable-for-iphone-16-pro-max-with-sensor-and-front-microphone\/","og_site_name":"InsurePart","article_publisher":"https:\/\/www.facebook.com\/anjinleeEva","article_modified_time":"2026-01-13T08:36:03+00:00","og_image":[{"width":800,"height":800,"url":"https:\/\/www.dt-smart.com\/wp-content\/uploads\/2025\/06\/16PM\u542c\u7b52\u6392\u7ebf.webp","type":"image\/webp"}],"twitter_card":"summary_large_image","twitter_misc":{"Gesch\u00e4tzte Lesezeit":"1\u00a0Minute"},"schema":{"@context":"https:\/\/schema.org","@graph":[{"@type":"WebPage","@id":"https:\/\/www.dt-smart.com\/ja\/product\/replacement-earpiece-flex-cable-for-iphone-16-pro-max-with-sensor-and-front-microphone\/","url":"https:\/\/www.dt-smart.com\/ja\/product\/replacement-earpiece-flex-cable-for-iphone-16-pro-max-with-sensor-and-front-microphone\/","name":"iPhone 16 Pro Max Earpiece Flex Cable - TrueDepth Sensor & Mic Assembly, Seamless OEM Integration. Fast Shipping - InsurePart","isPartOf":{"@id":"https:\/\/www.dt-smart.com\/#website"},"primaryImageOfPage":{"@id":"https:\/\/www.dt-smart.com\/ja\/product\/replacement-earpiece-flex-cable-for-iphone-16-pro-max-with-sensor-and-front-microphone\/#primaryimage"},"image":{"@id":"https:\/\/www.dt-smart.com\/ja\/product\/replacement-earpiece-flex-cable-for-iphone-16-pro-max-with-sensor-and-front-microphone\/#primaryimage"},"thumbnailUrl":"https:\/\/www.dt-smart.com\/wp-content\/uploads\/2025\/06\/16PM\u542c\u7b52\u6392\u7ebf.webp","datePublished":"2025-06-20T08:53:08+00:00","dateModified":"2026-01-13T08:36:03+00:00","description":"iPhone 16 Pro Max Ohrh\u00f6rer-Flexkabel \u2013 TrueDepth-Sensor und Mikrofoneinheit, nahtlose OEM-Integration. Schneller Versand.","breadcrumb":{"@id":"https:\/\/www.dt-smart.com\/ja\/product\/replacement-earpiece-flex-cable-for-iphone-16-pro-max-with-sensor-and-front-microphone\/#breadcrumb"},"inLanguage":"de","potentialAction":[{"@type":"ReadAction","target":["https:\/\/www.dt-smart.com\/ja\/product\/replacement-earpiece-flex-cable-for-iphone-16-pro-max-with-sensor-and-front-microphone\/"]}]},{"@type":"ImageObject","inLanguage":"de","@id":"https:\/\/www.dt-smart.com\/ja\/product\/replacement-earpiece-flex-cable-for-iphone-16-pro-max-with-sensor-and-front-microphone\/#primaryimage","url":"https:\/\/www.dt-smart.com\/wp-content\/uploads\/2025\/06\/16PM\u542c\u7b52\u6392\u7ebf.webp","contentUrl":"https:\/\/www.dt-smart.com\/wp-content\/uploads\/2025\/06\/16PM\u542c\u7b52\u6392\u7ebf.webp","width":800,"height":800},{"@type":"BreadcrumbList","@id":"https:\/\/www.dt-smart.com\/ja\/product\/replacement-earpiece-flex-cable-for-iphone-16-pro-max-with-sensor-and-front-microphone\/#breadcrumb","itemListElement":[{"@type":"ListItem","position":1,"name":"Home","item":"https:\/\/www.dt-smart.com\/"},{"@type":"ListItem","position":2,"name":"Product","item":"https:\/\/www.dt-smart.com\/ru\/product\/"},{"@type":"ListItem","position":3,"name":"iPhone 16 Pro Max Earpiece Flex Cable &#8211; TrueDepth Sensor &#038; Mic Assembly, Seamless OEM Integration. Fast Shipping"}]},{"@type":"WebSite","@id":"https:\/\/www.dt-smart.com\/#website","url":"https:\/\/www.dt-smart.com\/","name":"InsurePart","description":"Handy-Ersatzteile; iPhone-Ersatzteile im Gro\u00dfhandel; Samsung-Ersatzteillieferant","potentialAction":[{"@type":"SearchAction","target":{"@type":"EntryPoint","urlTemplate":"https:\/\/www.dt-smart.com\/?s={search_term_string}"},"query-input":{"@type":"PropertyValueSpecification","valueRequired":true,"valueName":"search_term_string"}}],"inLanguage":"de"}]}},"_links":{"self":[{"href":"https:\/\/www.dt-smart.com\/de\/wp-json\/wp\/v2\/product\/19402","targetHints":{"allow":["GET"]}}],"collection":[{"href":"https:\/\/www.dt-smart.com\/de\/wp-json\/wp\/v2\/product"}],"about":[{"href":"https:\/\/www.dt-smart.com\/de\/wp-json\/wp\/v2\/types\/product"}],"replies":[{"embeddable":true,"href":"https:\/\/www.dt-smart.com\/de\/wp-json\/wp\/v2\/comments?post=19402"}],"version-history":[{"count":3,"href":"https:\/\/www.dt-smart.com\/de\/wp-json\/wp\/v2\/product\/19402\/revisions"}],"predecessor-version":[{"id":24802,"href":"https:\/\/www.dt-smart.com\/de\/wp-json\/wp\/v2\/product\/19402\/revisions\/24802"}],"wp:featuredmedia":[{"embeddable":true,"href":"https:\/\/www.dt-smart.com\/de\/wp-json\/wp\/v2\/media\/19376"}],"wp:attachment":[{"href":"https:\/\/www.dt-smart.com\/de\/wp-json\/wp\/v2\/media?parent=19402"}],"wp:term":[{"taxonomy":"product_brand","embeddable":true,"href":"https:\/\/www.dt-smart.com\/de\/wp-json\/wp\/v2\/product_brand?post=19402"},{"taxonomy":"product_cat","embeddable":true,"href":"https:\/\/www.dt-smart.com\/de\/wp-json\/wp\/v2\/product_cat?post=19402"},{"taxonomy":"product_tag","embeddable":true,"href":"https:\/\/www.dt-smart.com\/de\/wp-json\/wp\/v2\/product_tag?post=19402"}],"curies":[{"name":"wp","href":"https:\/\/api.w.org\/{rel}","templated":true}]}}