{"id":19409,"date":"2025-06-20T17:15:40","date_gmt":"2025-06-20T09:15:40","guid":{"rendered":"https:\/\/www.insurepart.com\/?post_type=product&#038;p=19409"},"modified":"2026-01-13T16:33:25","modified_gmt":"2026-01-13T08:33:25","slug":"professional-earpiece-flex-cable-for-iphone-15-pro-with-front-mic-and-sensor-contacts","status":"publish","type":"product","link":"https:\/\/www.dt-smart.com\/de\/produkt\/professional-earpiece-flex-cable-for-iphone-15-pro-with-front-mic-and-sensor-contacts\/","title":{"rendered":"iPhone 15 Pro Ohrh\u00f6rer-Flexkabel \u2013 Frontmikrofon &amp; N\u00e4herungssensor-Array, OEM-konforme Integration. Schneller Versand."},"content":{"rendered":"<p style=\"text-align: center;\"><img fetchpriority=\"high\" decoding=\"async\" class=\"alignnone size-full wp-image-15567\" src=\"https:\/\/www.insurepart.com\/wp-content\/uploads\/2024\/08\/\u4e3a\u4ec0\u4e48\u9009\u62e9\u6211\u4eec22.webp\" alt=\"\" width=\"1000\" height=\"786\" srcset=\"https:\/\/www.dt-smart.com\/wp-content\/uploads\/2024\/08\/\u4e3a\u4ec0\u4e48\u9009\u62e9\u6211\u4eec22.webp 1000w, https:\/\/www.dt-smart.com\/wp-content\/uploads\/2024\/08\/\u4e3a\u4ec0\u4e48\u9009\u62e9\u6211\u4eec22-300x236.webp 300w, https:\/\/www.dt-smart.com\/wp-content\/uploads\/2024\/08\/\u4e3a\u4ec0\u4e48\u9009\u62e9\u6211\u4eec22-150x118.webp 150w, https:\/\/www.dt-smart.com\/wp-content\/uploads\/2024\/08\/\u4e3a\u4ec0\u4e48\u9009\u62e9\u6211\u4eec22-800x629.webp 800w, https:\/\/www.dt-smart.com\/wp-content\/uploads\/2024\/08\/\u4e3a\u4ec0\u4e48\u9009\u62e9\u6211\u4eec22-768x604.webp 768w, https:\/\/www.dt-smart.com\/wp-content\/uploads\/2024\/08\/\u4e3a\u4ec0\u4e48\u9009\u62e9\u6211\u4eec22-15x12.webp 15w\" sizes=\"(max-width: 1000px) 100vw, 1000px\" \/><\/p>","protected":false},"excerpt":{"rendered":"<p><span style=\"font-size: 10pt;\">Dieses interne Flexkabel f\u00fcr das iPhone 15 Pro verbindet den oberen Ohrh\u00f6rerlautsprecher, das nach vorne gerichtete Mikrofon und den N\u00e4herungssensor. Es ist entscheidend f\u00fcr klare Sprachqualit\u00e4t bei Anrufen und die korrekte Reaktion des Bildschirms auf Gesichtserkennung w\u00e4hrend des Gespr\u00e4chs. Face ID-Module sind nicht enthalten. Ideal f\u00fcr Reparaturen nach Fl\u00fcssigkeitssch\u00e4den oder Kabeldefekten durch St\u00fcrze. Nicht f\u00fcr unerfahrene Benutzer empfohlen. Jedes Kabel wird professionell auf Signalst\u00e4rke und Widerstandswerte gepr\u00fcft, um eine zuverl\u00e4ssige Verbindung bei Reparaturen zu gew\u00e4hrleisten.<\/span><\/p>","protected":false},"featured_media":19382,"comment_status":"open","ping_status":"closed","template":"","meta":[],"product_brand":[],"product_cat":[42,53],"product_tag":[],"class_list":{"0":"post-19409","1":"product","2":"type-product","3":"status-publish","4":"has-post-thumbnail","6":"product_cat-iphone","7":"product_cat-iphone-15-pro","9":"first","10":"instock","11":"taxable","12":"shipping-taxable","13":"purchasable","14":"product-type-simple"},"yoast_head":"<!-- This site is optimized with the Yoast SEO plugin v27.4 - https:\/\/yoast.com\/product\/yoast-seo-wordpress\/ -->\n<title>iPhone 15 Pro Earpiece Flex Cable - Front Mic &amp; Proximity Sensor Array, OEM-Spec Integration. Fast Shipping - InsurePart<\/title>\n<meta name=\"description\" content=\"iPhone 15 Pro Earpiece Flex Cable - Front Mic &amp; Proximity Sensor Array, OEM-Spec Integration. Fast Shipping\" \/>\n<meta name=\"robots\" content=\"index, follow, max-snippet:-1, max-image-preview:large, max-video-preview:-1\" \/>\n<link rel=\"canonical\" href=\"https:\/\/www.dt-smart.com\/de\/producto\/professional-earpiece-flex-cable-for-iphone-15-pro-with-front-mic-and-sensor-contacts\/\" \/>\n<meta property=\"og:locale\" content=\"de_DE\" \/>\n<meta property=\"og:type\" content=\"article\" \/>\n<meta property=\"og:title\" content=\"iPhone 15 Pro Earpiece Flex Cable - Front Mic &amp; Proximity Sensor Array, OEM-Spec Integration. Fast Shipping - InsurePart\" \/>\n<meta property=\"og:description\" content=\"iPhone 15 Pro Earpiece Flex Cable - Front Mic &amp; Proximity Sensor Array, OEM-Spec Integration. Fast Shipping\" \/>\n<meta property=\"og:url\" content=\"https:\/\/www.dt-smart.com\/de\/producto\/professional-earpiece-flex-cable-for-iphone-15-pro-with-front-mic-and-sensor-contacts\/\" \/>\n<meta property=\"og:site_name\" content=\"InsurePart\" \/>\n<meta property=\"article:publisher\" content=\"https:\/\/www.facebook.com\/anjinleeEva\" \/>\n<meta property=\"article:modified_time\" content=\"2026-01-13T08:33:25+00:00\" \/>\n<meta property=\"og:image\" content=\"https:\/\/www.dt-smart.com\/wp-content\/uploads\/2025\/06\/15Pro.webp\" \/>\n\t<meta property=\"og:image:width\" content=\"800\" \/>\n\t<meta property=\"og:image:height\" content=\"800\" \/>\n\t<meta property=\"og:image:type\" content=\"image\/webp\" \/>\n<meta name=\"twitter:card\" content=\"summary_large_image\" \/>\n<meta name=\"twitter:label1\" content=\"Gesch\u00e4tzte Lesezeit\" \/>\n\t<meta name=\"twitter:data1\" content=\"1\u00a0Minute\" \/>\n<script type=\"application\/ld+json\" class=\"yoast-schema-graph\">{\"@context\":\"https:\\\/\\\/schema.org\",\"@graph\":[{\"@type\":\"WebPage\",\"@id\":\"https:\\\/\\\/www.dt-smart.com\\\/es\\\/producto\\\/professional-earpiece-flex-cable-for-iphone-15-pro-with-front-mic-and-sensor-contacts\\\/\",\"url\":\"https:\\\/\\\/www.dt-smart.com\\\/es\\\/producto\\\/professional-earpiece-flex-cable-for-iphone-15-pro-with-front-mic-and-sensor-contacts\\\/\",\"name\":\"iPhone 15 Pro Earpiece Flex Cable - Front Mic & Proximity Sensor Array, OEM-Spec Integration. Fast Shipping - InsurePart\",\"isPartOf\":{\"@id\":\"https:\\\/\\\/www.dt-smart.com\\\/#website\"},\"primaryImageOfPage\":{\"@id\":\"https:\\\/\\\/www.dt-smart.com\\\/es\\\/producto\\\/professional-earpiece-flex-cable-for-iphone-15-pro-with-front-mic-and-sensor-contacts\\\/#primaryimage\"},\"image\":{\"@id\":\"https:\\\/\\\/www.dt-smart.com\\\/es\\\/producto\\\/professional-earpiece-flex-cable-for-iphone-15-pro-with-front-mic-and-sensor-contacts\\\/#primaryimage\"},\"thumbnailUrl\":\"https:\\\/\\\/www.dt-smart.com\\\/wp-content\\\/uploads\\\/2025\\\/06\\\/15Pro.webp\",\"datePublished\":\"2025-06-20T09:15:40+00:00\",\"dateModified\":\"2026-01-13T08:33:25+00:00\",\"description\":\"iPhone 15 Pro Earpiece Flex Cable - Front Mic & Proximity Sensor Array, OEM-Spec Integration. Fast Shipping\",\"breadcrumb\":{\"@id\":\"https:\\\/\\\/www.dt-smart.com\\\/es\\\/producto\\\/professional-earpiece-flex-cable-for-iphone-15-pro-with-front-mic-and-sensor-contacts\\\/#breadcrumb\"},\"inLanguage\":\"de\",\"potentialAction\":[{\"@type\":\"ReadAction\",\"target\":[\"https:\\\/\\\/www.dt-smart.com\\\/es\\\/producto\\\/professional-earpiece-flex-cable-for-iphone-15-pro-with-front-mic-and-sensor-contacts\\\/\"]}]},{\"@type\":\"ImageObject\",\"inLanguage\":\"de\",\"@id\":\"https:\\\/\\\/www.dt-smart.com\\\/es\\\/producto\\\/professional-earpiece-flex-cable-for-iphone-15-pro-with-front-mic-and-sensor-contacts\\\/#primaryimage\",\"url\":\"https:\\\/\\\/www.dt-smart.com\\\/wp-content\\\/uploads\\\/2025\\\/06\\\/15Pro.webp\",\"contentUrl\":\"https:\\\/\\\/www.dt-smart.com\\\/wp-content\\\/uploads\\\/2025\\\/06\\\/15Pro.webp\",\"width\":800,\"height\":800},{\"@type\":\"BreadcrumbList\",\"@id\":\"https:\\\/\\\/www.dt-smart.com\\\/es\\\/producto\\\/professional-earpiece-flex-cable-for-iphone-15-pro-with-front-mic-and-sensor-contacts\\\/#breadcrumb\",\"itemListElement\":[{\"@type\":\"ListItem\",\"position\":1,\"name\":\"Home\",\"item\":\"https:\\\/\\\/www.dt-smart.com\\\/\"},{\"@type\":\"ListItem\",\"position\":2,\"name\":\"Product\",\"item\":\"https:\\\/\\\/www.dt-smart.com\\\/ru\\\/product\\\/\"},{\"@type\":\"ListItem\",\"position\":3,\"name\":\"iPhone 15 Pro Earpiece Flex Cable &#8211; Front Mic &#038; Proximity Sensor Array, OEM-Spec Integration. Fast Shipping\"}]},{\"@type\":\"WebSite\",\"@id\":\"https:\\\/\\\/www.dt-smart.com\\\/#website\",\"url\":\"https:\\\/\\\/www.dt-smart.com\\\/\",\"name\":\"InsurePart\",\"description\":\"Cell Phone Repair Parts; iPhone Parts Wholesale;Samsung Parts Supplier\",\"potentialAction\":[{\"@type\":\"SearchAction\",\"target\":{\"@type\":\"EntryPoint\",\"urlTemplate\":\"https:\\\/\\\/www.dt-smart.com\\\/?s={search_term_string}\"},\"query-input\":{\"@type\":\"PropertyValueSpecification\",\"valueRequired\":true,\"valueName\":\"search_term_string\"}}],\"inLanguage\":\"de\"}]}<\/script>\n<!-- \/ Yoast SEO plugin. -->","yoast_head_json":{"title":"iPhone 15 Pro Earpiece Flex Cable - Front Mic & Proximity Sensor Array, OEM-Spec Integration. Fast Shipping - InsurePart","description":"iPhone 15 Pro Ohrh\u00f6rer-Flexkabel \u2013 Frontmikrofon und N\u00e4herungssensor, OEM-konforme Integration. Schneller Versand.","robots":{"index":"index","follow":"follow","max-snippet":"max-snippet:-1","max-image-preview":"max-image-preview:large","max-video-preview":"max-video-preview:-1"},"canonical":"https:\/\/www.dt-smart.com\/de\/producto\/professional-earpiece-flex-cable-for-iphone-15-pro-with-front-mic-and-sensor-contacts\/","og_locale":"de_DE","og_type":"article","og_title":"iPhone 15 Pro Earpiece Flex Cable - Front Mic & Proximity Sensor Array, OEM-Spec Integration. Fast Shipping - InsurePart","og_description":"iPhone 15 Pro Earpiece Flex Cable - Front Mic & Proximity Sensor Array, OEM-Spec Integration. Fast Shipping","og_url":"https:\/\/www.dt-smart.com\/de\/producto\/professional-earpiece-flex-cable-for-iphone-15-pro-with-front-mic-and-sensor-contacts\/","og_site_name":"InsurePart","article_publisher":"https:\/\/www.facebook.com\/anjinleeEva","article_modified_time":"2026-01-13T08:33:25+00:00","og_image":[{"width":800,"height":800,"url":"https:\/\/www.dt-smart.com\/wp-content\/uploads\/2025\/06\/15Pro.webp","type":"image\/webp"}],"twitter_card":"summary_large_image","twitter_misc":{"Gesch\u00e4tzte Lesezeit":"1\u00a0Minute"},"schema":{"@context":"https:\/\/schema.org","@graph":[{"@type":"WebPage","@id":"https:\/\/www.dt-smart.com\/es\/producto\/professional-earpiece-flex-cable-for-iphone-15-pro-with-front-mic-and-sensor-contacts\/","url":"https:\/\/www.dt-smart.com\/es\/producto\/professional-earpiece-flex-cable-for-iphone-15-pro-with-front-mic-and-sensor-contacts\/","name":"iPhone 15 Pro Earpiece Flex Cable - Front Mic & Proximity Sensor Array, OEM-Spec Integration. Fast Shipping - InsurePart","isPartOf":{"@id":"https:\/\/www.dt-smart.com\/#website"},"primaryImageOfPage":{"@id":"https:\/\/www.dt-smart.com\/es\/producto\/professional-earpiece-flex-cable-for-iphone-15-pro-with-front-mic-and-sensor-contacts\/#primaryimage"},"image":{"@id":"https:\/\/www.dt-smart.com\/es\/producto\/professional-earpiece-flex-cable-for-iphone-15-pro-with-front-mic-and-sensor-contacts\/#primaryimage"},"thumbnailUrl":"https:\/\/www.dt-smart.com\/wp-content\/uploads\/2025\/06\/15Pro.webp","datePublished":"2025-06-20T09:15:40+00:00","dateModified":"2026-01-13T08:33:25+00:00","description":"iPhone 15 Pro Ohrh\u00f6rer-Flexkabel \u2013 Frontmikrofon und N\u00e4herungssensor, OEM-konforme Integration. Schneller Versand.","breadcrumb":{"@id":"https:\/\/www.dt-smart.com\/es\/producto\/professional-earpiece-flex-cable-for-iphone-15-pro-with-front-mic-and-sensor-contacts\/#breadcrumb"},"inLanguage":"de","potentialAction":[{"@type":"ReadAction","target":["https:\/\/www.dt-smart.com\/es\/producto\/professional-earpiece-flex-cable-for-iphone-15-pro-with-front-mic-and-sensor-contacts\/"]}]},{"@type":"ImageObject","inLanguage":"de","@id":"https:\/\/www.dt-smart.com\/es\/producto\/professional-earpiece-flex-cable-for-iphone-15-pro-with-front-mic-and-sensor-contacts\/#primaryimage","url":"https:\/\/www.dt-smart.com\/wp-content\/uploads\/2025\/06\/15Pro.webp","contentUrl":"https:\/\/www.dt-smart.com\/wp-content\/uploads\/2025\/06\/15Pro.webp","width":800,"height":800},{"@type":"BreadcrumbList","@id":"https:\/\/www.dt-smart.com\/es\/producto\/professional-earpiece-flex-cable-for-iphone-15-pro-with-front-mic-and-sensor-contacts\/#breadcrumb","itemListElement":[{"@type":"ListItem","position":1,"name":"Home","item":"https:\/\/www.dt-smart.com\/"},{"@type":"ListItem","position":2,"name":"Product","item":"https:\/\/www.dt-smart.com\/ru\/product\/"},{"@type":"ListItem","position":3,"name":"iPhone 15 Pro Earpiece Flex Cable &#8211; Front Mic &#038; Proximity Sensor Array, OEM-Spec Integration. Fast Shipping"}]},{"@type":"WebSite","@id":"https:\/\/www.dt-smart.com\/#website","url":"https:\/\/www.dt-smart.com\/","name":"InsurePart","description":"Handy-Ersatzteile; iPhone-Ersatzteile im Gro\u00dfhandel; Samsung-Ersatzteillieferant","potentialAction":[{"@type":"SearchAction","target":{"@type":"EntryPoint","urlTemplate":"https:\/\/www.dt-smart.com\/?s={search_term_string}"},"query-input":{"@type":"PropertyValueSpecification","valueRequired":true,"valueName":"search_term_string"}}],"inLanguage":"de"}]}},"_links":{"self":[{"href":"https:\/\/www.dt-smart.com\/de\/wp-json\/wp\/v2\/product\/19409","targetHints":{"allow":["GET"]}}],"collection":[{"href":"https:\/\/www.dt-smart.com\/de\/wp-json\/wp\/v2\/product"}],"about":[{"href":"https:\/\/www.dt-smart.com\/de\/wp-json\/wp\/v2\/types\/product"}],"replies":[{"embeddable":true,"href":"https:\/\/www.dt-smart.com\/de\/wp-json\/wp\/v2\/comments?post=19409"}],"version-history":[{"count":3,"href":"https:\/\/www.dt-smart.com\/de\/wp-json\/wp\/v2\/product\/19409\/revisions"}],"predecessor-version":[{"id":24798,"href":"https:\/\/www.dt-smart.com\/de\/wp-json\/wp\/v2\/product\/19409\/revisions\/24798"}],"wp:featuredmedia":[{"embeddable":true,"href":"https:\/\/www.dt-smart.com\/de\/wp-json\/wp\/v2\/media\/19382"}],"wp:attachment":[{"href":"https:\/\/www.dt-smart.com\/de\/wp-json\/wp\/v2\/media?parent=19409"}],"wp:term":[{"taxonomy":"product_brand","embeddable":true,"href":"https:\/\/www.dt-smart.com\/de\/wp-json\/wp\/v2\/product_brand?post=19409"},{"taxonomy":"product_cat","embeddable":true,"href":"https:\/\/www.dt-smart.com\/de\/wp-json\/wp\/v2\/product_cat?post=19409"},{"taxonomy":"product_tag","embeddable":true,"href":"https:\/\/www.dt-smart.com\/de\/wp-json\/wp\/v2\/product_tag?post=19409"}],"curies":[{"name":"wp","href":"https:\/\/api.w.org\/{rel}","templated":true}]}}