{"id":19442,"date":"2025-06-20T17:55:56","date_gmt":"2025-06-20T09:55:56","guid":{"rendered":"https:\/\/www.insurepart.com\/?post_type=product&#038;p=19442"},"modified":"2026-01-13T16:26:03","modified_gmt":"2026-01-13T08:26:03","slug":"iphone-12-pro-max-earpiece-sensor-flex-cable-internal-connection-for-mic-and-light-sensor","status":"publish","type":"product","link":"https:\/\/www.dt-smart.com\/de\/produkt\/iphone-12-pro-max-earpiece-sensor-flex-cable-internal-connection-for-mic-and-light-sensor\/","title":{"rendered":"iPhone 12 Pro Max Ohrh\u00f6rer-Sensor-Flexkabel \u2013 Internes Mikrofon &amp; Lichtsensoranschluss \u2013 Pr\u00e4zise Passform &amp; klares Signal \u2013 OEM-Qualit\u00e4t \u2013 Schneller Versand"},"content":{"rendered":"<p style=\"text-align: center;\"><img fetchpriority=\"high\" decoding=\"async\" class=\"alignnone size-full wp-image-15567\" src=\"https:\/\/www.insurepart.com\/wp-content\/uploads\/2024\/08\/\u4e3a\u4ec0\u4e48\u9009\u62e9\u6211\u4eec22.webp\" alt=\"\" width=\"1000\" height=\"786\" srcset=\"https:\/\/www.dt-smart.com\/wp-content\/uploads\/2024\/08\/\u4e3a\u4ec0\u4e48\u9009\u62e9\u6211\u4eec22.webp 1000w, https:\/\/www.dt-smart.com\/wp-content\/uploads\/2024\/08\/\u4e3a\u4ec0\u4e48\u9009\u62e9\u6211\u4eec22-300x236.webp 300w, https:\/\/www.dt-smart.com\/wp-content\/uploads\/2024\/08\/\u4e3a\u4ec0\u4e48\u9009\u62e9\u6211\u4eec22-150x118.webp 150w, https:\/\/www.dt-smart.com\/wp-content\/uploads\/2024\/08\/\u4e3a\u4ec0\u4e48\u9009\u62e9\u6211\u4eec22-800x629.webp 800w, https:\/\/www.dt-smart.com\/wp-content\/uploads\/2024\/08\/\u4e3a\u4ec0\u4e48\u9009\u62e9\u6211\u4eec22-768x604.webp 768w, https:\/\/www.dt-smart.com\/wp-content\/uploads\/2024\/08\/\u4e3a\u4ec0\u4e48\u9009\u62e9\u6211\u4eec22-15x12.webp 15w\" sizes=\"(max-width: 1000px) 100vw, 1000px\" \/><\/p>","protected":false},"excerpt":{"rendered":"<p><span style=\"font-size: 10pt;\">Dieses Flexkabel f\u00fcr den Ohrh\u00f6rer erm\u00f6glicht den Anschluss des Frontsensormoduls und des Mikrofons des iPhone 12 Pro Max. Es enth\u00e4lt keine Hardware f\u00fcr Face ID oder TrueDepth. Verwenden Sie es, wenn sich der Bildschirm bei Anrufen nicht ausschaltet oder das Mikrofon ausf\u00e4llt. Nur f\u00fcr qualifiziertes Reparaturpersonal geeignet. Funktionsf\u00e4higkeit durch Signal- und Spannungspr\u00fcfung sichergestellt.<\/span><\/p>","protected":false},"featured_media":19392,"comment_status":"open","ping_status":"closed","template":"","meta":[],"product_brand":[],"product_cat":[42,50],"product_tag":[],"class_list":{"0":"post-19442","1":"product","2":"type-product","3":"status-publish","4":"has-post-thumbnail","6":"product_cat-iphone","7":"product_cat-iphone-12-pro-max","9":"first","10":"instock","11":"taxable","12":"shipping-taxable","13":"purchasable","14":"product-type-simple"},"yoast_head":"<!-- This site is optimized with the Yoast SEO plugin v27.4 - https:\/\/yoast.com\/product\/yoast-seo-wordpress\/ -->\n<title>iPhone 12 Pro Max Earpiece Sensor Flex Cable - Internal Mic &amp; Light Sensor Connection - Precision Fit &amp; Clear Signal - OEM Quality - Fast Shipping - InsurePart<\/title>\n<meta name=\"description\" content=\"iPhone 12 Pro Max Earpiece Sensor Flex Cable - Internal Mic &amp; Light Sensor Connection - Precision Fit &amp; Clear Signal - OEM Quality - Fast Shipping\" \/>\n<meta name=\"robots\" content=\"index, follow, max-snippet:-1, max-image-preview:large, max-video-preview:-1\" \/>\n<link rel=\"canonical\" href=\"https:\/\/www.dt-smart.com\/de\/produkt\/iphone-12-pro-max-earpiece-sensor-flex-cable-internal-connection-for-mic-and-light-sensor\/\" \/>\n<meta property=\"og:locale\" content=\"de_DE\" \/>\n<meta property=\"og:type\" content=\"article\" \/>\n<meta property=\"og:title\" content=\"iPhone 12 Pro Max Earpiece Sensor Flex Cable - Internal Mic &amp; Light Sensor Connection - Precision Fit &amp; Clear Signal - OEM Quality - Fast Shipping - InsurePart\" \/>\n<meta property=\"og:description\" content=\"iPhone 12 Pro Max Earpiece Sensor Flex Cable - Internal Mic &amp; Light Sensor Connection - Precision Fit &amp; Clear Signal - OEM Quality - Fast Shipping\" \/>\n<meta property=\"og:url\" content=\"https:\/\/www.dt-smart.com\/de\/produkt\/iphone-12-pro-max-earpiece-sensor-flex-cable-internal-connection-for-mic-and-light-sensor\/\" \/>\n<meta property=\"og:site_name\" content=\"InsurePart\" \/>\n<meta property=\"article:publisher\" content=\"https:\/\/www.facebook.com\/anjinleeEva\" \/>\n<meta property=\"article:modified_time\" content=\"2026-01-13T08:26:03+00:00\" \/>\n<meta property=\"og:image\" content=\"https:\/\/www.dt-smart.com\/wp-content\/uploads\/2025\/06\/12pm.webp\" \/>\n\t<meta property=\"og:image:width\" content=\"800\" \/>\n\t<meta property=\"og:image:height\" content=\"800\" \/>\n\t<meta property=\"og:image:type\" content=\"image\/webp\" \/>\n<meta name=\"twitter:card\" content=\"summary_large_image\" \/>\n<meta name=\"twitter:label1\" content=\"Gesch\u00e4tzte Lesezeit\" \/>\n\t<meta name=\"twitter:data1\" content=\"1\u00a0Minute\" \/>\n<script type=\"application\/ld+json\" class=\"yoast-schema-graph\">{\"@context\":\"https:\\\/\\\/schema.org\",\"@graph\":[{\"@type\":\"WebPage\",\"@id\":\"https:\\\/\\\/www.dt-smart.com\\\/product\\\/iphone-12-pro-max-earpiece-sensor-flex-cable-internal-connection-for-mic-and-light-sensor\\\/\",\"url\":\"https:\\\/\\\/www.dt-smart.com\\\/product\\\/iphone-12-pro-max-earpiece-sensor-flex-cable-internal-connection-for-mic-and-light-sensor\\\/\",\"name\":\"iPhone 12 Pro Max Earpiece Sensor Flex Cable - Internal Mic & Light Sensor Connection - Precision Fit & Clear Signal - OEM Quality - Fast Shipping - InsurePart\",\"isPartOf\":{\"@id\":\"https:\\\/\\\/www.dt-smart.com\\\/#website\"},\"primaryImageOfPage\":{\"@id\":\"https:\\\/\\\/www.dt-smart.com\\\/product\\\/iphone-12-pro-max-earpiece-sensor-flex-cable-internal-connection-for-mic-and-light-sensor\\\/#primaryimage\"},\"image\":{\"@id\":\"https:\\\/\\\/www.dt-smart.com\\\/product\\\/iphone-12-pro-max-earpiece-sensor-flex-cable-internal-connection-for-mic-and-light-sensor\\\/#primaryimage\"},\"thumbnailUrl\":\"https:\\\/\\\/www.dt-smart.com\\\/wp-content\\\/uploads\\\/2025\\\/06\\\/12pm.webp\",\"datePublished\":\"2025-06-20T09:55:56+00:00\",\"dateModified\":\"2026-01-13T08:26:03+00:00\",\"description\":\"iPhone 12 Pro Max Earpiece Sensor Flex Cable - Internal Mic & Light Sensor Connection - Precision Fit & Clear Signal - OEM Quality - Fast Shipping\",\"breadcrumb\":{\"@id\":\"https:\\\/\\\/www.dt-smart.com\\\/product\\\/iphone-12-pro-max-earpiece-sensor-flex-cable-internal-connection-for-mic-and-light-sensor\\\/#breadcrumb\"},\"inLanguage\":\"de\",\"potentialAction\":[{\"@type\":\"ReadAction\",\"target\":[\"https:\\\/\\\/www.dt-smart.com\\\/product\\\/iphone-12-pro-max-earpiece-sensor-flex-cable-internal-connection-for-mic-and-light-sensor\\\/\"]}]},{\"@type\":\"ImageObject\",\"inLanguage\":\"de\",\"@id\":\"https:\\\/\\\/www.dt-smart.com\\\/product\\\/iphone-12-pro-max-earpiece-sensor-flex-cable-internal-connection-for-mic-and-light-sensor\\\/#primaryimage\",\"url\":\"https:\\\/\\\/www.dt-smart.com\\\/wp-content\\\/uploads\\\/2025\\\/06\\\/12pm.webp\",\"contentUrl\":\"https:\\\/\\\/www.dt-smart.com\\\/wp-content\\\/uploads\\\/2025\\\/06\\\/12pm.webp\",\"width\":800,\"height\":800},{\"@type\":\"BreadcrumbList\",\"@id\":\"https:\\\/\\\/www.dt-smart.com\\\/product\\\/iphone-12-pro-max-earpiece-sensor-flex-cable-internal-connection-for-mic-and-light-sensor\\\/#breadcrumb\",\"itemListElement\":[{\"@type\":\"ListItem\",\"position\":1,\"name\":\"Home\",\"item\":\"https:\\\/\\\/www.dt-smart.com\\\/\"},{\"@type\":\"ListItem\",\"position\":2,\"name\":\"Product\",\"item\":\"https:\\\/\\\/www.dt-smart.com\\\/ru\\\/product\\\/\"},{\"@type\":\"ListItem\",\"position\":3,\"name\":\"iPhone 12 Pro Max Earpiece Sensor Flex Cable &#8211; Internal Mic &#038; Light Sensor Connection &#8211; Precision Fit &#038; Clear Signal &#8211; OEM Quality &#8211; Fast Shipping\"}]},{\"@type\":\"WebSite\",\"@id\":\"https:\\\/\\\/www.dt-smart.com\\\/#website\",\"url\":\"https:\\\/\\\/www.dt-smart.com\\\/\",\"name\":\"InsurePart\",\"description\":\"Cell Phone Repair Parts; iPhone Parts Wholesale;Samsung Parts Supplier\",\"potentialAction\":[{\"@type\":\"SearchAction\",\"target\":{\"@type\":\"EntryPoint\",\"urlTemplate\":\"https:\\\/\\\/www.dt-smart.com\\\/?s={search_term_string}\"},\"query-input\":{\"@type\":\"PropertyValueSpecification\",\"valueRequired\":true,\"valueName\":\"search_term_string\"}}],\"inLanguage\":\"de\"}]}<\/script>\n<!-- \/ Yoast SEO plugin. -->","yoast_head_json":{"title":"iPhone 12 Pro Max Earpiece Sensor Flex Cable - Internal Mic & Light Sensor Connection - Precision Fit & Clear Signal - OEM Quality - Fast Shipping - InsurePart","description":"iPhone 12 Pro Max Ohrh\u00f6rer-Sensor-Flexkabel \u2013 Internes Mikrofon &amp; Lichtsensoranschluss \u2013 Pr\u00e4zise Passform &amp; klares Signal \u2013 OEM-Qualit\u00e4t \u2013 Schneller Versand","robots":{"index":"index","follow":"follow","max-snippet":"max-snippet:-1","max-image-preview":"max-image-preview:large","max-video-preview":"max-video-preview:-1"},"canonical":"https:\/\/www.dt-smart.com\/de\/produkt\/iphone-12-pro-max-earpiece-sensor-flex-cable-internal-connection-for-mic-and-light-sensor\/","og_locale":"de_DE","og_type":"article","og_title":"iPhone 12 Pro Max Earpiece Sensor Flex Cable - Internal Mic & Light Sensor Connection - Precision Fit & Clear Signal - OEM Quality - Fast Shipping - InsurePart","og_description":"iPhone 12 Pro Max Earpiece Sensor Flex Cable - Internal Mic & Light Sensor Connection - Precision Fit & Clear Signal - OEM Quality - Fast Shipping","og_url":"https:\/\/www.dt-smart.com\/de\/produkt\/iphone-12-pro-max-earpiece-sensor-flex-cable-internal-connection-for-mic-and-light-sensor\/","og_site_name":"InsurePart","article_publisher":"https:\/\/www.facebook.com\/anjinleeEva","article_modified_time":"2026-01-13T08:26:03+00:00","og_image":[{"width":800,"height":800,"url":"https:\/\/www.dt-smart.com\/wp-content\/uploads\/2025\/06\/12pm.webp","type":"image\/webp"}],"twitter_card":"summary_large_image","twitter_misc":{"Gesch\u00e4tzte Lesezeit":"1\u00a0Minute"},"schema":{"@context":"https:\/\/schema.org","@graph":[{"@type":"WebPage","@id":"https:\/\/www.dt-smart.com\/product\/iphone-12-pro-max-earpiece-sensor-flex-cable-internal-connection-for-mic-and-light-sensor\/","url":"https:\/\/www.dt-smart.com\/product\/iphone-12-pro-max-earpiece-sensor-flex-cable-internal-connection-for-mic-and-light-sensor\/","name":"iPhone 12 Pro Max Earpiece Sensor Flex Cable - Internal Mic & Light Sensor Connection - Precision Fit & Clear Signal - OEM Quality - Fast Shipping - InsurePart","isPartOf":{"@id":"https:\/\/www.dt-smart.com\/#website"},"primaryImageOfPage":{"@id":"https:\/\/www.dt-smart.com\/product\/iphone-12-pro-max-earpiece-sensor-flex-cable-internal-connection-for-mic-and-light-sensor\/#primaryimage"},"image":{"@id":"https:\/\/www.dt-smart.com\/product\/iphone-12-pro-max-earpiece-sensor-flex-cable-internal-connection-for-mic-and-light-sensor\/#primaryimage"},"thumbnailUrl":"https:\/\/www.dt-smart.com\/wp-content\/uploads\/2025\/06\/12pm.webp","datePublished":"2025-06-20T09:55:56+00:00","dateModified":"2026-01-13T08:26:03+00:00","description":"iPhone 12 Pro Max Ohrh\u00f6rer-Sensor-Flexkabel \u2013 Internes Mikrofon &amp; Lichtsensoranschluss \u2013 Pr\u00e4zise Passform &amp; klares Signal \u2013 OEM-Qualit\u00e4t \u2013 Schneller Versand","breadcrumb":{"@id":"https:\/\/www.dt-smart.com\/product\/iphone-12-pro-max-earpiece-sensor-flex-cable-internal-connection-for-mic-and-light-sensor\/#breadcrumb"},"inLanguage":"de","potentialAction":[{"@type":"ReadAction","target":["https:\/\/www.dt-smart.com\/product\/iphone-12-pro-max-earpiece-sensor-flex-cable-internal-connection-for-mic-and-light-sensor\/"]}]},{"@type":"ImageObject","inLanguage":"de","@id":"https:\/\/www.dt-smart.com\/product\/iphone-12-pro-max-earpiece-sensor-flex-cable-internal-connection-for-mic-and-light-sensor\/#primaryimage","url":"https:\/\/www.dt-smart.com\/wp-content\/uploads\/2025\/06\/12pm.webp","contentUrl":"https:\/\/www.dt-smart.com\/wp-content\/uploads\/2025\/06\/12pm.webp","width":800,"height":800},{"@type":"BreadcrumbList","@id":"https:\/\/www.dt-smart.com\/product\/iphone-12-pro-max-earpiece-sensor-flex-cable-internal-connection-for-mic-and-light-sensor\/#breadcrumb","itemListElement":[{"@type":"ListItem","position":1,"name":"Home","item":"https:\/\/www.dt-smart.com\/"},{"@type":"ListItem","position":2,"name":"Product","item":"https:\/\/www.dt-smart.com\/ru\/product\/"},{"@type":"ListItem","position":3,"name":"iPhone 12 Pro Max Earpiece Sensor Flex Cable &#8211; Internal Mic &#038; Light Sensor Connection &#8211; Precision Fit &#038; Clear Signal &#8211; OEM Quality &#8211; Fast Shipping"}]},{"@type":"WebSite","@id":"https:\/\/www.dt-smart.com\/#website","url":"https:\/\/www.dt-smart.com\/","name":"InsurePart","description":"Handy-Ersatzteile; iPhone-Ersatzteile im Gro\u00dfhandel; Samsung-Ersatzteillieferant","potentialAction":[{"@type":"SearchAction","target":{"@type":"EntryPoint","urlTemplate":"https:\/\/www.dt-smart.com\/?s={search_term_string}"},"query-input":{"@type":"PropertyValueSpecification","valueRequired":true,"valueName":"search_term_string"}}],"inLanguage":"de"}]}},"_links":{"self":[{"href":"https:\/\/www.dt-smart.com\/de\/wp-json\/wp\/v2\/product\/19442","targetHints":{"allow":["GET"]}}],"collection":[{"href":"https:\/\/www.dt-smart.com\/de\/wp-json\/wp\/v2\/product"}],"about":[{"href":"https:\/\/www.dt-smart.com\/de\/wp-json\/wp\/v2\/types\/product"}],"replies":[{"embeddable":true,"href":"https:\/\/www.dt-smart.com\/de\/wp-json\/wp\/v2\/comments?post=19442"}],"version-history":[{"count":3,"href":"https:\/\/www.dt-smart.com\/de\/wp-json\/wp\/v2\/product\/19442\/revisions"}],"predecessor-version":[{"id":24787,"href":"https:\/\/www.dt-smart.com\/de\/wp-json\/wp\/v2\/product\/19442\/revisions\/24787"}],"wp:featuredmedia":[{"embeddable":true,"href":"https:\/\/www.dt-smart.com\/de\/wp-json\/wp\/v2\/media\/19392"}],"wp:attachment":[{"href":"https:\/\/www.dt-smart.com\/de\/wp-json\/wp\/v2\/media?parent=19442"}],"wp:term":[{"taxonomy":"product_brand","embeddable":true,"href":"https:\/\/www.dt-smart.com\/de\/wp-json\/wp\/v2\/product_brand?post=19442"},{"taxonomy":"product_cat","embeddable":true,"href":"https:\/\/www.dt-smart.com\/de\/wp-json\/wp\/v2\/product_cat?post=19442"},{"taxonomy":"product_tag","embeddable":true,"href":"https:\/\/www.dt-smart.com\/de\/wp-json\/wp\/v2\/product_tag?post=19442"}],"curies":[{"name":"wp","href":"https:\/\/api.w.org\/{rel}","templated":true}]}}