{"id":19460,"date":"2025-06-23T12:00:06","date_gmt":"2025-06-23T04:00:06","guid":{"rendered":"https:\/\/www.insurepart.com\/?post_type=product&#038;p=19460"},"modified":"2026-01-06T14:48:15","modified_gmt":"2026-01-06T06:48:15","slug":"earpiece-flex-cable-for-iphone-11-pro-max-mic-and-sensor-ribbon-for-top-audio-functionality","status":"publish","type":"product","link":"https:\/\/www.dt-smart.com\/de\/produkt\/earpiece-flex-cable-for-iphone-11-pro-max-mic-and-sensor-ribbon-for-top-audio-functionality\/","title":{"rendered":"iPhone 11 Pro Max Ohrh\u00f6rer-Flexkabel \u2013 Mikrofon- und Sensorkabel f\u00fcr optimale Audiofunktion \u2013 OEM-Qualit\u00e4t \u2013 Schneller Versand"},"content":{"rendered":"<p style=\"text-align: center;\"><img fetchpriority=\"high\" decoding=\"async\" class=\"alignnone size-full wp-image-15567\" src=\"https:\/\/www.insurepart.com\/wp-content\/uploads\/2024\/08\/\u4e3a\u4ec0\u4e48\u9009\u62e9\u6211\u4eec22.webp\" alt=\"\" width=\"1000\" height=\"786\" srcset=\"https:\/\/www.dt-smart.com\/wp-content\/uploads\/2024\/08\/\u4e3a\u4ec0\u4e48\u9009\u62e9\u6211\u4eec22.webp 1000w, https:\/\/www.dt-smart.com\/wp-content\/uploads\/2024\/08\/\u4e3a\u4ec0\u4e48\u9009\u62e9\u6211\u4eec22-300x236.webp 300w, https:\/\/www.dt-smart.com\/wp-content\/uploads\/2024\/08\/\u4e3a\u4ec0\u4e48\u9009\u62e9\u6211\u4eec22-150x118.webp 150w, https:\/\/www.dt-smart.com\/wp-content\/uploads\/2024\/08\/\u4e3a\u4ec0\u4e48\u9009\u62e9\u6211\u4eec22-800x629.webp 800w, https:\/\/www.dt-smart.com\/wp-content\/uploads\/2024\/08\/\u4e3a\u4ec0\u4e48\u9009\u62e9\u6211\u4eec22-768x604.webp 768w, https:\/\/www.dt-smart.com\/wp-content\/uploads\/2024\/08\/\u4e3a\u4ec0\u4e48\u9009\u62e9\u6211\u4eec22-15x12.webp 15w\" sizes=\"(max-width: 1000px) 100vw, 1000px\" \/><\/p>","protected":false},"excerpt":{"rendered":"<p><span style=\"font-size: 10pt;\">Dieses Flexkabel ist mit dem iPhone 11 Pro Max kompatibel. Es verf\u00fcgt \u00fcber Anschl\u00fcsse f\u00fcr den Ohrh\u00f6rerlautsprecher (nicht im Lieferumfang enthalten), den N\u00e4herungssensor, den Umgebungslichtsensor und das Frontmikrofon. Es eignet sich zum Austausch besch\u00e4digter oder defekter Flexkabel, die Probleme wie einen nicht ausschaltenden Bildschirm w\u00e4hrend Anrufen oder ein nicht funktionierendes Mikrofon verursachen. Das Face ID-Modul ist nicht im Lieferumfang enthalten und muss wiederverwendet werden. Es wurde f\u00fcr eine pr\u00e4zise Passform und stabile Signal\u00fcbertragung entwickelt. Die Verwendung durch erfahrene Techniker wird empfohlen.<\/span><\/p>","protected":false},"featured_media":19396,"comment_status":"open","ping_status":"closed","template":"","meta":[],"product_brand":[],"product_cat":[42,102],"product_tag":[],"class_list":{"0":"post-19460","1":"product","2":"type-product","3":"status-publish","4":"has-post-thumbnail","6":"product_cat-iphone","7":"product_cat-iphone-11-pro","9":"first","10":"instock","11":"taxable","12":"shipping-taxable","13":"purchasable","14":"product-type-simple"},"yoast_head":"<!-- This site is optimized with the Yoast SEO plugin v27.4 - https:\/\/yoast.com\/product\/yoast-seo-wordpress\/ -->\n<title>iPhone 11 Pro Max Earpiece Flex Cable - Mic &amp; Sensor Ribbon for Top Audio Functionality - OEM Quality - Fast Shipping - InsurePart<\/title>\n<meta name=\"description\" content=\"iPhone 11 Pro Max Earpiece Flex Cable - Mic &amp; Sensor Ribbon for Top Audio Functionality - OEM Quality - Fast Shipping\" \/>\n<meta name=\"robots\" content=\"index, follow, max-snippet:-1, max-image-preview:large, max-video-preview:-1\" \/>\n<link rel=\"canonical\" href=\"https:\/\/www.dt-smart.com\/de\/producto\/earpiece-flex-cable-for-iphone-11-pro-max-mic-and-sensor-ribbon-for-top-audio-functionality\/\" \/>\n<meta property=\"og:locale\" content=\"de_DE\" \/>\n<meta property=\"og:type\" content=\"article\" \/>\n<meta property=\"og:title\" content=\"iPhone 11 Pro Max Earpiece Flex Cable - Mic &amp; Sensor Ribbon for Top Audio Functionality - OEM Quality - Fast Shipping - InsurePart\" \/>\n<meta property=\"og:description\" content=\"iPhone 11 Pro Max Earpiece Flex Cable - Mic &amp; Sensor Ribbon for Top Audio Functionality - OEM Quality - Fast Shipping\" \/>\n<meta property=\"og:url\" content=\"https:\/\/www.dt-smart.com\/de\/producto\/earpiece-flex-cable-for-iphone-11-pro-max-mic-and-sensor-ribbon-for-top-audio-functionality\/\" \/>\n<meta property=\"og:site_name\" content=\"InsurePart\" \/>\n<meta property=\"article:publisher\" content=\"https:\/\/www.facebook.com\/anjinleeEva\" \/>\n<meta property=\"article:modified_time\" content=\"2026-01-06T06:48:15+00:00\" \/>\n<meta property=\"og:image\" content=\"https:\/\/www.dt-smart.com\/wp-content\/uploads\/2025\/06\/11PM.webp\" \/>\n\t<meta property=\"og:image:width\" content=\"800\" \/>\n\t<meta property=\"og:image:height\" content=\"800\" \/>\n\t<meta property=\"og:image:type\" content=\"image\/webp\" \/>\n<meta name=\"twitter:card\" content=\"summary_large_image\" \/>\n<meta name=\"twitter:label1\" content=\"Gesch\u00e4tzte Lesezeit\" \/>\n\t<meta name=\"twitter:data1\" content=\"1\u00a0Minute\" \/>\n<script type=\"application\/ld+json\" class=\"yoast-schema-graph\">{\"@context\":\"https:\\\/\\\/schema.org\",\"@graph\":[{\"@type\":\"WebPage\",\"@id\":\"https:\\\/\\\/www.dt-smart.com\\\/es\\\/producto\\\/earpiece-flex-cable-for-iphone-11-pro-max-mic-and-sensor-ribbon-for-top-audio-functionality\\\/\",\"url\":\"https:\\\/\\\/www.dt-smart.com\\\/es\\\/producto\\\/earpiece-flex-cable-for-iphone-11-pro-max-mic-and-sensor-ribbon-for-top-audio-functionality\\\/\",\"name\":\"iPhone 11 Pro Max Earpiece Flex Cable - Mic & Sensor Ribbon for Top Audio Functionality - OEM Quality - Fast Shipping - InsurePart\",\"isPartOf\":{\"@id\":\"https:\\\/\\\/www.dt-smart.com\\\/#website\"},\"primaryImageOfPage\":{\"@id\":\"https:\\\/\\\/www.dt-smart.com\\\/es\\\/producto\\\/earpiece-flex-cable-for-iphone-11-pro-max-mic-and-sensor-ribbon-for-top-audio-functionality\\\/#primaryimage\"},\"image\":{\"@id\":\"https:\\\/\\\/www.dt-smart.com\\\/es\\\/producto\\\/earpiece-flex-cable-for-iphone-11-pro-max-mic-and-sensor-ribbon-for-top-audio-functionality\\\/#primaryimage\"},\"thumbnailUrl\":\"https:\\\/\\\/www.dt-smart.com\\\/wp-content\\\/uploads\\\/2025\\\/06\\\/11PM.webp\",\"datePublished\":\"2025-06-23T04:00:06+00:00\",\"dateModified\":\"2026-01-06T06:48:15+00:00\",\"description\":\"iPhone 11 Pro Max Earpiece Flex Cable - Mic & Sensor Ribbon for Top Audio Functionality - OEM Quality - Fast Shipping\",\"breadcrumb\":{\"@id\":\"https:\\\/\\\/www.dt-smart.com\\\/es\\\/producto\\\/earpiece-flex-cable-for-iphone-11-pro-max-mic-and-sensor-ribbon-for-top-audio-functionality\\\/#breadcrumb\"},\"inLanguage\":\"de\",\"potentialAction\":[{\"@type\":\"ReadAction\",\"target\":[\"https:\\\/\\\/www.dt-smart.com\\\/es\\\/producto\\\/earpiece-flex-cable-for-iphone-11-pro-max-mic-and-sensor-ribbon-for-top-audio-functionality\\\/\"]}]},{\"@type\":\"ImageObject\",\"inLanguage\":\"de\",\"@id\":\"https:\\\/\\\/www.dt-smart.com\\\/es\\\/producto\\\/earpiece-flex-cable-for-iphone-11-pro-max-mic-and-sensor-ribbon-for-top-audio-functionality\\\/#primaryimage\",\"url\":\"https:\\\/\\\/www.dt-smart.com\\\/wp-content\\\/uploads\\\/2025\\\/06\\\/11PM.webp\",\"contentUrl\":\"https:\\\/\\\/www.dt-smart.com\\\/wp-content\\\/uploads\\\/2025\\\/06\\\/11PM.webp\",\"width\":800,\"height\":800},{\"@type\":\"BreadcrumbList\",\"@id\":\"https:\\\/\\\/www.dt-smart.com\\\/es\\\/producto\\\/earpiece-flex-cable-for-iphone-11-pro-max-mic-and-sensor-ribbon-for-top-audio-functionality\\\/#breadcrumb\",\"itemListElement\":[{\"@type\":\"ListItem\",\"position\":1,\"name\":\"Home\",\"item\":\"https:\\\/\\\/www.dt-smart.com\\\/\"},{\"@type\":\"ListItem\",\"position\":2,\"name\":\"Product\",\"item\":\"https:\\\/\\\/www.dt-smart.com\\\/ru\\\/product\\\/\"},{\"@type\":\"ListItem\",\"position\":3,\"name\":\"iPhone 11 Pro Max Earpiece Flex Cable &#8211; Mic &#038; Sensor Ribbon for Top Audio Functionality &#8211; OEM Quality &#8211; Fast Shipping\"}]},{\"@type\":\"WebSite\",\"@id\":\"https:\\\/\\\/www.dt-smart.com\\\/#website\",\"url\":\"https:\\\/\\\/www.dt-smart.com\\\/\",\"name\":\"InsurePart\",\"description\":\"Cell Phone Repair Parts; iPhone Parts Wholesale;Samsung Parts Supplier\",\"potentialAction\":[{\"@type\":\"SearchAction\",\"target\":{\"@type\":\"EntryPoint\",\"urlTemplate\":\"https:\\\/\\\/www.dt-smart.com\\\/?s={search_term_string}\"},\"query-input\":{\"@type\":\"PropertyValueSpecification\",\"valueRequired\":true,\"valueName\":\"search_term_string\"}}],\"inLanguage\":\"de\"}]}<\/script>\n<!-- \/ Yoast SEO plugin. -->","yoast_head_json":{"title":"iPhone 11 Pro Max Earpiece Flex Cable - Mic & Sensor Ribbon for Top Audio Functionality - OEM Quality - Fast Shipping - InsurePart","description":"iPhone 11 Pro Max Ohrh\u00f6rer-Flexkabel \u2013 Mikrofon- und Sensorkabel f\u00fcr optimale Audiofunktion \u2013 OEM-Qualit\u00e4t \u2013 Schneller Versand","robots":{"index":"index","follow":"follow","max-snippet":"max-snippet:-1","max-image-preview":"max-image-preview:large","max-video-preview":"max-video-preview:-1"},"canonical":"https:\/\/www.dt-smart.com\/de\/producto\/earpiece-flex-cable-for-iphone-11-pro-max-mic-and-sensor-ribbon-for-top-audio-functionality\/","og_locale":"de_DE","og_type":"article","og_title":"iPhone 11 Pro Max Earpiece Flex Cable - Mic & Sensor Ribbon for Top Audio Functionality - OEM Quality - Fast Shipping - InsurePart","og_description":"iPhone 11 Pro Max Earpiece Flex Cable - Mic & Sensor Ribbon for Top Audio Functionality - OEM Quality - Fast Shipping","og_url":"https:\/\/www.dt-smart.com\/de\/producto\/earpiece-flex-cable-for-iphone-11-pro-max-mic-and-sensor-ribbon-for-top-audio-functionality\/","og_site_name":"InsurePart","article_publisher":"https:\/\/www.facebook.com\/anjinleeEva","article_modified_time":"2026-01-06T06:48:15+00:00","og_image":[{"width":800,"height":800,"url":"https:\/\/www.dt-smart.com\/wp-content\/uploads\/2025\/06\/11PM.webp","type":"image\/webp"}],"twitter_card":"summary_large_image","twitter_misc":{"Gesch\u00e4tzte Lesezeit":"1\u00a0Minute"},"schema":{"@context":"https:\/\/schema.org","@graph":[{"@type":"WebPage","@id":"https:\/\/www.dt-smart.com\/es\/producto\/earpiece-flex-cable-for-iphone-11-pro-max-mic-and-sensor-ribbon-for-top-audio-functionality\/","url":"https:\/\/www.dt-smart.com\/es\/producto\/earpiece-flex-cable-for-iphone-11-pro-max-mic-and-sensor-ribbon-for-top-audio-functionality\/","name":"iPhone 11 Pro Max Earpiece Flex Cable - Mic & Sensor Ribbon for Top Audio Functionality - OEM Quality - Fast Shipping - InsurePart","isPartOf":{"@id":"https:\/\/www.dt-smart.com\/#website"},"primaryImageOfPage":{"@id":"https:\/\/www.dt-smart.com\/es\/producto\/earpiece-flex-cable-for-iphone-11-pro-max-mic-and-sensor-ribbon-for-top-audio-functionality\/#primaryimage"},"image":{"@id":"https:\/\/www.dt-smart.com\/es\/producto\/earpiece-flex-cable-for-iphone-11-pro-max-mic-and-sensor-ribbon-for-top-audio-functionality\/#primaryimage"},"thumbnailUrl":"https:\/\/www.dt-smart.com\/wp-content\/uploads\/2025\/06\/11PM.webp","datePublished":"2025-06-23T04:00:06+00:00","dateModified":"2026-01-06T06:48:15+00:00","description":"iPhone 11 Pro Max Ohrh\u00f6rer-Flexkabel \u2013 Mikrofon- und Sensorkabel f\u00fcr optimale Audiofunktion \u2013 OEM-Qualit\u00e4t \u2013 Schneller Versand","breadcrumb":{"@id":"https:\/\/www.dt-smart.com\/es\/producto\/earpiece-flex-cable-for-iphone-11-pro-max-mic-and-sensor-ribbon-for-top-audio-functionality\/#breadcrumb"},"inLanguage":"de","potentialAction":[{"@type":"ReadAction","target":["https:\/\/www.dt-smart.com\/es\/producto\/earpiece-flex-cable-for-iphone-11-pro-max-mic-and-sensor-ribbon-for-top-audio-functionality\/"]}]},{"@type":"ImageObject","inLanguage":"de","@id":"https:\/\/www.dt-smart.com\/es\/producto\/earpiece-flex-cable-for-iphone-11-pro-max-mic-and-sensor-ribbon-for-top-audio-functionality\/#primaryimage","url":"https:\/\/www.dt-smart.com\/wp-content\/uploads\/2025\/06\/11PM.webp","contentUrl":"https:\/\/www.dt-smart.com\/wp-content\/uploads\/2025\/06\/11PM.webp","width":800,"height":800},{"@type":"BreadcrumbList","@id":"https:\/\/www.dt-smart.com\/es\/producto\/earpiece-flex-cable-for-iphone-11-pro-max-mic-and-sensor-ribbon-for-top-audio-functionality\/#breadcrumb","itemListElement":[{"@type":"ListItem","position":1,"name":"Home","item":"https:\/\/www.dt-smart.com\/"},{"@type":"ListItem","position":2,"name":"Product","item":"https:\/\/www.dt-smart.com\/ru\/product\/"},{"@type":"ListItem","position":3,"name":"iPhone 11 Pro Max Earpiece Flex Cable &#8211; Mic &#038; Sensor Ribbon for Top Audio Functionality &#8211; OEM Quality &#8211; Fast Shipping"}]},{"@type":"WebSite","@id":"https:\/\/www.dt-smart.com\/#website","url":"https:\/\/www.dt-smart.com\/","name":"InsurePart","description":"Handy-Ersatzteile; iPhone-Ersatzteile im Gro\u00dfhandel; Samsung-Ersatzteillieferant","potentialAction":[{"@type":"SearchAction","target":{"@type":"EntryPoint","urlTemplate":"https:\/\/www.dt-smart.com\/?s={search_term_string}"},"query-input":{"@type":"PropertyValueSpecification","valueRequired":true,"valueName":"search_term_string"}}],"inLanguage":"de"}]}},"_links":{"self":[{"href":"https:\/\/www.dt-smart.com\/de\/wp-json\/wp\/v2\/product\/19460","targetHints":{"allow":["GET"]}}],"collection":[{"href":"https:\/\/www.dt-smart.com\/de\/wp-json\/wp\/v2\/product"}],"about":[{"href":"https:\/\/www.dt-smart.com\/de\/wp-json\/wp\/v2\/types\/product"}],"replies":[{"embeddable":true,"href":"https:\/\/www.dt-smart.com\/de\/wp-json\/wp\/v2\/comments?post=19460"}],"version-history":[{"count":3,"href":"https:\/\/www.dt-smart.com\/de\/wp-json\/wp\/v2\/product\/19460\/revisions"}],"predecessor-version":[{"id":24299,"href":"https:\/\/www.dt-smart.com\/de\/wp-json\/wp\/v2\/product\/19460\/revisions\/24299"}],"wp:featuredmedia":[{"embeddable":true,"href":"https:\/\/www.dt-smart.com\/de\/wp-json\/wp\/v2\/media\/19396"}],"wp:attachment":[{"href":"https:\/\/www.dt-smart.com\/de\/wp-json\/wp\/v2\/media?parent=19460"}],"wp:term":[{"taxonomy":"product_brand","embeddable":true,"href":"https:\/\/www.dt-smart.com\/de\/wp-json\/wp\/v2\/product_brand?post=19460"},{"taxonomy":"product_cat","embeddable":true,"href":"https:\/\/www.dt-smart.com\/de\/wp-json\/wp\/v2\/product_cat?post=19460"},{"taxonomy":"product_tag","embeddable":true,"href":"https:\/\/www.dt-smart.com\/de\/wp-json\/wp\/v2\/product_tag?post=19460"}],"curies":[{"name":"wp","href":"https:\/\/api.w.org\/{rel}","templated":true}]}}