{"id":19549,"date":"2025-06-23T16:47:11","date_gmt":"2025-06-23T08:47:11","guid":{"rendered":"https:\/\/www.insurepart.com\/?post_type=product&#038;p=19549"},"modified":"2026-01-06T14:57:41","modified_gmt":"2026-01-06T06:57:41","slug":"flex-cable-for-iphone-11-pro-loudspeaker-connector-and-signal-line","status":"publish","type":"product","link":"https:\/\/www.dt-smart.com\/de\/produkt\/flex-cable-for-iphone-11-pro-loudspeaker-connector-and-signal-line\/","title":{"rendered":"iPhone 11 Pro Lautsprecher-Flexkabel \u2013 Signalintegrit\u00e4t &amp; Anschluss f\u00fcr den unteren Lautsprecher. Schneller Versand."},"content":{"rendered":"<p style=\"text-align: center;\"><img fetchpriority=\"high\" decoding=\"async\" class=\"alignnone size-full wp-image-15567\" src=\"https:\/\/www.insurepart.com\/wp-content\/uploads\/2024\/08\/\u4e3a\u4ec0\u4e48\u9009\u62e9\u6211\u4eec22.webp\" alt=\"\" width=\"1000\" height=\"786\" srcset=\"https:\/\/www.dt-smart.com\/wp-content\/uploads\/2024\/08\/\u4e3a\u4ec0\u4e48\u9009\u62e9\u6211\u4eec22.webp 1000w, https:\/\/www.dt-smart.com\/wp-content\/uploads\/2024\/08\/\u4e3a\u4ec0\u4e48\u9009\u62e9\u6211\u4eec22-300x236.webp 300w, https:\/\/www.dt-smart.com\/wp-content\/uploads\/2024\/08\/\u4e3a\u4ec0\u4e48\u9009\u62e9\u6211\u4eec22-150x118.webp 150w, https:\/\/www.dt-smart.com\/wp-content\/uploads\/2024\/08\/\u4e3a\u4ec0\u4e48\u9009\u62e9\u6211\u4eec22-800x629.webp 800w, https:\/\/www.dt-smart.com\/wp-content\/uploads\/2024\/08\/\u4e3a\u4ec0\u4e48\u9009\u62e9\u6211\u4eec22-768x604.webp 768w, https:\/\/www.dt-smart.com\/wp-content\/uploads\/2024\/08\/\u4e3a\u4ec0\u4e48\u9009\u62e9\u6211\u4eec22-15x12.webp 15w\" sizes=\"(max-width: 1000px) 100vw, 1000px\" \/><\/p>","protected":false},"excerpt":{"rendered":"<p><span style=\"font-size: 10pt;\">Dieses Flexkabel wurde speziell f\u00fcr das iPhone 11 Pro entwickelt und \u00fcbertr\u00e4gt das Signal vom Motherboard zum unteren Lautsprecher. Es dient als Ersatz f\u00fcr ein besch\u00e4digtes oder gerissenes Originalkabel. Lautsprecher sind nicht im Lieferumfang enthalten. F\u00fcr die Installation ist geeignetes Werkzeug erforderlich.<\/span><\/p>","protected":false},"featured_media":19578,"comment_status":"open","ping_status":"closed","template":"","meta":[],"product_brand":[],"product_cat":[42,102],"product_tag":[],"class_list":{"0":"post-19549","1":"product","2":"type-product","3":"status-publish","4":"has-post-thumbnail","6":"product_cat-iphone","7":"product_cat-iphone-11-pro","9":"first","10":"instock","11":"taxable","12":"shipping-taxable","13":"purchasable","14":"product-type-simple"},"yoast_head":"<!-- This site is optimized with the Yoast SEO plugin v27.4 - https:\/\/yoast.com\/product\/yoast-seo-wordpress\/ -->\n<title>iPhone 11 Pro Loudspeaker Flex Cable - Signal Integrity &amp; Connector for Bottom Speaker. Fast Shipping - InsurePart<\/title>\n<meta name=\"description\" content=\"iPhone 11 Pro Loudspeaker Flex Cable - Signal Integrity &amp; Connector for Bottom Speaker. Fast Shipping\" \/>\n<meta name=\"robots\" content=\"index, follow, max-snippet:-1, max-image-preview:large, max-video-preview:-1\" \/>\n<link rel=\"canonical\" href=\"https:\/\/www.dt-smart.com\/de\/producto\/flex-cable-for-iphone-11-pro-loudspeaker-connector-and-signal-line\/\" \/>\n<meta property=\"og:locale\" content=\"de_DE\" \/>\n<meta property=\"og:type\" content=\"article\" \/>\n<meta property=\"og:title\" content=\"iPhone 11 Pro Loudspeaker Flex Cable - Signal Integrity &amp; Connector for Bottom Speaker. Fast Shipping - InsurePart\" \/>\n<meta property=\"og:description\" content=\"iPhone 11 Pro Loudspeaker Flex Cable - Signal Integrity &amp; Connector for Bottom Speaker. Fast Shipping\" \/>\n<meta property=\"og:url\" content=\"https:\/\/www.dt-smart.com\/de\/producto\/flex-cable-for-iphone-11-pro-loudspeaker-connector-and-signal-line\/\" \/>\n<meta property=\"og:site_name\" content=\"InsurePart\" \/>\n<meta property=\"article:publisher\" content=\"https:\/\/www.facebook.com\/anjinleeEva\" \/>\n<meta property=\"article:modified_time\" content=\"2026-01-06T06:57:41+00:00\" \/>\n<meta property=\"og:image\" content=\"https:\/\/www.dt-smart.com\/wp-content\/uploads\/2025\/06\/11Pro-1.webp\" \/>\n\t<meta property=\"og:image:width\" content=\"800\" \/>\n\t<meta property=\"og:image:height\" content=\"800\" \/>\n\t<meta property=\"og:image:type\" content=\"image\/webp\" \/>\n<meta name=\"twitter:card\" content=\"summary_large_image\" \/>\n<meta name=\"twitter:label1\" content=\"Gesch\u00e4tzte Lesezeit\" \/>\n\t<meta name=\"twitter:data1\" content=\"1\u00a0Minute\" \/>\n<script type=\"application\/ld+json\" class=\"yoast-schema-graph\">{\"@context\":\"https:\\\/\\\/schema.org\",\"@graph\":[{\"@type\":\"WebPage\",\"@id\":\"https:\\\/\\\/www.dt-smart.com\\\/es\\\/producto\\\/flex-cable-for-iphone-11-pro-loudspeaker-connector-and-signal-line\\\/\",\"url\":\"https:\\\/\\\/www.dt-smart.com\\\/es\\\/producto\\\/flex-cable-for-iphone-11-pro-loudspeaker-connector-and-signal-line\\\/\",\"name\":\"iPhone 11 Pro Loudspeaker Flex Cable - Signal Integrity & Connector for Bottom Speaker. Fast Shipping - InsurePart\",\"isPartOf\":{\"@id\":\"https:\\\/\\\/www.dt-smart.com\\\/#website\"},\"primaryImageOfPage\":{\"@id\":\"https:\\\/\\\/www.dt-smart.com\\\/es\\\/producto\\\/flex-cable-for-iphone-11-pro-loudspeaker-connector-and-signal-line\\\/#primaryimage\"},\"image\":{\"@id\":\"https:\\\/\\\/www.dt-smart.com\\\/es\\\/producto\\\/flex-cable-for-iphone-11-pro-loudspeaker-connector-and-signal-line\\\/#primaryimage\"},\"thumbnailUrl\":\"https:\\\/\\\/www.dt-smart.com\\\/wp-content\\\/uploads\\\/2025\\\/06\\\/11Pro-1.webp\",\"datePublished\":\"2025-06-23T08:47:11+00:00\",\"dateModified\":\"2026-01-06T06:57:41+00:00\",\"description\":\"iPhone 11 Pro Loudspeaker Flex Cable - Signal Integrity & Connector for Bottom Speaker. Fast Shipping\",\"breadcrumb\":{\"@id\":\"https:\\\/\\\/www.dt-smart.com\\\/es\\\/producto\\\/flex-cable-for-iphone-11-pro-loudspeaker-connector-and-signal-line\\\/#breadcrumb\"},\"inLanguage\":\"de\",\"potentialAction\":[{\"@type\":\"ReadAction\",\"target\":[\"https:\\\/\\\/www.dt-smart.com\\\/es\\\/producto\\\/flex-cable-for-iphone-11-pro-loudspeaker-connector-and-signal-line\\\/\"]}]},{\"@type\":\"ImageObject\",\"inLanguage\":\"de\",\"@id\":\"https:\\\/\\\/www.dt-smart.com\\\/es\\\/producto\\\/flex-cable-for-iphone-11-pro-loudspeaker-connector-and-signal-line\\\/#primaryimage\",\"url\":\"https:\\\/\\\/www.dt-smart.com\\\/wp-content\\\/uploads\\\/2025\\\/06\\\/11Pro-1.webp\",\"contentUrl\":\"https:\\\/\\\/www.dt-smart.com\\\/wp-content\\\/uploads\\\/2025\\\/06\\\/11Pro-1.webp\",\"width\":800,\"height\":800},{\"@type\":\"BreadcrumbList\",\"@id\":\"https:\\\/\\\/www.dt-smart.com\\\/es\\\/producto\\\/flex-cable-for-iphone-11-pro-loudspeaker-connector-and-signal-line\\\/#breadcrumb\",\"itemListElement\":[{\"@type\":\"ListItem\",\"position\":1,\"name\":\"Home\",\"item\":\"https:\\\/\\\/www.dt-smart.com\\\/\"},{\"@type\":\"ListItem\",\"position\":2,\"name\":\"Product\",\"item\":\"https:\\\/\\\/www.dt-smart.com\\\/ru\\\/product\\\/\"},{\"@type\":\"ListItem\",\"position\":3,\"name\":\"iPhone 11 Pro Loudspeaker Flex Cable &#8211; Signal Integrity &#038; Connector for Bottom Speaker. Fast Shipping\"}]},{\"@type\":\"WebSite\",\"@id\":\"https:\\\/\\\/www.dt-smart.com\\\/#website\",\"url\":\"https:\\\/\\\/www.dt-smart.com\\\/\",\"name\":\"InsurePart\",\"description\":\"Cell Phone Repair Parts; iPhone Parts Wholesale;Samsung Parts Supplier\",\"potentialAction\":[{\"@type\":\"SearchAction\",\"target\":{\"@type\":\"EntryPoint\",\"urlTemplate\":\"https:\\\/\\\/www.dt-smart.com\\\/?s={search_term_string}\"},\"query-input\":{\"@type\":\"PropertyValueSpecification\",\"valueRequired\":true,\"valueName\":\"search_term_string\"}}],\"inLanguage\":\"de\"}]}<\/script>\n<!-- \/ Yoast SEO plugin. -->","yoast_head_json":{"title":"iPhone 11 Pro Loudspeaker Flex Cable - Signal Integrity & Connector for Bottom Speaker. Fast Shipping - InsurePart","description":"iPhone 11 Pro Loudspeaker Flex Cable - Signal Integrity & Connector for Bottom Speaker. Fast Shipping","robots":{"index":"index","follow":"follow","max-snippet":"max-snippet:-1","max-image-preview":"max-image-preview:large","max-video-preview":"max-video-preview:-1"},"canonical":"https:\/\/www.dt-smart.com\/de\/producto\/flex-cable-for-iphone-11-pro-loudspeaker-connector-and-signal-line\/","og_locale":"de_DE","og_type":"article","og_title":"iPhone 11 Pro Loudspeaker Flex Cable - Signal Integrity & Connector for Bottom Speaker. Fast Shipping - InsurePart","og_description":"iPhone 11 Pro Loudspeaker Flex Cable - Signal Integrity & Connector for Bottom Speaker. Fast Shipping","og_url":"https:\/\/www.dt-smart.com\/de\/producto\/flex-cable-for-iphone-11-pro-loudspeaker-connector-and-signal-line\/","og_site_name":"InsurePart","article_publisher":"https:\/\/www.facebook.com\/anjinleeEva","article_modified_time":"2026-01-06T06:57:41+00:00","og_image":[{"width":800,"height":800,"url":"https:\/\/www.dt-smart.com\/wp-content\/uploads\/2025\/06\/11Pro-1.webp","type":"image\/webp"}],"twitter_card":"summary_large_image","twitter_misc":{"Gesch\u00e4tzte Lesezeit":"1\u00a0Minute"},"schema":{"@context":"https:\/\/schema.org","@graph":[{"@type":"WebPage","@id":"https:\/\/www.dt-smart.com\/es\/producto\/flex-cable-for-iphone-11-pro-loudspeaker-connector-and-signal-line\/","url":"https:\/\/www.dt-smart.com\/es\/producto\/flex-cable-for-iphone-11-pro-loudspeaker-connector-and-signal-line\/","name":"iPhone 11 Pro Loudspeaker Flex Cable - Signal Integrity & Connector for Bottom Speaker. Fast Shipping - InsurePart","isPartOf":{"@id":"https:\/\/www.dt-smart.com\/#website"},"primaryImageOfPage":{"@id":"https:\/\/www.dt-smart.com\/es\/producto\/flex-cable-for-iphone-11-pro-loudspeaker-connector-and-signal-line\/#primaryimage"},"image":{"@id":"https:\/\/www.dt-smart.com\/es\/producto\/flex-cable-for-iphone-11-pro-loudspeaker-connector-and-signal-line\/#primaryimage"},"thumbnailUrl":"https:\/\/www.dt-smart.com\/wp-content\/uploads\/2025\/06\/11Pro-1.webp","datePublished":"2025-06-23T08:47:11+00:00","dateModified":"2026-01-06T06:57:41+00:00","description":"iPhone 11 Pro Loudspeaker Flex Cable - Signal Integrity & Connector for Bottom Speaker. Fast Shipping","breadcrumb":{"@id":"https:\/\/www.dt-smart.com\/es\/producto\/flex-cable-for-iphone-11-pro-loudspeaker-connector-and-signal-line\/#breadcrumb"},"inLanguage":"de","potentialAction":[{"@type":"ReadAction","target":["https:\/\/www.dt-smart.com\/es\/producto\/flex-cable-for-iphone-11-pro-loudspeaker-connector-and-signal-line\/"]}]},{"@type":"ImageObject","inLanguage":"de","@id":"https:\/\/www.dt-smart.com\/es\/producto\/flex-cable-for-iphone-11-pro-loudspeaker-connector-and-signal-line\/#primaryimage","url":"https:\/\/www.dt-smart.com\/wp-content\/uploads\/2025\/06\/11Pro-1.webp","contentUrl":"https:\/\/www.dt-smart.com\/wp-content\/uploads\/2025\/06\/11Pro-1.webp","width":800,"height":800},{"@type":"BreadcrumbList","@id":"https:\/\/www.dt-smart.com\/es\/producto\/flex-cable-for-iphone-11-pro-loudspeaker-connector-and-signal-line\/#breadcrumb","itemListElement":[{"@type":"ListItem","position":1,"name":"Home","item":"https:\/\/www.dt-smart.com\/"},{"@type":"ListItem","position":2,"name":"Product","item":"https:\/\/www.dt-smart.com\/ru\/product\/"},{"@type":"ListItem","position":3,"name":"iPhone 11 Pro Loudspeaker Flex Cable &#8211; Signal Integrity &#038; Connector for Bottom Speaker. Fast Shipping"}]},{"@type":"WebSite","@id":"https:\/\/www.dt-smart.com\/#website","url":"https:\/\/www.dt-smart.com\/","name":"InsurePart","description":"Handy-Ersatzteile; iPhone-Ersatzteile im Gro\u00dfhandel; Samsung-Ersatzteillieferant","potentialAction":[{"@type":"SearchAction","target":{"@type":"EntryPoint","urlTemplate":"https:\/\/www.dt-smart.com\/?s={search_term_string}"},"query-input":{"@type":"PropertyValueSpecification","valueRequired":true,"valueName":"search_term_string"}}],"inLanguage":"de"}]}},"_links":{"self":[{"href":"https:\/\/www.dt-smart.com\/de\/wp-json\/wp\/v2\/product\/19549","targetHints":{"allow":["GET"]}}],"collection":[{"href":"https:\/\/www.dt-smart.com\/de\/wp-json\/wp\/v2\/product"}],"about":[{"href":"https:\/\/www.dt-smart.com\/de\/wp-json\/wp\/v2\/types\/product"}],"replies":[{"embeddable":true,"href":"https:\/\/www.dt-smart.com\/de\/wp-json\/wp\/v2\/comments?post=19549"}],"version-history":[{"count":3,"href":"https:\/\/www.dt-smart.com\/de\/wp-json\/wp\/v2\/product\/19549\/revisions"}],"predecessor-version":[{"id":24302,"href":"https:\/\/www.dt-smart.com\/de\/wp-json\/wp\/v2\/product\/19549\/revisions\/24302"}],"wp:featuredmedia":[{"embeddable":true,"href":"https:\/\/www.dt-smart.com\/de\/wp-json\/wp\/v2\/media\/19578"}],"wp:attachment":[{"href":"https:\/\/www.dt-smart.com\/de\/wp-json\/wp\/v2\/media?parent=19549"}],"wp:term":[{"taxonomy":"product_brand","embeddable":true,"href":"https:\/\/www.dt-smart.com\/de\/wp-json\/wp\/v2\/product_brand?post=19549"},{"taxonomy":"product_cat","embeddable":true,"href":"https:\/\/www.dt-smart.com\/de\/wp-json\/wp\/v2\/product_cat?post=19549"},{"taxonomy":"product_tag","embeddable":true,"href":"https:\/\/www.dt-smart.com\/de\/wp-json\/wp\/v2\/product_tag?post=19549"}],"curies":[{"name":"wp","href":"https:\/\/api.w.org\/{rel}","templated":true}]}}