{"id":19648,"date":"2025-07-02T11:26:30","date_gmt":"2025-07-02T03:26:30","guid":{"rendered":"https:\/\/www.insurepart.com\/?post_type=product&#038;p=19648"},"modified":"2026-02-28T14:06:25","modified_gmt":"2026-02-28T06:06:25","slug":"13%e2%80%91inch-retina-display-replacement-for-macbook-pro-a1502-with-high-contrast-ratio-adaptive-true-tone-support-slim-profile-anti%e2%80%91reflection-layer-oem-level-calibration-and-quick-ins","status":"publish","type":"product","link":"https:\/\/www.dt-smart.com\/de\/produkt\/13%e2%80%91inch-retina-display-replacement-for-macbook-pro-a1502-with-high-contrast-ratio-adaptive-true-tone-support-slim-profile-anti%e2%80%91reflection-layer-oem-level-calibration-and-quick-ins\/","title":{"rendered":"MacBook Pro A1502 Retina-Display-Austausch \u2013 Hoher Kontrast &amp; True Tone \u2013 OEM-Kalibrierung \u2013 Schlankes, entspiegeltes Panel \u2013 Qualit\u00e4tsgarantie \u2013 Schneller Versand"},"content":{"rendered":"<p style=\"text-align: center;\"><img fetchpriority=\"high\" decoding=\"async\" class=\"alignnone size-full wp-image-15567\" src=\"https:\/\/www.insurepart.com\/wp-content\/uploads\/2024\/08\/\u4e3a\u4ec0\u4e48\u9009\u62e9\u6211\u4eec22.webp\" alt=\"\" width=\"1000\" height=\"786\" srcset=\"https:\/\/www.dt-smart.com\/wp-content\/uploads\/2024\/08\/\u4e3a\u4ec0\u4e48\u9009\u62e9\u6211\u4eec22.webp 1000w, https:\/\/www.dt-smart.com\/wp-content\/uploads\/2024\/08\/\u4e3a\u4ec0\u4e48\u9009\u62e9\u6211\u4eec22-300x236.webp 300w, https:\/\/www.dt-smart.com\/wp-content\/uploads\/2024\/08\/\u4e3a\u4ec0\u4e48\u9009\u62e9\u6211\u4eec22-150x118.webp 150w, https:\/\/www.dt-smart.com\/wp-content\/uploads\/2024\/08\/\u4e3a\u4ec0\u4e48\u9009\u62e9\u6211\u4eec22-800x629.webp 800w, https:\/\/www.dt-smart.com\/wp-content\/uploads\/2024\/08\/\u4e3a\u4ec0\u4e48\u9009\u62e9\u6211\u4eec22-768x604.webp 768w, https:\/\/www.dt-smart.com\/wp-content\/uploads\/2024\/08\/\u4e3a\u4ec0\u4e48\u9009\u62e9\u6211\u4eec22-15x12.webp 15w\" sizes=\"(max-width: 1000px) 100vw, 1000px\" \/><\/p>","protected":false},"excerpt":{"rendered":"<p>Frischen Sie Ihr 13-Zoll MacBook Pro A1502 (Ende 2013\u20132015) mit diesem leistungsstarken Retina-Display-Ersatzpanel auf \u2013 ideal f\u00fcr Profis und Gelegenheitsnutzer. Dank des hohen Kontrastverh\u00e4ltnisses besticht jedes Bild durch tiefe Schwarzt\u00f6ne und brillante Lichter. Adaptive True Tone passt die Farbtemperatur automatisch an das Umgebungslicht an und sorgt so f\u00fcr gleichbleibenden Sehkomfort auch bei l\u00e4ngeren Sitzungen. Das ultrad\u00fcnne, schlanke Design f\u00fcgt sich nahtlos in das Geh\u00e4use Ihres Laptops ein, ohne aufzutragen. Eine spezielle Antireflexionsschicht reduziert Spiegelungen bei Umgebungslicht. Werkseitig kalibriert f\u00fcr pr\u00e4zise Gamma-Wiedergabe und Farbtreue, eignet es sich perfekt f\u00fcr Bildbearbeiter, Designer und Videofans. Jedes Display durchl\u00e4uft strenge Qualit\u00e4tskontrollen, um Pixelfehler, sanfte \u00dcberg\u00e4nge der Hintergrundbeleuchtung und gleichm\u00e4\u00dfige Helligkeit zu gew\u00e4hrleisten. Geh\u00e4use und Anschl\u00fcsse in Erstausr\u00fcsterqualit\u00e4t erm\u00f6glichen einen einfachen Austausch ohne Spezialwerkzeug oder Anpassungen. Dieses Panel ist ideal f\u00fcr Berufst\u00e4tige, Kreative und Vielreisende und verbessert Helligkeit, Komfort und Bildqualit\u00e4t \u2013 f\u00fcr ein MacBook Pro, das wie neu aussieht.<\/p>","protected":false},"featured_media":22512,"comment_status":"open","ping_status":"closed","template":"","meta":[],"product_brand":[],"product_cat":[152,89,128],"product_tag":[],"class_list":{"0":"post-19648","1":"product","2":"type-product","3":"status-publish","4":"has-post-thumbnail","6":"product_cat-macbook","7":"product_cat-macbook-pro","8":"product_cat-pro-retina-13-a1502","10":"first","11":"instock","12":"taxable","13":"shipping-taxable","14":"purchasable","15":"product-type-simple"},"yoast_head":"<!-- This site is optimized with the Yoast SEO plugin v27.4 - https:\/\/yoast.com\/product\/yoast-seo-wordpress\/ -->\n<title>MacBook Pro A1502 Retina Display Replacement - High Contrast &amp; True Tone - OEM Calibration - Slim Anti-Reflection Panel - Quality Guaranteed - Fast Shipping - InsurePart<\/title>\n<meta name=\"description\" content=\"13\u2011Inch Retina Display Replacement for MacBook Pro A1502\" \/>\n<meta name=\"robots\" content=\"index, follow, max-snippet:-1, max-image-preview:large, max-video-preview:-1\" \/>\n<link rel=\"canonical\" href=\"https:\/\/www.dt-smart.com\/de\/produkt\/13\u2011inch-retina-display-replacement-for-macbook-pro-a1502-with-high-contrast-ratio-adaptive-true-tone-support-slim-profile-anti\u2011reflection-layer-oem-level-calibration-and-quick-ins\/\" \/>\n<meta property=\"og:locale\" content=\"de_DE\" \/>\n<meta property=\"og:type\" content=\"article\" \/>\n<meta property=\"og:title\" content=\"MacBook Pro A1502 Retina Display Replacement - High Contrast &amp; True Tone - OEM Calibration - Slim Anti-Reflection Panel - Quality Guaranteed - Fast Shipping - InsurePart\" \/>\n<meta property=\"og:description\" content=\"13\u2011Inch Retina Display Replacement for MacBook Pro A1502\" \/>\n<meta property=\"og:url\" content=\"https:\/\/www.dt-smart.com\/de\/produkt\/13\u2011inch-retina-display-replacement-for-macbook-pro-a1502-with-high-contrast-ratio-adaptive-true-tone-support-slim-profile-anti\u2011reflection-layer-oem-level-calibration-and-quick-ins\/\" \/>\n<meta property=\"og:site_name\" content=\"InsurePart\" \/>\n<meta property=\"article:publisher\" content=\"https:\/\/www.facebook.com\/anjinleeEva\" \/>\n<meta property=\"article:modified_time\" content=\"2026-02-28T06:06:25+00:00\" \/>\n<meta property=\"og:image\" content=\"https:\/\/www.dt-smart.com\/wp-content\/uploads\/2025\/07\/A1502.jpg\" \/>\n\t<meta property=\"og:image:width\" content=\"750\" \/>\n\t<meta property=\"og:image:height\" content=\"750\" \/>\n\t<meta property=\"og:image:type\" content=\"image\/jpeg\" \/>\n<meta name=\"twitter:card\" content=\"summary_large_image\" \/>\n<meta name=\"twitter:label1\" content=\"Gesch\u00e4tzte Lesezeit\" \/>\n\t<meta name=\"twitter:data1\" content=\"1\u00a0Minute\" \/>\n<script type=\"application\/ld+json\" class=\"yoast-schema-graph\">{\"@context\":\"https:\\\/\\\/schema.org\",\"@graph\":[{\"@type\":\"WebPage\",\"@id\":\"https:\\\/\\\/www.dt-smart.com\\\/de\\\/produkt\\\/13%e2%80%91inch-retina-display-replacement-for-macbook-pro-a1502-with-high-contrast-ratio-adaptive-true-tone-support-slim-profile-anti%e2%80%91reflection-layer-oem-level-calibration-and-quick-ins\\\/\",\"url\":\"https:\\\/\\\/www.dt-smart.com\\\/de\\\/produkt\\\/13%e2%80%91inch-retina-display-replacement-for-macbook-pro-a1502-with-high-contrast-ratio-adaptive-true-tone-support-slim-profile-anti%e2%80%91reflection-layer-oem-level-calibration-and-quick-ins\\\/\",\"name\":\"MacBook Pro A1502 Retina Display Replacement - High Contrast & True Tone - OEM Calibration - Slim Anti-Reflection Panel - Quality Guaranteed - Fast Shipping - InsurePart\",\"isPartOf\":{\"@id\":\"https:\\\/\\\/www.dt-smart.com\\\/#website\"},\"primaryImageOfPage\":{\"@id\":\"https:\\\/\\\/www.dt-smart.com\\\/de\\\/produkt\\\/13%e2%80%91inch-retina-display-replacement-for-macbook-pro-a1502-with-high-contrast-ratio-adaptive-true-tone-support-slim-profile-anti%e2%80%91reflection-layer-oem-level-calibration-and-quick-ins\\\/#primaryimage\"},\"image\":{\"@id\":\"https:\\\/\\\/www.dt-smart.com\\\/de\\\/produkt\\\/13%e2%80%91inch-retina-display-replacement-for-macbook-pro-a1502-with-high-contrast-ratio-adaptive-true-tone-support-slim-profile-anti%e2%80%91reflection-layer-oem-level-calibration-and-quick-ins\\\/#primaryimage\"},\"thumbnailUrl\":\"https:\\\/\\\/www.dt-smart.com\\\/wp-content\\\/uploads\\\/2025\\\/07\\\/A1502.jpg\",\"datePublished\":\"2025-07-02T03:26:30+00:00\",\"dateModified\":\"2026-02-28T06:06:25+00:00\",\"description\":\"13\u2011Inch Retina Display Replacement for MacBook Pro A1502\",\"breadcrumb\":{\"@id\":\"https:\\\/\\\/www.dt-smart.com\\\/de\\\/produkt\\\/13%e2%80%91inch-retina-display-replacement-for-macbook-pro-a1502-with-high-contrast-ratio-adaptive-true-tone-support-slim-profile-anti%e2%80%91reflection-layer-oem-level-calibration-and-quick-ins\\\/#breadcrumb\"},\"inLanguage\":\"de\",\"potentialAction\":[{\"@type\":\"ReadAction\",\"target\":[\"https:\\\/\\\/www.dt-smart.com\\\/de\\\/produkt\\\/13%e2%80%91inch-retina-display-replacement-for-macbook-pro-a1502-with-high-contrast-ratio-adaptive-true-tone-support-slim-profile-anti%e2%80%91reflection-layer-oem-level-calibration-and-quick-ins\\\/\"]}]},{\"@type\":\"ImageObject\",\"inLanguage\":\"de\",\"@id\":\"https:\\\/\\\/www.dt-smart.com\\\/de\\\/produkt\\\/13%e2%80%91inch-retina-display-replacement-for-macbook-pro-a1502-with-high-contrast-ratio-adaptive-true-tone-support-slim-profile-anti%e2%80%91reflection-layer-oem-level-calibration-and-quick-ins\\\/#primaryimage\",\"url\":\"https:\\\/\\\/www.dt-smart.com\\\/wp-content\\\/uploads\\\/2025\\\/07\\\/A1502.jpg\",\"contentUrl\":\"https:\\\/\\\/www.dt-smart.com\\\/wp-content\\\/uploads\\\/2025\\\/07\\\/A1502.jpg\",\"width\":750,\"height\":750},{\"@type\":\"BreadcrumbList\",\"@id\":\"https:\\\/\\\/www.dt-smart.com\\\/de\\\/produkt\\\/13%e2%80%91inch-retina-display-replacement-for-macbook-pro-a1502-with-high-contrast-ratio-adaptive-true-tone-support-slim-profile-anti%e2%80%91reflection-layer-oem-level-calibration-and-quick-ins\\\/#breadcrumb\",\"itemListElement\":[{\"@type\":\"ListItem\",\"position\":1,\"name\":\"Home\",\"item\":\"https:\\\/\\\/www.dt-smart.com\\\/\"},{\"@type\":\"ListItem\",\"position\":2,\"name\":\"Product\",\"item\":\"https:\\\/\\\/www.dt-smart.com\\\/ru\\\/product\\\/\"},{\"@type\":\"ListItem\",\"position\":3,\"name\":\"MacBook Pro A1502 Retina Display Replacement &#8211; High Contrast &#038; True Tone &#8211; OEM Calibration &#8211; Slim Anti-Reflection Panel &#8211; Quality Guaranteed &#8211; Fast Shipping\"}]},{\"@type\":\"WebSite\",\"@id\":\"https:\\\/\\\/www.dt-smart.com\\\/#website\",\"url\":\"https:\\\/\\\/www.dt-smart.com\\\/\",\"name\":\"InsurePart\",\"description\":\"Cell Phone Repair Parts; iPhone Parts Wholesale;Samsung Parts Supplier\",\"potentialAction\":[{\"@type\":\"SearchAction\",\"target\":{\"@type\":\"EntryPoint\",\"urlTemplate\":\"https:\\\/\\\/www.dt-smart.com\\\/?s={search_term_string}\"},\"query-input\":{\"@type\":\"PropertyValueSpecification\",\"valueRequired\":true,\"valueName\":\"search_term_string\"}}],\"inLanguage\":\"de\"}]}<\/script>\n<!-- \/ Yoast SEO plugin. -->","yoast_head_json":{"title":"MacBook Pro A1502 Retina Display Replacement - High Contrast & True Tone - OEM Calibration - Slim Anti-Reflection Panel - Quality Guaranteed - Fast Shipping - InsurePart","description":"13\u2011Inch Retina Display Replacement for MacBook Pro A1502","robots":{"index":"index","follow":"follow","max-snippet":"max-snippet:-1","max-image-preview":"max-image-preview:large","max-video-preview":"max-video-preview:-1"},"canonical":"https:\/\/www.dt-smart.com\/de\/produkt\/13\u2011inch-retina-display-replacement-for-macbook-pro-a1502-with-high-contrast-ratio-adaptive-true-tone-support-slim-profile-anti\u2011reflection-layer-oem-level-calibration-and-quick-ins\/","og_locale":"de_DE","og_type":"article","og_title":"MacBook Pro A1502 Retina Display Replacement - High Contrast & True Tone - OEM Calibration - Slim Anti-Reflection Panel - Quality Guaranteed - Fast Shipping - InsurePart","og_description":"13\u2011Inch Retina Display Replacement for MacBook Pro A1502","og_url":"https:\/\/www.dt-smart.com\/de\/produkt\/13\u2011inch-retina-display-replacement-for-macbook-pro-a1502-with-high-contrast-ratio-adaptive-true-tone-support-slim-profile-anti\u2011reflection-layer-oem-level-calibration-and-quick-ins\/","og_site_name":"InsurePart","article_publisher":"https:\/\/www.facebook.com\/anjinleeEva","article_modified_time":"2026-02-28T06:06:25+00:00","og_image":[{"width":750,"height":750,"url":"https:\/\/www.dt-smart.com\/wp-content\/uploads\/2025\/07\/A1502.jpg","type":"image\/jpeg"}],"twitter_card":"summary_large_image","twitter_misc":{"Gesch\u00e4tzte Lesezeit":"1\u00a0Minute"},"schema":{"@context":"https:\/\/schema.org","@graph":[{"@type":"WebPage","@id":"https:\/\/www.dt-smart.com\/de\/produkt\/13%e2%80%91inch-retina-display-replacement-for-macbook-pro-a1502-with-high-contrast-ratio-adaptive-true-tone-support-slim-profile-anti%e2%80%91reflection-layer-oem-level-calibration-and-quick-ins\/","url":"https:\/\/www.dt-smart.com\/de\/produkt\/13%e2%80%91inch-retina-display-replacement-for-macbook-pro-a1502-with-high-contrast-ratio-adaptive-true-tone-support-slim-profile-anti%e2%80%91reflection-layer-oem-level-calibration-and-quick-ins\/","name":"MacBook Pro A1502 Retina Display Replacement - High Contrast & True Tone - OEM Calibration - Slim Anti-Reflection Panel - Quality Guaranteed - Fast Shipping - InsurePart","isPartOf":{"@id":"https:\/\/www.dt-smart.com\/#website"},"primaryImageOfPage":{"@id":"https:\/\/www.dt-smart.com\/de\/produkt\/13%e2%80%91inch-retina-display-replacement-for-macbook-pro-a1502-with-high-contrast-ratio-adaptive-true-tone-support-slim-profile-anti%e2%80%91reflection-layer-oem-level-calibration-and-quick-ins\/#primaryimage"},"image":{"@id":"https:\/\/www.dt-smart.com\/de\/produkt\/13%e2%80%91inch-retina-display-replacement-for-macbook-pro-a1502-with-high-contrast-ratio-adaptive-true-tone-support-slim-profile-anti%e2%80%91reflection-layer-oem-level-calibration-and-quick-ins\/#primaryimage"},"thumbnailUrl":"https:\/\/www.dt-smart.com\/wp-content\/uploads\/2025\/07\/A1502.jpg","datePublished":"2025-07-02T03:26:30+00:00","dateModified":"2026-02-28T06:06:25+00:00","description":"13\u2011Inch Retina Display Replacement for MacBook Pro A1502","breadcrumb":{"@id":"https:\/\/www.dt-smart.com\/de\/produkt\/13%e2%80%91inch-retina-display-replacement-for-macbook-pro-a1502-with-high-contrast-ratio-adaptive-true-tone-support-slim-profile-anti%e2%80%91reflection-layer-oem-level-calibration-and-quick-ins\/#breadcrumb"},"inLanguage":"de","potentialAction":[{"@type":"ReadAction","target":["https:\/\/www.dt-smart.com\/de\/produkt\/13%e2%80%91inch-retina-display-replacement-for-macbook-pro-a1502-with-high-contrast-ratio-adaptive-true-tone-support-slim-profile-anti%e2%80%91reflection-layer-oem-level-calibration-and-quick-ins\/"]}]},{"@type":"ImageObject","inLanguage":"de","@id":"https:\/\/www.dt-smart.com\/de\/produkt\/13%e2%80%91inch-retina-display-replacement-for-macbook-pro-a1502-with-high-contrast-ratio-adaptive-true-tone-support-slim-profile-anti%e2%80%91reflection-layer-oem-level-calibration-and-quick-ins\/#primaryimage","url":"https:\/\/www.dt-smart.com\/wp-content\/uploads\/2025\/07\/A1502.jpg","contentUrl":"https:\/\/www.dt-smart.com\/wp-content\/uploads\/2025\/07\/A1502.jpg","width":750,"height":750},{"@type":"BreadcrumbList","@id":"https:\/\/www.dt-smart.com\/de\/produkt\/13%e2%80%91inch-retina-display-replacement-for-macbook-pro-a1502-with-high-contrast-ratio-adaptive-true-tone-support-slim-profile-anti%e2%80%91reflection-layer-oem-level-calibration-and-quick-ins\/#breadcrumb","itemListElement":[{"@type":"ListItem","position":1,"name":"Home","item":"https:\/\/www.dt-smart.com\/"},{"@type":"ListItem","position":2,"name":"Product","item":"https:\/\/www.dt-smart.com\/ru\/product\/"},{"@type":"ListItem","position":3,"name":"MacBook Pro A1502 Retina Display Replacement &#8211; High Contrast &#038; True Tone &#8211; OEM Calibration &#8211; Slim Anti-Reflection Panel &#8211; Quality Guaranteed &#8211; Fast Shipping"}]},{"@type":"WebSite","@id":"https:\/\/www.dt-smart.com\/#website","url":"https:\/\/www.dt-smart.com\/","name":"InsurePart","description":"Handy-Ersatzteile; iPhone-Ersatzteile im Gro\u00dfhandel; Samsung-Ersatzteillieferant","potentialAction":[{"@type":"SearchAction","target":{"@type":"EntryPoint","urlTemplate":"https:\/\/www.dt-smart.com\/?s={search_term_string}"},"query-input":{"@type":"PropertyValueSpecification","valueRequired":true,"valueName":"search_term_string"}}],"inLanguage":"de"}]}},"_links":{"self":[{"href":"https:\/\/www.dt-smart.com\/de\/wp-json\/wp\/v2\/product\/19648","targetHints":{"allow":["GET"]}}],"collection":[{"href":"https:\/\/www.dt-smart.com\/de\/wp-json\/wp\/v2\/product"}],"about":[{"href":"https:\/\/www.dt-smart.com\/de\/wp-json\/wp\/v2\/types\/product"}],"replies":[{"embeddable":true,"href":"https:\/\/www.dt-smart.com\/de\/wp-json\/wp\/v2\/comments?post=19648"}],"version-history":[{"count":3,"href":"https:\/\/www.dt-smart.com\/de\/wp-json\/wp\/v2\/product\/19648\/revisions"}],"predecessor-version":[{"id":23243,"href":"https:\/\/www.dt-smart.com\/de\/wp-json\/wp\/v2\/product\/19648\/revisions\/23243"}],"wp:featuredmedia":[{"embeddable":true,"href":"https:\/\/www.dt-smart.com\/de\/wp-json\/wp\/v2\/media\/22512"}],"wp:attachment":[{"href":"https:\/\/www.dt-smart.com\/de\/wp-json\/wp\/v2\/media?parent=19648"}],"wp:term":[{"taxonomy":"product_brand","embeddable":true,"href":"https:\/\/www.dt-smart.com\/de\/wp-json\/wp\/v2\/product_brand?post=19648"},{"taxonomy":"product_cat","embeddable":true,"href":"https:\/\/www.dt-smart.com\/de\/wp-json\/wp\/v2\/product_cat?post=19648"},{"taxonomy":"product_tag","embeddable":true,"href":"https:\/\/www.dt-smart.com\/de\/wp-json\/wp\/v2\/product_tag?post=19648"}],"curies":[{"name":"wp","href":"https:\/\/api.w.org\/{rel}","templated":true}]}}