{"id":19981,"date":"2025-07-15T15:13:14","date_gmt":"2025-07-15T07:13:14","guid":{"rendered":"https:\/\/www.insurepart.com\/?post_type=product&#038;p=19981"},"modified":"2026-03-04T15:29:36","modified_gmt":"2026-03-04T07:29:36","slug":"iphone-11-pro-high-grade-lcd-replacement-display-with-brilliant-brightness-true-tone-accuracy-and-fast-touch-recognition%ef%bc%88rj-jk-dd-tc-zy-quality%ef%bc%89","status":"publish","type":"product","link":"https:\/\/www.dt-smart.com\/de\/produkt\/iphone-11-pro-high-grade-lcd-replacement-display-with-brilliant-brightness-true-tone-accuracy-and-fast-touch-recognition%ef%bc%88rj-jk-dd-tc-zy-quality%ef%bc%89\/","title":{"rendered":"Hochwertiges LCD-Ersatzdisplay f\u00fcr iPhone 11 Pro mit brillanter Helligkeit, pr\u00e4ziser Farbwiedergabe und schneller Ber\u00fchrungserkennung (RJ-, JK-, DD-, TC- und ZY-Qualit\u00e4t)"},"content":{"rendered":"<p style=\"text-align: center;\"><img fetchpriority=\"high\" decoding=\"async\" class=\"alignnone size-full wp-image-15567\" src=\"https:\/\/www.insurepart.com\/wp-content\/uploads\/2024\/08\/\u4e3a\u4ec0\u4e48\u9009\u62e9\u6211\u4eec22.webp\" alt=\"\" width=\"1000\" height=\"786\" srcset=\"https:\/\/www.dt-smart.com\/wp-content\/uploads\/2024\/08\/\u4e3a\u4ec0\u4e48\u9009\u62e9\u6211\u4eec22.webp 1000w, https:\/\/www.dt-smart.com\/wp-content\/uploads\/2024\/08\/\u4e3a\u4ec0\u4e48\u9009\u62e9\u6211\u4eec22-300x236.webp 300w, https:\/\/www.dt-smart.com\/wp-content\/uploads\/2024\/08\/\u4e3a\u4ec0\u4e48\u9009\u62e9\u6211\u4eec22-150x118.webp 150w, https:\/\/www.dt-smart.com\/wp-content\/uploads\/2024\/08\/\u4e3a\u4ec0\u4e48\u9009\u62e9\u6211\u4eec22-800x629.webp 800w, https:\/\/www.dt-smart.com\/wp-content\/uploads\/2024\/08\/\u4e3a\u4ec0\u4e48\u9009\u62e9\u6211\u4eec22-768x604.webp 768w, https:\/\/www.dt-smart.com\/wp-content\/uploads\/2024\/08\/\u4e3a\u4ec0\u4e48\u9009\u62e9\u6211\u4eec22-15x12.webp 15w\" sizes=\"(max-width: 1000px) 100vw, 1000px\" \/><\/p>","protected":false},"excerpt":{"rendered":"<p><span style=\"font-size: 10pt;\">Ersetzen Sie den Bildschirm Ihres iPhone 11 Pro durch dieses vollst\u00e4ndig getestete, leistungsstarke LCD-Display. Es entspricht den Originalspezifikationen hinsichtlich Helligkeit, Farbgenauigkeit und Ber\u00fchrungsempfindlichkeit. Die True Tone-Technologie sorgt f\u00fcr eine automatische Anpassung an das Umgebungslicht, und die robuste Konstruktion garantiert eine lange Lebensdauer. Jedes Display ist pixelgenau gepr\u00fcft und somit ideal f\u00fcr hochwertige Reparaturen und die Aufarbeitung von Einzelhandelsprodukten geeignet.<\/span><\/p>","protected":false},"featured_media":19918,"comment_status":"open","ping_status":"closed","template":"","meta":[],"product_brand":[],"product_cat":[466,42,102],"product_tag":[],"class_list":{"0":"post-19981","1":"product","2":"type-product","3":"status-publish","4":"has-post-thumbnail","6":"product_cat-all-iphone-lcds","7":"product_cat-iphone","8":"product_cat-iphone-11-pro","10":"first","11":"instock","12":"taxable","13":"shipping-taxable","14":"purchasable","15":"product-type-variable"},"yoast_head":"<!-- This site is optimized with the Yoast SEO plugin v27.4 - https:\/\/yoast.com\/product\/yoast-seo-wordpress\/ -->\n<title>iPhone 11 Pro High-Grade LCD Replacement Display with Brilliant Brightness, True Tone Accuracy and Fast Touch Recognition\uff08RJ &amp; JK &amp; DD &amp; TC &amp; ZY Quality\uff09 - InsurePart<\/title>\n<meta name=\"description\" content=\"iPhone 11 Pro High-Grade LCD Replacement Display with Brilliant Brightness, True Tone Accuracy and Fast Touch Recognition\uff08RJ &amp; JK &amp; DD &amp; TC &amp; ZY Quality\uff09\" \/>\n<meta name=\"robots\" content=\"index, follow, max-snippet:-1, max-image-preview:large, max-video-preview:-1\" \/>\n<link rel=\"canonical\" href=\"https:\/\/www.dt-smart.com\/de\/produkt\/iphone-11-pro-high-grade-lcd-replacement-display-with-brilliant-brightness-true-tone-accuracy-and-fast-touch-recognition\uff08rj-jk-dd-tc-zy-quality\uff09\/\" \/>\n<meta property=\"og:locale\" content=\"de_DE\" \/>\n<meta property=\"og:type\" content=\"article\" \/>\n<meta property=\"og:title\" content=\"iPhone 11 Pro High-Grade LCD Replacement Display with Brilliant Brightness, True Tone Accuracy and Fast Touch Recognition\uff08RJ &amp; JK &amp; DD &amp; TC &amp; ZY Quality\uff09 - InsurePart\" \/>\n<meta property=\"og:description\" content=\"iPhone 11 Pro High-Grade LCD Replacement Display with Brilliant Brightness, True Tone Accuracy and Fast Touch Recognition\uff08RJ &amp; JK &amp; DD &amp; TC &amp; ZY Quality\uff09\" \/>\n<meta property=\"og:url\" content=\"https:\/\/www.dt-smart.com\/de\/produkt\/iphone-11-pro-high-grade-lcd-replacement-display-with-brilliant-brightness-true-tone-accuracy-and-fast-touch-recognition\uff08rj-jk-dd-tc-zy-quality\uff09\/\" \/>\n<meta property=\"og:site_name\" content=\"InsurePart\" \/>\n<meta property=\"article:publisher\" content=\"https:\/\/www.facebook.com\/anjinleeEva\" \/>\n<meta property=\"article:modified_time\" content=\"2026-03-04T07:29:36+00:00\" \/>\n<meta property=\"og:image\" content=\"https:\/\/www.dt-smart.com\/wp-content\/uploads\/2025\/07\/11Pro.webp\" \/>\n\t<meta property=\"og:image:width\" content=\"800\" \/>\n\t<meta property=\"og:image:height\" content=\"800\" \/>\n\t<meta property=\"og:image:type\" content=\"image\/webp\" \/>\n<meta name=\"twitter:card\" content=\"summary_large_image\" \/>\n<meta name=\"twitter:label1\" content=\"Gesch\u00e4tzte Lesezeit\" \/>\n\t<meta name=\"twitter:data1\" content=\"1\u00a0Minute\" \/>\n<script type=\"application\/ld+json\" class=\"yoast-schema-graph\">{\"@context\":\"https:\\\/\\\/schema.org\",\"@graph\":[{\"@type\":\"WebPage\",\"@id\":\"https:\\\/\\\/www.dt-smart.com\\\/product\\\/iphone-11-pro-high-grade-lcd-replacement-display-with-brilliant-brightness-true-tone-accuracy-and-fast-touch-recognition%ef%bc%88rj-jk-dd-tc-zy-quality%ef%bc%89\\\/\",\"url\":\"https:\\\/\\\/www.dt-smart.com\\\/product\\\/iphone-11-pro-high-grade-lcd-replacement-display-with-brilliant-brightness-true-tone-accuracy-and-fast-touch-recognition%ef%bc%88rj-jk-dd-tc-zy-quality%ef%bc%89\\\/\",\"name\":\"iPhone 11 Pro High-Grade LCD Replacement Display with Brilliant Brightness, True Tone Accuracy and Fast Touch Recognition\uff08RJ & JK & DD & TC & ZY Quality\uff09 - InsurePart\",\"isPartOf\":{\"@id\":\"https:\\\/\\\/www.dt-smart.com\\\/#website\"},\"primaryImageOfPage\":{\"@id\":\"https:\\\/\\\/www.dt-smart.com\\\/product\\\/iphone-11-pro-high-grade-lcd-replacement-display-with-brilliant-brightness-true-tone-accuracy-and-fast-touch-recognition%ef%bc%88rj-jk-dd-tc-zy-quality%ef%bc%89\\\/#primaryimage\"},\"image\":{\"@id\":\"https:\\\/\\\/www.dt-smart.com\\\/product\\\/iphone-11-pro-high-grade-lcd-replacement-display-with-brilliant-brightness-true-tone-accuracy-and-fast-touch-recognition%ef%bc%88rj-jk-dd-tc-zy-quality%ef%bc%89\\\/#primaryimage\"},\"thumbnailUrl\":\"https:\\\/\\\/www.dt-smart.com\\\/wp-content\\\/uploads\\\/2025\\\/07\\\/11Pro.webp\",\"datePublished\":\"2025-07-15T07:13:14+00:00\",\"dateModified\":\"2026-03-04T07:29:36+00:00\",\"description\":\"iPhone 11 Pro High-Grade LCD Replacement Display with Brilliant Brightness, True Tone Accuracy and Fast Touch Recognition\uff08RJ & JK & DD & TC & ZY Quality\uff09\",\"breadcrumb\":{\"@id\":\"https:\\\/\\\/www.dt-smart.com\\\/product\\\/iphone-11-pro-high-grade-lcd-replacement-display-with-brilliant-brightness-true-tone-accuracy-and-fast-touch-recognition%ef%bc%88rj-jk-dd-tc-zy-quality%ef%bc%89\\\/#breadcrumb\"},\"inLanguage\":\"de\",\"potentialAction\":[{\"@type\":\"ReadAction\",\"target\":[\"https:\\\/\\\/www.dt-smart.com\\\/product\\\/iphone-11-pro-high-grade-lcd-replacement-display-with-brilliant-brightness-true-tone-accuracy-and-fast-touch-recognition%ef%bc%88rj-jk-dd-tc-zy-quality%ef%bc%89\\\/\"]}]},{\"@type\":\"ImageObject\",\"inLanguage\":\"de\",\"@id\":\"https:\\\/\\\/www.dt-smart.com\\\/product\\\/iphone-11-pro-high-grade-lcd-replacement-display-with-brilliant-brightness-true-tone-accuracy-and-fast-touch-recognition%ef%bc%88rj-jk-dd-tc-zy-quality%ef%bc%89\\\/#primaryimage\",\"url\":\"https:\\\/\\\/www.dt-smart.com\\\/wp-content\\\/uploads\\\/2025\\\/07\\\/11Pro.webp\",\"contentUrl\":\"https:\\\/\\\/www.dt-smart.com\\\/wp-content\\\/uploads\\\/2025\\\/07\\\/11Pro.webp\",\"width\":800,\"height\":800},{\"@type\":\"BreadcrumbList\",\"@id\":\"https:\\\/\\\/www.dt-smart.com\\\/product\\\/iphone-11-pro-high-grade-lcd-replacement-display-with-brilliant-brightness-true-tone-accuracy-and-fast-touch-recognition%ef%bc%88rj-jk-dd-tc-zy-quality%ef%bc%89\\\/#breadcrumb\",\"itemListElement\":[{\"@type\":\"ListItem\",\"position\":1,\"name\":\"Home\",\"item\":\"https:\\\/\\\/www.dt-smart.com\\\/\"},{\"@type\":\"ListItem\",\"position\":2,\"name\":\"Product\",\"item\":\"https:\\\/\\\/www.dt-smart.com\\\/ru\\\/product\\\/\"},{\"@type\":\"ListItem\",\"position\":3,\"name\":\"iPhone 11 Pro High-Grade LCD Replacement Display with Brilliant Brightness, True Tone Accuracy and Fast Touch Recognition\uff08RJ &#038; JK &#038; DD &#038; TC &#038; ZY Quality\uff09\"}]},{\"@type\":\"WebSite\",\"@id\":\"https:\\\/\\\/www.dt-smart.com\\\/#website\",\"url\":\"https:\\\/\\\/www.dt-smart.com\\\/\",\"name\":\"InsurePart\",\"description\":\"Cell Phone Repair Parts; iPhone Parts Wholesale;Samsung Parts Supplier\",\"potentialAction\":[{\"@type\":\"SearchAction\",\"target\":{\"@type\":\"EntryPoint\",\"urlTemplate\":\"https:\\\/\\\/www.dt-smart.com\\\/?s={search_term_string}\"},\"query-input\":{\"@type\":\"PropertyValueSpecification\",\"valueRequired\":true,\"valueName\":\"search_term_string\"}}],\"inLanguage\":\"de\"}]}<\/script>\n<!-- \/ Yoast SEO plugin. -->","yoast_head_json":{"title":"iPhone 11 Pro High-Grade LCD Replacement Display with Brilliant Brightness, True Tone Accuracy and Fast Touch Recognition\uff08RJ & JK & DD & TC & ZY Quality\uff09 - InsurePart","description":"iPhone 11 Pro High-Grade LCD Replacement Display with Brilliant Brightness, True Tone Accuracy and Fast Touch Recognition\uff08RJ & JK & DD & TC & ZY Quality\uff09","robots":{"index":"index","follow":"follow","max-snippet":"max-snippet:-1","max-image-preview":"max-image-preview:large","max-video-preview":"max-video-preview:-1"},"canonical":"https:\/\/www.dt-smart.com\/de\/produkt\/iphone-11-pro-high-grade-lcd-replacement-display-with-brilliant-brightness-true-tone-accuracy-and-fast-touch-recognition\uff08rj-jk-dd-tc-zy-quality\uff09\/","og_locale":"de_DE","og_type":"article","og_title":"iPhone 11 Pro High-Grade LCD Replacement Display with Brilliant Brightness, True Tone Accuracy and Fast Touch Recognition\uff08RJ & JK & DD & TC & ZY Quality\uff09 - InsurePart","og_description":"iPhone 11 Pro High-Grade LCD Replacement Display with Brilliant Brightness, True Tone Accuracy and Fast Touch Recognition\uff08RJ & JK & DD & TC & ZY Quality\uff09","og_url":"https:\/\/www.dt-smart.com\/de\/produkt\/iphone-11-pro-high-grade-lcd-replacement-display-with-brilliant-brightness-true-tone-accuracy-and-fast-touch-recognition\uff08rj-jk-dd-tc-zy-quality\uff09\/","og_site_name":"InsurePart","article_publisher":"https:\/\/www.facebook.com\/anjinleeEva","article_modified_time":"2026-03-04T07:29:36+00:00","og_image":[{"width":800,"height":800,"url":"https:\/\/www.dt-smart.com\/wp-content\/uploads\/2025\/07\/11Pro.webp","type":"image\/webp"}],"twitter_card":"summary_large_image","twitter_misc":{"Gesch\u00e4tzte Lesezeit":"1\u00a0Minute"},"schema":{"@context":"https:\/\/schema.org","@graph":[{"@type":"WebPage","@id":"https:\/\/www.dt-smart.com\/product\/iphone-11-pro-high-grade-lcd-replacement-display-with-brilliant-brightness-true-tone-accuracy-and-fast-touch-recognition%ef%bc%88rj-jk-dd-tc-zy-quality%ef%bc%89\/","url":"https:\/\/www.dt-smart.com\/product\/iphone-11-pro-high-grade-lcd-replacement-display-with-brilliant-brightness-true-tone-accuracy-and-fast-touch-recognition%ef%bc%88rj-jk-dd-tc-zy-quality%ef%bc%89\/","name":"iPhone 11 Pro High-Grade LCD Replacement Display with Brilliant Brightness, True Tone Accuracy and Fast Touch Recognition\uff08RJ & JK & DD & TC & ZY Quality\uff09 - InsurePart","isPartOf":{"@id":"https:\/\/www.dt-smart.com\/#website"},"primaryImageOfPage":{"@id":"https:\/\/www.dt-smart.com\/product\/iphone-11-pro-high-grade-lcd-replacement-display-with-brilliant-brightness-true-tone-accuracy-and-fast-touch-recognition%ef%bc%88rj-jk-dd-tc-zy-quality%ef%bc%89\/#primaryimage"},"image":{"@id":"https:\/\/www.dt-smart.com\/product\/iphone-11-pro-high-grade-lcd-replacement-display-with-brilliant-brightness-true-tone-accuracy-and-fast-touch-recognition%ef%bc%88rj-jk-dd-tc-zy-quality%ef%bc%89\/#primaryimage"},"thumbnailUrl":"https:\/\/www.dt-smart.com\/wp-content\/uploads\/2025\/07\/11Pro.webp","datePublished":"2025-07-15T07:13:14+00:00","dateModified":"2026-03-04T07:29:36+00:00","description":"iPhone 11 Pro High-Grade LCD Replacement Display with Brilliant Brightness, True Tone Accuracy and Fast Touch Recognition\uff08RJ & JK & DD & TC & ZY Quality\uff09","breadcrumb":{"@id":"https:\/\/www.dt-smart.com\/product\/iphone-11-pro-high-grade-lcd-replacement-display-with-brilliant-brightness-true-tone-accuracy-and-fast-touch-recognition%ef%bc%88rj-jk-dd-tc-zy-quality%ef%bc%89\/#breadcrumb"},"inLanguage":"de","potentialAction":[{"@type":"ReadAction","target":["https:\/\/www.dt-smart.com\/product\/iphone-11-pro-high-grade-lcd-replacement-display-with-brilliant-brightness-true-tone-accuracy-and-fast-touch-recognition%ef%bc%88rj-jk-dd-tc-zy-quality%ef%bc%89\/"]}]},{"@type":"ImageObject","inLanguage":"de","@id":"https:\/\/www.dt-smart.com\/product\/iphone-11-pro-high-grade-lcd-replacement-display-with-brilliant-brightness-true-tone-accuracy-and-fast-touch-recognition%ef%bc%88rj-jk-dd-tc-zy-quality%ef%bc%89\/#primaryimage","url":"https:\/\/www.dt-smart.com\/wp-content\/uploads\/2025\/07\/11Pro.webp","contentUrl":"https:\/\/www.dt-smart.com\/wp-content\/uploads\/2025\/07\/11Pro.webp","width":800,"height":800},{"@type":"BreadcrumbList","@id":"https:\/\/www.dt-smart.com\/product\/iphone-11-pro-high-grade-lcd-replacement-display-with-brilliant-brightness-true-tone-accuracy-and-fast-touch-recognition%ef%bc%88rj-jk-dd-tc-zy-quality%ef%bc%89\/#breadcrumb","itemListElement":[{"@type":"ListItem","position":1,"name":"Home","item":"https:\/\/www.dt-smart.com\/"},{"@type":"ListItem","position":2,"name":"Product","item":"https:\/\/www.dt-smart.com\/ru\/product\/"},{"@type":"ListItem","position":3,"name":"iPhone 11 Pro High-Grade LCD Replacement Display with Brilliant Brightness, True Tone Accuracy and Fast Touch Recognition\uff08RJ &#038; JK &#038; DD &#038; TC &#038; ZY Quality\uff09"}]},{"@type":"WebSite","@id":"https:\/\/www.dt-smart.com\/#website","url":"https:\/\/www.dt-smart.com\/","name":"InsurePart","description":"Handy-Ersatzteile; iPhone-Ersatzteile im Gro\u00dfhandel; Samsung-Ersatzteillieferant","potentialAction":[{"@type":"SearchAction","target":{"@type":"EntryPoint","urlTemplate":"https:\/\/www.dt-smart.com\/?s={search_term_string}"},"query-input":{"@type":"PropertyValueSpecification","valueRequired":true,"valueName":"search_term_string"}}],"inLanguage":"de"}]}},"_links":{"self":[{"href":"https:\/\/www.dt-smart.com\/de\/wp-json\/wp\/v2\/product\/19981","targetHints":{"allow":["GET"]}}],"collection":[{"href":"https:\/\/www.dt-smart.com\/de\/wp-json\/wp\/v2\/product"}],"about":[{"href":"https:\/\/www.dt-smart.com\/de\/wp-json\/wp\/v2\/types\/product"}],"replies":[{"embeddable":true,"href":"https:\/\/www.dt-smart.com\/de\/wp-json\/wp\/v2\/comments?post=19981"}],"version-history":[{"count":2,"href":"https:\/\/www.dt-smart.com\/de\/wp-json\/wp\/v2\/product\/19981\/revisions"}],"predecessor-version":[{"id":24909,"href":"https:\/\/www.dt-smart.com\/de\/wp-json\/wp\/v2\/product\/19981\/revisions\/24909"}],"wp:featuredmedia":[{"embeddable":true,"href":"https:\/\/www.dt-smart.com\/de\/wp-json\/wp\/v2\/media\/19918"}],"wp:attachment":[{"href":"https:\/\/www.dt-smart.com\/de\/wp-json\/wp\/v2\/media?parent=19981"}],"wp:term":[{"taxonomy":"product_brand","embeddable":true,"href":"https:\/\/www.dt-smart.com\/de\/wp-json\/wp\/v2\/product_brand?post=19981"},{"taxonomy":"product_cat","embeddable":true,"href":"https:\/\/www.dt-smart.com\/de\/wp-json\/wp\/v2\/product_cat?post=19981"},{"taxonomy":"product_tag","embeddable":true,"href":"https:\/\/www.dt-smart.com\/de\/wp-json\/wp\/v2\/product_tag?post=19981"}],"curies":[{"name":"wp","href":"https:\/\/api.w.org\/{rel}","templated":true}]}}