{"id":20055,"date":"2025-07-15T16:16:41","date_gmt":"2025-07-15T08:16:41","guid":{"rendered":"https:\/\/www.insurepart.com\/?post_type=product&#038;p=20055"},"modified":"2026-03-04T15:55:33","modified_gmt":"2026-03-04T07:55:33","slug":"iphone-12-pro-lcd-display-touch-assembly-with-oem-quality-smooth-touch-experience-and-true-tone-color-matching%ef%bc%88rj-jk-dd-tc-zy-quality%ef%bc%89","status":"publish","type":"product","link":"https:\/\/www.dt-smart.com\/de\/produkt\/iphone-12-pro-lcd-display-touch-assembly-with-oem-quality-smooth-touch-experience-and-true-tone-color-matching%ef%bc%88rj-jk-dd-tc-zy-quality%ef%bc%89\/","title":{"rendered":"iPhone 12 Pro LCD-Display-Touch-Einheit in Erstausr\u00fcsterqualit\u00e4t mit fl\u00fcssiger Touch-Bedienung und True Tone-Farbabstimmung (RJ-, JK-, DD-, TC- und ZY-Qualit\u00e4t)"},"content":{"rendered":"<p style=\"text-align: center;\"><img fetchpriority=\"high\" decoding=\"async\" class=\"alignnone size-full wp-image-15567\" src=\"https:\/\/www.insurepart.com\/wp-content\/uploads\/2024\/08\/\u4e3a\u4ec0\u4e48\u9009\u62e9\u6211\u4eec22.webp\" alt=\"\" width=\"1000\" height=\"786\" srcset=\"https:\/\/www.dt-smart.com\/wp-content\/uploads\/2024\/08\/\u4e3a\u4ec0\u4e48\u9009\u62e9\u6211\u4eec22.webp 1000w, https:\/\/www.dt-smart.com\/wp-content\/uploads\/2024\/08\/\u4e3a\u4ec0\u4e48\u9009\u62e9\u6211\u4eec22-300x236.webp 300w, https:\/\/www.dt-smart.com\/wp-content\/uploads\/2024\/08\/\u4e3a\u4ec0\u4e48\u9009\u62e9\u6211\u4eec22-150x118.webp 150w, https:\/\/www.dt-smart.com\/wp-content\/uploads\/2024\/08\/\u4e3a\u4ec0\u4e48\u9009\u62e9\u6211\u4eec22-800x629.webp 800w, https:\/\/www.dt-smart.com\/wp-content\/uploads\/2024\/08\/\u4e3a\u4ec0\u4e48\u9009\u62e9\u6211\u4eec22-768x604.webp 768w, https:\/\/www.dt-smart.com\/wp-content\/uploads\/2024\/08\/\u4e3a\u4ec0\u4e48\u9009\u62e9\u6211\u4eec22-15x12.webp 15w\" sizes=\"(max-width: 1000px) 100vw, 1000px\" \/><\/p>","protected":false},"excerpt":{"rendered":"<p><span style=\"font-size: 10pt;\">Ersetzen Sie Ihr gesprungenes oder verblasstes Display durch dieses hochwertige iPhone 12 Pro LCD. Es bietet dieselbe Aufl\u00f6sung, Helligkeit und Ber\u00fchrungsempfindlichkeit wie das Originaldisplay. Dank True Tone ist eine gleichbleibende Farbwiedergabe unter allen Lichtverh\u00e4ltnissen gew\u00e4hrleistet. Jedes Display wird auf Pixelfehler, Geisterbilder und gleichm\u00e4\u00dfige Hintergrundbeleuchtung gepr\u00fcft. Durch seine robuste Bauweise und die einfache Installation ist dieses Display ideal f\u00fcr Reparaturwerkst\u00e4tten und H\u00e4ndler, die langlebige und optisch brillante Ersatzteile anbieten m\u00f6chten.<\/span><\/p>","protected":false},"featured_media":19893,"comment_status":"open","ping_status":"closed","template":"","meta":[],"product_brand":[],"product_cat":[466,42,98],"product_tag":[],"class_list":{"0":"post-20055","1":"product","2":"type-product","3":"status-publish","4":"has-post-thumbnail","6":"product_cat-all-iphone-lcds","7":"product_cat-iphone","8":"product_cat-iphone-12-pro","10":"first","11":"instock","12":"taxable","13":"shipping-taxable","14":"purchasable","15":"product-type-variable"},"yoast_head":"<!-- This site is optimized with the Yoast SEO plugin v27.4 - https:\/\/yoast.com\/product\/yoast-seo-wordpress\/ -->\n<title>iPhone 12 Pro LCD Display Touch Assembly with OEM Quality, Smooth Touch Experience and True Tone Color Matching\uff08RJ &amp; JK &amp; DD &amp; TC &amp; ZY Quality\uff09 - InsurePart<\/title>\n<meta name=\"description\" content=\"iPhone 12 Pro LCD Display Touch Assembly with OEM Quality, Smooth Touch Experience and True Tone Color Matching\uff08RJ &amp; JK &amp; DD &amp; TC &amp; ZY Quality\uff09\" \/>\n<meta name=\"robots\" content=\"index, follow, max-snippet:-1, max-image-preview:large, max-video-preview:-1\" \/>\n<link rel=\"canonical\" href=\"https:\/\/www.dt-smart.com\/de\/produkt\/iphone-12-pro-lcd-display-touch-assembly-with-oem-quality-smooth-touch-experience-and-true-tone-color-matching\uff08rj-jk-dd-tc-zy-quality\uff09\/\" \/>\n<meta property=\"og:locale\" content=\"de_DE\" \/>\n<meta property=\"og:type\" content=\"article\" \/>\n<meta property=\"og:title\" content=\"iPhone 12 Pro LCD Display Touch Assembly with OEM Quality, Smooth Touch Experience and True Tone Color Matching\uff08RJ &amp; JK &amp; DD &amp; TC &amp; ZY Quality\uff09 - InsurePart\" \/>\n<meta property=\"og:description\" content=\"iPhone 12 Pro LCD Display Touch Assembly with OEM Quality, Smooth Touch Experience and True Tone Color Matching\uff08RJ &amp; JK &amp; DD &amp; TC &amp; ZY Quality\uff09\" \/>\n<meta property=\"og:url\" content=\"https:\/\/www.dt-smart.com\/de\/produkt\/iphone-12-pro-lcd-display-touch-assembly-with-oem-quality-smooth-touch-experience-and-true-tone-color-matching\uff08rj-jk-dd-tc-zy-quality\uff09\/\" \/>\n<meta property=\"og:site_name\" content=\"InsurePart\" \/>\n<meta property=\"article:publisher\" content=\"https:\/\/www.facebook.com\/anjinleeEva\" \/>\n<meta property=\"article:modified_time\" content=\"2026-03-04T07:55:33+00:00\" \/>\n<meta property=\"og:image\" content=\"https:\/\/www.dt-smart.com\/wp-content\/uploads\/2025\/07\/12Pro.webp\" \/>\n\t<meta property=\"og:image:width\" content=\"800\" \/>\n\t<meta property=\"og:image:height\" content=\"800\" \/>\n\t<meta property=\"og:image:type\" content=\"image\/webp\" \/>\n<meta name=\"twitter:card\" content=\"summary_large_image\" \/>\n<meta name=\"twitter:label1\" content=\"Gesch\u00e4tzte Lesezeit\" \/>\n\t<meta name=\"twitter:data1\" content=\"1\u00a0Minute\" \/>\n<script type=\"application\/ld+json\" class=\"yoast-schema-graph\">{\"@context\":\"https:\\\/\\\/schema.org\",\"@graph\":[{\"@type\":\"WebPage\",\"@id\":\"https:\\\/\\\/www.dt-smart.com\\\/product\\\/iphone-12-pro-lcd-display-touch-assembly-with-oem-quality-smooth-touch-experience-and-true-tone-color-matching%ef%bc%88rj-jk-dd-tc-zy-quality%ef%bc%89\\\/\",\"url\":\"https:\\\/\\\/www.dt-smart.com\\\/product\\\/iphone-12-pro-lcd-display-touch-assembly-with-oem-quality-smooth-touch-experience-and-true-tone-color-matching%ef%bc%88rj-jk-dd-tc-zy-quality%ef%bc%89\\\/\",\"name\":\"iPhone 12 Pro LCD Display Touch Assembly with OEM Quality, Smooth Touch Experience and True Tone Color Matching\uff08RJ & JK & DD & TC & ZY Quality\uff09 - InsurePart\",\"isPartOf\":{\"@id\":\"https:\\\/\\\/www.dt-smart.com\\\/#website\"},\"primaryImageOfPage\":{\"@id\":\"https:\\\/\\\/www.dt-smart.com\\\/product\\\/iphone-12-pro-lcd-display-touch-assembly-with-oem-quality-smooth-touch-experience-and-true-tone-color-matching%ef%bc%88rj-jk-dd-tc-zy-quality%ef%bc%89\\\/#primaryimage\"},\"image\":{\"@id\":\"https:\\\/\\\/www.dt-smart.com\\\/product\\\/iphone-12-pro-lcd-display-touch-assembly-with-oem-quality-smooth-touch-experience-and-true-tone-color-matching%ef%bc%88rj-jk-dd-tc-zy-quality%ef%bc%89\\\/#primaryimage\"},\"thumbnailUrl\":\"https:\\\/\\\/www.dt-smart.com\\\/wp-content\\\/uploads\\\/2025\\\/07\\\/12Pro.webp\",\"datePublished\":\"2025-07-15T08:16:41+00:00\",\"dateModified\":\"2026-03-04T07:55:33+00:00\",\"description\":\"iPhone 12 Pro LCD Display Touch Assembly with OEM Quality, Smooth Touch Experience and True Tone Color Matching\uff08RJ & JK & DD & TC & ZY Quality\uff09\",\"breadcrumb\":{\"@id\":\"https:\\\/\\\/www.dt-smart.com\\\/product\\\/iphone-12-pro-lcd-display-touch-assembly-with-oem-quality-smooth-touch-experience-and-true-tone-color-matching%ef%bc%88rj-jk-dd-tc-zy-quality%ef%bc%89\\\/#breadcrumb\"},\"inLanguage\":\"de\",\"potentialAction\":[{\"@type\":\"ReadAction\",\"target\":[\"https:\\\/\\\/www.dt-smart.com\\\/product\\\/iphone-12-pro-lcd-display-touch-assembly-with-oem-quality-smooth-touch-experience-and-true-tone-color-matching%ef%bc%88rj-jk-dd-tc-zy-quality%ef%bc%89\\\/\"]}]},{\"@type\":\"ImageObject\",\"inLanguage\":\"de\",\"@id\":\"https:\\\/\\\/www.dt-smart.com\\\/product\\\/iphone-12-pro-lcd-display-touch-assembly-with-oem-quality-smooth-touch-experience-and-true-tone-color-matching%ef%bc%88rj-jk-dd-tc-zy-quality%ef%bc%89\\\/#primaryimage\",\"url\":\"https:\\\/\\\/www.dt-smart.com\\\/wp-content\\\/uploads\\\/2025\\\/07\\\/12Pro.webp\",\"contentUrl\":\"https:\\\/\\\/www.dt-smart.com\\\/wp-content\\\/uploads\\\/2025\\\/07\\\/12Pro.webp\",\"width\":800,\"height\":800},{\"@type\":\"BreadcrumbList\",\"@id\":\"https:\\\/\\\/www.dt-smart.com\\\/product\\\/iphone-12-pro-lcd-display-touch-assembly-with-oem-quality-smooth-touch-experience-and-true-tone-color-matching%ef%bc%88rj-jk-dd-tc-zy-quality%ef%bc%89\\\/#breadcrumb\",\"itemListElement\":[{\"@type\":\"ListItem\",\"position\":1,\"name\":\"Home\",\"item\":\"https:\\\/\\\/www.dt-smart.com\\\/\"},{\"@type\":\"ListItem\",\"position\":2,\"name\":\"Product\",\"item\":\"https:\\\/\\\/www.dt-smart.com\\\/ru\\\/product\\\/\"},{\"@type\":\"ListItem\",\"position\":3,\"name\":\"iPhone 12 Pro LCD Display Touch Assembly with OEM Quality, Smooth Touch Experience and True Tone Color Matching\uff08RJ &#038; JK &#038; DD &#038; TC &#038; ZY Quality\uff09\"}]},{\"@type\":\"WebSite\",\"@id\":\"https:\\\/\\\/www.dt-smart.com\\\/#website\",\"url\":\"https:\\\/\\\/www.dt-smart.com\\\/\",\"name\":\"InsurePart\",\"description\":\"Cell Phone Repair Parts; iPhone Parts Wholesale;Samsung Parts Supplier\",\"potentialAction\":[{\"@type\":\"SearchAction\",\"target\":{\"@type\":\"EntryPoint\",\"urlTemplate\":\"https:\\\/\\\/www.dt-smart.com\\\/?s={search_term_string}\"},\"query-input\":{\"@type\":\"PropertyValueSpecification\",\"valueRequired\":true,\"valueName\":\"search_term_string\"}}],\"inLanguage\":\"de\"}]}<\/script>\n<!-- \/ Yoast SEO plugin. -->","yoast_head_json":{"title":"iPhone 12 Pro LCD Display Touch Assembly with OEM Quality, Smooth Touch Experience and True Tone Color Matching\uff08RJ & JK & DD & TC & ZY Quality\uff09 - InsurePart","description":"iPhone 12 Pro LCD Display Touch Assembly with OEM Quality, Smooth Touch Experience and True Tone Color Matching\uff08RJ & JK & DD & TC & ZY Quality\uff09","robots":{"index":"index","follow":"follow","max-snippet":"max-snippet:-1","max-image-preview":"max-image-preview:large","max-video-preview":"max-video-preview:-1"},"canonical":"https:\/\/www.dt-smart.com\/de\/produkt\/iphone-12-pro-lcd-display-touch-assembly-with-oem-quality-smooth-touch-experience-and-true-tone-color-matching\uff08rj-jk-dd-tc-zy-quality\uff09\/","og_locale":"de_DE","og_type":"article","og_title":"iPhone 12 Pro LCD Display Touch Assembly with OEM Quality, Smooth Touch Experience and True Tone Color Matching\uff08RJ & JK & DD & TC & ZY Quality\uff09 - InsurePart","og_description":"iPhone 12 Pro LCD Display Touch Assembly with OEM Quality, Smooth Touch Experience and True Tone Color Matching\uff08RJ & JK & DD & TC & ZY Quality\uff09","og_url":"https:\/\/www.dt-smart.com\/de\/produkt\/iphone-12-pro-lcd-display-touch-assembly-with-oem-quality-smooth-touch-experience-and-true-tone-color-matching\uff08rj-jk-dd-tc-zy-quality\uff09\/","og_site_name":"InsurePart","article_publisher":"https:\/\/www.facebook.com\/anjinleeEva","article_modified_time":"2026-03-04T07:55:33+00:00","og_image":[{"width":800,"height":800,"url":"https:\/\/www.dt-smart.com\/wp-content\/uploads\/2025\/07\/12Pro.webp","type":"image\/webp"}],"twitter_card":"summary_large_image","twitter_misc":{"Gesch\u00e4tzte Lesezeit":"1\u00a0Minute"},"schema":{"@context":"https:\/\/schema.org","@graph":[{"@type":"WebPage","@id":"https:\/\/www.dt-smart.com\/product\/iphone-12-pro-lcd-display-touch-assembly-with-oem-quality-smooth-touch-experience-and-true-tone-color-matching%ef%bc%88rj-jk-dd-tc-zy-quality%ef%bc%89\/","url":"https:\/\/www.dt-smart.com\/product\/iphone-12-pro-lcd-display-touch-assembly-with-oem-quality-smooth-touch-experience-and-true-tone-color-matching%ef%bc%88rj-jk-dd-tc-zy-quality%ef%bc%89\/","name":"iPhone 12 Pro LCD Display Touch Assembly with OEM Quality, Smooth Touch Experience and True Tone Color Matching\uff08RJ & JK & DD & TC & ZY Quality\uff09 - InsurePart","isPartOf":{"@id":"https:\/\/www.dt-smart.com\/#website"},"primaryImageOfPage":{"@id":"https:\/\/www.dt-smart.com\/product\/iphone-12-pro-lcd-display-touch-assembly-with-oem-quality-smooth-touch-experience-and-true-tone-color-matching%ef%bc%88rj-jk-dd-tc-zy-quality%ef%bc%89\/#primaryimage"},"image":{"@id":"https:\/\/www.dt-smart.com\/product\/iphone-12-pro-lcd-display-touch-assembly-with-oem-quality-smooth-touch-experience-and-true-tone-color-matching%ef%bc%88rj-jk-dd-tc-zy-quality%ef%bc%89\/#primaryimage"},"thumbnailUrl":"https:\/\/www.dt-smart.com\/wp-content\/uploads\/2025\/07\/12Pro.webp","datePublished":"2025-07-15T08:16:41+00:00","dateModified":"2026-03-04T07:55:33+00:00","description":"iPhone 12 Pro LCD Display Touch Assembly with OEM Quality, Smooth Touch Experience and True Tone Color Matching\uff08RJ & JK & DD & TC & ZY Quality\uff09","breadcrumb":{"@id":"https:\/\/www.dt-smart.com\/product\/iphone-12-pro-lcd-display-touch-assembly-with-oem-quality-smooth-touch-experience-and-true-tone-color-matching%ef%bc%88rj-jk-dd-tc-zy-quality%ef%bc%89\/#breadcrumb"},"inLanguage":"de","potentialAction":[{"@type":"ReadAction","target":["https:\/\/www.dt-smart.com\/product\/iphone-12-pro-lcd-display-touch-assembly-with-oem-quality-smooth-touch-experience-and-true-tone-color-matching%ef%bc%88rj-jk-dd-tc-zy-quality%ef%bc%89\/"]}]},{"@type":"ImageObject","inLanguage":"de","@id":"https:\/\/www.dt-smart.com\/product\/iphone-12-pro-lcd-display-touch-assembly-with-oem-quality-smooth-touch-experience-and-true-tone-color-matching%ef%bc%88rj-jk-dd-tc-zy-quality%ef%bc%89\/#primaryimage","url":"https:\/\/www.dt-smart.com\/wp-content\/uploads\/2025\/07\/12Pro.webp","contentUrl":"https:\/\/www.dt-smart.com\/wp-content\/uploads\/2025\/07\/12Pro.webp","width":800,"height":800},{"@type":"BreadcrumbList","@id":"https:\/\/www.dt-smart.com\/product\/iphone-12-pro-lcd-display-touch-assembly-with-oem-quality-smooth-touch-experience-and-true-tone-color-matching%ef%bc%88rj-jk-dd-tc-zy-quality%ef%bc%89\/#breadcrumb","itemListElement":[{"@type":"ListItem","position":1,"name":"Home","item":"https:\/\/www.dt-smart.com\/"},{"@type":"ListItem","position":2,"name":"Product","item":"https:\/\/www.dt-smart.com\/ru\/product\/"},{"@type":"ListItem","position":3,"name":"iPhone 12 Pro LCD Display Touch Assembly with OEM Quality, Smooth Touch Experience and True Tone Color Matching\uff08RJ &#038; JK &#038; DD &#038; TC &#038; ZY Quality\uff09"}]},{"@type":"WebSite","@id":"https:\/\/www.dt-smart.com\/#website","url":"https:\/\/www.dt-smart.com\/","name":"InsurePart","description":"Handy-Ersatzteile; iPhone-Ersatzteile im Gro\u00dfhandel; Samsung-Ersatzteillieferant","potentialAction":[{"@type":"SearchAction","target":{"@type":"EntryPoint","urlTemplate":"https:\/\/www.dt-smart.com\/?s={search_term_string}"},"query-input":{"@type":"PropertyValueSpecification","valueRequired":true,"valueName":"search_term_string"}}],"inLanguage":"de"}]}},"_links":{"self":[{"href":"https:\/\/www.dt-smart.com\/de\/wp-json\/wp\/v2\/product\/20055","targetHints":{"allow":["GET"]}}],"collection":[{"href":"https:\/\/www.dt-smart.com\/de\/wp-json\/wp\/v2\/product"}],"about":[{"href":"https:\/\/www.dt-smart.com\/de\/wp-json\/wp\/v2\/types\/product"}],"replies":[{"embeddable":true,"href":"https:\/\/www.dt-smart.com\/de\/wp-json\/wp\/v2\/comments?post=20055"}],"version-history":[{"count":3,"href":"https:\/\/www.dt-smart.com\/de\/wp-json\/wp\/v2\/product\/20055\/revisions"}],"predecessor-version":[{"id":24905,"href":"https:\/\/www.dt-smart.com\/de\/wp-json\/wp\/v2\/product\/20055\/revisions\/24905"}],"wp:featuredmedia":[{"embeddable":true,"href":"https:\/\/www.dt-smart.com\/de\/wp-json\/wp\/v2\/media\/19893"}],"wp:attachment":[{"href":"https:\/\/www.dt-smart.com\/de\/wp-json\/wp\/v2\/media?parent=20055"}],"wp:term":[{"taxonomy":"product_brand","embeddable":true,"href":"https:\/\/www.dt-smart.com\/de\/wp-json\/wp\/v2\/product_brand?post=20055"},{"taxonomy":"product_cat","embeddable":true,"href":"https:\/\/www.dt-smart.com\/de\/wp-json\/wp\/v2\/product_cat?post=20055"},{"taxonomy":"product_tag","embeddable":true,"href":"https:\/\/www.dt-smart.com\/de\/wp-json\/wp\/v2\/product_tag?post=20055"}],"curies":[{"name":"wp","href":"https:\/\/api.w.org\/{rel}","templated":true}]}}