{"id":20146,"date":"2025-07-15T17:06:02","date_gmt":"2025-07-15T09:06:02","guid":{"rendered":"https:\/\/www.insurepart.com\/?post_type=product&#038;p=20146"},"modified":"2026-03-04T16:04:23","modified_gmt":"2026-03-04T08:04:23","slug":"iphone-13-pro-max-premium-lcd-replacement-screen-with-full-brightness-true-tone-accurate-color-and-smooth-touch-interaction%ef%bc%88dd-jk-rj-tc-zy-quality%ef%bc%89","status":"publish","type":"product","link":"https:\/\/www.dt-smart.com\/de\/produkt\/iphone-13-pro-max-premium-lcd-replacement-screen-with-full-brightness-true-tone-accurate-color-and-smooth-touch-interaction%ef%bc%88dd-jk-rj-tc-zy-quality%ef%bc%89\/","title":{"rendered":"Premium-LCD-Ersatzbildschirm f\u00fcr iPhone 13 Pro Max mit voller Helligkeit, True Tone, pr\u00e4ziser Farbwiedergabe und fl\u00fcssiger Touch-Bedienung (DD &amp; JK &amp; RJ Soft OLED 120 Hz &amp; TC &amp; ZY Qualit\u00e4t)"},"content":{"rendered":"<p style=\"text-align: center;\"><img fetchpriority=\"high\" decoding=\"async\" class=\"alignnone size-full wp-image-15567\" src=\"https:\/\/www.insurepart.com\/wp-content\/uploads\/2024\/08\/\u4e3a\u4ec0\u4e48\u9009\u62e9\u6211\u4eec22.webp\" alt=\"\" width=\"1000\" height=\"786\" srcset=\"https:\/\/www.dt-smart.com\/wp-content\/uploads\/2024\/08\/\u4e3a\u4ec0\u4e48\u9009\u62e9\u6211\u4eec22.webp 1000w, https:\/\/www.dt-smart.com\/wp-content\/uploads\/2024\/08\/\u4e3a\u4ec0\u4e48\u9009\u62e9\u6211\u4eec22-300x236.webp 300w, https:\/\/www.dt-smart.com\/wp-content\/uploads\/2024\/08\/\u4e3a\u4ec0\u4e48\u9009\u62e9\u6211\u4eec22-150x118.webp 150w, https:\/\/www.dt-smart.com\/wp-content\/uploads\/2024\/08\/\u4e3a\u4ec0\u4e48\u9009\u62e9\u6211\u4eec22-800x629.webp 800w, https:\/\/www.dt-smart.com\/wp-content\/uploads\/2024\/08\/\u4e3a\u4ec0\u4e48\u9009\u62e9\u6211\u4eec22-768x604.webp 768w, https:\/\/www.dt-smart.com\/wp-content\/uploads\/2024\/08\/\u4e3a\u4ec0\u4e48\u9009\u62e9\u6211\u4eec22-15x12.webp 15w\" sizes=\"(max-width: 1000px) 100vw, 1000px\" \/><\/p>","protected":false},"excerpt":{"rendered":"<p><span style=\"font-size: 10pt;\">Dieses Ersatz-LCD f\u00fcr das iPhone 13 Pro Max stellt die Leistung Ihres Bildschirms wieder her \u2013 mit gestochen scharfer Bildqualit\u00e4t, fl\u00fcssiger Touch-Reaktion und True Tone-Unterst\u00fctzung. Es zeichnet sich durch optimale Helligkeit, brillante Farben und minimale Verz\u00f6gerung aus. Jedes Display wird auf Pixelfehler und andere Defekte gepr\u00fcft, was Reparaturtechnikern und Endnutzern gleicherma\u00dfen Sicherheit gibt. Die robuste Glasschicht ist kratz- und fingerabdruckresistent und garantiert so eine lange Lebensdauer. Der Bildschirm ist mit allen iPhone 13 Pro Max-Versionen kompatibel, einfach zu installieren und besonders langlebig.<\/span><\/p>","protected":false},"featured_media":19888,"comment_status":"open","ping_status":"closed","template":"","meta":[],"product_brand":[],"product_cat":[466,42,93],"product_tag":[],"class_list":{"0":"post-20146","1":"product","2":"type-product","3":"status-publish","4":"has-post-thumbnail","6":"product_cat-all-iphone-lcds","7":"product_cat-iphone","8":"product_cat-iphone-13-pro-max","10":"first","11":"instock","12":"taxable","13":"shipping-taxable","14":"purchasable","15":"product-type-variable"},"yoast_head":"<!-- This site is optimized with the Yoast SEO plugin v27.4 - https:\/\/yoast.com\/product\/yoast-seo-wordpress\/ -->\n<title>iPhone 13 Pro Max Premium LCD Replacement Screen with Full Brightness, True Tone, Accurate Color and Smooth Touch Interaction\uff08DD &amp; JK &amp; RJ Soft OLED 120hz &amp; TC &amp; ZY Quality\uff09 - InsurePart<\/title>\n<meta name=\"description\" content=\"iPhone 13 Pro Max Premium LCD Replacement Screen with Full Brightness, True Tone, Accurate Color and Smooth Touch Interaction\uff08DD &amp; JK &amp; RJ Soft OLED 120hz &amp; TC &amp; ZY Quality\uff09\" \/>\n<meta name=\"robots\" content=\"index, follow, max-snippet:-1, max-image-preview:large, max-video-preview:-1\" \/>\n<link rel=\"canonical\" href=\"https:\/\/www.dt-smart.com\/de\/produkt\/iphone-13-pro-max-premium-lcd-replacement-screen-with-full-brightness-true-tone-accurate-color-and-smooth-touch-interaction\uff08dd-jk-rj-tc-zy-quality\uff09\/\" \/>\n<meta property=\"og:locale\" content=\"de_DE\" \/>\n<meta property=\"og:type\" content=\"article\" \/>\n<meta property=\"og:title\" content=\"iPhone 13 Pro Max Premium LCD Replacement Screen with Full Brightness, True Tone, Accurate Color and Smooth Touch Interaction\uff08DD &amp; JK &amp; RJ Soft OLED 120hz &amp; TC &amp; ZY Quality\uff09 - InsurePart\" \/>\n<meta property=\"og:description\" content=\"iPhone 13 Pro Max Premium LCD Replacement Screen with Full Brightness, True Tone, Accurate Color and Smooth Touch Interaction\uff08DD &amp; JK &amp; RJ Soft OLED 120hz &amp; TC &amp; ZY Quality\uff09\" \/>\n<meta property=\"og:url\" content=\"https:\/\/www.dt-smart.com\/de\/produkt\/iphone-13-pro-max-premium-lcd-replacement-screen-with-full-brightness-true-tone-accurate-color-and-smooth-touch-interaction\uff08dd-jk-rj-tc-zy-quality\uff09\/\" \/>\n<meta property=\"og:site_name\" content=\"InsurePart\" \/>\n<meta property=\"article:publisher\" content=\"https:\/\/www.facebook.com\/anjinleeEva\" \/>\n<meta property=\"article:modified_time\" content=\"2026-03-04T08:04:23+00:00\" \/>\n<meta property=\"og:image\" content=\"https:\/\/www.dt-smart.com\/wp-content\/uploads\/2025\/07\/13PM.webp\" \/>\n\t<meta property=\"og:image:width\" content=\"800\" \/>\n\t<meta property=\"og:image:height\" content=\"800\" \/>\n\t<meta property=\"og:image:type\" content=\"image\/webp\" \/>\n<meta name=\"twitter:card\" content=\"summary_large_image\" \/>\n<meta name=\"twitter:label1\" content=\"Gesch\u00e4tzte Lesezeit\" \/>\n\t<meta name=\"twitter:data1\" content=\"1\u00a0Minute\" \/>\n<script type=\"application\/ld+json\" class=\"yoast-schema-graph\">{\"@context\":\"https:\\\/\\\/schema.org\",\"@graph\":[{\"@type\":\"WebPage\",\"@id\":\"https:\\\/\\\/www.dt-smart.com\\\/product\\\/iphone-13-pro-max-premium-lcd-replacement-screen-with-full-brightness-true-tone-accurate-color-and-smooth-touch-interaction%ef%bc%88dd-jk-rj-tc-zy-quality%ef%bc%89\\\/\",\"url\":\"https:\\\/\\\/www.dt-smart.com\\\/product\\\/iphone-13-pro-max-premium-lcd-replacement-screen-with-full-brightness-true-tone-accurate-color-and-smooth-touch-interaction%ef%bc%88dd-jk-rj-tc-zy-quality%ef%bc%89\\\/\",\"name\":\"iPhone 13 Pro Max Premium LCD Replacement Screen with Full Brightness, True Tone, Accurate Color and Smooth Touch Interaction\uff08DD & JK & RJ Soft OLED 120hz & TC & ZY Quality\uff09 - InsurePart\",\"isPartOf\":{\"@id\":\"https:\\\/\\\/www.dt-smart.com\\\/#website\"},\"primaryImageOfPage\":{\"@id\":\"https:\\\/\\\/www.dt-smart.com\\\/product\\\/iphone-13-pro-max-premium-lcd-replacement-screen-with-full-brightness-true-tone-accurate-color-and-smooth-touch-interaction%ef%bc%88dd-jk-rj-tc-zy-quality%ef%bc%89\\\/#primaryimage\"},\"image\":{\"@id\":\"https:\\\/\\\/www.dt-smart.com\\\/product\\\/iphone-13-pro-max-premium-lcd-replacement-screen-with-full-brightness-true-tone-accurate-color-and-smooth-touch-interaction%ef%bc%88dd-jk-rj-tc-zy-quality%ef%bc%89\\\/#primaryimage\"},\"thumbnailUrl\":\"https:\\\/\\\/www.dt-smart.com\\\/wp-content\\\/uploads\\\/2025\\\/07\\\/13PM.webp\",\"datePublished\":\"2025-07-15T09:06:02+00:00\",\"dateModified\":\"2026-03-04T08:04:23+00:00\",\"description\":\"iPhone 13 Pro Max Premium LCD Replacement Screen with Full Brightness, True Tone, Accurate Color and Smooth Touch Interaction\uff08DD & JK & RJ Soft OLED 120hz & TC & ZY Quality\uff09\",\"breadcrumb\":{\"@id\":\"https:\\\/\\\/www.dt-smart.com\\\/product\\\/iphone-13-pro-max-premium-lcd-replacement-screen-with-full-brightness-true-tone-accurate-color-and-smooth-touch-interaction%ef%bc%88dd-jk-rj-tc-zy-quality%ef%bc%89\\\/#breadcrumb\"},\"inLanguage\":\"de\",\"potentialAction\":[{\"@type\":\"ReadAction\",\"target\":[\"https:\\\/\\\/www.dt-smart.com\\\/product\\\/iphone-13-pro-max-premium-lcd-replacement-screen-with-full-brightness-true-tone-accurate-color-and-smooth-touch-interaction%ef%bc%88dd-jk-rj-tc-zy-quality%ef%bc%89\\\/\"]}]},{\"@type\":\"ImageObject\",\"inLanguage\":\"de\",\"@id\":\"https:\\\/\\\/www.dt-smart.com\\\/product\\\/iphone-13-pro-max-premium-lcd-replacement-screen-with-full-brightness-true-tone-accurate-color-and-smooth-touch-interaction%ef%bc%88dd-jk-rj-tc-zy-quality%ef%bc%89\\\/#primaryimage\",\"url\":\"https:\\\/\\\/www.dt-smart.com\\\/wp-content\\\/uploads\\\/2025\\\/07\\\/13PM.webp\",\"contentUrl\":\"https:\\\/\\\/www.dt-smart.com\\\/wp-content\\\/uploads\\\/2025\\\/07\\\/13PM.webp\",\"width\":800,\"height\":800},{\"@type\":\"BreadcrumbList\",\"@id\":\"https:\\\/\\\/www.dt-smart.com\\\/product\\\/iphone-13-pro-max-premium-lcd-replacement-screen-with-full-brightness-true-tone-accurate-color-and-smooth-touch-interaction%ef%bc%88dd-jk-rj-tc-zy-quality%ef%bc%89\\\/#breadcrumb\",\"itemListElement\":[{\"@type\":\"ListItem\",\"position\":1,\"name\":\"Home\",\"item\":\"https:\\\/\\\/www.dt-smart.com\\\/\"},{\"@type\":\"ListItem\",\"position\":2,\"name\":\"Product\",\"item\":\"https:\\\/\\\/www.dt-smart.com\\\/ru\\\/product\\\/\"},{\"@type\":\"ListItem\",\"position\":3,\"name\":\"iPhone 13 Pro Max Premium LCD Replacement Screen with Full Brightness, True Tone, Accurate Color and Smooth Touch Interaction\uff08DD &#038; JK &#038; RJ Soft OLED 120hz &#038; TC &#038; ZY Quality\uff09\"}]},{\"@type\":\"WebSite\",\"@id\":\"https:\\\/\\\/www.dt-smart.com\\\/#website\",\"url\":\"https:\\\/\\\/www.dt-smart.com\\\/\",\"name\":\"InsurePart\",\"description\":\"Cell Phone Repair Parts; iPhone Parts Wholesale;Samsung Parts Supplier\",\"potentialAction\":[{\"@type\":\"SearchAction\",\"target\":{\"@type\":\"EntryPoint\",\"urlTemplate\":\"https:\\\/\\\/www.dt-smart.com\\\/?s={search_term_string}\"},\"query-input\":{\"@type\":\"PropertyValueSpecification\",\"valueRequired\":true,\"valueName\":\"search_term_string\"}}],\"inLanguage\":\"de\"}]}<\/script>\n<!-- \/ Yoast SEO plugin. -->","yoast_head_json":{"title":"iPhone 13 Pro Max Premium LCD Replacement Screen with Full Brightness, True Tone, Accurate Color and Smooth Touch Interaction\uff08DD & JK & RJ Soft OLED 120hz & TC & ZY Quality\uff09 - InsurePart","description":"iPhone 13 Pro Max Premium LCD Replacement Screen with Full Brightness, True Tone, Accurate Color and Smooth Touch Interaction\uff08DD & JK & RJ Soft OLED 120hz & TC & ZY Quality\uff09","robots":{"index":"index","follow":"follow","max-snippet":"max-snippet:-1","max-image-preview":"max-image-preview:large","max-video-preview":"max-video-preview:-1"},"canonical":"https:\/\/www.dt-smart.com\/de\/produkt\/iphone-13-pro-max-premium-lcd-replacement-screen-with-full-brightness-true-tone-accurate-color-and-smooth-touch-interaction\uff08dd-jk-rj-tc-zy-quality\uff09\/","og_locale":"de_DE","og_type":"article","og_title":"iPhone 13 Pro Max Premium LCD Replacement Screen with Full Brightness, True Tone, Accurate Color and Smooth Touch Interaction\uff08DD & JK & RJ Soft OLED 120hz & TC & ZY Quality\uff09 - InsurePart","og_description":"iPhone 13 Pro Max Premium LCD Replacement Screen with Full Brightness, True Tone, Accurate Color and Smooth Touch Interaction\uff08DD & JK & RJ Soft OLED 120hz & TC & ZY Quality\uff09","og_url":"https:\/\/www.dt-smart.com\/de\/produkt\/iphone-13-pro-max-premium-lcd-replacement-screen-with-full-brightness-true-tone-accurate-color-and-smooth-touch-interaction\uff08dd-jk-rj-tc-zy-quality\uff09\/","og_site_name":"InsurePart","article_publisher":"https:\/\/www.facebook.com\/anjinleeEva","article_modified_time":"2026-03-04T08:04:23+00:00","og_image":[{"width":800,"height":800,"url":"https:\/\/www.dt-smart.com\/wp-content\/uploads\/2025\/07\/13PM.webp","type":"image\/webp"}],"twitter_card":"summary_large_image","twitter_misc":{"Gesch\u00e4tzte Lesezeit":"1\u00a0Minute"},"schema":{"@context":"https:\/\/schema.org","@graph":[{"@type":"WebPage","@id":"https:\/\/www.dt-smart.com\/product\/iphone-13-pro-max-premium-lcd-replacement-screen-with-full-brightness-true-tone-accurate-color-and-smooth-touch-interaction%ef%bc%88dd-jk-rj-tc-zy-quality%ef%bc%89\/","url":"https:\/\/www.dt-smart.com\/product\/iphone-13-pro-max-premium-lcd-replacement-screen-with-full-brightness-true-tone-accurate-color-and-smooth-touch-interaction%ef%bc%88dd-jk-rj-tc-zy-quality%ef%bc%89\/","name":"iPhone 13 Pro Max Premium LCD Replacement Screen with Full Brightness, True Tone, Accurate Color and Smooth Touch Interaction\uff08DD & JK & RJ Soft OLED 120hz & TC & ZY Quality\uff09 - InsurePart","isPartOf":{"@id":"https:\/\/www.dt-smart.com\/#website"},"primaryImageOfPage":{"@id":"https:\/\/www.dt-smart.com\/product\/iphone-13-pro-max-premium-lcd-replacement-screen-with-full-brightness-true-tone-accurate-color-and-smooth-touch-interaction%ef%bc%88dd-jk-rj-tc-zy-quality%ef%bc%89\/#primaryimage"},"image":{"@id":"https:\/\/www.dt-smart.com\/product\/iphone-13-pro-max-premium-lcd-replacement-screen-with-full-brightness-true-tone-accurate-color-and-smooth-touch-interaction%ef%bc%88dd-jk-rj-tc-zy-quality%ef%bc%89\/#primaryimage"},"thumbnailUrl":"https:\/\/www.dt-smart.com\/wp-content\/uploads\/2025\/07\/13PM.webp","datePublished":"2025-07-15T09:06:02+00:00","dateModified":"2026-03-04T08:04:23+00:00","description":"iPhone 13 Pro Max Premium LCD Replacement Screen with Full Brightness, True Tone, Accurate Color and Smooth Touch Interaction\uff08DD & JK & RJ Soft OLED 120hz & TC & ZY Quality\uff09","breadcrumb":{"@id":"https:\/\/www.dt-smart.com\/product\/iphone-13-pro-max-premium-lcd-replacement-screen-with-full-brightness-true-tone-accurate-color-and-smooth-touch-interaction%ef%bc%88dd-jk-rj-tc-zy-quality%ef%bc%89\/#breadcrumb"},"inLanguage":"de","potentialAction":[{"@type":"ReadAction","target":["https:\/\/www.dt-smart.com\/product\/iphone-13-pro-max-premium-lcd-replacement-screen-with-full-brightness-true-tone-accurate-color-and-smooth-touch-interaction%ef%bc%88dd-jk-rj-tc-zy-quality%ef%bc%89\/"]}]},{"@type":"ImageObject","inLanguage":"de","@id":"https:\/\/www.dt-smart.com\/product\/iphone-13-pro-max-premium-lcd-replacement-screen-with-full-brightness-true-tone-accurate-color-and-smooth-touch-interaction%ef%bc%88dd-jk-rj-tc-zy-quality%ef%bc%89\/#primaryimage","url":"https:\/\/www.dt-smart.com\/wp-content\/uploads\/2025\/07\/13PM.webp","contentUrl":"https:\/\/www.dt-smart.com\/wp-content\/uploads\/2025\/07\/13PM.webp","width":800,"height":800},{"@type":"BreadcrumbList","@id":"https:\/\/www.dt-smart.com\/product\/iphone-13-pro-max-premium-lcd-replacement-screen-with-full-brightness-true-tone-accurate-color-and-smooth-touch-interaction%ef%bc%88dd-jk-rj-tc-zy-quality%ef%bc%89\/#breadcrumb","itemListElement":[{"@type":"ListItem","position":1,"name":"Home","item":"https:\/\/www.dt-smart.com\/"},{"@type":"ListItem","position":2,"name":"Product","item":"https:\/\/www.dt-smart.com\/ru\/product\/"},{"@type":"ListItem","position":3,"name":"iPhone 13 Pro Max Premium LCD Replacement Screen with Full Brightness, True Tone, Accurate Color and Smooth Touch Interaction\uff08DD &#038; JK &#038; RJ Soft OLED 120hz &#038; TC &#038; ZY Quality\uff09"}]},{"@type":"WebSite","@id":"https:\/\/www.dt-smart.com\/#website","url":"https:\/\/www.dt-smart.com\/","name":"InsurePart","description":"Handy-Ersatzteile; iPhone-Ersatzteile im Gro\u00dfhandel; Samsung-Ersatzteillieferant","potentialAction":[{"@type":"SearchAction","target":{"@type":"EntryPoint","urlTemplate":"https:\/\/www.dt-smart.com\/?s={search_term_string}"},"query-input":{"@type":"PropertyValueSpecification","valueRequired":true,"valueName":"search_term_string"}}],"inLanguage":"de"}]}},"_links":{"self":[{"href":"https:\/\/www.dt-smart.com\/de\/wp-json\/wp\/v2\/product\/20146","targetHints":{"allow":["GET"]}}],"collection":[{"href":"https:\/\/www.dt-smart.com\/de\/wp-json\/wp\/v2\/product"}],"about":[{"href":"https:\/\/www.dt-smart.com\/de\/wp-json\/wp\/v2\/types\/product"}],"replies":[{"embeddable":true,"href":"https:\/\/www.dt-smart.com\/de\/wp-json\/wp\/v2\/comments?post=20146"}],"version-history":[{"count":3,"href":"https:\/\/www.dt-smart.com\/de\/wp-json\/wp\/v2\/product\/20146\/revisions"}],"predecessor-version":[{"id":24900,"href":"https:\/\/www.dt-smart.com\/de\/wp-json\/wp\/v2\/product\/20146\/revisions\/24900"}],"wp:featuredmedia":[{"embeddable":true,"href":"https:\/\/www.dt-smart.com\/de\/wp-json\/wp\/v2\/media\/19888"}],"wp:attachment":[{"href":"https:\/\/www.dt-smart.com\/de\/wp-json\/wp\/v2\/media?parent=20146"}],"wp:term":[{"taxonomy":"product_brand","embeddable":true,"href":"https:\/\/www.dt-smart.com\/de\/wp-json\/wp\/v2\/product_brand?post=20146"},{"taxonomy":"product_cat","embeddable":true,"href":"https:\/\/www.dt-smart.com\/de\/wp-json\/wp\/v2\/product_cat?post=20146"},{"taxonomy":"product_tag","embeddable":true,"href":"https:\/\/www.dt-smart.com\/de\/wp-json\/wp\/v2\/product_tag?post=20146"}],"curies":[{"name":"wp","href":"https:\/\/api.w.org\/{rel}","templated":true}]}}