{"id":20347,"date":"2025-07-14T14:10:28","date_gmt":"2025-07-14T06:10:28","guid":{"rendered":"https:\/\/www.insurepart.com\/?post_type=product&#038;p=20347"},"modified":"2026-01-14T10:07:21","modified_gmt":"2026-01-14T02:07:21","slug":"samsung-galaxy-z-flip2-amoled-screen-replacement-with-oem-folding-compatibility-high-brightness-and-smooth-touch-panel","status":"publish","type":"product","link":"https:\/\/www.dt-smart.com\/de\/produkt\/samsung-galaxy-z-flip2-amoled-screen-replacement-with-oem-folding-compatibility-high-brightness-and-smooth-touch-panel\/","title":{"rendered":"Samsung Galaxy Z Flip2 Faltbarer AMOLED-Bildschirm \u2013 UTG mit nahtloser Scharnierausrichtung. 1 Jahr Garantie, schneller Versand."},"content":{"rendered":"<p style=\"text-align: center;\"><img fetchpriority=\"high\" decoding=\"async\" class=\"alignnone size-full wp-image-15567\" src=\"https:\/\/www.insurepart.com\/wp-content\/uploads\/2024\/08\/\u4e3a\u4ec0\u4e48\u9009\u62e9\u6211\u4eec22.webp\" alt=\"\" width=\"1000\" height=\"786\" srcset=\"https:\/\/www.dt-smart.com\/wp-content\/uploads\/2024\/08\/\u4e3a\u4ec0\u4e48\u9009\u62e9\u6211\u4eec22.webp 1000w, https:\/\/www.dt-smart.com\/wp-content\/uploads\/2024\/08\/\u4e3a\u4ec0\u4e48\u9009\u62e9\u6211\u4eec22-300x236.webp 300w, https:\/\/www.dt-smart.com\/wp-content\/uploads\/2024\/08\/\u4e3a\u4ec0\u4e48\u9009\u62e9\u6211\u4eec22-150x118.webp 150w, https:\/\/www.dt-smart.com\/wp-content\/uploads\/2024\/08\/\u4e3a\u4ec0\u4e48\u9009\u62e9\u6211\u4eec22-800x629.webp 800w, https:\/\/www.dt-smart.com\/wp-content\/uploads\/2024\/08\/\u4e3a\u4ec0\u4e48\u9009\u62e9\u6211\u4eec22-768x604.webp 768w, https:\/\/www.dt-smart.com\/wp-content\/uploads\/2024\/08\/\u4e3a\u4ec0\u4e48\u9009\u62e9\u6211\u4eec22-15x12.webp 15w\" sizes=\"(max-width: 1000px) 100vw, 1000px\" \/><\/p>","protected":false},"excerpt":{"rendered":"<p><span style=\"font-size: 10pt;\">Bringen Sie Ihr Galaxy Z Flip2 mit diesem hochwertigen, faltbaren AMOLED-Display wieder in seinen Originalzustand. Es bietet eine werkseitig angepasste Aufl\u00f6sung, adaptive Helligkeit und einen optimierten Farbabgleich. Der Faltmechanismus ist pr\u00e4zise auf das Original-Scharnierdesign abgestimmt und vermeidet so Druckstellen und Risse. Die Touch-Funktionalit\u00e4t wurde auf Genauigkeit bei Mehrfingerbedienung und verz\u00f6gerungsfreie Reaktion getestet. Alle Flexkabel und Klebeschichten f\u00fcr einen einfachen Austausch sind im Lieferumfang enthalten. Eine zuverl\u00e4ssige Wahl f\u00fcr alle, die mobile Displays aufbereiten m\u00f6chten.<\/span><\/p>","protected":false},"featured_media":19924,"comment_status":"open","ping_status":"closed","template":"","meta":[],"product_brand":[],"product_cat":[1023,1368,698,21],"product_tag":[],"class_list":{"0":"post-20347","1":"product","2":"type-product","3":"status-publish","4":"has-post-thumbnail","6":"product_cat-all-fold-series-lcd","7":"product_cat-flip2","8":"product_cat-fold-flip-series","9":"product_cat-samsung","11":"first","12":"instock","13":"taxable","14":"shipping-taxable","15":"purchasable","16":"product-type-variable"},"yoast_head":"<!-- This site is optimized with the Yoast SEO plugin v27.4 - https:\/\/yoast.com\/product\/yoast-seo-wordpress\/ -->\n<title>Samsung Galaxy Z Flip2 Foldable AMOLED Screen - UTG with Seamless Hinge Alignment. 1-Year Warranty, Fast Shipping - InsurePart<\/title>\n<meta name=\"description\" content=\"Samsung Galaxy Z Flip2 Foldable AMOLED Screen - UTG with Seamless Hinge Alignment. 1-Year Warranty, Fast Shipping\" \/>\n<meta name=\"robots\" content=\"index, follow, max-snippet:-1, max-image-preview:large, max-video-preview:-1\" \/>\n<link rel=\"canonical\" href=\"https:\/\/www.dt-smart.com\/de\/produkt\/samsung-galaxy-z-flip2-amoled-screen-replacement-with-oem-folding-compatibility-high-brightness-and-smooth-touch-panel\/\" \/>\n<meta property=\"og:locale\" content=\"de_DE\" \/>\n<meta property=\"og:type\" content=\"article\" \/>\n<meta property=\"og:title\" content=\"Samsung Galaxy Z Flip2 Foldable AMOLED Screen - UTG with Seamless Hinge Alignment. 1-Year Warranty, Fast Shipping - InsurePart\" \/>\n<meta property=\"og:description\" content=\"Samsung Galaxy Z Flip2 Foldable AMOLED Screen - UTG with Seamless Hinge Alignment. 1-Year Warranty, Fast Shipping\" \/>\n<meta property=\"og:url\" content=\"https:\/\/www.dt-smart.com\/de\/produkt\/samsung-galaxy-z-flip2-amoled-screen-replacement-with-oem-folding-compatibility-high-brightness-and-smooth-touch-panel\/\" \/>\n<meta property=\"og:site_name\" content=\"InsurePart\" \/>\n<meta property=\"article:publisher\" content=\"https:\/\/www.facebook.com\/anjinleeEva\" \/>\n<meta property=\"article:modified_time\" content=\"2026-01-14T02:07:21+00:00\" \/>\n<meta property=\"og:image\" content=\"https:\/\/www.dt-smart.com\/wp-content\/uploads\/2025\/07\/Flip2.webp\" \/>\n\t<meta property=\"og:image:width\" content=\"800\" \/>\n\t<meta property=\"og:image:height\" content=\"800\" \/>\n\t<meta property=\"og:image:type\" content=\"image\/webp\" \/>\n<meta name=\"twitter:card\" content=\"summary_large_image\" \/>\n<meta name=\"twitter:label1\" content=\"Gesch\u00e4tzte Lesezeit\" \/>\n\t<meta name=\"twitter:data1\" content=\"1\u00a0Minute\" \/>\n<script type=\"application\/ld+json\" class=\"yoast-schema-graph\">{\"@context\":\"https:\\\/\\\/schema.org\",\"@graph\":[{\"@type\":\"WebPage\",\"@id\":\"https:\\\/\\\/www.dt-smart.com\\\/product\\\/samsung-galaxy-z-flip2-amoled-screen-replacement-with-oem-folding-compatibility-high-brightness-and-smooth-touch-panel\\\/\",\"url\":\"https:\\\/\\\/www.dt-smart.com\\\/product\\\/samsung-galaxy-z-flip2-amoled-screen-replacement-with-oem-folding-compatibility-high-brightness-and-smooth-touch-panel\\\/\",\"name\":\"Samsung Galaxy Z Flip2 Foldable AMOLED Screen - UTG with Seamless Hinge Alignment. 1-Year Warranty, Fast Shipping - InsurePart\",\"isPartOf\":{\"@id\":\"https:\\\/\\\/www.dt-smart.com\\\/#website\"},\"primaryImageOfPage\":{\"@id\":\"https:\\\/\\\/www.dt-smart.com\\\/product\\\/samsung-galaxy-z-flip2-amoled-screen-replacement-with-oem-folding-compatibility-high-brightness-and-smooth-touch-panel\\\/#primaryimage\"},\"image\":{\"@id\":\"https:\\\/\\\/www.dt-smart.com\\\/product\\\/samsung-galaxy-z-flip2-amoled-screen-replacement-with-oem-folding-compatibility-high-brightness-and-smooth-touch-panel\\\/#primaryimage\"},\"thumbnailUrl\":\"https:\\\/\\\/www.dt-smart.com\\\/wp-content\\\/uploads\\\/2025\\\/07\\\/Flip2.webp\",\"datePublished\":\"2025-07-14T06:10:28+00:00\",\"dateModified\":\"2026-01-14T02:07:21+00:00\",\"description\":\"Samsung Galaxy Z Flip2 Foldable AMOLED Screen - UTG with Seamless Hinge Alignment. 1-Year Warranty, Fast Shipping\",\"breadcrumb\":{\"@id\":\"https:\\\/\\\/www.dt-smart.com\\\/product\\\/samsung-galaxy-z-flip2-amoled-screen-replacement-with-oem-folding-compatibility-high-brightness-and-smooth-touch-panel\\\/#breadcrumb\"},\"inLanguage\":\"de\",\"potentialAction\":[{\"@type\":\"ReadAction\",\"target\":[\"https:\\\/\\\/www.dt-smart.com\\\/product\\\/samsung-galaxy-z-flip2-amoled-screen-replacement-with-oem-folding-compatibility-high-brightness-and-smooth-touch-panel\\\/\"]}]},{\"@type\":\"ImageObject\",\"inLanguage\":\"de\",\"@id\":\"https:\\\/\\\/www.dt-smart.com\\\/product\\\/samsung-galaxy-z-flip2-amoled-screen-replacement-with-oem-folding-compatibility-high-brightness-and-smooth-touch-panel\\\/#primaryimage\",\"url\":\"https:\\\/\\\/www.dt-smart.com\\\/wp-content\\\/uploads\\\/2025\\\/07\\\/Flip2.webp\",\"contentUrl\":\"https:\\\/\\\/www.dt-smart.com\\\/wp-content\\\/uploads\\\/2025\\\/07\\\/Flip2.webp\",\"width\":800,\"height\":800},{\"@type\":\"BreadcrumbList\",\"@id\":\"https:\\\/\\\/www.dt-smart.com\\\/product\\\/samsung-galaxy-z-flip2-amoled-screen-replacement-with-oem-folding-compatibility-high-brightness-and-smooth-touch-panel\\\/#breadcrumb\",\"itemListElement\":[{\"@type\":\"ListItem\",\"position\":1,\"name\":\"Home\",\"item\":\"https:\\\/\\\/www.dt-smart.com\\\/\"},{\"@type\":\"ListItem\",\"position\":2,\"name\":\"Product\",\"item\":\"https:\\\/\\\/www.dt-smart.com\\\/ru\\\/product\\\/\"},{\"@type\":\"ListItem\",\"position\":3,\"name\":\"Samsung Galaxy Z Flip2 Foldable AMOLED Screen &#8211; UTG with Seamless Hinge Alignment. 1-Year Warranty, Fast Shipping\"}]},{\"@type\":\"WebSite\",\"@id\":\"https:\\\/\\\/www.dt-smart.com\\\/#website\",\"url\":\"https:\\\/\\\/www.dt-smart.com\\\/\",\"name\":\"InsurePart\",\"description\":\"Cell Phone Repair Parts; iPhone Parts Wholesale;Samsung Parts Supplier\",\"potentialAction\":[{\"@type\":\"SearchAction\",\"target\":{\"@type\":\"EntryPoint\",\"urlTemplate\":\"https:\\\/\\\/www.dt-smart.com\\\/?s={search_term_string}\"},\"query-input\":{\"@type\":\"PropertyValueSpecification\",\"valueRequired\":true,\"valueName\":\"search_term_string\"}}],\"inLanguage\":\"de\"}]}<\/script>\n<!-- \/ Yoast SEO plugin. -->","yoast_head_json":{"title":"Samsung Galaxy Z Flip2 Foldable AMOLED Screen - UTG with Seamless Hinge Alignment. 1-Year Warranty, Fast Shipping - InsurePart","description":"Samsung Galaxy Z Flip2 Foldable AMOLED Screen - UTG with Seamless Hinge Alignment. 1-Year Warranty, Fast Shipping","robots":{"index":"index","follow":"follow","max-snippet":"max-snippet:-1","max-image-preview":"max-image-preview:large","max-video-preview":"max-video-preview:-1"},"canonical":"https:\/\/www.dt-smart.com\/de\/produkt\/samsung-galaxy-z-flip2-amoled-screen-replacement-with-oem-folding-compatibility-high-brightness-and-smooth-touch-panel\/","og_locale":"de_DE","og_type":"article","og_title":"Samsung Galaxy Z Flip2 Foldable AMOLED Screen - UTG with Seamless Hinge Alignment. 1-Year Warranty, Fast Shipping - InsurePart","og_description":"Samsung Galaxy Z Flip2 Foldable AMOLED Screen - UTG with Seamless Hinge Alignment. 1-Year Warranty, Fast Shipping","og_url":"https:\/\/www.dt-smart.com\/de\/produkt\/samsung-galaxy-z-flip2-amoled-screen-replacement-with-oem-folding-compatibility-high-brightness-and-smooth-touch-panel\/","og_site_name":"InsurePart","article_publisher":"https:\/\/www.facebook.com\/anjinleeEva","article_modified_time":"2026-01-14T02:07:21+00:00","og_image":[{"width":800,"height":800,"url":"https:\/\/www.dt-smart.com\/wp-content\/uploads\/2025\/07\/Flip2.webp","type":"image\/webp"}],"twitter_card":"summary_large_image","twitter_misc":{"Gesch\u00e4tzte Lesezeit":"1\u00a0Minute"},"schema":{"@context":"https:\/\/schema.org","@graph":[{"@type":"WebPage","@id":"https:\/\/www.dt-smart.com\/product\/samsung-galaxy-z-flip2-amoled-screen-replacement-with-oem-folding-compatibility-high-brightness-and-smooth-touch-panel\/","url":"https:\/\/www.dt-smart.com\/product\/samsung-galaxy-z-flip2-amoled-screen-replacement-with-oem-folding-compatibility-high-brightness-and-smooth-touch-panel\/","name":"Samsung Galaxy Z Flip2 Foldable AMOLED Screen - UTG with Seamless Hinge Alignment. 1-Year Warranty, Fast Shipping - InsurePart","isPartOf":{"@id":"https:\/\/www.dt-smart.com\/#website"},"primaryImageOfPage":{"@id":"https:\/\/www.dt-smart.com\/product\/samsung-galaxy-z-flip2-amoled-screen-replacement-with-oem-folding-compatibility-high-brightness-and-smooth-touch-panel\/#primaryimage"},"image":{"@id":"https:\/\/www.dt-smart.com\/product\/samsung-galaxy-z-flip2-amoled-screen-replacement-with-oem-folding-compatibility-high-brightness-and-smooth-touch-panel\/#primaryimage"},"thumbnailUrl":"https:\/\/www.dt-smart.com\/wp-content\/uploads\/2025\/07\/Flip2.webp","datePublished":"2025-07-14T06:10:28+00:00","dateModified":"2026-01-14T02:07:21+00:00","description":"Samsung Galaxy Z Flip2 Foldable AMOLED Screen - UTG with Seamless Hinge Alignment. 1-Year Warranty, Fast Shipping","breadcrumb":{"@id":"https:\/\/www.dt-smart.com\/product\/samsung-galaxy-z-flip2-amoled-screen-replacement-with-oem-folding-compatibility-high-brightness-and-smooth-touch-panel\/#breadcrumb"},"inLanguage":"de","potentialAction":[{"@type":"ReadAction","target":["https:\/\/www.dt-smart.com\/product\/samsung-galaxy-z-flip2-amoled-screen-replacement-with-oem-folding-compatibility-high-brightness-and-smooth-touch-panel\/"]}]},{"@type":"ImageObject","inLanguage":"de","@id":"https:\/\/www.dt-smart.com\/product\/samsung-galaxy-z-flip2-amoled-screen-replacement-with-oem-folding-compatibility-high-brightness-and-smooth-touch-panel\/#primaryimage","url":"https:\/\/www.dt-smart.com\/wp-content\/uploads\/2025\/07\/Flip2.webp","contentUrl":"https:\/\/www.dt-smart.com\/wp-content\/uploads\/2025\/07\/Flip2.webp","width":800,"height":800},{"@type":"BreadcrumbList","@id":"https:\/\/www.dt-smart.com\/product\/samsung-galaxy-z-flip2-amoled-screen-replacement-with-oem-folding-compatibility-high-brightness-and-smooth-touch-panel\/#breadcrumb","itemListElement":[{"@type":"ListItem","position":1,"name":"Home","item":"https:\/\/www.dt-smart.com\/"},{"@type":"ListItem","position":2,"name":"Product","item":"https:\/\/www.dt-smart.com\/ru\/product\/"},{"@type":"ListItem","position":3,"name":"Samsung Galaxy Z Flip2 Foldable AMOLED Screen &#8211; UTG with Seamless Hinge Alignment. 1-Year Warranty, Fast Shipping"}]},{"@type":"WebSite","@id":"https:\/\/www.dt-smart.com\/#website","url":"https:\/\/www.dt-smart.com\/","name":"InsurePart","description":"Handy-Ersatzteile; iPhone-Ersatzteile im Gro\u00dfhandel; Samsung-Ersatzteillieferant","potentialAction":[{"@type":"SearchAction","target":{"@type":"EntryPoint","urlTemplate":"https:\/\/www.dt-smart.com\/?s={search_term_string}"},"query-input":{"@type":"PropertyValueSpecification","valueRequired":true,"valueName":"search_term_string"}}],"inLanguage":"de"}]}},"_links":{"self":[{"href":"https:\/\/www.dt-smart.com\/de\/wp-json\/wp\/v2\/product\/20347","targetHints":{"allow":["GET"]}}],"collection":[{"href":"https:\/\/www.dt-smart.com\/de\/wp-json\/wp\/v2\/product"}],"about":[{"href":"https:\/\/www.dt-smart.com\/de\/wp-json\/wp\/v2\/types\/product"}],"replies":[{"embeddable":true,"href":"https:\/\/www.dt-smart.com\/de\/wp-json\/wp\/v2\/comments?post=20347"}],"version-history":[{"count":4,"href":"https:\/\/www.dt-smart.com\/de\/wp-json\/wp\/v2\/product\/20347\/revisions"}],"predecessor-version":[{"id":24760,"href":"https:\/\/www.dt-smart.com\/de\/wp-json\/wp\/v2\/product\/20347\/revisions\/24760"}],"wp:featuredmedia":[{"embeddable":true,"href":"https:\/\/www.dt-smart.com\/de\/wp-json\/wp\/v2\/media\/19924"}],"wp:attachment":[{"href":"https:\/\/www.dt-smart.com\/de\/wp-json\/wp\/v2\/media?parent=20347"}],"wp:term":[{"taxonomy":"product_brand","embeddable":true,"href":"https:\/\/www.dt-smart.com\/de\/wp-json\/wp\/v2\/product_brand?post=20347"},{"taxonomy":"product_cat","embeddable":true,"href":"https:\/\/www.dt-smart.com\/de\/wp-json\/wp\/v2\/product_cat?post=20347"},{"taxonomy":"product_tag","embeddable":true,"href":"https:\/\/www.dt-smart.com\/de\/wp-json\/wp\/v2\/product_tag?post=20347"}],"curies":[{"name":"wp","href":"https:\/\/api.w.org\/{rel}","templated":true}]}}