{"id":20362,"date":"2025-07-14T17:21:46","date_gmt":"2025-07-14T09:21:46","guid":{"rendered":"https:\/\/www.insurepart.com\/?post_type=product&#038;p=20362"},"modified":"2026-01-09T16:38:07","modified_gmt":"2026-01-09T08:38:07","slug":"samsung-galaxy-z-flip4-replacement-amoled-display-with-bright-folding-panel-anti-crease-design-and-high-touch-sensitivity","status":"publish","type":"product","link":"https:\/\/www.dt-smart.com\/de\/produkt\/samsung-galaxy-z-flip4-replacement-amoled-display-with-bright-folding-panel-anti-crease-design-and-high-touch-sensitivity\/","title":{"rendered":"Samsung Galaxy Z Flip4 Ersatz-AMOLED-Display mit hellem Faltpanel, knitterfreiem Design und hoher Ber\u00fchrungsempfindlichkeit (Original &amp; Neuware in Originalqualit\u00e4t)"},"content":{"rendered":"<p style=\"text-align: center;\"><img fetchpriority=\"high\" decoding=\"async\" class=\"alignnone size-full wp-image-15567\" src=\"https:\/\/www.insurepart.com\/wp-content\/uploads\/2024\/08\/\u4e3a\u4ec0\u4e48\u9009\u62e9\u6211\u4eec22.webp\" alt=\"\" width=\"1000\" height=\"786\" srcset=\"https:\/\/www.dt-smart.com\/wp-content\/uploads\/2024\/08\/\u4e3a\u4ec0\u4e48\u9009\u62e9\u6211\u4eec22.webp 1000w, https:\/\/www.dt-smart.com\/wp-content\/uploads\/2024\/08\/\u4e3a\u4ec0\u4e48\u9009\u62e9\u6211\u4eec22-300x236.webp 300w, https:\/\/www.dt-smart.com\/wp-content\/uploads\/2024\/08\/\u4e3a\u4ec0\u4e48\u9009\u62e9\u6211\u4eec22-150x118.webp 150w, https:\/\/www.dt-smart.com\/wp-content\/uploads\/2024\/08\/\u4e3a\u4ec0\u4e48\u9009\u62e9\u6211\u4eec22-800x629.webp 800w, https:\/\/www.dt-smart.com\/wp-content\/uploads\/2024\/08\/\u4e3a\u4ec0\u4e48\u9009\u62e9\u6211\u4eec22-768x604.webp 768w, https:\/\/www.dt-smart.com\/wp-content\/uploads\/2024\/08\/\u4e3a\u4ec0\u4e48\u9009\u62e9\u6211\u4eec22-15x12.webp 15w\" sizes=\"(max-width: 1000px) 100vw, 1000px\" \/><\/p>","protected":false},"excerpt":{"rendered":"<p><span style=\"font-size: 10pt;\">Dieser faltbare AMOLED-Bildschirm f\u00fcr das Samsung Galaxy Z Flip4 bringt die urspr\u00fcngliche Bildschirmbrillanz zur\u00fcck \u2013 mit lebendigen Farben, hoher Helligkeit und flexibler Scharnieranpassung. Sorgf\u00e4ltig gefertigt f\u00fcr Knickfestigkeit, l\u00e4sst er sich makellos falten und f\u00fcgt sich perfekt in den Ger\u00e4terahmen ein. Jeder Bildschirm wird auf 100%-Pixelleistung, stabile Touch-Bedienung und minimale Faltlinien getestet. Alle ben\u00f6tigten Flex-Anschl\u00fcsse und Klebewerkzeuge sind im Lieferumfang enthalten. Entwickelt f\u00fcr professionelle Reparaturen oder OEM-Qualit\u00e4ts-Refurbishments.<\/span><\/p>","protected":false},"featured_media":19922,"comment_status":"open","ping_status":"closed","template":"","meta":[],"product_brand":[],"product_cat":[1023,1370,698,21],"product_tag":[],"class_list":{"0":"post-20362","1":"product","2":"type-product","3":"status-publish","4":"has-post-thumbnail","6":"product_cat-all-fold-series-lcd","7":"product_cat-flip4","8":"product_cat-fold-flip-series","9":"product_cat-samsung","11":"first","12":"instock","13":"taxable","14":"shipping-taxable","15":"purchasable","16":"product-type-variable"},"yoast_head":"<!-- This site is optimized with the Yoast SEO plugin v27.4 - https:\/\/yoast.com\/product\/yoast-seo-wordpress\/ -->\n<title>Samsung Galaxy Z Flip4 Replacement AMOLED Display with Bright Folding Panel, Anti-Crease Design and High Touch Sensitivity\uff08Original &amp; Original brand new quality\uff09 - InsurePart<\/title>\n<meta name=\"description\" content=\"Samsung Galaxy Z Flip4 Replacement AMOLED Display with Bright Folding Panel, Anti-Crease Design and High Touch Sensitivity\uff08Original &amp; Original brand new quality\uff09\" \/>\n<meta name=\"robots\" content=\"index, follow, max-snippet:-1, max-image-preview:large, max-video-preview:-1\" \/>\n<link rel=\"canonical\" href=\"https:\/\/www.dt-smart.com\/de\/produkt\/samsung-galaxy-z-flip4-replacement-amoled-display-with-bright-folding-panel-anti-crease-design-and-high-touch-sensitivity\/\" \/>\n<meta property=\"og:locale\" content=\"de_DE\" \/>\n<meta property=\"og:type\" content=\"article\" \/>\n<meta property=\"og:title\" content=\"Samsung Galaxy Z Flip4 Replacement AMOLED Display with Bright Folding Panel, Anti-Crease Design and High Touch Sensitivity\uff08Original &amp; Original brand new quality\uff09 - InsurePart\" \/>\n<meta property=\"og:description\" content=\"Samsung Galaxy Z Flip4 Replacement AMOLED Display with Bright Folding Panel, Anti-Crease Design and High Touch Sensitivity\uff08Original &amp; Original brand new quality\uff09\" \/>\n<meta property=\"og:url\" content=\"https:\/\/www.dt-smart.com\/de\/produkt\/samsung-galaxy-z-flip4-replacement-amoled-display-with-bright-folding-panel-anti-crease-design-and-high-touch-sensitivity\/\" \/>\n<meta property=\"og:site_name\" content=\"InsurePart\" \/>\n<meta property=\"article:publisher\" content=\"https:\/\/www.facebook.com\/anjinleeEva\" \/>\n<meta property=\"article:modified_time\" content=\"2026-01-09T08:38:07+00:00\" \/>\n<meta property=\"og:image\" content=\"https:\/\/www.dt-smart.com\/wp-content\/uploads\/2025\/07\/Flip4.webp\" \/>\n\t<meta property=\"og:image:width\" content=\"800\" \/>\n\t<meta property=\"og:image:height\" content=\"800\" \/>\n\t<meta property=\"og:image:type\" content=\"image\/webp\" \/>\n<meta name=\"twitter:card\" content=\"summary_large_image\" \/>\n<meta name=\"twitter:label1\" content=\"Gesch\u00e4tzte Lesezeit\" \/>\n\t<meta name=\"twitter:data1\" content=\"1\u00a0Minute\" \/>\n<script type=\"application\/ld+json\" class=\"yoast-schema-graph\">{\"@context\":\"https:\\\/\\\/schema.org\",\"@graph\":[{\"@type\":\"WebPage\",\"@id\":\"https:\\\/\\\/www.dt-smart.com\\\/product\\\/samsung-galaxy-z-flip4-replacement-amoled-display-with-bright-folding-panel-anti-crease-design-and-high-touch-sensitivity\\\/\",\"url\":\"https:\\\/\\\/www.dt-smart.com\\\/product\\\/samsung-galaxy-z-flip4-replacement-amoled-display-with-bright-folding-panel-anti-crease-design-and-high-touch-sensitivity\\\/\",\"name\":\"Samsung Galaxy Z Flip4 Replacement AMOLED Display with Bright Folding Panel, Anti-Crease Design and High Touch Sensitivity\uff08Original & Original brand new quality\uff09 - InsurePart\",\"isPartOf\":{\"@id\":\"https:\\\/\\\/www.dt-smart.com\\\/#website\"},\"primaryImageOfPage\":{\"@id\":\"https:\\\/\\\/www.dt-smart.com\\\/product\\\/samsung-galaxy-z-flip4-replacement-amoled-display-with-bright-folding-panel-anti-crease-design-and-high-touch-sensitivity\\\/#primaryimage\"},\"image\":{\"@id\":\"https:\\\/\\\/www.dt-smart.com\\\/product\\\/samsung-galaxy-z-flip4-replacement-amoled-display-with-bright-folding-panel-anti-crease-design-and-high-touch-sensitivity\\\/#primaryimage\"},\"thumbnailUrl\":\"https:\\\/\\\/www.dt-smart.com\\\/wp-content\\\/uploads\\\/2025\\\/07\\\/Flip4.webp\",\"datePublished\":\"2025-07-14T09:21:46+00:00\",\"dateModified\":\"2026-01-09T08:38:07+00:00\",\"description\":\"Samsung Galaxy Z Flip4 Replacement AMOLED Display with Bright Folding Panel, Anti-Crease Design and High Touch Sensitivity\uff08Original & Original brand new quality\uff09\",\"breadcrumb\":{\"@id\":\"https:\\\/\\\/www.dt-smart.com\\\/product\\\/samsung-galaxy-z-flip4-replacement-amoled-display-with-bright-folding-panel-anti-crease-design-and-high-touch-sensitivity\\\/#breadcrumb\"},\"inLanguage\":\"de\",\"potentialAction\":[{\"@type\":\"ReadAction\",\"target\":[\"https:\\\/\\\/www.dt-smart.com\\\/product\\\/samsung-galaxy-z-flip4-replacement-amoled-display-with-bright-folding-panel-anti-crease-design-and-high-touch-sensitivity\\\/\"]}]},{\"@type\":\"ImageObject\",\"inLanguage\":\"de\",\"@id\":\"https:\\\/\\\/www.dt-smart.com\\\/product\\\/samsung-galaxy-z-flip4-replacement-amoled-display-with-bright-folding-panel-anti-crease-design-and-high-touch-sensitivity\\\/#primaryimage\",\"url\":\"https:\\\/\\\/www.dt-smart.com\\\/wp-content\\\/uploads\\\/2025\\\/07\\\/Flip4.webp\",\"contentUrl\":\"https:\\\/\\\/www.dt-smart.com\\\/wp-content\\\/uploads\\\/2025\\\/07\\\/Flip4.webp\",\"width\":800,\"height\":800},{\"@type\":\"BreadcrumbList\",\"@id\":\"https:\\\/\\\/www.dt-smart.com\\\/product\\\/samsung-galaxy-z-flip4-replacement-amoled-display-with-bright-folding-panel-anti-crease-design-and-high-touch-sensitivity\\\/#breadcrumb\",\"itemListElement\":[{\"@type\":\"ListItem\",\"position\":1,\"name\":\"Home\",\"item\":\"https:\\\/\\\/www.dt-smart.com\\\/\"},{\"@type\":\"ListItem\",\"position\":2,\"name\":\"Product\",\"item\":\"https:\\\/\\\/www.dt-smart.com\\\/ru\\\/product\\\/\"},{\"@type\":\"ListItem\",\"position\":3,\"name\":\"Samsung Galaxy Z Flip4 Replacement AMOLED Display with Bright Folding Panel, Anti-Crease Design and High Touch Sensitivity\uff08Original &#038; Original brand new quality\uff09\"}]},{\"@type\":\"WebSite\",\"@id\":\"https:\\\/\\\/www.dt-smart.com\\\/#website\",\"url\":\"https:\\\/\\\/www.dt-smart.com\\\/\",\"name\":\"InsurePart\",\"description\":\"Cell Phone Repair Parts; iPhone Parts Wholesale;Samsung Parts Supplier\",\"potentialAction\":[{\"@type\":\"SearchAction\",\"target\":{\"@type\":\"EntryPoint\",\"urlTemplate\":\"https:\\\/\\\/www.dt-smart.com\\\/?s={search_term_string}\"},\"query-input\":{\"@type\":\"PropertyValueSpecification\",\"valueRequired\":true,\"valueName\":\"search_term_string\"}}],\"inLanguage\":\"de\"}]}<\/script>\n<!-- \/ Yoast SEO plugin. -->","yoast_head_json":{"title":"Samsung Galaxy Z Flip4 Replacement AMOLED Display with Bright Folding Panel, Anti-Crease Design and High Touch Sensitivity\uff08Original & Original brand new quality\uff09 - InsurePart","description":"Samsung Galaxy Z Flip4 Replacement AMOLED Display with Bright Folding Panel, Anti-Crease Design and High Touch Sensitivity\uff08Original & Original brand new quality\uff09","robots":{"index":"index","follow":"follow","max-snippet":"max-snippet:-1","max-image-preview":"max-image-preview:large","max-video-preview":"max-video-preview:-1"},"canonical":"https:\/\/www.dt-smart.com\/de\/produkt\/samsung-galaxy-z-flip4-replacement-amoled-display-with-bright-folding-panel-anti-crease-design-and-high-touch-sensitivity\/","og_locale":"de_DE","og_type":"article","og_title":"Samsung Galaxy Z Flip4 Replacement AMOLED Display with Bright Folding Panel, Anti-Crease Design and High Touch Sensitivity\uff08Original & Original brand new quality\uff09 - InsurePart","og_description":"Samsung Galaxy Z Flip4 Replacement AMOLED Display with Bright Folding Panel, Anti-Crease Design and High Touch Sensitivity\uff08Original & Original brand new quality\uff09","og_url":"https:\/\/www.dt-smart.com\/de\/produkt\/samsung-galaxy-z-flip4-replacement-amoled-display-with-bright-folding-panel-anti-crease-design-and-high-touch-sensitivity\/","og_site_name":"InsurePart","article_publisher":"https:\/\/www.facebook.com\/anjinleeEva","article_modified_time":"2026-01-09T08:38:07+00:00","og_image":[{"width":800,"height":800,"url":"https:\/\/www.dt-smart.com\/wp-content\/uploads\/2025\/07\/Flip4.webp","type":"image\/webp"}],"twitter_card":"summary_large_image","twitter_misc":{"Gesch\u00e4tzte Lesezeit":"1\u00a0Minute"},"schema":{"@context":"https:\/\/schema.org","@graph":[{"@type":"WebPage","@id":"https:\/\/www.dt-smart.com\/product\/samsung-galaxy-z-flip4-replacement-amoled-display-with-bright-folding-panel-anti-crease-design-and-high-touch-sensitivity\/","url":"https:\/\/www.dt-smart.com\/product\/samsung-galaxy-z-flip4-replacement-amoled-display-with-bright-folding-panel-anti-crease-design-and-high-touch-sensitivity\/","name":"Samsung Galaxy Z Flip4 Replacement AMOLED Display with Bright Folding Panel, Anti-Crease Design and High Touch Sensitivity\uff08Original & Original brand new quality\uff09 - InsurePart","isPartOf":{"@id":"https:\/\/www.dt-smart.com\/#website"},"primaryImageOfPage":{"@id":"https:\/\/www.dt-smart.com\/product\/samsung-galaxy-z-flip4-replacement-amoled-display-with-bright-folding-panel-anti-crease-design-and-high-touch-sensitivity\/#primaryimage"},"image":{"@id":"https:\/\/www.dt-smart.com\/product\/samsung-galaxy-z-flip4-replacement-amoled-display-with-bright-folding-panel-anti-crease-design-and-high-touch-sensitivity\/#primaryimage"},"thumbnailUrl":"https:\/\/www.dt-smart.com\/wp-content\/uploads\/2025\/07\/Flip4.webp","datePublished":"2025-07-14T09:21:46+00:00","dateModified":"2026-01-09T08:38:07+00:00","description":"Samsung Galaxy Z Flip4 Replacement AMOLED Display with Bright Folding Panel, Anti-Crease Design and High Touch Sensitivity\uff08Original & Original brand new quality\uff09","breadcrumb":{"@id":"https:\/\/www.dt-smart.com\/product\/samsung-galaxy-z-flip4-replacement-amoled-display-with-bright-folding-panel-anti-crease-design-and-high-touch-sensitivity\/#breadcrumb"},"inLanguage":"de","potentialAction":[{"@type":"ReadAction","target":["https:\/\/www.dt-smart.com\/product\/samsung-galaxy-z-flip4-replacement-amoled-display-with-bright-folding-panel-anti-crease-design-and-high-touch-sensitivity\/"]}]},{"@type":"ImageObject","inLanguage":"de","@id":"https:\/\/www.dt-smart.com\/product\/samsung-galaxy-z-flip4-replacement-amoled-display-with-bright-folding-panel-anti-crease-design-and-high-touch-sensitivity\/#primaryimage","url":"https:\/\/www.dt-smart.com\/wp-content\/uploads\/2025\/07\/Flip4.webp","contentUrl":"https:\/\/www.dt-smart.com\/wp-content\/uploads\/2025\/07\/Flip4.webp","width":800,"height":800},{"@type":"BreadcrumbList","@id":"https:\/\/www.dt-smart.com\/product\/samsung-galaxy-z-flip4-replacement-amoled-display-with-bright-folding-panel-anti-crease-design-and-high-touch-sensitivity\/#breadcrumb","itemListElement":[{"@type":"ListItem","position":1,"name":"Home","item":"https:\/\/www.dt-smart.com\/"},{"@type":"ListItem","position":2,"name":"Product","item":"https:\/\/www.dt-smart.com\/ru\/product\/"},{"@type":"ListItem","position":3,"name":"Samsung Galaxy Z Flip4 Replacement AMOLED Display with Bright Folding Panel, Anti-Crease Design and High Touch Sensitivity\uff08Original &#038; Original brand new quality\uff09"}]},{"@type":"WebSite","@id":"https:\/\/www.dt-smart.com\/#website","url":"https:\/\/www.dt-smart.com\/","name":"InsurePart","description":"Handy-Ersatzteile; iPhone-Ersatzteile im Gro\u00dfhandel; Samsung-Ersatzteillieferant","potentialAction":[{"@type":"SearchAction","target":{"@type":"EntryPoint","urlTemplate":"https:\/\/www.dt-smart.com\/?s={search_term_string}"},"query-input":{"@type":"PropertyValueSpecification","valueRequired":true,"valueName":"search_term_string"}}],"inLanguage":"de"}]}},"_links":{"self":[{"href":"https:\/\/www.dt-smart.com\/de\/wp-json\/wp\/v2\/product\/20362","targetHints":{"allow":["GET"]}}],"collection":[{"href":"https:\/\/www.dt-smart.com\/de\/wp-json\/wp\/v2\/product"}],"about":[{"href":"https:\/\/www.dt-smart.com\/de\/wp-json\/wp\/v2\/types\/product"}],"replies":[{"embeddable":true,"href":"https:\/\/www.dt-smart.com\/de\/wp-json\/wp\/v2\/comments?post=20362"}],"version-history":[{"count":3,"href":"https:\/\/www.dt-smart.com\/de\/wp-json\/wp\/v2\/product\/20362\/revisions"}],"predecessor-version":[{"id":24490,"href":"https:\/\/www.dt-smart.com\/de\/wp-json\/wp\/v2\/product\/20362\/revisions\/24490"}],"wp:featuredmedia":[{"embeddable":true,"href":"https:\/\/www.dt-smart.com\/de\/wp-json\/wp\/v2\/media\/19922"}],"wp:attachment":[{"href":"https:\/\/www.dt-smart.com\/de\/wp-json\/wp\/v2\/media?parent=20362"}],"wp:term":[{"taxonomy":"product_brand","embeddable":true,"href":"https:\/\/www.dt-smart.com\/de\/wp-json\/wp\/v2\/product_brand?post=20362"},{"taxonomy":"product_cat","embeddable":true,"href":"https:\/\/www.dt-smart.com\/de\/wp-json\/wp\/v2\/product_cat?post=20362"},{"taxonomy":"product_tag","embeddable":true,"href":"https:\/\/www.dt-smart.com\/de\/wp-json\/wp\/v2\/product_tag?post=20362"}],"curies":[{"name":"wp","href":"https:\/\/api.w.org\/{rel}","templated":true}]}}