{"id":20366,"date":"2025-07-14T14:30:00","date_gmt":"2025-07-14T06:30:00","guid":{"rendered":"https:\/\/www.insurepart.com\/?post_type=product&#038;p=20366"},"modified":"2026-01-09T16:38:25","modified_gmt":"2026-01-09T08:38:25","slug":"samsung-galaxy-z-flip5-foldable-amoled-display-assembly-with-oem-color-quality-fast-touch-feedback-and-precision-folding-structure","status":"publish","type":"product","link":"https:\/\/www.dt-smart.com\/de\/produkt\/samsung-galaxy-z-flip5-foldable-amoled-display-assembly-with-oem-color-quality-fast-touch-feedback-and-precision-folding-structure\/","title":{"rendered":"Samsung Galaxy Z Flip5 Faltbares AMOLED-Display mit OEM-Farbqualit\u00e4t, schneller Touch-R\u00fcckmeldung und pr\u00e4ziser Faltstruktur"},"content":{"rendered":"<p style=\"text-align: center;\"><img fetchpriority=\"high\" decoding=\"async\" class=\"alignnone size-full wp-image-15567\" src=\"https:\/\/www.insurepart.com\/wp-content\/uploads\/2024\/08\/\u4e3a\u4ec0\u4e48\u9009\u62e9\u6211\u4eec22.webp\" alt=\"\" width=\"1000\" height=\"786\" srcset=\"https:\/\/www.dt-smart.com\/wp-content\/uploads\/2024\/08\/\u4e3a\u4ec0\u4e48\u9009\u62e9\u6211\u4eec22.webp 1000w, https:\/\/www.dt-smart.com\/wp-content\/uploads\/2024\/08\/\u4e3a\u4ec0\u4e48\u9009\u62e9\u6211\u4eec22-300x236.webp 300w, https:\/\/www.dt-smart.com\/wp-content\/uploads\/2024\/08\/\u4e3a\u4ec0\u4e48\u9009\u62e9\u6211\u4eec22-150x118.webp 150w, https:\/\/www.dt-smart.com\/wp-content\/uploads\/2024\/08\/\u4e3a\u4ec0\u4e48\u9009\u62e9\u6211\u4eec22-800x629.webp 800w, https:\/\/www.dt-smart.com\/wp-content\/uploads\/2024\/08\/\u4e3a\u4ec0\u4e48\u9009\u62e9\u6211\u4eec22-768x604.webp 768w, https:\/\/www.dt-smart.com\/wp-content\/uploads\/2024\/08\/\u4e3a\u4ec0\u4e48\u9009\u62e9\u6211\u4eec22-15x12.webp 15w\" sizes=\"(max-width: 1000px) 100vw, 1000px\" \/><\/p>","protected":false},"excerpt":{"rendered":"<p><span style=\"font-size: 10pt;\">Dieser AMOLED-Ersatzbildschirm f\u00fcr das Samsung Galaxy Z Flip5 entspricht in Qualit\u00e4t und Reaktionsf\u00e4higkeit dem Originaldisplay. Erleben Sie ultrahelle Bilder, tiefen Kontrast und lebendige Farben \u2013 genau wie gew\u00fcnscht. Die Faltschicht ist so konstruiert, dass sie sich nahtlos in das Scharnier einf\u00fcgt und so Flexibilit\u00e4t und Langlebigkeit gew\u00e4hrleistet. Dank hoher Ber\u00fchrungsempfindlichkeit und verz\u00f6gerungsfreier Bedienung ist die Benutzererfahrung fl\u00fcssig und pr\u00e4zise. Jeder Bildschirm wird vor der Auslieferung gr\u00fcndlich getestet, um volle Funktionalit\u00e4t, einschlie\u00dflich Bildwiederholfrequenz, Multitouch und Faltstabilit\u00e4t, sicherzustellen. Der Bildschirm ist einfach zu installieren und eignet sich ideal f\u00fcr professionelle Techniker und anspruchsvolle Reparaturen.<\/span><\/p>","protected":false},"featured_media":19921,"comment_status":"open","ping_status":"closed","template":"","meta":[],"product_brand":[],"product_cat":[1023,1371,698,21],"product_tag":[],"class_list":{"0":"post-20366","1":"product","2":"type-product","3":"status-publish","4":"has-post-thumbnail","6":"product_cat-all-fold-series-lcd","7":"product_cat-flip5","8":"product_cat-fold-flip-series","9":"product_cat-samsung","11":"first","12":"instock","13":"taxable","14":"shipping-taxable","15":"purchasable","16":"product-type-variable"},"yoast_head":"<!-- This site is optimized with the Yoast SEO plugin v27.4 - https:\/\/yoast.com\/product\/yoast-seo-wordpress\/ -->\n<title>Samsung Galaxy Z Flip5 Foldable AMOLED Display Assembly with OEM Color Quality, Fast Touch Feedback, and Precision Folding Structure - InsurePart<\/title>\n<meta name=\"description\" content=\"Samsung Galaxy Z Flip5 Foldable AMOLED Display Assembly with OEM Color Quality, Fast Touch Feedback, and Precision Folding Structure\" \/>\n<meta name=\"robots\" content=\"index, follow, max-snippet:-1, max-image-preview:large, max-video-preview:-1\" \/>\n<link rel=\"canonical\" href=\"https:\/\/www.dt-smart.com\/de\/produkt\/samsung-galaxy-z-flip5-foldable-amoled-display-assembly-with-oem-color-quality-fast-touch-feedback-and-precision-folding-structure\/\" \/>\n<meta property=\"og:locale\" content=\"de_DE\" \/>\n<meta property=\"og:type\" content=\"article\" \/>\n<meta property=\"og:title\" content=\"Samsung Galaxy Z Flip5 Foldable AMOLED Display Assembly with OEM Color Quality, Fast Touch Feedback, and Precision Folding Structure - InsurePart\" \/>\n<meta property=\"og:description\" content=\"Samsung Galaxy Z Flip5 Foldable AMOLED Display Assembly with OEM Color Quality, Fast Touch Feedback, and Precision Folding Structure\" \/>\n<meta property=\"og:url\" content=\"https:\/\/www.dt-smart.com\/de\/produkt\/samsung-galaxy-z-flip5-foldable-amoled-display-assembly-with-oem-color-quality-fast-touch-feedback-and-precision-folding-structure\/\" \/>\n<meta property=\"og:site_name\" content=\"InsurePart\" \/>\n<meta property=\"article:publisher\" content=\"https:\/\/www.facebook.com\/anjinleeEva\" \/>\n<meta property=\"article:modified_time\" content=\"2026-01-09T08:38:25+00:00\" \/>\n<meta property=\"og:image\" content=\"https:\/\/www.dt-smart.com\/wp-content\/uploads\/2025\/07\/Flip5.webp\" \/>\n\t<meta property=\"og:image:width\" content=\"800\" \/>\n\t<meta property=\"og:image:height\" content=\"800\" \/>\n\t<meta property=\"og:image:type\" content=\"image\/webp\" \/>\n<meta name=\"twitter:card\" content=\"summary_large_image\" \/>\n<meta name=\"twitter:label1\" content=\"Gesch\u00e4tzte Lesezeit\" \/>\n\t<meta name=\"twitter:data1\" content=\"1\u00a0Minute\" \/>\n<script type=\"application\/ld+json\" class=\"yoast-schema-graph\">{\"@context\":\"https:\\\/\\\/schema.org\",\"@graph\":[{\"@type\":\"WebPage\",\"@id\":\"https:\\\/\\\/www.dt-smart.com\\\/product\\\/samsung-galaxy-z-flip5-foldable-amoled-display-assembly-with-oem-color-quality-fast-touch-feedback-and-precision-folding-structure\\\/\",\"url\":\"https:\\\/\\\/www.dt-smart.com\\\/product\\\/samsung-galaxy-z-flip5-foldable-amoled-display-assembly-with-oem-color-quality-fast-touch-feedback-and-precision-folding-structure\\\/\",\"name\":\"Samsung Galaxy Z Flip5 Foldable AMOLED Display Assembly with OEM Color Quality, Fast Touch Feedback, and Precision Folding Structure - InsurePart\",\"isPartOf\":{\"@id\":\"https:\\\/\\\/www.dt-smart.com\\\/#website\"},\"primaryImageOfPage\":{\"@id\":\"https:\\\/\\\/www.dt-smart.com\\\/product\\\/samsung-galaxy-z-flip5-foldable-amoled-display-assembly-with-oem-color-quality-fast-touch-feedback-and-precision-folding-structure\\\/#primaryimage\"},\"image\":{\"@id\":\"https:\\\/\\\/www.dt-smart.com\\\/product\\\/samsung-galaxy-z-flip5-foldable-amoled-display-assembly-with-oem-color-quality-fast-touch-feedback-and-precision-folding-structure\\\/#primaryimage\"},\"thumbnailUrl\":\"https:\\\/\\\/www.dt-smart.com\\\/wp-content\\\/uploads\\\/2025\\\/07\\\/Flip5.webp\",\"datePublished\":\"2025-07-14T06:30:00+00:00\",\"dateModified\":\"2026-01-09T08:38:25+00:00\",\"description\":\"Samsung Galaxy Z Flip5 Foldable AMOLED Display Assembly with OEM Color Quality, Fast Touch Feedback, and Precision Folding Structure\",\"breadcrumb\":{\"@id\":\"https:\\\/\\\/www.dt-smart.com\\\/product\\\/samsung-galaxy-z-flip5-foldable-amoled-display-assembly-with-oem-color-quality-fast-touch-feedback-and-precision-folding-structure\\\/#breadcrumb\"},\"inLanguage\":\"de\",\"potentialAction\":[{\"@type\":\"ReadAction\",\"target\":[\"https:\\\/\\\/www.dt-smart.com\\\/product\\\/samsung-galaxy-z-flip5-foldable-amoled-display-assembly-with-oem-color-quality-fast-touch-feedback-and-precision-folding-structure\\\/\"]}]},{\"@type\":\"ImageObject\",\"inLanguage\":\"de\",\"@id\":\"https:\\\/\\\/www.dt-smart.com\\\/product\\\/samsung-galaxy-z-flip5-foldable-amoled-display-assembly-with-oem-color-quality-fast-touch-feedback-and-precision-folding-structure\\\/#primaryimage\",\"url\":\"https:\\\/\\\/www.dt-smart.com\\\/wp-content\\\/uploads\\\/2025\\\/07\\\/Flip5.webp\",\"contentUrl\":\"https:\\\/\\\/www.dt-smart.com\\\/wp-content\\\/uploads\\\/2025\\\/07\\\/Flip5.webp\",\"width\":800,\"height\":800},{\"@type\":\"BreadcrumbList\",\"@id\":\"https:\\\/\\\/www.dt-smart.com\\\/product\\\/samsung-galaxy-z-flip5-foldable-amoled-display-assembly-with-oem-color-quality-fast-touch-feedback-and-precision-folding-structure\\\/#breadcrumb\",\"itemListElement\":[{\"@type\":\"ListItem\",\"position\":1,\"name\":\"Home\",\"item\":\"https:\\\/\\\/www.dt-smart.com\\\/\"},{\"@type\":\"ListItem\",\"position\":2,\"name\":\"Product\",\"item\":\"https:\\\/\\\/www.dt-smart.com\\\/ru\\\/product\\\/\"},{\"@type\":\"ListItem\",\"position\":3,\"name\":\"Samsung Galaxy Z Flip5 Foldable AMOLED Display Assembly with OEM Color Quality, Fast Touch Feedback, and Precision Folding Structure\"}]},{\"@type\":\"WebSite\",\"@id\":\"https:\\\/\\\/www.dt-smart.com\\\/#website\",\"url\":\"https:\\\/\\\/www.dt-smart.com\\\/\",\"name\":\"InsurePart\",\"description\":\"Cell Phone Repair Parts; iPhone Parts Wholesale;Samsung Parts Supplier\",\"potentialAction\":[{\"@type\":\"SearchAction\",\"target\":{\"@type\":\"EntryPoint\",\"urlTemplate\":\"https:\\\/\\\/www.dt-smart.com\\\/?s={search_term_string}\"},\"query-input\":{\"@type\":\"PropertyValueSpecification\",\"valueRequired\":true,\"valueName\":\"search_term_string\"}}],\"inLanguage\":\"de\"}]}<\/script>\n<!-- \/ Yoast SEO plugin. -->","yoast_head_json":{"title":"Samsung Galaxy Z Flip5 Foldable AMOLED Display Assembly with OEM Color Quality, Fast Touch Feedback, and Precision Folding Structure - InsurePart","description":"Samsung Galaxy Z Flip5 Faltbares AMOLED-Display mit OEM-Farbqualit\u00e4t, schneller Touch-R\u00fcckmeldung und pr\u00e4ziser Faltstruktur","robots":{"index":"index","follow":"follow","max-snippet":"max-snippet:-1","max-image-preview":"max-image-preview:large","max-video-preview":"max-video-preview:-1"},"canonical":"https:\/\/www.dt-smart.com\/de\/produkt\/samsung-galaxy-z-flip5-foldable-amoled-display-assembly-with-oem-color-quality-fast-touch-feedback-and-precision-folding-structure\/","og_locale":"de_DE","og_type":"article","og_title":"Samsung Galaxy Z Flip5 Foldable AMOLED Display Assembly with OEM Color Quality, Fast Touch Feedback, and Precision Folding Structure - InsurePart","og_description":"Samsung Galaxy Z Flip5 Foldable AMOLED Display Assembly with OEM Color Quality, Fast Touch Feedback, and Precision Folding Structure","og_url":"https:\/\/www.dt-smart.com\/de\/produkt\/samsung-galaxy-z-flip5-foldable-amoled-display-assembly-with-oem-color-quality-fast-touch-feedback-and-precision-folding-structure\/","og_site_name":"InsurePart","article_publisher":"https:\/\/www.facebook.com\/anjinleeEva","article_modified_time":"2026-01-09T08:38:25+00:00","og_image":[{"width":800,"height":800,"url":"https:\/\/www.dt-smart.com\/wp-content\/uploads\/2025\/07\/Flip5.webp","type":"image\/webp"}],"twitter_card":"summary_large_image","twitter_misc":{"Gesch\u00e4tzte Lesezeit":"1\u00a0Minute"},"schema":{"@context":"https:\/\/schema.org","@graph":[{"@type":"WebPage","@id":"https:\/\/www.dt-smart.com\/product\/samsung-galaxy-z-flip5-foldable-amoled-display-assembly-with-oem-color-quality-fast-touch-feedback-and-precision-folding-structure\/","url":"https:\/\/www.dt-smart.com\/product\/samsung-galaxy-z-flip5-foldable-amoled-display-assembly-with-oem-color-quality-fast-touch-feedback-and-precision-folding-structure\/","name":"Samsung Galaxy Z Flip5 Foldable AMOLED Display Assembly with OEM Color Quality, Fast Touch Feedback, and Precision Folding Structure - InsurePart","isPartOf":{"@id":"https:\/\/www.dt-smart.com\/#website"},"primaryImageOfPage":{"@id":"https:\/\/www.dt-smart.com\/product\/samsung-galaxy-z-flip5-foldable-amoled-display-assembly-with-oem-color-quality-fast-touch-feedback-and-precision-folding-structure\/#primaryimage"},"image":{"@id":"https:\/\/www.dt-smart.com\/product\/samsung-galaxy-z-flip5-foldable-amoled-display-assembly-with-oem-color-quality-fast-touch-feedback-and-precision-folding-structure\/#primaryimage"},"thumbnailUrl":"https:\/\/www.dt-smart.com\/wp-content\/uploads\/2025\/07\/Flip5.webp","datePublished":"2025-07-14T06:30:00+00:00","dateModified":"2026-01-09T08:38:25+00:00","description":"Samsung Galaxy Z Flip5 Faltbares AMOLED-Display mit OEM-Farbqualit\u00e4t, schneller Touch-R\u00fcckmeldung und pr\u00e4ziser Faltstruktur","breadcrumb":{"@id":"https:\/\/www.dt-smart.com\/product\/samsung-galaxy-z-flip5-foldable-amoled-display-assembly-with-oem-color-quality-fast-touch-feedback-and-precision-folding-structure\/#breadcrumb"},"inLanguage":"de","potentialAction":[{"@type":"ReadAction","target":["https:\/\/www.dt-smart.com\/product\/samsung-galaxy-z-flip5-foldable-amoled-display-assembly-with-oem-color-quality-fast-touch-feedback-and-precision-folding-structure\/"]}]},{"@type":"ImageObject","inLanguage":"de","@id":"https:\/\/www.dt-smart.com\/product\/samsung-galaxy-z-flip5-foldable-amoled-display-assembly-with-oem-color-quality-fast-touch-feedback-and-precision-folding-structure\/#primaryimage","url":"https:\/\/www.dt-smart.com\/wp-content\/uploads\/2025\/07\/Flip5.webp","contentUrl":"https:\/\/www.dt-smart.com\/wp-content\/uploads\/2025\/07\/Flip5.webp","width":800,"height":800},{"@type":"BreadcrumbList","@id":"https:\/\/www.dt-smart.com\/product\/samsung-galaxy-z-flip5-foldable-amoled-display-assembly-with-oem-color-quality-fast-touch-feedback-and-precision-folding-structure\/#breadcrumb","itemListElement":[{"@type":"ListItem","position":1,"name":"Home","item":"https:\/\/www.dt-smart.com\/"},{"@type":"ListItem","position":2,"name":"Product","item":"https:\/\/www.dt-smart.com\/ru\/product\/"},{"@type":"ListItem","position":3,"name":"Samsung Galaxy Z Flip5 Foldable AMOLED Display Assembly with OEM Color Quality, Fast Touch Feedback, and Precision Folding Structure"}]},{"@type":"WebSite","@id":"https:\/\/www.dt-smart.com\/#website","url":"https:\/\/www.dt-smart.com\/","name":"InsurePart","description":"Handy-Ersatzteile; iPhone-Ersatzteile im Gro\u00dfhandel; Samsung-Ersatzteillieferant","potentialAction":[{"@type":"SearchAction","target":{"@type":"EntryPoint","urlTemplate":"https:\/\/www.dt-smart.com\/?s={search_term_string}"},"query-input":{"@type":"PropertyValueSpecification","valueRequired":true,"valueName":"search_term_string"}}],"inLanguage":"de"}]}},"_links":{"self":[{"href":"https:\/\/www.dt-smart.com\/de\/wp-json\/wp\/v2\/product\/20366","targetHints":{"allow":["GET"]}}],"collection":[{"href":"https:\/\/www.dt-smart.com\/de\/wp-json\/wp\/v2\/product"}],"about":[{"href":"https:\/\/www.dt-smart.com\/de\/wp-json\/wp\/v2\/types\/product"}],"replies":[{"embeddable":true,"href":"https:\/\/www.dt-smart.com\/de\/wp-json\/wp\/v2\/comments?post=20366"}],"version-history":[{"count":2,"href":"https:\/\/www.dt-smart.com\/de\/wp-json\/wp\/v2\/product\/20366\/revisions"}],"predecessor-version":[{"id":24492,"href":"https:\/\/www.dt-smart.com\/de\/wp-json\/wp\/v2\/product\/20366\/revisions\/24492"}],"wp:featuredmedia":[{"embeddable":true,"href":"https:\/\/www.dt-smart.com\/de\/wp-json\/wp\/v2\/media\/19921"}],"wp:attachment":[{"href":"https:\/\/www.dt-smart.com\/de\/wp-json\/wp\/v2\/media?parent=20366"}],"wp:term":[{"taxonomy":"product_brand","embeddable":true,"href":"https:\/\/www.dt-smart.com\/de\/wp-json\/wp\/v2\/product_brand?post=20366"},{"taxonomy":"product_cat","embeddable":true,"href":"https:\/\/www.dt-smart.com\/de\/wp-json\/wp\/v2\/product_cat?post=20366"},{"taxonomy":"product_tag","embeddable":true,"href":"https:\/\/www.dt-smart.com\/de\/wp-json\/wp\/v2\/product_tag?post=20366"}],"curies":[{"name":"wp","href":"https:\/\/api.w.org\/{rel}","templated":true}]}}