{"id":20638,"date":"2025-07-14T16:13:09","date_gmt":"2025-07-14T08:13:09","guid":{"rendered":"https:\/\/www.insurepart.com\/?post_type=product&#038;p=20638"},"modified":"2026-03-09T14:19:32","modified_gmt":"2026-03-09T06:19:32","slug":"for-iphone-15-plus-original-lcd-screen-with-digitizer-full-assembly","status":"publish","type":"product","link":"https:\/\/www.dt-smart.com\/de\/produkt\/for-iphone-15-plus-original-lcd-screen-with-digitizer-full-assembly\/","title":{"rendered":"Original iPhone 15 Plus LCD-Bildschirm mit Digitizer (Komplettmontage) \u2013 Original und neuwertig \u2013 Hohe Helligkeit und Werksfarben \u2013 Weltweiter Expressversand"},"content":{"rendered":"<p style=\"text-align: center;\"><img fetchpriority=\"high\" decoding=\"async\" class=\"alignnone size-full wp-image-15567\" src=\"https:\/\/www.insurepart.com\/wp-content\/uploads\/2024\/08\/\u4e3a\u4ec0\u4e48\u9009\u62e9\u6211\u4eec22.webp\" alt=\"\" width=\"1000\" height=\"786\" srcset=\"https:\/\/www.dt-smart.com\/wp-content\/uploads\/2024\/08\/\u4e3a\u4ec0\u4e48\u9009\u62e9\u6211\u4eec22.webp 1000w, https:\/\/www.dt-smart.com\/wp-content\/uploads\/2024\/08\/\u4e3a\u4ec0\u4e48\u9009\u62e9\u6211\u4eec22-300x236.webp 300w, https:\/\/www.dt-smart.com\/wp-content\/uploads\/2024\/08\/\u4e3a\u4ec0\u4e48\u9009\u62e9\u6211\u4eec22-150x118.webp 150w, https:\/\/www.dt-smart.com\/wp-content\/uploads\/2024\/08\/\u4e3a\u4ec0\u4e48\u9009\u62e9\u6211\u4eec22-800x629.webp 800w, https:\/\/www.dt-smart.com\/wp-content\/uploads\/2024\/08\/\u4e3a\u4ec0\u4e48\u9009\u62e9\u6211\u4eec22-768x604.webp 768w, https:\/\/www.dt-smart.com\/wp-content\/uploads\/2024\/08\/\u4e3a\u4ec0\u4e48\u9009\u62e9\u6211\u4eec22-15x12.webp 15w\" sizes=\"(max-width: 1000px) 100vw, 1000px\" \/><\/p>","protected":false},"excerpt":{"rendered":"<p><span style=\"font-size: 10pt;\">Das hier angebotene iPhone 15 Plus Display ist ein Original-Ersatzteil aus einem funktionierenden Ger\u00e4t. Es handelt sich um ein OEM-Produkt, das volle Kompatibilit\u00e4t mit dem System des iPhones bietet, einschlie\u00dflich Farbkalibrierung, Touch-Funktion und Display-Funktionalit\u00e4t. Das Display wurde weder \u00fcberarbeitet noch wieder zusammengebaut oder ver\u00e4ndert. Es ist ideal f\u00fcr alle, die einen zuverl\u00e4ssigen Ersatz ben\u00f6tigen, ohne Kompromisse bei der Displayqualit\u00e4t eingehen zu m\u00fcssen. Das Display wird ohne weiteres Zubeh\u00f6r verkauft und vor dem Versand auf seine Funktionsf\u00e4higkeit gepr\u00fcft. Wir empfehlen, den Einbau von erfahrenen Technikern durchf\u00fchren zu lassen, um die Funktionalit\u00e4t, wie z. B. True Tone, zu erhalten.<\/span><\/p>","protected":false},"featured_media":20659,"comment_status":"open","ping_status":"closed","template":"","meta":[],"product_brand":[],"product_cat":[466,42,54],"product_tag":[],"class_list":{"0":"post-20638","1":"product","2":"type-product","3":"status-publish","4":"has-post-thumbnail","6":"product_cat-all-iphone-lcds","7":"product_cat-iphone","8":"product_cat-iphone-15-plus","10":"first","11":"instock","12":"taxable","13":"shipping-taxable","14":"purchasable","15":"product-type-variable"},"yoast_head":"<!-- This site is optimized with the Yoast SEO plugin v27.4 - https:\/\/yoast.com\/product\/yoast-seo-wordpress\/ -->\n<title>iPhone 15 Plus Original LCD Screen with Digitizer Full Assembly - Original &amp; Original Brand New Quality - High Brightness &amp; Factory Color - Global Express Shipping - InsurePart<\/title>\n<meta name=\"description\" content=\"iPhone 15 Plus Original LCD Screen with Digitizer Full Assembly - Original &amp; Original Brand New Quality - High Brightness &amp; Factory Color - Global Express Shipping\" \/>\n<meta name=\"robots\" content=\"index, follow, max-snippet:-1, max-image-preview:large, max-video-preview:-1\" \/>\n<link rel=\"canonical\" href=\"https:\/\/www.dt-smart.com\/de\/produkt\/for-iphone-15-plus-original-lcd-screen-with-digitizer-full-assembly\/\" \/>\n<meta property=\"og:locale\" content=\"de_DE\" \/>\n<meta property=\"og:type\" content=\"article\" \/>\n<meta property=\"og:title\" content=\"iPhone 15 Plus Original LCD Screen with Digitizer Full Assembly - Original &amp; Original Brand New Quality - High Brightness &amp; Factory Color - Global Express Shipping - InsurePart\" \/>\n<meta property=\"og:description\" content=\"iPhone 15 Plus Original LCD Screen with Digitizer Full Assembly - Original &amp; Original Brand New Quality - High Brightness &amp; Factory Color - Global Express Shipping\" \/>\n<meta property=\"og:url\" content=\"https:\/\/www.dt-smart.com\/de\/produkt\/for-iphone-15-plus-original-lcd-screen-with-digitizer-full-assembly\/\" \/>\n<meta property=\"og:site_name\" content=\"InsurePart\" \/>\n<meta property=\"article:publisher\" content=\"https:\/\/www.facebook.com\/anjinleeEva\" \/>\n<meta property=\"article:modified_time\" content=\"2026-03-09T06:19:32+00:00\" \/>\n<meta property=\"og:image\" content=\"https:\/\/www.dt-smart.com\/wp-content\/uploads\/2025\/07\/15Plus-2.webp\" \/>\n\t<meta property=\"og:image:width\" content=\"800\" \/>\n\t<meta property=\"og:image:height\" content=\"800\" \/>\n\t<meta property=\"og:image:type\" content=\"image\/webp\" \/>\n<meta name=\"twitter:card\" content=\"summary_large_image\" \/>\n<meta name=\"twitter:label1\" content=\"Gesch\u00e4tzte Lesezeit\" \/>\n\t<meta name=\"twitter:data1\" content=\"1\u00a0Minute\" \/>\n<script type=\"application\/ld+json\" class=\"yoast-schema-graph\">{\"@context\":\"https:\\\/\\\/schema.org\",\"@graph\":[{\"@type\":\"WebPage\",\"@id\":\"https:\\\/\\\/www.dt-smart.com\\\/product\\\/for-iphone-15-plus-original-lcd-screen-with-digitizer-full-assembly\\\/\",\"url\":\"https:\\\/\\\/www.dt-smart.com\\\/product\\\/for-iphone-15-plus-original-lcd-screen-with-digitizer-full-assembly\\\/\",\"name\":\"iPhone 15 Plus Original LCD Screen with Digitizer Full Assembly - Original & Original Brand New Quality - High Brightness & Factory Color - Global Express Shipping - InsurePart\",\"isPartOf\":{\"@id\":\"https:\\\/\\\/www.dt-smart.com\\\/#website\"},\"primaryImageOfPage\":{\"@id\":\"https:\\\/\\\/www.dt-smart.com\\\/product\\\/for-iphone-15-plus-original-lcd-screen-with-digitizer-full-assembly\\\/#primaryimage\"},\"image\":{\"@id\":\"https:\\\/\\\/www.dt-smart.com\\\/product\\\/for-iphone-15-plus-original-lcd-screen-with-digitizer-full-assembly\\\/#primaryimage\"},\"thumbnailUrl\":\"https:\\\/\\\/www.dt-smart.com\\\/wp-content\\\/uploads\\\/2025\\\/07\\\/15Plus-2.webp\",\"datePublished\":\"2025-07-14T08:13:09+00:00\",\"dateModified\":\"2026-03-09T06:19:32+00:00\",\"description\":\"iPhone 15 Plus Original LCD Screen with Digitizer Full Assembly - Original & Original Brand New Quality - High Brightness & Factory Color - Global Express Shipping\",\"breadcrumb\":{\"@id\":\"https:\\\/\\\/www.dt-smart.com\\\/product\\\/for-iphone-15-plus-original-lcd-screen-with-digitizer-full-assembly\\\/#breadcrumb\"},\"inLanguage\":\"de\",\"potentialAction\":[{\"@type\":\"ReadAction\",\"target\":[\"https:\\\/\\\/www.dt-smart.com\\\/product\\\/for-iphone-15-plus-original-lcd-screen-with-digitizer-full-assembly\\\/\"]}]},{\"@type\":\"ImageObject\",\"inLanguage\":\"de\",\"@id\":\"https:\\\/\\\/www.dt-smart.com\\\/product\\\/for-iphone-15-plus-original-lcd-screen-with-digitizer-full-assembly\\\/#primaryimage\",\"url\":\"https:\\\/\\\/www.dt-smart.com\\\/wp-content\\\/uploads\\\/2025\\\/07\\\/15Plus-2.webp\",\"contentUrl\":\"https:\\\/\\\/www.dt-smart.com\\\/wp-content\\\/uploads\\\/2025\\\/07\\\/15Plus-2.webp\",\"width\":800,\"height\":800},{\"@type\":\"BreadcrumbList\",\"@id\":\"https:\\\/\\\/www.dt-smart.com\\\/product\\\/for-iphone-15-plus-original-lcd-screen-with-digitizer-full-assembly\\\/#breadcrumb\",\"itemListElement\":[{\"@type\":\"ListItem\",\"position\":1,\"name\":\"Home\",\"item\":\"https:\\\/\\\/www.dt-smart.com\\\/\"},{\"@type\":\"ListItem\",\"position\":2,\"name\":\"Product\",\"item\":\"https:\\\/\\\/www.dt-smart.com\\\/ru\\\/product\\\/\"},{\"@type\":\"ListItem\",\"position\":3,\"name\":\"iPhone 15 Plus Original LCD Screen with Digitizer Full Assembly &#8211; Original &#038; Original Brand New Quality &#8211; High Brightness &#038; Factory Color &#8211; Global Express Shipping\"}]},{\"@type\":\"WebSite\",\"@id\":\"https:\\\/\\\/www.dt-smart.com\\\/#website\",\"url\":\"https:\\\/\\\/www.dt-smart.com\\\/\",\"name\":\"InsurePart\",\"description\":\"Cell Phone Repair Parts; iPhone Parts Wholesale;Samsung Parts Supplier\",\"potentialAction\":[{\"@type\":\"SearchAction\",\"target\":{\"@type\":\"EntryPoint\",\"urlTemplate\":\"https:\\\/\\\/www.dt-smart.com\\\/?s={search_term_string}\"},\"query-input\":{\"@type\":\"PropertyValueSpecification\",\"valueRequired\":true,\"valueName\":\"search_term_string\"}}],\"inLanguage\":\"de\"}]}<\/script>\n<!-- \/ Yoast SEO plugin. -->","yoast_head_json":{"title":"iPhone 15 Plus Original LCD Screen with Digitizer Full Assembly - Original & Original Brand New Quality - High Brightness & Factory Color - Global Express Shipping - InsurePart","description":"iPhone 15 Plus Original LCD Screen with Digitizer Full Assembly - Original & Original Brand New Quality - High Brightness & Factory Color - Global Express Shipping","robots":{"index":"index","follow":"follow","max-snippet":"max-snippet:-1","max-image-preview":"max-image-preview:large","max-video-preview":"max-video-preview:-1"},"canonical":"https:\/\/www.dt-smart.com\/de\/produkt\/for-iphone-15-plus-original-lcd-screen-with-digitizer-full-assembly\/","og_locale":"de_DE","og_type":"article","og_title":"iPhone 15 Plus Original LCD Screen with Digitizer Full Assembly - Original & Original Brand New Quality - High Brightness & Factory Color - Global Express Shipping - InsurePart","og_description":"iPhone 15 Plus Original LCD Screen with Digitizer Full Assembly - Original & Original Brand New Quality - High Brightness & Factory Color - Global Express Shipping","og_url":"https:\/\/www.dt-smart.com\/de\/produkt\/for-iphone-15-plus-original-lcd-screen-with-digitizer-full-assembly\/","og_site_name":"InsurePart","article_publisher":"https:\/\/www.facebook.com\/anjinleeEva","article_modified_time":"2026-03-09T06:19:32+00:00","og_image":[{"width":800,"height":800,"url":"https:\/\/www.dt-smart.com\/wp-content\/uploads\/2025\/07\/15Plus-2.webp","type":"image\/webp"}],"twitter_card":"summary_large_image","twitter_misc":{"Gesch\u00e4tzte Lesezeit":"1\u00a0Minute"},"schema":{"@context":"https:\/\/schema.org","@graph":[{"@type":"WebPage","@id":"https:\/\/www.dt-smart.com\/product\/for-iphone-15-plus-original-lcd-screen-with-digitizer-full-assembly\/","url":"https:\/\/www.dt-smart.com\/product\/for-iphone-15-plus-original-lcd-screen-with-digitizer-full-assembly\/","name":"iPhone 15 Plus Original LCD Screen with Digitizer Full Assembly - Original & Original Brand New Quality - High Brightness & Factory Color - Global Express Shipping - InsurePart","isPartOf":{"@id":"https:\/\/www.dt-smart.com\/#website"},"primaryImageOfPage":{"@id":"https:\/\/www.dt-smart.com\/product\/for-iphone-15-plus-original-lcd-screen-with-digitizer-full-assembly\/#primaryimage"},"image":{"@id":"https:\/\/www.dt-smart.com\/product\/for-iphone-15-plus-original-lcd-screen-with-digitizer-full-assembly\/#primaryimage"},"thumbnailUrl":"https:\/\/www.dt-smart.com\/wp-content\/uploads\/2025\/07\/15Plus-2.webp","datePublished":"2025-07-14T08:13:09+00:00","dateModified":"2026-03-09T06:19:32+00:00","description":"iPhone 15 Plus Original LCD Screen with Digitizer Full Assembly - Original & Original Brand New Quality - High Brightness & Factory Color - Global Express Shipping","breadcrumb":{"@id":"https:\/\/www.dt-smart.com\/product\/for-iphone-15-plus-original-lcd-screen-with-digitizer-full-assembly\/#breadcrumb"},"inLanguage":"de","potentialAction":[{"@type":"ReadAction","target":["https:\/\/www.dt-smart.com\/product\/for-iphone-15-plus-original-lcd-screen-with-digitizer-full-assembly\/"]}]},{"@type":"ImageObject","inLanguage":"de","@id":"https:\/\/www.dt-smart.com\/product\/for-iphone-15-plus-original-lcd-screen-with-digitizer-full-assembly\/#primaryimage","url":"https:\/\/www.dt-smart.com\/wp-content\/uploads\/2025\/07\/15Plus-2.webp","contentUrl":"https:\/\/www.dt-smart.com\/wp-content\/uploads\/2025\/07\/15Plus-2.webp","width":800,"height":800},{"@type":"BreadcrumbList","@id":"https:\/\/www.dt-smart.com\/product\/for-iphone-15-plus-original-lcd-screen-with-digitizer-full-assembly\/#breadcrumb","itemListElement":[{"@type":"ListItem","position":1,"name":"Home","item":"https:\/\/www.dt-smart.com\/"},{"@type":"ListItem","position":2,"name":"Product","item":"https:\/\/www.dt-smart.com\/ru\/product\/"},{"@type":"ListItem","position":3,"name":"iPhone 15 Plus Original LCD Screen with Digitizer Full Assembly &#8211; Original &#038; Original Brand New Quality &#8211; High Brightness &#038; Factory Color &#8211; Global Express Shipping"}]},{"@type":"WebSite","@id":"https:\/\/www.dt-smart.com\/#website","url":"https:\/\/www.dt-smart.com\/","name":"InsurePart","description":"Handy-Ersatzteile; iPhone-Ersatzteile im Gro\u00dfhandel; Samsung-Ersatzteillieferant","potentialAction":[{"@type":"SearchAction","target":{"@type":"EntryPoint","urlTemplate":"https:\/\/www.dt-smart.com\/?s={search_term_string}"},"query-input":{"@type":"PropertyValueSpecification","valueRequired":true,"valueName":"search_term_string"}}],"inLanguage":"de"}]}},"_links":{"self":[{"href":"https:\/\/www.dt-smart.com\/de\/wp-json\/wp\/v2\/product\/20638","targetHints":{"allow":["GET"]}}],"collection":[{"href":"https:\/\/www.dt-smart.com\/de\/wp-json\/wp\/v2\/product"}],"about":[{"href":"https:\/\/www.dt-smart.com\/de\/wp-json\/wp\/v2\/types\/product"}],"replies":[{"embeddable":true,"href":"https:\/\/www.dt-smart.com\/de\/wp-json\/wp\/v2\/comments?post=20638"}],"version-history":[{"count":4,"href":"https:\/\/www.dt-smart.com\/de\/wp-json\/wp\/v2\/product\/20638\/revisions"}],"predecessor-version":[{"id":24922,"href":"https:\/\/www.dt-smart.com\/de\/wp-json\/wp\/v2\/product\/20638\/revisions\/24922"}],"wp:featuredmedia":[{"embeddable":true,"href":"https:\/\/www.dt-smart.com\/de\/wp-json\/wp\/v2\/media\/20659"}],"wp:attachment":[{"href":"https:\/\/www.dt-smart.com\/de\/wp-json\/wp\/v2\/media?parent=20638"}],"wp:term":[{"taxonomy":"product_brand","embeddable":true,"href":"https:\/\/www.dt-smart.com\/de\/wp-json\/wp\/v2\/product_brand?post=20638"},{"taxonomy":"product_cat","embeddable":true,"href":"https:\/\/www.dt-smart.com\/de\/wp-json\/wp\/v2\/product_cat?post=20638"},{"taxonomy":"product_tag","embeddable":true,"href":"https:\/\/www.dt-smart.com\/de\/wp-json\/wp\/v2\/product_tag?post=20638"}],"curies":[{"name":"wp","href":"https:\/\/api.w.org\/{rel}","templated":true}]}}