{"id":20640,"date":"2025-07-14T16:17:48","date_gmt":"2025-07-14T08:17:48","guid":{"rendered":"https:\/\/www.insurepart.com\/?post_type=product&#038;p=20640"},"modified":"2026-03-09T12:30:58","modified_gmt":"2026-03-09T04:30:58","slug":"for-iphone-15-original-lcd-screen-with-digitizer-full-assembly","status":"publish","type":"product","link":"https:\/\/www.dt-smart.com\/de\/produkt\/for-iphone-15-original-lcd-screen-with-digitizer-full-assembly\/","title":{"rendered":"Original iPhone 15 LCD-Bildschirm mit Digitizer (Komplettmontage) \u2013 Originalware in neuwertiger Qualit\u00e4t \u2013 Hohe Helligkeit und werkseitige Farbtreue \u2013 Weltweiter Expressversand"},"content":{"rendered":"<p style=\"text-align: center;\"><img fetchpriority=\"high\" decoding=\"async\" class=\"alignnone size-full wp-image-15567\" src=\"https:\/\/www.insurepart.com\/wp-content\/uploads\/2024\/08\/\u4e3a\u4ec0\u4e48\u9009\u62e9\u6211\u4eec22.webp\" alt=\"\" width=\"1000\" height=\"786\" srcset=\"https:\/\/www.dt-smart.com\/wp-content\/uploads\/2024\/08\/\u4e3a\u4ec0\u4e48\u9009\u62e9\u6211\u4eec22.webp 1000w, https:\/\/www.dt-smart.com\/wp-content\/uploads\/2024\/08\/\u4e3a\u4ec0\u4e48\u9009\u62e9\u6211\u4eec22-300x236.webp 300w, https:\/\/www.dt-smart.com\/wp-content\/uploads\/2024\/08\/\u4e3a\u4ec0\u4e48\u9009\u62e9\u6211\u4eec22-150x118.webp 150w, https:\/\/www.dt-smart.com\/wp-content\/uploads\/2024\/08\/\u4e3a\u4ec0\u4e48\u9009\u62e9\u6211\u4eec22-800x629.webp 800w, https:\/\/www.dt-smart.com\/wp-content\/uploads\/2024\/08\/\u4e3a\u4ec0\u4e48\u9009\u62e9\u6211\u4eec22-768x604.webp 768w, https:\/\/www.dt-smart.com\/wp-content\/uploads\/2024\/08\/\u4e3a\u4ec0\u4e48\u9009\u62e9\u6211\u4eec22-15x12.webp 15w\" sizes=\"(max-width: 1000px) 100vw, 1000px\" \/><\/p>","protected":false},"excerpt":{"rendered":"<p><span style=\"font-size: 10pt;\">Dies ist ein Originaldisplay aus einem voll funktionsf\u00e4higen iPhone 15. Es wurde weder \u00fcberholt noch ver\u00e4ndert, sodass die Displayqualit\u00e4t den Apple-Produktionsstandards entspricht. Es unterst\u00fctzt alle notwendigen Softwarefunktionen und ist vollst\u00e4ndig mit dem System kompatibel. Das Display wurde umfassend auf Ber\u00fchrungsempfindlichkeit, Bildwiedergabe und Systemerkennung getestet. Dieses Produkt ist ein reines Display und enth\u00e4lt keine weiteren Komponenten. Es ist f\u00fcr professionelle Reparaturen oder f\u00fcr Kunden gedacht, die ein Original-Ersatzteil von Apple ben\u00f6tigen. True Tone und andere Funktionen m\u00fcssen nach dem Einbau m\u00f6glicherweise neu programmiert werden.<\/span><\/p>","protected":false},"featured_media":20661,"comment_status":"open","ping_status":"closed","template":"","meta":[],"product_brand":[],"product_cat":[466,42,55],"product_tag":[],"class_list":{"0":"post-20640","1":"product","2":"type-product","3":"status-publish","4":"has-post-thumbnail","6":"product_cat-all-iphone-lcds","7":"product_cat-iphone","8":"product_cat-iphone-15","10":"first","11":"instock","12":"taxable","13":"shipping-taxable","14":"purchasable","15":"product-type-variable"},"yoast_head":"<!-- This site is optimized with the Yoast SEO plugin v27.4 - https:\/\/yoast.com\/product\/yoast-seo-wordpress\/ -->\n<title>iPhone 15 Original LCD Screen with Digitizer Full Assembly - Original &amp; Original Brand New Quality - High Brightness &amp; Factory Color - Global Fast Shipping - InsurePart<\/title>\n<meta name=\"description\" content=\"iPhone 15 Original LCD Screen with Digitizer Full Assembly - Original &amp; Original Brand New Quality - High Brightness &amp; Factory Color - Global Fast Shipping\" \/>\n<meta name=\"robots\" content=\"index, follow, max-snippet:-1, max-image-preview:large, max-video-preview:-1\" \/>\n<link rel=\"canonical\" href=\"https:\/\/www.dt-smart.com\/de\/produkt\/for-iphone-15-original-lcd-screen-with-digitizer-full-assembly\/\" \/>\n<meta property=\"og:locale\" content=\"de_DE\" \/>\n<meta property=\"og:type\" content=\"article\" \/>\n<meta property=\"og:title\" content=\"iPhone 15 Original LCD Screen with Digitizer Full Assembly - Original &amp; Original Brand New Quality - High Brightness &amp; Factory Color - Global Fast Shipping - InsurePart\" \/>\n<meta property=\"og:description\" content=\"iPhone 15 Original LCD Screen with Digitizer Full Assembly - Original &amp; Original Brand New Quality - High Brightness &amp; Factory Color - Global Fast Shipping\" \/>\n<meta property=\"og:url\" content=\"https:\/\/www.dt-smart.com\/de\/produkt\/for-iphone-15-original-lcd-screen-with-digitizer-full-assembly\/\" \/>\n<meta property=\"og:site_name\" content=\"InsurePart\" \/>\n<meta property=\"article:publisher\" content=\"https:\/\/www.facebook.com\/anjinleeEva\" \/>\n<meta property=\"article:modified_time\" content=\"2026-03-09T04:30:58+00:00\" \/>\n<meta property=\"og:image\" content=\"https:\/\/www.dt-smart.com\/wp-content\/uploads\/2025\/07\/15-4.webp\" \/>\n\t<meta property=\"og:image:width\" content=\"800\" \/>\n\t<meta property=\"og:image:height\" content=\"800\" \/>\n\t<meta property=\"og:image:type\" content=\"image\/webp\" \/>\n<meta name=\"twitter:card\" content=\"summary_large_image\" \/>\n<meta name=\"twitter:label1\" content=\"Gesch\u00e4tzte Lesezeit\" \/>\n\t<meta name=\"twitter:data1\" content=\"1\u00a0Minute\" \/>\n<script type=\"application\/ld+json\" class=\"yoast-schema-graph\">{\"@context\":\"https:\\\/\\\/schema.org\",\"@graph\":[{\"@type\":\"WebPage\",\"@id\":\"https:\\\/\\\/www.dt-smart.com\\\/product\\\/for-iphone-15-original-lcd-screen-with-digitizer-full-assembly\\\/\",\"url\":\"https:\\\/\\\/www.dt-smart.com\\\/product\\\/for-iphone-15-original-lcd-screen-with-digitizer-full-assembly\\\/\",\"name\":\"iPhone 15 Original LCD Screen with Digitizer Full Assembly - Original & Original Brand New Quality - High Brightness & Factory Color - Global Fast Shipping - InsurePart\",\"isPartOf\":{\"@id\":\"https:\\\/\\\/www.dt-smart.com\\\/#website\"},\"primaryImageOfPage\":{\"@id\":\"https:\\\/\\\/www.dt-smart.com\\\/product\\\/for-iphone-15-original-lcd-screen-with-digitizer-full-assembly\\\/#primaryimage\"},\"image\":{\"@id\":\"https:\\\/\\\/www.dt-smart.com\\\/product\\\/for-iphone-15-original-lcd-screen-with-digitizer-full-assembly\\\/#primaryimage\"},\"thumbnailUrl\":\"https:\\\/\\\/www.dt-smart.com\\\/wp-content\\\/uploads\\\/2025\\\/07\\\/15-4.webp\",\"datePublished\":\"2025-07-14T08:17:48+00:00\",\"dateModified\":\"2026-03-09T04:30:58+00:00\",\"description\":\"iPhone 15 Original LCD Screen with Digitizer Full Assembly - Original & Original Brand New Quality - High Brightness & Factory Color - Global Fast Shipping\",\"breadcrumb\":{\"@id\":\"https:\\\/\\\/www.dt-smart.com\\\/product\\\/for-iphone-15-original-lcd-screen-with-digitizer-full-assembly\\\/#breadcrumb\"},\"inLanguage\":\"de\",\"potentialAction\":[{\"@type\":\"ReadAction\",\"target\":[\"https:\\\/\\\/www.dt-smart.com\\\/product\\\/for-iphone-15-original-lcd-screen-with-digitizer-full-assembly\\\/\"]}]},{\"@type\":\"ImageObject\",\"inLanguage\":\"de\",\"@id\":\"https:\\\/\\\/www.dt-smart.com\\\/product\\\/for-iphone-15-original-lcd-screen-with-digitizer-full-assembly\\\/#primaryimage\",\"url\":\"https:\\\/\\\/www.dt-smart.com\\\/wp-content\\\/uploads\\\/2025\\\/07\\\/15-4.webp\",\"contentUrl\":\"https:\\\/\\\/www.dt-smart.com\\\/wp-content\\\/uploads\\\/2025\\\/07\\\/15-4.webp\",\"width\":800,\"height\":800},{\"@type\":\"BreadcrumbList\",\"@id\":\"https:\\\/\\\/www.dt-smart.com\\\/product\\\/for-iphone-15-original-lcd-screen-with-digitizer-full-assembly\\\/#breadcrumb\",\"itemListElement\":[{\"@type\":\"ListItem\",\"position\":1,\"name\":\"Home\",\"item\":\"https:\\\/\\\/www.dt-smart.com\\\/\"},{\"@type\":\"ListItem\",\"position\":2,\"name\":\"Product\",\"item\":\"https:\\\/\\\/www.dt-smart.com\\\/ru\\\/product\\\/\"},{\"@type\":\"ListItem\",\"position\":3,\"name\":\"iPhone 15 Original LCD Screen with Digitizer Full Assembly &#8211; Original &#038; Original Brand New Quality &#8211; High Brightness &#038; Factory Color &#8211; Global Fast Shipping\"}]},{\"@type\":\"WebSite\",\"@id\":\"https:\\\/\\\/www.dt-smart.com\\\/#website\",\"url\":\"https:\\\/\\\/www.dt-smart.com\\\/\",\"name\":\"InsurePart\",\"description\":\"Cell Phone Repair Parts; iPhone Parts Wholesale;Samsung Parts Supplier\",\"potentialAction\":[{\"@type\":\"SearchAction\",\"target\":{\"@type\":\"EntryPoint\",\"urlTemplate\":\"https:\\\/\\\/www.dt-smart.com\\\/?s={search_term_string}\"},\"query-input\":{\"@type\":\"PropertyValueSpecification\",\"valueRequired\":true,\"valueName\":\"search_term_string\"}}],\"inLanguage\":\"de\"}]}<\/script>\n<!-- \/ Yoast SEO plugin. -->","yoast_head_json":{"title":"iPhone 15 Original LCD Screen with Digitizer Full Assembly - Original & Original Brand New Quality - High Brightness & Factory Color - Global Fast Shipping - InsurePart","description":"Original iPhone 15 LCD-Bildschirm mit Digitizer (Komplettmontage) \u2013 Originalware in neuwertiger Qualit\u00e4t \u2013 Hohe Helligkeit und originalgetreue Farbwiedergabe \u2013 Weltweiter Expressversand","robots":{"index":"index","follow":"follow","max-snippet":"max-snippet:-1","max-image-preview":"max-image-preview:large","max-video-preview":"max-video-preview:-1"},"canonical":"https:\/\/www.dt-smart.com\/de\/produkt\/for-iphone-15-original-lcd-screen-with-digitizer-full-assembly\/","og_locale":"de_DE","og_type":"article","og_title":"iPhone 15 Original LCD Screen with Digitizer Full Assembly - Original & Original Brand New Quality - High Brightness & Factory Color - Global Fast Shipping - InsurePart","og_description":"iPhone 15 Original LCD Screen with Digitizer Full Assembly - Original & Original Brand New Quality - High Brightness & Factory Color - Global Fast Shipping","og_url":"https:\/\/www.dt-smart.com\/de\/produkt\/for-iphone-15-original-lcd-screen-with-digitizer-full-assembly\/","og_site_name":"InsurePart","article_publisher":"https:\/\/www.facebook.com\/anjinleeEva","article_modified_time":"2026-03-09T04:30:58+00:00","og_image":[{"width":800,"height":800,"url":"https:\/\/www.dt-smart.com\/wp-content\/uploads\/2025\/07\/15-4.webp","type":"image\/webp"}],"twitter_card":"summary_large_image","twitter_misc":{"Gesch\u00e4tzte Lesezeit":"1\u00a0Minute"},"schema":{"@context":"https:\/\/schema.org","@graph":[{"@type":"WebPage","@id":"https:\/\/www.dt-smart.com\/product\/for-iphone-15-original-lcd-screen-with-digitizer-full-assembly\/","url":"https:\/\/www.dt-smart.com\/product\/for-iphone-15-original-lcd-screen-with-digitizer-full-assembly\/","name":"iPhone 15 Original LCD Screen with Digitizer Full Assembly - Original & Original Brand New Quality - High Brightness & Factory Color - Global Fast Shipping - InsurePart","isPartOf":{"@id":"https:\/\/www.dt-smart.com\/#website"},"primaryImageOfPage":{"@id":"https:\/\/www.dt-smart.com\/product\/for-iphone-15-original-lcd-screen-with-digitizer-full-assembly\/#primaryimage"},"image":{"@id":"https:\/\/www.dt-smart.com\/product\/for-iphone-15-original-lcd-screen-with-digitizer-full-assembly\/#primaryimage"},"thumbnailUrl":"https:\/\/www.dt-smart.com\/wp-content\/uploads\/2025\/07\/15-4.webp","datePublished":"2025-07-14T08:17:48+00:00","dateModified":"2026-03-09T04:30:58+00:00","description":"Original iPhone 15 LCD-Bildschirm mit Digitizer (Komplettmontage) \u2013 Originalware in neuwertiger Qualit\u00e4t \u2013 Hohe Helligkeit und originalgetreue Farbwiedergabe \u2013 Weltweiter Expressversand","breadcrumb":{"@id":"https:\/\/www.dt-smart.com\/product\/for-iphone-15-original-lcd-screen-with-digitizer-full-assembly\/#breadcrumb"},"inLanguage":"de","potentialAction":[{"@type":"ReadAction","target":["https:\/\/www.dt-smart.com\/product\/for-iphone-15-original-lcd-screen-with-digitizer-full-assembly\/"]}]},{"@type":"ImageObject","inLanguage":"de","@id":"https:\/\/www.dt-smart.com\/product\/for-iphone-15-original-lcd-screen-with-digitizer-full-assembly\/#primaryimage","url":"https:\/\/www.dt-smart.com\/wp-content\/uploads\/2025\/07\/15-4.webp","contentUrl":"https:\/\/www.dt-smart.com\/wp-content\/uploads\/2025\/07\/15-4.webp","width":800,"height":800},{"@type":"BreadcrumbList","@id":"https:\/\/www.dt-smart.com\/product\/for-iphone-15-original-lcd-screen-with-digitizer-full-assembly\/#breadcrumb","itemListElement":[{"@type":"ListItem","position":1,"name":"Home","item":"https:\/\/www.dt-smart.com\/"},{"@type":"ListItem","position":2,"name":"Product","item":"https:\/\/www.dt-smart.com\/ru\/product\/"},{"@type":"ListItem","position":3,"name":"iPhone 15 Original LCD Screen with Digitizer Full Assembly &#8211; Original &#038; Original Brand New Quality &#8211; High Brightness &#038; Factory Color &#8211; Global Fast Shipping"}]},{"@type":"WebSite","@id":"https:\/\/www.dt-smart.com\/#website","url":"https:\/\/www.dt-smart.com\/","name":"InsurePart","description":"Handy-Ersatzteile; iPhone-Ersatzteile im Gro\u00dfhandel; Samsung-Ersatzteillieferant","potentialAction":[{"@type":"SearchAction","target":{"@type":"EntryPoint","urlTemplate":"https:\/\/www.dt-smart.com\/?s={search_term_string}"},"query-input":{"@type":"PropertyValueSpecification","valueRequired":true,"valueName":"search_term_string"}}],"inLanguage":"de"}]}},"_links":{"self":[{"href":"https:\/\/www.dt-smart.com\/de\/wp-json\/wp\/v2\/product\/20640","targetHints":{"allow":["GET"]}}],"collection":[{"href":"https:\/\/www.dt-smart.com\/de\/wp-json\/wp\/v2\/product"}],"about":[{"href":"https:\/\/www.dt-smart.com\/de\/wp-json\/wp\/v2\/types\/product"}],"replies":[{"embeddable":true,"href":"https:\/\/www.dt-smart.com\/de\/wp-json\/wp\/v2\/comments?post=20640"}],"version-history":[{"count":5,"href":"https:\/\/www.dt-smart.com\/de\/wp-json\/wp\/v2\/product\/20640\/revisions"}],"predecessor-version":[{"id":24921,"href":"https:\/\/www.dt-smart.com\/de\/wp-json\/wp\/v2\/product\/20640\/revisions\/24921"}],"wp:featuredmedia":[{"embeddable":true,"href":"https:\/\/www.dt-smart.com\/de\/wp-json\/wp\/v2\/media\/20661"}],"wp:attachment":[{"href":"https:\/\/www.dt-smart.com\/de\/wp-json\/wp\/v2\/media?parent=20640"}],"wp:term":[{"taxonomy":"product_brand","embeddable":true,"href":"https:\/\/www.dt-smart.com\/de\/wp-json\/wp\/v2\/product_brand?post=20640"},{"taxonomy":"product_cat","embeddable":true,"href":"https:\/\/www.dt-smart.com\/de\/wp-json\/wp\/v2\/product_cat?post=20640"},{"taxonomy":"product_tag","embeddable":true,"href":"https:\/\/www.dt-smart.com\/de\/wp-json\/wp\/v2\/product_tag?post=20640"}],"curies":[{"name":"wp","href":"https:\/\/api.w.org\/{rel}","templated":true}]}}