{"id":20711,"date":"2025-07-14T17:53:37","date_gmt":"2025-07-14T09:53:37","guid":{"rendered":"https:\/\/www.insurepart.com\/?post_type=product&#038;p=20711"},"modified":"2026-01-19T15:15:15","modified_gmt":"2026-01-19T07:15:15","slug":"for-iphone-13mini-original-lcd-screen-with-digitizer-full-assembly","status":"publish","type":"product","link":"https:\/\/www.dt-smart.com\/de\/produkt\/for-iphone-13mini-original-lcd-screen-with-digitizer-full-assembly\/","title":{"rendered":"Original iPhone 13 Mini LCD-Bildschirm mit Digitizer (Komplettset) \u2013 Hohe Helligkeit und werkseitige Farbdarstellung \u2013 Hochwertiger Ersatzbildschirm \u2013 Weltweiter Schneller Versand"},"content":{"rendered":"<p style=\"text-align: center;\"><img fetchpriority=\"high\" decoding=\"async\" class=\"alignnone size-full wp-image-15567\" src=\"https:\/\/www.insurepart.com\/wp-content\/uploads\/2024\/08\/\u4e3a\u4ec0\u4e48\u9009\u62e9\u6211\u4eec22.webp\" alt=\"\" width=\"1000\" height=\"786\" srcset=\"https:\/\/www.dt-smart.com\/wp-content\/uploads\/2024\/08\/\u4e3a\u4ec0\u4e48\u9009\u62e9\u6211\u4eec22.webp 1000w, https:\/\/www.dt-smart.com\/wp-content\/uploads\/2024\/08\/\u4e3a\u4ec0\u4e48\u9009\u62e9\u6211\u4eec22-300x236.webp 300w, https:\/\/www.dt-smart.com\/wp-content\/uploads\/2024\/08\/\u4e3a\u4ec0\u4e48\u9009\u62e9\u6211\u4eec22-150x118.webp 150w, https:\/\/www.dt-smart.com\/wp-content\/uploads\/2024\/08\/\u4e3a\u4ec0\u4e48\u9009\u62e9\u6211\u4eec22-800x629.webp 800w, https:\/\/www.dt-smart.com\/wp-content\/uploads\/2024\/08\/\u4e3a\u4ec0\u4e48\u9009\u62e9\u6211\u4eec22-768x604.webp 768w, https:\/\/www.dt-smart.com\/wp-content\/uploads\/2024\/08\/\u4e3a\u4ec0\u4e48\u9009\u62e9\u6211\u4eec22-15x12.webp 15w\" sizes=\"(max-width: 1000px) 100vw, 1000px\" \/><\/p>","protected":false},"excerpt":{"rendered":"<p><span style=\"font-size: 10pt;\">Originales, zerlegtes Display f\u00fcr iPhone 13 Mini. Dieses von Apple hergestellte Bauteil stammt direkt aus funktionsf\u00e4higen Ger\u00e4ten und wurde weder modifiziert noch \u00fcberholt. Das Display unterst\u00fctzt alle Softwarefunktionen wie automatische Helligkeitsanpassung, pr\u00e4zisen Farbabgleich und eine reibungslose Touch-Bedienung. Es ist ein kompatibles Ersatzteil f\u00fcr Reparaturen in Originalqualit\u00e4t und gew\u00e4hrleistet ein Benutzererlebnis, das dem des Originalger\u00e4ts entspricht. Nur die Displayeinheit; Sensorkabel und Halterungen sind nicht enthalten. Empfohlen f\u00fcr erfahrene Techniker oder vertrauensw\u00fcrdige Reparaturwerkst\u00e4tten.<\/span><\/p>","protected":false},"featured_media":20669,"comment_status":"open","ping_status":"closed","template":"","meta":[],"product_brand":[],"product_cat":[466,42,96],"product_tag":[],"class_list":{"0":"post-20711","1":"product","2":"type-product","3":"status-publish","4":"has-post-thumbnail","6":"product_cat-all-iphone-lcds","7":"product_cat-iphone","8":"product_cat-iphone-13-mini","10":"first","11":"instock","12":"taxable","13":"shipping-taxable","14":"purchasable","15":"product-type-variable"},"yoast_head":"<!-- This site is optimized with the Yoast SEO plugin v27.4 - https:\/\/yoast.com\/product\/yoast-seo-wordpress\/ -->\n<title>iPhone 13 Mini Original LCD Screen with Digitizer Full Assembly - High Brightness &amp; Factory Color Display - Premium Quality Replacement - Fast Global Shipping - InsurePart<\/title>\n<meta name=\"description\" content=\"iPhone 13 Mini Original LCD Screen with Digitizer Full Assembly - High Brightness &amp; Factory Color Display - Premium Quality Replacement - Fast Global Shipping\" \/>\n<meta name=\"robots\" content=\"index, follow, max-snippet:-1, max-image-preview:large, max-video-preview:-1\" \/>\n<link rel=\"canonical\" href=\"https:\/\/www.dt-smart.com\/de\/produkt\/for-iphone-13mini-original-lcd-screen-with-digitizer-full-assembly\/\" \/>\n<meta property=\"og:locale\" content=\"de_DE\" \/>\n<meta property=\"og:type\" content=\"article\" \/>\n<meta property=\"og:title\" content=\"iPhone 13 Mini Original LCD Screen with Digitizer Full Assembly - High Brightness &amp; Factory Color Display - Premium Quality Replacement - Fast Global Shipping - InsurePart\" \/>\n<meta property=\"og:description\" content=\"iPhone 13 Mini Original LCD Screen with Digitizer Full Assembly - High Brightness &amp; Factory Color Display - Premium Quality Replacement - Fast Global Shipping\" \/>\n<meta property=\"og:url\" content=\"https:\/\/www.dt-smart.com\/de\/produkt\/for-iphone-13mini-original-lcd-screen-with-digitizer-full-assembly\/\" \/>\n<meta property=\"og:site_name\" content=\"InsurePart\" \/>\n<meta property=\"article:publisher\" content=\"https:\/\/www.facebook.com\/anjinleeEva\" \/>\n<meta property=\"article:modified_time\" content=\"2026-01-19T07:15:15+00:00\" \/>\n<meta property=\"og:image\" content=\"https:\/\/www.dt-smart.com\/wp-content\/uploads\/2025\/07\/13Mini-3.webp\" \/>\n\t<meta property=\"og:image:width\" content=\"800\" \/>\n\t<meta property=\"og:image:height\" content=\"800\" \/>\n\t<meta property=\"og:image:type\" content=\"image\/webp\" \/>\n<meta name=\"twitter:card\" content=\"summary_large_image\" \/>\n<meta name=\"twitter:label1\" content=\"Gesch\u00e4tzte Lesezeit\" \/>\n\t<meta name=\"twitter:data1\" content=\"1\u00a0Minute\" \/>\n<script type=\"application\/ld+json\" class=\"yoast-schema-graph\">{\"@context\":\"https:\\\/\\\/schema.org\",\"@graph\":[{\"@type\":\"WebPage\",\"@id\":\"https:\\\/\\\/www.dt-smart.com\\\/product\\\/for-iphone-13mini-original-lcd-screen-with-digitizer-full-assembly\\\/\",\"url\":\"https:\\\/\\\/www.dt-smart.com\\\/product\\\/for-iphone-13mini-original-lcd-screen-with-digitizer-full-assembly\\\/\",\"name\":\"iPhone 13 Mini Original LCD Screen with Digitizer Full Assembly - High Brightness & Factory Color Display - Premium Quality Replacement - Fast Global Shipping - InsurePart\",\"isPartOf\":{\"@id\":\"https:\\\/\\\/www.dt-smart.com\\\/#website\"},\"primaryImageOfPage\":{\"@id\":\"https:\\\/\\\/www.dt-smart.com\\\/product\\\/for-iphone-13mini-original-lcd-screen-with-digitizer-full-assembly\\\/#primaryimage\"},\"image\":{\"@id\":\"https:\\\/\\\/www.dt-smart.com\\\/product\\\/for-iphone-13mini-original-lcd-screen-with-digitizer-full-assembly\\\/#primaryimage\"},\"thumbnailUrl\":\"https:\\\/\\\/www.dt-smart.com\\\/wp-content\\\/uploads\\\/2025\\\/07\\\/13Mini-3.webp\",\"datePublished\":\"2025-07-14T09:53:37+00:00\",\"dateModified\":\"2026-01-19T07:15:15+00:00\",\"description\":\"iPhone 13 Mini Original LCD Screen with Digitizer Full Assembly - High Brightness & Factory Color Display - Premium Quality Replacement - Fast Global Shipping\",\"breadcrumb\":{\"@id\":\"https:\\\/\\\/www.dt-smart.com\\\/product\\\/for-iphone-13mini-original-lcd-screen-with-digitizer-full-assembly\\\/#breadcrumb\"},\"inLanguage\":\"de\",\"potentialAction\":[{\"@type\":\"ReadAction\",\"target\":[\"https:\\\/\\\/www.dt-smart.com\\\/product\\\/for-iphone-13mini-original-lcd-screen-with-digitizer-full-assembly\\\/\"]}]},{\"@type\":\"ImageObject\",\"inLanguage\":\"de\",\"@id\":\"https:\\\/\\\/www.dt-smart.com\\\/product\\\/for-iphone-13mini-original-lcd-screen-with-digitizer-full-assembly\\\/#primaryimage\",\"url\":\"https:\\\/\\\/www.dt-smart.com\\\/wp-content\\\/uploads\\\/2025\\\/07\\\/13Mini-3.webp\",\"contentUrl\":\"https:\\\/\\\/www.dt-smart.com\\\/wp-content\\\/uploads\\\/2025\\\/07\\\/13Mini-3.webp\",\"width\":800,\"height\":800},{\"@type\":\"BreadcrumbList\",\"@id\":\"https:\\\/\\\/www.dt-smart.com\\\/product\\\/for-iphone-13mini-original-lcd-screen-with-digitizer-full-assembly\\\/#breadcrumb\",\"itemListElement\":[{\"@type\":\"ListItem\",\"position\":1,\"name\":\"Home\",\"item\":\"https:\\\/\\\/www.dt-smart.com\\\/\"},{\"@type\":\"ListItem\",\"position\":2,\"name\":\"Product\",\"item\":\"https:\\\/\\\/www.dt-smart.com\\\/ru\\\/product\\\/\"},{\"@type\":\"ListItem\",\"position\":3,\"name\":\"iPhone 13 Mini Original LCD Screen with Digitizer Full Assembly &#8211; High Brightness &#038; Factory Color Display &#8211; Premium Quality Replacement &#8211; Fast Global Shipping\"}]},{\"@type\":\"WebSite\",\"@id\":\"https:\\\/\\\/www.dt-smart.com\\\/#website\",\"url\":\"https:\\\/\\\/www.dt-smart.com\\\/\",\"name\":\"InsurePart\",\"description\":\"Cell Phone Repair Parts; iPhone Parts Wholesale;Samsung Parts Supplier\",\"potentialAction\":[{\"@type\":\"SearchAction\",\"target\":{\"@type\":\"EntryPoint\",\"urlTemplate\":\"https:\\\/\\\/www.dt-smart.com\\\/?s={search_term_string}\"},\"query-input\":{\"@type\":\"PropertyValueSpecification\",\"valueRequired\":true,\"valueName\":\"search_term_string\"}}],\"inLanguage\":\"de\"}]}<\/script>\n<!-- \/ Yoast SEO plugin. -->","yoast_head_json":{"title":"iPhone 13 Mini Original LCD Screen with Digitizer Full Assembly - High Brightness & Factory Color Display - Premium Quality Replacement - Fast Global Shipping - InsurePart","description":"iPhone 13 Mini Original LCD Screen with Digitizer Full Assembly - High Brightness & Factory Color Display - Premium Quality Replacement - Fast Global Shipping","robots":{"index":"index","follow":"follow","max-snippet":"max-snippet:-1","max-image-preview":"max-image-preview:large","max-video-preview":"max-video-preview:-1"},"canonical":"https:\/\/www.dt-smart.com\/de\/produkt\/for-iphone-13mini-original-lcd-screen-with-digitizer-full-assembly\/","og_locale":"de_DE","og_type":"article","og_title":"iPhone 13 Mini Original LCD Screen with Digitizer Full Assembly - High Brightness & Factory Color Display - Premium Quality Replacement - Fast Global Shipping - InsurePart","og_description":"iPhone 13 Mini Original LCD Screen with Digitizer Full Assembly - High Brightness & Factory Color Display - Premium Quality Replacement - Fast Global Shipping","og_url":"https:\/\/www.dt-smart.com\/de\/produkt\/for-iphone-13mini-original-lcd-screen-with-digitizer-full-assembly\/","og_site_name":"InsurePart","article_publisher":"https:\/\/www.facebook.com\/anjinleeEva","article_modified_time":"2026-01-19T07:15:15+00:00","og_image":[{"width":800,"height":800,"url":"https:\/\/www.dt-smart.com\/wp-content\/uploads\/2025\/07\/13Mini-3.webp","type":"image\/webp"}],"twitter_card":"summary_large_image","twitter_misc":{"Gesch\u00e4tzte Lesezeit":"1\u00a0Minute"},"schema":{"@context":"https:\/\/schema.org","@graph":[{"@type":"WebPage","@id":"https:\/\/www.dt-smart.com\/product\/for-iphone-13mini-original-lcd-screen-with-digitizer-full-assembly\/","url":"https:\/\/www.dt-smart.com\/product\/for-iphone-13mini-original-lcd-screen-with-digitizer-full-assembly\/","name":"iPhone 13 Mini Original LCD Screen with Digitizer Full Assembly - High Brightness & Factory Color Display - Premium Quality Replacement - Fast Global Shipping - InsurePart","isPartOf":{"@id":"https:\/\/www.dt-smart.com\/#website"},"primaryImageOfPage":{"@id":"https:\/\/www.dt-smart.com\/product\/for-iphone-13mini-original-lcd-screen-with-digitizer-full-assembly\/#primaryimage"},"image":{"@id":"https:\/\/www.dt-smart.com\/product\/for-iphone-13mini-original-lcd-screen-with-digitizer-full-assembly\/#primaryimage"},"thumbnailUrl":"https:\/\/www.dt-smart.com\/wp-content\/uploads\/2025\/07\/13Mini-3.webp","datePublished":"2025-07-14T09:53:37+00:00","dateModified":"2026-01-19T07:15:15+00:00","description":"iPhone 13 Mini Original LCD Screen with Digitizer Full Assembly - High Brightness & Factory Color Display - Premium Quality Replacement - Fast Global Shipping","breadcrumb":{"@id":"https:\/\/www.dt-smart.com\/product\/for-iphone-13mini-original-lcd-screen-with-digitizer-full-assembly\/#breadcrumb"},"inLanguage":"de","potentialAction":[{"@type":"ReadAction","target":["https:\/\/www.dt-smart.com\/product\/for-iphone-13mini-original-lcd-screen-with-digitizer-full-assembly\/"]}]},{"@type":"ImageObject","inLanguage":"de","@id":"https:\/\/www.dt-smart.com\/product\/for-iphone-13mini-original-lcd-screen-with-digitizer-full-assembly\/#primaryimage","url":"https:\/\/www.dt-smart.com\/wp-content\/uploads\/2025\/07\/13Mini-3.webp","contentUrl":"https:\/\/www.dt-smart.com\/wp-content\/uploads\/2025\/07\/13Mini-3.webp","width":800,"height":800},{"@type":"BreadcrumbList","@id":"https:\/\/www.dt-smart.com\/product\/for-iphone-13mini-original-lcd-screen-with-digitizer-full-assembly\/#breadcrumb","itemListElement":[{"@type":"ListItem","position":1,"name":"Home","item":"https:\/\/www.dt-smart.com\/"},{"@type":"ListItem","position":2,"name":"Product","item":"https:\/\/www.dt-smart.com\/ru\/product\/"},{"@type":"ListItem","position":3,"name":"iPhone 13 Mini Original LCD Screen with Digitizer Full Assembly &#8211; High Brightness &#038; Factory Color Display &#8211; Premium Quality Replacement &#8211; Fast Global Shipping"}]},{"@type":"WebSite","@id":"https:\/\/www.dt-smart.com\/#website","url":"https:\/\/www.dt-smart.com\/","name":"InsurePart","description":"Handy-Ersatzteile; iPhone-Ersatzteile im Gro\u00dfhandel; Samsung-Ersatzteillieferant","potentialAction":[{"@type":"SearchAction","target":{"@type":"EntryPoint","urlTemplate":"https:\/\/www.dt-smart.com\/?s={search_term_string}"},"query-input":{"@type":"PropertyValueSpecification","valueRequired":true,"valueName":"search_term_string"}}],"inLanguage":"de"}]}},"_links":{"self":[{"href":"https:\/\/www.dt-smart.com\/de\/wp-json\/wp\/v2\/product\/20711","targetHints":{"allow":["GET"]}}],"collection":[{"href":"https:\/\/www.dt-smart.com\/de\/wp-json\/wp\/v2\/product"}],"about":[{"href":"https:\/\/www.dt-smart.com\/de\/wp-json\/wp\/v2\/types\/product"}],"replies":[{"embeddable":true,"href":"https:\/\/www.dt-smart.com\/de\/wp-json\/wp\/v2\/comments?post=20711"}],"version-history":[{"count":4,"href":"https:\/\/www.dt-smart.com\/de\/wp-json\/wp\/v2\/product\/20711\/revisions"}],"predecessor-version":[{"id":24914,"href":"https:\/\/www.dt-smart.com\/de\/wp-json\/wp\/v2\/product\/20711\/revisions\/24914"}],"wp:featuredmedia":[{"embeddable":true,"href":"https:\/\/www.dt-smart.com\/de\/wp-json\/wp\/v2\/media\/20669"}],"wp:attachment":[{"href":"https:\/\/www.dt-smart.com\/de\/wp-json\/wp\/v2\/media?parent=20711"}],"wp:term":[{"taxonomy":"product_brand","embeddable":true,"href":"https:\/\/www.dt-smart.com\/de\/wp-json\/wp\/v2\/product_brand?post=20711"},{"taxonomy":"product_cat","embeddable":true,"href":"https:\/\/www.dt-smart.com\/de\/wp-json\/wp\/v2\/product_cat?post=20711"},{"taxonomy":"product_tag","embeddable":true,"href":"https:\/\/www.dt-smart.com\/de\/wp-json\/wp\/v2\/product_tag?post=20711"}],"curies":[{"name":"wp","href":"https:\/\/api.w.org\/{rel}","templated":true}]}}