{"id":20799,"date":"2025-07-03T10:37:40","date_gmt":"2025-07-03T02:37:40","guid":{"rendered":"https:\/\/www.insurepart.com\/?post_type=product&#038;p=20799"},"modified":"2026-01-14T10:26:10","modified_gmt":"2026-01-14T02:26:10","slug":"premium-touch-digitizer-and-lcd-assembly-compatible-with-ipad-3-a1416-a1430-a1403","status":"publish","type":"product","link":"https:\/\/www.dt-smart.com\/de\/produkt\/premium-touch-digitizer-and-lcd-assembly-compatible-with-ipad-3-a1416-a1430-a1403\/","title":{"rendered":"Premium-Touch-Digitizer &amp; LCD-Einheit f\u00fcr iPad 3 (A1416\/A1430\/A1403) \u2013 Retina-Display mit hoher Aufl\u00f6sung \u2013 Anti-Fingerprint &amp; Langlebig \u2013 Erstausr\u00fcsterqualit\u00e4t \u2013 Qualit\u00e4tsgarantie \u2013 Schneller Versand"},"content":{"rendered":"<p style=\"text-align: center;\"><img fetchpriority=\"high\" decoding=\"async\" class=\"alignnone size-full wp-image-15567\" src=\"https:\/\/www.insurepart.com\/wp-content\/uploads\/2024\/08\/\u4e3a\u4ec0\u4e48\u9009\u62e9\u6211\u4eec22.webp\" alt=\"\" width=\"1000\" height=\"786\" srcset=\"https:\/\/www.dt-smart.com\/wp-content\/uploads\/2024\/08\/\u4e3a\u4ec0\u4e48\u9009\u62e9\u6211\u4eec22.webp 1000w, https:\/\/www.dt-smart.com\/wp-content\/uploads\/2024\/08\/\u4e3a\u4ec0\u4e48\u9009\u62e9\u6211\u4eec22-300x236.webp 300w, https:\/\/www.dt-smart.com\/wp-content\/uploads\/2024\/08\/\u4e3a\u4ec0\u4e48\u9009\u62e9\u6211\u4eec22-150x118.webp 150w, https:\/\/www.dt-smart.com\/wp-content\/uploads\/2024\/08\/\u4e3a\u4ec0\u4e48\u9009\u62e9\u6211\u4eec22-800x629.webp 800w, https:\/\/www.dt-smart.com\/wp-content\/uploads\/2024\/08\/\u4e3a\u4ec0\u4e48\u9009\u62e9\u6211\u4eec22-768x604.webp 768w, https:\/\/www.dt-smart.com\/wp-content\/uploads\/2024\/08\/\u4e3a\u4ec0\u4e48\u9009\u62e9\u6211\u4eec22-15x12.webp 15w\" sizes=\"(max-width: 1000px) 100vw, 1000px\" \/><\/p>","protected":false},"excerpt":{"rendered":"<p><span style=\"font-size: 10pt;\">Diese Ersatzbildschirmeinheit f\u00fcr das iPad 3 besteht aus einem hochwertigen LCD-Display und einem Touch-Digitizer. Sie ist f\u00fcr die Modelle A1416, A1430 und A1403 konzipiert und gew\u00e4hrleistet brillante Bildqualit\u00e4t und eine reaktionsschnelle Touch-Funktion. Die Einheit wurde werkseitig auf ihre Funktionalit\u00e4t gepr\u00fcft. Der Home-Button ist nicht enthalten. F\u00fcr eine sichere Installation verwenden Sie bitte professionelles Werkzeug. Behebt h\u00e4ufige Probleme wie Glasbruch, nicht reagierenden Touchscreen oder einen schwarzen Bildschirm.<\/span><\/p>","protected":false},"featured_media":20746,"comment_status":"open","ping_status":"closed","template":"","meta":[],"product_brand":[],"product_cat":[596,43,397],"product_tag":[],"class_list":{"0":"post-20799","1":"product","2":"type-product","3":"status-publish","4":"has-post-thumbnail","6":"product_cat-all-ipad-tplcd","7":"product_cat-ipad","8":"product_cat-ipad-3","10":"first","11":"instock","12":"taxable","13":"shipping-taxable","14":"purchasable","15":"product-type-simple"},"yoast_head":"<!-- This site is optimized with the Yoast SEO plugin v27.4 - https:\/\/yoast.com\/product\/yoast-seo-wordpress\/ -->\n<title>iPad 3 (A1416\/A1430\/A1403) Premium Touch Digitizer &amp; LCD Assembly Replacement - Retina Display with High Resolution - Anti-Fingerprint &amp; Durable - OEM Grade - Quality Guaranteed - Fast Shipping - InsurePart<\/title>\n<meta name=\"description\" content=\"iPad 3 (A1416\/A1430\/A1403) Premium Touch Digitizer &amp; LCD Assembly Replacement - Retina Display with High Resolution - Anti-Fingerprint &amp; Durable - OEM Grade - Quality Guaranteed - Fast Shipping\" \/>\n<meta name=\"robots\" content=\"index, follow, max-snippet:-1, max-image-preview:large, max-video-preview:-1\" \/>\n<link rel=\"canonical\" href=\"https:\/\/www.dt-smart.com\/de\/producto\/premium-touch-digitizer-and-lcd-assembly-compatible-with-ipad-3-a1416-a1430-a1403\/\" \/>\n<meta property=\"og:locale\" content=\"de_DE\" \/>\n<meta property=\"og:type\" content=\"article\" \/>\n<meta property=\"og:title\" content=\"iPad 3 (A1416\/A1430\/A1403) Premium Touch Digitizer &amp; LCD Assembly Replacement - Retina Display with High Resolution - Anti-Fingerprint &amp; Durable - OEM Grade - Quality Guaranteed - Fast Shipping - InsurePart\" \/>\n<meta property=\"og:description\" content=\"iPad 3 (A1416\/A1430\/A1403) Premium Touch Digitizer &amp; LCD Assembly Replacement - Retina Display with High Resolution - Anti-Fingerprint &amp; Durable - OEM Grade - Quality Guaranteed - Fast Shipping\" \/>\n<meta property=\"og:url\" content=\"https:\/\/www.dt-smart.com\/de\/producto\/premium-touch-digitizer-and-lcd-assembly-compatible-with-ipad-3-a1416-a1430-a1403\/\" \/>\n<meta property=\"og:site_name\" content=\"InsurePart\" \/>\n<meta property=\"article:publisher\" content=\"https:\/\/www.facebook.com\/anjinleeEva\" \/>\n<meta property=\"article:modified_time\" content=\"2026-01-14T02:26:10+00:00\" \/>\n<meta property=\"og:image\" content=\"https:\/\/www.dt-smart.com\/wp-content\/uploads\/2025\/07\/iPad3-2.webp\" \/>\n\t<meta property=\"og:image:width\" content=\"800\" \/>\n\t<meta property=\"og:image:height\" content=\"800\" \/>\n\t<meta property=\"og:image:type\" content=\"image\/webp\" \/>\n<meta name=\"twitter:card\" content=\"summary_large_image\" \/>\n<meta name=\"twitter:label1\" content=\"Gesch\u00e4tzte Lesezeit\" \/>\n\t<meta name=\"twitter:data1\" content=\"1\u00a0Minute\" \/>\n<script type=\"application\/ld+json\" class=\"yoast-schema-graph\">{\"@context\":\"https:\\\/\\\/schema.org\",\"@graph\":[{\"@type\":\"WebPage\",\"@id\":\"https:\\\/\\\/www.dt-smart.com\\\/es\\\/producto\\\/premium-touch-digitizer-and-lcd-assembly-compatible-with-ipad-3-a1416-a1430-a1403\\\/\",\"url\":\"https:\\\/\\\/www.dt-smart.com\\\/es\\\/producto\\\/premium-touch-digitizer-and-lcd-assembly-compatible-with-ipad-3-a1416-a1430-a1403\\\/\",\"name\":\"iPad 3 (A1416\\\/A1430\\\/A1403) Premium Touch Digitizer & LCD Assembly Replacement - Retina Display with High Resolution - Anti-Fingerprint & Durable - OEM Grade - Quality Guaranteed - Fast Shipping - InsurePart\",\"isPartOf\":{\"@id\":\"https:\\\/\\\/www.dt-smart.com\\\/#website\"},\"primaryImageOfPage\":{\"@id\":\"https:\\\/\\\/www.dt-smart.com\\\/es\\\/producto\\\/premium-touch-digitizer-and-lcd-assembly-compatible-with-ipad-3-a1416-a1430-a1403\\\/#primaryimage\"},\"image\":{\"@id\":\"https:\\\/\\\/www.dt-smart.com\\\/es\\\/producto\\\/premium-touch-digitizer-and-lcd-assembly-compatible-with-ipad-3-a1416-a1430-a1403\\\/#primaryimage\"},\"thumbnailUrl\":\"https:\\\/\\\/www.dt-smart.com\\\/wp-content\\\/uploads\\\/2025\\\/07\\\/iPad3-2.webp\",\"datePublished\":\"2025-07-03T02:37:40+00:00\",\"dateModified\":\"2026-01-14T02:26:10+00:00\",\"description\":\"iPad 3 (A1416\\\/A1430\\\/A1403) Premium Touch Digitizer & LCD Assembly Replacement - Retina Display with High Resolution - Anti-Fingerprint & Durable - OEM Grade - Quality Guaranteed - Fast Shipping\",\"breadcrumb\":{\"@id\":\"https:\\\/\\\/www.dt-smart.com\\\/es\\\/producto\\\/premium-touch-digitizer-and-lcd-assembly-compatible-with-ipad-3-a1416-a1430-a1403\\\/#breadcrumb\"},\"inLanguage\":\"de\",\"potentialAction\":[{\"@type\":\"ReadAction\",\"target\":[\"https:\\\/\\\/www.dt-smart.com\\\/es\\\/producto\\\/premium-touch-digitizer-and-lcd-assembly-compatible-with-ipad-3-a1416-a1430-a1403\\\/\"]}]},{\"@type\":\"ImageObject\",\"inLanguage\":\"de\",\"@id\":\"https:\\\/\\\/www.dt-smart.com\\\/es\\\/producto\\\/premium-touch-digitizer-and-lcd-assembly-compatible-with-ipad-3-a1416-a1430-a1403\\\/#primaryimage\",\"url\":\"https:\\\/\\\/www.dt-smart.com\\\/wp-content\\\/uploads\\\/2025\\\/07\\\/iPad3-2.webp\",\"contentUrl\":\"https:\\\/\\\/www.dt-smart.com\\\/wp-content\\\/uploads\\\/2025\\\/07\\\/iPad3-2.webp\",\"width\":800,\"height\":800},{\"@type\":\"BreadcrumbList\",\"@id\":\"https:\\\/\\\/www.dt-smart.com\\\/es\\\/producto\\\/premium-touch-digitizer-and-lcd-assembly-compatible-with-ipad-3-a1416-a1430-a1403\\\/#breadcrumb\",\"itemListElement\":[{\"@type\":\"ListItem\",\"position\":1,\"name\":\"Home\",\"item\":\"https:\\\/\\\/www.dt-smart.com\\\/\"},{\"@type\":\"ListItem\",\"position\":2,\"name\":\"Product\",\"item\":\"https:\\\/\\\/www.dt-smart.com\\\/ru\\\/product\\\/\"},{\"@type\":\"ListItem\",\"position\":3,\"name\":\"iPad 3 (A1416\\\/A1430\\\/A1403) Premium Touch Digitizer &#038; LCD Assembly Replacement &#8211; Retina Display with High Resolution &#8211; Anti-Fingerprint &#038; Durable &#8211; OEM Grade &#8211; Quality Guaranteed &#8211; Fast Shipping\"}]},{\"@type\":\"WebSite\",\"@id\":\"https:\\\/\\\/www.dt-smart.com\\\/#website\",\"url\":\"https:\\\/\\\/www.dt-smart.com\\\/\",\"name\":\"InsurePart\",\"description\":\"Cell Phone Repair Parts; iPhone Parts Wholesale;Samsung Parts Supplier\",\"potentialAction\":[{\"@type\":\"SearchAction\",\"target\":{\"@type\":\"EntryPoint\",\"urlTemplate\":\"https:\\\/\\\/www.dt-smart.com\\\/?s={search_term_string}\"},\"query-input\":{\"@type\":\"PropertyValueSpecification\",\"valueRequired\":true,\"valueName\":\"search_term_string\"}}],\"inLanguage\":\"de\"}]}<\/script>\n<!-- \/ Yoast SEO plugin. -->","yoast_head_json":{"title":"iPad 3 (A1416\/A1430\/A1403) Premium Touch Digitizer & LCD Assembly Replacement - Retina Display with High Resolution - Anti-Fingerprint & Durable - OEM Grade - Quality Guaranteed - Fast Shipping - InsurePart","description":"Premium-Touch-Digitizer &amp; LCD-Einheit f\u00fcr iPad 3 (A1416\/A1430\/A1403) \u2013 Retina-Display mit hoher Aufl\u00f6sung \u2013 Anti-Fingerprint &amp; langlebig \u2013 Erstausr\u00fcsterqualit\u00e4t \u2013 Qualit\u00e4tsgarantie \u2013 Schneller Versand","robots":{"index":"index","follow":"follow","max-snippet":"max-snippet:-1","max-image-preview":"max-image-preview:large","max-video-preview":"max-video-preview:-1"},"canonical":"https:\/\/www.dt-smart.com\/de\/producto\/premium-touch-digitizer-and-lcd-assembly-compatible-with-ipad-3-a1416-a1430-a1403\/","og_locale":"de_DE","og_type":"article","og_title":"iPad 3 (A1416\/A1430\/A1403) Premium Touch Digitizer & LCD Assembly Replacement - Retina Display with High Resolution - Anti-Fingerprint & Durable - OEM Grade - Quality Guaranteed - Fast Shipping - InsurePart","og_description":"iPad 3 (A1416\/A1430\/A1403) Premium Touch Digitizer & LCD Assembly Replacement - Retina Display with High Resolution - Anti-Fingerprint & Durable - OEM Grade - Quality Guaranteed - Fast Shipping","og_url":"https:\/\/www.dt-smart.com\/de\/producto\/premium-touch-digitizer-and-lcd-assembly-compatible-with-ipad-3-a1416-a1430-a1403\/","og_site_name":"InsurePart","article_publisher":"https:\/\/www.facebook.com\/anjinleeEva","article_modified_time":"2026-01-14T02:26:10+00:00","og_image":[{"width":800,"height":800,"url":"https:\/\/www.dt-smart.com\/wp-content\/uploads\/2025\/07\/iPad3-2.webp","type":"image\/webp"}],"twitter_card":"summary_large_image","twitter_misc":{"Gesch\u00e4tzte Lesezeit":"1\u00a0Minute"},"schema":{"@context":"https:\/\/schema.org","@graph":[{"@type":"WebPage","@id":"https:\/\/www.dt-smart.com\/es\/producto\/premium-touch-digitizer-and-lcd-assembly-compatible-with-ipad-3-a1416-a1430-a1403\/","url":"https:\/\/www.dt-smart.com\/es\/producto\/premium-touch-digitizer-and-lcd-assembly-compatible-with-ipad-3-a1416-a1430-a1403\/","name":"iPad 3 (A1416\/A1430\/A1403) Premium Touch Digitizer & LCD Assembly Replacement - Retina Display with High Resolution - Anti-Fingerprint & Durable - OEM Grade - Quality Guaranteed - Fast Shipping - InsurePart","isPartOf":{"@id":"https:\/\/www.dt-smart.com\/#website"},"primaryImageOfPage":{"@id":"https:\/\/www.dt-smart.com\/es\/producto\/premium-touch-digitizer-and-lcd-assembly-compatible-with-ipad-3-a1416-a1430-a1403\/#primaryimage"},"image":{"@id":"https:\/\/www.dt-smart.com\/es\/producto\/premium-touch-digitizer-and-lcd-assembly-compatible-with-ipad-3-a1416-a1430-a1403\/#primaryimage"},"thumbnailUrl":"https:\/\/www.dt-smart.com\/wp-content\/uploads\/2025\/07\/iPad3-2.webp","datePublished":"2025-07-03T02:37:40+00:00","dateModified":"2026-01-14T02:26:10+00:00","description":"Premium-Touch-Digitizer &amp; LCD-Einheit f\u00fcr iPad 3 (A1416\/A1430\/A1403) \u2013 Retina-Display mit hoher Aufl\u00f6sung \u2013 Anti-Fingerprint &amp; langlebig \u2013 Erstausr\u00fcsterqualit\u00e4t \u2013 Qualit\u00e4tsgarantie \u2013 Schneller Versand","breadcrumb":{"@id":"https:\/\/www.dt-smart.com\/es\/producto\/premium-touch-digitizer-and-lcd-assembly-compatible-with-ipad-3-a1416-a1430-a1403\/#breadcrumb"},"inLanguage":"de","potentialAction":[{"@type":"ReadAction","target":["https:\/\/www.dt-smart.com\/es\/producto\/premium-touch-digitizer-and-lcd-assembly-compatible-with-ipad-3-a1416-a1430-a1403\/"]}]},{"@type":"ImageObject","inLanguage":"de","@id":"https:\/\/www.dt-smart.com\/es\/producto\/premium-touch-digitizer-and-lcd-assembly-compatible-with-ipad-3-a1416-a1430-a1403\/#primaryimage","url":"https:\/\/www.dt-smart.com\/wp-content\/uploads\/2025\/07\/iPad3-2.webp","contentUrl":"https:\/\/www.dt-smart.com\/wp-content\/uploads\/2025\/07\/iPad3-2.webp","width":800,"height":800},{"@type":"BreadcrumbList","@id":"https:\/\/www.dt-smart.com\/es\/producto\/premium-touch-digitizer-and-lcd-assembly-compatible-with-ipad-3-a1416-a1430-a1403\/#breadcrumb","itemListElement":[{"@type":"ListItem","position":1,"name":"Home","item":"https:\/\/www.dt-smart.com\/"},{"@type":"ListItem","position":2,"name":"Product","item":"https:\/\/www.dt-smart.com\/ru\/product\/"},{"@type":"ListItem","position":3,"name":"iPad 3 (A1416\/A1430\/A1403) Premium Touch Digitizer &#038; LCD Assembly Replacement &#8211; Retina Display with High Resolution &#8211; Anti-Fingerprint &#038; Durable &#8211; OEM Grade &#8211; Quality Guaranteed &#8211; Fast Shipping"}]},{"@type":"WebSite","@id":"https:\/\/www.dt-smart.com\/#website","url":"https:\/\/www.dt-smart.com\/","name":"InsurePart","description":"Handy-Ersatzteile; iPhone-Ersatzteile im Gro\u00dfhandel; Samsung-Ersatzteillieferant","potentialAction":[{"@type":"SearchAction","target":{"@type":"EntryPoint","urlTemplate":"https:\/\/www.dt-smart.com\/?s={search_term_string}"},"query-input":{"@type":"PropertyValueSpecification","valueRequired":true,"valueName":"search_term_string"}}],"inLanguage":"de"}]}},"_links":{"self":[{"href":"https:\/\/www.dt-smart.com\/de\/wp-json\/wp\/v2\/product\/20799","targetHints":{"allow":["GET"]}}],"collection":[{"href":"https:\/\/www.dt-smart.com\/de\/wp-json\/wp\/v2\/product"}],"about":[{"href":"https:\/\/www.dt-smart.com\/de\/wp-json\/wp\/v2\/types\/product"}],"replies":[{"embeddable":true,"href":"https:\/\/www.dt-smart.com\/de\/wp-json\/wp\/v2\/comments?post=20799"}],"version-history":[{"count":3,"href":"https:\/\/www.dt-smart.com\/de\/wp-json\/wp\/v2\/product\/20799\/revisions"}],"predecessor-version":[{"id":24842,"href":"https:\/\/www.dt-smart.com\/de\/wp-json\/wp\/v2\/product\/20799\/revisions\/24842"}],"wp:featuredmedia":[{"embeddable":true,"href":"https:\/\/www.dt-smart.com\/de\/wp-json\/wp\/v2\/media\/20746"}],"wp:attachment":[{"href":"https:\/\/www.dt-smart.com\/de\/wp-json\/wp\/v2\/media?parent=20799"}],"wp:term":[{"taxonomy":"product_brand","embeddable":true,"href":"https:\/\/www.dt-smart.com\/de\/wp-json\/wp\/v2\/product_brand?post=20799"},{"taxonomy":"product_cat","embeddable":true,"href":"https:\/\/www.dt-smart.com\/de\/wp-json\/wp\/v2\/product_cat?post=20799"},{"taxonomy":"product_tag","embeddable":true,"href":"https:\/\/www.dt-smart.com\/de\/wp-json\/wp\/v2\/product_tag?post=20799"}],"curies":[{"name":"wp","href":"https:\/\/api.w.org\/{rel}","templated":true}]}}